{"id":82439,"date":"2023-12-15T16:07:48","date_gmt":"2023-12-15T15:07:48","guid":{"rendered":"https:\/\/15131.p.syniva.es\/envios\/"},"modified":"2024-09-30T13:01:52","modified_gmt":"2024-09-30T11:01:52","slug":"envios","status":"publish","type":"page","link":"https:\/\/15131.p.syniva.es\/de\/envios\/","title":{"rendered":"Versand"},"content":{"rendered":"\n<p>VERSAND UND LIEFERZEIT FLUGDIENST<\/p>\n\n\n\n<p>Die Versandkosten werden im Warenkorb unter Ber\u00fccksichtigung beider Produkte berechnet<\/p>\n\n\n\n<p>als Lieferadresse ausgew\u00e4hlt. So k\u00f6nnen Sie den Gesamtbetrag einschlie\u00dflich der Versandkosten erfahren, bevor Sie Ihren Kauf abschlie\u00dfen. So garantieren wir Transparenz und den besten, an Ihre Bed\u00fcrfnisse angepassten Tarif. Entdecken Sie unsere Produkte und erfahren Sie die Versandkosten am Ende Ihres Kaufs! Bei Fragen stehen wir Ihnen gerne jederzeit zur Verf\u00fcgung.<\/p>\n\n\n\n<p>Die Lieferzeit kann je nach Zielland variieren, betr\u00e4gt jedoch im Allgemeinen zwischen 3 und 5 Werktagen.<\/p>\n\n\n\n<p>WICHTIGE \u00dcBERLEGUNGEN:<\/p>\n\n\n\n<p>Alle zus\u00e4tzlichen Kosten aufgrund der Zollabwicklung gehen zu Lasten des Kunden. Das Unternehmen ist nicht f\u00fcr etwaige Einfuhrz\u00f6lle verantwortlich, die m\u00f6glicherweise auf die Sendung erhoben werden. F\u00fcr den Fall, dass die Bestellung am Bestimmungsort abgelehnt wird, wird Revolution Padel Store versuchen, die Sendung zur\u00fcckzuholen und dabei die Versand-, R\u00fccksende-, Zoll- und sonstigen Kosten, die m\u00f6glicherweise entstehen, an den Kunden weitergeben.<\/p>\n\n\n\n<p>Schritte, die im Falle eines Unfalls zu befolgen sind<\/p>\n\n\n\n<p>Wenn Sie nach Erhalt der Bestellung Sch\u00e4den an der Verpackung, falsche Produkte oder Probleme mit Ihrer Bestellung aufgrund des Transports bemerken, kontaktieren Sie uns bitte innerhalb von 24 Stunden nach Erhalt.<\/p>\n\n\n\n<p>24 Stunden nach dem Vorfall lehnt die Versicherungsgesellschaft jeden Anspruch gem\u00e4\u00df Artikel 366 des Handelsgesetzbuchs ab.\u201c<\/p>\n\n\n\n<p>Sie k\u00f6nnen sich direkt an unser Kundendienstzentrum wenden: support@15131.p.syniva.es mit Fotos der Verpackung, des Schadens und des Versandetiketts.<\/p>\n","protected":false},"excerpt":{"rendered":"<p>VERSAND UND LIEFERZEIT FLUGDIENST Die Versandkosten werden im Warenkorb unter Ber\u00fccksichtigung beider Produkte berechnet als Lieferadresse ausgew\u00e4hlt. So k\u00f6nnen Sie den Gesamtbetrag einschlie\u00dflich der Versandkosten erfahren, bevor Sie Ihren Kauf abschlie\u00dfen. So garantieren wir Transparenz und den besten, an Ihre Bed\u00fcrfnisse angepassten Tarif. Entdecken Sie unsere Produkte und erfahren Sie die Versandkosten am Ende Ihres [&hellip;]<\/p>\n","protected":false},"author":1,"featured_media":0,"parent":0,"menu_order":0,"comment_status":"closed","ping_status":"closed","template":"legal.php","meta":{"_acf_changed":false,"_joinchat":[],"footnotes":""},"class_list":["post-82439","page","type-page","status-publish","hentry"],"acf":[],"yoast_head":"<!-- This site is optimized with the Yoast SEO plugin v27.3 - https:\/\/yoast.com\/product\/yoast-seo-wordpress\/ -->\n<title>Versand - Revolution Padel Store<\/title>\n<meta name=\"robots\" content=\"index, follow, max-snippet:-1, max-image-preview:large, max-video-preview:-1\" \/>\n<link rel=\"canonical\" href=\"https:\/\/15131.p.syniva.es\/de\/envios\/\" \/>\n<meta property=\"og:locale\" content=\"de_DE\" \/>\n<meta property=\"og:type\" content=\"article\" \/>\n<meta property=\"og:title\" content=\"Versand - Revolution Padel Store\" \/>\n<meta property=\"og:description\" content=\"VERSAND UND LIEFERZEIT FLUGDIENST Die Versandkosten werden im Warenkorb unter Ber\u00fccksichtigung beider Produkte berechnet als Lieferadresse ausgew\u00e4hlt. So k\u00f6nnen Sie den Gesamtbetrag einschlie\u00dflich der Versandkosten erfahren, bevor Sie Ihren Kauf abschlie\u00dfen. So garantieren wir Transparenz und den besten, an Ihre Bed\u00fcrfnisse angepassten Tarif. Entdecken Sie unsere Produkte und erfahren Sie die Versandkosten am Ende Ihres [&hellip;]\" \/>\n<meta property=\"og:url\" content=\"https:\/\/15131.p.syniva.es\/de\/envios\/\" \/>\n<meta property=\"og:site_name\" content=\"Revolution Padel Store\" \/>\n<meta property=\"article:modified_time\" content=\"2024-09-30T11:01:52+00:00\" \/>\n<meta property=\"og:image\" content=\"https:\/\/15131.p.syniva.es\/wp-content\/uploads\/2026\/02\/revolution-padel-store.jpg\" \/>\n\t<meta property=\"og:image:width\" content=\"2000\" \/>\n\t<meta property=\"og:image:height\" content=\"2000\" \/>\n\t<meta property=\"og:image:type\" content=\"image\/jpeg\" \/>\n<meta name=\"twitter:card\" content=\"summary_large_image\" \/>\n<meta name=\"twitter:label1\" content=\"Gesch\u00e4tzte Lesezeit\" \/>\n\t<meta name=\"twitter:data1\" content=\"1\u00a0Minute\" \/>\n<script type=\"application\/ld+json\" class=\"yoast-schema-graph\">{\"@context\":\"https:\\\/\\\/schema.org\",\"@graph\":[{\"@type\":\"WebPage\",\"@id\":\"https:\\\/\\\/15131.p.syniva.es\\\/de\\\/envios\\\/\",\"url\":\"https:\\\/\\\/15131.p.syniva.es\\\/de\\\/envios\\\/\",\"name\":\"Versand - Revolution Padel Store\",\"isPartOf\":{\"@id\":\"https:\\\/\\\/15131.p.syniva.es\\\/de\\\/#website\"},\"datePublished\":\"2023-12-15T15:07:48+00:00\",\"dateModified\":\"2024-09-30T11:01:52+00:00\",\"breadcrumb\":{\"@id\":\"https:\\\/\\\/15131.p.syniva.es\\\/de\\\/envios\\\/#breadcrumb\"},\"inLanguage\":\"de\",\"potentialAction\":[{\"@type\":\"ReadAction\",\"target\":[\"https:\\\/\\\/15131.p.syniva.es\\\/de\\\/envios\\\/\"]}]},{\"@type\":\"BreadcrumbList\",\"@id\":\"https:\\\/\\\/15131.p.syniva.es\\\/de\\\/envios\\\/#breadcrumb\",\"itemListElement\":[{\"@type\":\"ListItem\",\"position\":1,\"name\":\"Portada\",\"item\":\"https:\\\/\\\/15131.p.syniva.es\\\/de\\\/\"},{\"@type\":\"ListItem\",\"position\":2,\"name\":\"Versand\"}]},{\"@type\":\"WebSite\",\"@id\":\"https:\\\/\\\/15131.p.syniva.es\\\/de\\\/#website\",\"url\":\"https:\\\/\\\/15131.p.syniva.es\\\/de\\\/\",\"name\":\"Revolution Padel Store\",\"description\":\"\",\"publisher\":{\"@id\":\"https:\\\/\\\/15131.p.syniva.es\\\/de\\\/#organization\"},\"potentialAction\":[{\"@type\":\"SearchAction\",\"target\":{\"@type\":\"EntryPoint\",\"urlTemplate\":\"https:\\\/\\\/15131.p.syniva.es\\\/de\\\/?s={search_term_string}\"},\"query-input\":{\"@type\":\"PropertyValueSpecification\",\"valueRequired\":true,\"valueName\":\"search_term_string\"}}],\"inLanguage\":\"de\"},{\"@type\":\"Organization\",\"@id\":\"https:\\\/\\\/15131.p.syniva.es\\\/de\\\/#organization\",\"name\":\"Revolution Padel Store\",\"url\":\"https:\\\/\\\/15131.p.syniva.es\\\/de\\\/\",\"logo\":{\"@type\":\"ImageObject\",\"inLanguage\":\"de\",\"@id\":\"https:\\\/\\\/15131.p.syniva.es\\\/de\\\/#\\\/schema\\\/logo\\\/image\\\/\",\"url\":\"https:\\\/\\\/15131.p.syniva.es\\\/wp-content\\\/uploads\\\/2026\\\/02\\\/revolution-padel-store.jpg\",\"contentUrl\":\"https:\\\/\\\/15131.p.syniva.es\\\/wp-content\\\/uploads\\\/2026\\\/02\\\/revolution-padel-store.jpg\",\"width\":2000,\"height\":2000,\"caption\":\"Revolution Padel Store\"},\"image\":{\"@id\":\"https:\\\/\\\/15131.p.syniva.es\\\/de\\\/#\\\/schema\\\/logo\\\/image\\\/\"},\"sameAs\":[\"https:\\\/\\\/www.instagram.com\\\/revolutionpadelstore\\\/\"]}]}<\/script>\n<!-- \/ Yoast SEO plugin. -->","yoast_head_json":{"title":"Versand - Revolution Padel Store","robots":{"index":"index","follow":"follow","max-snippet":"max-snippet:-1","max-image-preview":"max-image-preview:large","max-video-preview":"max-video-preview:-1"},"canonical":"https:\/\/15131.p.syniva.es\/de\/envios\/","og_locale":"de_DE","og_type":"article","og_title":"Versand - Revolution Padel Store","og_description":"VERSAND UND LIEFERZEIT FLUGDIENST Die Versandkosten werden im Warenkorb unter Ber\u00fccksichtigung beider Produkte berechnet als Lieferadresse ausgew\u00e4hlt. So k\u00f6nnen Sie den Gesamtbetrag einschlie\u00dflich der Versandkosten erfahren, bevor Sie Ihren Kauf abschlie\u00dfen. So garantieren wir Transparenz und den besten, an Ihre Bed\u00fcrfnisse angepassten Tarif. Entdecken Sie unsere Produkte und erfahren Sie die Versandkosten am Ende Ihres [&hellip;]","og_url":"https:\/\/15131.p.syniva.es\/de\/envios\/","og_site_name":"Revolution Padel Store","article_modified_time":"2024-09-30T11:01:52+00:00","og_image":[{"width":2000,"height":2000,"url":"https:\/\/15131.p.syniva.es\/wp-content\/uploads\/2026\/02\/revolution-padel-store.jpg","type":"image\/jpeg"}],"twitter_card":"summary_large_image","twitter_misc":{"Gesch\u00e4tzte Lesezeit":"1\u00a0Minute"},"schema":{"@context":"https:\/\/schema.org","@graph":[{"@type":"WebPage","@id":"https:\/\/15131.p.syniva.es\/de\/envios\/","url":"https:\/\/15131.p.syniva.es\/de\/envios\/","name":"Versand - Revolution Padel Store","isPartOf":{"@id":"https:\/\/15131.p.syniva.es\/de\/#website"},"datePublished":"2023-12-15T15:07:48+00:00","dateModified":"2024-09-30T11:01:52+00:00","breadcrumb":{"@id":"https:\/\/15131.p.syniva.es\/de\/envios\/#breadcrumb"},"inLanguage":"de","potentialAction":[{"@type":"ReadAction","target":["https:\/\/15131.p.syniva.es\/de\/envios\/"]}]},{"@type":"BreadcrumbList","@id":"https:\/\/15131.p.syniva.es\/de\/envios\/#breadcrumb","itemListElement":[{"@type":"ListItem","position":1,"name":"Portada","item":"https:\/\/15131.p.syniva.es\/de\/"},{"@type":"ListItem","position":2,"name":"Versand"}]},{"@type":"WebSite","@id":"https:\/\/15131.p.syniva.es\/de\/#website","url":"https:\/\/15131.p.syniva.es\/de\/","name":"Revolution Padel Store","description":"","publisher":{"@id":"https:\/\/15131.p.syniva.es\/de\/#organization"},"potentialAction":[{"@type":"SearchAction","target":{"@type":"EntryPoint","urlTemplate":"https:\/\/15131.p.syniva.es\/de\/?s={search_term_string}"},"query-input":{"@type":"PropertyValueSpecification","valueRequired":true,"valueName":"search_term_string"}}],"inLanguage":"de"},{"@type":"Organization","@id":"https:\/\/15131.p.syniva.es\/de\/#organization","name":"Revolution Padel Store","url":"https:\/\/15131.p.syniva.es\/de\/","logo":{"@type":"ImageObject","inLanguage":"de","@id":"https:\/\/15131.p.syniva.es\/de\/#\/schema\/logo\/image\/","url":"https:\/\/15131.p.syniva.es\/wp-content\/uploads\/2026\/02\/revolution-padel-store.jpg","contentUrl":"https:\/\/15131.p.syniva.es\/wp-content\/uploads\/2026\/02\/revolution-padel-store.jpg","width":2000,"height":2000,"caption":"Revolution Padel Store"},"image":{"@id":"https:\/\/15131.p.syniva.es\/de\/#\/schema\/logo\/image\/"},"sameAs":["https:\/\/www.instagram.com\/revolutionpadelstore\/"]}]}},"_links":{"self":[{"href":"https:\/\/15131.p.syniva.es\/de\/wp-json\/wp\/v2\/pages\/82439","targetHints":{"allow":["GET"]}}],"collection":[{"href":"https:\/\/15131.p.syniva.es\/de\/wp-json\/wp\/v2\/pages"}],"about":[{"href":"https:\/\/15131.p.syniva.es\/de\/wp-json\/wp\/v2\/types\/page"}],"author":[{"embeddable":true,"href":"https:\/\/15131.p.syniva.es\/de\/wp-json\/wp\/v2\/users\/1"}],"replies":[{"embeddable":true,"href":"https:\/\/15131.p.syniva.es\/de\/wp-json\/wp\/v2\/comments?post=82439"}],"version-history":[{"count":1,"href":"https:\/\/15131.p.syniva.es\/de\/wp-json\/wp\/v2\/pages\/82439\/revisions"}],"predecessor-version":[{"id":82440,"href":"https:\/\/15131.p.syniva.es\/de\/wp-json\/wp\/v2\/pages\/82439\/revisions\/82440"}],"wp:attachment":[{"href":"https:\/\/15131.p.syniva.es\/de\/wp-json\/wp\/v2\/media?parent=82439"}],"curies":[{"name":"wp","href":"https:\/\/api.w.org\/{rel}","templated":true}]}}