{"id":13641,"date":"2024-04-22T15:25:28","date_gmt":"2024-04-22T13:25:28","guid":{"rendered":"https:\/\/15131.p.syniva.es\/wilson-bela-lt-v2-blanco\/"},"modified":"2026-04-08T11:32:31","modified_gmt":"2026-04-08T09:32:31","slug":"wilson-bela-lt-v2-blanco-1","status":"publish","type":"product","link":"https:\/\/15131.p.syniva.es\/de\/produkt\/wilson-bela-lt-v2-blanco-1\/","title":{"rendered":"WILSON BELA LT V2 BLANCO"},"content":{"rendered":"<p>Kaufen Sie den WILSON BELA LT V2 WHITE Padelschl\u00e4ger im Revolution Padel Store und erleben Sie die Kraft und Pr\u00e4zision, die Ihnen nur dieser Schl\u00e4ger bieten kann. Dieser ausgewogene, rautenf\u00f6rmige Schl\u00e4ger wurde in Zusammenarbeit mit dem legend\u00e4ren Spieler Fernando Belasteguin entwickelt und ist ideal f\u00fcr erwachsene Spieler, die einen kraftvollen und pr\u00e4zisen Spielstil suchen.<\/p>\n<p> Mit seinen mehrdimensionalen L\u00f6chern und seinem Rahmen mit 3KCarbonFace-Technologie ist der WILSON BELA LT V2 WHITE ein unzerbrechlicher Schl\u00e4ger, perfekt f\u00fcr Profis oder diejenigen, die bei ihren Padel-Spielen H\u00f6chstleistungen anstreben. Dar\u00fcber hinaus erleichtert das SpinEffect-System auf den glatten Schlagfl\u00e4chen die Ausf\u00fchrung von Topspin-Schl\u00e4gen und \u00fcberrascht Ihre Gegner mit Ihrem Spiel.<\/p>\n<p> Aber nicht nur seine Leistung ist beeindruckend, sondern auch sein Design. Mit einem mattwei\u00dfen Schl\u00e4gerkopf und der Aufschrift \u201eWILSON\u201c in gl\u00e4nzendem Schwarz tr\u00e4gt dieser Schl\u00e4ger Belasteguins Unterschrift auf der Vorderseite und das ikonische \u201eW\u201c der Marke in mattrot an den R\u00e4ndern. Sein superabsorbierender Vinylgriff sorgt f\u00fcr einen festen, schwei\u00dffreien Halt, sodass Sie sich auf Ihr Spiel konzentrieren k\u00f6nnen.<\/p>\n<p> Warten Sie nicht l\u00e4nger und kaufen Sie den WILSON BELA LT V2 WHITE Padelschl\u00e4ger im Revolution Padel Store, dem auf hochwertige Padelprodukte spezialisierten Gesch\u00e4ft. Entdecken Sie, warum dieser Padelschl\u00e4ger die Wahl der besten Spieler ist, und verbessern Sie Ihr Spiel in jedem Spiel. Hol es dir jetzt und werde ein wahrer Champion auf der Rennstrecke!<\/p>\n","protected":false},"excerpt":{"rendered":"<p>Entdecken Sie den WILSON BELA LT V2 WHITE Padelschl\u00e4ger mit exklusivem Design und idealen Eigenschaften f\u00fcr kraftvolle und pr\u00e4zise Spieler. Kaufen Sie im Revolution Padel Store!<\/p>\n","protected":false},"featured_media":35664,"comment_status":"closed","ping_status":"closed","template":"","meta":{"_acf_changed":false,"_joinchat":[]},"acabado":[],"balance":[],"dureza":[],"forma":[],"jugador":[1194],"marca":[1264],"nivel-de-juego":[],"superficie":[],"tipo-de-juego":[],"product_brand":[],"product_cat":[299],"product_tag":[],"class_list":{"0":"post-13641","1":"product","2":"type-product","3":"status-publish","4":"has-post-thumbnail","6":"jugador-frau","7":"marca-wilson-de","8":"product_cat-palas-de-padel-de","10":"first","11":"outofstock","12":"sale","13":"taxable","14":"shipping-taxable","15":"purchasable","16":"product-type-simple"},"acf":[],"yoast_head":"<!-- This site is optimized with the Yoast SEO plugin v27.4 - https:\/\/yoast.com\/product\/yoast-seo-wordpress\/ -->\n<title>WILSON BELA LT V2 BLANCO - Revolution Padel Store<\/title>\n<meta name=\"description\" content=\"Descubre la pala de p\u00e1del WILSON BELA LT V2 BLANCO con dise\u00f1o exclusivo y caracter\u00edsticas ideales para jugadores potentes y precisos. \u00a1Compra en Revolution Padel Store!\" \/>\n<meta name=\"robots\" content=\"index, follow, max-snippet:-1, max-image-preview:large, max-video-preview:-1\" \/>\n<link rel=\"canonical\" href=\"https:\/\/15131.p.syniva.es\/de\/produkt\/wilson-bela-lt-v2-blanco-1\/\" \/>\n<meta property=\"og:locale\" content=\"de_DE\" \/>\n<meta property=\"og:type\" content=\"article\" \/>\n<meta property=\"og:title\" content=\"WILSON BELA LT V2 BLANCO - Revolution Padel Store\" \/>\n<meta property=\"og:description\" content=\"Descubre la pala de p\u00e1del WILSON BELA LT V2 BLANCO con dise\u00f1o exclusivo y caracter\u00edsticas ideales para jugadores potentes y precisos. \u00a1Compra en Revolution Padel Store!\" \/>\n<meta property=\"og:url\" content=\"https:\/\/15131.p.syniva.es\/de\/produkt\/wilson-bela-lt-v2-blanco-1\/\" \/>\n<meta property=\"og:site_name\" content=\"Revolution Padel Store\" \/>\n<meta property=\"article:modified_time\" content=\"2026-04-08T09:32:31+00:00\" \/>\n<meta property=\"og:image\" content=\"https:\/\/15131.p.syniva.es\/wp-content\/uploads\/2024\/04\/105137-P-0-4.jpg\" \/>\n\t<meta property=\"og:image:width\" content=\"1000\" \/>\n\t<meta property=\"og:image:height\" content=\"1000\" \/>\n\t<meta property=\"og:image:type\" content=\"image\/png\" \/>\n<meta name=\"twitter:card\" content=\"summary_large_image\" \/>\n<meta name=\"twitter:label1\" content=\"Gesch\u00e4tzte Lesezeit\" \/>\n\t<meta name=\"twitter:data1\" content=\"1\u00a0Minute\" \/>\n<script type=\"application\/ld+json\" class=\"yoast-schema-graph\">{\"@context\":\"https:\\\/\\\/schema.org\",\"@graph\":[{\"@type\":\"WebPage\",\"@id\":\"https:\\\/\\\/15131.p.syniva.es\\\/de\\\/produkt\\\/wilson-bela-lt-v2-blanco-1\\\/\",\"url\":\"https:\\\/\\\/15131.p.syniva.es\\\/de\\\/produkt\\\/wilson-bela-lt-v2-blanco-1\\\/\",\"name\":\"WILSON BELA LT V2 BLANCO - Revolution Padel Store\",\"isPartOf\":{\"@id\":\"https:\\\/\\\/15131.p.syniva.es\\\/de\\\/#website\"},\"primaryImageOfPage\":{\"@id\":\"https:\\\/\\\/15131.p.syniva.es\\\/de\\\/produkt\\\/wilson-bela-lt-v2-blanco-1\\\/#primaryimage\"},\"image\":{\"@id\":\"https:\\\/\\\/15131.p.syniva.es\\\/de\\\/produkt\\\/wilson-bela-lt-v2-blanco-1\\\/#primaryimage\"},\"thumbnailUrl\":\"https:\\\/\\\/15131.p.syniva.es\\\/wp-content\\\/uploads\\\/2024\\\/04\\\/105137-P-0-4.jpg\",\"datePublished\":\"2024-04-22T13:25:28+00:00\",\"dateModified\":\"2026-04-08T09:32:31+00:00\",\"description\":\"Descubre la pala de p\u00e1del WILSON BELA LT V2 BLANCO con dise\u00f1o exclusivo y caracter\u00edsticas ideales para jugadores potentes y precisos. \u00a1Compra en Revolution Padel Store!\",\"breadcrumb\":{\"@id\":\"https:\\\/\\\/15131.p.syniva.es\\\/de\\\/produkt\\\/wilson-bela-lt-v2-blanco-1\\\/#breadcrumb\"},\"inLanguage\":\"de\",\"potentialAction\":[{\"@type\":\"ReadAction\",\"target\":[\"https:\\\/\\\/15131.p.syniva.es\\\/de\\\/produkt\\\/wilson-bela-lt-v2-blanco-1\\\/\"]}]},{\"@type\":\"ImageObject\",\"inLanguage\":\"de\",\"@id\":\"https:\\\/\\\/15131.p.syniva.es\\\/de\\\/produkt\\\/wilson-bela-lt-v2-blanco-1\\\/#primaryimage\",\"url\":\"https:\\\/\\\/15131.p.syniva.es\\\/wp-content\\\/uploads\\\/2024\\\/04\\\/105137-P-0-4.jpg\",\"contentUrl\":\"https:\\\/\\\/15131.p.syniva.es\\\/wp-content\\\/uploads\\\/2024\\\/04\\\/105137-P-0-4.jpg\",\"width\":1000,\"height\":1000},{\"@type\":\"BreadcrumbList\",\"@id\":\"https:\\\/\\\/15131.p.syniva.es\\\/de\\\/produkt\\\/wilson-bela-lt-v2-blanco-1\\\/#breadcrumb\",\"itemListElement\":[{\"@type\":\"ListItem\",\"position\":1,\"name\":\"Portada\",\"item\":\"https:\\\/\\\/15131.p.syniva.es\\\/de\\\/\"},{\"@type\":\"ListItem\",\"position\":2,\"name\":\"Shop\",\"item\":\"https:\\\/\\\/15131.p.syniva.es\\\/de\\\/tienda\\\/\"},{\"@type\":\"ListItem\",\"position\":3,\"name\":\"WILSON BELA LT V2 BLANCO\"}]},{\"@type\":\"WebSite\",\"@id\":\"https:\\\/\\\/15131.p.syniva.es\\\/de\\\/#website\",\"url\":\"https:\\\/\\\/15131.p.syniva.es\\\/de\\\/\",\"name\":\"Revolution Padel Store\",\"description\":\"\",\"publisher\":{\"@id\":\"https:\\\/\\\/15131.p.syniva.es\\\/de\\\/#organization\"},\"potentialAction\":[{\"@type\":\"SearchAction\",\"target\":{\"@type\":\"EntryPoint\",\"urlTemplate\":\"https:\\\/\\\/15131.p.syniva.es\\\/de\\\/?s={search_term_string}\"},\"query-input\":{\"@type\":\"PropertyValueSpecification\",\"valueRequired\":true,\"valueName\":\"search_term_string\"}}],\"inLanguage\":\"de\"},{\"@type\":\"Organization\",\"@id\":\"https:\\\/\\\/15131.p.syniva.es\\\/de\\\/#organization\",\"name\":\"Revolution Padel Store\",\"url\":\"https:\\\/\\\/15131.p.syniva.es\\\/de\\\/\",\"logo\":{\"@type\":\"ImageObject\",\"inLanguage\":\"de\",\"@id\":\"https:\\\/\\\/15131.p.syniva.es\\\/de\\\/#\\\/schema\\\/logo\\\/image\\\/\",\"url\":\"https:\\\/\\\/15131.p.syniva.es\\\/wp-content\\\/uploads\\\/2026\\\/02\\\/revolution-padel-store.jpg\",\"contentUrl\":\"https:\\\/\\\/15131.p.syniva.es\\\/wp-content\\\/uploads\\\/2026\\\/02\\\/revolution-padel-store.jpg\",\"width\":2000,\"height\":2000,\"caption\":\"Revolution Padel Store\"},\"image\":{\"@id\":\"https:\\\/\\\/15131.p.syniva.es\\\/de\\\/#\\\/schema\\\/logo\\\/image\\\/\"},\"sameAs\":[\"https:\\\/\\\/www.instagram.com\\\/revolutionpadelstore\\\/\"]}]}<\/script>\n<!-- \/ Yoast SEO plugin. -->","yoast_head_json":{"title":"WILSON BELA LT V2 BLANCO - Revolution Padel Store","description":"Descubre la pala de p\u00e1del WILSON BELA LT V2 BLANCO con dise\u00f1o exclusivo y caracter\u00edsticas ideales para jugadores potentes y precisos. \u00a1Compra en Revolution Padel Store!","robots":{"index":"index","follow":"follow","max-snippet":"max-snippet:-1","max-image-preview":"max-image-preview:large","max-video-preview":"max-video-preview:-1"},"canonical":"https:\/\/15131.p.syniva.es\/de\/produkt\/wilson-bela-lt-v2-blanco-1\/","og_locale":"de_DE","og_type":"article","og_title":"WILSON BELA LT V2 BLANCO - Revolution Padel Store","og_description":"Descubre la pala de p\u00e1del WILSON BELA LT V2 BLANCO con dise\u00f1o exclusivo y caracter\u00edsticas ideales para jugadores potentes y precisos. \u00a1Compra en Revolution Padel Store!","og_url":"https:\/\/15131.p.syniva.es\/de\/produkt\/wilson-bela-lt-v2-blanco-1\/","og_site_name":"Revolution Padel Store","article_modified_time":"2026-04-08T09:32:31+00:00","og_image":[{"width":1000,"height":1000,"url":"https:\/\/15131.p.syniva.es\/wp-content\/uploads\/2024\/04\/105137-P-0-4.jpg","type":"image\/png"}],"twitter_card":"summary_large_image","twitter_misc":{"Gesch\u00e4tzte Lesezeit":"1\u00a0Minute"},"schema":{"@context":"https:\/\/schema.org","@graph":[{"@type":"WebPage","@id":"https:\/\/15131.p.syniva.es\/de\/produkt\/wilson-bela-lt-v2-blanco-1\/","url":"https:\/\/15131.p.syniva.es\/de\/produkt\/wilson-bela-lt-v2-blanco-1\/","name":"WILSON BELA LT V2 BLANCO - Revolution Padel Store","isPartOf":{"@id":"https:\/\/15131.p.syniva.es\/de\/#website"},"primaryImageOfPage":{"@id":"https:\/\/15131.p.syniva.es\/de\/produkt\/wilson-bela-lt-v2-blanco-1\/#primaryimage"},"image":{"@id":"https:\/\/15131.p.syniva.es\/de\/produkt\/wilson-bela-lt-v2-blanco-1\/#primaryimage"},"thumbnailUrl":"https:\/\/15131.p.syniva.es\/wp-content\/uploads\/2024\/04\/105137-P-0-4.jpg","datePublished":"2024-04-22T13:25:28+00:00","dateModified":"2026-04-08T09:32:31+00:00","description":"Descubre la pala de p\u00e1del WILSON BELA LT V2 BLANCO con dise\u00f1o exclusivo y caracter\u00edsticas ideales para jugadores potentes y precisos. \u00a1Compra en Revolution Padel Store!","breadcrumb":{"@id":"https:\/\/15131.p.syniva.es\/de\/produkt\/wilson-bela-lt-v2-blanco-1\/#breadcrumb"},"inLanguage":"de","potentialAction":[{"@type":"ReadAction","target":["https:\/\/15131.p.syniva.es\/de\/produkt\/wilson-bela-lt-v2-blanco-1\/"]}]},{"@type":"ImageObject","inLanguage":"de","@id":"https:\/\/15131.p.syniva.es\/de\/produkt\/wilson-bela-lt-v2-blanco-1\/#primaryimage","url":"https:\/\/15131.p.syniva.es\/wp-content\/uploads\/2024\/04\/105137-P-0-4.jpg","contentUrl":"https:\/\/15131.p.syniva.es\/wp-content\/uploads\/2024\/04\/105137-P-0-4.jpg","width":1000,"height":1000},{"@type":"BreadcrumbList","@id":"https:\/\/15131.p.syniva.es\/de\/produkt\/wilson-bela-lt-v2-blanco-1\/#breadcrumb","itemListElement":[{"@type":"ListItem","position":1,"name":"Portada","item":"https:\/\/15131.p.syniva.es\/de\/"},{"@type":"ListItem","position":2,"name":"Shop","item":"https:\/\/15131.p.syniva.es\/de\/tienda\/"},{"@type":"ListItem","position":3,"name":"WILSON BELA LT V2 BLANCO"}]},{"@type":"WebSite","@id":"https:\/\/15131.p.syniva.es\/de\/#website","url":"https:\/\/15131.p.syniva.es\/de\/","name":"Revolution Padel Store","description":"","publisher":{"@id":"https:\/\/15131.p.syniva.es\/de\/#organization"},"potentialAction":[{"@type":"SearchAction","target":{"@type":"EntryPoint","urlTemplate":"https:\/\/15131.p.syniva.es\/de\/?s={search_term_string}"},"query-input":{"@type":"PropertyValueSpecification","valueRequired":true,"valueName":"search_term_string"}}],"inLanguage":"de"},{"@type":"Organization","@id":"https:\/\/15131.p.syniva.es\/de\/#organization","name":"Revolution Padel Store","url":"https:\/\/15131.p.syniva.es\/de\/","logo":{"@type":"ImageObject","inLanguage":"de","@id":"https:\/\/15131.p.syniva.es\/de\/#\/schema\/logo\/image\/","url":"https:\/\/15131.p.syniva.es\/wp-content\/uploads\/2026\/02\/revolution-padel-store.jpg","contentUrl":"https:\/\/15131.p.syniva.es\/wp-content\/uploads\/2026\/02\/revolution-padel-store.jpg","width":2000,"height":2000,"caption":"Revolution Padel Store"},"image":{"@id":"https:\/\/15131.p.syniva.es\/de\/#\/schema\/logo\/image\/"},"sameAs":["https:\/\/www.instagram.com\/revolutionpadelstore\/"]}]}},"_links":{"self":[{"href":"https:\/\/15131.p.syniva.es\/de\/wp-json\/wp\/v2\/product\/13641","targetHints":{"allow":["GET"]}}],"collection":[{"href":"https:\/\/15131.p.syniva.es\/de\/wp-json\/wp\/v2\/product"}],"about":[{"href":"https:\/\/15131.p.syniva.es\/de\/wp-json\/wp\/v2\/types\/product"}],"replies":[{"embeddable":true,"href":"https:\/\/15131.p.syniva.es\/de\/wp-json\/wp\/v2\/comments?post=13641"}],"wp:featuredmedia":[{"embeddable":true,"href":"https:\/\/15131.p.syniva.es\/de\/wp-json\/wp\/v2\/media\/35664"}],"wp:attachment":[{"href":"https:\/\/15131.p.syniva.es\/de\/wp-json\/wp\/v2\/media?parent=13641"}],"wp:term":[{"taxonomy":"acabado","embeddable":true,"href":"https:\/\/15131.p.syniva.es\/de\/wp-json\/wp\/v2\/acabado?post=13641"},{"taxonomy":"balance","embeddable":true,"href":"https:\/\/15131.p.syniva.es\/de\/wp-json\/wp\/v2\/balance?post=13641"},{"taxonomy":"dureza","embeddable":true,"href":"https:\/\/15131.p.syniva.es\/de\/wp-json\/wp\/v2\/dureza?post=13641"},{"taxonomy":"forma","embeddable":true,"href":"https:\/\/15131.p.syniva.es\/de\/wp-json\/wp\/v2\/forma?post=13641"},{"taxonomy":"jugador","embeddable":true,"href":"https:\/\/15131.p.syniva.es\/de\/wp-json\/wp\/v2\/jugador?post=13641"},{"taxonomy":"marca","embeddable":true,"href":"https:\/\/15131.p.syniva.es\/de\/wp-json\/wp\/v2\/marca?post=13641"},{"taxonomy":"nivel-de-juego","embeddable":true,"href":"https:\/\/15131.p.syniva.es\/de\/wp-json\/wp\/v2\/nivel-de-juego?post=13641"},{"taxonomy":"superficie","embeddable":true,"href":"https:\/\/15131.p.syniva.es\/de\/wp-json\/wp\/v2\/superficie?post=13641"},{"taxonomy":"tipo-de-juego","embeddable":true,"href":"https:\/\/15131.p.syniva.es\/de\/wp-json\/wp\/v2\/tipo-de-juego?post=13641"},{"taxonomy":"product_brand","embeddable":true,"href":"https:\/\/15131.p.syniva.es\/de\/wp-json\/wp\/v2\/product_brand?post=13641"},{"taxonomy":"product_cat","embeddable":true,"href":"https:\/\/15131.p.syniva.es\/de\/wp-json\/wp\/v2\/product_cat?post=13641"},{"taxonomy":"product_tag","embeddable":true,"href":"https:\/\/15131.p.syniva.es\/de\/wp-json\/wp\/v2\/product_tag?post=13641"}],"curies":[{"name":"wp","href":"https:\/\/api.w.org\/{rel}","templated":true}]}}