{"id":13771,"date":"2024-04-22T15:25:14","date_gmt":"2024-04-22T13:25:14","guid":{"rendered":"https:\/\/15131.p.syniva.es\/starvie-eclipta-2024\/"},"modified":"2026-04-08T11:48:23","modified_gmt":"2026-04-08T09:48:23","slug":"starvie-eclipta-2024-1","status":"publish","type":"product","link":"https:\/\/15131.p.syniva.es\/de\/produkt\/starvie-eclipta-2024-1\/","title":{"rendered":"STARVIE ECLIPTA 2024"},"content":{"rendered":"<p>Im Revolution Padel Store finden Sie die beste Auswahl an Padelschl\u00e4gern auf dem Markt, darunter der unglaubliche Starvie Eclipta 2024. Dieser Schl\u00e4ger aus der Gravity-Reihe der Starvie-Kollektion 2024 ist perfekt f\u00fcr Spieler, die Kontrolle suchen Pr\u00e4zision bei jedem Schlag.<\/p>\n<p> Der Starvie Eclipta 2024 ist ein runder Kontrollschl\u00e4ger mit weichem EVA-Gummi, der ihn ideal f\u00fcr Anf\u00e4nger macht, die die Techniken des Spiels erlernen. Mit einem Gewicht zwischen 350 und 385 Gramm wird dieser Schl\u00e4ger zu 100 % in Spanien mit den besten Materialien und modernster Technologie hergestellt.<\/p>\n<p> Der von professionellen Experten entworfene Starvie Eclipta 2024 ist der perfekte Schl\u00e4ger f\u00fcr Anf\u00e4nger. Dank seines Ultra Speed \u200b\u200b\u200b\u200bSoft-Gummikerns und seines gemischten Glasfaser- und Kohlefaserrohrs k\u00f6nnen Sie mit ihm komfortable Schl\u00e4ge und eine gute Ballausgabe sp\u00fcren.<\/p>\n<p> Dar\u00fcber hinaus verf\u00fcgt dieser Schl\u00e4ger \u00fcber das Reinforcement Torsion System, das eine h\u00f6here Widerstandsf\u00e4higkeit gegen Verdrehungen und Vibrationen bietet, sowie \u00fcber die Xtreme Spot-Technologie, die den Sweet Spot f\u00fcr ein pr\u00e4ziseres Spiel optimiert.<\/p>\n<p> Im Revolution Padel Store finden Sie den Starvie Eclipta 2024 in Wei\u00df, Schwarz und Lila\/Violett. Wir versichern Ihnen, dass Sie in keinem anderen Gesch\u00e4ft einen besseren Kontrollschl\u00e4ger f\u00fcr Anf\u00e4nger finden werden. Warten Sie nicht l\u00e4nger und holen Sie sich Ihr Starvie Eclipta 2024 im Revolution Padel Store!<\/p>\n","protected":false},"excerpt":{"rendered":"<p>Entdecken Sie den Padelschl\u00e4ger STARVIE ECLIPTA 2024 im Revolution Padel Store, perfekt f\u00fcr Anf\u00e4nger. Handlich und hochwertig!<\/p>\n","protected":false},"featured_media":7323,"comment_status":"closed","ping_status":"open","template":"","meta":{"_acf_changed":false,"_joinchat":[]},"acabado":[],"balance":[],"dureza":[],"forma":[],"jugador":[1189,1199],"marca":[1289],"nivel-de-juego":[],"superficie":[],"tipo-de-juego":[],"product_brand":[],"product_cat":[299],"product_tag":[],"class_list":{"0":"post-13771","1":"product","2":"type-product","3":"status-publish","4":"has-post-thumbnail","6":"jugador-mann","7":"jugador-mehrzweck","8":"marca-starvie-de","9":"product_cat-palas-de-padel-de","11":"first","12":"instock","13":"sale","14":"taxable","15":"shipping-taxable","16":"purchasable","17":"product-type-simple"},"acf":[],"yoast_head":"<!-- This site is optimized with the Yoast SEO plugin v27.4 - https:\/\/yoast.com\/product\/yoast-seo-wordpress\/ -->\n<title>STARVIE ECLIPTA 2024 - Revolution Padel Store<\/title>\n<meta name=\"description\" content=\"Descubre la pala de p\u00e1del STARVIE ECLIPTA 2024 en Revolution Padel Store, perfecta para jugadores principiantes. \u00a1Manejable y de gran calidad!\" \/>\n<meta name=\"robots\" content=\"index, follow, max-snippet:-1, max-image-preview:large, max-video-preview:-1\" \/>\n<link rel=\"canonical\" href=\"https:\/\/15131.p.syniva.es\/de\/produkt\/starvie-eclipta-2024-1\/\" \/>\n<meta property=\"og:locale\" content=\"de_DE\" \/>\n<meta property=\"og:type\" content=\"article\" \/>\n<meta property=\"og:title\" content=\"STARVIE ECLIPTA 2024 - Revolution Padel Store\" \/>\n<meta property=\"og:description\" content=\"Descubre la pala de p\u00e1del STARVIE ECLIPTA 2024 en Revolution Padel Store, perfecta para jugadores principiantes. \u00a1Manejable y de gran calidad!\" \/>\n<meta property=\"og:url\" content=\"https:\/\/15131.p.syniva.es\/de\/produkt\/starvie-eclipta-2024-1\/\" \/>\n<meta property=\"og:site_name\" content=\"Revolution Padel Store\" \/>\n<meta property=\"article:modified_time\" content=\"2026-04-08T09:48:23+00:00\" \/>\n<meta property=\"og:image\" content=\"https:\/\/15131.p.syniva.es\/wp-content\/uploads\/2024\/04\/112013-P-0-4.jpg\" \/>\n\t<meta property=\"og:image:width\" content=\"1500\" \/>\n\t<meta property=\"og:image:height\" content=\"1500\" \/>\n\t<meta property=\"og:image:type\" content=\"image\/png\" \/>\n<meta name=\"twitter:card\" content=\"summary_large_image\" \/>\n<meta name=\"twitter:label1\" content=\"Gesch\u00e4tzte Lesezeit\" \/>\n\t<meta name=\"twitter:data1\" content=\"1\u00a0Minute\" \/>\n<script type=\"application\/ld+json\" class=\"yoast-schema-graph\">{\"@context\":\"https:\\\/\\\/schema.org\",\"@graph\":[{\"@type\":\"WebPage\",\"@id\":\"https:\\\/\\\/15131.p.syniva.es\\\/de\\\/produkt\\\/starvie-eclipta-2024-1\\\/\",\"url\":\"https:\\\/\\\/15131.p.syniva.es\\\/de\\\/produkt\\\/starvie-eclipta-2024-1\\\/\",\"name\":\"STARVIE ECLIPTA 2024 - Revolution Padel Store\",\"isPartOf\":{\"@id\":\"https:\\\/\\\/15131.p.syniva.es\\\/de\\\/#website\"},\"primaryImageOfPage\":{\"@id\":\"https:\\\/\\\/15131.p.syniva.es\\\/de\\\/produkt\\\/starvie-eclipta-2024-1\\\/#primaryimage\"},\"image\":{\"@id\":\"https:\\\/\\\/15131.p.syniva.es\\\/de\\\/produkt\\\/starvie-eclipta-2024-1\\\/#primaryimage\"},\"thumbnailUrl\":\"https:\\\/\\\/15131.p.syniva.es\\\/wp-content\\\/uploads\\\/2024\\\/04\\\/112013-P-0-4.jpg\",\"datePublished\":\"2024-04-22T13:25:14+00:00\",\"dateModified\":\"2026-04-08T09:48:23+00:00\",\"description\":\"Descubre la pala de p\u00e1del STARVIE ECLIPTA 2024 en Revolution Padel Store, perfecta para jugadores principiantes. \u00a1Manejable y de gran calidad!\",\"breadcrumb\":{\"@id\":\"https:\\\/\\\/15131.p.syniva.es\\\/de\\\/produkt\\\/starvie-eclipta-2024-1\\\/#breadcrumb\"},\"inLanguage\":\"de\",\"potentialAction\":[{\"@type\":\"ReadAction\",\"target\":[\"https:\\\/\\\/15131.p.syniva.es\\\/de\\\/produkt\\\/starvie-eclipta-2024-1\\\/\"]}]},{\"@type\":\"ImageObject\",\"inLanguage\":\"de\",\"@id\":\"https:\\\/\\\/15131.p.syniva.es\\\/de\\\/produkt\\\/starvie-eclipta-2024-1\\\/#primaryimage\",\"url\":\"https:\\\/\\\/15131.p.syniva.es\\\/wp-content\\\/uploads\\\/2024\\\/04\\\/112013-P-0-4.jpg\",\"contentUrl\":\"https:\\\/\\\/15131.p.syniva.es\\\/wp-content\\\/uploads\\\/2024\\\/04\\\/112013-P-0-4.jpg\",\"width\":1500,\"height\":1500},{\"@type\":\"BreadcrumbList\",\"@id\":\"https:\\\/\\\/15131.p.syniva.es\\\/de\\\/produkt\\\/starvie-eclipta-2024-1\\\/#breadcrumb\",\"itemListElement\":[{\"@type\":\"ListItem\",\"position\":1,\"name\":\"Portada\",\"item\":\"https:\\\/\\\/15131.p.syniva.es\\\/de\\\/\"},{\"@type\":\"ListItem\",\"position\":2,\"name\":\"Shop\",\"item\":\"https:\\\/\\\/15131.p.syniva.es\\\/de\\\/tienda\\\/\"},{\"@type\":\"ListItem\",\"position\":3,\"name\":\"STARVIE ECLIPTA 2024\"}]},{\"@type\":\"WebSite\",\"@id\":\"https:\\\/\\\/15131.p.syniva.es\\\/de\\\/#website\",\"url\":\"https:\\\/\\\/15131.p.syniva.es\\\/de\\\/\",\"name\":\"Revolution Padel Store\",\"description\":\"\",\"publisher\":{\"@id\":\"https:\\\/\\\/15131.p.syniva.es\\\/de\\\/#organization\"},\"potentialAction\":[{\"@type\":\"SearchAction\",\"target\":{\"@type\":\"EntryPoint\",\"urlTemplate\":\"https:\\\/\\\/15131.p.syniva.es\\\/de\\\/?s={search_term_string}\"},\"query-input\":{\"@type\":\"PropertyValueSpecification\",\"valueRequired\":true,\"valueName\":\"search_term_string\"}}],\"inLanguage\":\"de\"},{\"@type\":\"Organization\",\"@id\":\"https:\\\/\\\/15131.p.syniva.es\\\/de\\\/#organization\",\"name\":\"Revolution Padel Store\",\"url\":\"https:\\\/\\\/15131.p.syniva.es\\\/de\\\/\",\"logo\":{\"@type\":\"ImageObject\",\"inLanguage\":\"de\",\"@id\":\"https:\\\/\\\/15131.p.syniva.es\\\/de\\\/#\\\/schema\\\/logo\\\/image\\\/\",\"url\":\"https:\\\/\\\/15131.p.syniva.es\\\/wp-content\\\/uploads\\\/2026\\\/02\\\/revolution-padel-store.jpg\",\"contentUrl\":\"https:\\\/\\\/15131.p.syniva.es\\\/wp-content\\\/uploads\\\/2026\\\/02\\\/revolution-padel-store.jpg\",\"width\":2000,\"height\":2000,\"caption\":\"Revolution Padel Store\"},\"image\":{\"@id\":\"https:\\\/\\\/15131.p.syniva.es\\\/de\\\/#\\\/schema\\\/logo\\\/image\\\/\"},\"sameAs\":[\"https:\\\/\\\/www.instagram.com\\\/revolutionpadelstore\\\/\"]}]}<\/script>\n<!-- \/ Yoast SEO plugin. -->","yoast_head_json":{"title":"STARVIE ECLIPTA 2024 - Revolution Padel Store","description":"Descubre la pala de p\u00e1del STARVIE ECLIPTA 2024 en Revolution Padel Store, perfecta para jugadores principiantes. \u00a1Manejable y de gran calidad!","robots":{"index":"index","follow":"follow","max-snippet":"max-snippet:-1","max-image-preview":"max-image-preview:large","max-video-preview":"max-video-preview:-1"},"canonical":"https:\/\/15131.p.syniva.es\/de\/produkt\/starvie-eclipta-2024-1\/","og_locale":"de_DE","og_type":"article","og_title":"STARVIE ECLIPTA 2024 - Revolution Padel Store","og_description":"Descubre la pala de p\u00e1del STARVIE ECLIPTA 2024 en Revolution Padel Store, perfecta para jugadores principiantes. \u00a1Manejable y de gran calidad!","og_url":"https:\/\/15131.p.syniva.es\/de\/produkt\/starvie-eclipta-2024-1\/","og_site_name":"Revolution Padel Store","article_modified_time":"2026-04-08T09:48:23+00:00","og_image":[{"width":1500,"height":1500,"url":"https:\/\/15131.p.syniva.es\/wp-content\/uploads\/2024\/04\/112013-P-0-4.jpg","type":"image\/png"}],"twitter_card":"summary_large_image","twitter_misc":{"Gesch\u00e4tzte Lesezeit":"1\u00a0Minute"},"schema":{"@context":"https:\/\/schema.org","@graph":[{"@type":"WebPage","@id":"https:\/\/15131.p.syniva.es\/de\/produkt\/starvie-eclipta-2024-1\/","url":"https:\/\/15131.p.syniva.es\/de\/produkt\/starvie-eclipta-2024-1\/","name":"STARVIE ECLIPTA 2024 - Revolution Padel Store","isPartOf":{"@id":"https:\/\/15131.p.syniva.es\/de\/#website"},"primaryImageOfPage":{"@id":"https:\/\/15131.p.syniva.es\/de\/produkt\/starvie-eclipta-2024-1\/#primaryimage"},"image":{"@id":"https:\/\/15131.p.syniva.es\/de\/produkt\/starvie-eclipta-2024-1\/#primaryimage"},"thumbnailUrl":"https:\/\/15131.p.syniva.es\/wp-content\/uploads\/2024\/04\/112013-P-0-4.jpg","datePublished":"2024-04-22T13:25:14+00:00","dateModified":"2026-04-08T09:48:23+00:00","description":"Descubre la pala de p\u00e1del STARVIE ECLIPTA 2024 en Revolution Padel Store, perfecta para jugadores principiantes. \u00a1Manejable y de gran calidad!","breadcrumb":{"@id":"https:\/\/15131.p.syniva.es\/de\/produkt\/starvie-eclipta-2024-1\/#breadcrumb"},"inLanguage":"de","potentialAction":[{"@type":"ReadAction","target":["https:\/\/15131.p.syniva.es\/de\/produkt\/starvie-eclipta-2024-1\/"]}]},{"@type":"ImageObject","inLanguage":"de","@id":"https:\/\/15131.p.syniva.es\/de\/produkt\/starvie-eclipta-2024-1\/#primaryimage","url":"https:\/\/15131.p.syniva.es\/wp-content\/uploads\/2024\/04\/112013-P-0-4.jpg","contentUrl":"https:\/\/15131.p.syniva.es\/wp-content\/uploads\/2024\/04\/112013-P-0-4.jpg","width":1500,"height":1500},{"@type":"BreadcrumbList","@id":"https:\/\/15131.p.syniva.es\/de\/produkt\/starvie-eclipta-2024-1\/#breadcrumb","itemListElement":[{"@type":"ListItem","position":1,"name":"Portada","item":"https:\/\/15131.p.syniva.es\/de\/"},{"@type":"ListItem","position":2,"name":"Shop","item":"https:\/\/15131.p.syniva.es\/de\/tienda\/"},{"@type":"ListItem","position":3,"name":"STARVIE ECLIPTA 2024"}]},{"@type":"WebSite","@id":"https:\/\/15131.p.syniva.es\/de\/#website","url":"https:\/\/15131.p.syniva.es\/de\/","name":"Revolution Padel Store","description":"","publisher":{"@id":"https:\/\/15131.p.syniva.es\/de\/#organization"},"potentialAction":[{"@type":"SearchAction","target":{"@type":"EntryPoint","urlTemplate":"https:\/\/15131.p.syniva.es\/de\/?s={search_term_string}"},"query-input":{"@type":"PropertyValueSpecification","valueRequired":true,"valueName":"search_term_string"}}],"inLanguage":"de"},{"@type":"Organization","@id":"https:\/\/15131.p.syniva.es\/de\/#organization","name":"Revolution Padel Store","url":"https:\/\/15131.p.syniva.es\/de\/","logo":{"@type":"ImageObject","inLanguage":"de","@id":"https:\/\/15131.p.syniva.es\/de\/#\/schema\/logo\/image\/","url":"https:\/\/15131.p.syniva.es\/wp-content\/uploads\/2026\/02\/revolution-padel-store.jpg","contentUrl":"https:\/\/15131.p.syniva.es\/wp-content\/uploads\/2026\/02\/revolution-padel-store.jpg","width":2000,"height":2000,"caption":"Revolution Padel Store"},"image":{"@id":"https:\/\/15131.p.syniva.es\/de\/#\/schema\/logo\/image\/"},"sameAs":["https:\/\/www.instagram.com\/revolutionpadelstore\/"]}]}},"_links":{"self":[{"href":"https:\/\/15131.p.syniva.es\/de\/wp-json\/wp\/v2\/product\/13771","targetHints":{"allow":["GET"]}}],"collection":[{"href":"https:\/\/15131.p.syniva.es\/de\/wp-json\/wp\/v2\/product"}],"about":[{"href":"https:\/\/15131.p.syniva.es\/de\/wp-json\/wp\/v2\/types\/product"}],"replies":[{"embeddable":true,"href":"https:\/\/15131.p.syniva.es\/de\/wp-json\/wp\/v2\/comments?post=13771"}],"wp:featuredmedia":[{"embeddable":true,"href":"https:\/\/15131.p.syniva.es\/de\/wp-json\/wp\/v2\/media\/7323"}],"wp:attachment":[{"href":"https:\/\/15131.p.syniva.es\/de\/wp-json\/wp\/v2\/media?parent=13771"}],"wp:term":[{"taxonomy":"acabado","embeddable":true,"href":"https:\/\/15131.p.syniva.es\/de\/wp-json\/wp\/v2\/acabado?post=13771"},{"taxonomy":"balance","embeddable":true,"href":"https:\/\/15131.p.syniva.es\/de\/wp-json\/wp\/v2\/balance?post=13771"},{"taxonomy":"dureza","embeddable":true,"href":"https:\/\/15131.p.syniva.es\/de\/wp-json\/wp\/v2\/dureza?post=13771"},{"taxonomy":"forma","embeddable":true,"href":"https:\/\/15131.p.syniva.es\/de\/wp-json\/wp\/v2\/forma?post=13771"},{"taxonomy":"jugador","embeddable":true,"href":"https:\/\/15131.p.syniva.es\/de\/wp-json\/wp\/v2\/jugador?post=13771"},{"taxonomy":"marca","embeddable":true,"href":"https:\/\/15131.p.syniva.es\/de\/wp-json\/wp\/v2\/marca?post=13771"},{"taxonomy":"nivel-de-juego","embeddable":true,"href":"https:\/\/15131.p.syniva.es\/de\/wp-json\/wp\/v2\/nivel-de-juego?post=13771"},{"taxonomy":"superficie","embeddable":true,"href":"https:\/\/15131.p.syniva.es\/de\/wp-json\/wp\/v2\/superficie?post=13771"},{"taxonomy":"tipo-de-juego","embeddable":true,"href":"https:\/\/15131.p.syniva.es\/de\/wp-json\/wp\/v2\/tipo-de-juego?post=13771"},{"taxonomy":"product_brand","embeddable":true,"href":"https:\/\/15131.p.syniva.es\/de\/wp-json\/wp\/v2\/product_brand?post=13771"},{"taxonomy":"product_cat","embeddable":true,"href":"https:\/\/15131.p.syniva.es\/de\/wp-json\/wp\/v2\/product_cat?post=13771"},{"taxonomy":"product_tag","embeddable":true,"href":"https:\/\/15131.p.syniva.es\/de\/wp-json\/wp\/v2\/product_tag?post=13771"}],"curies":[{"name":"wp","href":"https:\/\/api.w.org\/{rel}","templated":true}]}}