{"id":154912,"date":"2024-12-10T22:28:56","date_gmt":"2024-12-10T21:28:56","guid":{"rendered":"https:\/\/15131.p.syniva.es\/head-speed-one-x-2025\/"},"modified":"2026-04-08T09:22:40","modified_gmt":"2026-04-08T07:22:40","slug":"head-speed-one-x-2025-1","status":"publish","type":"product","link":"https:\/\/15131.p.syniva.es\/de\/produkt\/head-speed-one-x-2025-1\/","title":{"rendered":"HEAD SPEED ONE X 2025"},"content":{"rendered":"<h2> <strong> Kopfgeschwindigkeit ein x 2025 <\/strong> &#8211; Leistung und Komfort in jedem Schlag<br \/>\nDie Schaufel <strong> Kopfgeschwindigkeit ein x 2025 <\/strong> f\u00e4llt auf sein tr\u00e4nenf\u00f6rmiges Design und ein Gewicht von 365 Gramm aus und bietet eine ideale Kombination aus explosiver Kraft und pr\u00e4ziser Kontrolle. Diese Schaufel wurde f\u00fcr fortschrittliche und fachkundige Spieler entwickelt und bietet dank ihrer einzigartigen Struktur und fortschrittlichen Technologien ein vielseitiges und effizientes Spielerlebnis. Das Premium -Finish, das matte und helle Details kombiniert, f\u00fcgt eine moderne und elegante Note hinzu.<\/p>\n<h2> <strong> Hauptvorteile <\/strong>: <\/h2>\n<p> <strong> -undent und ausgewogene Kontrolle <\/strong>: Perfekt f\u00fcr ein vielseitiges Spiel<br \/>\n<P> <strong> -Anadviertes Amortuierung <\/strong>: Verringern Sie Schwingungen f\u00fcr mehr Komfort<\/p>\n<p> <strong> -Anl\u00e4hnliches Design <\/strong>: gebaut, um der intensiven Verwendung zu widerstehen<\/p>\n<h2> <strong> Prominente Eigenschaften <\/strong>: <\/h2>\n<p> <strong> -Wheife Kohlefaserfaser<br \/>\n<P> <strong> -NUCO mit Gummi -Leistungsschaum <\/strong>: garantiert eine schnelle und pr\u00e4zise Antwort<\/p>\n<p> <strong> -System Feuchtigkeit Plus <\/strong>: Kissen- und Isolieren von Vibrationen zum gr\u00f6\u00dferen Schutz.<br \/>\n<P> <strong> -Tecnology Smart Bridge und Auxetic 2.0 <\/strong>: Verbessert das Gef\u00fchl des Aufpralls und optimiert die Antwort der Klinge.<\/p>\n<p> <strong> -Grubosity Extreme Spin <\/strong>: Maximieren Sie den Griff, um \u00fcberraschende Effekte zu erm\u00f6glichen.<br \/>\n<P> <strong>-Der Anti-Schock-Skick-Padel <\/strong>: Schutz der Spinnenschaufel und versehentlicher Schl\u00e4ge<\/p>\n<p> <strong> -Marco -ma\u00dfgeschneiderter Rahmen mit Graphen in Inneren <\/strong> Stabilit\u00e4t und optimiert die Kugelausgabe.<\/p>\n<p> <strong> -FET Butt Cap 2.0 <\/strong>: Es bietet einen komfortableren und weichen Griff<\/p>\n<h2> <strong> Ideal f\u00fcr Expertenspieler <\/strong>: <\/h2>\n<p>Wenn Sie nach einer Schaufel suchen, die Ihre Leistung auf der Strecke erh\u00f6ht, ist die <strong> Kopfgeschwindigkeit ein x 2025 <\/strong> perfekt f\u00fcr Sie. Dieses Modell hat \u00fcber Spieler nachgedacht, die Pr\u00e4zision und Macht sch\u00e4tzen, und garantiert in jedem Spiel ein h\u00f6heres Spielerlebnis.<\/p>\n<h2> Kaufen Sie es jetzt im Revolution Padel Store!<br \/>\nWarten Sie nicht l\u00e4nger, um Ihr Spiel auf das n\u00e4chste Level zu bringen. Entdecken Sie die <strong> Kopfgeschwindigkeit 1 x 2025 <\/strong> in unserem Online -Shop <a href=\"http:\/\/www.15131.p.syniva.es\/\"> www.15131.p.syniva.es <\/a> wahrscheinlich am Bester Marktpreis.<br \/>\n<H4> <\/h4>\n<h2><strong>Head Speed One X 2025<\/strong><\/p>\n","protected":false},"excerpt":{"rendered":"<p>Die Kopfgeschwindigkeit One x 2025 ist eine Paddelschaufel mit rissschhautem Design und einem Gewicht von 365 Gramm, ideal, um stabile, pr\u00e4zise und vielseitige Schl\u00e4ge zu garantieren. Es enth\u00e4lt eine raue Oberfl\u00e4che, die in 2D -Kohlenstoff hergestellt wird, um die Kontrolle und die Auswirkungen auf das Spiel zu verbessern.<\/p>\n","protected":false},"featured_media":154871,"comment_status":"open","ping_status":"closed","template":"","meta":{"_acf_changed":false,"_joinchat":[]},"acabado":[1079,1084],"balance":[1134,1139],"dureza":[1154],"forma":[1184],"jugador":[1189,1199],"marca":[1219],"nivel-de-juego":[1334],"superficie":[1359],"tipo-de-juego":[],"product_brand":[],"product_cat":[299],"product_tag":[],"class_list":{"0":"post-154912","1":"product","2":"type-product","3":"status-publish","4":"has-post-thumbnail","6":"acabado-helligkeit","7":"acabado-kumpel","8":"balance-hoch","9":"balance-mittel","10":"dureza-media-de","11":"forma-lagrima-de","12":"jugador-mann","13":"jugador-mehrzweck","14":"marca-kopf","15":"superficie-rugosa-de","16":"product_cat-palas-de-padel-de","18":"first","19":"instock","20":"sale","21":"taxable","22":"shipping-taxable","23":"purchasable","24":"product-type-simple"},"acf":[],"yoast_head":"<!-- This site is optimized with the Yoast SEO plugin v27.4 - https:\/\/yoast.com\/product\/yoast-seo-wordpress\/ -->\n<title>HEAD SPEED ONE X 2025 - Revolution Padel Store<\/title>\n<meta name=\"description\" content=\"Descubre la pala Head Speed One X 2025, dise\u00f1ada para jugadores avanzados. Potencia, control y confort en cada golpe. Disponible en Revolution Padel Store al mejor precio.\" \/>\n<meta name=\"robots\" content=\"index, follow, max-snippet:-1, max-image-preview:large, max-video-preview:-1\" \/>\n<link rel=\"canonical\" href=\"https:\/\/15131.p.syniva.es\/de\/produkt\/head-speed-one-x-2025-1\/\" \/>\n<meta property=\"og:locale\" content=\"de_DE\" \/>\n<meta property=\"og:type\" content=\"article\" \/>\n<meta property=\"og:title\" content=\"HEAD SPEED ONE X 2025 - Revolution Padel Store\" \/>\n<meta property=\"og:description\" content=\"Descubre la pala Head Speed One X 2025, dise\u00f1ada para jugadores avanzados. Potencia, control y confort en cada golpe. Disponible en Revolution Padel Store al mejor precio.\" \/>\n<meta property=\"og:url\" content=\"https:\/\/15131.p.syniva.es\/de\/produkt\/head-speed-one-x-2025-1\/\" \/>\n<meta property=\"og:site_name\" content=\"Revolution Padel Store\" \/>\n<meta property=\"article:modified_time\" content=\"2026-04-08T07:22:40+00:00\" \/>\n<meta property=\"og:image\" content=\"https:\/\/15131.p.syniva.es\/wp-content\/uploads\/2024\/12\/115664-pala-head-speed-one-x-2025-221045-1500x1500-1.webp\" \/>\n\t<meta property=\"og:image:width\" content=\"1500\" \/>\n\t<meta property=\"og:image:height\" content=\"1500\" \/>\n\t<meta property=\"og:image:type\" content=\"image\/webp\" \/>\n<meta name=\"twitter:card\" content=\"summary_large_image\" \/>\n<meta name=\"twitter:label1\" content=\"Gesch\u00e4tzte Lesezeit\" \/>\n\t<meta name=\"twitter:data1\" content=\"1\u00a0Minute\" \/>\n<script type=\"application\/ld+json\" class=\"yoast-schema-graph\">{\"@context\":\"https:\\\/\\\/schema.org\",\"@graph\":[{\"@type\":\"WebPage\",\"@id\":\"https:\\\/\\\/15131.p.syniva.es\\\/de\\\/produkt\\\/head-speed-one-x-2025-1\\\/\",\"url\":\"https:\\\/\\\/15131.p.syniva.es\\\/de\\\/produkt\\\/head-speed-one-x-2025-1\\\/\",\"name\":\"HEAD SPEED ONE X 2025 - Revolution Padel Store\",\"isPartOf\":{\"@id\":\"https:\\\/\\\/15131.p.syniva.es\\\/de\\\/#website\"},\"primaryImageOfPage\":{\"@id\":\"https:\\\/\\\/15131.p.syniva.es\\\/de\\\/produkt\\\/head-speed-one-x-2025-1\\\/#primaryimage\"},\"image\":{\"@id\":\"https:\\\/\\\/15131.p.syniva.es\\\/de\\\/produkt\\\/head-speed-one-x-2025-1\\\/#primaryimage\"},\"thumbnailUrl\":\"https:\\\/\\\/15131.p.syniva.es\\\/wp-content\\\/uploads\\\/2024\\\/12\\\/115664-pala-head-speed-one-x-2025-221045-1500x1500-1.webp\",\"datePublished\":\"2024-12-10T21:28:56+00:00\",\"dateModified\":\"2026-04-08T07:22:40+00:00\",\"description\":\"Descubre la pala Head Speed One X 2025, dise\u00f1ada para jugadores avanzados. Potencia, control y confort en cada golpe. Disponible en Revolution Padel Store al mejor precio.\",\"breadcrumb\":{\"@id\":\"https:\\\/\\\/15131.p.syniva.es\\\/de\\\/produkt\\\/head-speed-one-x-2025-1\\\/#breadcrumb\"},\"inLanguage\":\"de\",\"potentialAction\":[{\"@type\":\"ReadAction\",\"target\":[\"https:\\\/\\\/15131.p.syniva.es\\\/de\\\/produkt\\\/head-speed-one-x-2025-1\\\/\"]}]},{\"@type\":\"ImageObject\",\"inLanguage\":\"de\",\"@id\":\"https:\\\/\\\/15131.p.syniva.es\\\/de\\\/produkt\\\/head-speed-one-x-2025-1\\\/#primaryimage\",\"url\":\"https:\\\/\\\/15131.p.syniva.es\\\/wp-content\\\/uploads\\\/2024\\\/12\\\/115664-pala-head-speed-one-x-2025-221045-1500x1500-1.webp\",\"contentUrl\":\"https:\\\/\\\/15131.p.syniva.es\\\/wp-content\\\/uploads\\\/2024\\\/12\\\/115664-pala-head-speed-one-x-2025-221045-1500x1500-1.webp\",\"width\":1500,\"height\":1500},{\"@type\":\"BreadcrumbList\",\"@id\":\"https:\\\/\\\/15131.p.syniva.es\\\/de\\\/produkt\\\/head-speed-one-x-2025-1\\\/#breadcrumb\",\"itemListElement\":[{\"@type\":\"ListItem\",\"position\":1,\"name\":\"Portada\",\"item\":\"https:\\\/\\\/15131.p.syniva.es\\\/de\\\/\"},{\"@type\":\"ListItem\",\"position\":2,\"name\":\"Shop\",\"item\":\"https:\\\/\\\/15131.p.syniva.es\\\/de\\\/tienda\\\/\"},{\"@type\":\"ListItem\",\"position\":3,\"name\":\"HEAD SPEED ONE X 2025\"}]},{\"@type\":\"WebSite\",\"@id\":\"https:\\\/\\\/15131.p.syniva.es\\\/de\\\/#website\",\"url\":\"https:\\\/\\\/15131.p.syniva.es\\\/de\\\/\",\"name\":\"Revolution Padel Store\",\"description\":\"\",\"publisher\":{\"@id\":\"https:\\\/\\\/15131.p.syniva.es\\\/de\\\/#organization\"},\"potentialAction\":[{\"@type\":\"SearchAction\",\"target\":{\"@type\":\"EntryPoint\",\"urlTemplate\":\"https:\\\/\\\/15131.p.syniva.es\\\/de\\\/?s={search_term_string}\"},\"query-input\":{\"@type\":\"PropertyValueSpecification\",\"valueRequired\":true,\"valueName\":\"search_term_string\"}}],\"inLanguage\":\"de\"},{\"@type\":\"Organization\",\"@id\":\"https:\\\/\\\/15131.p.syniva.es\\\/de\\\/#organization\",\"name\":\"Revolution Padel Store\",\"url\":\"https:\\\/\\\/15131.p.syniva.es\\\/de\\\/\",\"logo\":{\"@type\":\"ImageObject\",\"inLanguage\":\"de\",\"@id\":\"https:\\\/\\\/15131.p.syniva.es\\\/de\\\/#\\\/schema\\\/logo\\\/image\\\/\",\"url\":\"https:\\\/\\\/15131.p.syniva.es\\\/wp-content\\\/uploads\\\/2026\\\/02\\\/revolution-padel-store.jpg\",\"contentUrl\":\"https:\\\/\\\/15131.p.syniva.es\\\/wp-content\\\/uploads\\\/2026\\\/02\\\/revolution-padel-store.jpg\",\"width\":2000,\"height\":2000,\"caption\":\"Revolution Padel Store\"},\"image\":{\"@id\":\"https:\\\/\\\/15131.p.syniva.es\\\/de\\\/#\\\/schema\\\/logo\\\/image\\\/\"},\"sameAs\":[\"https:\\\/\\\/www.instagram.com\\\/revolutionpadelstore\\\/\"]}]}<\/script>\n<!-- \/ Yoast SEO plugin. -->","yoast_head_json":{"title":"HEAD SPEED ONE X 2025 - Revolution Padel Store","description":"Descubre la pala Head Speed One X 2025, dise\u00f1ada para jugadores avanzados. Potencia, control y confort en cada golpe. Disponible en Revolution Padel Store al mejor precio.","robots":{"index":"index","follow":"follow","max-snippet":"max-snippet:-1","max-image-preview":"max-image-preview:large","max-video-preview":"max-video-preview:-1"},"canonical":"https:\/\/15131.p.syniva.es\/de\/produkt\/head-speed-one-x-2025-1\/","og_locale":"de_DE","og_type":"article","og_title":"HEAD SPEED ONE X 2025 - Revolution Padel Store","og_description":"Descubre la pala Head Speed One X 2025, dise\u00f1ada para jugadores avanzados. Potencia, control y confort en cada golpe. Disponible en Revolution Padel Store al mejor precio.","og_url":"https:\/\/15131.p.syniva.es\/de\/produkt\/head-speed-one-x-2025-1\/","og_site_name":"Revolution Padel Store","article_modified_time":"2026-04-08T07:22:40+00:00","og_image":[{"width":1500,"height":1500,"url":"https:\/\/15131.p.syniva.es\/wp-content\/uploads\/2024\/12\/115664-pala-head-speed-one-x-2025-221045-1500x1500-1.webp","type":"image\/webp"}],"twitter_card":"summary_large_image","twitter_misc":{"Gesch\u00e4tzte Lesezeit":"1\u00a0Minute"},"schema":{"@context":"https:\/\/schema.org","@graph":[{"@type":"WebPage","@id":"https:\/\/15131.p.syniva.es\/de\/produkt\/head-speed-one-x-2025-1\/","url":"https:\/\/15131.p.syniva.es\/de\/produkt\/head-speed-one-x-2025-1\/","name":"HEAD SPEED ONE X 2025 - Revolution Padel Store","isPartOf":{"@id":"https:\/\/15131.p.syniva.es\/de\/#website"},"primaryImageOfPage":{"@id":"https:\/\/15131.p.syniva.es\/de\/produkt\/head-speed-one-x-2025-1\/#primaryimage"},"image":{"@id":"https:\/\/15131.p.syniva.es\/de\/produkt\/head-speed-one-x-2025-1\/#primaryimage"},"thumbnailUrl":"https:\/\/15131.p.syniva.es\/wp-content\/uploads\/2024\/12\/115664-pala-head-speed-one-x-2025-221045-1500x1500-1.webp","datePublished":"2024-12-10T21:28:56+00:00","dateModified":"2026-04-08T07:22:40+00:00","description":"Descubre la pala Head Speed One X 2025, dise\u00f1ada para jugadores avanzados. Potencia, control y confort en cada golpe. Disponible en Revolution Padel Store al mejor precio.","breadcrumb":{"@id":"https:\/\/15131.p.syniva.es\/de\/produkt\/head-speed-one-x-2025-1\/#breadcrumb"},"inLanguage":"de","potentialAction":[{"@type":"ReadAction","target":["https:\/\/15131.p.syniva.es\/de\/produkt\/head-speed-one-x-2025-1\/"]}]},{"@type":"ImageObject","inLanguage":"de","@id":"https:\/\/15131.p.syniva.es\/de\/produkt\/head-speed-one-x-2025-1\/#primaryimage","url":"https:\/\/15131.p.syniva.es\/wp-content\/uploads\/2024\/12\/115664-pala-head-speed-one-x-2025-221045-1500x1500-1.webp","contentUrl":"https:\/\/15131.p.syniva.es\/wp-content\/uploads\/2024\/12\/115664-pala-head-speed-one-x-2025-221045-1500x1500-1.webp","width":1500,"height":1500},{"@type":"BreadcrumbList","@id":"https:\/\/15131.p.syniva.es\/de\/produkt\/head-speed-one-x-2025-1\/#breadcrumb","itemListElement":[{"@type":"ListItem","position":1,"name":"Portada","item":"https:\/\/15131.p.syniva.es\/de\/"},{"@type":"ListItem","position":2,"name":"Shop","item":"https:\/\/15131.p.syniva.es\/de\/tienda\/"},{"@type":"ListItem","position":3,"name":"HEAD SPEED ONE X 2025"}]},{"@type":"WebSite","@id":"https:\/\/15131.p.syniva.es\/de\/#website","url":"https:\/\/15131.p.syniva.es\/de\/","name":"Revolution Padel Store","description":"","publisher":{"@id":"https:\/\/15131.p.syniva.es\/de\/#organization"},"potentialAction":[{"@type":"SearchAction","target":{"@type":"EntryPoint","urlTemplate":"https:\/\/15131.p.syniva.es\/de\/?s={search_term_string}"},"query-input":{"@type":"PropertyValueSpecification","valueRequired":true,"valueName":"search_term_string"}}],"inLanguage":"de"},{"@type":"Organization","@id":"https:\/\/15131.p.syniva.es\/de\/#organization","name":"Revolution Padel Store","url":"https:\/\/15131.p.syniva.es\/de\/","logo":{"@type":"ImageObject","inLanguage":"de","@id":"https:\/\/15131.p.syniva.es\/de\/#\/schema\/logo\/image\/","url":"https:\/\/15131.p.syniva.es\/wp-content\/uploads\/2026\/02\/revolution-padel-store.jpg","contentUrl":"https:\/\/15131.p.syniva.es\/wp-content\/uploads\/2026\/02\/revolution-padel-store.jpg","width":2000,"height":2000,"caption":"Revolution Padel Store"},"image":{"@id":"https:\/\/15131.p.syniva.es\/de\/#\/schema\/logo\/image\/"},"sameAs":["https:\/\/www.instagram.com\/revolutionpadelstore\/"]}]}},"_links":{"self":[{"href":"https:\/\/15131.p.syniva.es\/de\/wp-json\/wp\/v2\/product\/154912","targetHints":{"allow":["GET"]}}],"collection":[{"href":"https:\/\/15131.p.syniva.es\/de\/wp-json\/wp\/v2\/product"}],"about":[{"href":"https:\/\/15131.p.syniva.es\/de\/wp-json\/wp\/v2\/types\/product"}],"replies":[{"embeddable":true,"href":"https:\/\/15131.p.syniva.es\/de\/wp-json\/wp\/v2\/comments?post=154912"}],"wp:featuredmedia":[{"embeddable":true,"href":"https:\/\/15131.p.syniva.es\/de\/wp-json\/wp\/v2\/media\/154871"}],"wp:attachment":[{"href":"https:\/\/15131.p.syniva.es\/de\/wp-json\/wp\/v2\/media?parent=154912"}],"wp:term":[{"taxonomy":"acabado","embeddable":true,"href":"https:\/\/15131.p.syniva.es\/de\/wp-json\/wp\/v2\/acabado?post=154912"},{"taxonomy":"balance","embeddable":true,"href":"https:\/\/15131.p.syniva.es\/de\/wp-json\/wp\/v2\/balance?post=154912"},{"taxonomy":"dureza","embeddable":true,"href":"https:\/\/15131.p.syniva.es\/de\/wp-json\/wp\/v2\/dureza?post=154912"},{"taxonomy":"forma","embeddable":true,"href":"https:\/\/15131.p.syniva.es\/de\/wp-json\/wp\/v2\/forma?post=154912"},{"taxonomy":"jugador","embeddable":true,"href":"https:\/\/15131.p.syniva.es\/de\/wp-json\/wp\/v2\/jugador?post=154912"},{"taxonomy":"marca","embeddable":true,"href":"https:\/\/15131.p.syniva.es\/de\/wp-json\/wp\/v2\/marca?post=154912"},{"taxonomy":"nivel-de-juego","embeddable":true,"href":"https:\/\/15131.p.syniva.es\/de\/wp-json\/wp\/v2\/nivel-de-juego?post=154912"},{"taxonomy":"superficie","embeddable":true,"href":"https:\/\/15131.p.syniva.es\/de\/wp-json\/wp\/v2\/superficie?post=154912"},{"taxonomy":"tipo-de-juego","embeddable":true,"href":"https:\/\/15131.p.syniva.es\/de\/wp-json\/wp\/v2\/tipo-de-juego?post=154912"},{"taxonomy":"product_brand","embeddable":true,"href":"https:\/\/15131.p.syniva.es\/de\/wp-json\/wp\/v2\/product_brand?post=154912"},{"taxonomy":"product_cat","embeddable":true,"href":"https:\/\/15131.p.syniva.es\/de\/wp-json\/wp\/v2\/product_cat?post=154912"},{"taxonomy":"product_tag","embeddable":true,"href":"https:\/\/15131.p.syniva.es\/de\/wp-json\/wp\/v2\/product_tag?post=154912"}],"curies":[{"name":"wp","href":"https:\/\/api.w.org\/{rel}","templated":true}]}}