{"id":20242,"date":"2024-03-21T15:30:57","date_gmt":"2024-03-21T14:30:57","guid":{"rendered":"https:\/\/15131.p.syniva.es\/wilson-bela-pro-v2\/"},"modified":"2026-04-08T14:50:02","modified_gmt":"2026-04-08T12:50:02","slug":"wilson-bela-pro-v2","status":"publish","type":"product","link":"https:\/\/15131.p.syniva.es\/de\/produkt\/wilson-bela-pro-v2\/","title":{"rendered":"WILSON BELA PRO V2"},"content":{"rendered":"<h2>Wilson Bela Pro V2, offizieller Schl\u00e4ger des Profispielers Fernando Belastegu\u00edn<\/h2>\n<p><strong>Wilson Bela Pro V2<\/strong> ist der offizielle Padelschl\u00e4ger von <strong>Fernando Belastegu\u00edn<\/strong>, einem professionellen Padelspieler, der auf Platz 5 der World Padel Tour steht&#8230;<\/p>\n<p>Dieser Padelschl\u00e4ger ist ideal f\u00fcr ein vielseitiges Angriffs- und Verteidigungsspiel. Dieser Schl\u00e4ger hat einen rautenf\u00f6rmigen K\u00f6rper mit einer hohen Balance, um Angriffsschl\u00e4ge zu trainieren. Mit einem breiteren Sweetspot, der auf Wunsch von Fernando Belasteguin entwickelt wurde, um kraftvolle Schl\u00e4ge zu liefern. Es besteht aus einem festen EVA-Gummikern, der die Schlagkraft unterst\u00fctzt. Das Profil der Klinge betr\u00e4gt 38 mm und ihr Gewicht betr\u00e4gt rund 370 Gramm.<\/p>\n<h2>Festes Paddelgef\u00fchl f\u00fcr kraftvolle Schl\u00e4ge<\/h2>\n<p>Der Rahmen besteht aus Premium-Carbon kombiniert mit 3K-Carbonfaser-Oberfl\u00e4chen. Die Schlagfl\u00e4chen mit diesem Carbon haben einen leicht weichen Touch, um den h\u00e4rteren Kern mit dem festen EVA-Schaum auszugleichen.<\/p>\n<p>Es handelt sich um einen widerstandsf\u00e4higen und festen Padelschl\u00e4ger, mit dem Sie kraftvolle Schl\u00e4ge ausf\u00fchren k\u00f6nnen. Der Rahmen ist solide und langlebig. Durch die weicheren Schlagfl\u00e4chen k\u00f6nnen St\u00f6\u00dfe leicht abgefedert werden, um die Kraft besser kontrollieren zu k\u00f6nnen. Die Festigkeit des Kerns erm\u00f6glicht es Ihnen, mit Energie zuzuschlagen und mit Kraft anzugreifen. Saubere und feste Schl\u00e4ge dank des steifen EVA-Gummis<\/p>\n<h3>Wilson-Schl\u00e4ger mit strukturierter Oberfl\u00e4che f\u00fcr besseren Halt und Spin<\/h3>\n<p>Mit <em>SpinEffect<\/em>-Technologie, <strong>rau strukturierter Oberfl\u00e4che<\/strong> zur Verbesserung der Spineffekte durch besseres Greifen des Balls. Und <em>Sharp Hole<\/em>-Technologie, besserer Halt bei jedem Schlag durch die Perforation der Matrizen<\/p>\n<p>Das Paddel verf\u00fcgt \u00fcber einen abnehmbaren und anpassbaren Riemen. Dieser Schl\u00e4ger hat ein auff\u00e4lliges und un\u00fcbertroffenes Design: Der K\u00f6rper ist komplett in Rot und der Griff in Schwarz. Worauf warten Sie noch, um Ihre neue Wilson-Schaufel zu bekommen?<\/p>\n<h2>Wilson Bela Pro V2, pala oficial del jugador profesional Fernando Belastegu\u00edn<\/h2>\n","protected":false},"excerpt":{"rendered":"<p>Wilson Bela Pro V2, genie\u00dfen Sie einen rautenf\u00f6rmigen Schl\u00e4ger mit einem starren EVA-Gummikern. Hergestellt aus Premium-Carbon und 3K-Carbon f\u00fcr mehr Widerstandsf\u00e4higkeit.<\/p>\n","protected":false},"featured_media":51881,"comment_status":"open","ping_status":"closed","template":"","meta":{"_acf_changed":false,"_joinchat":[]},"acabado":[1084],"balance":[1139],"dureza":[1154],"forma":[1179],"jugador":[1189,1199],"marca":[1264],"nivel-de-juego":[1334],"superficie":[1359],"tipo-de-juego":[1384],"product_brand":[],"product_cat":[299],"product_tag":[],"class_list":{"0":"post-20242","1":"product","2":"type-product","3":"status-publish","4":"has-post-thumbnail","6":"acabado-kumpel","7":"balance-mittel","8":"dureza-media-de","9":"forma-rund","10":"jugador-mann","11":"jugador-mehrzweck","12":"marca-wilson-de","13":"superficie-rugosa-de","14":"tipo-de-juego-mehrzweck","15":"product_cat-palas-de-padel-de","17":"first","18":"instock","19":"sale","20":"taxable","21":"shipping-taxable","22":"purchasable","23":"product-type-simple"},"acf":[],"yoast_head":"<!-- This site is optimized with the Yoast SEO plugin v27.3 - https:\/\/yoast.com\/product\/yoast-seo-wordpress\/ -->\n<title>WILSON BELA PRO V2 - Revolution Padel Store<\/title>\n<meta name=\"description\" content=\"Wilson Bela Pro V2, disfruta de una pala de forma diamante con n\u00facleo de goma EVA r\u00edgida. Fabricada con carbono premium y carbono 3K para mayor resistencia.\" \/>\n<meta name=\"robots\" content=\"index, follow, max-snippet:-1, max-image-preview:large, max-video-preview:-1\" \/>\n<link rel=\"canonical\" href=\"https:\/\/15131.p.syniva.es\/de\/produkt\/wilson-bela-pro-v2\/\" \/>\n<meta property=\"og:locale\" content=\"de_DE\" \/>\n<meta property=\"og:type\" content=\"article\" \/>\n<meta property=\"og:title\" content=\"WILSON BELA PRO V2 - Revolution Padel Store\" \/>\n<meta property=\"og:description\" content=\"Wilson Bela Pro V2, disfruta de una pala de forma diamante con n\u00facleo de goma EVA r\u00edgida. Fabricada con carbono premium y carbono 3K para mayor resistencia.\" \/>\n<meta property=\"og:url\" content=\"https:\/\/15131.p.syniva.es\/de\/produkt\/wilson-bela-pro-v2\/\" \/>\n<meta property=\"og:site_name\" content=\"Revolution Padel Store\" \/>\n<meta property=\"article:modified_time\" content=\"2026-04-08T12:50:02+00:00\" \/>\n<meta property=\"og:image\" content=\"https:\/\/15131.p.syniva.es\/wp-content\/uploads\/2024\/03\/WILSON_BELA_PRO_V2_WR133711F21000_1000_adcc.webp\" \/>\n\t<meta property=\"og:image:width\" content=\"1000\" \/>\n\t<meta property=\"og:image:height\" content=\"1000\" \/>\n\t<meta property=\"og:image:type\" content=\"image\/webp\" \/>\n<meta name=\"twitter:card\" content=\"summary_large_image\" \/>\n<meta name=\"twitter:label1\" content=\"Gesch\u00e4tzte Lesezeit\" \/>\n\t<meta name=\"twitter:data1\" content=\"2\u00a0Minuten\" \/>\n<script type=\"application\/ld+json\" class=\"yoast-schema-graph\">{\"@context\":\"https:\\\/\\\/schema.org\",\"@graph\":[{\"@type\":\"WebPage\",\"@id\":\"https:\\\/\\\/15131.p.syniva.es\\\/de\\\/produkt\\\/wilson-bela-pro-v2\\\/\",\"url\":\"https:\\\/\\\/15131.p.syniva.es\\\/de\\\/produkt\\\/wilson-bela-pro-v2\\\/\",\"name\":\"WILSON BELA PRO V2 - Revolution Padel Store\",\"isPartOf\":{\"@id\":\"https:\\\/\\\/15131.p.syniva.es\\\/de\\\/#website\"},\"primaryImageOfPage\":{\"@id\":\"https:\\\/\\\/15131.p.syniva.es\\\/de\\\/produkt\\\/wilson-bela-pro-v2\\\/#primaryimage\"},\"image\":{\"@id\":\"https:\\\/\\\/15131.p.syniva.es\\\/de\\\/produkt\\\/wilson-bela-pro-v2\\\/#primaryimage\"},\"thumbnailUrl\":\"https:\\\/\\\/15131.p.syniva.es\\\/wp-content\\\/uploads\\\/2024\\\/03\\\/WILSON_BELA_PRO_V2_WR133711F21000_1000_adcc.webp\",\"datePublished\":\"2024-03-21T14:30:57+00:00\",\"dateModified\":\"2026-04-08T12:50:02+00:00\",\"description\":\"Wilson Bela Pro V2, disfruta de una pala de forma diamante con n\u00facleo de goma EVA r\u00edgida. Fabricada con carbono premium y carbono 3K para mayor resistencia.\",\"breadcrumb\":{\"@id\":\"https:\\\/\\\/15131.p.syniva.es\\\/de\\\/produkt\\\/wilson-bela-pro-v2\\\/#breadcrumb\"},\"inLanguage\":\"de\",\"potentialAction\":[{\"@type\":\"ReadAction\",\"target\":[\"https:\\\/\\\/15131.p.syniva.es\\\/de\\\/produkt\\\/wilson-bela-pro-v2\\\/\"]}]},{\"@type\":\"ImageObject\",\"inLanguage\":\"de\",\"@id\":\"https:\\\/\\\/15131.p.syniva.es\\\/de\\\/produkt\\\/wilson-bela-pro-v2\\\/#primaryimage\",\"url\":\"https:\\\/\\\/15131.p.syniva.es\\\/wp-content\\\/uploads\\\/2024\\\/03\\\/WILSON_BELA_PRO_V2_WR133711F21000_1000_adcc.webp\",\"contentUrl\":\"https:\\\/\\\/15131.p.syniva.es\\\/wp-content\\\/uploads\\\/2024\\\/03\\\/WILSON_BELA_PRO_V2_WR133711F21000_1000_adcc.webp\",\"width\":1000,\"height\":1000},{\"@type\":\"BreadcrumbList\",\"@id\":\"https:\\\/\\\/15131.p.syniva.es\\\/de\\\/produkt\\\/wilson-bela-pro-v2\\\/#breadcrumb\",\"itemListElement\":[{\"@type\":\"ListItem\",\"position\":1,\"name\":\"Portada\",\"item\":\"https:\\\/\\\/15131.p.syniva.es\\\/de\\\/\"},{\"@type\":\"ListItem\",\"position\":2,\"name\":\"Shop\",\"item\":\"https:\\\/\\\/15131.p.syniva.es\\\/de\\\/tienda\\\/\"},{\"@type\":\"ListItem\",\"position\":3,\"name\":\"WILSON BELA PRO V2\"}]},{\"@type\":\"WebSite\",\"@id\":\"https:\\\/\\\/15131.p.syniva.es\\\/de\\\/#website\",\"url\":\"https:\\\/\\\/15131.p.syniva.es\\\/de\\\/\",\"name\":\"Revolution Padel Store\",\"description\":\"\",\"publisher\":{\"@id\":\"https:\\\/\\\/15131.p.syniva.es\\\/de\\\/#organization\"},\"potentialAction\":[{\"@type\":\"SearchAction\",\"target\":{\"@type\":\"EntryPoint\",\"urlTemplate\":\"https:\\\/\\\/15131.p.syniva.es\\\/de\\\/?s={search_term_string}\"},\"query-input\":{\"@type\":\"PropertyValueSpecification\",\"valueRequired\":true,\"valueName\":\"search_term_string\"}}],\"inLanguage\":\"de\"},{\"@type\":\"Organization\",\"@id\":\"https:\\\/\\\/15131.p.syniva.es\\\/de\\\/#organization\",\"name\":\"Revolution Padel Store\",\"url\":\"https:\\\/\\\/15131.p.syniva.es\\\/de\\\/\",\"logo\":{\"@type\":\"ImageObject\",\"inLanguage\":\"de\",\"@id\":\"https:\\\/\\\/15131.p.syniva.es\\\/de\\\/#\\\/schema\\\/logo\\\/image\\\/\",\"url\":\"https:\\\/\\\/15131.p.syniva.es\\\/wp-content\\\/uploads\\\/2026\\\/02\\\/revolution-padel-store.jpg\",\"contentUrl\":\"https:\\\/\\\/15131.p.syniva.es\\\/wp-content\\\/uploads\\\/2026\\\/02\\\/revolution-padel-store.jpg\",\"width\":2000,\"height\":2000,\"caption\":\"Revolution Padel Store\"},\"image\":{\"@id\":\"https:\\\/\\\/15131.p.syniva.es\\\/de\\\/#\\\/schema\\\/logo\\\/image\\\/\"},\"sameAs\":[\"https:\\\/\\\/www.instagram.com\\\/revolutionpadelstore\\\/\"]}]}<\/script>\n<!-- \/ Yoast SEO plugin. -->","yoast_head_json":{"title":"WILSON BELA PRO V2 - Revolution Padel Store","description":"Wilson Bela Pro V2, disfruta de una pala de forma diamante con n\u00facleo de goma EVA r\u00edgida. Fabricada con carbono premium y carbono 3K para mayor resistencia.","robots":{"index":"index","follow":"follow","max-snippet":"max-snippet:-1","max-image-preview":"max-image-preview:large","max-video-preview":"max-video-preview:-1"},"canonical":"https:\/\/15131.p.syniva.es\/de\/produkt\/wilson-bela-pro-v2\/","og_locale":"de_DE","og_type":"article","og_title":"WILSON BELA PRO V2 - Revolution Padel Store","og_description":"Wilson Bela Pro V2, disfruta de una pala de forma diamante con n\u00facleo de goma EVA r\u00edgida. Fabricada con carbono premium y carbono 3K para mayor resistencia.","og_url":"https:\/\/15131.p.syniva.es\/de\/produkt\/wilson-bela-pro-v2\/","og_site_name":"Revolution Padel Store","article_modified_time":"2026-04-08T12:50:02+00:00","og_image":[{"width":1000,"height":1000,"url":"https:\/\/15131.p.syniva.es\/wp-content\/uploads\/2024\/03\/WILSON_BELA_PRO_V2_WR133711F21000_1000_adcc.webp","type":"image\/webp"}],"twitter_card":"summary_large_image","twitter_misc":{"Gesch\u00e4tzte Lesezeit":"2\u00a0Minuten"},"schema":{"@context":"https:\/\/schema.org","@graph":[{"@type":"WebPage","@id":"https:\/\/15131.p.syniva.es\/de\/produkt\/wilson-bela-pro-v2\/","url":"https:\/\/15131.p.syniva.es\/de\/produkt\/wilson-bela-pro-v2\/","name":"WILSON BELA PRO V2 - Revolution Padel Store","isPartOf":{"@id":"https:\/\/15131.p.syniva.es\/de\/#website"},"primaryImageOfPage":{"@id":"https:\/\/15131.p.syniva.es\/de\/produkt\/wilson-bela-pro-v2\/#primaryimage"},"image":{"@id":"https:\/\/15131.p.syniva.es\/de\/produkt\/wilson-bela-pro-v2\/#primaryimage"},"thumbnailUrl":"https:\/\/15131.p.syniva.es\/wp-content\/uploads\/2024\/03\/WILSON_BELA_PRO_V2_WR133711F21000_1000_adcc.webp","datePublished":"2024-03-21T14:30:57+00:00","dateModified":"2026-04-08T12:50:02+00:00","description":"Wilson Bela Pro V2, disfruta de una pala de forma diamante con n\u00facleo de goma EVA r\u00edgida. Fabricada con carbono premium y carbono 3K para mayor resistencia.","breadcrumb":{"@id":"https:\/\/15131.p.syniva.es\/de\/produkt\/wilson-bela-pro-v2\/#breadcrumb"},"inLanguage":"de","potentialAction":[{"@type":"ReadAction","target":["https:\/\/15131.p.syniva.es\/de\/produkt\/wilson-bela-pro-v2\/"]}]},{"@type":"ImageObject","inLanguage":"de","@id":"https:\/\/15131.p.syniva.es\/de\/produkt\/wilson-bela-pro-v2\/#primaryimage","url":"https:\/\/15131.p.syniva.es\/wp-content\/uploads\/2024\/03\/WILSON_BELA_PRO_V2_WR133711F21000_1000_adcc.webp","contentUrl":"https:\/\/15131.p.syniva.es\/wp-content\/uploads\/2024\/03\/WILSON_BELA_PRO_V2_WR133711F21000_1000_adcc.webp","width":1000,"height":1000},{"@type":"BreadcrumbList","@id":"https:\/\/15131.p.syniva.es\/de\/produkt\/wilson-bela-pro-v2\/#breadcrumb","itemListElement":[{"@type":"ListItem","position":1,"name":"Portada","item":"https:\/\/15131.p.syniva.es\/de\/"},{"@type":"ListItem","position":2,"name":"Shop","item":"https:\/\/15131.p.syniva.es\/de\/tienda\/"},{"@type":"ListItem","position":3,"name":"WILSON BELA PRO V2"}]},{"@type":"WebSite","@id":"https:\/\/15131.p.syniva.es\/de\/#website","url":"https:\/\/15131.p.syniva.es\/de\/","name":"Revolution Padel Store","description":"","publisher":{"@id":"https:\/\/15131.p.syniva.es\/de\/#organization"},"potentialAction":[{"@type":"SearchAction","target":{"@type":"EntryPoint","urlTemplate":"https:\/\/15131.p.syniva.es\/de\/?s={search_term_string}"},"query-input":{"@type":"PropertyValueSpecification","valueRequired":true,"valueName":"search_term_string"}}],"inLanguage":"de"},{"@type":"Organization","@id":"https:\/\/15131.p.syniva.es\/de\/#organization","name":"Revolution Padel Store","url":"https:\/\/15131.p.syniva.es\/de\/","logo":{"@type":"ImageObject","inLanguage":"de","@id":"https:\/\/15131.p.syniva.es\/de\/#\/schema\/logo\/image\/","url":"https:\/\/15131.p.syniva.es\/wp-content\/uploads\/2026\/02\/revolution-padel-store.jpg","contentUrl":"https:\/\/15131.p.syniva.es\/wp-content\/uploads\/2026\/02\/revolution-padel-store.jpg","width":2000,"height":2000,"caption":"Revolution Padel Store"},"image":{"@id":"https:\/\/15131.p.syniva.es\/de\/#\/schema\/logo\/image\/"},"sameAs":["https:\/\/www.instagram.com\/revolutionpadelstore\/"]}]}},"_links":{"self":[{"href":"https:\/\/15131.p.syniva.es\/de\/wp-json\/wp\/v2\/product\/20242","targetHints":{"allow":["GET"]}}],"collection":[{"href":"https:\/\/15131.p.syniva.es\/de\/wp-json\/wp\/v2\/product"}],"about":[{"href":"https:\/\/15131.p.syniva.es\/de\/wp-json\/wp\/v2\/types\/product"}],"replies":[{"embeddable":true,"href":"https:\/\/15131.p.syniva.es\/de\/wp-json\/wp\/v2\/comments?post=20242"}],"wp:featuredmedia":[{"embeddable":true,"href":"https:\/\/15131.p.syniva.es\/de\/wp-json\/wp\/v2\/media\/51881"}],"wp:attachment":[{"href":"https:\/\/15131.p.syniva.es\/de\/wp-json\/wp\/v2\/media?parent=20242"}],"wp:term":[{"taxonomy":"acabado","embeddable":true,"href":"https:\/\/15131.p.syniva.es\/de\/wp-json\/wp\/v2\/acabado?post=20242"},{"taxonomy":"balance","embeddable":true,"href":"https:\/\/15131.p.syniva.es\/de\/wp-json\/wp\/v2\/balance?post=20242"},{"taxonomy":"dureza","embeddable":true,"href":"https:\/\/15131.p.syniva.es\/de\/wp-json\/wp\/v2\/dureza?post=20242"},{"taxonomy":"forma","embeddable":true,"href":"https:\/\/15131.p.syniva.es\/de\/wp-json\/wp\/v2\/forma?post=20242"},{"taxonomy":"jugador","embeddable":true,"href":"https:\/\/15131.p.syniva.es\/de\/wp-json\/wp\/v2\/jugador?post=20242"},{"taxonomy":"marca","embeddable":true,"href":"https:\/\/15131.p.syniva.es\/de\/wp-json\/wp\/v2\/marca?post=20242"},{"taxonomy":"nivel-de-juego","embeddable":true,"href":"https:\/\/15131.p.syniva.es\/de\/wp-json\/wp\/v2\/nivel-de-juego?post=20242"},{"taxonomy":"superficie","embeddable":true,"href":"https:\/\/15131.p.syniva.es\/de\/wp-json\/wp\/v2\/superficie?post=20242"},{"taxonomy":"tipo-de-juego","embeddable":true,"href":"https:\/\/15131.p.syniva.es\/de\/wp-json\/wp\/v2\/tipo-de-juego?post=20242"},{"taxonomy":"product_brand","embeddable":true,"href":"https:\/\/15131.p.syniva.es\/de\/wp-json\/wp\/v2\/product_brand?post=20242"},{"taxonomy":"product_cat","embeddable":true,"href":"https:\/\/15131.p.syniva.es\/de\/wp-json\/wp\/v2\/product_cat?post=20242"},{"taxonomy":"product_tag","embeddable":true,"href":"https:\/\/15131.p.syniva.es\/de\/wp-json\/wp\/v2\/product_tag?post=20242"}],"curies":[{"name":"wp","href":"https:\/\/api.w.org\/{rel}","templated":true}]}}