{"id":20477,"date":"2024-03-13T15:12:30","date_gmt":"2024-03-13T14:12:30","guid":{"rendered":"https:\/\/15131.p.syniva.es\/bullpadel-hack-03-24\/"},"modified":"2026-04-08T15:07:37","modified_gmt":"2026-04-08T13:07:37","slug":"bullpadel-hack-03-24-1","status":"publish","type":"product","link":"https:\/\/15131.p.syniva.es\/de\/produkt\/bullpadel-hack-03-24-1\/","title":{"rendered":"BULLPADEL HACK 03 24"},"content":{"rendered":"<h2>Bullpadel Hack 03 24, Paquito Navarros definitiver Schl\u00e4ger f\u00fcr 2024<\/h2>\n<p>Der Bullpadel Hack 03 24, Teil der <strong>2024<\/strong>-Kollektion und in Zusammenarbeit mit dem legend\u00e4ren <strong>Paquito Navarro<\/strong> entwickelt, verk\u00f6rpert Perfektion in jedem Schlag. Dieser Padelschl\u00e4ger wurde f\u00fcr <strong>fortgeschrittene und professionelle Spieler<\/strong> entwickelt und ist die definitive Wahl f\u00fcr alle, die ein leistungsstarkes und technisches Spiel suchen.<\/p>\n<p>Die Rautenform ist ideal f\u00fcr die Arbeit an der Krafttechnik und macht ihn zum perfekten Werkzeug, um den Platz zu dominieren. Seine \u00e4u\u00dfere Zusammensetzung aus Tricarbon und sein Kern aus MultiEVA unterschiedlicher Dichte garantieren eine einzigartige Kombination aus Widerstand und Reaktion, die sich in einer unvergleichlichen Leistung bei jedem Schlag niederschl\u00e4gt.<\/p>\n<p>Die <strong><em>Aluminum CW<\/em><\/strong>-Technologie im Padelschl\u00e4gerschutz sorgt f\u00fcr zus\u00e4tzliche Haltbarkeit und Schutz und sorgt daf\u00fcr, dass er auch nach den intensivsten Spielen in perfektem Zustand bleibt. Dar\u00fcber hinaus das <em><strong>Air React Channel <\/strong><\/em>System und das <strong>100 % Carbon-Rohr <em>CarbonTube<\/em><\/strong><em> <\/em> Sie machen diesen Schl\u00e4ger au\u00dfergew\u00f6hnlich leicht und aerodynamisch, sodass Sie sich schnell und mit absoluter Kontrolle auf dem Platz bewegen k\u00f6nnen.<\/p>\n<h2>Spielen Sie mit den Effekten des 3D-Rohfinishs<\/h2>\n<p>Mit einer rauen <em><strong>3D-K\u00f6rnung<\/strong><\/em>-Oberfl\u00e4che, die au\u00dfergew\u00f6hnlichen Grip bietet und es Ihnen erm\u00f6glicht, verheerende Effekte auf dem Ball zu erzielen. Dar\u00fcber hinaus verf\u00fcgt der <em><strong>Metalshield<\/strong><\/em>Rahmen \u00fcber die <em><strong>CustomWeight<\/strong><\/em>-Technologie, mit der Sie die Balance des Schl\u00e4gers individuell an Ihre Bed\u00fcrfnisse anpassen k\u00f6nnen Ihren individuellen Vorlieben und geben Ihnen so noch mehr Kontrolle \u00fcber Ihr Spiel.<\/p>\n<p>Mit dem <em><strong>Vibradrive<\/strong><\/em>-System, das st\u00f6rende Vibrationen im Arm reduziert und Ihnen ein komfortableres und sorgenfreies Spielen erm\u00f6glicht. Die Hack-Herz- und Nervenkan\u00e4le im Rahmen verleihen Ihren Schl\u00e4gen zus\u00e4tzliche Stabilit\u00e4t und Kraft und machen jeden Punkt dem Sieg einen Schritt n\u00e4her. Es ist mit dem Hesacorre Grip ausgestattet, der Verletzungen durch Vibrationen vorbeugt.<\/p>\n<h2>Bullpadel Hack 03 24, la pala definitiva de Paquito Navarro para 2024<\/h2>\n","protected":false},"excerpt":{"rendered":"<p>Bullpadel Hack 03 24, der Schl\u00e4ger von Paquito Navarro f\u00fcr die Saison 2024. Ein Diamantschl\u00e4ger mit den besten Materialien f\u00fcr fortgeschrittene Padelspieler.<\/p>\n","protected":false},"featured_media":52785,"comment_status":"open","ping_status":"closed","template":"","meta":{"_acf_changed":false,"_joinchat":[]},"acabado":[1079],"balance":[1134],"dureza":[1154],"forma":[1169],"jugador":[1189,1199],"marca":[1254],"nivel-de-juego":[1334],"superficie":[1359],"tipo-de-juego":[1374],"product_brand":[],"product_cat":[299],"product_tag":[],"class_list":{"0":"post-20477","1":"product","2":"type-product","3":"status-publish","4":"has-post-thumbnail","6":"acabado-helligkeit","7":"balance-hoch","8":"dureza-media-de","9":"forma-diamante-de","10":"jugador-mann","11":"jugador-mehrzweck","12":"marca-bullpadel-de","13":"superficie-rugosa-de","14":"tipo-de-juego-leistung","15":"product_cat-palas-de-padel-de","17":"first","18":"instock","19":"sale","20":"taxable","21":"shipping-taxable","22":"purchasable","23":"product-type-simple"},"acf":[],"yoast_head":"<!-- This site is optimized with the Yoast SEO plugin v27.4 - https:\/\/yoast.com\/product\/yoast-seo-wordpress\/ -->\n<title>BULLPADEL HACK 03 24 - Revolution Padel Store<\/title>\n<meta name=\"description\" content=\"Bullpadel Hack 03 24, pala de Paquito Navarro para la temporada de 2024. Una pala de diamante con los mejores materiales para jugadores avanzados de p\u00e1del.\" \/>\n<meta name=\"robots\" content=\"index, follow, max-snippet:-1, max-image-preview:large, max-video-preview:-1\" \/>\n<link rel=\"canonical\" href=\"https:\/\/15131.p.syniva.es\/de\/produkt\/bullpadel-hack-03-24-1\/\" \/>\n<meta property=\"og:locale\" content=\"de_DE\" \/>\n<meta property=\"og:type\" content=\"article\" \/>\n<meta property=\"og:title\" content=\"BULLPADEL HACK 03 24 - Revolution Padel Store\" \/>\n<meta property=\"og:description\" content=\"Bullpadel Hack 03 24, pala de Paquito Navarro para la temporada de 2024. Una pala de diamante con los mejores materiales para jugadores avanzados de p\u00e1del.\" \/>\n<meta property=\"og:url\" content=\"https:\/\/15131.p.syniva.es\/de\/produkt\/bullpadel-hack-03-24-1\/\" \/>\n<meta property=\"og:site_name\" content=\"Revolution Padel Store\" \/>\n<meta property=\"article:modified_time\" content=\"2026-04-08T13:07:37+00:00\" \/>\n<meta property=\"og:image\" content=\"https:\/\/15131.p.syniva.es\/wp-content\/uploads\/2024\/03\/110861_pala_bullpadel_hack_03_24_471602_1500x1500_vista1_0fbc.webp\" \/>\n\t<meta property=\"og:image:width\" content=\"1500\" \/>\n\t<meta property=\"og:image:height\" content=\"1500\" \/>\n\t<meta property=\"og:image:type\" content=\"image\/webp\" \/>\n<meta name=\"twitter:card\" content=\"summary_large_image\" \/>\n<meta name=\"twitter:label1\" content=\"Gesch\u00e4tzte Lesezeit\" \/>\n\t<meta name=\"twitter:data1\" content=\"2\u00a0Minuten\" \/>\n<script type=\"application\/ld+json\" class=\"yoast-schema-graph\">{\"@context\":\"https:\\\/\\\/schema.org\",\"@graph\":[{\"@type\":\"WebPage\",\"@id\":\"https:\\\/\\\/15131.p.syniva.es\\\/de\\\/produkt\\\/bullpadel-hack-03-24-1\\\/\",\"url\":\"https:\\\/\\\/15131.p.syniva.es\\\/de\\\/produkt\\\/bullpadel-hack-03-24-1\\\/\",\"name\":\"BULLPADEL HACK 03 24 - Revolution Padel Store\",\"isPartOf\":{\"@id\":\"https:\\\/\\\/15131.p.syniva.es\\\/de\\\/#website\"},\"primaryImageOfPage\":{\"@id\":\"https:\\\/\\\/15131.p.syniva.es\\\/de\\\/produkt\\\/bullpadel-hack-03-24-1\\\/#primaryimage\"},\"image\":{\"@id\":\"https:\\\/\\\/15131.p.syniva.es\\\/de\\\/produkt\\\/bullpadel-hack-03-24-1\\\/#primaryimage\"},\"thumbnailUrl\":\"https:\\\/\\\/15131.p.syniva.es\\\/wp-content\\\/uploads\\\/2024\\\/03\\\/110861_pala_bullpadel_hack_03_24_471602_1500x1500_vista1_0fbc.webp\",\"datePublished\":\"2024-03-13T14:12:30+00:00\",\"dateModified\":\"2026-04-08T13:07:37+00:00\",\"description\":\"Bullpadel Hack 03 24, pala de Paquito Navarro para la temporada de 2024. Una pala de diamante con los mejores materiales para jugadores avanzados de p\u00e1del.\",\"breadcrumb\":{\"@id\":\"https:\\\/\\\/15131.p.syniva.es\\\/de\\\/produkt\\\/bullpadel-hack-03-24-1\\\/#breadcrumb\"},\"inLanguage\":\"de\",\"potentialAction\":[{\"@type\":\"ReadAction\",\"target\":[\"https:\\\/\\\/15131.p.syniva.es\\\/de\\\/produkt\\\/bullpadel-hack-03-24-1\\\/\"]}]},{\"@type\":\"ImageObject\",\"inLanguage\":\"de\",\"@id\":\"https:\\\/\\\/15131.p.syniva.es\\\/de\\\/produkt\\\/bullpadel-hack-03-24-1\\\/#primaryimage\",\"url\":\"https:\\\/\\\/15131.p.syniva.es\\\/wp-content\\\/uploads\\\/2024\\\/03\\\/110861_pala_bullpadel_hack_03_24_471602_1500x1500_vista1_0fbc.webp\",\"contentUrl\":\"https:\\\/\\\/15131.p.syniva.es\\\/wp-content\\\/uploads\\\/2024\\\/03\\\/110861_pala_bullpadel_hack_03_24_471602_1500x1500_vista1_0fbc.webp\",\"width\":1500,\"height\":1500},{\"@type\":\"BreadcrumbList\",\"@id\":\"https:\\\/\\\/15131.p.syniva.es\\\/de\\\/produkt\\\/bullpadel-hack-03-24-1\\\/#breadcrumb\",\"itemListElement\":[{\"@type\":\"ListItem\",\"position\":1,\"name\":\"Portada\",\"item\":\"https:\\\/\\\/15131.p.syniva.es\\\/de\\\/\"},{\"@type\":\"ListItem\",\"position\":2,\"name\":\"Shop\",\"item\":\"https:\\\/\\\/15131.p.syniva.es\\\/de\\\/tienda\\\/\"},{\"@type\":\"ListItem\",\"position\":3,\"name\":\"BULLPADEL HACK 03 24\"}]},{\"@type\":\"WebSite\",\"@id\":\"https:\\\/\\\/15131.p.syniva.es\\\/de\\\/#website\",\"url\":\"https:\\\/\\\/15131.p.syniva.es\\\/de\\\/\",\"name\":\"Revolution Padel Store\",\"description\":\"\",\"publisher\":{\"@id\":\"https:\\\/\\\/15131.p.syniva.es\\\/de\\\/#organization\"},\"potentialAction\":[{\"@type\":\"SearchAction\",\"target\":{\"@type\":\"EntryPoint\",\"urlTemplate\":\"https:\\\/\\\/15131.p.syniva.es\\\/de\\\/?s={search_term_string}\"},\"query-input\":{\"@type\":\"PropertyValueSpecification\",\"valueRequired\":true,\"valueName\":\"search_term_string\"}}],\"inLanguage\":\"de\"},{\"@type\":\"Organization\",\"@id\":\"https:\\\/\\\/15131.p.syniva.es\\\/de\\\/#organization\",\"name\":\"Revolution Padel Store\",\"url\":\"https:\\\/\\\/15131.p.syniva.es\\\/de\\\/\",\"logo\":{\"@type\":\"ImageObject\",\"inLanguage\":\"de\",\"@id\":\"https:\\\/\\\/15131.p.syniva.es\\\/de\\\/#\\\/schema\\\/logo\\\/image\\\/\",\"url\":\"https:\\\/\\\/15131.p.syniva.es\\\/wp-content\\\/uploads\\\/2026\\\/02\\\/revolution-padel-store.jpg\",\"contentUrl\":\"https:\\\/\\\/15131.p.syniva.es\\\/wp-content\\\/uploads\\\/2026\\\/02\\\/revolution-padel-store.jpg\",\"width\":2000,\"height\":2000,\"caption\":\"Revolution Padel Store\"},\"image\":{\"@id\":\"https:\\\/\\\/15131.p.syniva.es\\\/de\\\/#\\\/schema\\\/logo\\\/image\\\/\"},\"sameAs\":[\"https:\\\/\\\/www.instagram.com\\\/revolutionpadelstore\\\/\"]}]}<\/script>\n<!-- \/ Yoast SEO plugin. -->","yoast_head_json":{"title":"BULLPADEL HACK 03 24 - Revolution Padel Store","description":"Bullpadel Hack 03 24, pala de Paquito Navarro para la temporada de 2024. Una pala de diamante con los mejores materiales para jugadores avanzados de p\u00e1del.","robots":{"index":"index","follow":"follow","max-snippet":"max-snippet:-1","max-image-preview":"max-image-preview:large","max-video-preview":"max-video-preview:-1"},"canonical":"https:\/\/15131.p.syniva.es\/de\/produkt\/bullpadel-hack-03-24-1\/","og_locale":"de_DE","og_type":"article","og_title":"BULLPADEL HACK 03 24 - Revolution Padel Store","og_description":"Bullpadel Hack 03 24, pala de Paquito Navarro para la temporada de 2024. Una pala de diamante con los mejores materiales para jugadores avanzados de p\u00e1del.","og_url":"https:\/\/15131.p.syniva.es\/de\/produkt\/bullpadel-hack-03-24-1\/","og_site_name":"Revolution Padel Store","article_modified_time":"2026-04-08T13:07:37+00:00","og_image":[{"width":1500,"height":1500,"url":"https:\/\/15131.p.syniva.es\/wp-content\/uploads\/2024\/03\/110861_pala_bullpadel_hack_03_24_471602_1500x1500_vista1_0fbc.webp","type":"image\/webp"}],"twitter_card":"summary_large_image","twitter_misc":{"Gesch\u00e4tzte Lesezeit":"2\u00a0Minuten"},"schema":{"@context":"https:\/\/schema.org","@graph":[{"@type":"WebPage","@id":"https:\/\/15131.p.syniva.es\/de\/produkt\/bullpadel-hack-03-24-1\/","url":"https:\/\/15131.p.syniva.es\/de\/produkt\/bullpadel-hack-03-24-1\/","name":"BULLPADEL HACK 03 24 - Revolution Padel Store","isPartOf":{"@id":"https:\/\/15131.p.syniva.es\/de\/#website"},"primaryImageOfPage":{"@id":"https:\/\/15131.p.syniva.es\/de\/produkt\/bullpadel-hack-03-24-1\/#primaryimage"},"image":{"@id":"https:\/\/15131.p.syniva.es\/de\/produkt\/bullpadel-hack-03-24-1\/#primaryimage"},"thumbnailUrl":"https:\/\/15131.p.syniva.es\/wp-content\/uploads\/2024\/03\/110861_pala_bullpadel_hack_03_24_471602_1500x1500_vista1_0fbc.webp","datePublished":"2024-03-13T14:12:30+00:00","dateModified":"2026-04-08T13:07:37+00:00","description":"Bullpadel Hack 03 24, pala de Paquito Navarro para la temporada de 2024. Una pala de diamante con los mejores materiales para jugadores avanzados de p\u00e1del.","breadcrumb":{"@id":"https:\/\/15131.p.syniva.es\/de\/produkt\/bullpadel-hack-03-24-1\/#breadcrumb"},"inLanguage":"de","potentialAction":[{"@type":"ReadAction","target":["https:\/\/15131.p.syniva.es\/de\/produkt\/bullpadel-hack-03-24-1\/"]}]},{"@type":"ImageObject","inLanguage":"de","@id":"https:\/\/15131.p.syniva.es\/de\/produkt\/bullpadel-hack-03-24-1\/#primaryimage","url":"https:\/\/15131.p.syniva.es\/wp-content\/uploads\/2024\/03\/110861_pala_bullpadel_hack_03_24_471602_1500x1500_vista1_0fbc.webp","contentUrl":"https:\/\/15131.p.syniva.es\/wp-content\/uploads\/2024\/03\/110861_pala_bullpadel_hack_03_24_471602_1500x1500_vista1_0fbc.webp","width":1500,"height":1500},{"@type":"BreadcrumbList","@id":"https:\/\/15131.p.syniva.es\/de\/produkt\/bullpadel-hack-03-24-1\/#breadcrumb","itemListElement":[{"@type":"ListItem","position":1,"name":"Portada","item":"https:\/\/15131.p.syniva.es\/de\/"},{"@type":"ListItem","position":2,"name":"Shop","item":"https:\/\/15131.p.syniva.es\/de\/tienda\/"},{"@type":"ListItem","position":3,"name":"BULLPADEL HACK 03 24"}]},{"@type":"WebSite","@id":"https:\/\/15131.p.syniva.es\/de\/#website","url":"https:\/\/15131.p.syniva.es\/de\/","name":"Revolution Padel Store","description":"","publisher":{"@id":"https:\/\/15131.p.syniva.es\/de\/#organization"},"potentialAction":[{"@type":"SearchAction","target":{"@type":"EntryPoint","urlTemplate":"https:\/\/15131.p.syniva.es\/de\/?s={search_term_string}"},"query-input":{"@type":"PropertyValueSpecification","valueRequired":true,"valueName":"search_term_string"}}],"inLanguage":"de"},{"@type":"Organization","@id":"https:\/\/15131.p.syniva.es\/de\/#organization","name":"Revolution Padel Store","url":"https:\/\/15131.p.syniva.es\/de\/","logo":{"@type":"ImageObject","inLanguage":"de","@id":"https:\/\/15131.p.syniva.es\/de\/#\/schema\/logo\/image\/","url":"https:\/\/15131.p.syniva.es\/wp-content\/uploads\/2026\/02\/revolution-padel-store.jpg","contentUrl":"https:\/\/15131.p.syniva.es\/wp-content\/uploads\/2026\/02\/revolution-padel-store.jpg","width":2000,"height":2000,"caption":"Revolution Padel Store"},"image":{"@id":"https:\/\/15131.p.syniva.es\/de\/#\/schema\/logo\/image\/"},"sameAs":["https:\/\/www.instagram.com\/revolutionpadelstore\/"]}]}},"_links":{"self":[{"href":"https:\/\/15131.p.syniva.es\/de\/wp-json\/wp\/v2\/product\/20477","targetHints":{"allow":["GET"]}}],"collection":[{"href":"https:\/\/15131.p.syniva.es\/de\/wp-json\/wp\/v2\/product"}],"about":[{"href":"https:\/\/15131.p.syniva.es\/de\/wp-json\/wp\/v2\/types\/product"}],"replies":[{"embeddable":true,"href":"https:\/\/15131.p.syniva.es\/de\/wp-json\/wp\/v2\/comments?post=20477"}],"wp:featuredmedia":[{"embeddable":true,"href":"https:\/\/15131.p.syniva.es\/de\/wp-json\/wp\/v2\/media\/52785"}],"wp:attachment":[{"href":"https:\/\/15131.p.syniva.es\/de\/wp-json\/wp\/v2\/media?parent=20477"}],"wp:term":[{"taxonomy":"acabado","embeddable":true,"href":"https:\/\/15131.p.syniva.es\/de\/wp-json\/wp\/v2\/acabado?post=20477"},{"taxonomy":"balance","embeddable":true,"href":"https:\/\/15131.p.syniva.es\/de\/wp-json\/wp\/v2\/balance?post=20477"},{"taxonomy":"dureza","embeddable":true,"href":"https:\/\/15131.p.syniva.es\/de\/wp-json\/wp\/v2\/dureza?post=20477"},{"taxonomy":"forma","embeddable":true,"href":"https:\/\/15131.p.syniva.es\/de\/wp-json\/wp\/v2\/forma?post=20477"},{"taxonomy":"jugador","embeddable":true,"href":"https:\/\/15131.p.syniva.es\/de\/wp-json\/wp\/v2\/jugador?post=20477"},{"taxonomy":"marca","embeddable":true,"href":"https:\/\/15131.p.syniva.es\/de\/wp-json\/wp\/v2\/marca?post=20477"},{"taxonomy":"nivel-de-juego","embeddable":true,"href":"https:\/\/15131.p.syniva.es\/de\/wp-json\/wp\/v2\/nivel-de-juego?post=20477"},{"taxonomy":"superficie","embeddable":true,"href":"https:\/\/15131.p.syniva.es\/de\/wp-json\/wp\/v2\/superficie?post=20477"},{"taxonomy":"tipo-de-juego","embeddable":true,"href":"https:\/\/15131.p.syniva.es\/de\/wp-json\/wp\/v2\/tipo-de-juego?post=20477"},{"taxonomy":"product_brand","embeddable":true,"href":"https:\/\/15131.p.syniva.es\/de\/wp-json\/wp\/v2\/product_brand?post=20477"},{"taxonomy":"product_cat","embeddable":true,"href":"https:\/\/15131.p.syniva.es\/de\/wp-json\/wp\/v2\/product_cat?post=20477"},{"taxonomy":"product_tag","embeddable":true,"href":"https:\/\/15131.p.syniva.es\/de\/wp-json\/wp\/v2\/product_tag?post=20477"}],"curies":[{"name":"wp","href":"https:\/\/api.w.org\/{rel}","templated":true}]}}