{"id":263928,"date":"2025-06-19T14:07:49","date_gmt":"2025-06-19T12:07:49","guid":{"rendered":"https:\/\/15131.p.syniva.es\/?post_type=product&#038;p=263928"},"modified":"2026-04-16T02:01:24","modified_gmt":"2026-04-16T00:01:24","slug":"wilson-bela-v3","status":"publish","type":"product","link":"https:\/\/15131.p.syniva.es\/de\/produkt\/wilson-bela-v3\/","title":{"rendered":"WILSON BELA V3"},"content":{"rendered":"<h2>Wilson Bela V3 2025 \u2013 Meistern Sie jeden Punkt mit Kraft und Kontrolle<\/h2>\n<h2>Der definitive Padelschl\u00e4ger f\u00fcr fortgeschrittene und fortgeschrittene Spieler<\/h2>\n<p>Der <strong>Wilson Bela V3 2025<\/strong> ist die perfekte Wahl f\u00fcr anspruchsvolle Padel-Spieler, die eine ideale Balance zwischen Kraft, Kontrolle und Pr\u00e4zision suchen. Dieser Schl\u00e4ger wurde in Zusammenarbeit mit der Legende Fernando Belastegu\u00edn entwickelt und erm\u00f6glicht es Ihnen, in jedem Moment hervorzustechen, egal ob Sie von hinten spielen oder mit kraftvollen Schl\u00e4gen ins Netz schlie\u00dfen.<\/p>\n<h2> Hervorgehobene Funktionen<\/h2>\n<p style=\"padding-left: 40px\"><strong>-Spielart:<\/strong> offensiv und taktisch<\/p>\n<p style=\"padding-left: 40px\"><strong>-Shape:<\/strong> Tropfen<\/p>\n<p style=\"padding-left: 40px\"><strong>-Gewicht:<\/strong> \u00b1 365 g<\/p>\n<p style=\"padding-left: 40px\"><strong>-Balance:<\/strong> mittel-hoch<\/p>\n<p style=\"padding-left: 40px\"><strong>-Rahmen:<\/strong> r\u00f6hrenf\u00f6rmiger C2-Carbon<\/p>\n<p style=\"padding-left: 40px\"><strong>-Faces:<\/strong> Kombination aus 3K Carbon + Fiberglas<\/p>\n<p style=\"padding-left: 40px\"><strong>-Kern:<\/strong> Festes EVA<\/p>\n<p style=\"padding-left: 40px\"><strong>-Oberfl\u00e4che:<\/strong> rau mit <em>Spin Surface<\/em><\/p>\n<p>-Technologie<\/p>\n<h2> Technologien, die einen Unterschied machen<\/h2>\n<p style=\"padding-left: 40px\"><strong>-Sharp Hole-Technologie:<\/strong> Optimiertes Perforationsmuster, das die Ballausgabe verbessert.<\/p>\n<p style=\"padding-left: 40px\"><strong>-Shock Shield Grip:<\/strong> reduziert Vibrationen und sorgt f\u00fcr ein angenehmeres Schlaggef\u00fchl.<\/p>\n<p style=\"padding-left: 40px\"><strong>-Anti-Fragile Edge:<\/strong> Verst\u00e4rkung am Rahmen, die die Festigkeit und Haltbarkeit erh\u00f6ht.<\/p>\n<h2> Wettbewerbsvorteile<\/h2>\n<p style=\"padding-left: 40px\">-Hervorragende Kombination aus <strong>Kraft bei Offensivschl\u00e4gen<\/strong> und <strong>Pr\u00e4zision in der Verteidigung<\/strong>.<\/p>\n<p style=\"padding-left: 40px\">-Grobe Textur, die die <strong>Effekte in jeder Aufnahme<\/strong> verst\u00e4rkt.<\/p>\n<p style=\"padding-left: 40px\">-Hochwertige Materialien f\u00fcr <strong>\u00fcberragende Spielbarkeit und l\u00e4ngere Haltbarkeit<\/strong>.<\/p>\n<p style=\"padding-left: 40px\">-Ideal f\u00fcr <strong>Spieler in der technischen Evolution<\/strong>, die ihr Spielniveau verbessern m\u00f6chten.<\/p>\n<h2> Warum sollten Sie sich f\u00fcr den Wilson Bela V3 2025 entscheiden?<\/h2>\n<p>Dieser Padelschl\u00e4ger wurde entwickelt, um <strong>das Spielfeld anzuf\u00fchren<\/strong>. Seine Vielseitigkeit erm\u00f6glicht es ihm, sich sowohl an den taktischen Spieler anzupassen, der den Rhythmus von hinten dominiert, als auch an den aggressiven Spieler, der versucht, die Punkte mit Autorit\u00e4t zu definieren.<\/p>\n<p>Mit dem Wilson Bela V3 2025 haben Sie die Kontrolle, wenn Sie sie brauchen, und Leistung, wenn Sie sie verlangen. Es gibt keine Ausreden, nicht zu gewinnen!<\/p>\n<p><strong>Jetzt erh\u00e4ltlich in unserem Online-Shop <a href=\"https:\/\/www.15131.p.syniva.es\/\">www.15131.p.syniva.es<\/a>, wahrscheinlich zum besten Preis auf dem Markt.<\/strong><\/p>\n<h2>Wilson Bela V3 2025 \u2013 Domina cada punto con potencia y control<\/h2>\n","protected":false},"excerpt":{"rendered":"<p><strong data-start=\"49\" data-end=\"72\">Wilson Bela V3 2025<\/strong>: ein vielseitiger tropfenf\u00f6rmiger Schl\u00e4ger mit einem hochdichten EVA-Kern und einer rauen Oberfl\u00e4che. Er bietet eine hervorragende Kombination aus Kraft, Kontrolle und Spin und ist damit die ideale Wahl f\u00fcr fortgeschrittene Spieler, die ein ausgewogenes und pr\u00e4zises Spiel suchen.<strong data-start=\"49\" data-end=\"72\">Wilson Bela V3 2025<\/strong><\/p>\n","protected":false},"featured_media":263934,"comment_status":"open","ping_status":"closed","template":"","meta":{"_acf_changed":false,"_joinchat":[]},"acabado":[1089],"balance":[1134,1139],"dureza":[1154],"forma":[1184],"jugador":[1189],"marca":[1264],"nivel-de-juego":[1334,1339],"superficie":[1359],"tipo-de-juego":[1374],"product_brand":[],"product_cat":[299],"product_tag":[],"class_list":{"0":"post-263928","1":"product","2":"type-product","3":"status-publish","4":"has-post-thumbnail","6":"acabado-3d-entlasten","7":"balance-hoch","8":"balance-mittel","9":"dureza-media-de","10":"forma-lagrima-de","11":"jugador-mann","12":"marca-wilson-de","13":"superficie-rugosa-de","14":"tipo-de-juego-leistung","15":"product_cat-palas-de-padel-de","17":"first","18":"instock","19":"sale","20":"taxable","21":"shipping-taxable","22":"purchasable","23":"product-type-simple"},"acf":[],"yoast_head":"<!-- This site is optimized with the Yoast SEO plugin v27.4 - https:\/\/yoast.com\/product\/yoast-seo-wordpress\/ -->\n<title>WILSON BELA V3 - Revolution Padel Store<\/title>\n<meta name=\"description\" content=\"Descubre la nueva Wilson Bela V3 2025, la pala ideal para jugadores intermedios y avanzados que buscan potencia, control y precisi\u00f3n. \u00a1C\u00f3mprala en Revolution Padel Store al mejor precio!\u00bfTe gustar\u00eda que ahora redacte la secci\u00f3n de preguntas frecuentes o productos relacionados?\" \/>\n<meta name=\"robots\" content=\"index, follow, max-snippet:-1, max-image-preview:large, max-video-preview:-1\" \/>\n<link rel=\"canonical\" href=\"https:\/\/15131.p.syniva.es\/de\/produkt\/wilson-bela-v3\/\" \/>\n<meta property=\"og:locale\" content=\"de_DE\" \/>\n<meta property=\"og:type\" content=\"article\" \/>\n<meta property=\"og:title\" content=\"WILSON BELA V3 - Revolution Padel Store\" \/>\n<meta property=\"og:description\" content=\"Descubre la nueva Wilson Bela V3 2025, la pala ideal para jugadores intermedios y avanzados que buscan potencia, control y precisi\u00f3n. \u00a1C\u00f3mprala en Revolution Padel Store al mejor precio!\u00bfTe gustar\u00eda que ahora redacte la secci\u00f3n de preguntas frecuentes o productos relacionados?\" \/>\n<meta property=\"og:url\" content=\"https:\/\/15131.p.syniva.es\/de\/produkt\/wilson-bela-v3\/\" \/>\n<meta property=\"og:site_name\" content=\"Revolution Padel Store\" \/>\n<meta property=\"article:modified_time\" content=\"2026-04-16T00:01:24+00:00\" \/>\n<meta property=\"og:image\" content=\"https:\/\/15131.p.syniva.es\/wp-content\/uploads\/2025\/06\/119460-pala-wilson-bela-v3-wr186511u-1500x1500-1.webp\" \/>\n\t<meta property=\"og:image:width\" content=\"1500\" \/>\n\t<meta property=\"og:image:height\" content=\"1500\" \/>\n\t<meta property=\"og:image:type\" content=\"image\/webp\" \/>\n<meta name=\"twitter:card\" content=\"summary_large_image\" \/>\n<meta name=\"twitter:label1\" content=\"Gesch\u00e4tzte Lesezeit\" \/>\n\t<meta name=\"twitter:data1\" content=\"2\u00a0Minuten\" \/>\n<script type=\"application\/ld+json\" class=\"yoast-schema-graph\">{\"@context\":\"https:\\\/\\\/schema.org\",\"@graph\":[{\"@type\":\"WebPage\",\"@id\":\"https:\\\/\\\/15131.p.syniva.es\\\/de\\\/produkt\\\/wilson-bela-v3\\\/\",\"url\":\"https:\\\/\\\/15131.p.syniva.es\\\/de\\\/produkt\\\/wilson-bela-v3\\\/\",\"name\":\"WILSON BELA V3 - Revolution Padel Store\",\"isPartOf\":{\"@id\":\"https:\\\/\\\/15131.p.syniva.es\\\/de\\\/#website\"},\"primaryImageOfPage\":{\"@id\":\"https:\\\/\\\/15131.p.syniva.es\\\/de\\\/produkt\\\/wilson-bela-v3\\\/#primaryimage\"},\"image\":{\"@id\":\"https:\\\/\\\/15131.p.syniva.es\\\/de\\\/produkt\\\/wilson-bela-v3\\\/#primaryimage\"},\"thumbnailUrl\":\"https:\\\/\\\/15131.p.syniva.es\\\/wp-content\\\/uploads\\\/2025\\\/06\\\/119460-pala-wilson-bela-v3-wr186511u-1500x1500-1.webp\",\"datePublished\":\"2025-06-19T12:07:49+00:00\",\"dateModified\":\"2026-04-16T00:01:24+00:00\",\"description\":\"Descubre la nueva Wilson Bela V3 2025, la pala ideal para jugadores intermedios y avanzados que buscan potencia, control y precisi\u00f3n. \u00a1C\u00f3mprala en Revolution Padel Store al mejor precio!\u00bfTe gustar\u00eda que ahora redacte la secci\u00f3n de preguntas frecuentes o productos relacionados?\",\"breadcrumb\":{\"@id\":\"https:\\\/\\\/15131.p.syniva.es\\\/de\\\/produkt\\\/wilson-bela-v3\\\/#breadcrumb\"},\"inLanguage\":\"de\",\"potentialAction\":[{\"@type\":\"ReadAction\",\"target\":[\"https:\\\/\\\/15131.p.syniva.es\\\/de\\\/produkt\\\/wilson-bela-v3\\\/\"]}]},{\"@type\":\"ImageObject\",\"inLanguage\":\"de\",\"@id\":\"https:\\\/\\\/15131.p.syniva.es\\\/de\\\/produkt\\\/wilson-bela-v3\\\/#primaryimage\",\"url\":\"https:\\\/\\\/15131.p.syniva.es\\\/wp-content\\\/uploads\\\/2025\\\/06\\\/119460-pala-wilson-bela-v3-wr186511u-1500x1500-1.webp\",\"contentUrl\":\"https:\\\/\\\/15131.p.syniva.es\\\/wp-content\\\/uploads\\\/2025\\\/06\\\/119460-pala-wilson-bela-v3-wr186511u-1500x1500-1.webp\",\"width\":1500,\"height\":1500},{\"@type\":\"BreadcrumbList\",\"@id\":\"https:\\\/\\\/15131.p.syniva.es\\\/de\\\/produkt\\\/wilson-bela-v3\\\/#breadcrumb\",\"itemListElement\":[{\"@type\":\"ListItem\",\"position\":1,\"name\":\"Portada\",\"item\":\"https:\\\/\\\/15131.p.syniva.es\\\/de\\\/\"},{\"@type\":\"ListItem\",\"position\":2,\"name\":\"Shop\",\"item\":\"https:\\\/\\\/15131.p.syniva.es\\\/de\\\/tienda\\\/\"},{\"@type\":\"ListItem\",\"position\":3,\"name\":\"WILSON BELA V3\"}]},{\"@type\":\"WebSite\",\"@id\":\"https:\\\/\\\/15131.p.syniva.es\\\/de\\\/#website\",\"url\":\"https:\\\/\\\/15131.p.syniva.es\\\/de\\\/\",\"name\":\"Revolution Padel Store\",\"description\":\"\",\"publisher\":{\"@id\":\"https:\\\/\\\/15131.p.syniva.es\\\/de\\\/#organization\"},\"potentialAction\":[{\"@type\":\"SearchAction\",\"target\":{\"@type\":\"EntryPoint\",\"urlTemplate\":\"https:\\\/\\\/15131.p.syniva.es\\\/de\\\/?s={search_term_string}\"},\"query-input\":{\"@type\":\"PropertyValueSpecification\",\"valueRequired\":true,\"valueName\":\"search_term_string\"}}],\"inLanguage\":\"de\"},{\"@type\":\"Organization\",\"@id\":\"https:\\\/\\\/15131.p.syniva.es\\\/de\\\/#organization\",\"name\":\"Revolution Padel Store\",\"url\":\"https:\\\/\\\/15131.p.syniva.es\\\/de\\\/\",\"logo\":{\"@type\":\"ImageObject\",\"inLanguage\":\"de\",\"@id\":\"https:\\\/\\\/15131.p.syniva.es\\\/de\\\/#\\\/schema\\\/logo\\\/image\\\/\",\"url\":\"https:\\\/\\\/15131.p.syniva.es\\\/wp-content\\\/uploads\\\/2026\\\/02\\\/revolution-padel-store.jpg\",\"contentUrl\":\"https:\\\/\\\/15131.p.syniva.es\\\/wp-content\\\/uploads\\\/2026\\\/02\\\/revolution-padel-store.jpg\",\"width\":2000,\"height\":2000,\"caption\":\"Revolution Padel Store\"},\"image\":{\"@id\":\"https:\\\/\\\/15131.p.syniva.es\\\/de\\\/#\\\/schema\\\/logo\\\/image\\\/\"},\"sameAs\":[\"https:\\\/\\\/www.instagram.com\\\/revolutionpadelstore\\\/\"]}]}<\/script>\n<!-- \/ Yoast SEO plugin. -->","yoast_head_json":{"title":"WILSON BELA V3 - Revolution Padel Store","description":"Descubre la nueva Wilson Bela V3 2025, la pala ideal para jugadores intermedios y avanzados que buscan potencia, control y precisi\u00f3n. \u00a1C\u00f3mprala en Revolution Padel Store al mejor precio!\u00bfTe gustar\u00eda que ahora redacte la secci\u00f3n de preguntas frecuentes o productos relacionados?","robots":{"index":"index","follow":"follow","max-snippet":"max-snippet:-1","max-image-preview":"max-image-preview:large","max-video-preview":"max-video-preview:-1"},"canonical":"https:\/\/15131.p.syniva.es\/de\/produkt\/wilson-bela-v3\/","og_locale":"de_DE","og_type":"article","og_title":"WILSON BELA V3 - Revolution Padel Store","og_description":"Descubre la nueva Wilson Bela V3 2025, la pala ideal para jugadores intermedios y avanzados que buscan potencia, control y precisi\u00f3n. \u00a1C\u00f3mprala en Revolution Padel Store al mejor precio!\u00bfTe gustar\u00eda que ahora redacte la secci\u00f3n de preguntas frecuentes o productos relacionados?","og_url":"https:\/\/15131.p.syniva.es\/de\/produkt\/wilson-bela-v3\/","og_site_name":"Revolution Padel Store","article_modified_time":"2026-04-16T00:01:24+00:00","og_image":[{"width":1500,"height":1500,"url":"https:\/\/15131.p.syniva.es\/wp-content\/uploads\/2025\/06\/119460-pala-wilson-bela-v3-wr186511u-1500x1500-1.webp","type":"image\/webp"}],"twitter_card":"summary_large_image","twitter_misc":{"Gesch\u00e4tzte Lesezeit":"2\u00a0Minuten"},"schema":{"@context":"https:\/\/schema.org","@graph":[{"@type":"WebPage","@id":"https:\/\/15131.p.syniva.es\/de\/produkt\/wilson-bela-v3\/","url":"https:\/\/15131.p.syniva.es\/de\/produkt\/wilson-bela-v3\/","name":"WILSON BELA V3 - Revolution Padel Store","isPartOf":{"@id":"https:\/\/15131.p.syniva.es\/de\/#website"},"primaryImageOfPage":{"@id":"https:\/\/15131.p.syniva.es\/de\/produkt\/wilson-bela-v3\/#primaryimage"},"image":{"@id":"https:\/\/15131.p.syniva.es\/de\/produkt\/wilson-bela-v3\/#primaryimage"},"thumbnailUrl":"https:\/\/15131.p.syniva.es\/wp-content\/uploads\/2025\/06\/119460-pala-wilson-bela-v3-wr186511u-1500x1500-1.webp","datePublished":"2025-06-19T12:07:49+00:00","dateModified":"2026-04-16T00:01:24+00:00","description":"Descubre la nueva Wilson Bela V3 2025, la pala ideal para jugadores intermedios y avanzados que buscan potencia, control y precisi\u00f3n. \u00a1C\u00f3mprala en Revolution Padel Store al mejor precio!\u00bfTe gustar\u00eda que ahora redacte la secci\u00f3n de preguntas frecuentes o productos relacionados?","breadcrumb":{"@id":"https:\/\/15131.p.syniva.es\/de\/produkt\/wilson-bela-v3\/#breadcrumb"},"inLanguage":"de","potentialAction":[{"@type":"ReadAction","target":["https:\/\/15131.p.syniva.es\/de\/produkt\/wilson-bela-v3\/"]}]},{"@type":"ImageObject","inLanguage":"de","@id":"https:\/\/15131.p.syniva.es\/de\/produkt\/wilson-bela-v3\/#primaryimage","url":"https:\/\/15131.p.syniva.es\/wp-content\/uploads\/2025\/06\/119460-pala-wilson-bela-v3-wr186511u-1500x1500-1.webp","contentUrl":"https:\/\/15131.p.syniva.es\/wp-content\/uploads\/2025\/06\/119460-pala-wilson-bela-v3-wr186511u-1500x1500-1.webp","width":1500,"height":1500},{"@type":"BreadcrumbList","@id":"https:\/\/15131.p.syniva.es\/de\/produkt\/wilson-bela-v3\/#breadcrumb","itemListElement":[{"@type":"ListItem","position":1,"name":"Portada","item":"https:\/\/15131.p.syniva.es\/de\/"},{"@type":"ListItem","position":2,"name":"Shop","item":"https:\/\/15131.p.syniva.es\/de\/tienda\/"},{"@type":"ListItem","position":3,"name":"WILSON BELA V3"}]},{"@type":"WebSite","@id":"https:\/\/15131.p.syniva.es\/de\/#website","url":"https:\/\/15131.p.syniva.es\/de\/","name":"Revolution Padel Store","description":"","publisher":{"@id":"https:\/\/15131.p.syniva.es\/de\/#organization"},"potentialAction":[{"@type":"SearchAction","target":{"@type":"EntryPoint","urlTemplate":"https:\/\/15131.p.syniva.es\/de\/?s={search_term_string}"},"query-input":{"@type":"PropertyValueSpecification","valueRequired":true,"valueName":"search_term_string"}}],"inLanguage":"de"},{"@type":"Organization","@id":"https:\/\/15131.p.syniva.es\/de\/#organization","name":"Revolution Padel Store","url":"https:\/\/15131.p.syniva.es\/de\/","logo":{"@type":"ImageObject","inLanguage":"de","@id":"https:\/\/15131.p.syniva.es\/de\/#\/schema\/logo\/image\/","url":"https:\/\/15131.p.syniva.es\/wp-content\/uploads\/2026\/02\/revolution-padel-store.jpg","contentUrl":"https:\/\/15131.p.syniva.es\/wp-content\/uploads\/2026\/02\/revolution-padel-store.jpg","width":2000,"height":2000,"caption":"Revolution Padel Store"},"image":{"@id":"https:\/\/15131.p.syniva.es\/de\/#\/schema\/logo\/image\/"},"sameAs":["https:\/\/www.instagram.com\/revolutionpadelstore\/"]}]}},"_links":{"self":[{"href":"https:\/\/15131.p.syniva.es\/de\/wp-json\/wp\/v2\/product\/263928","targetHints":{"allow":["GET"]}}],"collection":[{"href":"https:\/\/15131.p.syniva.es\/de\/wp-json\/wp\/v2\/product"}],"about":[{"href":"https:\/\/15131.p.syniva.es\/de\/wp-json\/wp\/v2\/types\/product"}],"replies":[{"embeddable":true,"href":"https:\/\/15131.p.syniva.es\/de\/wp-json\/wp\/v2\/comments?post=263928"}],"wp:featuredmedia":[{"embeddable":true,"href":"https:\/\/15131.p.syniva.es\/de\/wp-json\/wp\/v2\/media\/263934"}],"wp:attachment":[{"href":"https:\/\/15131.p.syniva.es\/de\/wp-json\/wp\/v2\/media?parent=263928"}],"wp:term":[{"taxonomy":"acabado","embeddable":true,"href":"https:\/\/15131.p.syniva.es\/de\/wp-json\/wp\/v2\/acabado?post=263928"},{"taxonomy":"balance","embeddable":true,"href":"https:\/\/15131.p.syniva.es\/de\/wp-json\/wp\/v2\/balance?post=263928"},{"taxonomy":"dureza","embeddable":true,"href":"https:\/\/15131.p.syniva.es\/de\/wp-json\/wp\/v2\/dureza?post=263928"},{"taxonomy":"forma","embeddable":true,"href":"https:\/\/15131.p.syniva.es\/de\/wp-json\/wp\/v2\/forma?post=263928"},{"taxonomy":"jugador","embeddable":true,"href":"https:\/\/15131.p.syniva.es\/de\/wp-json\/wp\/v2\/jugador?post=263928"},{"taxonomy":"marca","embeddable":true,"href":"https:\/\/15131.p.syniva.es\/de\/wp-json\/wp\/v2\/marca?post=263928"},{"taxonomy":"nivel-de-juego","embeddable":true,"href":"https:\/\/15131.p.syniva.es\/de\/wp-json\/wp\/v2\/nivel-de-juego?post=263928"},{"taxonomy":"superficie","embeddable":true,"href":"https:\/\/15131.p.syniva.es\/de\/wp-json\/wp\/v2\/superficie?post=263928"},{"taxonomy":"tipo-de-juego","embeddable":true,"href":"https:\/\/15131.p.syniva.es\/de\/wp-json\/wp\/v2\/tipo-de-juego?post=263928"},{"taxonomy":"product_brand","embeddable":true,"href":"https:\/\/15131.p.syniva.es\/de\/wp-json\/wp\/v2\/product_brand?post=263928"},{"taxonomy":"product_cat","embeddable":true,"href":"https:\/\/15131.p.syniva.es\/de\/wp-json\/wp\/v2\/product_cat?post=263928"},{"taxonomy":"product_tag","embeddable":true,"href":"https:\/\/15131.p.syniva.es\/de\/wp-json\/wp\/v2\/product_tag?post=263928"}],"curies":[{"name":"wp","href":"https:\/\/api.w.org\/{rel}","templated":true}]}}