{"id":264268,"date":"2025-07-11T09:04:23","date_gmt":"2025-07-11T07:04:23","guid":{"rendered":"https:\/\/15131.p.syniva.es\/head-motion-pro-boa-negro\/"},"modified":"2026-04-13T02:01:45","modified_gmt":"2026-04-13T00:01:45","slug":"head-motion-pro-boa-negro-1","status":"publish","type":"product","link":"https:\/\/15131.p.syniva.es\/de\/produkt\/head-motion-pro-boa-negro-1\/","title":{"rendered":"HEAD MOTION PRO BOA NEGRO"},"content":{"rendered":"<h2>Head Motion Pro BOA: Maximaler Komfort, pr\u00e4zise Passform und fortschrittliche Technologie, um den Platz zu dominieren<\/h2>\n<p>Entdecken Sie das Modell <strong>Head Motion Pro BOA<\/strong>, <strong>Padelschuhe f\u00fcr Herren<\/strong>, die Ihre Leistung mit einer perfekten Kombination aus modernster Technologie, \u00fcberragendem Komfort und individueller Passform steigern. Diese Schuhe wurden f\u00fcr <strong>professionelle oder fortgeschrittene Spieler<\/strong> entwickelt und kombinieren modernste Materialien mit einem ergonomischen Design, das jede Bewegung auf dem Platz unterst\u00fctzt.<\/p>\n<h2>BOA\u00ae Dual-Verschlusssystem: perfekte und m\u00fchelose Passform<\/h2>\n<p>Das innovative <strong>BOA\u00ae Fit System<\/strong> erm\u00f6glicht Ihnen <strong>schnelle und pr\u00e4zise Mikroanpassungen<\/strong> und sorgt so f\u00fcr eine feste und individuelle Passform w\u00e4hrend des gesamten Spiels. Vergessen Sie traditionelle Schn\u00fcrsenkel und gewinnen Sie Zeit und Selbstvertrauen bei jedem Spielzug.<\/p>\n<h2>360\u00b0-Grip und absolute Dynamik mit der MONDO-Sandsohle<\/h2>\n<p>Die in Zusammenarbeit mit MONDO entwickelte Tonsohle bietet <strong>un\u00fcbertroffene Traktion bei multidirektionalen Bewegungen<\/strong> und ist ideal f\u00fcr explosive Bewegungen und Tempowechsel auf Paddle-Tennispl\u00e4tzen. Perfekt f\u00fcr Spieler, die Geschwindigkeit, Stabilit\u00e4t und Kontrolle auf Sandoberfl\u00e4chen fordern.<\/p>\n<h2>Atmungsaktivit\u00e4t und socken\u00e4hnliche Passform<\/h2>\n<p>Sein <strong>atmungsaktives Mesh<\/strong>-Oberteil sorgt zusammen mit der sockenartigen Struktur f\u00fcr <strong>optimale Bel\u00fcftung<\/strong> und eine umh\u00fcllende Passform, wodurch die Anpassungsf\u00e4higkeit des Schuhs an die Fu\u00dfform verbessert wird. Genie\u00dfen Sie mehr Frische und Leichtigkeit bei den intensivsten Spielen.<\/p>\n<h2>Reaktive D\u00e4mpfung mit DynaFoam<\/h2>\n<p>Die Zwischensohle enth\u00e4lt <strong>DynaFoam<\/strong>, einen High-Tech-Schaum mit <strong>Mikroluftzellen<\/strong>, der f\u00fcr <strong>leichte, reaktionsfreudige und langlebige D\u00e4mpfung<\/strong> sorgt und sich ideal zum Schutz Ihrer Gelenke eignet, ohne dass die Leistung darunter leidet.<\/p>\n<h2>Lang anhaltender Komfort und Stabilit\u00e4t<\/h2>\n<p style=\"text-align: left\"><strong>-OrthoLite\u00ae-Einlegesohle<\/strong>: langanhaltender Komfort und Schwei\u00dfmanagement.<\/p>\n<p style=\"text-align: left\"><strong>-Lateral Control+ System<\/strong>: zus\u00e4tzliche Stabilit\u00e4t bei aggressiven seitlichen Bewegungen.<\/p>\n<p style=\"text-align: left\"><strong>-TPU-Verst\u00e4rkung im Mittelfu\u00df<\/strong>: Halt und Halt bei jedem Schritt.<\/p>\n<h2>Hervorgehobene technische Spezifikationen<\/h2>\n<p>-Doppeltes Anpassungssystem <strong>BOA\u00ae<\/strong><\/p>\n<p>-Mit <strong>MONDO<\/strong> entwickelte Tonsohle<\/p>\n<p>-Atmungsaktives Mesh + socken\u00e4hnliche Passform<\/p>\n<p>-DynaFoam-Zwischensohle mit leichter D\u00e4mpfung<\/p>\n<p>&#8211;<strong>OrthoLite\u00ae<\/strong>-Einlegesohle f\u00fcr mehr Komfort<\/p>\n<p>-Stabilit\u00e4t <strong>Lateral Control+<\/strong><\/p>\n<p>&#8211; TPU-Schaft zur strukturellen Verst\u00e4rkung<\/p>\n<p>&#8211; Farbe: <strong>Schwarz<\/strong><\/p>\n<h2>Entwickelt f\u00fcr diejenigen, die etwas bewirken wollen<\/h2>\n<p>Diese HEAD-Schuhe wurden mit Unterst\u00fctzung professioneller Spieler entwickelt und sind f\u00fcr diejenigen gedacht, die <strong>jeden Punkt mit Pr\u00e4zision, Komfort und Sicherheit dominieren<\/strong> wollen. Wenn es Ihr Ziel ist, in jedem Spiel hervorzustechen, ist der <strong>Head Motion Pro BOA<\/strong> die beste Wahl.<\/p>\n<h2> Holen Sie sie sich noch heute!<\/h2>\n<p>Erleben Sie die Kraft pr\u00e4ziser Passform und professioneller Stabilit\u00e4t. Die <strong>Head Motion Pro BOA-Schuhe<\/strong> sind in unserem Online-Shop <a href=\"https:\/\/www.15131.p.syniva.es\/\">www.15131.p.syniva.es<\/a> erh\u00e4ltlich, wahrscheinlich zum <strong>besten Preis auf dem Markt<\/strong>.<\/p>\n<h2>Head Motion Pro BOA: M\u00e1ximo confort, ajuste de precisi\u00f3n y tecnolog\u00eda avanzada para dominar la pista<\/h2>\n","protected":false},"excerpt":{"rendered":"<p>Die Head Motion Pro BOA Padelschuhe verf\u00fcgen \u00fcber ein duales Verstellsystem und eine optimierte Clay-Sohle. Sie bieten eine ideale Kombination aus Komfort, Stabilit\u00e4t und Design und sind f\u00fcr anspruchsvolle Spieler konzipiert, die auf dem Platz ein hohes Leistungsniveau suchen.<\/p>\n","protected":false},"featured_media":264233,"comment_status":"open","ping_status":"closed","template":"","meta":{"_acf_changed":false,"_joinchat":[]},"acabado":[],"balance":[],"dureza":[],"forma":[],"jugador":[],"marca":[1219],"nivel-de-juego":[],"superficie":[],"tipo-de-juego":[],"product_brand":[],"product_cat":[398,831],"product_tag":[],"class_list":{"0":"post-264268","1":"product","2":"type-product","3":"status-publish","4":"has-post-thumbnail","6":"marca-kopf","7":"product_cat-herren-sneaker","8":"product_cat-turnschuhe","10":"first","11":"instock","12":"sale","13":"taxable","14":"shipping-taxable","15":"purchasable","16":"product-type-variable"},"acf":[],"yoast_head":"<!-- This site is optimized with the Yoast SEO plugin v27.4 - https:\/\/yoast.com\/product\/yoast-seo-wordpress\/ -->\n<title>HEAD MOTION PRO BOA NEGRO - Revolution Padel Store<\/title>\n<meta name=\"description\" content=\"Zapatillas de p\u00e1del Head Motion Pro BOA para hombre: ajuste BOA\u00ae, suela clay MONDO, DynaFoam, OrthoLite y m\u00e1xima estabilidad. Compra online al mejor precio en Revolution Padel Store.\" \/>\n<meta name=\"robots\" content=\"index, follow, max-snippet:-1, max-image-preview:large, max-video-preview:-1\" \/>\n<link rel=\"canonical\" href=\"https:\/\/15131.p.syniva.es\/de\/produkt\/head-motion-pro-boa-negro-1\/\" \/>\n<meta property=\"og:locale\" content=\"de_DE\" \/>\n<meta property=\"og:type\" content=\"article\" \/>\n<meta property=\"og:title\" content=\"HEAD MOTION PRO BOA NEGRO - Revolution Padel Store\" \/>\n<meta property=\"og:description\" content=\"Zapatillas de p\u00e1del Head Motion Pro BOA para hombre: ajuste BOA\u00ae, suela clay MONDO, DynaFoam, OrthoLite y m\u00e1xima estabilidad. Compra online al mejor precio en Revolution Padel Store.\" \/>\n<meta property=\"og:url\" content=\"https:\/\/15131.p.syniva.es\/de\/produkt\/head-motion-pro-boa-negro-1\/\" \/>\n<meta property=\"og:site_name\" content=\"Revolution Padel Store\" \/>\n<meta property=\"article:modified_time\" content=\"2026-04-13T00:01:45+00:00\" \/>\n<meta property=\"og:image\" content=\"https:\/\/15131.p.syniva.es\/wp-content\/uploads\/2025\/07\/119462-zapatillas-head-motion-pro-boa-273625-bkwh-1200x1200-1.webp\" \/>\n\t<meta property=\"og:image:width\" content=\"1200\" \/>\n\t<meta property=\"og:image:height\" content=\"1200\" \/>\n\t<meta property=\"og:image:type\" content=\"image\/webp\" \/>\n<meta name=\"twitter:card\" content=\"summary_large_image\" \/>\n<meta name=\"twitter:label1\" content=\"Gesch\u00e4tzte Lesezeit\" \/>\n\t<meta name=\"twitter:data1\" content=\"2\u00a0Minuten\" \/>\n<script type=\"application\/ld+json\" class=\"yoast-schema-graph\">{\"@context\":\"https:\\\/\\\/schema.org\",\"@graph\":[{\"@type\":\"WebPage\",\"@id\":\"https:\\\/\\\/15131.p.syniva.es\\\/de\\\/produkt\\\/head-motion-pro-boa-negro-1\\\/\",\"url\":\"https:\\\/\\\/15131.p.syniva.es\\\/de\\\/produkt\\\/head-motion-pro-boa-negro-1\\\/\",\"name\":\"HEAD MOTION PRO BOA NEGRO - Revolution Padel Store\",\"isPartOf\":{\"@id\":\"https:\\\/\\\/15131.p.syniva.es\\\/de\\\/#website\"},\"primaryImageOfPage\":{\"@id\":\"https:\\\/\\\/15131.p.syniva.es\\\/de\\\/produkt\\\/head-motion-pro-boa-negro-1\\\/#primaryimage\"},\"image\":{\"@id\":\"https:\\\/\\\/15131.p.syniva.es\\\/de\\\/produkt\\\/head-motion-pro-boa-negro-1\\\/#primaryimage\"},\"thumbnailUrl\":\"https:\\\/\\\/15131.p.syniva.es\\\/wp-content\\\/uploads\\\/2025\\\/07\\\/119462-zapatillas-head-motion-pro-boa-273625-bkwh-1200x1200-1.webp\",\"datePublished\":\"2025-07-11T07:04:23+00:00\",\"dateModified\":\"2026-04-13T00:01:45+00:00\",\"description\":\"Zapatillas de p\u00e1del Head Motion Pro BOA para hombre: ajuste BOA\u00ae, suela clay MONDO, DynaFoam, OrthoLite y m\u00e1xima estabilidad. Compra online al mejor precio en Revolution Padel Store.\",\"breadcrumb\":{\"@id\":\"https:\\\/\\\/15131.p.syniva.es\\\/de\\\/produkt\\\/head-motion-pro-boa-negro-1\\\/#breadcrumb\"},\"inLanguage\":\"de\",\"potentialAction\":[{\"@type\":\"ReadAction\",\"target\":[\"https:\\\/\\\/15131.p.syniva.es\\\/de\\\/produkt\\\/head-motion-pro-boa-negro-1\\\/\"]}]},{\"@type\":\"ImageObject\",\"inLanguage\":\"de\",\"@id\":\"https:\\\/\\\/15131.p.syniva.es\\\/de\\\/produkt\\\/head-motion-pro-boa-negro-1\\\/#primaryimage\",\"url\":\"https:\\\/\\\/15131.p.syniva.es\\\/wp-content\\\/uploads\\\/2025\\\/07\\\/119462-zapatillas-head-motion-pro-boa-273625-bkwh-1200x1200-1.webp\",\"contentUrl\":\"https:\\\/\\\/15131.p.syniva.es\\\/wp-content\\\/uploads\\\/2025\\\/07\\\/119462-zapatillas-head-motion-pro-boa-273625-bkwh-1200x1200-1.webp\",\"width\":1200,\"height\":1200},{\"@type\":\"BreadcrumbList\",\"@id\":\"https:\\\/\\\/15131.p.syniva.es\\\/de\\\/produkt\\\/head-motion-pro-boa-negro-1\\\/#breadcrumb\",\"itemListElement\":[{\"@type\":\"ListItem\",\"position\":1,\"name\":\"Portada\",\"item\":\"https:\\\/\\\/15131.p.syniva.es\\\/de\\\/\"},{\"@type\":\"ListItem\",\"position\":2,\"name\":\"Shop\",\"item\":\"https:\\\/\\\/15131.p.syniva.es\\\/de\\\/tienda\\\/\"},{\"@type\":\"ListItem\",\"position\":3,\"name\":\"HEAD MOTION PRO BOA NEGRO\"}]},{\"@type\":\"WebSite\",\"@id\":\"https:\\\/\\\/15131.p.syniva.es\\\/de\\\/#website\",\"url\":\"https:\\\/\\\/15131.p.syniva.es\\\/de\\\/\",\"name\":\"Revolution Padel Store\",\"description\":\"\",\"publisher\":{\"@id\":\"https:\\\/\\\/15131.p.syniva.es\\\/de\\\/#organization\"},\"potentialAction\":[{\"@type\":\"SearchAction\",\"target\":{\"@type\":\"EntryPoint\",\"urlTemplate\":\"https:\\\/\\\/15131.p.syniva.es\\\/de\\\/?s={search_term_string}\"},\"query-input\":{\"@type\":\"PropertyValueSpecification\",\"valueRequired\":true,\"valueName\":\"search_term_string\"}}],\"inLanguage\":\"de\"},{\"@type\":\"Organization\",\"@id\":\"https:\\\/\\\/15131.p.syniva.es\\\/de\\\/#organization\",\"name\":\"Revolution Padel Store\",\"url\":\"https:\\\/\\\/15131.p.syniva.es\\\/de\\\/\",\"logo\":{\"@type\":\"ImageObject\",\"inLanguage\":\"de\",\"@id\":\"https:\\\/\\\/15131.p.syniva.es\\\/de\\\/#\\\/schema\\\/logo\\\/image\\\/\",\"url\":\"https:\\\/\\\/15131.p.syniva.es\\\/wp-content\\\/uploads\\\/2026\\\/02\\\/revolution-padel-store.jpg\",\"contentUrl\":\"https:\\\/\\\/15131.p.syniva.es\\\/wp-content\\\/uploads\\\/2026\\\/02\\\/revolution-padel-store.jpg\",\"width\":2000,\"height\":2000,\"caption\":\"Revolution Padel Store\"},\"image\":{\"@id\":\"https:\\\/\\\/15131.p.syniva.es\\\/de\\\/#\\\/schema\\\/logo\\\/image\\\/\"},\"sameAs\":[\"https:\\\/\\\/www.instagram.com\\\/revolutionpadelstore\\\/\"]}]}<\/script>\n<!-- \/ Yoast SEO plugin. -->","yoast_head_json":{"title":"HEAD MOTION PRO BOA NEGRO - Revolution Padel Store","description":"Zapatillas de p\u00e1del Head Motion Pro BOA para hombre: ajuste BOA\u00ae, suela clay MONDO, DynaFoam, OrthoLite y m\u00e1xima estabilidad. Compra online al mejor precio en Revolution Padel Store.","robots":{"index":"index","follow":"follow","max-snippet":"max-snippet:-1","max-image-preview":"max-image-preview:large","max-video-preview":"max-video-preview:-1"},"canonical":"https:\/\/15131.p.syniva.es\/de\/produkt\/head-motion-pro-boa-negro-1\/","og_locale":"de_DE","og_type":"article","og_title":"HEAD MOTION PRO BOA NEGRO - Revolution Padel Store","og_description":"Zapatillas de p\u00e1del Head Motion Pro BOA para hombre: ajuste BOA\u00ae, suela clay MONDO, DynaFoam, OrthoLite y m\u00e1xima estabilidad. Compra online al mejor precio en Revolution Padel Store.","og_url":"https:\/\/15131.p.syniva.es\/de\/produkt\/head-motion-pro-boa-negro-1\/","og_site_name":"Revolution Padel Store","article_modified_time":"2026-04-13T00:01:45+00:00","og_image":[{"width":1200,"height":1200,"url":"https:\/\/15131.p.syniva.es\/wp-content\/uploads\/2025\/07\/119462-zapatillas-head-motion-pro-boa-273625-bkwh-1200x1200-1.webp","type":"image\/webp"}],"twitter_card":"summary_large_image","twitter_misc":{"Gesch\u00e4tzte Lesezeit":"2\u00a0Minuten"},"schema":{"@context":"https:\/\/schema.org","@graph":[{"@type":"WebPage","@id":"https:\/\/15131.p.syniva.es\/de\/produkt\/head-motion-pro-boa-negro-1\/","url":"https:\/\/15131.p.syniva.es\/de\/produkt\/head-motion-pro-boa-negro-1\/","name":"HEAD MOTION PRO BOA NEGRO - Revolution Padel Store","isPartOf":{"@id":"https:\/\/15131.p.syniva.es\/de\/#website"},"primaryImageOfPage":{"@id":"https:\/\/15131.p.syniva.es\/de\/produkt\/head-motion-pro-boa-negro-1\/#primaryimage"},"image":{"@id":"https:\/\/15131.p.syniva.es\/de\/produkt\/head-motion-pro-boa-negro-1\/#primaryimage"},"thumbnailUrl":"https:\/\/15131.p.syniva.es\/wp-content\/uploads\/2025\/07\/119462-zapatillas-head-motion-pro-boa-273625-bkwh-1200x1200-1.webp","datePublished":"2025-07-11T07:04:23+00:00","dateModified":"2026-04-13T00:01:45+00:00","description":"Zapatillas de p\u00e1del Head Motion Pro BOA para hombre: ajuste BOA\u00ae, suela clay MONDO, DynaFoam, OrthoLite y m\u00e1xima estabilidad. Compra online al mejor precio en Revolution Padel Store.","breadcrumb":{"@id":"https:\/\/15131.p.syniva.es\/de\/produkt\/head-motion-pro-boa-negro-1\/#breadcrumb"},"inLanguage":"de","potentialAction":[{"@type":"ReadAction","target":["https:\/\/15131.p.syniva.es\/de\/produkt\/head-motion-pro-boa-negro-1\/"]}]},{"@type":"ImageObject","inLanguage":"de","@id":"https:\/\/15131.p.syniva.es\/de\/produkt\/head-motion-pro-boa-negro-1\/#primaryimage","url":"https:\/\/15131.p.syniva.es\/wp-content\/uploads\/2025\/07\/119462-zapatillas-head-motion-pro-boa-273625-bkwh-1200x1200-1.webp","contentUrl":"https:\/\/15131.p.syniva.es\/wp-content\/uploads\/2025\/07\/119462-zapatillas-head-motion-pro-boa-273625-bkwh-1200x1200-1.webp","width":1200,"height":1200},{"@type":"BreadcrumbList","@id":"https:\/\/15131.p.syniva.es\/de\/produkt\/head-motion-pro-boa-negro-1\/#breadcrumb","itemListElement":[{"@type":"ListItem","position":1,"name":"Portada","item":"https:\/\/15131.p.syniva.es\/de\/"},{"@type":"ListItem","position":2,"name":"Shop","item":"https:\/\/15131.p.syniva.es\/de\/tienda\/"},{"@type":"ListItem","position":3,"name":"HEAD MOTION PRO BOA NEGRO"}]},{"@type":"WebSite","@id":"https:\/\/15131.p.syniva.es\/de\/#website","url":"https:\/\/15131.p.syniva.es\/de\/","name":"Revolution Padel Store","description":"","publisher":{"@id":"https:\/\/15131.p.syniva.es\/de\/#organization"},"potentialAction":[{"@type":"SearchAction","target":{"@type":"EntryPoint","urlTemplate":"https:\/\/15131.p.syniva.es\/de\/?s={search_term_string}"},"query-input":{"@type":"PropertyValueSpecification","valueRequired":true,"valueName":"search_term_string"}}],"inLanguage":"de"},{"@type":"Organization","@id":"https:\/\/15131.p.syniva.es\/de\/#organization","name":"Revolution Padel Store","url":"https:\/\/15131.p.syniva.es\/de\/","logo":{"@type":"ImageObject","inLanguage":"de","@id":"https:\/\/15131.p.syniva.es\/de\/#\/schema\/logo\/image\/","url":"https:\/\/15131.p.syniva.es\/wp-content\/uploads\/2026\/02\/revolution-padel-store.jpg","contentUrl":"https:\/\/15131.p.syniva.es\/wp-content\/uploads\/2026\/02\/revolution-padel-store.jpg","width":2000,"height":2000,"caption":"Revolution Padel Store"},"image":{"@id":"https:\/\/15131.p.syniva.es\/de\/#\/schema\/logo\/image\/"},"sameAs":["https:\/\/www.instagram.com\/revolutionpadelstore\/"]}]}},"_links":{"self":[{"href":"https:\/\/15131.p.syniva.es\/de\/wp-json\/wp\/v2\/product\/264268","targetHints":{"allow":["GET"]}}],"collection":[{"href":"https:\/\/15131.p.syniva.es\/de\/wp-json\/wp\/v2\/product"}],"about":[{"href":"https:\/\/15131.p.syniva.es\/de\/wp-json\/wp\/v2\/types\/product"}],"replies":[{"embeddable":true,"href":"https:\/\/15131.p.syniva.es\/de\/wp-json\/wp\/v2\/comments?post=264268"}],"wp:featuredmedia":[{"embeddable":true,"href":"https:\/\/15131.p.syniva.es\/de\/wp-json\/wp\/v2\/media\/264233"}],"wp:attachment":[{"href":"https:\/\/15131.p.syniva.es\/de\/wp-json\/wp\/v2\/media?parent=264268"}],"wp:term":[{"taxonomy":"acabado","embeddable":true,"href":"https:\/\/15131.p.syniva.es\/de\/wp-json\/wp\/v2\/acabado?post=264268"},{"taxonomy":"balance","embeddable":true,"href":"https:\/\/15131.p.syniva.es\/de\/wp-json\/wp\/v2\/balance?post=264268"},{"taxonomy":"dureza","embeddable":true,"href":"https:\/\/15131.p.syniva.es\/de\/wp-json\/wp\/v2\/dureza?post=264268"},{"taxonomy":"forma","embeddable":true,"href":"https:\/\/15131.p.syniva.es\/de\/wp-json\/wp\/v2\/forma?post=264268"},{"taxonomy":"jugador","embeddable":true,"href":"https:\/\/15131.p.syniva.es\/de\/wp-json\/wp\/v2\/jugador?post=264268"},{"taxonomy":"marca","embeddable":true,"href":"https:\/\/15131.p.syniva.es\/de\/wp-json\/wp\/v2\/marca?post=264268"},{"taxonomy":"nivel-de-juego","embeddable":true,"href":"https:\/\/15131.p.syniva.es\/de\/wp-json\/wp\/v2\/nivel-de-juego?post=264268"},{"taxonomy":"superficie","embeddable":true,"href":"https:\/\/15131.p.syniva.es\/de\/wp-json\/wp\/v2\/superficie?post=264268"},{"taxonomy":"tipo-de-juego","embeddable":true,"href":"https:\/\/15131.p.syniva.es\/de\/wp-json\/wp\/v2\/tipo-de-juego?post=264268"},{"taxonomy":"product_brand","embeddable":true,"href":"https:\/\/15131.p.syniva.es\/de\/wp-json\/wp\/v2\/product_brand?post=264268"},{"taxonomy":"product_cat","embeddable":true,"href":"https:\/\/15131.p.syniva.es\/de\/wp-json\/wp\/v2\/product_cat?post=264268"},{"taxonomy":"product_tag","embeddable":true,"href":"https:\/\/15131.p.syniva.es\/de\/wp-json\/wp\/v2\/product_tag?post=264268"}],"curies":[{"name":"wp","href":"https:\/\/api.w.org\/{rel}","templated":true}]}}