{"id":11141,"date":"2024-06-18T00:00:24","date_gmt":"2024-06-17T22:00:24","guid":{"rendered":"https:\/\/15131.p.syniva.es\/head-extreme-pro-ltd-arturo-coello\/"},"modified":"2026-04-08T11:18:19","modified_gmt":"2026-04-08T09:18:19","slug":"head-extreme-pro-ltd-arturo-coello","status":"publish","type":"product","link":"https:\/\/15131.p.syniva.es\/en\/head-extreme-pro-ltd-arturo-coello\/","title":{"rendered":"HEAD EXTREME PRO LTD \u2013 ARTURO COELLO"},"content":{"rendered":"<p>Based on the Extreme Pro model, with the same features and technologies, the EXTREME PRO LTD ARTURO COELLO racket in its limited edition sports an exclusive design chosen by Arturo Coello, which enhances its elegant and exclusive aesthetics. For a truly premium image and look, the design includes Arturo&#8217;s signature. This diamond-shaped racket combines a unique design with extreme power, making it perfect for expert and professional players.<\/p>\n<p>\u00b7 Limited edition co-designed by the world number 1, Arturo Coello<br \/>\n\u00b7 Elegant and exclusive colors chosen by Arturo<br \/>\n\u00b7 Design with Arturo&#8217;s signature<br \/>\n\u00b7 Made for experienced players and professionals looking for power<br \/>\n\u00b7 Diamond shaped mold<br \/>\n\u00b7 Based on the Extreme Pro model, with the same specifications and technologies<br \/>\n\u00b7 Includes for the first time the Pro Spin Strips accessory, new adhesive strips with a rough surface to generate more ball grip and spin<\/p>\n<p>TECHNOLOGIES<\/p>\n<p>Auxetic construction has a unique deformation compared to non-auxetic constructions. Auxetic constructions widen when a &#8220;pull&#8221; force is applied and contract when squeezed. The greater the force applied, the greater the Auxetic reaction.<\/p>\n<p>The POWER FOAM rubber is designed to achieve maximum power and strength, enhancing attacking hits such as smash, X3 or X4.<\/p>\n<p>EXTREME SPIN is a rough 3D decal technology that maximizes spin and grip on the ball.<\/p>\n<p>OPTIMIZED SWEET SPOT technology adapts the hole pattern to each blade to expand the sweet spot area.<\/p>\n<p>SMART BRIDGE technology consists of the individualized construction of the bridge area included in the mold, adapting to the characteristics of each racket based on its playability.<\/p>\n<p>As it does not have a tubular, the racket frame is meticulously designed and custom-built for each racket for optimal performance, allowing the performance of each racket to be maximized.<\/p>\n<p>The new cap is made of soft material that provides a comfortable and soft grip. With an orange finish, it serves to reduce vibrations and reduce pressure, preventing injuries and blisters on the hands.<\/p>\n<p>ANTI SHOCK SKIN PADEL. Transparent protector that increases the durability of the racket, protecting it from bumps and scratches. It can also be easily replaced, maximizing service life.<\/p>\n<p>Graphene strengthens the frame, provides greater stability and optimizes ball output.<\/p>\n<div id=\"maincontent\" class=\"page-main\">\n<div class=\"columns\">\n<div class=\"product-view\">\n<div class=\"product-info-cms\">\n<div class=\"product-info-tabs\">\n<div id=\"product-tabs\" class=\"product data items\" role=\"tablist\">\n<h3 role=\"tab\" data-role=\"collapsible\" data-collapsible=\"true\" aria-controls=\"tab-delivery-and-returns\" aria-expanded=\"false\"><\/h3>\n<\/div>\n<\/div>\n<\/div>\n<\/div>\n<div id=\"custom-popup-redirect-propose\" data-bind=\"scope: 'geoipCountryRedirect'\"><\/div>\n<div class=\"emarsys-snippets\"><\/div>\n<\/div>\n<\/div>\n<footer class=\"page-footer\">\n<div class=\"footer content\">\n<div id=\"footer-newsletter\" class=\"background-image-6670afd968dc3\" data-content-type=\"row\" data-appearance=\"full-width\" data-enable-parallax=\"0\" data-parallax-speed=\"0.5\" data-background-type=\"image\" data-video-loop=\"true\" data-video-play-only-visible=\"true\" data-video-lazy-load=\"true\" data-video-fallback-src=\"\" data-gtm-label=\"\" data-element=\" main\">\n<div class=\"row-full-width-inner\" data-element=\"inner\"><\/div>\n<\/div>\n<\/div>\n<\/footer>\n<h3 role=\"tab\" data-role=\"collapsible\" data-collapsible=\"true\" aria-controls=\"tab-delivery-and-returns\" aria-expanded=\"false\"><\/h3>\n","protected":false},"excerpt":{"rendered":"<p>The limited edition EXTREME PRO LTD ARTURO COELLO racket is committed to an exclusive and elegant design for the number 1 player in the world, Arturo Coello.<\/p>\n","protected":false},"featured_media":8605,"comment_status":"open","ping_status":"closed","template":"","meta":{"_acf_changed":false,"_joinchat":[]},"acabado":[1093],"balance":[1138],"dureza":[1163],"forma":[1173],"jugador":[1193,1203],"marca":[1223],"nivel-de-juego":[1338],"superficie":[1363],"tipo-de-juego":[1378],"product_brand":[],"product_cat":[303],"product_tag":[],"class_list":{"0":"post-11141","1":"product","2":"type-product","3":"status-publish","4":"has-post-thumbnail","6":"acabado-relieve-3d-en","7":"balance-alto-en","8":"dureza-dura-en","9":"forma-diamante-en","10":"jugador-hombre-en","11":"jugador-multipurpose","12":"marca-head-en","13":"superficie-rugosa-en","14":"tipo-de-juego-potencia-en","15":"product_cat-palas","17":"first","18":"instock","19":"sale","20":"taxable","21":"shipping-taxable","22":"purchasable","23":"product-type-simple"},"acf":[],"yoast_head":"<!-- This site is optimized with the Yoast SEO plugin v27.3 - https:\/\/yoast.com\/product\/yoast-seo-wordpress\/ -->\n<title>HEAD EXTREME PRO LTD \u2013 ARTURO COELLO - Revolution Padel Store<\/title>\n<meta name=\"description\" content=\"Basada en el modelo Extreme Pro, con las mismas prestaciones y tecnolog\u00edas, la pala EXTREME PRO LTD ARTURO COELLO en su edici\u00f3n limitada luce un dise\u00f1o exclusivo elegido por Arturo Coello, lo que realza su est\u00e9tica elegante y exclusiva. Para una imagen y un look realmente pr\u00e9mium, el dise\u00f1o incluye la firma de Arturo. Esta pala en forma de diamante combina un dise\u00f1o \u00fanico con una potencia extrema, por lo que es perfecta para jugadores expertos y profesionales.\" \/>\n<meta name=\"robots\" content=\"index, follow, max-snippet:-1, max-image-preview:large, max-video-preview:-1\" \/>\n<link rel=\"canonical\" href=\"https:\/\/15131.p.syniva.es\/en\/head-extreme-pro-ltd-arturo-coello\/\" \/>\n<meta property=\"og:locale\" content=\"en_US\" \/>\n<meta property=\"og:type\" content=\"article\" \/>\n<meta property=\"og:title\" content=\"COMPRAR HEAD EXTREME PRO LTD - ARTURO COELLO\" \/>\n<meta property=\"og:description\" content=\"Basada en el modelo Extreme Pro, con las mismas prestaciones y tecnolog\u00edas, la pala EXTREME PRO LTD ARTURO COELLO en su edici\u00f3n limitada luce un dise\u00f1o exclusivo elegido por Arturo Coello, lo que realza su est\u00e9tica elegante y exclusiva. Para una imagen y un look realmente pr\u00e9mium, el dise\u00f1o incluye la firma de Arturo. Esta pala en forma de diamante combina un dise\u00f1o \u00fanico con una potencia extrema, por lo que es perfecta para jugadores expertos y profesionales.\" \/>\n<meta property=\"og:url\" content=\"https:\/\/15131.p.syniva.es\/en\/head-extreme-pro-ltd-arturo-coello\/\" \/>\n<meta property=\"og:site_name\" content=\"Revolution Padel Store\" \/>\n<meta property=\"article:modified_time\" content=\"2026-04-08T09:18:19+00:00\" \/>\n<meta property=\"og:image\" content=\"https:\/\/15131.p.syniva.es\/wp-content\/uploads\/2024\/06\/extreme-pro-ltd.jpg\" \/>\n\t<meta property=\"og:image:width\" content=\"768\" \/>\n\t<meta property=\"og:image:height\" content=\"768\" \/>\n\t<meta property=\"og:image:type\" content=\"image\/jpeg\" \/>\n<meta name=\"twitter:card\" content=\"summary_large_image\" \/>\n<meta name=\"twitter:label1\" content=\"Est. reading time\" \/>\n\t<meta name=\"twitter:data1\" content=\"3 minutes\" \/>\n<script type=\"application\/ld+json\" class=\"yoast-schema-graph\">{\"@context\":\"https:\\\/\\\/schema.org\",\"@graph\":[{\"@type\":\"WebPage\",\"@id\":\"https:\\\/\\\/15131.p.syniva.es\\\/en\\\/head-extreme-pro-ltd-arturo-coello\\\/\",\"url\":\"https:\\\/\\\/15131.p.syniva.es\\\/en\\\/head-extreme-pro-ltd-arturo-coello\\\/\",\"name\":\"HEAD EXTREME PRO LTD \u2013 ARTURO COELLO - Revolution Padel Store\",\"isPartOf\":{\"@id\":\"https:\\\/\\\/15131.p.syniva.es\\\/en\\\/#website\"},\"primaryImageOfPage\":{\"@id\":\"https:\\\/\\\/15131.p.syniva.es\\\/en\\\/head-extreme-pro-ltd-arturo-coello\\\/#primaryimage\"},\"image\":{\"@id\":\"https:\\\/\\\/15131.p.syniva.es\\\/en\\\/head-extreme-pro-ltd-arturo-coello\\\/#primaryimage\"},\"thumbnailUrl\":\"https:\\\/\\\/15131.p.syniva.es\\\/wp-content\\\/uploads\\\/2024\\\/06\\\/extreme-pro-ltd.jpg\",\"datePublished\":\"2024-06-17T22:00:24+00:00\",\"dateModified\":\"2026-04-08T09:18:19+00:00\",\"description\":\"Basada en el modelo Extreme Pro, con las mismas prestaciones y tecnolog\u00edas, la pala EXTREME PRO LTD ARTURO COELLO en su edici\u00f3n limitada luce un dise\u00f1o exclusivo elegido por Arturo Coello, lo que realza su est\u00e9tica elegante y exclusiva. Para una imagen y un look realmente pr\u00e9mium, el dise\u00f1o incluye la firma de Arturo. Esta pala en forma de diamante combina un dise\u00f1o \u00fanico con una potencia extrema, por lo que es perfecta para jugadores expertos y profesionales.\",\"breadcrumb\":{\"@id\":\"https:\\\/\\\/15131.p.syniva.es\\\/en\\\/head-extreme-pro-ltd-arturo-coello\\\/#breadcrumb\"},\"inLanguage\":\"en-US\",\"potentialAction\":[{\"@type\":\"ReadAction\",\"target\":[\"https:\\\/\\\/15131.p.syniva.es\\\/en\\\/head-extreme-pro-ltd-arturo-coello\\\/\"]}]},{\"@type\":\"ImageObject\",\"inLanguage\":\"en-US\",\"@id\":\"https:\\\/\\\/15131.p.syniva.es\\\/en\\\/head-extreme-pro-ltd-arturo-coello\\\/#primaryimage\",\"url\":\"https:\\\/\\\/15131.p.syniva.es\\\/wp-content\\\/uploads\\\/2024\\\/06\\\/extreme-pro-ltd.jpg\",\"contentUrl\":\"https:\\\/\\\/15131.p.syniva.es\\\/wp-content\\\/uploads\\\/2024\\\/06\\\/extreme-pro-ltd.jpg\",\"width\":768,\"height\":768},{\"@type\":\"BreadcrumbList\",\"@id\":\"https:\\\/\\\/15131.p.syniva.es\\\/en\\\/head-extreme-pro-ltd-arturo-coello\\\/#breadcrumb\",\"itemListElement\":[{\"@type\":\"ListItem\",\"position\":1,\"name\":\"Portada\",\"item\":\"https:\\\/\\\/15131.p.syniva.es\\\/en\\\/\"},{\"@type\":\"ListItem\",\"position\":2,\"name\":\"Shop\",\"item\":\"https:\\\/\\\/15131.p.syniva.es\\\/en\\\/shop\\\/\"},{\"@type\":\"ListItem\",\"position\":3,\"name\":\"HEAD EXTREME PRO LTD \u2013 ARTURO COELLO\"}]},{\"@type\":\"WebSite\",\"@id\":\"https:\\\/\\\/15131.p.syniva.es\\\/en\\\/#website\",\"url\":\"https:\\\/\\\/15131.p.syniva.es\\\/en\\\/\",\"name\":\"Revolution Padel Store\",\"description\":\"\",\"publisher\":{\"@id\":\"https:\\\/\\\/15131.p.syniva.es\\\/en\\\/#organization\"},\"potentialAction\":[{\"@type\":\"SearchAction\",\"target\":{\"@type\":\"EntryPoint\",\"urlTemplate\":\"https:\\\/\\\/15131.p.syniva.es\\\/en\\\/?s={search_term_string}\"},\"query-input\":{\"@type\":\"PropertyValueSpecification\",\"valueRequired\":true,\"valueName\":\"search_term_string\"}}],\"inLanguage\":\"en-US\"},{\"@type\":\"Organization\",\"@id\":\"https:\\\/\\\/15131.p.syniva.es\\\/en\\\/#organization\",\"name\":\"Revolution Padel Store\",\"url\":\"https:\\\/\\\/15131.p.syniva.es\\\/en\\\/\",\"logo\":{\"@type\":\"ImageObject\",\"inLanguage\":\"en-US\",\"@id\":\"https:\\\/\\\/15131.p.syniva.es\\\/en\\\/#\\\/schema\\\/logo\\\/image\\\/\",\"url\":\"https:\\\/\\\/15131.p.syniva.es\\\/wp-content\\\/uploads\\\/2026\\\/02\\\/revolution-padel-store.jpg\",\"contentUrl\":\"https:\\\/\\\/15131.p.syniva.es\\\/wp-content\\\/uploads\\\/2026\\\/02\\\/revolution-padel-store.jpg\",\"width\":2000,\"height\":2000,\"caption\":\"Revolution Padel Store\"},\"image\":{\"@id\":\"https:\\\/\\\/15131.p.syniva.es\\\/en\\\/#\\\/schema\\\/logo\\\/image\\\/\"},\"sameAs\":[\"https:\\\/\\\/www.instagram.com\\\/revolutionpadelstore\\\/\"]}]}<\/script>\n<!-- \/ Yoast SEO plugin. -->","yoast_head_json":{"title":"HEAD EXTREME PRO LTD \u2013 ARTURO COELLO - Revolution Padel Store","description":"Basada en el modelo Extreme Pro, con las mismas prestaciones y tecnolog\u00edas, la pala EXTREME PRO LTD ARTURO COELLO en su edici\u00f3n limitada luce un dise\u00f1o exclusivo elegido por Arturo Coello, lo que realza su est\u00e9tica elegante y exclusiva. Para una imagen y un look realmente pr\u00e9mium, el dise\u00f1o incluye la firma de Arturo. Esta pala en forma de diamante combina un dise\u00f1o \u00fanico con una potencia extrema, por lo que es perfecta para jugadores expertos y profesionales.","robots":{"index":"index","follow":"follow","max-snippet":"max-snippet:-1","max-image-preview":"max-image-preview:large","max-video-preview":"max-video-preview:-1"},"canonical":"https:\/\/15131.p.syniva.es\/en\/head-extreme-pro-ltd-arturo-coello\/","og_locale":"en_US","og_type":"article","og_title":"COMPRAR HEAD EXTREME PRO LTD - ARTURO COELLO","og_description":"Basada en el modelo Extreme Pro, con las mismas prestaciones y tecnolog\u00edas, la pala EXTREME PRO LTD ARTURO COELLO en su edici\u00f3n limitada luce un dise\u00f1o exclusivo elegido por Arturo Coello, lo que realza su est\u00e9tica elegante y exclusiva. Para una imagen y un look realmente pr\u00e9mium, el dise\u00f1o incluye la firma de Arturo. Esta pala en forma de diamante combina un dise\u00f1o \u00fanico con una potencia extrema, por lo que es perfecta para jugadores expertos y profesionales.","og_url":"https:\/\/15131.p.syniva.es\/en\/head-extreme-pro-ltd-arturo-coello\/","og_site_name":"Revolution Padel Store","article_modified_time":"2026-04-08T09:18:19+00:00","og_image":[{"width":768,"height":768,"url":"https:\/\/15131.p.syniva.es\/wp-content\/uploads\/2024\/06\/extreme-pro-ltd.jpg","type":"image\/jpeg"}],"twitter_card":"summary_large_image","twitter_misc":{"Est. reading time":"3 minutes"},"schema":{"@context":"https:\/\/schema.org","@graph":[{"@type":"WebPage","@id":"https:\/\/15131.p.syniva.es\/en\/head-extreme-pro-ltd-arturo-coello\/","url":"https:\/\/15131.p.syniva.es\/en\/head-extreme-pro-ltd-arturo-coello\/","name":"HEAD EXTREME PRO LTD \u2013 ARTURO COELLO - Revolution Padel Store","isPartOf":{"@id":"https:\/\/15131.p.syniva.es\/en\/#website"},"primaryImageOfPage":{"@id":"https:\/\/15131.p.syniva.es\/en\/head-extreme-pro-ltd-arturo-coello\/#primaryimage"},"image":{"@id":"https:\/\/15131.p.syniva.es\/en\/head-extreme-pro-ltd-arturo-coello\/#primaryimage"},"thumbnailUrl":"https:\/\/15131.p.syniva.es\/wp-content\/uploads\/2024\/06\/extreme-pro-ltd.jpg","datePublished":"2024-06-17T22:00:24+00:00","dateModified":"2026-04-08T09:18:19+00:00","description":"Basada en el modelo Extreme Pro, con las mismas prestaciones y tecnolog\u00edas, la pala EXTREME PRO LTD ARTURO COELLO en su edici\u00f3n limitada luce un dise\u00f1o exclusivo elegido por Arturo Coello, lo que realza su est\u00e9tica elegante y exclusiva. Para una imagen y un look realmente pr\u00e9mium, el dise\u00f1o incluye la firma de Arturo. Esta pala en forma de diamante combina un dise\u00f1o \u00fanico con una potencia extrema, por lo que es perfecta para jugadores expertos y profesionales.","breadcrumb":{"@id":"https:\/\/15131.p.syniva.es\/en\/head-extreme-pro-ltd-arturo-coello\/#breadcrumb"},"inLanguage":"en-US","potentialAction":[{"@type":"ReadAction","target":["https:\/\/15131.p.syniva.es\/en\/head-extreme-pro-ltd-arturo-coello\/"]}]},{"@type":"ImageObject","inLanguage":"en-US","@id":"https:\/\/15131.p.syniva.es\/en\/head-extreme-pro-ltd-arturo-coello\/#primaryimage","url":"https:\/\/15131.p.syniva.es\/wp-content\/uploads\/2024\/06\/extreme-pro-ltd.jpg","contentUrl":"https:\/\/15131.p.syniva.es\/wp-content\/uploads\/2024\/06\/extreme-pro-ltd.jpg","width":768,"height":768},{"@type":"BreadcrumbList","@id":"https:\/\/15131.p.syniva.es\/en\/head-extreme-pro-ltd-arturo-coello\/#breadcrumb","itemListElement":[{"@type":"ListItem","position":1,"name":"Portada","item":"https:\/\/15131.p.syniva.es\/en\/"},{"@type":"ListItem","position":2,"name":"Shop","item":"https:\/\/15131.p.syniva.es\/en\/shop\/"},{"@type":"ListItem","position":3,"name":"HEAD EXTREME PRO LTD \u2013 ARTURO COELLO"}]},{"@type":"WebSite","@id":"https:\/\/15131.p.syniva.es\/en\/#website","url":"https:\/\/15131.p.syniva.es\/en\/","name":"Revolution Padel Store","description":"","publisher":{"@id":"https:\/\/15131.p.syniva.es\/en\/#organization"},"potentialAction":[{"@type":"SearchAction","target":{"@type":"EntryPoint","urlTemplate":"https:\/\/15131.p.syniva.es\/en\/?s={search_term_string}"},"query-input":{"@type":"PropertyValueSpecification","valueRequired":true,"valueName":"search_term_string"}}],"inLanguage":"en-US"},{"@type":"Organization","@id":"https:\/\/15131.p.syniva.es\/en\/#organization","name":"Revolution Padel Store","url":"https:\/\/15131.p.syniva.es\/en\/","logo":{"@type":"ImageObject","inLanguage":"en-US","@id":"https:\/\/15131.p.syniva.es\/en\/#\/schema\/logo\/image\/","url":"https:\/\/15131.p.syniva.es\/wp-content\/uploads\/2026\/02\/revolution-padel-store.jpg","contentUrl":"https:\/\/15131.p.syniva.es\/wp-content\/uploads\/2026\/02\/revolution-padel-store.jpg","width":2000,"height":2000,"caption":"Revolution Padel Store"},"image":{"@id":"https:\/\/15131.p.syniva.es\/en\/#\/schema\/logo\/image\/"},"sameAs":["https:\/\/www.instagram.com\/revolutionpadelstore\/"]}]}},"_links":{"self":[{"href":"https:\/\/15131.p.syniva.es\/en\/wp-json\/wp\/v2\/product\/11141","targetHints":{"allow":["GET"]}}],"collection":[{"href":"https:\/\/15131.p.syniva.es\/en\/wp-json\/wp\/v2\/product"}],"about":[{"href":"https:\/\/15131.p.syniva.es\/en\/wp-json\/wp\/v2\/types\/product"}],"replies":[{"embeddable":true,"href":"https:\/\/15131.p.syniva.es\/en\/wp-json\/wp\/v2\/comments?post=11141"}],"wp:featuredmedia":[{"embeddable":true,"href":"https:\/\/15131.p.syniva.es\/en\/wp-json\/wp\/v2\/media\/8605"}],"wp:attachment":[{"href":"https:\/\/15131.p.syniva.es\/en\/wp-json\/wp\/v2\/media?parent=11141"}],"wp:term":[{"taxonomy":"acabado","embeddable":true,"href":"https:\/\/15131.p.syniva.es\/en\/wp-json\/wp\/v2\/acabado?post=11141"},{"taxonomy":"balance","embeddable":true,"href":"https:\/\/15131.p.syniva.es\/en\/wp-json\/wp\/v2\/balance?post=11141"},{"taxonomy":"dureza","embeddable":true,"href":"https:\/\/15131.p.syniva.es\/en\/wp-json\/wp\/v2\/dureza?post=11141"},{"taxonomy":"forma","embeddable":true,"href":"https:\/\/15131.p.syniva.es\/en\/wp-json\/wp\/v2\/forma?post=11141"},{"taxonomy":"jugador","embeddable":true,"href":"https:\/\/15131.p.syniva.es\/en\/wp-json\/wp\/v2\/jugador?post=11141"},{"taxonomy":"marca","embeddable":true,"href":"https:\/\/15131.p.syniva.es\/en\/wp-json\/wp\/v2\/marca?post=11141"},{"taxonomy":"nivel-de-juego","embeddable":true,"href":"https:\/\/15131.p.syniva.es\/en\/wp-json\/wp\/v2\/nivel-de-juego?post=11141"},{"taxonomy":"superficie","embeddable":true,"href":"https:\/\/15131.p.syniva.es\/en\/wp-json\/wp\/v2\/superficie?post=11141"},{"taxonomy":"tipo-de-juego","embeddable":true,"href":"https:\/\/15131.p.syniva.es\/en\/wp-json\/wp\/v2\/tipo-de-juego?post=11141"},{"taxonomy":"product_brand","embeddable":true,"href":"https:\/\/15131.p.syniva.es\/en\/wp-json\/wp\/v2\/product_brand?post=11141"},{"taxonomy":"product_cat","embeddable":true,"href":"https:\/\/15131.p.syniva.es\/en\/wp-json\/wp\/v2\/product_cat?post=11141"},{"taxonomy":"product_tag","embeddable":true,"href":"https:\/\/15131.p.syniva.es\/en\/wp-json\/wp\/v2\/product_tag?post=11141"}],"curies":[{"name":"wp","href":"https:\/\/api.w.org\/{rel}","templated":true}]}}