{"id":129858,"date":"2024-11-28T20:30:12","date_gmt":"2024-11-28T19:30:12","guid":{"rendered":"https:\/\/15131.p.syniva.es\/asics-solution-speed-ff-3-clay\/"},"modified":"2026-04-08T09:58:15","modified_gmt":"2026-04-08T07:58:15","slug":"asics-solution-speed-ff-3-clay-2","status":"publish","type":"product","link":"https:\/\/15131.p.syniva.es\/en\/asics-solution-speed-ff-3-clay-2\/","title":{"rendered":"ASICS SOLUTION SPEED FF 3 CLAY"},"content":{"rendered":"<h2> ASICS SOLUTION SPEED FF 3 CLAY ORANGE WOMAN <\/H2><br \/>\nPadel shoes for Women Asics Solution Speed \u200b\u200bFF 3 Clay blank and orange are specially designed to offer higher performance on stubborn and paddle ground, providing excellent cushioning and maximum reactivity at all times. They have additional support thanks to the lateral tpu inserts, which keep their foot firm and well positioned.<\/p>\n<p>Its sole with spike pattern prevents the accumulation of sand and guarantees an optimal grip, improving traction and allowing agile and soft movements on the track. In addition, the sole is made with AHar rubber, a wear -resistant material, which increases the durability of the shoe.<\/p>\n<p>The upper part is built with a breathable and resistant mesh, which ensures good adjustment without sacrificing comfort or ventilation. Mediauela combines Flytefoam technology and 3D Space Construction, adapting perfectly to the female foot to provide light and effective damping in each movement.<\/p>\n<p>Its modern and elegant design, with details in orange tones on a soft target, will make you stand out both on and off the track.<\/p>\n<h2>Asics Solution Speed FF 3 Clay Naranja Mujer<\/h2>\n","protected":false},"excerpt":{"rendered":"<p>Padel shoes for Women Asics Solution Speed \u200b\u200bFF 3 Clay with spike sole made of ahaplus rubber for optimal wear resistance. Good cushioning in landings.<\/p>\n","protected":false},"featured_media":129828,"comment_status":"open","ping_status":"closed","template":"","meta":{"_acf_changed":false,"_joinchat":[]},"acabado":[],"balance":[],"dureza":[],"forma":[],"jugador":[1198],"marca":[1328],"nivel-de-juego":[],"superficie":[],"tipo-de-juego":[],"product_brand":[],"product_cat":[829],"product_tag":[],"class_list":{"0":"post-129858","1":"product","2":"type-product","3":"status-publish","4":"has-post-thumbnail","6":"jugador-woman","7":"marca-asics-en","8":"product_cat-sneakers","10":"first","11":"outofstock","12":"sale","13":"taxable","14":"shipping-taxable","15":"purchasable","16":"product-type-variable"},"acf":[],"yoast_head":"<!-- This site is optimized with the Yoast SEO plugin v27.3 - https:\/\/yoast.com\/product\/yoast-seo-wordpress\/ -->\n<title>ASICS SOLUTION SPEED FF 3 CLAY - Revolution Padel Store<\/title>\n<meta name=\"description\" content=\"Las zapatillas de p\u00e1del para mujer Asics Solution Speed FF 3 Clay en blanco y naranja est\u00e1n especialmente dise\u00f1adas para ofrecer un rendimiento superior en pistas de tierra batida y p\u00e1del, proporcionando una excelente amortiguaci\u00f3n y m\u00e1xima reactividad en todo momento. Cuentan con soporte adicional gracias a las inserciones laterales de TPU termoselladas, que mantienen el pie firme y bien posicionado.\" \/>\n<meta name=\"robots\" content=\"index, follow, max-snippet:-1, max-image-preview:large, max-video-preview:-1\" \/>\n<link rel=\"canonical\" href=\"https:\/\/15131.p.syniva.es\/en\/asics-solution-speed-ff-3-clay-2\/\" \/>\n<meta property=\"og:locale\" content=\"en_US\" \/>\n<meta property=\"og:type\" content=\"article\" \/>\n<meta property=\"og:title\" content=\"ASICS SOLUTION SPEED FF 3 CLAY - Revolution Padel Store\" \/>\n<meta property=\"og:description\" content=\"Las zapatillas de p\u00e1del para mujer Asics Solution Speed FF 3 Clay en blanco y naranja est\u00e1n especialmente dise\u00f1adas para ofrecer un rendimiento superior en pistas de tierra batida y p\u00e1del, proporcionando una excelente amortiguaci\u00f3n y m\u00e1xima reactividad en todo momento. Cuentan con soporte adicional gracias a las inserciones laterales de TPU termoselladas, que mantienen el pie firme y bien posicionado.\" \/>\n<meta property=\"og:url\" content=\"https:\/\/15131.p.syniva.es\/en\/asics-solution-speed-ff-3-clay-2\/\" \/>\n<meta property=\"og:site_name\" content=\"Revolution Padel Store\" \/>\n<meta property=\"article:modified_time\" content=\"2026-04-08T07:58:15+00:00\" \/>\n<meta property=\"og:image\" content=\"https:\/\/15131.p.syniva.es\/wp-content\/uploads\/2024\/11\/112839_zapatillas_asics_solution_speed_ff_3_clay_1042a248_102_mujer_1500x1500_1_c722.webp\" \/>\n\t<meta property=\"og:image:width\" content=\"1500\" \/>\n\t<meta property=\"og:image:height\" content=\"1500\" \/>\n\t<meta property=\"og:image:type\" content=\"image\/webp\" \/>\n<meta name=\"twitter:card\" content=\"summary_large_image\" \/>\n<meta name=\"twitter:label1\" content=\"Est. reading time\" \/>\n\t<meta name=\"twitter:data1\" content=\"2 minutes\" \/>\n<script type=\"application\/ld+json\" class=\"yoast-schema-graph\">{\"@context\":\"https:\\\/\\\/schema.org\",\"@graph\":[{\"@type\":\"WebPage\",\"@id\":\"https:\\\/\\\/15131.p.syniva.es\\\/en\\\/asics-solution-speed-ff-3-clay-2\\\/\",\"url\":\"https:\\\/\\\/15131.p.syniva.es\\\/en\\\/asics-solution-speed-ff-3-clay-2\\\/\",\"name\":\"ASICS SOLUTION SPEED FF 3 CLAY - Revolution Padel Store\",\"isPartOf\":{\"@id\":\"https:\\\/\\\/15131.p.syniva.es\\\/en\\\/#website\"},\"primaryImageOfPage\":{\"@id\":\"https:\\\/\\\/15131.p.syniva.es\\\/en\\\/asics-solution-speed-ff-3-clay-2\\\/#primaryimage\"},\"image\":{\"@id\":\"https:\\\/\\\/15131.p.syniva.es\\\/en\\\/asics-solution-speed-ff-3-clay-2\\\/#primaryimage\"},\"thumbnailUrl\":\"https:\\\/\\\/15131.p.syniva.es\\\/wp-content\\\/uploads\\\/2024\\\/11\\\/112839_zapatillas_asics_solution_speed_ff_3_clay_1042a248_102_mujer_1500x1500_1_c722.webp\",\"datePublished\":\"2024-11-28T19:30:12+00:00\",\"dateModified\":\"2026-04-08T07:58:15+00:00\",\"description\":\"Las zapatillas de p\u00e1del para mujer Asics Solution Speed FF 3 Clay en blanco y naranja est\u00e1n especialmente dise\u00f1adas para ofrecer un rendimiento superior en pistas de tierra batida y p\u00e1del, proporcionando una excelente amortiguaci\u00f3n y m\u00e1xima reactividad en todo momento. Cuentan con soporte adicional gracias a las inserciones laterales de TPU termoselladas, que mantienen el pie firme y bien posicionado.\",\"breadcrumb\":{\"@id\":\"https:\\\/\\\/15131.p.syniva.es\\\/en\\\/asics-solution-speed-ff-3-clay-2\\\/#breadcrumb\"},\"inLanguage\":\"en-US\",\"potentialAction\":[{\"@type\":\"ReadAction\",\"target\":[\"https:\\\/\\\/15131.p.syniva.es\\\/en\\\/asics-solution-speed-ff-3-clay-2\\\/\"]}]},{\"@type\":\"ImageObject\",\"inLanguage\":\"en-US\",\"@id\":\"https:\\\/\\\/15131.p.syniva.es\\\/en\\\/asics-solution-speed-ff-3-clay-2\\\/#primaryimage\",\"url\":\"https:\\\/\\\/15131.p.syniva.es\\\/wp-content\\\/uploads\\\/2024\\\/11\\\/112839_zapatillas_asics_solution_speed_ff_3_clay_1042a248_102_mujer_1500x1500_1_c722.webp\",\"contentUrl\":\"https:\\\/\\\/15131.p.syniva.es\\\/wp-content\\\/uploads\\\/2024\\\/11\\\/112839_zapatillas_asics_solution_speed_ff_3_clay_1042a248_102_mujer_1500x1500_1_c722.webp\",\"width\":1500,\"height\":1500},{\"@type\":\"BreadcrumbList\",\"@id\":\"https:\\\/\\\/15131.p.syniva.es\\\/en\\\/asics-solution-speed-ff-3-clay-2\\\/#breadcrumb\",\"itemListElement\":[{\"@type\":\"ListItem\",\"position\":1,\"name\":\"Portada\",\"item\":\"https:\\\/\\\/15131.p.syniva.es\\\/en\\\/\"},{\"@type\":\"ListItem\",\"position\":2,\"name\":\"Shop\",\"item\":\"https:\\\/\\\/15131.p.syniva.es\\\/en\\\/shop\\\/\"},{\"@type\":\"ListItem\",\"position\":3,\"name\":\"ASICS SOLUTION SPEED FF 3 CLAY\"}]},{\"@type\":\"WebSite\",\"@id\":\"https:\\\/\\\/15131.p.syniva.es\\\/en\\\/#website\",\"url\":\"https:\\\/\\\/15131.p.syniva.es\\\/en\\\/\",\"name\":\"Revolution Padel Store\",\"description\":\"\",\"publisher\":{\"@id\":\"https:\\\/\\\/15131.p.syniva.es\\\/en\\\/#organization\"},\"potentialAction\":[{\"@type\":\"SearchAction\",\"target\":{\"@type\":\"EntryPoint\",\"urlTemplate\":\"https:\\\/\\\/15131.p.syniva.es\\\/en\\\/?s={search_term_string}\"},\"query-input\":{\"@type\":\"PropertyValueSpecification\",\"valueRequired\":true,\"valueName\":\"search_term_string\"}}],\"inLanguage\":\"en-US\"},{\"@type\":\"Organization\",\"@id\":\"https:\\\/\\\/15131.p.syniva.es\\\/en\\\/#organization\",\"name\":\"Revolution Padel Store\",\"url\":\"https:\\\/\\\/15131.p.syniva.es\\\/en\\\/\",\"logo\":{\"@type\":\"ImageObject\",\"inLanguage\":\"en-US\",\"@id\":\"https:\\\/\\\/15131.p.syniva.es\\\/en\\\/#\\\/schema\\\/logo\\\/image\\\/\",\"url\":\"https:\\\/\\\/15131.p.syniva.es\\\/wp-content\\\/uploads\\\/2026\\\/02\\\/revolution-padel-store.jpg\",\"contentUrl\":\"https:\\\/\\\/15131.p.syniva.es\\\/wp-content\\\/uploads\\\/2026\\\/02\\\/revolution-padel-store.jpg\",\"width\":2000,\"height\":2000,\"caption\":\"Revolution Padel Store\"},\"image\":{\"@id\":\"https:\\\/\\\/15131.p.syniva.es\\\/en\\\/#\\\/schema\\\/logo\\\/image\\\/\"},\"sameAs\":[\"https:\\\/\\\/www.instagram.com\\\/revolutionpadelstore\\\/\"]}]}<\/script>\n<!-- \/ Yoast SEO plugin. -->","yoast_head_json":{"title":"ASICS SOLUTION SPEED FF 3 CLAY - Revolution Padel Store","description":"Las zapatillas de p\u00e1del para mujer Asics Solution Speed FF 3 Clay en blanco y naranja est\u00e1n especialmente dise\u00f1adas para ofrecer un rendimiento superior en pistas de tierra batida y p\u00e1del, proporcionando una excelente amortiguaci\u00f3n y m\u00e1xima reactividad en todo momento. Cuentan con soporte adicional gracias a las inserciones laterales de TPU termoselladas, que mantienen el pie firme y bien posicionado.","robots":{"index":"index","follow":"follow","max-snippet":"max-snippet:-1","max-image-preview":"max-image-preview:large","max-video-preview":"max-video-preview:-1"},"canonical":"https:\/\/15131.p.syniva.es\/en\/asics-solution-speed-ff-3-clay-2\/","og_locale":"en_US","og_type":"article","og_title":"ASICS SOLUTION SPEED FF 3 CLAY - Revolution Padel Store","og_description":"Las zapatillas de p\u00e1del para mujer Asics Solution Speed FF 3 Clay en blanco y naranja est\u00e1n especialmente dise\u00f1adas para ofrecer un rendimiento superior en pistas de tierra batida y p\u00e1del, proporcionando una excelente amortiguaci\u00f3n y m\u00e1xima reactividad en todo momento. Cuentan con soporte adicional gracias a las inserciones laterales de TPU termoselladas, que mantienen el pie firme y bien posicionado.","og_url":"https:\/\/15131.p.syniva.es\/en\/asics-solution-speed-ff-3-clay-2\/","og_site_name":"Revolution Padel Store","article_modified_time":"2026-04-08T07:58:15+00:00","og_image":[{"width":1500,"height":1500,"url":"https:\/\/15131.p.syniva.es\/wp-content\/uploads\/2024\/11\/112839_zapatillas_asics_solution_speed_ff_3_clay_1042a248_102_mujer_1500x1500_1_c722.webp","type":"image\/webp"}],"twitter_card":"summary_large_image","twitter_misc":{"Est. reading time":"2 minutes"},"schema":{"@context":"https:\/\/schema.org","@graph":[{"@type":"WebPage","@id":"https:\/\/15131.p.syniva.es\/en\/asics-solution-speed-ff-3-clay-2\/","url":"https:\/\/15131.p.syniva.es\/en\/asics-solution-speed-ff-3-clay-2\/","name":"ASICS SOLUTION SPEED FF 3 CLAY - Revolution Padel Store","isPartOf":{"@id":"https:\/\/15131.p.syniva.es\/en\/#website"},"primaryImageOfPage":{"@id":"https:\/\/15131.p.syniva.es\/en\/asics-solution-speed-ff-3-clay-2\/#primaryimage"},"image":{"@id":"https:\/\/15131.p.syniva.es\/en\/asics-solution-speed-ff-3-clay-2\/#primaryimage"},"thumbnailUrl":"https:\/\/15131.p.syniva.es\/wp-content\/uploads\/2024\/11\/112839_zapatillas_asics_solution_speed_ff_3_clay_1042a248_102_mujer_1500x1500_1_c722.webp","datePublished":"2024-11-28T19:30:12+00:00","dateModified":"2026-04-08T07:58:15+00:00","description":"Las zapatillas de p\u00e1del para mujer Asics Solution Speed FF 3 Clay en blanco y naranja est\u00e1n especialmente dise\u00f1adas para ofrecer un rendimiento superior en pistas de tierra batida y p\u00e1del, proporcionando una excelente amortiguaci\u00f3n y m\u00e1xima reactividad en todo momento. Cuentan con soporte adicional gracias a las inserciones laterales de TPU termoselladas, que mantienen el pie firme y bien posicionado.","breadcrumb":{"@id":"https:\/\/15131.p.syniva.es\/en\/asics-solution-speed-ff-3-clay-2\/#breadcrumb"},"inLanguage":"en-US","potentialAction":[{"@type":"ReadAction","target":["https:\/\/15131.p.syniva.es\/en\/asics-solution-speed-ff-3-clay-2\/"]}]},{"@type":"ImageObject","inLanguage":"en-US","@id":"https:\/\/15131.p.syniva.es\/en\/asics-solution-speed-ff-3-clay-2\/#primaryimage","url":"https:\/\/15131.p.syniva.es\/wp-content\/uploads\/2024\/11\/112839_zapatillas_asics_solution_speed_ff_3_clay_1042a248_102_mujer_1500x1500_1_c722.webp","contentUrl":"https:\/\/15131.p.syniva.es\/wp-content\/uploads\/2024\/11\/112839_zapatillas_asics_solution_speed_ff_3_clay_1042a248_102_mujer_1500x1500_1_c722.webp","width":1500,"height":1500},{"@type":"BreadcrumbList","@id":"https:\/\/15131.p.syniva.es\/en\/asics-solution-speed-ff-3-clay-2\/#breadcrumb","itemListElement":[{"@type":"ListItem","position":1,"name":"Portada","item":"https:\/\/15131.p.syniva.es\/en\/"},{"@type":"ListItem","position":2,"name":"Shop","item":"https:\/\/15131.p.syniva.es\/en\/shop\/"},{"@type":"ListItem","position":3,"name":"ASICS SOLUTION SPEED FF 3 CLAY"}]},{"@type":"WebSite","@id":"https:\/\/15131.p.syniva.es\/en\/#website","url":"https:\/\/15131.p.syniva.es\/en\/","name":"Revolution Padel Store","description":"","publisher":{"@id":"https:\/\/15131.p.syniva.es\/en\/#organization"},"potentialAction":[{"@type":"SearchAction","target":{"@type":"EntryPoint","urlTemplate":"https:\/\/15131.p.syniva.es\/en\/?s={search_term_string}"},"query-input":{"@type":"PropertyValueSpecification","valueRequired":true,"valueName":"search_term_string"}}],"inLanguage":"en-US"},{"@type":"Organization","@id":"https:\/\/15131.p.syniva.es\/en\/#organization","name":"Revolution Padel Store","url":"https:\/\/15131.p.syniva.es\/en\/","logo":{"@type":"ImageObject","inLanguage":"en-US","@id":"https:\/\/15131.p.syniva.es\/en\/#\/schema\/logo\/image\/","url":"https:\/\/15131.p.syniva.es\/wp-content\/uploads\/2026\/02\/revolution-padel-store.jpg","contentUrl":"https:\/\/15131.p.syniva.es\/wp-content\/uploads\/2026\/02\/revolution-padel-store.jpg","width":2000,"height":2000,"caption":"Revolution Padel Store"},"image":{"@id":"https:\/\/15131.p.syniva.es\/en\/#\/schema\/logo\/image\/"},"sameAs":["https:\/\/www.instagram.com\/revolutionpadelstore\/"]}]}},"_links":{"self":[{"href":"https:\/\/15131.p.syniva.es\/en\/wp-json\/wp\/v2\/product\/129858","targetHints":{"allow":["GET"]}}],"collection":[{"href":"https:\/\/15131.p.syniva.es\/en\/wp-json\/wp\/v2\/product"}],"about":[{"href":"https:\/\/15131.p.syniva.es\/en\/wp-json\/wp\/v2\/types\/product"}],"replies":[{"embeddable":true,"href":"https:\/\/15131.p.syniva.es\/en\/wp-json\/wp\/v2\/comments?post=129858"}],"wp:featuredmedia":[{"embeddable":true,"href":"https:\/\/15131.p.syniva.es\/en\/wp-json\/wp\/v2\/media\/129828"}],"wp:attachment":[{"href":"https:\/\/15131.p.syniva.es\/en\/wp-json\/wp\/v2\/media?parent=129858"}],"wp:term":[{"taxonomy":"acabado","embeddable":true,"href":"https:\/\/15131.p.syniva.es\/en\/wp-json\/wp\/v2\/acabado?post=129858"},{"taxonomy":"balance","embeddable":true,"href":"https:\/\/15131.p.syniva.es\/en\/wp-json\/wp\/v2\/balance?post=129858"},{"taxonomy":"dureza","embeddable":true,"href":"https:\/\/15131.p.syniva.es\/en\/wp-json\/wp\/v2\/dureza?post=129858"},{"taxonomy":"forma","embeddable":true,"href":"https:\/\/15131.p.syniva.es\/en\/wp-json\/wp\/v2\/forma?post=129858"},{"taxonomy":"jugador","embeddable":true,"href":"https:\/\/15131.p.syniva.es\/en\/wp-json\/wp\/v2\/jugador?post=129858"},{"taxonomy":"marca","embeddable":true,"href":"https:\/\/15131.p.syniva.es\/en\/wp-json\/wp\/v2\/marca?post=129858"},{"taxonomy":"nivel-de-juego","embeddable":true,"href":"https:\/\/15131.p.syniva.es\/en\/wp-json\/wp\/v2\/nivel-de-juego?post=129858"},{"taxonomy":"superficie","embeddable":true,"href":"https:\/\/15131.p.syniva.es\/en\/wp-json\/wp\/v2\/superficie?post=129858"},{"taxonomy":"tipo-de-juego","embeddable":true,"href":"https:\/\/15131.p.syniva.es\/en\/wp-json\/wp\/v2\/tipo-de-juego?post=129858"},{"taxonomy":"product_brand","embeddable":true,"href":"https:\/\/15131.p.syniva.es\/en\/wp-json\/wp\/v2\/product_brand?post=129858"},{"taxonomy":"product_cat","embeddable":true,"href":"https:\/\/15131.p.syniva.es\/en\/wp-json\/wp\/v2\/product_cat?post=129858"},{"taxonomy":"product_tag","embeddable":true,"href":"https:\/\/15131.p.syniva.es\/en\/wp-json\/wp\/v2\/product_tag?post=129858"}],"curies":[{"name":"wp","href":"https:\/\/api.w.org\/{rel}","templated":true}]}}