{"id":153201,"date":"2024-12-07T00:59:23","date_gmt":"2024-12-06T23:59:23","guid":{"rendered":"https:\/\/15131.p.syniva.es\/153152\/"},"modified":"2026-04-10T02:00:29","modified_gmt":"2026-04-10T00:00:29","slug":"adidas-cross-it-light-3-4-2025-2","status":"publish","type":"product","link":"https:\/\/15131.p.syniva.es\/en\/adidas-cross-it-light-3-4-2025-2\/","title":{"rendered":"ADIDAS CROSS IT LIGHT 3.4 2025"},"content":{"rendered":"<p><H2> <strong> adidas Cross it light 3.4: The revolution on the track <\/strong> <\/ h2><br \/>\nThe <strong> adidas Cross it light 3.4 <\/strong>, the official shovel of <strong> Marta Ortega <\/strong>, is a real revolution in design and technology. With a light weight of <strong> 345-360 grams <\/strong>, this shovel offers a handle that significantly improves handling without compromising performance.<br \/>\n<H2> <strong> Higher Design and Control <\/strong> <\/ h2><br \/>\nWith a round format, the weight is balancing near the grip, providing superior control in defensive blows and agile movements. The exclusive firm of Marta Ortega guarantees not only performance, but also unique style and quality on the track.<br \/>\n<H2> <strong> for advanced players <\/strong> <\/ h2><br \/>\nDesigned for high -level players seeking agility in their movements, the <strong> adidas cross it light 3.4 <\/strong> is perfect for defensive plays. Ideal for those looking for a solid response in each impact.<br \/>\n<H2> <strong> characteristics and technologies <\/strong> <\/ h2><\/p>\n<p style=\"padding-left: 40px\"> <strong>-rubber energy rubber <\/strong>: intermediate density for an incredible ball outlet. <\/p>\n<\/p>\n<p style=\"padding-left: 40px\"> <strong>-24K aluminized carbon plans <\/strong>: great power with a soft touch. <\/p>\n<\/p>\n<p> <strong> -Dynamic Air Flow <\/strong>: open holes system in the heart that reduces air resistance to gain speed.<br \/>\n<P> <strong> -Disposition of holes eleven 13 <\/strong>: greater rigidity and consistency. <\/p>\n<p style=\"padding-left: 40px\"> <strong> -Power extra grip <\/strong>: lengthens the grip improving inertia and power in the blows.<\/p>\n<p> <strong> -Relieve 3D spin blade mold <\/strong>: optimizes the effect and improves the sensations of contact.<\/p>\n<p><H2> <strong> take your game to the next level <\/strong> <\/ h2><br \/>\nBuy the <strong> adidas Cross it light 3.4 <\/strong> in our p\u0101del and improve your level with the official shovel of Martita Ortega. Designed for professional players looking for a versatile model that adapts to any game situation.<\/p>\n<h2><strong>Adidas Cross It Light 3.4: La Revoluci\u00f3n en la Pista<\/strong><\/p>\n","protected":false},"excerpt":{"rendered":"<p>Round shovel and lightweight Adidas Cross it Light 3.4 For Women, Marta Ortega Officer. Soft energy in the nucleus and rough carbon plans 24K aluminized.<\/p>\n","protected":false},"featured_media":153154,"comment_status":"open","ping_status":"closed","template":"","meta":{"_acf_changed":false,"_joinchat":[]},"acabado":[1093],"balance":[1148],"dureza":[1158],"forma":[1183],"jugador":[1198],"marca":[1233],"nivel-de-juego":[1338,1348],"superficie":[1363],"tipo-de-juego":[1373],"product_brand":[],"product_cat":[303],"product_tag":[],"class_list":{"0":"post-153201","1":"product","2":"type-product","3":"status-publish","4":"has-post-thumbnail","6":"acabado-relieve-3d-en","7":"balance-bajo-en","8":"dureza-media-en","9":"forma-redonda-en","10":"jugador-woman","11":"marca-adidas-en","12":"superficie-rugosa-en","13":"tipo-de-juego-control-en","14":"product_cat-palas","16":"first","17":"instock","18":"sale","19":"taxable","20":"shipping-taxable","21":"purchasable","22":"product-type-simple"},"acf":[],"yoast_head":"<!-- This site is optimized with the Yoast SEO plugin v27.4 - https:\/\/yoast.com\/product\/yoast-seo-wordpress\/ -->\n<title>ADIDAS CROSS IT LIGHT 3.4 2025 - Revolution Padel Store<\/title>\n<meta name=\"description\" content=\"Con un formato redondo, su dise\u00f1o equilibra el peso cerca del grip, ofreciendo control superior en golpes defensivos y movimientos \u00e1giles. Con la firma exclusiva de la jugadora, esta pala Adidas para mujer no solo garantiza rendimiento, sino tambi\u00e9n estilo y calidad inigualables en la pista.\" \/>\n<meta name=\"robots\" content=\"index, follow, max-snippet:-1, max-image-preview:large, max-video-preview:-1\" \/>\n<link rel=\"canonical\" href=\"https:\/\/15131.p.syniva.es\/en\/adidas-cross-it-light-3-4-2025-2\/\" \/>\n<meta property=\"og:locale\" content=\"en_US\" \/>\n<meta property=\"og:type\" content=\"article\" \/>\n<meta property=\"og:title\" content=\"ADIDAS CROSS IT LIGHT 3.4 2025 - Revolution Padel Store\" \/>\n<meta property=\"og:description\" content=\"Con un formato redondo, su dise\u00f1o equilibra el peso cerca del grip, ofreciendo control superior en golpes defensivos y movimientos \u00e1giles. Con la firma exclusiva de la jugadora, esta pala Adidas para mujer no solo garantiza rendimiento, sino tambi\u00e9n estilo y calidad inigualables en la pista.\" \/>\n<meta property=\"og:url\" content=\"https:\/\/15131.p.syniva.es\/en\/adidas-cross-it-light-3-4-2025-2\/\" \/>\n<meta property=\"og:site_name\" content=\"Revolution Padel Store\" \/>\n<meta property=\"article:modified_time\" content=\"2026-04-10T00:00:29+00:00\" \/>\n<meta property=\"og:image\" content=\"https:\/\/15131.p.syniva.es\/wp-content\/uploads\/2024\/12\/113680-pala-adidas-cross-lt-light-3-4-ar1ca6u111500x1500-1.webp\" \/>\n\t<meta property=\"og:image:width\" content=\"1500\" \/>\n\t<meta property=\"og:image:height\" content=\"1500\" \/>\n\t<meta property=\"og:image:type\" content=\"image\/webp\" \/>\n<meta name=\"twitter:card\" content=\"summary_large_image\" \/>\n<meta name=\"twitter:label1\" content=\"Est. reading time\" \/>\n\t<meta name=\"twitter:data1\" content=\"2 minutes\" \/>\n<script type=\"application\/ld+json\" class=\"yoast-schema-graph\">{\"@context\":\"https:\\\/\\\/schema.org\",\"@graph\":[{\"@type\":\"WebPage\",\"@id\":\"https:\\\/\\\/15131.p.syniva.es\\\/en\\\/adidas-cross-it-light-3-4-2025-2\\\/\",\"url\":\"https:\\\/\\\/15131.p.syniva.es\\\/en\\\/adidas-cross-it-light-3-4-2025-2\\\/\",\"name\":\"ADIDAS CROSS IT LIGHT 3.4 2025 - Revolution Padel Store\",\"isPartOf\":{\"@id\":\"https:\\\/\\\/15131.p.syniva.es\\\/en\\\/#website\"},\"primaryImageOfPage\":{\"@id\":\"https:\\\/\\\/15131.p.syniva.es\\\/en\\\/adidas-cross-it-light-3-4-2025-2\\\/#primaryimage\"},\"image\":{\"@id\":\"https:\\\/\\\/15131.p.syniva.es\\\/en\\\/adidas-cross-it-light-3-4-2025-2\\\/#primaryimage\"},\"thumbnailUrl\":\"https:\\\/\\\/15131.p.syniva.es\\\/wp-content\\\/uploads\\\/2024\\\/12\\\/113680-pala-adidas-cross-lt-light-3-4-ar1ca6u111500x1500-1.webp\",\"datePublished\":\"2024-12-06T23:59:23+00:00\",\"dateModified\":\"2026-04-10T00:00:29+00:00\",\"description\":\"Con un formato redondo, su dise\u00f1o equilibra el peso cerca del grip, ofreciendo control superior en golpes defensivos y movimientos \u00e1giles. Con la firma exclusiva de la jugadora, esta pala Adidas para mujer no solo garantiza rendimiento, sino tambi\u00e9n estilo y calidad inigualables en la pista.\",\"breadcrumb\":{\"@id\":\"https:\\\/\\\/15131.p.syniva.es\\\/en\\\/adidas-cross-it-light-3-4-2025-2\\\/#breadcrumb\"},\"inLanguage\":\"en-US\",\"potentialAction\":[{\"@type\":\"ReadAction\",\"target\":[\"https:\\\/\\\/15131.p.syniva.es\\\/en\\\/adidas-cross-it-light-3-4-2025-2\\\/\"]}]},{\"@type\":\"ImageObject\",\"inLanguage\":\"en-US\",\"@id\":\"https:\\\/\\\/15131.p.syniva.es\\\/en\\\/adidas-cross-it-light-3-4-2025-2\\\/#primaryimage\",\"url\":\"https:\\\/\\\/15131.p.syniva.es\\\/wp-content\\\/uploads\\\/2024\\\/12\\\/113680-pala-adidas-cross-lt-light-3-4-ar1ca6u111500x1500-1.webp\",\"contentUrl\":\"https:\\\/\\\/15131.p.syniva.es\\\/wp-content\\\/uploads\\\/2024\\\/12\\\/113680-pala-adidas-cross-lt-light-3-4-ar1ca6u111500x1500-1.webp\",\"width\":1500,\"height\":1500},{\"@type\":\"BreadcrumbList\",\"@id\":\"https:\\\/\\\/15131.p.syniva.es\\\/en\\\/adidas-cross-it-light-3-4-2025-2\\\/#breadcrumb\",\"itemListElement\":[{\"@type\":\"ListItem\",\"position\":1,\"name\":\"Portada\",\"item\":\"https:\\\/\\\/15131.p.syniva.es\\\/en\\\/\"},{\"@type\":\"ListItem\",\"position\":2,\"name\":\"Shop\",\"item\":\"https:\\\/\\\/15131.p.syniva.es\\\/en\\\/shop\\\/\"},{\"@type\":\"ListItem\",\"position\":3,\"name\":\"ADIDAS CROSS IT LIGHT 3.4 2025\"}]},{\"@type\":\"WebSite\",\"@id\":\"https:\\\/\\\/15131.p.syniva.es\\\/en\\\/#website\",\"url\":\"https:\\\/\\\/15131.p.syniva.es\\\/en\\\/\",\"name\":\"Revolution Padel Store\",\"description\":\"\",\"publisher\":{\"@id\":\"https:\\\/\\\/15131.p.syniva.es\\\/en\\\/#organization\"},\"potentialAction\":[{\"@type\":\"SearchAction\",\"target\":{\"@type\":\"EntryPoint\",\"urlTemplate\":\"https:\\\/\\\/15131.p.syniva.es\\\/en\\\/?s={search_term_string}\"},\"query-input\":{\"@type\":\"PropertyValueSpecification\",\"valueRequired\":true,\"valueName\":\"search_term_string\"}}],\"inLanguage\":\"en-US\"},{\"@type\":\"Organization\",\"@id\":\"https:\\\/\\\/15131.p.syniva.es\\\/en\\\/#organization\",\"name\":\"Revolution Padel Store\",\"url\":\"https:\\\/\\\/15131.p.syniva.es\\\/en\\\/\",\"logo\":{\"@type\":\"ImageObject\",\"inLanguage\":\"en-US\",\"@id\":\"https:\\\/\\\/15131.p.syniva.es\\\/en\\\/#\\\/schema\\\/logo\\\/image\\\/\",\"url\":\"https:\\\/\\\/15131.p.syniva.es\\\/wp-content\\\/uploads\\\/2026\\\/02\\\/revolution-padel-store.jpg\",\"contentUrl\":\"https:\\\/\\\/15131.p.syniva.es\\\/wp-content\\\/uploads\\\/2026\\\/02\\\/revolution-padel-store.jpg\",\"width\":2000,\"height\":2000,\"caption\":\"Revolution Padel Store\"},\"image\":{\"@id\":\"https:\\\/\\\/15131.p.syniva.es\\\/en\\\/#\\\/schema\\\/logo\\\/image\\\/\"},\"sameAs\":[\"https:\\\/\\\/www.instagram.com\\\/revolutionpadelstore\\\/\"]}]}<\/script>\n<!-- \/ Yoast SEO plugin. -->","yoast_head_json":{"title":"ADIDAS CROSS IT LIGHT 3.4 2025 - Revolution Padel Store","description":"Con un formato redondo, su dise\u00f1o equilibra el peso cerca del grip, ofreciendo control superior en golpes defensivos y movimientos \u00e1giles. Con la firma exclusiva de la jugadora, esta pala Adidas para mujer no solo garantiza rendimiento, sino tambi\u00e9n estilo y calidad inigualables en la pista.","robots":{"index":"index","follow":"follow","max-snippet":"max-snippet:-1","max-image-preview":"max-image-preview:large","max-video-preview":"max-video-preview:-1"},"canonical":"https:\/\/15131.p.syniva.es\/en\/adidas-cross-it-light-3-4-2025-2\/","og_locale":"en_US","og_type":"article","og_title":"ADIDAS CROSS IT LIGHT 3.4 2025 - Revolution Padel Store","og_description":"Con un formato redondo, su dise\u00f1o equilibra el peso cerca del grip, ofreciendo control superior en golpes defensivos y movimientos \u00e1giles. Con la firma exclusiva de la jugadora, esta pala Adidas para mujer no solo garantiza rendimiento, sino tambi\u00e9n estilo y calidad inigualables en la pista.","og_url":"https:\/\/15131.p.syniva.es\/en\/adidas-cross-it-light-3-4-2025-2\/","og_site_name":"Revolution Padel Store","article_modified_time":"2026-04-10T00:00:29+00:00","og_image":[{"width":1500,"height":1500,"url":"https:\/\/15131.p.syniva.es\/wp-content\/uploads\/2024\/12\/113680-pala-adidas-cross-lt-light-3-4-ar1ca6u111500x1500-1.webp","type":"image\/webp"}],"twitter_card":"summary_large_image","twitter_misc":{"Est. reading time":"2 minutes"},"schema":{"@context":"https:\/\/schema.org","@graph":[{"@type":"WebPage","@id":"https:\/\/15131.p.syniva.es\/en\/adidas-cross-it-light-3-4-2025-2\/","url":"https:\/\/15131.p.syniva.es\/en\/adidas-cross-it-light-3-4-2025-2\/","name":"ADIDAS CROSS IT LIGHT 3.4 2025 - Revolution Padel Store","isPartOf":{"@id":"https:\/\/15131.p.syniva.es\/en\/#website"},"primaryImageOfPage":{"@id":"https:\/\/15131.p.syniva.es\/en\/adidas-cross-it-light-3-4-2025-2\/#primaryimage"},"image":{"@id":"https:\/\/15131.p.syniva.es\/en\/adidas-cross-it-light-3-4-2025-2\/#primaryimage"},"thumbnailUrl":"https:\/\/15131.p.syniva.es\/wp-content\/uploads\/2024\/12\/113680-pala-adidas-cross-lt-light-3-4-ar1ca6u111500x1500-1.webp","datePublished":"2024-12-06T23:59:23+00:00","dateModified":"2026-04-10T00:00:29+00:00","description":"Con un formato redondo, su dise\u00f1o equilibra el peso cerca del grip, ofreciendo control superior en golpes defensivos y movimientos \u00e1giles. Con la firma exclusiva de la jugadora, esta pala Adidas para mujer no solo garantiza rendimiento, sino tambi\u00e9n estilo y calidad inigualables en la pista.","breadcrumb":{"@id":"https:\/\/15131.p.syniva.es\/en\/adidas-cross-it-light-3-4-2025-2\/#breadcrumb"},"inLanguage":"en-US","potentialAction":[{"@type":"ReadAction","target":["https:\/\/15131.p.syniva.es\/en\/adidas-cross-it-light-3-4-2025-2\/"]}]},{"@type":"ImageObject","inLanguage":"en-US","@id":"https:\/\/15131.p.syniva.es\/en\/adidas-cross-it-light-3-4-2025-2\/#primaryimage","url":"https:\/\/15131.p.syniva.es\/wp-content\/uploads\/2024\/12\/113680-pala-adidas-cross-lt-light-3-4-ar1ca6u111500x1500-1.webp","contentUrl":"https:\/\/15131.p.syniva.es\/wp-content\/uploads\/2024\/12\/113680-pala-adidas-cross-lt-light-3-4-ar1ca6u111500x1500-1.webp","width":1500,"height":1500},{"@type":"BreadcrumbList","@id":"https:\/\/15131.p.syniva.es\/en\/adidas-cross-it-light-3-4-2025-2\/#breadcrumb","itemListElement":[{"@type":"ListItem","position":1,"name":"Portada","item":"https:\/\/15131.p.syniva.es\/en\/"},{"@type":"ListItem","position":2,"name":"Shop","item":"https:\/\/15131.p.syniva.es\/en\/shop\/"},{"@type":"ListItem","position":3,"name":"ADIDAS CROSS IT LIGHT 3.4 2025"}]},{"@type":"WebSite","@id":"https:\/\/15131.p.syniva.es\/en\/#website","url":"https:\/\/15131.p.syniva.es\/en\/","name":"Revolution Padel Store","description":"","publisher":{"@id":"https:\/\/15131.p.syniva.es\/en\/#organization"},"potentialAction":[{"@type":"SearchAction","target":{"@type":"EntryPoint","urlTemplate":"https:\/\/15131.p.syniva.es\/en\/?s={search_term_string}"},"query-input":{"@type":"PropertyValueSpecification","valueRequired":true,"valueName":"search_term_string"}}],"inLanguage":"en-US"},{"@type":"Organization","@id":"https:\/\/15131.p.syniva.es\/en\/#organization","name":"Revolution Padel Store","url":"https:\/\/15131.p.syniva.es\/en\/","logo":{"@type":"ImageObject","inLanguage":"en-US","@id":"https:\/\/15131.p.syniva.es\/en\/#\/schema\/logo\/image\/","url":"https:\/\/15131.p.syniva.es\/wp-content\/uploads\/2026\/02\/revolution-padel-store.jpg","contentUrl":"https:\/\/15131.p.syniva.es\/wp-content\/uploads\/2026\/02\/revolution-padel-store.jpg","width":2000,"height":2000,"caption":"Revolution Padel Store"},"image":{"@id":"https:\/\/15131.p.syniva.es\/en\/#\/schema\/logo\/image\/"},"sameAs":["https:\/\/www.instagram.com\/revolutionpadelstore\/"]}]}},"_links":{"self":[{"href":"https:\/\/15131.p.syniva.es\/en\/wp-json\/wp\/v2\/product\/153201","targetHints":{"allow":["GET"]}}],"collection":[{"href":"https:\/\/15131.p.syniva.es\/en\/wp-json\/wp\/v2\/product"}],"about":[{"href":"https:\/\/15131.p.syniva.es\/en\/wp-json\/wp\/v2\/types\/product"}],"replies":[{"embeddable":true,"href":"https:\/\/15131.p.syniva.es\/en\/wp-json\/wp\/v2\/comments?post=153201"}],"wp:featuredmedia":[{"embeddable":true,"href":"https:\/\/15131.p.syniva.es\/en\/wp-json\/wp\/v2\/media\/153154"}],"wp:attachment":[{"href":"https:\/\/15131.p.syniva.es\/en\/wp-json\/wp\/v2\/media?parent=153201"}],"wp:term":[{"taxonomy":"acabado","embeddable":true,"href":"https:\/\/15131.p.syniva.es\/en\/wp-json\/wp\/v2\/acabado?post=153201"},{"taxonomy":"balance","embeddable":true,"href":"https:\/\/15131.p.syniva.es\/en\/wp-json\/wp\/v2\/balance?post=153201"},{"taxonomy":"dureza","embeddable":true,"href":"https:\/\/15131.p.syniva.es\/en\/wp-json\/wp\/v2\/dureza?post=153201"},{"taxonomy":"forma","embeddable":true,"href":"https:\/\/15131.p.syniva.es\/en\/wp-json\/wp\/v2\/forma?post=153201"},{"taxonomy":"jugador","embeddable":true,"href":"https:\/\/15131.p.syniva.es\/en\/wp-json\/wp\/v2\/jugador?post=153201"},{"taxonomy":"marca","embeddable":true,"href":"https:\/\/15131.p.syniva.es\/en\/wp-json\/wp\/v2\/marca?post=153201"},{"taxonomy":"nivel-de-juego","embeddable":true,"href":"https:\/\/15131.p.syniva.es\/en\/wp-json\/wp\/v2\/nivel-de-juego?post=153201"},{"taxonomy":"superficie","embeddable":true,"href":"https:\/\/15131.p.syniva.es\/en\/wp-json\/wp\/v2\/superficie?post=153201"},{"taxonomy":"tipo-de-juego","embeddable":true,"href":"https:\/\/15131.p.syniva.es\/en\/wp-json\/wp\/v2\/tipo-de-juego?post=153201"},{"taxonomy":"product_brand","embeddable":true,"href":"https:\/\/15131.p.syniva.es\/en\/wp-json\/wp\/v2\/product_brand?post=153201"},{"taxonomy":"product_cat","embeddable":true,"href":"https:\/\/15131.p.syniva.es\/en\/wp-json\/wp\/v2\/product_cat?post=153201"},{"taxonomy":"product_tag","embeddable":true,"href":"https:\/\/15131.p.syniva.es\/en\/wp-json\/wp\/v2\/product_tag?post=153201"}],"curies":[{"name":"wp","href":"https:\/\/api.w.org\/{rel}","templated":true}]}}