{"id":153526,"date":"2024-12-08T11:01:21","date_gmt":"2024-12-08T10:01:21","guid":{"rendered":"https:\/\/15131.p.syniva.es\/adidas-cross-it-team-2025\/"},"modified":"2026-04-08T09:39:49","modified_gmt":"2026-04-08T07:39:49","slug":"adidas-cross-it-team-2025-2","status":"publish","type":"product","link":"https:\/\/15131.p.syniva.es\/en\/adidas-cross-it-team-2025-2\/","title":{"rendered":"ADIDAS CROSS IT TEAM 2025"},"content":{"rendered":"<p><H2> <strong> adidas Cross it team 2025: extreme power and performance<br \/>\nThe <strong> adidas Cross it team 2025 <\/strong> is the perfect shovel for players looking for a balance between power, control and manageability. Designed oversize diamond -shaped and a high balance, it offers a large hit surface, ideal for an offensive game full of strength and precision. Its construction with high quality materials and innovative technologies guarantees higher performance in each blow.<br \/>\n<H2> <strong> designed for advanced players <\/strong> <\/ h2><br \/>\nThe <strong> Cross It Team 2025 <\/strong> is aimed at advanced level players who prioritize the power in their blows and seek to highlight in the attack. With a weight of 360-375 grams, this shovel provides great manageability and maneuverability, perfect for intensive training and high-level competitions.<br \/>\n<H2> <strong> key characteristics and advanced technologies <\/strong> <\/ h2><br \/>\n<P> <strong>-Fiberglass plans: <\/strong> provide a soft touch and improve manageability in each blow. <\/p>\n<\/p>\n<p><P> <strong> -Nuco Eva Soft Performance: <\/strong> low density rubber that guarantees an exceptional ball outlet and great comfort.<\/p>\n<p style=\"padding-left: 40px\"> <strong> -Power extra grip: <\/strong> extends the handle to increase the power by generating greater inertia in the blows.<br \/>\n<P> <strong> -Dynamic Air Flow: <\/strong> Provision of holes that reduces air resistance, improving maneuverability.<\/p>\n<p style=\"padding-left: 40px\"> <strong> -Relieve spin blade decal: <\/strong> texture in the plans that increases control and allows to generate greater effect on the ball.<br \/>\n<P> <strong> -Samante oversize diamond: <\/strong> provides a high balance to maximize the power in offensive blows.<\/p>\n<p><H2> <strong> Available at Revolution Padel Store <\/strong> <\/ h2><br \/>\nTake your game to the next level with the <strong> Adidas Cross It Team 2025 <\/strong>, the ideal shovel for advanced players looking for extreme power and precision in each blow. With its innovative design and state -of -the -art technologies, it will be your best ally to master the track. Get with her now!<\/p>\n<h2><strong>Adidas Cross It Team 2025: potencia y rendimiento extremo<\/strong><\/p>\n","protected":false},"excerpt":{"rendered":"<p>The <strong> adidas cross it team <\/strong> is a shovel with <strong> form of diamond oversize <\/strong> and excellent track performance. Ideal for advanced players seeking to stand out in the attack and maximize their offensive game.<strong>Adidas Cross It Team<\/strong><\/p>\n","protected":false},"featured_media":153485,"comment_status":"open","ping_status":"closed","template":"","meta":{"_acf_changed":false,"_joinchat":[]},"acabado":[1093],"balance":[1138],"dureza":[1158],"forma":[1173],"jugador":[1193,1203],"marca":[1233],"nivel-de-juego":[1338],"superficie":[1363],"tipo-de-juego":[1378],"product_brand":[],"product_cat":[303],"product_tag":[],"class_list":{"0":"post-153526","1":"product","2":"type-product","3":"status-publish","4":"has-post-thumbnail","6":"acabado-relieve-3d-en","7":"balance-alto-en","8":"dureza-media-en","9":"forma-diamante-en","10":"jugador-hombre-en","11":"jugador-multipurpose","12":"marca-adidas-en","13":"superficie-rugosa-en","14":"tipo-de-juego-potencia-en","15":"product_cat-palas","17":"first","18":"instock","19":"sale","20":"taxable","21":"shipping-taxable","22":"purchasable","23":"product-type-simple"},"acf":[],"yoast_head":"<!-- This site is optimized with the Yoast SEO plugin v27.3 - https:\/\/yoast.com\/product\/yoast-seo-wordpress\/ -->\n<title>ADIDAS CROSS IT TEAM 2025 - Revolution Padel Store<\/title>\n<meta name=\"description\" content=\"La Adidas Cross It Team 2025 es la pala perfecta para los jugadores que buscan un equilibrio entre potencia, control y manejabilidad. Dise\u00f1ada con forma de diamante oversize y un balance alto, ofrece una gran superficie de golpeo, ideal para un juego ofensivo lleno de fuerza y precisi\u00f3n. Su construcci\u00f3n con materiales de alta calidad y tecnolog\u00edas innovadoras garantiza un rendimiento superior en cada golpe.\" \/>\n<meta name=\"robots\" content=\"index, follow, max-snippet:-1, max-image-preview:large, max-video-preview:-1\" \/>\n<link rel=\"canonical\" href=\"https:\/\/15131.p.syniva.es\/en\/adidas-cross-it-team-2025-2\/\" \/>\n<meta property=\"og:locale\" content=\"en_US\" \/>\n<meta property=\"og:type\" content=\"article\" \/>\n<meta property=\"og:title\" content=\"ADIDAS CROSS IT TEAM 2025 - Revolution Padel Store\" \/>\n<meta property=\"og:description\" content=\"La Adidas Cross It Team 2025 es la pala perfecta para los jugadores que buscan un equilibrio entre potencia, control y manejabilidad. Dise\u00f1ada con forma de diamante oversize y un balance alto, ofrece una gran superficie de golpeo, ideal para un juego ofensivo lleno de fuerza y precisi\u00f3n. Su construcci\u00f3n con materiales de alta calidad y tecnolog\u00edas innovadoras garantiza un rendimiento superior en cada golpe.\" \/>\n<meta property=\"og:url\" content=\"https:\/\/15131.p.syniva.es\/en\/adidas-cross-it-team-2025-2\/\" \/>\n<meta property=\"og:site_name\" content=\"Revolution Padel Store\" \/>\n<meta property=\"article:modified_time\" content=\"2026-04-08T07:39:49+00:00\" \/>\n<meta property=\"og:image\" content=\"https:\/\/15131.p.syniva.es\/wp-content\/uploads\/2024\/12\/113681-pala-adidas-cross-lt-team-ar2aa1u231500x1500-1.webp\" \/>\n\t<meta property=\"og:image:width\" content=\"1500\" \/>\n\t<meta property=\"og:image:height\" content=\"1500\" \/>\n\t<meta property=\"og:image:type\" content=\"image\/webp\" \/>\n<meta name=\"twitter:card\" content=\"summary_large_image\" \/>\n<meta name=\"twitter:label1\" content=\"Est. reading time\" \/>\n\t<meta name=\"twitter:data1\" content=\"2 minutes\" \/>\n<script type=\"application\/ld+json\" class=\"yoast-schema-graph\">{\"@context\":\"https:\\\/\\\/schema.org\",\"@graph\":[{\"@type\":\"WebPage\",\"@id\":\"https:\\\/\\\/15131.p.syniva.es\\\/en\\\/adidas-cross-it-team-2025-2\\\/\",\"url\":\"https:\\\/\\\/15131.p.syniva.es\\\/en\\\/adidas-cross-it-team-2025-2\\\/\",\"name\":\"ADIDAS CROSS IT TEAM 2025 - Revolution Padel Store\",\"isPartOf\":{\"@id\":\"https:\\\/\\\/15131.p.syniva.es\\\/en\\\/#website\"},\"primaryImageOfPage\":{\"@id\":\"https:\\\/\\\/15131.p.syniva.es\\\/en\\\/adidas-cross-it-team-2025-2\\\/#primaryimage\"},\"image\":{\"@id\":\"https:\\\/\\\/15131.p.syniva.es\\\/en\\\/adidas-cross-it-team-2025-2\\\/#primaryimage\"},\"thumbnailUrl\":\"https:\\\/\\\/15131.p.syniva.es\\\/wp-content\\\/uploads\\\/2024\\\/12\\\/113681-pala-adidas-cross-lt-team-ar2aa1u231500x1500-1.webp\",\"datePublished\":\"2024-12-08T10:01:21+00:00\",\"dateModified\":\"2026-04-08T07:39:49+00:00\",\"description\":\"La Adidas Cross It Team 2025 es la pala perfecta para los jugadores que buscan un equilibrio entre potencia, control y manejabilidad. Dise\u00f1ada con forma de diamante oversize y un balance alto, ofrece una gran superficie de golpeo, ideal para un juego ofensivo lleno de fuerza y precisi\u00f3n. Su construcci\u00f3n con materiales de alta calidad y tecnolog\u00edas innovadoras garantiza un rendimiento superior en cada golpe.\",\"breadcrumb\":{\"@id\":\"https:\\\/\\\/15131.p.syniva.es\\\/en\\\/adidas-cross-it-team-2025-2\\\/#breadcrumb\"},\"inLanguage\":\"en-US\",\"potentialAction\":[{\"@type\":\"ReadAction\",\"target\":[\"https:\\\/\\\/15131.p.syniva.es\\\/en\\\/adidas-cross-it-team-2025-2\\\/\"]}]},{\"@type\":\"ImageObject\",\"inLanguage\":\"en-US\",\"@id\":\"https:\\\/\\\/15131.p.syniva.es\\\/en\\\/adidas-cross-it-team-2025-2\\\/#primaryimage\",\"url\":\"https:\\\/\\\/15131.p.syniva.es\\\/wp-content\\\/uploads\\\/2024\\\/12\\\/113681-pala-adidas-cross-lt-team-ar2aa1u231500x1500-1.webp\",\"contentUrl\":\"https:\\\/\\\/15131.p.syniva.es\\\/wp-content\\\/uploads\\\/2024\\\/12\\\/113681-pala-adidas-cross-lt-team-ar2aa1u231500x1500-1.webp\",\"width\":1500,\"height\":1500},{\"@type\":\"BreadcrumbList\",\"@id\":\"https:\\\/\\\/15131.p.syniva.es\\\/en\\\/adidas-cross-it-team-2025-2\\\/#breadcrumb\",\"itemListElement\":[{\"@type\":\"ListItem\",\"position\":1,\"name\":\"Portada\",\"item\":\"https:\\\/\\\/15131.p.syniva.es\\\/en\\\/\"},{\"@type\":\"ListItem\",\"position\":2,\"name\":\"Shop\",\"item\":\"https:\\\/\\\/15131.p.syniva.es\\\/en\\\/shop\\\/\"},{\"@type\":\"ListItem\",\"position\":3,\"name\":\"ADIDAS CROSS IT TEAM 2025\"}]},{\"@type\":\"WebSite\",\"@id\":\"https:\\\/\\\/15131.p.syniva.es\\\/en\\\/#website\",\"url\":\"https:\\\/\\\/15131.p.syniva.es\\\/en\\\/\",\"name\":\"Revolution Padel Store\",\"description\":\"\",\"publisher\":{\"@id\":\"https:\\\/\\\/15131.p.syniva.es\\\/en\\\/#organization\"},\"potentialAction\":[{\"@type\":\"SearchAction\",\"target\":{\"@type\":\"EntryPoint\",\"urlTemplate\":\"https:\\\/\\\/15131.p.syniva.es\\\/en\\\/?s={search_term_string}\"},\"query-input\":{\"@type\":\"PropertyValueSpecification\",\"valueRequired\":true,\"valueName\":\"search_term_string\"}}],\"inLanguage\":\"en-US\"},{\"@type\":\"Organization\",\"@id\":\"https:\\\/\\\/15131.p.syniva.es\\\/en\\\/#organization\",\"name\":\"Revolution Padel Store\",\"url\":\"https:\\\/\\\/15131.p.syniva.es\\\/en\\\/\",\"logo\":{\"@type\":\"ImageObject\",\"inLanguage\":\"en-US\",\"@id\":\"https:\\\/\\\/15131.p.syniva.es\\\/en\\\/#\\\/schema\\\/logo\\\/image\\\/\",\"url\":\"https:\\\/\\\/15131.p.syniva.es\\\/wp-content\\\/uploads\\\/2026\\\/02\\\/revolution-padel-store.jpg\",\"contentUrl\":\"https:\\\/\\\/15131.p.syniva.es\\\/wp-content\\\/uploads\\\/2026\\\/02\\\/revolution-padel-store.jpg\",\"width\":2000,\"height\":2000,\"caption\":\"Revolution Padel Store\"},\"image\":{\"@id\":\"https:\\\/\\\/15131.p.syniva.es\\\/en\\\/#\\\/schema\\\/logo\\\/image\\\/\"},\"sameAs\":[\"https:\\\/\\\/www.instagram.com\\\/revolutionpadelstore\\\/\"]}]}<\/script>\n<!-- \/ Yoast SEO plugin. -->","yoast_head_json":{"title":"ADIDAS CROSS IT TEAM 2025 - Revolution Padel Store","description":"La Adidas Cross It Team 2025 es la pala perfecta para los jugadores que buscan un equilibrio entre potencia, control y manejabilidad. Dise\u00f1ada con forma de diamante oversize y un balance alto, ofrece una gran superficie de golpeo, ideal para un juego ofensivo lleno de fuerza y precisi\u00f3n. Su construcci\u00f3n con materiales de alta calidad y tecnolog\u00edas innovadoras garantiza un rendimiento superior en cada golpe.","robots":{"index":"index","follow":"follow","max-snippet":"max-snippet:-1","max-image-preview":"max-image-preview:large","max-video-preview":"max-video-preview:-1"},"canonical":"https:\/\/15131.p.syniva.es\/en\/adidas-cross-it-team-2025-2\/","og_locale":"en_US","og_type":"article","og_title":"ADIDAS CROSS IT TEAM 2025 - Revolution Padel Store","og_description":"La Adidas Cross It Team 2025 es la pala perfecta para los jugadores que buscan un equilibrio entre potencia, control y manejabilidad. Dise\u00f1ada con forma de diamante oversize y un balance alto, ofrece una gran superficie de golpeo, ideal para un juego ofensivo lleno de fuerza y precisi\u00f3n. Su construcci\u00f3n con materiales de alta calidad y tecnolog\u00edas innovadoras garantiza un rendimiento superior en cada golpe.","og_url":"https:\/\/15131.p.syniva.es\/en\/adidas-cross-it-team-2025-2\/","og_site_name":"Revolution Padel Store","article_modified_time":"2026-04-08T07:39:49+00:00","og_image":[{"width":1500,"height":1500,"url":"https:\/\/15131.p.syniva.es\/wp-content\/uploads\/2024\/12\/113681-pala-adidas-cross-lt-team-ar2aa1u231500x1500-1.webp","type":"image\/webp"}],"twitter_card":"summary_large_image","twitter_misc":{"Est. reading time":"2 minutes"},"schema":{"@context":"https:\/\/schema.org","@graph":[{"@type":"WebPage","@id":"https:\/\/15131.p.syniva.es\/en\/adidas-cross-it-team-2025-2\/","url":"https:\/\/15131.p.syniva.es\/en\/adidas-cross-it-team-2025-2\/","name":"ADIDAS CROSS IT TEAM 2025 - Revolution Padel Store","isPartOf":{"@id":"https:\/\/15131.p.syniva.es\/en\/#website"},"primaryImageOfPage":{"@id":"https:\/\/15131.p.syniva.es\/en\/adidas-cross-it-team-2025-2\/#primaryimage"},"image":{"@id":"https:\/\/15131.p.syniva.es\/en\/adidas-cross-it-team-2025-2\/#primaryimage"},"thumbnailUrl":"https:\/\/15131.p.syniva.es\/wp-content\/uploads\/2024\/12\/113681-pala-adidas-cross-lt-team-ar2aa1u231500x1500-1.webp","datePublished":"2024-12-08T10:01:21+00:00","dateModified":"2026-04-08T07:39:49+00:00","description":"La Adidas Cross It Team 2025 es la pala perfecta para los jugadores que buscan un equilibrio entre potencia, control y manejabilidad. Dise\u00f1ada con forma de diamante oversize y un balance alto, ofrece una gran superficie de golpeo, ideal para un juego ofensivo lleno de fuerza y precisi\u00f3n. Su construcci\u00f3n con materiales de alta calidad y tecnolog\u00edas innovadoras garantiza un rendimiento superior en cada golpe.","breadcrumb":{"@id":"https:\/\/15131.p.syniva.es\/en\/adidas-cross-it-team-2025-2\/#breadcrumb"},"inLanguage":"en-US","potentialAction":[{"@type":"ReadAction","target":["https:\/\/15131.p.syniva.es\/en\/adidas-cross-it-team-2025-2\/"]}]},{"@type":"ImageObject","inLanguage":"en-US","@id":"https:\/\/15131.p.syniva.es\/en\/adidas-cross-it-team-2025-2\/#primaryimage","url":"https:\/\/15131.p.syniva.es\/wp-content\/uploads\/2024\/12\/113681-pala-adidas-cross-lt-team-ar2aa1u231500x1500-1.webp","contentUrl":"https:\/\/15131.p.syniva.es\/wp-content\/uploads\/2024\/12\/113681-pala-adidas-cross-lt-team-ar2aa1u231500x1500-1.webp","width":1500,"height":1500},{"@type":"BreadcrumbList","@id":"https:\/\/15131.p.syniva.es\/en\/adidas-cross-it-team-2025-2\/#breadcrumb","itemListElement":[{"@type":"ListItem","position":1,"name":"Portada","item":"https:\/\/15131.p.syniva.es\/en\/"},{"@type":"ListItem","position":2,"name":"Shop","item":"https:\/\/15131.p.syniva.es\/en\/shop\/"},{"@type":"ListItem","position":3,"name":"ADIDAS CROSS IT TEAM 2025"}]},{"@type":"WebSite","@id":"https:\/\/15131.p.syniva.es\/en\/#website","url":"https:\/\/15131.p.syniva.es\/en\/","name":"Revolution Padel Store","description":"","publisher":{"@id":"https:\/\/15131.p.syniva.es\/en\/#organization"},"potentialAction":[{"@type":"SearchAction","target":{"@type":"EntryPoint","urlTemplate":"https:\/\/15131.p.syniva.es\/en\/?s={search_term_string}"},"query-input":{"@type":"PropertyValueSpecification","valueRequired":true,"valueName":"search_term_string"}}],"inLanguage":"en-US"},{"@type":"Organization","@id":"https:\/\/15131.p.syniva.es\/en\/#organization","name":"Revolution Padel Store","url":"https:\/\/15131.p.syniva.es\/en\/","logo":{"@type":"ImageObject","inLanguage":"en-US","@id":"https:\/\/15131.p.syniva.es\/en\/#\/schema\/logo\/image\/","url":"https:\/\/15131.p.syniva.es\/wp-content\/uploads\/2026\/02\/revolution-padel-store.jpg","contentUrl":"https:\/\/15131.p.syniva.es\/wp-content\/uploads\/2026\/02\/revolution-padel-store.jpg","width":2000,"height":2000,"caption":"Revolution Padel Store"},"image":{"@id":"https:\/\/15131.p.syniva.es\/en\/#\/schema\/logo\/image\/"},"sameAs":["https:\/\/www.instagram.com\/revolutionpadelstore\/"]}]}},"_links":{"self":[{"href":"https:\/\/15131.p.syniva.es\/en\/wp-json\/wp\/v2\/product\/153526","targetHints":{"allow":["GET"]}}],"collection":[{"href":"https:\/\/15131.p.syniva.es\/en\/wp-json\/wp\/v2\/product"}],"about":[{"href":"https:\/\/15131.p.syniva.es\/en\/wp-json\/wp\/v2\/types\/product"}],"replies":[{"embeddable":true,"href":"https:\/\/15131.p.syniva.es\/en\/wp-json\/wp\/v2\/comments?post=153526"}],"wp:featuredmedia":[{"embeddable":true,"href":"https:\/\/15131.p.syniva.es\/en\/wp-json\/wp\/v2\/media\/153485"}],"wp:attachment":[{"href":"https:\/\/15131.p.syniva.es\/en\/wp-json\/wp\/v2\/media?parent=153526"}],"wp:term":[{"taxonomy":"acabado","embeddable":true,"href":"https:\/\/15131.p.syniva.es\/en\/wp-json\/wp\/v2\/acabado?post=153526"},{"taxonomy":"balance","embeddable":true,"href":"https:\/\/15131.p.syniva.es\/en\/wp-json\/wp\/v2\/balance?post=153526"},{"taxonomy":"dureza","embeddable":true,"href":"https:\/\/15131.p.syniva.es\/en\/wp-json\/wp\/v2\/dureza?post=153526"},{"taxonomy":"forma","embeddable":true,"href":"https:\/\/15131.p.syniva.es\/en\/wp-json\/wp\/v2\/forma?post=153526"},{"taxonomy":"jugador","embeddable":true,"href":"https:\/\/15131.p.syniva.es\/en\/wp-json\/wp\/v2\/jugador?post=153526"},{"taxonomy":"marca","embeddable":true,"href":"https:\/\/15131.p.syniva.es\/en\/wp-json\/wp\/v2\/marca?post=153526"},{"taxonomy":"nivel-de-juego","embeddable":true,"href":"https:\/\/15131.p.syniva.es\/en\/wp-json\/wp\/v2\/nivel-de-juego?post=153526"},{"taxonomy":"superficie","embeddable":true,"href":"https:\/\/15131.p.syniva.es\/en\/wp-json\/wp\/v2\/superficie?post=153526"},{"taxonomy":"tipo-de-juego","embeddable":true,"href":"https:\/\/15131.p.syniva.es\/en\/wp-json\/wp\/v2\/tipo-de-juego?post=153526"},{"taxonomy":"product_brand","embeddable":true,"href":"https:\/\/15131.p.syniva.es\/en\/wp-json\/wp\/v2\/product_brand?post=153526"},{"taxonomy":"product_cat","embeddable":true,"href":"https:\/\/15131.p.syniva.es\/en\/wp-json\/wp\/v2\/product_cat?post=153526"},{"taxonomy":"product_tag","embeddable":true,"href":"https:\/\/15131.p.syniva.es\/en\/wp-json\/wp\/v2\/product_tag?post=153526"}],"curies":[{"name":"wp","href":"https:\/\/api.w.org\/{rel}","templated":true}]}}