{"id":154641,"date":"2024-12-07T09:15:51","date_gmt":"2024-12-07T08:15:51","guid":{"rendered":"https:\/\/15131.p.syniva.es\/adidas-cross-it-carbon-ctrl-2025\/"},"modified":"2026-04-08T09:41:48","modified_gmt":"2026-04-08T07:41:48","slug":"adidas-cross-it-carbon-ctrl-2025-2","status":"publish","type":"product","link":"https:\/\/15131.p.syniva.es\/en\/adidas-cross-it-carbon-ctrl-2025-2\/","title":{"rendered":"ADIDAS CROSS IT CARBON CTRL 2025"},"content":{"rendered":"<p><H2> <strong> adidas Cross it Carbon Ctrl 2025: precision and control on the track<br \/>\nThe <strong> adidas Cross it Carbon Ctrl 2025 <\/strong> is presented as one of the great novelties of the year, designed for players looking for precision and control in each blow. This model stands out within the CROSS LT range, combining innovation and high quality materials. With a round format that improves maneuverability and advanced technologies, it guarantees an unmatched game experience.<br \/>\n<H2> <strong> for advanced players <\/strong> <\/ h2><br \/>\nEspecially thought for advanced level players, the <strong> Cross it Carbon Ctrl 2025 <\/strong> stands out for their ability to control and adaptability. Its 6k carbon construction and Eva Soft Performance rubber provides a perfect balance between power and comfort, which makes it an ideal option for those who prioritize a technical and precise game. Its round format also favors rapid and agile movements, indispensable in high -level matches.<br \/>\n<H2> <strong> Main characteristics <\/strong> <\/ h2><\/p>\n<p> <strong> -Dynamic Air Flow <\/strong>: open holes in the heart for lower air resistance and greater maneuverability.<\/p>\n<p style=\"padding-left: 40px\"> <strong> -Power extra grip <\/strong>: longest handle to increase inertia and power in blows.<br \/>\n<P> <strong> -11 Thirteen <\/strong>: Specific disposition of holes to optimize rigidity, power and durability.<br \/>\n<P> <strong> -Spin Blade Decal <\/strong>: relief in the mold for greater control and effects. <\/p>\n<p style=\"padding-left: 40px\"> <strong> -soft performance eva <\/strong>: low density rubber for maximum comfort and ball output.<\/p>\n<p style=\"padding-left: 40px\"> <strong> -Carbono 6k <\/strong>: perfect combination between control and durability. <\/p>\n<p style=\"padding-left: 40px\"> <strong> -Redond format <\/strong>: greater control in defensive blows thanks to its balance close to the grip. <\/p>\n<\/p>\n<p><H2> <strong> Available at Revolution Padel Store <\/strong> <\/ h2><br \/>\nThe <strong> adidas Cross it Carbon Ctrl 2025 <\/strong> redefines the game with its innovative design and higher characteristics. It is the perfect choice for advanced players seeking to stand out on the track with precision and style.<\/p>\n<h2><strong>Adidas Cross It Carbon Ctrl 2025: Precisi\u00f3n y Control en la Pista<\/strong><\/p>\n","protected":false},"excerpt":{"rendered":"<p>The <strong> adidas Cross it Carbon Ctrl 2025 <\/strong> stands out for its round format, 6k carbon construction and Eva Soft performance rubber. This combination ensures absolute control, power and comfort, ideal for advanced players seeking precision in each blow.<strong>Adidas Cross IT Carbon CTRL 2025<\/strong><\/p>\n","protected":false},"featured_media":153260,"comment_status":"open","ping_status":"closed","template":"","meta":{"_acf_changed":false,"_joinchat":[]},"acabado":[1108],"balance":[1148],"dureza":[1153],"forma":[1183],"jugador":[1193,1203],"marca":[1233],"nivel-de-juego":[1338],"superficie":[1363],"tipo-de-juego":[1373],"product_brand":[],"product_cat":[303],"product_tag":[],"class_list":{"0":"post-154641","1":"product","2":"type-product","3":"status-publish","4":"has-post-thumbnail","6":"acabado-rugoso-en","7":"balance-bajo-en","8":"dureza-blanda-en","9":"forma-redonda-en","10":"jugador-hombre-en","11":"jugador-multipurpose","12":"marca-adidas-en","13":"superficie-rugosa-en","14":"tipo-de-juego-control-en","15":"product_cat-palas","17":"first","18":"instock","19":"sale","20":"taxable","21":"shipping-taxable","22":"purchasable","23":"product-type-simple"},"acf":[],"yoast_head":"<!-- This site is optimized with the Yoast SEO plugin v27.3 - https:\/\/yoast.com\/product\/yoast-seo-wordpress\/ -->\n<title>ADIDAS CROSS IT CARBON CTRL 2025 - Revolution Padel Store<\/title>\n<meta name=\"description\" content=\"La Adidas Cross IT Carbon CTRL 2025 llega como una de las grandes novedades del a\u00f1o, dise\u00f1ada para los jugadores que buscan precisi\u00f3n y control en cada golpe. Este modelo se posiciona como un referente dentro de la gama Cross LT, combinando innovaci\u00f3n y materiales de alta calidad. Con un formato redondo que mejora la maniobrabilidad y tecnolog\u00edas avanzadas, garantiza una experiencia de juego inigualable.\" \/>\n<meta name=\"robots\" content=\"index, follow, max-snippet:-1, max-image-preview:large, max-video-preview:-1\" \/>\n<link rel=\"canonical\" href=\"https:\/\/15131.p.syniva.es\/en\/adidas-cross-it-carbon-ctrl-2025-2\/\" \/>\n<meta property=\"og:locale\" content=\"en_US\" \/>\n<meta property=\"og:type\" content=\"article\" \/>\n<meta property=\"og:title\" content=\"ADIDAS CROSS IT CARBON CTRL 2025 - Revolution Padel Store\" \/>\n<meta property=\"og:description\" content=\"La Adidas Cross IT Carbon CTRL 2025 llega como una de las grandes novedades del a\u00f1o, dise\u00f1ada para los jugadores que buscan precisi\u00f3n y control en cada golpe. Este modelo se posiciona como un referente dentro de la gama Cross LT, combinando innovaci\u00f3n y materiales de alta calidad. Con un formato redondo que mejora la maniobrabilidad y tecnolog\u00edas avanzadas, garantiza una experiencia de juego inigualable.\" \/>\n<meta property=\"og:url\" content=\"https:\/\/15131.p.syniva.es\/en\/adidas-cross-it-carbon-ctrl-2025-2\/\" \/>\n<meta property=\"og:site_name\" content=\"Revolution Padel Store\" \/>\n<meta property=\"article:modified_time\" content=\"2026-04-08T07:41:48+00:00\" \/>\n<meta property=\"og:image\" content=\"https:\/\/15131.p.syniva.es\/wp-content\/uploads\/2024\/12\/113678-pala-adidas-cross-lt-carbon-ctrl-ar1ca7u121500x1500-1.webp\" \/>\n\t<meta property=\"og:image:width\" content=\"1500\" \/>\n\t<meta property=\"og:image:height\" content=\"1500\" \/>\n\t<meta property=\"og:image:type\" content=\"image\/webp\" \/>\n<meta name=\"twitter:card\" content=\"summary_large_image\" \/>\n<meta name=\"twitter:label1\" content=\"Est. reading time\" \/>\n\t<meta name=\"twitter:data1\" content=\"1 minute\" \/>\n<script type=\"application\/ld+json\" class=\"yoast-schema-graph\">{\"@context\":\"https:\\\/\\\/schema.org\",\"@graph\":[{\"@type\":\"WebPage\",\"@id\":\"https:\\\/\\\/15131.p.syniva.es\\\/en\\\/adidas-cross-it-carbon-ctrl-2025-2\\\/\",\"url\":\"https:\\\/\\\/15131.p.syniva.es\\\/en\\\/adidas-cross-it-carbon-ctrl-2025-2\\\/\",\"name\":\"ADIDAS CROSS IT CARBON CTRL 2025 - Revolution Padel Store\",\"isPartOf\":{\"@id\":\"https:\\\/\\\/15131.p.syniva.es\\\/en\\\/#website\"},\"primaryImageOfPage\":{\"@id\":\"https:\\\/\\\/15131.p.syniva.es\\\/en\\\/adidas-cross-it-carbon-ctrl-2025-2\\\/#primaryimage\"},\"image\":{\"@id\":\"https:\\\/\\\/15131.p.syniva.es\\\/en\\\/adidas-cross-it-carbon-ctrl-2025-2\\\/#primaryimage\"},\"thumbnailUrl\":\"https:\\\/\\\/15131.p.syniva.es\\\/wp-content\\\/uploads\\\/2024\\\/12\\\/113678-pala-adidas-cross-lt-carbon-ctrl-ar1ca7u121500x1500-1.webp\",\"datePublished\":\"2024-12-07T08:15:51+00:00\",\"dateModified\":\"2026-04-08T07:41:48+00:00\",\"description\":\"La Adidas Cross IT Carbon CTRL 2025 llega como una de las grandes novedades del a\u00f1o, dise\u00f1ada para los jugadores que buscan precisi\u00f3n y control en cada golpe. Este modelo se posiciona como un referente dentro de la gama Cross LT, combinando innovaci\u00f3n y materiales de alta calidad. Con un formato redondo que mejora la maniobrabilidad y tecnolog\u00edas avanzadas, garantiza una experiencia de juego inigualable.\",\"breadcrumb\":{\"@id\":\"https:\\\/\\\/15131.p.syniva.es\\\/en\\\/adidas-cross-it-carbon-ctrl-2025-2\\\/#breadcrumb\"},\"inLanguage\":\"en-US\",\"potentialAction\":[{\"@type\":\"ReadAction\",\"target\":[\"https:\\\/\\\/15131.p.syniva.es\\\/en\\\/adidas-cross-it-carbon-ctrl-2025-2\\\/\"]}]},{\"@type\":\"ImageObject\",\"inLanguage\":\"en-US\",\"@id\":\"https:\\\/\\\/15131.p.syniva.es\\\/en\\\/adidas-cross-it-carbon-ctrl-2025-2\\\/#primaryimage\",\"url\":\"https:\\\/\\\/15131.p.syniva.es\\\/wp-content\\\/uploads\\\/2024\\\/12\\\/113678-pala-adidas-cross-lt-carbon-ctrl-ar1ca7u121500x1500-1.webp\",\"contentUrl\":\"https:\\\/\\\/15131.p.syniva.es\\\/wp-content\\\/uploads\\\/2024\\\/12\\\/113678-pala-adidas-cross-lt-carbon-ctrl-ar1ca7u121500x1500-1.webp\",\"width\":1500,\"height\":1500},{\"@type\":\"BreadcrumbList\",\"@id\":\"https:\\\/\\\/15131.p.syniva.es\\\/en\\\/adidas-cross-it-carbon-ctrl-2025-2\\\/#breadcrumb\",\"itemListElement\":[{\"@type\":\"ListItem\",\"position\":1,\"name\":\"Portada\",\"item\":\"https:\\\/\\\/15131.p.syniva.es\\\/en\\\/\"},{\"@type\":\"ListItem\",\"position\":2,\"name\":\"Shop\",\"item\":\"https:\\\/\\\/15131.p.syniva.es\\\/en\\\/shop\\\/\"},{\"@type\":\"ListItem\",\"position\":3,\"name\":\"ADIDAS CROSS IT CARBON CTRL 2025\"}]},{\"@type\":\"WebSite\",\"@id\":\"https:\\\/\\\/15131.p.syniva.es\\\/en\\\/#website\",\"url\":\"https:\\\/\\\/15131.p.syniva.es\\\/en\\\/\",\"name\":\"Revolution Padel Store\",\"description\":\"\",\"publisher\":{\"@id\":\"https:\\\/\\\/15131.p.syniva.es\\\/en\\\/#organization\"},\"potentialAction\":[{\"@type\":\"SearchAction\",\"target\":{\"@type\":\"EntryPoint\",\"urlTemplate\":\"https:\\\/\\\/15131.p.syniva.es\\\/en\\\/?s={search_term_string}\"},\"query-input\":{\"@type\":\"PropertyValueSpecification\",\"valueRequired\":true,\"valueName\":\"search_term_string\"}}],\"inLanguage\":\"en-US\"},{\"@type\":\"Organization\",\"@id\":\"https:\\\/\\\/15131.p.syniva.es\\\/en\\\/#organization\",\"name\":\"Revolution Padel Store\",\"url\":\"https:\\\/\\\/15131.p.syniva.es\\\/en\\\/\",\"logo\":{\"@type\":\"ImageObject\",\"inLanguage\":\"en-US\",\"@id\":\"https:\\\/\\\/15131.p.syniva.es\\\/en\\\/#\\\/schema\\\/logo\\\/image\\\/\",\"url\":\"https:\\\/\\\/15131.p.syniva.es\\\/wp-content\\\/uploads\\\/2026\\\/02\\\/revolution-padel-store.jpg\",\"contentUrl\":\"https:\\\/\\\/15131.p.syniva.es\\\/wp-content\\\/uploads\\\/2026\\\/02\\\/revolution-padel-store.jpg\",\"width\":2000,\"height\":2000,\"caption\":\"Revolution Padel Store\"},\"image\":{\"@id\":\"https:\\\/\\\/15131.p.syniva.es\\\/en\\\/#\\\/schema\\\/logo\\\/image\\\/\"},\"sameAs\":[\"https:\\\/\\\/www.instagram.com\\\/revolutionpadelstore\\\/\"]}]}<\/script>\n<!-- \/ Yoast SEO plugin. -->","yoast_head_json":{"title":"ADIDAS CROSS IT CARBON CTRL 2025 - Revolution Padel Store","description":"La Adidas Cross IT Carbon CTRL 2025 llega como una de las grandes novedades del a\u00f1o, dise\u00f1ada para los jugadores que buscan precisi\u00f3n y control en cada golpe. Este modelo se posiciona como un referente dentro de la gama Cross LT, combinando innovaci\u00f3n y materiales de alta calidad. Con un formato redondo que mejora la maniobrabilidad y tecnolog\u00edas avanzadas, garantiza una experiencia de juego inigualable.","robots":{"index":"index","follow":"follow","max-snippet":"max-snippet:-1","max-image-preview":"max-image-preview:large","max-video-preview":"max-video-preview:-1"},"canonical":"https:\/\/15131.p.syniva.es\/en\/adidas-cross-it-carbon-ctrl-2025-2\/","og_locale":"en_US","og_type":"article","og_title":"ADIDAS CROSS IT CARBON CTRL 2025 - Revolution Padel Store","og_description":"La Adidas Cross IT Carbon CTRL 2025 llega como una de las grandes novedades del a\u00f1o, dise\u00f1ada para los jugadores que buscan precisi\u00f3n y control en cada golpe. Este modelo se posiciona como un referente dentro de la gama Cross LT, combinando innovaci\u00f3n y materiales de alta calidad. Con un formato redondo que mejora la maniobrabilidad y tecnolog\u00edas avanzadas, garantiza una experiencia de juego inigualable.","og_url":"https:\/\/15131.p.syniva.es\/en\/adidas-cross-it-carbon-ctrl-2025-2\/","og_site_name":"Revolution Padel Store","article_modified_time":"2026-04-08T07:41:48+00:00","og_image":[{"width":1500,"height":1500,"url":"https:\/\/15131.p.syniva.es\/wp-content\/uploads\/2024\/12\/113678-pala-adidas-cross-lt-carbon-ctrl-ar1ca7u121500x1500-1.webp","type":"image\/webp"}],"twitter_card":"summary_large_image","twitter_misc":{"Est. reading time":"1 minute"},"schema":{"@context":"https:\/\/schema.org","@graph":[{"@type":"WebPage","@id":"https:\/\/15131.p.syniva.es\/en\/adidas-cross-it-carbon-ctrl-2025-2\/","url":"https:\/\/15131.p.syniva.es\/en\/adidas-cross-it-carbon-ctrl-2025-2\/","name":"ADIDAS CROSS IT CARBON CTRL 2025 - Revolution Padel Store","isPartOf":{"@id":"https:\/\/15131.p.syniva.es\/en\/#website"},"primaryImageOfPage":{"@id":"https:\/\/15131.p.syniva.es\/en\/adidas-cross-it-carbon-ctrl-2025-2\/#primaryimage"},"image":{"@id":"https:\/\/15131.p.syniva.es\/en\/adidas-cross-it-carbon-ctrl-2025-2\/#primaryimage"},"thumbnailUrl":"https:\/\/15131.p.syniva.es\/wp-content\/uploads\/2024\/12\/113678-pala-adidas-cross-lt-carbon-ctrl-ar1ca7u121500x1500-1.webp","datePublished":"2024-12-07T08:15:51+00:00","dateModified":"2026-04-08T07:41:48+00:00","description":"La Adidas Cross IT Carbon CTRL 2025 llega como una de las grandes novedades del a\u00f1o, dise\u00f1ada para los jugadores que buscan precisi\u00f3n y control en cada golpe. Este modelo se posiciona como un referente dentro de la gama Cross LT, combinando innovaci\u00f3n y materiales de alta calidad. Con un formato redondo que mejora la maniobrabilidad y tecnolog\u00edas avanzadas, garantiza una experiencia de juego inigualable.","breadcrumb":{"@id":"https:\/\/15131.p.syniva.es\/en\/adidas-cross-it-carbon-ctrl-2025-2\/#breadcrumb"},"inLanguage":"en-US","potentialAction":[{"@type":"ReadAction","target":["https:\/\/15131.p.syniva.es\/en\/adidas-cross-it-carbon-ctrl-2025-2\/"]}]},{"@type":"ImageObject","inLanguage":"en-US","@id":"https:\/\/15131.p.syniva.es\/en\/adidas-cross-it-carbon-ctrl-2025-2\/#primaryimage","url":"https:\/\/15131.p.syniva.es\/wp-content\/uploads\/2024\/12\/113678-pala-adidas-cross-lt-carbon-ctrl-ar1ca7u121500x1500-1.webp","contentUrl":"https:\/\/15131.p.syniva.es\/wp-content\/uploads\/2024\/12\/113678-pala-adidas-cross-lt-carbon-ctrl-ar1ca7u121500x1500-1.webp","width":1500,"height":1500},{"@type":"BreadcrumbList","@id":"https:\/\/15131.p.syniva.es\/en\/adidas-cross-it-carbon-ctrl-2025-2\/#breadcrumb","itemListElement":[{"@type":"ListItem","position":1,"name":"Portada","item":"https:\/\/15131.p.syniva.es\/en\/"},{"@type":"ListItem","position":2,"name":"Shop","item":"https:\/\/15131.p.syniva.es\/en\/shop\/"},{"@type":"ListItem","position":3,"name":"ADIDAS CROSS IT CARBON CTRL 2025"}]},{"@type":"WebSite","@id":"https:\/\/15131.p.syniva.es\/en\/#website","url":"https:\/\/15131.p.syniva.es\/en\/","name":"Revolution Padel Store","description":"","publisher":{"@id":"https:\/\/15131.p.syniva.es\/en\/#organization"},"potentialAction":[{"@type":"SearchAction","target":{"@type":"EntryPoint","urlTemplate":"https:\/\/15131.p.syniva.es\/en\/?s={search_term_string}"},"query-input":{"@type":"PropertyValueSpecification","valueRequired":true,"valueName":"search_term_string"}}],"inLanguage":"en-US"},{"@type":"Organization","@id":"https:\/\/15131.p.syniva.es\/en\/#organization","name":"Revolution Padel Store","url":"https:\/\/15131.p.syniva.es\/en\/","logo":{"@type":"ImageObject","inLanguage":"en-US","@id":"https:\/\/15131.p.syniva.es\/en\/#\/schema\/logo\/image\/","url":"https:\/\/15131.p.syniva.es\/wp-content\/uploads\/2026\/02\/revolution-padel-store.jpg","contentUrl":"https:\/\/15131.p.syniva.es\/wp-content\/uploads\/2026\/02\/revolution-padel-store.jpg","width":2000,"height":2000,"caption":"Revolution Padel Store"},"image":{"@id":"https:\/\/15131.p.syniva.es\/en\/#\/schema\/logo\/image\/"},"sameAs":["https:\/\/www.instagram.com\/revolutionpadelstore\/"]}]}},"_links":{"self":[{"href":"https:\/\/15131.p.syniva.es\/en\/wp-json\/wp\/v2\/product\/154641","targetHints":{"allow":["GET"]}}],"collection":[{"href":"https:\/\/15131.p.syniva.es\/en\/wp-json\/wp\/v2\/product"}],"about":[{"href":"https:\/\/15131.p.syniva.es\/en\/wp-json\/wp\/v2\/types\/product"}],"replies":[{"embeddable":true,"href":"https:\/\/15131.p.syniva.es\/en\/wp-json\/wp\/v2\/comments?post=154641"}],"wp:featuredmedia":[{"embeddable":true,"href":"https:\/\/15131.p.syniva.es\/en\/wp-json\/wp\/v2\/media\/153260"}],"wp:attachment":[{"href":"https:\/\/15131.p.syniva.es\/en\/wp-json\/wp\/v2\/media?parent=154641"}],"wp:term":[{"taxonomy":"acabado","embeddable":true,"href":"https:\/\/15131.p.syniva.es\/en\/wp-json\/wp\/v2\/acabado?post=154641"},{"taxonomy":"balance","embeddable":true,"href":"https:\/\/15131.p.syniva.es\/en\/wp-json\/wp\/v2\/balance?post=154641"},{"taxonomy":"dureza","embeddable":true,"href":"https:\/\/15131.p.syniva.es\/en\/wp-json\/wp\/v2\/dureza?post=154641"},{"taxonomy":"forma","embeddable":true,"href":"https:\/\/15131.p.syniva.es\/en\/wp-json\/wp\/v2\/forma?post=154641"},{"taxonomy":"jugador","embeddable":true,"href":"https:\/\/15131.p.syniva.es\/en\/wp-json\/wp\/v2\/jugador?post=154641"},{"taxonomy":"marca","embeddable":true,"href":"https:\/\/15131.p.syniva.es\/en\/wp-json\/wp\/v2\/marca?post=154641"},{"taxonomy":"nivel-de-juego","embeddable":true,"href":"https:\/\/15131.p.syniva.es\/en\/wp-json\/wp\/v2\/nivel-de-juego?post=154641"},{"taxonomy":"superficie","embeddable":true,"href":"https:\/\/15131.p.syniva.es\/en\/wp-json\/wp\/v2\/superficie?post=154641"},{"taxonomy":"tipo-de-juego","embeddable":true,"href":"https:\/\/15131.p.syniva.es\/en\/wp-json\/wp\/v2\/tipo-de-juego?post=154641"},{"taxonomy":"product_brand","embeddable":true,"href":"https:\/\/15131.p.syniva.es\/en\/wp-json\/wp\/v2\/product_brand?post=154641"},{"taxonomy":"product_cat","embeddable":true,"href":"https:\/\/15131.p.syniva.es\/en\/wp-json\/wp\/v2\/product_cat?post=154641"},{"taxonomy":"product_tag","embeddable":true,"href":"https:\/\/15131.p.syniva.es\/en\/wp-json\/wp\/v2\/product_tag?post=154641"}],"curies":[{"name":"wp","href":"https:\/\/api.w.org\/{rel}","templated":true}]}}