{"id":154646,"date":"2024-12-07T09:01:12","date_gmt":"2024-12-07T08:01:12","guid":{"rendered":"https:\/\/15131.p.syniva.es\/adidas-cross-it-ctrl-3-4-2025\/"},"modified":"2026-04-08T09:42:17","modified_gmt":"2026-04-08T07:42:17","slug":"adidas-cross-it-ctrl-3-4-2025-2","status":"publish","type":"product","link":"https:\/\/15131.p.syniva.es\/en\/adidas-cross-it-ctrl-3-4-2025-2\/","title":{"rendered":"ADIDAS CROSS IT CTRL 3.4 2025"},"content":{"rendered":"<p><H2> <strong> adidas Cross it Ctrl 3.4 2025: Control and precision on the track <\/strong> <\/ h2><br \/>\nThe <strong> adidas Cross it Ctrl 3.4 2025 <\/strong> is a paddle shovel that takes control to a new level. This model is an evolution within the renowned CROSS LT range, incorporating the most advanced technologies for demanding players. Its round design and high quality materials guarantee an optimal experience for those who seek precision in their game.<br \/>\n<H2> <strong> for high performance players <\/strong> <\/ h2><br \/>\nThis shovel is specially designed for high -level players that prioritize control and maneuverability. Thanks to its round format, it adapts perfectly to a technical game, allowing rapid and precise movements. The 15K aluminized carbon combination and high density EVA rubber ensures exceptional performance in each blow, without sacrificing comfort or resistance.<br \/>\n<H2> <strong> Main characteristics <\/strong> <\/ h2><\/p>\n<p> <strong> -Dynamic Air Flow <\/strong>: Aerodynamic improvement thanks to open holes in the heart of the blade.<\/p>\n<p style=\"padding-left: 40px\"> <strong> -Power extra grip <\/strong>: extended grip for greater inertia and power in the blows.<\/p>\n<p style=\"padding-left: 40px\"> <strong> -11 thirteen <\/strong>: optimized size holes that increase rigidity and durability.<\/p>\n<p> <strong> -Spin Blade Mold <\/strong>: 3D relief in the mold to generate greater effect on the ball.<\/p>\n<p style=\"padding-left: 40px\"> <strong> -hight memory eva <\/strong>: high density rubber that maximizes power in rapid blows.<\/p>\n<p style=\"padding-left: 40px\"> <strong> -coditized carbon 15k <\/strong>: ideal balance between resistance and rigidity, with a firm and powerful touch.<\/p>\n<p style=\"padding-left: 40px\"> <strong> -Red format <\/strong>: low balance for greater control in defensive blows. <\/p>\n<p>&lt;In<br \/>\nThe <strong> adidas Cross it Ctrl 3.4 2025 <\/strong> is the perfect tool for advanced players seeking precision, durability and maximum performance. Master the track with a shovel designed to make a difference.-<\/p>\n<h2><strong>Adidas Cross It Ctrl 3.4 2025: Control y Precisi\u00f3n en la Pista<\/strong><\/p>\n","protected":false},"excerpt":{"rendered":"<p>The Adidas Cross Lt Ctrl 3.4 2025 offers absolute control thanks to its round format, 15k carbon, High Memory Eva and advanced technologies.<\/p>\n","protected":false},"featured_media":153217,"comment_status":"open","ping_status":"closed","template":"","meta":{"_acf_changed":false,"_joinchat":[]},"acabado":[1093],"balance":[1148],"dureza":[1158],"forma":[1183],"jugador":[1193,1203],"marca":[1233],"nivel-de-juego":[1338],"superficie":[1363],"tipo-de-juego":[1373],"product_brand":[],"product_cat":[303],"product_tag":[],"class_list":{"0":"post-154646","1":"product","2":"type-product","3":"status-publish","4":"has-post-thumbnail","6":"acabado-relieve-3d-en","7":"balance-bajo-en","8":"dureza-media-en","9":"forma-redonda-en","10":"jugador-hombre-en","11":"jugador-multipurpose","12":"marca-adidas-en","13":"superficie-rugosa-en","14":"tipo-de-juego-control-en","15":"product_cat-palas","17":"first","18":"instock","19":"sale","20":"taxable","21":"shipping-taxable","22":"purchasable","23":"product-type-simple"},"acf":[],"yoast_head":"<!-- This site is optimized with the Yoast SEO plugin v27.4 - https:\/\/yoast.com\/product\/yoast-seo-wordpress\/ -->\n<title>ADIDAS CROSS IT CTRL 3.4 2025 - Revolution Padel Store<\/title>\n<meta name=\"description\" content=\"La Adidas Cross IT CTRL 3.4 2025 es una pala de p\u00e1del que lleva el control al siguiente nivel. Este modelo se presenta como una evoluci\u00f3n dentro de la reconocida gama Cross LT, incorporando las tecnolog\u00edas m\u00e1s avanzadas para jugadores exigentes. Su dise\u00f1o en formato redondo y materiales de alta calidad garantizan una experiencia \u00f3ptima para quienes buscan precisi\u00f3n en su juego.\" \/>\n<meta name=\"robots\" content=\"index, follow, max-snippet:-1, max-image-preview:large, max-video-preview:-1\" \/>\n<link rel=\"canonical\" href=\"https:\/\/15131.p.syniva.es\/en\/adidas-cross-it-ctrl-3-4-2025-2\/\" \/>\n<meta property=\"og:locale\" content=\"en_US\" \/>\n<meta property=\"og:type\" content=\"article\" \/>\n<meta property=\"og:title\" content=\"ADIDAS CROSS IT CTRL 3.4 2025 - Revolution Padel Store\" \/>\n<meta property=\"og:description\" content=\"La Adidas Cross IT CTRL 3.4 2025 es una pala de p\u00e1del que lleva el control al siguiente nivel. Este modelo se presenta como una evoluci\u00f3n dentro de la reconocida gama Cross LT, incorporando las tecnolog\u00edas m\u00e1s avanzadas para jugadores exigentes. Su dise\u00f1o en formato redondo y materiales de alta calidad garantizan una experiencia \u00f3ptima para quienes buscan precisi\u00f3n en su juego.\" \/>\n<meta property=\"og:url\" content=\"https:\/\/15131.p.syniva.es\/en\/adidas-cross-it-ctrl-3-4-2025-2\/\" \/>\n<meta property=\"og:site_name\" content=\"Revolution Padel Store\" \/>\n<meta property=\"article:modified_time\" content=\"2026-04-08T07:42:17+00:00\" \/>\n<meta property=\"og:image\" content=\"https:\/\/15131.p.syniva.es\/wp-content\/uploads\/2024\/12\/113679-pala-adidas-cross-lt-ctrl-3-4-ar1ca5u281500x1500-1.webp\" \/>\n\t<meta property=\"og:image:width\" content=\"1500\" \/>\n\t<meta property=\"og:image:height\" content=\"1500\" \/>\n\t<meta property=\"og:image:type\" content=\"image\/webp\" \/>\n<meta name=\"twitter:card\" content=\"summary_large_image\" \/>\n<meta name=\"twitter:label1\" content=\"Est. reading time\" \/>\n\t<meta name=\"twitter:data1\" content=\"1 minute\" \/>\n<script type=\"application\/ld+json\" class=\"yoast-schema-graph\">{\"@context\":\"https:\\\/\\\/schema.org\",\"@graph\":[{\"@type\":\"WebPage\",\"@id\":\"https:\\\/\\\/15131.p.syniva.es\\\/en\\\/adidas-cross-it-ctrl-3-4-2025-2\\\/\",\"url\":\"https:\\\/\\\/15131.p.syniva.es\\\/en\\\/adidas-cross-it-ctrl-3-4-2025-2\\\/\",\"name\":\"ADIDAS CROSS IT CTRL 3.4 2025 - Revolution Padel Store\",\"isPartOf\":{\"@id\":\"https:\\\/\\\/15131.p.syniva.es\\\/en\\\/#website\"},\"primaryImageOfPage\":{\"@id\":\"https:\\\/\\\/15131.p.syniva.es\\\/en\\\/adidas-cross-it-ctrl-3-4-2025-2\\\/#primaryimage\"},\"image\":{\"@id\":\"https:\\\/\\\/15131.p.syniva.es\\\/en\\\/adidas-cross-it-ctrl-3-4-2025-2\\\/#primaryimage\"},\"thumbnailUrl\":\"https:\\\/\\\/15131.p.syniva.es\\\/wp-content\\\/uploads\\\/2024\\\/12\\\/113679-pala-adidas-cross-lt-ctrl-3-4-ar1ca5u281500x1500-1.webp\",\"datePublished\":\"2024-12-07T08:01:12+00:00\",\"dateModified\":\"2026-04-08T07:42:17+00:00\",\"description\":\"La Adidas Cross IT CTRL 3.4 2025 es una pala de p\u00e1del que lleva el control al siguiente nivel. Este modelo se presenta como una evoluci\u00f3n dentro de la reconocida gama Cross LT, incorporando las tecnolog\u00edas m\u00e1s avanzadas para jugadores exigentes. Su dise\u00f1o en formato redondo y materiales de alta calidad garantizan una experiencia \u00f3ptima para quienes buscan precisi\u00f3n en su juego.\",\"breadcrumb\":{\"@id\":\"https:\\\/\\\/15131.p.syniva.es\\\/en\\\/adidas-cross-it-ctrl-3-4-2025-2\\\/#breadcrumb\"},\"inLanguage\":\"en-US\",\"potentialAction\":[{\"@type\":\"ReadAction\",\"target\":[\"https:\\\/\\\/15131.p.syniva.es\\\/en\\\/adidas-cross-it-ctrl-3-4-2025-2\\\/\"]}]},{\"@type\":\"ImageObject\",\"inLanguage\":\"en-US\",\"@id\":\"https:\\\/\\\/15131.p.syniva.es\\\/en\\\/adidas-cross-it-ctrl-3-4-2025-2\\\/#primaryimage\",\"url\":\"https:\\\/\\\/15131.p.syniva.es\\\/wp-content\\\/uploads\\\/2024\\\/12\\\/113679-pala-adidas-cross-lt-ctrl-3-4-ar1ca5u281500x1500-1.webp\",\"contentUrl\":\"https:\\\/\\\/15131.p.syniva.es\\\/wp-content\\\/uploads\\\/2024\\\/12\\\/113679-pala-adidas-cross-lt-ctrl-3-4-ar1ca5u281500x1500-1.webp\",\"width\":1500,\"height\":1500},{\"@type\":\"BreadcrumbList\",\"@id\":\"https:\\\/\\\/15131.p.syniva.es\\\/en\\\/adidas-cross-it-ctrl-3-4-2025-2\\\/#breadcrumb\",\"itemListElement\":[{\"@type\":\"ListItem\",\"position\":1,\"name\":\"Portada\",\"item\":\"https:\\\/\\\/15131.p.syniva.es\\\/en\\\/\"},{\"@type\":\"ListItem\",\"position\":2,\"name\":\"Shop\",\"item\":\"https:\\\/\\\/15131.p.syniva.es\\\/en\\\/shop\\\/\"},{\"@type\":\"ListItem\",\"position\":3,\"name\":\"ADIDAS CROSS IT CTRL 3.4 2025\"}]},{\"@type\":\"WebSite\",\"@id\":\"https:\\\/\\\/15131.p.syniva.es\\\/en\\\/#website\",\"url\":\"https:\\\/\\\/15131.p.syniva.es\\\/en\\\/\",\"name\":\"Revolution Padel Store\",\"description\":\"\",\"publisher\":{\"@id\":\"https:\\\/\\\/15131.p.syniva.es\\\/en\\\/#organization\"},\"potentialAction\":[{\"@type\":\"SearchAction\",\"target\":{\"@type\":\"EntryPoint\",\"urlTemplate\":\"https:\\\/\\\/15131.p.syniva.es\\\/en\\\/?s={search_term_string}\"},\"query-input\":{\"@type\":\"PropertyValueSpecification\",\"valueRequired\":true,\"valueName\":\"search_term_string\"}}],\"inLanguage\":\"en-US\"},{\"@type\":\"Organization\",\"@id\":\"https:\\\/\\\/15131.p.syniva.es\\\/en\\\/#organization\",\"name\":\"Revolution Padel Store\",\"url\":\"https:\\\/\\\/15131.p.syniva.es\\\/en\\\/\",\"logo\":{\"@type\":\"ImageObject\",\"inLanguage\":\"en-US\",\"@id\":\"https:\\\/\\\/15131.p.syniva.es\\\/en\\\/#\\\/schema\\\/logo\\\/image\\\/\",\"url\":\"https:\\\/\\\/15131.p.syniva.es\\\/wp-content\\\/uploads\\\/2026\\\/02\\\/revolution-padel-store.jpg\",\"contentUrl\":\"https:\\\/\\\/15131.p.syniva.es\\\/wp-content\\\/uploads\\\/2026\\\/02\\\/revolution-padel-store.jpg\",\"width\":2000,\"height\":2000,\"caption\":\"Revolution Padel Store\"},\"image\":{\"@id\":\"https:\\\/\\\/15131.p.syniva.es\\\/en\\\/#\\\/schema\\\/logo\\\/image\\\/\"},\"sameAs\":[\"https:\\\/\\\/www.instagram.com\\\/revolutionpadelstore\\\/\"]}]}<\/script>\n<!-- \/ Yoast SEO plugin. -->","yoast_head_json":{"title":"ADIDAS CROSS IT CTRL 3.4 2025 - Revolution Padel Store","description":"La Adidas Cross IT CTRL 3.4 2025 es una pala de p\u00e1del que lleva el control al siguiente nivel. Este modelo se presenta como una evoluci\u00f3n dentro de la reconocida gama Cross LT, incorporando las tecnolog\u00edas m\u00e1s avanzadas para jugadores exigentes. Su dise\u00f1o en formato redondo y materiales de alta calidad garantizan una experiencia \u00f3ptima para quienes buscan precisi\u00f3n en su juego.","robots":{"index":"index","follow":"follow","max-snippet":"max-snippet:-1","max-image-preview":"max-image-preview:large","max-video-preview":"max-video-preview:-1"},"canonical":"https:\/\/15131.p.syniva.es\/en\/adidas-cross-it-ctrl-3-4-2025-2\/","og_locale":"en_US","og_type":"article","og_title":"ADIDAS CROSS IT CTRL 3.4 2025 - Revolution Padel Store","og_description":"La Adidas Cross IT CTRL 3.4 2025 es una pala de p\u00e1del que lleva el control al siguiente nivel. Este modelo se presenta como una evoluci\u00f3n dentro de la reconocida gama Cross LT, incorporando las tecnolog\u00edas m\u00e1s avanzadas para jugadores exigentes. Su dise\u00f1o en formato redondo y materiales de alta calidad garantizan una experiencia \u00f3ptima para quienes buscan precisi\u00f3n en su juego.","og_url":"https:\/\/15131.p.syniva.es\/en\/adidas-cross-it-ctrl-3-4-2025-2\/","og_site_name":"Revolution Padel Store","article_modified_time":"2026-04-08T07:42:17+00:00","og_image":[{"width":1500,"height":1500,"url":"https:\/\/15131.p.syniva.es\/wp-content\/uploads\/2024\/12\/113679-pala-adidas-cross-lt-ctrl-3-4-ar1ca5u281500x1500-1.webp","type":"image\/webp"}],"twitter_card":"summary_large_image","twitter_misc":{"Est. reading time":"1 minute"},"schema":{"@context":"https:\/\/schema.org","@graph":[{"@type":"WebPage","@id":"https:\/\/15131.p.syniva.es\/en\/adidas-cross-it-ctrl-3-4-2025-2\/","url":"https:\/\/15131.p.syniva.es\/en\/adidas-cross-it-ctrl-3-4-2025-2\/","name":"ADIDAS CROSS IT CTRL 3.4 2025 - Revolution Padel Store","isPartOf":{"@id":"https:\/\/15131.p.syniva.es\/en\/#website"},"primaryImageOfPage":{"@id":"https:\/\/15131.p.syniva.es\/en\/adidas-cross-it-ctrl-3-4-2025-2\/#primaryimage"},"image":{"@id":"https:\/\/15131.p.syniva.es\/en\/adidas-cross-it-ctrl-3-4-2025-2\/#primaryimage"},"thumbnailUrl":"https:\/\/15131.p.syniva.es\/wp-content\/uploads\/2024\/12\/113679-pala-adidas-cross-lt-ctrl-3-4-ar1ca5u281500x1500-1.webp","datePublished":"2024-12-07T08:01:12+00:00","dateModified":"2026-04-08T07:42:17+00:00","description":"La Adidas Cross IT CTRL 3.4 2025 es una pala de p\u00e1del que lleva el control al siguiente nivel. Este modelo se presenta como una evoluci\u00f3n dentro de la reconocida gama Cross LT, incorporando las tecnolog\u00edas m\u00e1s avanzadas para jugadores exigentes. Su dise\u00f1o en formato redondo y materiales de alta calidad garantizan una experiencia \u00f3ptima para quienes buscan precisi\u00f3n en su juego.","breadcrumb":{"@id":"https:\/\/15131.p.syniva.es\/en\/adidas-cross-it-ctrl-3-4-2025-2\/#breadcrumb"},"inLanguage":"en-US","potentialAction":[{"@type":"ReadAction","target":["https:\/\/15131.p.syniva.es\/en\/adidas-cross-it-ctrl-3-4-2025-2\/"]}]},{"@type":"ImageObject","inLanguage":"en-US","@id":"https:\/\/15131.p.syniva.es\/en\/adidas-cross-it-ctrl-3-4-2025-2\/#primaryimage","url":"https:\/\/15131.p.syniva.es\/wp-content\/uploads\/2024\/12\/113679-pala-adidas-cross-lt-ctrl-3-4-ar1ca5u281500x1500-1.webp","contentUrl":"https:\/\/15131.p.syniva.es\/wp-content\/uploads\/2024\/12\/113679-pala-adidas-cross-lt-ctrl-3-4-ar1ca5u281500x1500-1.webp","width":1500,"height":1500},{"@type":"BreadcrumbList","@id":"https:\/\/15131.p.syniva.es\/en\/adidas-cross-it-ctrl-3-4-2025-2\/#breadcrumb","itemListElement":[{"@type":"ListItem","position":1,"name":"Portada","item":"https:\/\/15131.p.syniva.es\/en\/"},{"@type":"ListItem","position":2,"name":"Shop","item":"https:\/\/15131.p.syniva.es\/en\/shop\/"},{"@type":"ListItem","position":3,"name":"ADIDAS CROSS IT CTRL 3.4 2025"}]},{"@type":"WebSite","@id":"https:\/\/15131.p.syniva.es\/en\/#website","url":"https:\/\/15131.p.syniva.es\/en\/","name":"Revolution Padel Store","description":"","publisher":{"@id":"https:\/\/15131.p.syniva.es\/en\/#organization"},"potentialAction":[{"@type":"SearchAction","target":{"@type":"EntryPoint","urlTemplate":"https:\/\/15131.p.syniva.es\/en\/?s={search_term_string}"},"query-input":{"@type":"PropertyValueSpecification","valueRequired":true,"valueName":"search_term_string"}}],"inLanguage":"en-US"},{"@type":"Organization","@id":"https:\/\/15131.p.syniva.es\/en\/#organization","name":"Revolution Padel Store","url":"https:\/\/15131.p.syniva.es\/en\/","logo":{"@type":"ImageObject","inLanguage":"en-US","@id":"https:\/\/15131.p.syniva.es\/en\/#\/schema\/logo\/image\/","url":"https:\/\/15131.p.syniva.es\/wp-content\/uploads\/2026\/02\/revolution-padel-store.jpg","contentUrl":"https:\/\/15131.p.syniva.es\/wp-content\/uploads\/2026\/02\/revolution-padel-store.jpg","width":2000,"height":2000,"caption":"Revolution Padel Store"},"image":{"@id":"https:\/\/15131.p.syniva.es\/en\/#\/schema\/logo\/image\/"},"sameAs":["https:\/\/www.instagram.com\/revolutionpadelstore\/"]}]}},"_links":{"self":[{"href":"https:\/\/15131.p.syniva.es\/en\/wp-json\/wp\/v2\/product\/154646","targetHints":{"allow":["GET"]}}],"collection":[{"href":"https:\/\/15131.p.syniva.es\/en\/wp-json\/wp\/v2\/product"}],"about":[{"href":"https:\/\/15131.p.syniva.es\/en\/wp-json\/wp\/v2\/types\/product"}],"replies":[{"embeddable":true,"href":"https:\/\/15131.p.syniva.es\/en\/wp-json\/wp\/v2\/comments?post=154646"}],"wp:featuredmedia":[{"embeddable":true,"href":"https:\/\/15131.p.syniva.es\/en\/wp-json\/wp\/v2\/media\/153217"}],"wp:attachment":[{"href":"https:\/\/15131.p.syniva.es\/en\/wp-json\/wp\/v2\/media?parent=154646"}],"wp:term":[{"taxonomy":"acabado","embeddable":true,"href":"https:\/\/15131.p.syniva.es\/en\/wp-json\/wp\/v2\/acabado?post=154646"},{"taxonomy":"balance","embeddable":true,"href":"https:\/\/15131.p.syniva.es\/en\/wp-json\/wp\/v2\/balance?post=154646"},{"taxonomy":"dureza","embeddable":true,"href":"https:\/\/15131.p.syniva.es\/en\/wp-json\/wp\/v2\/dureza?post=154646"},{"taxonomy":"forma","embeddable":true,"href":"https:\/\/15131.p.syniva.es\/en\/wp-json\/wp\/v2\/forma?post=154646"},{"taxonomy":"jugador","embeddable":true,"href":"https:\/\/15131.p.syniva.es\/en\/wp-json\/wp\/v2\/jugador?post=154646"},{"taxonomy":"marca","embeddable":true,"href":"https:\/\/15131.p.syniva.es\/en\/wp-json\/wp\/v2\/marca?post=154646"},{"taxonomy":"nivel-de-juego","embeddable":true,"href":"https:\/\/15131.p.syniva.es\/en\/wp-json\/wp\/v2\/nivel-de-juego?post=154646"},{"taxonomy":"superficie","embeddable":true,"href":"https:\/\/15131.p.syniva.es\/en\/wp-json\/wp\/v2\/superficie?post=154646"},{"taxonomy":"tipo-de-juego","embeddable":true,"href":"https:\/\/15131.p.syniva.es\/en\/wp-json\/wp\/v2\/tipo-de-juego?post=154646"},{"taxonomy":"product_brand","embeddable":true,"href":"https:\/\/15131.p.syniva.es\/en\/wp-json\/wp\/v2\/product_brand?post=154646"},{"taxonomy":"product_cat","embeddable":true,"href":"https:\/\/15131.p.syniva.es\/en\/wp-json\/wp\/v2\/product_cat?post=154646"},{"taxonomy":"product_tag","embeddable":true,"href":"https:\/\/15131.p.syniva.es\/en\/wp-json\/wp\/v2\/product_tag?post=154646"}],"curies":[{"name":"wp","href":"https:\/\/api.w.org\/{rel}","templated":true}]}}