{"id":181543,"date":"2025-02-21T12:56:33","date_gmt":"2025-02-21T11:56:33","guid":{"rendered":"https:\/\/15131.p.syniva.es\/head-coello-junior-2025\/"},"modified":"2026-04-08T06:13:51","modified_gmt":"2026-04-08T04:13:51","slug":"head-coello-junior-2025-2","status":"publish","type":"product","link":"https:\/\/15131.p.syniva.es\/en\/head-coello-junior-2025-2\/","title":{"rendered":"HEAD COELLO JUNIOR 2025"},"content":{"rendered":"<p>\n<H2> Head Coello Junior 2025 &#8211; The Arturo Coello shovel for young talents <\/ h2><br \/>\nThe Head Coello Junior 2025 is the perfect choice for young players seeking to evolve their game with a shovel inspired by the world number one, Arturo Coello. Designed in collaboration with Head, this shovel combines advanced technology, an exclusive design with the signing of the \u2018King Arturo\u2019 and an optimized structure to provide power, control and comfort.<\/p>\n<p>Its tear shape, its lightweight and its balance under the turn an ideal option for junior players who want to develop their technique without giving up maneuverability and comfort on the track.<br \/>\n&lt;Il<br \/>\nIf you are looking for a shovel that helps improve the performance of the youngest on the track, the Head Coello Junior 2025 is the best option. Its wide sweet point provides great tolerance in the hit, allowing greater precision and stability in each exchange. Thanks to its weight of 310 g, the movements are faster and faster, favoring progressive and effective learning.<br \/>\n<H2> <strong> features and prominent technologies: <\/strong> <\/ h2><\/p>\n<p style=\"padding-left: 40px\">-form tear \u279c perfect balance between power and control. <\/p>\n<p style=\"padding-left: 40px\">-light weight (310 g) and balance under \u279c greater manageability and comfort. <\/p>\n<p style=\"padding-left: 40px\">-fiberglass hold<\/p>\n<p>-Power Foam \u279c Quick response nucleus to enhance offensive blows. <\/p>\n<p><P>-Innegra \u2122 \u279c Technology that reduces vibrations and improves stability. <\/p>\n<p>-Integrated protector system (IPS) \u279c Extra protection against impact and wear. <\/p>\n<p style=\"padding-left: 40px\">-tailored tube \u279c optimized structure for higher performance. <\/p>\n<p>&lt;In<br \/>\nWith the Head Coello Junior 2025, young players can improve their technique with a shovel that maximizes their talent. Its premium design and its advanced technologies guarantee a powerful, stable and precise game, facilitating learning and evolution in paddle tennis.<\/p>\n<p>Get the Head Coello Junior 2025 now in our online store <a href=\"https:\/\/www.15131.p.syniva.es\/\"> Revolution Padel Store <\/a>, probably at the best market price!<\/p>\n<h2>Head Coello Junior 2025 \u2013 La pala de Arturo Coello para j\u00f3venes talentos<\/h2>\n","protected":false},"excerpt":{"rendered":"<p>The Head Coello Junior 2025 is the ideal option for young athletes seeking to combine power, precision and comfort. Its light design and avant -garde technology ensure a wide sweet point and simple handling.<\/p>\n","protected":false},"featured_media":181549,"comment_status":"open","ping_status":"closed","template":"","meta":{"_acf_changed":false,"_joinchat":[]},"acabado":[1083],"balance":[1148],"dureza":[1153],"forma":[1188],"jugador":[1208],"marca":[1223],"nivel-de-juego":[1353,1343],"superficie":[1358],"tipo-de-juego":[1388],"product_brand":[],"product_cat":[303],"product_tag":[],"class_list":{"0":"post-181543","1":"product","2":"type-product","3":"status-publish","4":"has-post-thumbnail","6":"acabado-brightness","7":"balance-bajo-en","8":"dureza-blanda-en","9":"forma-lagrima-en","10":"jugador-junior-en","11":"marca-head-en","12":"superficie-lisa-en","13":"tipo-de-juego-multipurpose","14":"product_cat-palas","16":"first","17":"instock","18":"sale","19":"taxable","20":"shipping-taxable","21":"purchasable","22":"product-type-simple"},"acf":[],"yoast_head":"<!-- This site is optimized with the Yoast SEO plugin v27.3 - https:\/\/yoast.com\/product\/yoast-seo-wordpress\/ -->\n<title>HEAD COELLO JUNIOR 2025 - Revolution Padel Store<\/title>\n<meta name=\"description\" content=\"Compra la Head Coello Junior 2025, la pala de Arturo Coello para jugadores j\u00f3venes. Equilibrio entre potencia y control, dise\u00f1o exclusivo y tecnolog\u00eda avanzada. \u00a1Disponible en nuestra tienda online al mejor precio!\" \/>\n<meta name=\"robots\" content=\"index, follow, max-snippet:-1, max-image-preview:large, max-video-preview:-1\" \/>\n<link rel=\"canonical\" href=\"https:\/\/15131.p.syniva.es\/en\/head-coello-junior-2025-2\/\" \/>\n<meta property=\"og:locale\" content=\"en_US\" \/>\n<meta property=\"og:type\" content=\"article\" \/>\n<meta property=\"og:title\" content=\"HEAD COELLO JUNIOR 2025 - Revolution Padel Store\" \/>\n<meta property=\"og:description\" content=\"Compra la Head Coello Junior 2025, la pala de Arturo Coello para jugadores j\u00f3venes. Equilibrio entre potencia y control, dise\u00f1o exclusivo y tecnolog\u00eda avanzada. \u00a1Disponible en nuestra tienda online al mejor precio!\" \/>\n<meta property=\"og:url\" content=\"https:\/\/15131.p.syniva.es\/en\/head-coello-junior-2025-2\/\" \/>\n<meta property=\"og:site_name\" content=\"Revolution Padel Store\" \/>\n<meta property=\"article:modified_time\" content=\"2026-04-08T04:13:51+00:00\" \/>\n<meta property=\"og:image\" content=\"https:\/\/15131.p.syniva.es\/wp-content\/uploads\/2025\/02\/115655-pala-head-coello-junior-2025-226725-1500x1500-1.webp\" \/>\n\t<meta property=\"og:image:width\" content=\"1500\" \/>\n\t<meta property=\"og:image:height\" content=\"1500\" \/>\n\t<meta property=\"og:image:type\" content=\"image\/webp\" \/>\n<meta name=\"twitter:card\" content=\"summary_large_image\" \/>\n<meta name=\"twitter:label1\" content=\"Est. reading time\" \/>\n\t<meta name=\"twitter:data1\" content=\"2 minutes\" \/>\n<script type=\"application\/ld+json\" class=\"yoast-schema-graph\">{\"@context\":\"https:\\\/\\\/schema.org\",\"@graph\":[{\"@type\":\"WebPage\",\"@id\":\"https:\\\/\\\/15131.p.syniva.es\\\/en\\\/head-coello-junior-2025-2\\\/\",\"url\":\"https:\\\/\\\/15131.p.syniva.es\\\/en\\\/head-coello-junior-2025-2\\\/\",\"name\":\"HEAD COELLO JUNIOR 2025 - Revolution Padel Store\",\"isPartOf\":{\"@id\":\"https:\\\/\\\/15131.p.syniva.es\\\/en\\\/#website\"},\"primaryImageOfPage\":{\"@id\":\"https:\\\/\\\/15131.p.syniva.es\\\/en\\\/head-coello-junior-2025-2\\\/#primaryimage\"},\"image\":{\"@id\":\"https:\\\/\\\/15131.p.syniva.es\\\/en\\\/head-coello-junior-2025-2\\\/#primaryimage\"},\"thumbnailUrl\":\"https:\\\/\\\/15131.p.syniva.es\\\/wp-content\\\/uploads\\\/2025\\\/02\\\/115655-pala-head-coello-junior-2025-226725-1500x1500-1.webp\",\"datePublished\":\"2025-02-21T11:56:33+00:00\",\"dateModified\":\"2026-04-08T04:13:51+00:00\",\"description\":\"Compra la Head Coello Junior 2025, la pala de Arturo Coello para jugadores j\u00f3venes. Equilibrio entre potencia y control, dise\u00f1o exclusivo y tecnolog\u00eda avanzada. \u00a1Disponible en nuestra tienda online al mejor precio!\",\"breadcrumb\":{\"@id\":\"https:\\\/\\\/15131.p.syniva.es\\\/en\\\/head-coello-junior-2025-2\\\/#breadcrumb\"},\"inLanguage\":\"en-US\",\"potentialAction\":[{\"@type\":\"ReadAction\",\"target\":[\"https:\\\/\\\/15131.p.syniva.es\\\/en\\\/head-coello-junior-2025-2\\\/\"]}]},{\"@type\":\"ImageObject\",\"inLanguage\":\"en-US\",\"@id\":\"https:\\\/\\\/15131.p.syniva.es\\\/en\\\/head-coello-junior-2025-2\\\/#primaryimage\",\"url\":\"https:\\\/\\\/15131.p.syniva.es\\\/wp-content\\\/uploads\\\/2025\\\/02\\\/115655-pala-head-coello-junior-2025-226725-1500x1500-1.webp\",\"contentUrl\":\"https:\\\/\\\/15131.p.syniva.es\\\/wp-content\\\/uploads\\\/2025\\\/02\\\/115655-pala-head-coello-junior-2025-226725-1500x1500-1.webp\",\"width\":1500,\"height\":1500},{\"@type\":\"BreadcrumbList\",\"@id\":\"https:\\\/\\\/15131.p.syniva.es\\\/en\\\/head-coello-junior-2025-2\\\/#breadcrumb\",\"itemListElement\":[{\"@type\":\"ListItem\",\"position\":1,\"name\":\"Portada\",\"item\":\"https:\\\/\\\/15131.p.syniva.es\\\/en\\\/\"},{\"@type\":\"ListItem\",\"position\":2,\"name\":\"Shop\",\"item\":\"https:\\\/\\\/15131.p.syniva.es\\\/en\\\/shop\\\/\"},{\"@type\":\"ListItem\",\"position\":3,\"name\":\"HEAD COELLO JUNIOR 2025\"}]},{\"@type\":\"WebSite\",\"@id\":\"https:\\\/\\\/15131.p.syniva.es\\\/en\\\/#website\",\"url\":\"https:\\\/\\\/15131.p.syniva.es\\\/en\\\/\",\"name\":\"Revolution Padel Store\",\"description\":\"\",\"publisher\":{\"@id\":\"https:\\\/\\\/15131.p.syniva.es\\\/en\\\/#organization\"},\"potentialAction\":[{\"@type\":\"SearchAction\",\"target\":{\"@type\":\"EntryPoint\",\"urlTemplate\":\"https:\\\/\\\/15131.p.syniva.es\\\/en\\\/?s={search_term_string}\"},\"query-input\":{\"@type\":\"PropertyValueSpecification\",\"valueRequired\":true,\"valueName\":\"search_term_string\"}}],\"inLanguage\":\"en-US\"},{\"@type\":\"Organization\",\"@id\":\"https:\\\/\\\/15131.p.syniva.es\\\/en\\\/#organization\",\"name\":\"Revolution Padel Store\",\"url\":\"https:\\\/\\\/15131.p.syniva.es\\\/en\\\/\",\"logo\":{\"@type\":\"ImageObject\",\"inLanguage\":\"en-US\",\"@id\":\"https:\\\/\\\/15131.p.syniva.es\\\/en\\\/#\\\/schema\\\/logo\\\/image\\\/\",\"url\":\"https:\\\/\\\/15131.p.syniva.es\\\/wp-content\\\/uploads\\\/2026\\\/02\\\/revolution-padel-store.jpg\",\"contentUrl\":\"https:\\\/\\\/15131.p.syniva.es\\\/wp-content\\\/uploads\\\/2026\\\/02\\\/revolution-padel-store.jpg\",\"width\":2000,\"height\":2000,\"caption\":\"Revolution Padel Store\"},\"image\":{\"@id\":\"https:\\\/\\\/15131.p.syniva.es\\\/en\\\/#\\\/schema\\\/logo\\\/image\\\/\"},\"sameAs\":[\"https:\\\/\\\/www.instagram.com\\\/revolutionpadelstore\\\/\"]}]}<\/script>\n<!-- \/ Yoast SEO plugin. -->","yoast_head_json":{"title":"HEAD COELLO JUNIOR 2025 - Revolution Padel Store","description":"Compra la Head Coello Junior 2025, la pala de Arturo Coello para jugadores j\u00f3venes. Equilibrio entre potencia y control, dise\u00f1o exclusivo y tecnolog\u00eda avanzada. \u00a1Disponible en nuestra tienda online al mejor precio!","robots":{"index":"index","follow":"follow","max-snippet":"max-snippet:-1","max-image-preview":"max-image-preview:large","max-video-preview":"max-video-preview:-1"},"canonical":"https:\/\/15131.p.syniva.es\/en\/head-coello-junior-2025-2\/","og_locale":"en_US","og_type":"article","og_title":"HEAD COELLO JUNIOR 2025 - Revolution Padel Store","og_description":"Compra la Head Coello Junior 2025, la pala de Arturo Coello para jugadores j\u00f3venes. Equilibrio entre potencia y control, dise\u00f1o exclusivo y tecnolog\u00eda avanzada. \u00a1Disponible en nuestra tienda online al mejor precio!","og_url":"https:\/\/15131.p.syniva.es\/en\/head-coello-junior-2025-2\/","og_site_name":"Revolution Padel Store","article_modified_time":"2026-04-08T04:13:51+00:00","og_image":[{"width":1500,"height":1500,"url":"https:\/\/15131.p.syniva.es\/wp-content\/uploads\/2025\/02\/115655-pala-head-coello-junior-2025-226725-1500x1500-1.webp","type":"image\/webp"}],"twitter_card":"summary_large_image","twitter_misc":{"Est. reading time":"2 minutes"},"schema":{"@context":"https:\/\/schema.org","@graph":[{"@type":"WebPage","@id":"https:\/\/15131.p.syniva.es\/en\/head-coello-junior-2025-2\/","url":"https:\/\/15131.p.syniva.es\/en\/head-coello-junior-2025-2\/","name":"HEAD COELLO JUNIOR 2025 - Revolution Padel Store","isPartOf":{"@id":"https:\/\/15131.p.syniva.es\/en\/#website"},"primaryImageOfPage":{"@id":"https:\/\/15131.p.syniva.es\/en\/head-coello-junior-2025-2\/#primaryimage"},"image":{"@id":"https:\/\/15131.p.syniva.es\/en\/head-coello-junior-2025-2\/#primaryimage"},"thumbnailUrl":"https:\/\/15131.p.syniva.es\/wp-content\/uploads\/2025\/02\/115655-pala-head-coello-junior-2025-226725-1500x1500-1.webp","datePublished":"2025-02-21T11:56:33+00:00","dateModified":"2026-04-08T04:13:51+00:00","description":"Compra la Head Coello Junior 2025, la pala de Arturo Coello para jugadores j\u00f3venes. Equilibrio entre potencia y control, dise\u00f1o exclusivo y tecnolog\u00eda avanzada. \u00a1Disponible en nuestra tienda online al mejor precio!","breadcrumb":{"@id":"https:\/\/15131.p.syniva.es\/en\/head-coello-junior-2025-2\/#breadcrumb"},"inLanguage":"en-US","potentialAction":[{"@type":"ReadAction","target":["https:\/\/15131.p.syniva.es\/en\/head-coello-junior-2025-2\/"]}]},{"@type":"ImageObject","inLanguage":"en-US","@id":"https:\/\/15131.p.syniva.es\/en\/head-coello-junior-2025-2\/#primaryimage","url":"https:\/\/15131.p.syniva.es\/wp-content\/uploads\/2025\/02\/115655-pala-head-coello-junior-2025-226725-1500x1500-1.webp","contentUrl":"https:\/\/15131.p.syniva.es\/wp-content\/uploads\/2025\/02\/115655-pala-head-coello-junior-2025-226725-1500x1500-1.webp","width":1500,"height":1500},{"@type":"BreadcrumbList","@id":"https:\/\/15131.p.syniva.es\/en\/head-coello-junior-2025-2\/#breadcrumb","itemListElement":[{"@type":"ListItem","position":1,"name":"Portada","item":"https:\/\/15131.p.syniva.es\/en\/"},{"@type":"ListItem","position":2,"name":"Shop","item":"https:\/\/15131.p.syniva.es\/en\/shop\/"},{"@type":"ListItem","position":3,"name":"HEAD COELLO JUNIOR 2025"}]},{"@type":"WebSite","@id":"https:\/\/15131.p.syniva.es\/en\/#website","url":"https:\/\/15131.p.syniva.es\/en\/","name":"Revolution Padel Store","description":"","publisher":{"@id":"https:\/\/15131.p.syniva.es\/en\/#organization"},"potentialAction":[{"@type":"SearchAction","target":{"@type":"EntryPoint","urlTemplate":"https:\/\/15131.p.syniva.es\/en\/?s={search_term_string}"},"query-input":{"@type":"PropertyValueSpecification","valueRequired":true,"valueName":"search_term_string"}}],"inLanguage":"en-US"},{"@type":"Organization","@id":"https:\/\/15131.p.syniva.es\/en\/#organization","name":"Revolution Padel Store","url":"https:\/\/15131.p.syniva.es\/en\/","logo":{"@type":"ImageObject","inLanguage":"en-US","@id":"https:\/\/15131.p.syniva.es\/en\/#\/schema\/logo\/image\/","url":"https:\/\/15131.p.syniva.es\/wp-content\/uploads\/2026\/02\/revolution-padel-store.jpg","contentUrl":"https:\/\/15131.p.syniva.es\/wp-content\/uploads\/2026\/02\/revolution-padel-store.jpg","width":2000,"height":2000,"caption":"Revolution Padel Store"},"image":{"@id":"https:\/\/15131.p.syniva.es\/en\/#\/schema\/logo\/image\/"},"sameAs":["https:\/\/www.instagram.com\/revolutionpadelstore\/"]}]}},"_links":{"self":[{"href":"https:\/\/15131.p.syniva.es\/en\/wp-json\/wp\/v2\/product\/181543","targetHints":{"allow":["GET"]}}],"collection":[{"href":"https:\/\/15131.p.syniva.es\/en\/wp-json\/wp\/v2\/product"}],"about":[{"href":"https:\/\/15131.p.syniva.es\/en\/wp-json\/wp\/v2\/types\/product"}],"replies":[{"embeddable":true,"href":"https:\/\/15131.p.syniva.es\/en\/wp-json\/wp\/v2\/comments?post=181543"}],"wp:featuredmedia":[{"embeddable":true,"href":"https:\/\/15131.p.syniva.es\/en\/wp-json\/wp\/v2\/media\/181549"}],"wp:attachment":[{"href":"https:\/\/15131.p.syniva.es\/en\/wp-json\/wp\/v2\/media?parent=181543"}],"wp:term":[{"taxonomy":"acabado","embeddable":true,"href":"https:\/\/15131.p.syniva.es\/en\/wp-json\/wp\/v2\/acabado?post=181543"},{"taxonomy":"balance","embeddable":true,"href":"https:\/\/15131.p.syniva.es\/en\/wp-json\/wp\/v2\/balance?post=181543"},{"taxonomy":"dureza","embeddable":true,"href":"https:\/\/15131.p.syniva.es\/en\/wp-json\/wp\/v2\/dureza?post=181543"},{"taxonomy":"forma","embeddable":true,"href":"https:\/\/15131.p.syniva.es\/en\/wp-json\/wp\/v2\/forma?post=181543"},{"taxonomy":"jugador","embeddable":true,"href":"https:\/\/15131.p.syniva.es\/en\/wp-json\/wp\/v2\/jugador?post=181543"},{"taxonomy":"marca","embeddable":true,"href":"https:\/\/15131.p.syniva.es\/en\/wp-json\/wp\/v2\/marca?post=181543"},{"taxonomy":"nivel-de-juego","embeddable":true,"href":"https:\/\/15131.p.syniva.es\/en\/wp-json\/wp\/v2\/nivel-de-juego?post=181543"},{"taxonomy":"superficie","embeddable":true,"href":"https:\/\/15131.p.syniva.es\/en\/wp-json\/wp\/v2\/superficie?post=181543"},{"taxonomy":"tipo-de-juego","embeddable":true,"href":"https:\/\/15131.p.syniva.es\/en\/wp-json\/wp\/v2\/tipo-de-juego?post=181543"},{"taxonomy":"product_brand","embeddable":true,"href":"https:\/\/15131.p.syniva.es\/en\/wp-json\/wp\/v2\/product_brand?post=181543"},{"taxonomy":"product_cat","embeddable":true,"href":"https:\/\/15131.p.syniva.es\/en\/wp-json\/wp\/v2\/product_cat?post=181543"},{"taxonomy":"product_tag","embeddable":true,"href":"https:\/\/15131.p.syniva.es\/en\/wp-json\/wp\/v2\/product_tag?post=181543"}],"curies":[{"name":"wp","href":"https:\/\/api.w.org\/{rel}","templated":true}]}}