{"id":19721,"date":"2024-04-10T08:44:59","date_gmt":"2024-04-10T06:44:59","guid":{"rendered":"https:\/\/15131.p.syniva.es\/wilson-bela-pro-v2-5\/"},"modified":"2026-04-08T14:26:25","modified_gmt":"2026-04-08T12:26:25","slug":"wilson-bela-pro-v2-5","status":"publish","type":"product","link":"https:\/\/15131.p.syniva.es\/en\/wilson-bela-pro-v2-5\/","title":{"rendered":"WILSON BELA PRO V2.5"},"content":{"rendered":"<p>Designed in collaboration with former world number 1 Fernando Belasteguin, the Bela Pro V2.5 puts its padel racket in the hands of all players who want to reach the top.<br \/>\nInspired by his tireless dedication to the sport and his insatiable desire to win, the Bela Pro uses cutting-edge technology to deliver maximum performance, ideal for advanced players looking to dictate the point.<br \/>\nWith an improved sweet spot and consistent feel, the frame is integrated with a firm EVA foam and Primero Carbon, offering a powerful combination of power and responsiveness.<br \/>\nThe Spin Effect texture generates consistent spin, while the carefully designed hole pattern maintains uniform response across the entire face.<br \/>\nOther improvements to this padel racket include added notches on the handle to provide a comfortable grip feel and a clear protector to extend the durability of the frame and paint.<br \/>\nPrecision crafted using a carbon tubular construction, ensuring uniform tubular thickness and resulting in greater durability, incredible shot control, and superior feel throughout the racket.<br \/>\nIt integrates premium carbon into the frame to deliver a combination of high power and quick response, increasing blade face propulsion.<br \/>\nProduces clean, firm hits for faster ball release and excellent control.<br \/>\nTextured surface that holds the ball on contact for better spin and excellent feel on every shot.<br \/>\nExclusive polyurethane and Izo-Zorb alloy that provides an excellent combination of grip and cushioning.<\/p>\n","protected":false},"excerpt":{"rendered":"<p>Wilson Bela Pro V2.5 racket in teardrop format for advanced level players. Inside it has an EVA foam capable of providing power and excellent responsiveness. The Spin Effect texture generates consistent spin, while the carefully designed hole pattern maintains uniform response across the entire face. It integrates premium carbon into the frame to deliver a combination of high power and quick response, increasing blade face propulsion.<\/p>\n","protected":false},"featured_media":4256,"comment_status":"open","ping_status":"closed","template":"","meta":{"_acf_changed":false,"_joinchat":[]},"acabado":[1083,1093],"balance":[1138],"dureza":[1163],"forma":[1188],"jugador":[1193,1203],"marca":[1268],"nivel-de-juego":[1338],"superficie":[1363],"tipo-de-juego":[1383],"product_brand":[],"product_cat":[303],"product_tag":[],"class_list":{"0":"post-19721","1":"product","2":"type-product","3":"status-publish","4":"has-post-thumbnail","6":"acabado-brightness","7":"acabado-relieve-3d-en","8":"balance-alto-en","9":"dureza-dura-en","10":"forma-lagrima-en","11":"jugador-hombre-en","12":"jugador-multipurpose","13":"marca-wilson-en","14":"superficie-rugosa-en","15":"tipo-de-juego-attack","16":"product_cat-palas","18":"first","19":"instock","20":"sale","21":"taxable","22":"shipping-taxable","23":"purchasable","24":"product-type-simple"},"acf":[],"yoast_head":"<!-- This site is optimized with the Yoast SEO plugin v27.3 - https:\/\/yoast.com\/product\/yoast-seo-wordpress\/ -->\n<title>WILSON BELA PRO V2.5 - Revolution Padel Store<\/title>\n<meta name=\"description\" content=\"Pala Wilson Bela Pro V2.5 en formato l\u00e1grima para jugadores de nivel avanzado. En su interior cuenta con una espuma EVA capaz de proporcionar potencia y excelente capacidad de respuesta. La textura Spin Effect genera un spin consistente, mientras que el patr\u00f3n de agujeros cuidadosamente dise\u00f1ado mantiene una respuesta uniforme en toda la cara. Integra carbono premium en el marco para ofrecer una combinaci\u00f3n de gran potencia y una r\u00e1pida capacidad de respuesta, lo que aumenta la propulsi\u00f3n de la cara de la pala.\" \/>\n<meta name=\"robots\" content=\"index, follow, max-snippet:-1, max-image-preview:large, max-video-preview:-1\" \/>\n<link rel=\"canonical\" href=\"https:\/\/15131.p.syniva.es\/en\/wilson-bela-pro-v2-5\/\" \/>\n<meta property=\"og:locale\" content=\"en_US\" \/>\n<meta property=\"og:type\" content=\"article\" \/>\n<meta property=\"og:title\" content=\"COMPRAR WILSON BELA PRO V2.5\" \/>\n<meta property=\"og:description\" content=\"Pala Wilson Bela Pro V2.5 en formato l\u00e1grima para jugadores de nivel avanzado. En su interior cuenta con una espuma EVA capaz de proporcionar potencia y excelente capacidad de respuesta. La textura Spin Effect genera un spin consistente, mientras que el patr\u00f3n de agujeros cuidadosamente dise\u00f1ado mantiene una respuesta uniforme en toda la cara. Integra carbono premium en el marco para ofrecer una combinaci\u00f3n de gran potencia y una r\u00e1pida capacidad de respuesta, lo que aumenta la propulsi\u00f3n de la cara de la pala.\" \/>\n<meta property=\"og:url\" content=\"https:\/\/15131.p.syniva.es\/en\/wilson-bela-pro-v2-5\/\" \/>\n<meta property=\"og:site_name\" content=\"Revolution Padel Store\" \/>\n<meta property=\"article:modified_time\" content=\"2026-04-08T12:26:25+00:00\" \/>\n<meta property=\"og:image\" content=\"https:\/\/15131.p.syniva.es\/wp-content\/uploads\/2024\/04\/pala-wilson-bela-pro-v2-5-1-800x800-1.jpg\" \/>\n\t<meta property=\"og:image:width\" content=\"800\" \/>\n\t<meta property=\"og:image:height\" content=\"800\" \/>\n\t<meta property=\"og:image:type\" content=\"image\/jpeg\" \/>\n<meta name=\"twitter:card\" content=\"summary_large_image\" \/>\n<meta name=\"twitter:label1\" content=\"Est. reading time\" \/>\n\t<meta name=\"twitter:data1\" content=\"2 minutes\" \/>\n<script type=\"application\/ld+json\" class=\"yoast-schema-graph\">{\"@context\":\"https:\\\/\\\/schema.org\",\"@graph\":[{\"@type\":\"WebPage\",\"@id\":\"https:\\\/\\\/15131.p.syniva.es\\\/en\\\/wilson-bela-pro-v2-5\\\/\",\"url\":\"https:\\\/\\\/15131.p.syniva.es\\\/en\\\/wilson-bela-pro-v2-5\\\/\",\"name\":\"WILSON BELA PRO V2.5 - Revolution Padel Store\",\"isPartOf\":{\"@id\":\"https:\\\/\\\/15131.p.syniva.es\\\/en\\\/#website\"},\"primaryImageOfPage\":{\"@id\":\"https:\\\/\\\/15131.p.syniva.es\\\/en\\\/wilson-bela-pro-v2-5\\\/#primaryimage\"},\"image\":{\"@id\":\"https:\\\/\\\/15131.p.syniva.es\\\/en\\\/wilson-bela-pro-v2-5\\\/#primaryimage\"},\"thumbnailUrl\":\"https:\\\/\\\/15131.p.syniva.es\\\/wp-content\\\/uploads\\\/2024\\\/04\\\/pala-wilson-bela-pro-v2-5-1-800x800-1.jpg\",\"datePublished\":\"2024-04-10T06:44:59+00:00\",\"dateModified\":\"2026-04-08T12:26:25+00:00\",\"description\":\"Pala Wilson Bela Pro V2.5 en formato l\u00e1grima para jugadores de nivel avanzado. En su interior cuenta con una espuma EVA capaz de proporcionar potencia y excelente capacidad de respuesta. La textura Spin Effect genera un spin consistente, mientras que el patr\u00f3n de agujeros cuidadosamente dise\u00f1ado mantiene una respuesta uniforme en toda la cara. Integra carbono premium en el marco para ofrecer una combinaci\u00f3n de gran potencia y una r\u00e1pida capacidad de respuesta, lo que aumenta la propulsi\u00f3n de la cara de la pala.\",\"breadcrumb\":{\"@id\":\"https:\\\/\\\/15131.p.syniva.es\\\/en\\\/wilson-bela-pro-v2-5\\\/#breadcrumb\"},\"inLanguage\":\"en-US\",\"potentialAction\":[{\"@type\":\"ReadAction\",\"target\":[\"https:\\\/\\\/15131.p.syniva.es\\\/en\\\/wilson-bela-pro-v2-5\\\/\"]}]},{\"@type\":\"ImageObject\",\"inLanguage\":\"en-US\",\"@id\":\"https:\\\/\\\/15131.p.syniva.es\\\/en\\\/wilson-bela-pro-v2-5\\\/#primaryimage\",\"url\":\"https:\\\/\\\/15131.p.syniva.es\\\/wp-content\\\/uploads\\\/2024\\\/04\\\/pala-wilson-bela-pro-v2-5-1-800x800-1.jpg\",\"contentUrl\":\"https:\\\/\\\/15131.p.syniva.es\\\/wp-content\\\/uploads\\\/2024\\\/04\\\/pala-wilson-bela-pro-v2-5-1-800x800-1.jpg\",\"width\":800,\"height\":800},{\"@type\":\"BreadcrumbList\",\"@id\":\"https:\\\/\\\/15131.p.syniva.es\\\/en\\\/wilson-bela-pro-v2-5\\\/#breadcrumb\",\"itemListElement\":[{\"@type\":\"ListItem\",\"position\":1,\"name\":\"Portada\",\"item\":\"https:\\\/\\\/15131.p.syniva.es\\\/en\\\/\"},{\"@type\":\"ListItem\",\"position\":2,\"name\":\"Shop\",\"item\":\"https:\\\/\\\/15131.p.syniva.es\\\/en\\\/shop\\\/\"},{\"@type\":\"ListItem\",\"position\":3,\"name\":\"WILSON BELA PRO V2.5\"}]},{\"@type\":\"WebSite\",\"@id\":\"https:\\\/\\\/15131.p.syniva.es\\\/en\\\/#website\",\"url\":\"https:\\\/\\\/15131.p.syniva.es\\\/en\\\/\",\"name\":\"Revolution Padel Store\",\"description\":\"\",\"publisher\":{\"@id\":\"https:\\\/\\\/15131.p.syniva.es\\\/en\\\/#organization\"},\"potentialAction\":[{\"@type\":\"SearchAction\",\"target\":{\"@type\":\"EntryPoint\",\"urlTemplate\":\"https:\\\/\\\/15131.p.syniva.es\\\/en\\\/?s={search_term_string}\"},\"query-input\":{\"@type\":\"PropertyValueSpecification\",\"valueRequired\":true,\"valueName\":\"search_term_string\"}}],\"inLanguage\":\"en-US\"},{\"@type\":\"Organization\",\"@id\":\"https:\\\/\\\/15131.p.syniva.es\\\/en\\\/#organization\",\"name\":\"Revolution Padel Store\",\"url\":\"https:\\\/\\\/15131.p.syniva.es\\\/en\\\/\",\"logo\":{\"@type\":\"ImageObject\",\"inLanguage\":\"en-US\",\"@id\":\"https:\\\/\\\/15131.p.syniva.es\\\/en\\\/#\\\/schema\\\/logo\\\/image\\\/\",\"url\":\"https:\\\/\\\/15131.p.syniva.es\\\/wp-content\\\/uploads\\\/2026\\\/02\\\/revolution-padel-store.jpg\",\"contentUrl\":\"https:\\\/\\\/15131.p.syniva.es\\\/wp-content\\\/uploads\\\/2026\\\/02\\\/revolution-padel-store.jpg\",\"width\":2000,\"height\":2000,\"caption\":\"Revolution Padel Store\"},\"image\":{\"@id\":\"https:\\\/\\\/15131.p.syniva.es\\\/en\\\/#\\\/schema\\\/logo\\\/image\\\/\"},\"sameAs\":[\"https:\\\/\\\/www.instagram.com\\\/revolutionpadelstore\\\/\"]}]}<\/script>\n<!-- \/ Yoast SEO plugin. -->","yoast_head_json":{"title":"WILSON BELA PRO V2.5 - Revolution Padel Store","description":"Pala Wilson Bela Pro V2.5 en formato l\u00e1grima para jugadores de nivel avanzado. En su interior cuenta con una espuma EVA capaz de proporcionar potencia y excelente capacidad de respuesta. La textura Spin Effect genera un spin consistente, mientras que el patr\u00f3n de agujeros cuidadosamente dise\u00f1ado mantiene una respuesta uniforme en toda la cara. Integra carbono premium en el marco para ofrecer una combinaci\u00f3n de gran potencia y una r\u00e1pida capacidad de respuesta, lo que aumenta la propulsi\u00f3n de la cara de la pala.","robots":{"index":"index","follow":"follow","max-snippet":"max-snippet:-1","max-image-preview":"max-image-preview:large","max-video-preview":"max-video-preview:-1"},"canonical":"https:\/\/15131.p.syniva.es\/en\/wilson-bela-pro-v2-5\/","og_locale":"en_US","og_type":"article","og_title":"COMPRAR WILSON BELA PRO V2.5","og_description":"Pala Wilson Bela Pro V2.5 en formato l\u00e1grima para jugadores de nivel avanzado. En su interior cuenta con una espuma EVA capaz de proporcionar potencia y excelente capacidad de respuesta. La textura Spin Effect genera un spin consistente, mientras que el patr\u00f3n de agujeros cuidadosamente dise\u00f1ado mantiene una respuesta uniforme en toda la cara. Integra carbono premium en el marco para ofrecer una combinaci\u00f3n de gran potencia y una r\u00e1pida capacidad de respuesta, lo que aumenta la propulsi\u00f3n de la cara de la pala.","og_url":"https:\/\/15131.p.syniva.es\/en\/wilson-bela-pro-v2-5\/","og_site_name":"Revolution Padel Store","article_modified_time":"2026-04-08T12:26:25+00:00","og_image":[{"width":800,"height":800,"url":"https:\/\/15131.p.syniva.es\/wp-content\/uploads\/2024\/04\/pala-wilson-bela-pro-v2-5-1-800x800-1.jpg","type":"image\/jpeg"}],"twitter_card":"summary_large_image","twitter_misc":{"Est. reading time":"2 minutes"},"schema":{"@context":"https:\/\/schema.org","@graph":[{"@type":"WebPage","@id":"https:\/\/15131.p.syniva.es\/en\/wilson-bela-pro-v2-5\/","url":"https:\/\/15131.p.syniva.es\/en\/wilson-bela-pro-v2-5\/","name":"WILSON BELA PRO V2.5 - Revolution Padel Store","isPartOf":{"@id":"https:\/\/15131.p.syniva.es\/en\/#website"},"primaryImageOfPage":{"@id":"https:\/\/15131.p.syniva.es\/en\/wilson-bela-pro-v2-5\/#primaryimage"},"image":{"@id":"https:\/\/15131.p.syniva.es\/en\/wilson-bela-pro-v2-5\/#primaryimage"},"thumbnailUrl":"https:\/\/15131.p.syniva.es\/wp-content\/uploads\/2024\/04\/pala-wilson-bela-pro-v2-5-1-800x800-1.jpg","datePublished":"2024-04-10T06:44:59+00:00","dateModified":"2026-04-08T12:26:25+00:00","description":"Pala Wilson Bela Pro V2.5 en formato l\u00e1grima para jugadores de nivel avanzado. En su interior cuenta con una espuma EVA capaz de proporcionar potencia y excelente capacidad de respuesta. La textura Spin Effect genera un spin consistente, mientras que el patr\u00f3n de agujeros cuidadosamente dise\u00f1ado mantiene una respuesta uniforme en toda la cara. Integra carbono premium en el marco para ofrecer una combinaci\u00f3n de gran potencia y una r\u00e1pida capacidad de respuesta, lo que aumenta la propulsi\u00f3n de la cara de la pala.","breadcrumb":{"@id":"https:\/\/15131.p.syniva.es\/en\/wilson-bela-pro-v2-5\/#breadcrumb"},"inLanguage":"en-US","potentialAction":[{"@type":"ReadAction","target":["https:\/\/15131.p.syniva.es\/en\/wilson-bela-pro-v2-5\/"]}]},{"@type":"ImageObject","inLanguage":"en-US","@id":"https:\/\/15131.p.syniva.es\/en\/wilson-bela-pro-v2-5\/#primaryimage","url":"https:\/\/15131.p.syniva.es\/wp-content\/uploads\/2024\/04\/pala-wilson-bela-pro-v2-5-1-800x800-1.jpg","contentUrl":"https:\/\/15131.p.syniva.es\/wp-content\/uploads\/2024\/04\/pala-wilson-bela-pro-v2-5-1-800x800-1.jpg","width":800,"height":800},{"@type":"BreadcrumbList","@id":"https:\/\/15131.p.syniva.es\/en\/wilson-bela-pro-v2-5\/#breadcrumb","itemListElement":[{"@type":"ListItem","position":1,"name":"Portada","item":"https:\/\/15131.p.syniva.es\/en\/"},{"@type":"ListItem","position":2,"name":"Shop","item":"https:\/\/15131.p.syniva.es\/en\/shop\/"},{"@type":"ListItem","position":3,"name":"WILSON BELA PRO V2.5"}]},{"@type":"WebSite","@id":"https:\/\/15131.p.syniva.es\/en\/#website","url":"https:\/\/15131.p.syniva.es\/en\/","name":"Revolution Padel Store","description":"","publisher":{"@id":"https:\/\/15131.p.syniva.es\/en\/#organization"},"potentialAction":[{"@type":"SearchAction","target":{"@type":"EntryPoint","urlTemplate":"https:\/\/15131.p.syniva.es\/en\/?s={search_term_string}"},"query-input":{"@type":"PropertyValueSpecification","valueRequired":true,"valueName":"search_term_string"}}],"inLanguage":"en-US"},{"@type":"Organization","@id":"https:\/\/15131.p.syniva.es\/en\/#organization","name":"Revolution Padel Store","url":"https:\/\/15131.p.syniva.es\/en\/","logo":{"@type":"ImageObject","inLanguage":"en-US","@id":"https:\/\/15131.p.syniva.es\/en\/#\/schema\/logo\/image\/","url":"https:\/\/15131.p.syniva.es\/wp-content\/uploads\/2026\/02\/revolution-padel-store.jpg","contentUrl":"https:\/\/15131.p.syniva.es\/wp-content\/uploads\/2026\/02\/revolution-padel-store.jpg","width":2000,"height":2000,"caption":"Revolution Padel Store"},"image":{"@id":"https:\/\/15131.p.syniva.es\/en\/#\/schema\/logo\/image\/"},"sameAs":["https:\/\/www.instagram.com\/revolutionpadelstore\/"]}]}},"_links":{"self":[{"href":"https:\/\/15131.p.syniva.es\/en\/wp-json\/wp\/v2\/product\/19721","targetHints":{"allow":["GET"]}}],"collection":[{"href":"https:\/\/15131.p.syniva.es\/en\/wp-json\/wp\/v2\/product"}],"about":[{"href":"https:\/\/15131.p.syniva.es\/en\/wp-json\/wp\/v2\/types\/product"}],"replies":[{"embeddable":true,"href":"https:\/\/15131.p.syniva.es\/en\/wp-json\/wp\/v2\/comments?post=19721"}],"wp:featuredmedia":[{"embeddable":true,"href":"https:\/\/15131.p.syniva.es\/en\/wp-json\/wp\/v2\/media\/4256"}],"wp:attachment":[{"href":"https:\/\/15131.p.syniva.es\/en\/wp-json\/wp\/v2\/media?parent=19721"}],"wp:term":[{"taxonomy":"acabado","embeddable":true,"href":"https:\/\/15131.p.syniva.es\/en\/wp-json\/wp\/v2\/acabado?post=19721"},{"taxonomy":"balance","embeddable":true,"href":"https:\/\/15131.p.syniva.es\/en\/wp-json\/wp\/v2\/balance?post=19721"},{"taxonomy":"dureza","embeddable":true,"href":"https:\/\/15131.p.syniva.es\/en\/wp-json\/wp\/v2\/dureza?post=19721"},{"taxonomy":"forma","embeddable":true,"href":"https:\/\/15131.p.syniva.es\/en\/wp-json\/wp\/v2\/forma?post=19721"},{"taxonomy":"jugador","embeddable":true,"href":"https:\/\/15131.p.syniva.es\/en\/wp-json\/wp\/v2\/jugador?post=19721"},{"taxonomy":"marca","embeddable":true,"href":"https:\/\/15131.p.syniva.es\/en\/wp-json\/wp\/v2\/marca?post=19721"},{"taxonomy":"nivel-de-juego","embeddable":true,"href":"https:\/\/15131.p.syniva.es\/en\/wp-json\/wp\/v2\/nivel-de-juego?post=19721"},{"taxonomy":"superficie","embeddable":true,"href":"https:\/\/15131.p.syniva.es\/en\/wp-json\/wp\/v2\/superficie?post=19721"},{"taxonomy":"tipo-de-juego","embeddable":true,"href":"https:\/\/15131.p.syniva.es\/en\/wp-json\/wp\/v2\/tipo-de-juego?post=19721"},{"taxonomy":"product_brand","embeddable":true,"href":"https:\/\/15131.p.syniva.es\/en\/wp-json\/wp\/v2\/product_brand?post=19721"},{"taxonomy":"product_cat","embeddable":true,"href":"https:\/\/15131.p.syniva.es\/en\/wp-json\/wp\/v2\/product_cat?post=19721"},{"taxonomy":"product_tag","embeddable":true,"href":"https:\/\/15131.p.syniva.es\/en\/wp-json\/wp\/v2\/product_tag?post=19721"}],"curies":[{"name":"wp","href":"https:\/\/api.w.org\/{rel}","templated":true}]}}