{"id":19776,"date":"2024-04-08T22:55:02","date_gmt":"2024-04-08T20:55:02","guid":{"rendered":"https:\/\/15131.p.syniva.es\/harlem-padel-corex-2024\/"},"modified":"2026-04-08T14:35:53","modified_gmt":"2026-04-08T12:35:53","slug":"harlem-padel-corex-2","status":"publish","type":"product","link":"https:\/\/15131.p.syniva.es\/en\/harlem-padel-corex-2\/","title":{"rendered":"HARLEM PADEL COREX"},"content":{"rendered":"<p>The COREX 2024 model by Harlem P\u00e1del is a high-performance racket that has been designed for players who have an advanced or professional level, with correct technique. It has a weight between 355 and 375 grams.<\/p>\n<p>It has a <strong>diamond shape<\/strong> with a <strong>medium\/high balance<\/strong> and a high sweet spot towards the top of the blade. These characteristics translate on the court into extreme power in offensive shots such as finishing, since a leverage effect is generated that manages to exert excellent power.<\/p>\n<p>Inside the body of the racket is the rubber material <strong>BLACK EVA High Memory laminate<\/strong>. It is a multi-layer rubber of medium-high density that increases the power of the hits made with a speed higher than most rackets on the market without sacrificing excellent control in each of the hits.<\/p>\n<p>The tubular frame is made of <strong>100% reinforced carbon <\/strong>, in addition to having <strong> Tubular Frame technology<\/strong> to guarantee great durability and a lot of resistance against the typical wear and tear of the bikes. advanced levels and stress and torque during more aggressive matches.<\/p>\n<p>On the outside we find state-of-the-art 18K Carbon fiber that achieves lower weight, more rigidity and more resistance. In addition, the <strong>3D rough<\/strong> finish ensures that the ball grips better to the faces of the racket and makes it spin with more spin.<\/p>\n<p>The finish of the blade incorporates in both planes the stylized &#8220;H&#8221; typical of Harlem with a very large size in chrome and shiny colors, giving the blade extreme elegance.<\/p>\n<p>In the 2024 collection, one of the many new features that Harlem Padel incorporates is the incorporation of the <strong>rope in the bracelet-shaped cuff<\/strong> 100% in top quality polyester with the brand logo embroidered.<\/p>\n<p>Without a doubt, we are facing <strong>the jewel in the crown<\/strong> of the brand, being one of the best rackets in relation to quality, price and performance on the market<\/p>\n","protected":false},"excerpt":{"rendered":"<p>The Harlem Corex 2024 padel racket is made up of materials and technologies that allow you to combine power with control. Its semi-soft core cushions vibrations as much as possible.<\/p>\n","protected":false},"featured_media":161832,"comment_status":"open","ping_status":"closed","template":"","meta":{"_acf_changed":false,"_joinchat":[]},"acabado":[1083,1118,1093],"balance":[1138,1143],"dureza":[1158],"forma":[1173],"jugador":[1193,1203],"marca":[1238],"nivel-de-juego":[1348],"superficie":[1363],"tipo-de-juego":[1388],"product_brand":[],"product_cat":[303],"product_tag":[],"class_list":{"0":"post-19776","1":"product","2":"type-product","3":"status-publish","4":"has-post-thumbnail","6":"acabado-brightness","7":"acabado-carbon","8":"acabado-relieve-3d-en","9":"balance-alto-en","10":"balance-medium","11":"dureza-media-en","12":"forma-diamante-en","13":"jugador-hombre-en","14":"jugador-multipurpose","15":"marca-harlem-padel-en","16":"superficie-rugosa-en","17":"tipo-de-juego-multipurpose","18":"product_cat-palas","20":"first","21":"onbackorder","22":"sale","23":"taxable","24":"shipping-taxable","25":"purchasable","26":"product-type-simple"},"acf":[],"yoast_head":"<!-- This site is optimized with the Yoast SEO plugin v27.3 - https:\/\/yoast.com\/product\/yoast-seo-wordpress\/ -->\n<title>HARLEM PADEL COREX - Revolution Padel Store<\/title>\n<meta name=\"description\" content=\"COREX 2024\u00a0de Harlem P\u00e1del es una pala de alto rendimiento que ha sido dise\u00f1ada para jugadores\/as\u00a0 que tengan un nivel avanzado o profesional, con una\u00a0 t\u00e9cnica correcta. Tiene un peso comprendido entre los 355 y los 375 gramos.BIONIC 2024, combina en partes iguales el control y la potencia. El marco tubular se compone de carbono al 100 % para garantizar una gran durabilidad y excelente resistencia frente al uso desgastante t\u00edpico del juego.Los planos est\u00e1n compuestos por fibra de Carbono 12K de \u00falti\" \/>\n<meta name=\"robots\" content=\"index, follow, max-snippet:-1, max-image-preview:large, max-video-preview:-1\" \/>\n<link rel=\"canonical\" href=\"https:\/\/15131.p.syniva.es\/en\/harlem-padel-corex-2\/\" \/>\n<meta property=\"og:locale\" content=\"en_US\" \/>\n<meta property=\"og:type\" content=\"article\" \/>\n<meta property=\"og:title\" content=\"HARLEM PADEL COREX\" \/>\n<meta property=\"og:description\" content=\"La\u00a0pala de p\u00e1del Harlem Corex 2024 se compone de materiales y tecnolog\u00edas que permiten combinar la potencia con el control. Su n\u00facleo semiblando amortigua al m\u00e1ximo las vibraciones.\" \/>\n<meta property=\"og:url\" content=\"https:\/\/15131.p.syniva.es\/en\/harlem-padel-corex-2\/\" \/>\n<meta property=\"og:site_name\" content=\"Revolution Padel Store\" \/>\n<meta property=\"article:modified_time\" content=\"2026-04-08T12:35:53+00:00\" \/>\n<meta property=\"og:image\" content=\"https:\/\/15131.p.syniva.es\/wp-content\/uploads\/2024\/04\/COREX_1.jpg\" \/>\n\t<meta property=\"og:image:width\" content=\"800\" \/>\n\t<meta property=\"og:image:height\" content=\"800\" \/>\n\t<meta property=\"og:image:type\" content=\"image\/jpeg\" \/>\n<meta name=\"twitter:card\" content=\"summary_large_image\" \/>\n<meta name=\"twitter:label1\" content=\"Est. reading time\" \/>\n\t<meta name=\"twitter:data1\" content=\"2 minutes\" \/>\n<script type=\"application\/ld+json\" class=\"yoast-schema-graph\">{\"@context\":\"https:\\\/\\\/schema.org\",\"@graph\":[{\"@type\":\"WebPage\",\"@id\":\"https:\\\/\\\/15131.p.syniva.es\\\/en\\\/harlem-padel-corex-2\\\/\",\"url\":\"https:\\\/\\\/15131.p.syniva.es\\\/en\\\/harlem-padel-corex-2\\\/\",\"name\":\"HARLEM PADEL COREX - Revolution Padel Store\",\"isPartOf\":{\"@id\":\"https:\\\/\\\/15131.p.syniva.es\\\/en\\\/#website\"},\"primaryImageOfPage\":{\"@id\":\"https:\\\/\\\/15131.p.syniva.es\\\/en\\\/harlem-padel-corex-2\\\/#primaryimage\"},\"image\":{\"@id\":\"https:\\\/\\\/15131.p.syniva.es\\\/en\\\/harlem-padel-corex-2\\\/#primaryimage\"},\"thumbnailUrl\":\"https:\\\/\\\/15131.p.syniva.es\\\/wp-content\\\/uploads\\\/2024\\\/04\\\/80.png\",\"datePublished\":\"2024-04-08T20:55:02+00:00\",\"dateModified\":\"2026-04-08T12:35:53+00:00\",\"description\":\"COREX 2024\u00a0de Harlem P\u00e1del es una pala de alto rendimiento que ha sido dise\u00f1ada para jugadores\\\/as\u00a0 que tengan un nivel avanzado o profesional, con una\u00a0 t\u00e9cnica correcta. Tiene un peso comprendido entre los 355 y los 375 gramos.BIONIC 2024, combina en partes iguales el control y la potencia. El marco tubular se compone de carbono al 100 % para garantizar una gran durabilidad y excelente resistencia frente al uso desgastante t\u00edpico del juego.Los planos est\u00e1n compuestos por fibra de Carbono 12K de \u00falti\",\"breadcrumb\":{\"@id\":\"https:\\\/\\\/15131.p.syniva.es\\\/en\\\/harlem-padel-corex-2\\\/#breadcrumb\"},\"inLanguage\":\"en-US\",\"potentialAction\":[{\"@type\":\"ReadAction\",\"target\":[\"https:\\\/\\\/15131.p.syniva.es\\\/en\\\/harlem-padel-corex-2\\\/\"]}]},{\"@type\":\"ImageObject\",\"inLanguage\":\"en-US\",\"@id\":\"https:\\\/\\\/15131.p.syniva.es\\\/en\\\/harlem-padel-corex-2\\\/#primaryimage\",\"url\":\"https:\\\/\\\/15131.p.syniva.es\\\/wp-content\\\/uploads\\\/2024\\\/04\\\/80.png\",\"contentUrl\":\"https:\\\/\\\/15131.p.syniva.es\\\/wp-content\\\/uploads\\\/2024\\\/04\\\/80.png\",\"width\":1500,\"height\":1500},{\"@type\":\"BreadcrumbList\",\"@id\":\"https:\\\/\\\/15131.p.syniva.es\\\/en\\\/harlem-padel-corex-2\\\/#breadcrumb\",\"itemListElement\":[{\"@type\":\"ListItem\",\"position\":1,\"name\":\"Portada\",\"item\":\"https:\\\/\\\/15131.p.syniva.es\\\/en\\\/\"},{\"@type\":\"ListItem\",\"position\":2,\"name\":\"Shop\",\"item\":\"https:\\\/\\\/15131.p.syniva.es\\\/en\\\/shop\\\/\"},{\"@type\":\"ListItem\",\"position\":3,\"name\":\"HARLEM PADEL COREX\"}]},{\"@type\":\"WebSite\",\"@id\":\"https:\\\/\\\/15131.p.syniva.es\\\/en\\\/#website\",\"url\":\"https:\\\/\\\/15131.p.syniva.es\\\/en\\\/\",\"name\":\"Revolution Padel Store\",\"description\":\"\",\"publisher\":{\"@id\":\"https:\\\/\\\/15131.p.syniva.es\\\/en\\\/#organization\"},\"potentialAction\":[{\"@type\":\"SearchAction\",\"target\":{\"@type\":\"EntryPoint\",\"urlTemplate\":\"https:\\\/\\\/15131.p.syniva.es\\\/en\\\/?s={search_term_string}\"},\"query-input\":{\"@type\":\"PropertyValueSpecification\",\"valueRequired\":true,\"valueName\":\"search_term_string\"}}],\"inLanguage\":\"en-US\"},{\"@type\":\"Organization\",\"@id\":\"https:\\\/\\\/15131.p.syniva.es\\\/en\\\/#organization\",\"name\":\"Revolution Padel Store\",\"url\":\"https:\\\/\\\/15131.p.syniva.es\\\/en\\\/\",\"logo\":{\"@type\":\"ImageObject\",\"inLanguage\":\"en-US\",\"@id\":\"https:\\\/\\\/15131.p.syniva.es\\\/en\\\/#\\\/schema\\\/logo\\\/image\\\/\",\"url\":\"https:\\\/\\\/15131.p.syniva.es\\\/wp-content\\\/uploads\\\/2026\\\/02\\\/revolution-padel-store.jpg\",\"contentUrl\":\"https:\\\/\\\/15131.p.syniva.es\\\/wp-content\\\/uploads\\\/2026\\\/02\\\/revolution-padel-store.jpg\",\"width\":2000,\"height\":2000,\"caption\":\"Revolution Padel Store\"},\"image\":{\"@id\":\"https:\\\/\\\/15131.p.syniva.es\\\/en\\\/#\\\/schema\\\/logo\\\/image\\\/\"},\"sameAs\":[\"https:\\\/\\\/www.instagram.com\\\/revolutionpadelstore\\\/\"]}]}<\/script>\n<!-- \/ Yoast SEO plugin. -->","yoast_head_json":{"title":"HARLEM PADEL COREX - Revolution Padel Store","description":"COREX 2024\u00a0de Harlem P\u00e1del es una pala de alto rendimiento que ha sido dise\u00f1ada para jugadores\/as\u00a0 que tengan un nivel avanzado o profesional, con una\u00a0 t\u00e9cnica correcta. Tiene un peso comprendido entre los 355 y los 375 gramos.BIONIC 2024, combina en partes iguales el control y la potencia. El marco tubular se compone de carbono al 100 % para garantizar una gran durabilidad y excelente resistencia frente al uso desgastante t\u00edpico del juego.Los planos est\u00e1n compuestos por fibra de Carbono 12K de \u00falti","robots":{"index":"index","follow":"follow","max-snippet":"max-snippet:-1","max-image-preview":"max-image-preview:large","max-video-preview":"max-video-preview:-1"},"canonical":"https:\/\/15131.p.syniva.es\/en\/harlem-padel-corex-2\/","og_locale":"en_US","og_type":"article","og_title":"HARLEM PADEL COREX","og_description":"La\u00a0pala de p\u00e1del Harlem Corex 2024 se compone de materiales y tecnolog\u00edas que permiten combinar la potencia con el control. Su n\u00facleo semiblando amortigua al m\u00e1ximo las vibraciones.","og_url":"https:\/\/15131.p.syniva.es\/en\/harlem-padel-corex-2\/","og_site_name":"Revolution Padel Store","article_modified_time":"2026-04-08T12:35:53+00:00","og_image":[{"width":800,"height":800,"url":"https:\/\/15131.p.syniva.es\/wp-content\/uploads\/2024\/04\/COREX_1.jpg","type":"image\/jpeg"}],"twitter_card":"summary_large_image","twitter_misc":{"Est. reading time":"2 minutes"},"schema":{"@context":"https:\/\/schema.org","@graph":[{"@type":"WebPage","@id":"https:\/\/15131.p.syniva.es\/en\/harlem-padel-corex-2\/","url":"https:\/\/15131.p.syniva.es\/en\/harlem-padel-corex-2\/","name":"HARLEM PADEL COREX - Revolution Padel Store","isPartOf":{"@id":"https:\/\/15131.p.syniva.es\/en\/#website"},"primaryImageOfPage":{"@id":"https:\/\/15131.p.syniva.es\/en\/harlem-padel-corex-2\/#primaryimage"},"image":{"@id":"https:\/\/15131.p.syniva.es\/en\/harlem-padel-corex-2\/#primaryimage"},"thumbnailUrl":"https:\/\/15131.p.syniva.es\/wp-content\/uploads\/2024\/04\/80.png","datePublished":"2024-04-08T20:55:02+00:00","dateModified":"2026-04-08T12:35:53+00:00","description":"COREX 2024\u00a0de Harlem P\u00e1del es una pala de alto rendimiento que ha sido dise\u00f1ada para jugadores\/as\u00a0 que tengan un nivel avanzado o profesional, con una\u00a0 t\u00e9cnica correcta. Tiene un peso comprendido entre los 355 y los 375 gramos.BIONIC 2024, combina en partes iguales el control y la potencia. El marco tubular se compone de carbono al 100 % para garantizar una gran durabilidad y excelente resistencia frente al uso desgastante t\u00edpico del juego.Los planos est\u00e1n compuestos por fibra de Carbono 12K de \u00falti","breadcrumb":{"@id":"https:\/\/15131.p.syniva.es\/en\/harlem-padel-corex-2\/#breadcrumb"},"inLanguage":"en-US","potentialAction":[{"@type":"ReadAction","target":["https:\/\/15131.p.syniva.es\/en\/harlem-padel-corex-2\/"]}]},{"@type":"ImageObject","inLanguage":"en-US","@id":"https:\/\/15131.p.syniva.es\/en\/harlem-padel-corex-2\/#primaryimage","url":"https:\/\/15131.p.syniva.es\/wp-content\/uploads\/2024\/04\/80.png","contentUrl":"https:\/\/15131.p.syniva.es\/wp-content\/uploads\/2024\/04\/80.png","width":1500,"height":1500},{"@type":"BreadcrumbList","@id":"https:\/\/15131.p.syniva.es\/en\/harlem-padel-corex-2\/#breadcrumb","itemListElement":[{"@type":"ListItem","position":1,"name":"Portada","item":"https:\/\/15131.p.syniva.es\/en\/"},{"@type":"ListItem","position":2,"name":"Shop","item":"https:\/\/15131.p.syniva.es\/en\/shop\/"},{"@type":"ListItem","position":3,"name":"HARLEM PADEL COREX"}]},{"@type":"WebSite","@id":"https:\/\/15131.p.syniva.es\/en\/#website","url":"https:\/\/15131.p.syniva.es\/en\/","name":"Revolution Padel Store","description":"","publisher":{"@id":"https:\/\/15131.p.syniva.es\/en\/#organization"},"potentialAction":[{"@type":"SearchAction","target":{"@type":"EntryPoint","urlTemplate":"https:\/\/15131.p.syniva.es\/en\/?s={search_term_string}"},"query-input":{"@type":"PropertyValueSpecification","valueRequired":true,"valueName":"search_term_string"}}],"inLanguage":"en-US"},{"@type":"Organization","@id":"https:\/\/15131.p.syniva.es\/en\/#organization","name":"Revolution Padel Store","url":"https:\/\/15131.p.syniva.es\/en\/","logo":{"@type":"ImageObject","inLanguage":"en-US","@id":"https:\/\/15131.p.syniva.es\/en\/#\/schema\/logo\/image\/","url":"https:\/\/15131.p.syniva.es\/wp-content\/uploads\/2026\/02\/revolution-padel-store.jpg","contentUrl":"https:\/\/15131.p.syniva.es\/wp-content\/uploads\/2026\/02\/revolution-padel-store.jpg","width":2000,"height":2000,"caption":"Revolution Padel Store"},"image":{"@id":"https:\/\/15131.p.syniva.es\/en\/#\/schema\/logo\/image\/"},"sameAs":["https:\/\/www.instagram.com\/revolutionpadelstore\/"]}]}},"_links":{"self":[{"href":"https:\/\/15131.p.syniva.es\/en\/wp-json\/wp\/v2\/product\/19776","targetHints":{"allow":["GET"]}}],"collection":[{"href":"https:\/\/15131.p.syniva.es\/en\/wp-json\/wp\/v2\/product"}],"about":[{"href":"https:\/\/15131.p.syniva.es\/en\/wp-json\/wp\/v2\/types\/product"}],"replies":[{"embeddable":true,"href":"https:\/\/15131.p.syniva.es\/en\/wp-json\/wp\/v2\/comments?post=19776"}],"wp:featuredmedia":[{"embeddable":true,"href":"https:\/\/15131.p.syniva.es\/en\/wp-json\/wp\/v2\/media\/161832"}],"wp:attachment":[{"href":"https:\/\/15131.p.syniva.es\/en\/wp-json\/wp\/v2\/media?parent=19776"}],"wp:term":[{"taxonomy":"acabado","embeddable":true,"href":"https:\/\/15131.p.syniva.es\/en\/wp-json\/wp\/v2\/acabado?post=19776"},{"taxonomy":"balance","embeddable":true,"href":"https:\/\/15131.p.syniva.es\/en\/wp-json\/wp\/v2\/balance?post=19776"},{"taxonomy":"dureza","embeddable":true,"href":"https:\/\/15131.p.syniva.es\/en\/wp-json\/wp\/v2\/dureza?post=19776"},{"taxonomy":"forma","embeddable":true,"href":"https:\/\/15131.p.syniva.es\/en\/wp-json\/wp\/v2\/forma?post=19776"},{"taxonomy":"jugador","embeddable":true,"href":"https:\/\/15131.p.syniva.es\/en\/wp-json\/wp\/v2\/jugador?post=19776"},{"taxonomy":"marca","embeddable":true,"href":"https:\/\/15131.p.syniva.es\/en\/wp-json\/wp\/v2\/marca?post=19776"},{"taxonomy":"nivel-de-juego","embeddable":true,"href":"https:\/\/15131.p.syniva.es\/en\/wp-json\/wp\/v2\/nivel-de-juego?post=19776"},{"taxonomy":"superficie","embeddable":true,"href":"https:\/\/15131.p.syniva.es\/en\/wp-json\/wp\/v2\/superficie?post=19776"},{"taxonomy":"tipo-de-juego","embeddable":true,"href":"https:\/\/15131.p.syniva.es\/en\/wp-json\/wp\/v2\/tipo-de-juego?post=19776"},{"taxonomy":"product_brand","embeddable":true,"href":"https:\/\/15131.p.syniva.es\/en\/wp-json\/wp\/v2\/product_brand?post=19776"},{"taxonomy":"product_cat","embeddable":true,"href":"https:\/\/15131.p.syniva.es\/en\/wp-json\/wp\/v2\/product_cat?post=19776"},{"taxonomy":"product_tag","embeddable":true,"href":"https:\/\/15131.p.syniva.es\/en\/wp-json\/wp\/v2\/product_tag?post=19776"}],"curies":[{"name":"wp","href":"https:\/\/api.w.org\/{rel}","templated":true}]}}