{"id":20291,"date":"2024-03-21T14:46:43","date_gmt":"2024-03-21T13:46:43","guid":{"rendered":"https:\/\/15131.p.syniva.es\/rs-pro-edition-power\/"},"modified":"2026-04-08T14:54:03","modified_gmt":"2026-04-08T12:54:03","slug":"rs-pro-edition-power-2","status":"publish","type":"product","link":"https:\/\/15131.p.syniva.es\/en\/rs-pro-edition-power-2\/","title":{"rendered":"RS PRO EDITION POWER"},"content":{"rendered":"<p><strong>RS PADEL PRO EDITION POWER, DURABILITY<\/strong><\/p>\n<p>Meet the new Rs Padel Pro Edition Power racket that has arrived to be part of your most important training sessions and padel matches.<\/p>\n<p>Designed in the shape of a teardrop with a carbon fiber frame and an Eva rubber core that will give you durability and effectiveness. \/strong&gt;<\/p>\n<p>With new technology that will dampen vibrations, offering you comfort and flexibility in every movement.<strong>RS PADEL PRO EDITION POWER, DURABILIDAD<\/strong><\/p>\n","protected":false},"excerpt":{"rendered":"<p>RS PADEL PRO EDITION POWER, DURABILITY Meet the new Rs Padel Pro Edition Power racket that has arrived to be part of your most important training sessions and padel matches. Designed in the shape of a teardrop with a carbon fiber frame and an Eva rubber core that will give you durability and effectiveness. \/strong&gt; [&hellip;]<\/p>\n","protected":false},"featured_media":3014,"comment_status":"open","ping_status":"closed","template":"","meta":{"_acf_changed":false,"_joinchat":[]},"acabado":[1083],"balance":[1138],"dureza":[1158],"forma":[1188],"jugador":[1193,1203],"marca":[1313],"nivel-de-juego":[1338],"superficie":[1363],"tipo-de-juego":[1378],"product_brand":[],"product_cat":[303],"product_tag":[],"class_list":{"0":"post-20291","1":"product","2":"type-product","3":"status-publish","4":"has-post-thumbnail","6":"acabado-brightness","7":"balance-alto-en","8":"dureza-media-en","9":"forma-lagrima-en","10":"jugador-hombre-en","11":"jugador-multipurpose","12":"marca-rs-padel-en","13":"superficie-rugosa-en","14":"tipo-de-juego-potencia-en","15":"product_cat-palas","17":"first","18":"onbackorder","19":"taxable","20":"shipping-taxable","21":"purchasable","22":"product-type-simple"},"acf":[],"yoast_head":"<!-- This site is optimized with the Yoast SEO plugin v27.4 - https:\/\/yoast.com\/product\/yoast-seo-wordpress\/ -->\n<title>RS PRO EDITION POWER - Revolution Padel Store<\/title>\n<meta name=\"description\" content=\"RS PADEL PRO EDITION POWER, DURABILIDAD. Conoce la nueva pala Rs Padel Pro Edition Power que ha llegado para formar parte de tus entrenamientos y partidos de padel mas importantes. Dise\u00f1ada en forma de lagrima con un marco de fibra de carbono y un n\u00facleo de goma Eva que te brindar\u00e1 durabilidad y eficacia. Con nueva tecnolog\u00eda que amortiguar\u00e1 las vibraciones, ofreciendote comodidad y flexibilidad en cada movimiento.\" \/>\n<meta name=\"robots\" content=\"index, follow, max-snippet:-1, max-image-preview:large, max-video-preview:-1\" \/>\n<link rel=\"canonical\" href=\"https:\/\/15131.p.syniva.es\/en\/rs-pro-edition-power-2\/\" \/>\n<meta property=\"og:locale\" content=\"en_US\" \/>\n<meta property=\"og:type\" content=\"article\" \/>\n<meta property=\"og:title\" content=\"RS PRO EDITION POWER - Revolution Padel Store\" \/>\n<meta property=\"og:description\" content=\"RS PADEL PRO EDITION POWER, DURABILIDAD. Conoce la nueva pala Rs Padel Pro Edition Power que ha llegado para formar parte de tus entrenamientos y partidos de padel mas importantes. Dise\u00f1ada en forma de lagrima con un marco de fibra de carbono y un n\u00facleo de goma Eva que te brindar\u00e1 durabilidad y eficacia. Con nueva tecnolog\u00eda que amortiguar\u00e1 las vibraciones, ofreciendote comodidad y flexibilidad en cada movimiento.\" \/>\n<meta property=\"og:url\" content=\"https:\/\/15131.p.syniva.es\/en\/rs-pro-edition-power-2\/\" \/>\n<meta property=\"og:site_name\" content=\"Revolution Padel Store\" \/>\n<meta property=\"article:modified_time\" content=\"2026-04-08T12:54:03+00:00\" \/>\n<meta property=\"og:image\" content=\"https:\/\/15131.p.syniva.es\/wp-content\/uploads\/2024\/03\/imagen_1_31652_6c50ac14_ea5f.webp\" \/>\n\t<meta property=\"og:image:width\" content=\"1000\" \/>\n\t<meta property=\"og:image:height\" content=\"1000\" \/>\n\t<meta property=\"og:image:type\" content=\"image\/webp\" \/>\n<meta name=\"twitter:card\" content=\"summary_large_image\" \/>\n<meta name=\"twitter:label1\" content=\"Est. reading time\" \/>\n\t<meta name=\"twitter:data1\" content=\"1 minute\" \/>\n<script type=\"application\/ld+json\" class=\"yoast-schema-graph\">{\"@context\":\"https:\\\/\\\/schema.org\",\"@graph\":[{\"@type\":\"WebPage\",\"@id\":\"https:\\\/\\\/15131.p.syniva.es\\\/en\\\/rs-pro-edition-power-2\\\/\",\"url\":\"https:\\\/\\\/15131.p.syniva.es\\\/en\\\/rs-pro-edition-power-2\\\/\",\"name\":\"RS PRO EDITION POWER - Revolution Padel Store\",\"isPartOf\":{\"@id\":\"https:\\\/\\\/15131.p.syniva.es\\\/en\\\/#website\"},\"primaryImageOfPage\":{\"@id\":\"https:\\\/\\\/15131.p.syniva.es\\\/en\\\/rs-pro-edition-power-2\\\/#primaryimage\"},\"image\":{\"@id\":\"https:\\\/\\\/15131.p.syniva.es\\\/en\\\/rs-pro-edition-power-2\\\/#primaryimage\"},\"thumbnailUrl\":\"https:\\\/\\\/15131.p.syniva.es\\\/wp-content\\\/uploads\\\/2024\\\/03\\\/imagen_1_31652_6c50ac14_ea5f.webp\",\"datePublished\":\"2024-03-21T13:46:43+00:00\",\"dateModified\":\"2026-04-08T12:54:03+00:00\",\"description\":\"RS PADEL PRO EDITION POWER, DURABILIDAD. Conoce la nueva pala Rs Padel Pro Edition Power que ha llegado para formar parte de tus entrenamientos y partidos de padel mas importantes. Dise\u00f1ada en forma de lagrima con un marco de fibra de carbono y un n\u00facleo de goma Eva que te brindar\u00e1 durabilidad y eficacia. Con nueva tecnolog\u00eda que amortiguar\u00e1 las vibraciones, ofreciendote comodidad y flexibilidad en cada movimiento.\",\"breadcrumb\":{\"@id\":\"https:\\\/\\\/15131.p.syniva.es\\\/en\\\/rs-pro-edition-power-2\\\/#breadcrumb\"},\"inLanguage\":\"en-US\",\"potentialAction\":[{\"@type\":\"ReadAction\",\"target\":[\"https:\\\/\\\/15131.p.syniva.es\\\/en\\\/rs-pro-edition-power-2\\\/\"]}]},{\"@type\":\"ImageObject\",\"inLanguage\":\"en-US\",\"@id\":\"https:\\\/\\\/15131.p.syniva.es\\\/en\\\/rs-pro-edition-power-2\\\/#primaryimage\",\"url\":\"https:\\\/\\\/15131.p.syniva.es\\\/wp-content\\\/uploads\\\/2024\\\/03\\\/imagen_1_31652_6c50ac14_ea5f.webp\",\"contentUrl\":\"https:\\\/\\\/15131.p.syniva.es\\\/wp-content\\\/uploads\\\/2024\\\/03\\\/imagen_1_31652_6c50ac14_ea5f.webp\",\"width\":1000,\"height\":1000,\"caption\":\"RS PRO EDITION POWER\"},{\"@type\":\"BreadcrumbList\",\"@id\":\"https:\\\/\\\/15131.p.syniva.es\\\/en\\\/rs-pro-edition-power-2\\\/#breadcrumb\",\"itemListElement\":[{\"@type\":\"ListItem\",\"position\":1,\"name\":\"Portada\",\"item\":\"https:\\\/\\\/15131.p.syniva.es\\\/en\\\/\"},{\"@type\":\"ListItem\",\"position\":2,\"name\":\"Shop\",\"item\":\"https:\\\/\\\/15131.p.syniva.es\\\/en\\\/shop\\\/\"},{\"@type\":\"ListItem\",\"position\":3,\"name\":\"RS PRO EDITION POWER\"}]},{\"@type\":\"WebSite\",\"@id\":\"https:\\\/\\\/15131.p.syniva.es\\\/en\\\/#website\",\"url\":\"https:\\\/\\\/15131.p.syniva.es\\\/en\\\/\",\"name\":\"Revolution Padel Store\",\"description\":\"\",\"publisher\":{\"@id\":\"https:\\\/\\\/15131.p.syniva.es\\\/en\\\/#organization\"},\"potentialAction\":[{\"@type\":\"SearchAction\",\"target\":{\"@type\":\"EntryPoint\",\"urlTemplate\":\"https:\\\/\\\/15131.p.syniva.es\\\/en\\\/?s={search_term_string}\"},\"query-input\":{\"@type\":\"PropertyValueSpecification\",\"valueRequired\":true,\"valueName\":\"search_term_string\"}}],\"inLanguage\":\"en-US\"},{\"@type\":\"Organization\",\"@id\":\"https:\\\/\\\/15131.p.syniva.es\\\/en\\\/#organization\",\"name\":\"Revolution Padel Store\",\"url\":\"https:\\\/\\\/15131.p.syniva.es\\\/en\\\/\",\"logo\":{\"@type\":\"ImageObject\",\"inLanguage\":\"en-US\",\"@id\":\"https:\\\/\\\/15131.p.syniva.es\\\/en\\\/#\\\/schema\\\/logo\\\/image\\\/\",\"url\":\"https:\\\/\\\/15131.p.syniva.es\\\/wp-content\\\/uploads\\\/2026\\\/02\\\/revolution-padel-store.jpg\",\"contentUrl\":\"https:\\\/\\\/15131.p.syniva.es\\\/wp-content\\\/uploads\\\/2026\\\/02\\\/revolution-padel-store.jpg\",\"width\":2000,\"height\":2000,\"caption\":\"Revolution Padel Store\"},\"image\":{\"@id\":\"https:\\\/\\\/15131.p.syniva.es\\\/en\\\/#\\\/schema\\\/logo\\\/image\\\/\"},\"sameAs\":[\"https:\\\/\\\/www.instagram.com\\\/revolutionpadelstore\\\/\"]}]}<\/script>\n<!-- \/ Yoast SEO plugin. -->","yoast_head_json":{"title":"RS PRO EDITION POWER - Revolution Padel Store","description":"RS PADEL PRO EDITION POWER, DURABILIDAD. Conoce la nueva pala Rs Padel Pro Edition Power que ha llegado para formar parte de tus entrenamientos y partidos de padel mas importantes. Dise\u00f1ada en forma de lagrima con un marco de fibra de carbono y un n\u00facleo de goma Eva que te brindar\u00e1 durabilidad y eficacia. Con nueva tecnolog\u00eda que amortiguar\u00e1 las vibraciones, ofreciendote comodidad y flexibilidad en cada movimiento.","robots":{"index":"index","follow":"follow","max-snippet":"max-snippet:-1","max-image-preview":"max-image-preview:large","max-video-preview":"max-video-preview:-1"},"canonical":"https:\/\/15131.p.syniva.es\/en\/rs-pro-edition-power-2\/","og_locale":"en_US","og_type":"article","og_title":"RS PRO EDITION POWER - Revolution Padel Store","og_description":"RS PADEL PRO EDITION POWER, DURABILIDAD. Conoce la nueva pala Rs Padel Pro Edition Power que ha llegado para formar parte de tus entrenamientos y partidos de padel mas importantes. Dise\u00f1ada en forma de lagrima con un marco de fibra de carbono y un n\u00facleo de goma Eva que te brindar\u00e1 durabilidad y eficacia. Con nueva tecnolog\u00eda que amortiguar\u00e1 las vibraciones, ofreciendote comodidad y flexibilidad en cada movimiento.","og_url":"https:\/\/15131.p.syniva.es\/en\/rs-pro-edition-power-2\/","og_site_name":"Revolution Padel Store","article_modified_time":"2026-04-08T12:54:03+00:00","og_image":[{"width":1000,"height":1000,"url":"https:\/\/15131.p.syniva.es\/wp-content\/uploads\/2024\/03\/imagen_1_31652_6c50ac14_ea5f.webp","type":"image\/webp"}],"twitter_card":"summary_large_image","twitter_misc":{"Est. reading time":"1 minute"},"schema":{"@context":"https:\/\/schema.org","@graph":[{"@type":"WebPage","@id":"https:\/\/15131.p.syniva.es\/en\/rs-pro-edition-power-2\/","url":"https:\/\/15131.p.syniva.es\/en\/rs-pro-edition-power-2\/","name":"RS PRO EDITION POWER - Revolution Padel Store","isPartOf":{"@id":"https:\/\/15131.p.syniva.es\/en\/#website"},"primaryImageOfPage":{"@id":"https:\/\/15131.p.syniva.es\/en\/rs-pro-edition-power-2\/#primaryimage"},"image":{"@id":"https:\/\/15131.p.syniva.es\/en\/rs-pro-edition-power-2\/#primaryimage"},"thumbnailUrl":"https:\/\/15131.p.syniva.es\/wp-content\/uploads\/2024\/03\/imagen_1_31652_6c50ac14_ea5f.webp","datePublished":"2024-03-21T13:46:43+00:00","dateModified":"2026-04-08T12:54:03+00:00","description":"RS PADEL PRO EDITION POWER, DURABILIDAD. Conoce la nueva pala Rs Padel Pro Edition Power que ha llegado para formar parte de tus entrenamientos y partidos de padel mas importantes. Dise\u00f1ada en forma de lagrima con un marco de fibra de carbono y un n\u00facleo de goma Eva que te brindar\u00e1 durabilidad y eficacia. Con nueva tecnolog\u00eda que amortiguar\u00e1 las vibraciones, ofreciendote comodidad y flexibilidad en cada movimiento.","breadcrumb":{"@id":"https:\/\/15131.p.syniva.es\/en\/rs-pro-edition-power-2\/#breadcrumb"},"inLanguage":"en-US","potentialAction":[{"@type":"ReadAction","target":["https:\/\/15131.p.syniva.es\/en\/rs-pro-edition-power-2\/"]}]},{"@type":"ImageObject","inLanguage":"en-US","@id":"https:\/\/15131.p.syniva.es\/en\/rs-pro-edition-power-2\/#primaryimage","url":"https:\/\/15131.p.syniva.es\/wp-content\/uploads\/2024\/03\/imagen_1_31652_6c50ac14_ea5f.webp","contentUrl":"https:\/\/15131.p.syniva.es\/wp-content\/uploads\/2024\/03\/imagen_1_31652_6c50ac14_ea5f.webp","width":1000,"height":1000,"caption":"RS PRO EDITION POWER"},{"@type":"BreadcrumbList","@id":"https:\/\/15131.p.syniva.es\/en\/rs-pro-edition-power-2\/#breadcrumb","itemListElement":[{"@type":"ListItem","position":1,"name":"Portada","item":"https:\/\/15131.p.syniva.es\/en\/"},{"@type":"ListItem","position":2,"name":"Shop","item":"https:\/\/15131.p.syniva.es\/en\/shop\/"},{"@type":"ListItem","position":3,"name":"RS PRO EDITION POWER"}]},{"@type":"WebSite","@id":"https:\/\/15131.p.syniva.es\/en\/#website","url":"https:\/\/15131.p.syniva.es\/en\/","name":"Revolution Padel Store","description":"","publisher":{"@id":"https:\/\/15131.p.syniva.es\/en\/#organization"},"potentialAction":[{"@type":"SearchAction","target":{"@type":"EntryPoint","urlTemplate":"https:\/\/15131.p.syniva.es\/en\/?s={search_term_string}"},"query-input":{"@type":"PropertyValueSpecification","valueRequired":true,"valueName":"search_term_string"}}],"inLanguage":"en-US"},{"@type":"Organization","@id":"https:\/\/15131.p.syniva.es\/en\/#organization","name":"Revolution Padel Store","url":"https:\/\/15131.p.syniva.es\/en\/","logo":{"@type":"ImageObject","inLanguage":"en-US","@id":"https:\/\/15131.p.syniva.es\/en\/#\/schema\/logo\/image\/","url":"https:\/\/15131.p.syniva.es\/wp-content\/uploads\/2026\/02\/revolution-padel-store.jpg","contentUrl":"https:\/\/15131.p.syniva.es\/wp-content\/uploads\/2026\/02\/revolution-padel-store.jpg","width":2000,"height":2000,"caption":"Revolution Padel Store"},"image":{"@id":"https:\/\/15131.p.syniva.es\/en\/#\/schema\/logo\/image\/"},"sameAs":["https:\/\/www.instagram.com\/revolutionpadelstore\/"]}]}},"_links":{"self":[{"href":"https:\/\/15131.p.syniva.es\/en\/wp-json\/wp\/v2\/product\/20291","targetHints":{"allow":["GET"]}}],"collection":[{"href":"https:\/\/15131.p.syniva.es\/en\/wp-json\/wp\/v2\/product"}],"about":[{"href":"https:\/\/15131.p.syniva.es\/en\/wp-json\/wp\/v2\/types\/product"}],"replies":[{"embeddable":true,"href":"https:\/\/15131.p.syniva.es\/en\/wp-json\/wp\/v2\/comments?post=20291"}],"wp:featuredmedia":[{"embeddable":true,"href":"https:\/\/15131.p.syniva.es\/en\/wp-json\/wp\/v2\/media\/3014"}],"wp:attachment":[{"href":"https:\/\/15131.p.syniva.es\/en\/wp-json\/wp\/v2\/media?parent=20291"}],"wp:term":[{"taxonomy":"acabado","embeddable":true,"href":"https:\/\/15131.p.syniva.es\/en\/wp-json\/wp\/v2\/acabado?post=20291"},{"taxonomy":"balance","embeddable":true,"href":"https:\/\/15131.p.syniva.es\/en\/wp-json\/wp\/v2\/balance?post=20291"},{"taxonomy":"dureza","embeddable":true,"href":"https:\/\/15131.p.syniva.es\/en\/wp-json\/wp\/v2\/dureza?post=20291"},{"taxonomy":"forma","embeddable":true,"href":"https:\/\/15131.p.syniva.es\/en\/wp-json\/wp\/v2\/forma?post=20291"},{"taxonomy":"jugador","embeddable":true,"href":"https:\/\/15131.p.syniva.es\/en\/wp-json\/wp\/v2\/jugador?post=20291"},{"taxonomy":"marca","embeddable":true,"href":"https:\/\/15131.p.syniva.es\/en\/wp-json\/wp\/v2\/marca?post=20291"},{"taxonomy":"nivel-de-juego","embeddable":true,"href":"https:\/\/15131.p.syniva.es\/en\/wp-json\/wp\/v2\/nivel-de-juego?post=20291"},{"taxonomy":"superficie","embeddable":true,"href":"https:\/\/15131.p.syniva.es\/en\/wp-json\/wp\/v2\/superficie?post=20291"},{"taxonomy":"tipo-de-juego","embeddable":true,"href":"https:\/\/15131.p.syniva.es\/en\/wp-json\/wp\/v2\/tipo-de-juego?post=20291"},{"taxonomy":"product_brand","embeddable":true,"href":"https:\/\/15131.p.syniva.es\/en\/wp-json\/wp\/v2\/product_brand?post=20291"},{"taxonomy":"product_cat","embeddable":true,"href":"https:\/\/15131.p.syniva.es\/en\/wp-json\/wp\/v2\/product_cat?post=20291"},{"taxonomy":"product_tag","embeddable":true,"href":"https:\/\/15131.p.syniva.es\/en\/wp-json\/wp\/v2\/product_tag?post=20291"}],"curies":[{"name":"wp","href":"https:\/\/api.w.org\/{rel}","templated":true}]}}