{"id":72817,"date":"2024-09-15T17:47:01","date_gmt":"2024-09-15T15:47:01","guid":{"rendered":"https:\/\/15131.p.syniva.es\/wilson-blade-ls-v3-padel-2\/"},"modified":"2026-04-08T10:40:12","modified_gmt":"2026-04-08T08:40:12","slug":"wilson-blade-ls-v3-padel-2-2","status":"publish","type":"product","link":"https:\/\/15131.p.syniva.es\/en\/wilson-blade-ls-v3-padel-2-2\/","title":{"rendered":"WILSON BLADE LS V3 PADEL 2"},"content":{"rendered":"<h2>Wilson Blade LS V3 Padel 2<\/h2>\n<p>The <strong>Wilson Blade LS V3 Padel is a lightweight, high-performance teardrop racket<\/strong>, ideal for players looking for power without compromising stability. Designed with comfort and control in mind, this model stands out within Wilson&#8217;s Blade V3 line as the lightest, allowing for agile and effective play. The combination of high quality materials ensures an excellent response in each hit, making this racket a preferred option for intermediate level players who want to improve their performance on the court.<\/p>\n<h2>Wilson Blade LS V3 Padel 2 for intermediate level players<\/h2>\n<p>This model is specially designed for intermediate players looking for a balance between control and power. Its lightweight structure facilitates quick, precise movements, while its responsiveness ensures a strong, controlled impact with every shot. In addition, the racket is equipped with advanced technology that maximizes performance, allowing players to exploit their potential to the fullest.<\/p>\n<h3><strong>Features and technologies of the Wilson Blade LS V3 Padel 2<\/strong>:<\/h3>\n<p><strong>-Spin Surface<\/em><\/strong>: Improves <strong>spin control<\/strong>, allowing you to generate precise spin on different types of shots.<\/p>\n<p>&#8211;<strong>Duo Grid Pattern<\/em><\/strong>: Optimizes power and control through a design of <strong>strategically located holes<\/strong>.<\/p>\n<p><strong>-Soft EVA rubber<\/strong> in the core: Provides effective shock absorption, combining <strong>comfort and lightness<\/strong>.<\/p>\n<p>&#8211;<strong>Sharp Hole Technology<\/em><\/strong>: Increases spin and control in each shot thanks to an advanced drilling process.<\/p>\n<p>The design of this racket is modern and attractive, with a vibrant green color that stands out on the court. The brand logo in green in another tone to contrast adds a touch of modernity. If you are looking for a racket that combines style, performance and durability, the Wilson Blade LS V3 Padel is the perfect choice to take your game to the next level.<\/p>\n<h2>Wilson Blade LS V3 Padel 2<\/h2>\n","protected":false},"excerpt":{"rendered":"<p>The design of this racket is modern and attractive, with a <strong> vibrant green color<\/strong> that stands out on the court. The brand logo in green in another tone to contrast adds a touch of modernity. If you are looking for a racket that combines style, performance and durability, the Wilson Blade LS V3 Padel is the perfect choice to take your game to the next level.<\/p>\n","protected":false},"featured_media":71303,"comment_status":"open","ping_status":"closed","template":"","meta":{"_acf_changed":false,"_joinchat":[]},"acabado":[1093],"balance":[1143],"dureza":[1158],"forma":[1188],"jugador":[1193,1203],"marca":[1268],"nivel-de-juego":[1353],"superficie":[1363],"tipo-de-juego":[1388],"product_brand":[],"product_cat":[303],"product_tag":[],"class_list":{"0":"post-72817","1":"product","2":"type-product","3":"status-publish","4":"has-post-thumbnail","6":"acabado-relieve-3d-en","7":"balance-medium","8":"dureza-media-en","9":"forma-lagrima-en","10":"jugador-hombre-en","11":"jugador-multipurpose","12":"marca-wilson-en","13":"superficie-rugosa-en","14":"tipo-de-juego-multipurpose","15":"product_cat-palas","17":"first","18":"instock","19":"sale","20":"taxable","21":"shipping-taxable","22":"purchasable","23":"product-type-simple"},"acf":[],"yoast_head":"<!-- This site is optimized with the Yoast SEO plugin v27.3 - https:\/\/yoast.com\/product\/yoast-seo-wordpress\/ -->\n<title>WILSON BLADE LS V3 PADEL 2 - Revolution Padel Store<\/title>\n<meta name=\"description\" content=\"El dise\u00f1o de esta pala es moderno y atractivo, con un\u00a0vibrante color verde\u00a0que se destaca en la pista. El logo de la marca en verde en otro tono para hacer contraste a\u00f1ade un toque de modernidad. Si est\u00e1s buscando una pala que combine estilo, rendimiento y durabilidad, la Wilson Blade LS V3 Padel es la elecci\u00f3n perfecta para llevar tu juego al siguiente nivel.\" \/>\n<meta name=\"robots\" content=\"index, follow, max-snippet:-1, max-image-preview:large, max-video-preview:-1\" \/>\n<link rel=\"canonical\" href=\"https:\/\/15131.p.syniva.es\/en\/wilson-blade-ls-v3-padel-2-2\/\" \/>\n<meta property=\"og:locale\" content=\"en_US\" \/>\n<meta property=\"og:type\" content=\"article\" \/>\n<meta property=\"og:title\" content=\"WILSON BLADE LS V3 PADEL 2 - Revolution Padel Store\" \/>\n<meta property=\"og:description\" content=\"El dise\u00f1o de esta pala es moderno y atractivo, con un\u00a0vibrante color verde\u00a0que se destaca en la pista. El logo de la marca en verde en otro tono para hacer contraste a\u00f1ade un toque de modernidad. Si est\u00e1s buscando una pala que combine estilo, rendimiento y durabilidad, la Wilson Blade LS V3 Padel es la elecci\u00f3n perfecta para llevar tu juego al siguiente nivel.\" \/>\n<meta property=\"og:url\" content=\"https:\/\/15131.p.syniva.es\/en\/wilson-blade-ls-v3-padel-2-2\/\" \/>\n<meta property=\"og:site_name\" content=\"Revolution Padel Store\" \/>\n<meta property=\"article:modified_time\" content=\"2026-04-08T08:40:12+00:00\" \/>\n<meta property=\"og:image\" content=\"https:\/\/15131.p.syniva.es\/wp-content\/uploads\/2024\/09\/113569_pala_wilson_blade_ls_v3_padel_2_wr167111u2_1500x1500_1_cadf.webp\" \/>\n\t<meta property=\"og:image:width\" content=\"1500\" \/>\n\t<meta property=\"og:image:height\" content=\"1500\" \/>\n\t<meta property=\"og:image:type\" content=\"image\/webp\" \/>\n<meta name=\"twitter:card\" content=\"summary_large_image\" \/>\n<meta name=\"twitter:label1\" content=\"Est. reading time\" \/>\n\t<meta name=\"twitter:data1\" content=\"2 minutes\" \/>\n<script type=\"application\/ld+json\" class=\"yoast-schema-graph\">{\"@context\":\"https:\\\/\\\/schema.org\",\"@graph\":[{\"@type\":\"WebPage\",\"@id\":\"https:\\\/\\\/15131.p.syniva.es\\\/en\\\/wilson-blade-ls-v3-padel-2-2\\\/\",\"url\":\"https:\\\/\\\/15131.p.syniva.es\\\/en\\\/wilson-blade-ls-v3-padel-2-2\\\/\",\"name\":\"WILSON BLADE LS V3 PADEL 2 - Revolution Padel Store\",\"isPartOf\":{\"@id\":\"https:\\\/\\\/15131.p.syniva.es\\\/en\\\/#website\"},\"primaryImageOfPage\":{\"@id\":\"https:\\\/\\\/15131.p.syniva.es\\\/en\\\/wilson-blade-ls-v3-padel-2-2\\\/#primaryimage\"},\"image\":{\"@id\":\"https:\\\/\\\/15131.p.syniva.es\\\/en\\\/wilson-blade-ls-v3-padel-2-2\\\/#primaryimage\"},\"thumbnailUrl\":\"https:\\\/\\\/15131.p.syniva.es\\\/wp-content\\\/uploads\\\/2024\\\/09\\\/113569_pala_wilson_blade_ls_v3_padel_2_wr167111u2_1500x1500_1_cadf.webp\",\"datePublished\":\"2024-09-15T15:47:01+00:00\",\"dateModified\":\"2026-04-08T08:40:12+00:00\",\"description\":\"El dise\u00f1o de esta pala es moderno y atractivo, con un\u00a0vibrante color verde\u00a0que se destaca en la pista. El logo de la marca en verde en otro tono para hacer contraste a\u00f1ade un toque de modernidad. Si est\u00e1s buscando una pala que combine estilo, rendimiento y durabilidad, la Wilson Blade LS V3 Padel es la elecci\u00f3n perfecta para llevar tu juego al siguiente nivel.\",\"breadcrumb\":{\"@id\":\"https:\\\/\\\/15131.p.syniva.es\\\/en\\\/wilson-blade-ls-v3-padel-2-2\\\/#breadcrumb\"},\"inLanguage\":\"en-US\",\"potentialAction\":[{\"@type\":\"ReadAction\",\"target\":[\"https:\\\/\\\/15131.p.syniva.es\\\/en\\\/wilson-blade-ls-v3-padel-2-2\\\/\"]}]},{\"@type\":\"ImageObject\",\"inLanguage\":\"en-US\",\"@id\":\"https:\\\/\\\/15131.p.syniva.es\\\/en\\\/wilson-blade-ls-v3-padel-2-2\\\/#primaryimage\",\"url\":\"https:\\\/\\\/15131.p.syniva.es\\\/wp-content\\\/uploads\\\/2024\\\/09\\\/113569_pala_wilson_blade_ls_v3_padel_2_wr167111u2_1500x1500_1_cadf.webp\",\"contentUrl\":\"https:\\\/\\\/15131.p.syniva.es\\\/wp-content\\\/uploads\\\/2024\\\/09\\\/113569_pala_wilson_blade_ls_v3_padel_2_wr167111u2_1500x1500_1_cadf.webp\",\"width\":1500,\"height\":1500},{\"@type\":\"BreadcrumbList\",\"@id\":\"https:\\\/\\\/15131.p.syniva.es\\\/en\\\/wilson-blade-ls-v3-padel-2-2\\\/#breadcrumb\",\"itemListElement\":[{\"@type\":\"ListItem\",\"position\":1,\"name\":\"Portada\",\"item\":\"https:\\\/\\\/15131.p.syniva.es\\\/en\\\/\"},{\"@type\":\"ListItem\",\"position\":2,\"name\":\"Shop\",\"item\":\"https:\\\/\\\/15131.p.syniva.es\\\/en\\\/shop\\\/\"},{\"@type\":\"ListItem\",\"position\":3,\"name\":\"WILSON BLADE LS V3 PADEL 2\"}]},{\"@type\":\"WebSite\",\"@id\":\"https:\\\/\\\/15131.p.syniva.es\\\/en\\\/#website\",\"url\":\"https:\\\/\\\/15131.p.syniva.es\\\/en\\\/\",\"name\":\"Revolution Padel Store\",\"description\":\"\",\"publisher\":{\"@id\":\"https:\\\/\\\/15131.p.syniva.es\\\/en\\\/#organization\"},\"potentialAction\":[{\"@type\":\"SearchAction\",\"target\":{\"@type\":\"EntryPoint\",\"urlTemplate\":\"https:\\\/\\\/15131.p.syniva.es\\\/en\\\/?s={search_term_string}\"},\"query-input\":{\"@type\":\"PropertyValueSpecification\",\"valueRequired\":true,\"valueName\":\"search_term_string\"}}],\"inLanguage\":\"en-US\"},{\"@type\":\"Organization\",\"@id\":\"https:\\\/\\\/15131.p.syniva.es\\\/en\\\/#organization\",\"name\":\"Revolution Padel Store\",\"url\":\"https:\\\/\\\/15131.p.syniva.es\\\/en\\\/\",\"logo\":{\"@type\":\"ImageObject\",\"inLanguage\":\"en-US\",\"@id\":\"https:\\\/\\\/15131.p.syniva.es\\\/en\\\/#\\\/schema\\\/logo\\\/image\\\/\",\"url\":\"https:\\\/\\\/15131.p.syniva.es\\\/wp-content\\\/uploads\\\/2026\\\/02\\\/revolution-padel-store.jpg\",\"contentUrl\":\"https:\\\/\\\/15131.p.syniva.es\\\/wp-content\\\/uploads\\\/2026\\\/02\\\/revolution-padel-store.jpg\",\"width\":2000,\"height\":2000,\"caption\":\"Revolution Padel Store\"},\"image\":{\"@id\":\"https:\\\/\\\/15131.p.syniva.es\\\/en\\\/#\\\/schema\\\/logo\\\/image\\\/\"},\"sameAs\":[\"https:\\\/\\\/www.instagram.com\\\/revolutionpadelstore\\\/\"]}]}<\/script>\n<!-- \/ Yoast SEO plugin. -->","yoast_head_json":{"title":"WILSON BLADE LS V3 PADEL 2 - Revolution Padel Store","description":"El dise\u00f1o de esta pala es moderno y atractivo, con un\u00a0vibrante color verde\u00a0que se destaca en la pista. El logo de la marca en verde en otro tono para hacer contraste a\u00f1ade un toque de modernidad. Si est\u00e1s buscando una pala que combine estilo, rendimiento y durabilidad, la Wilson Blade LS V3 Padel es la elecci\u00f3n perfecta para llevar tu juego al siguiente nivel.","robots":{"index":"index","follow":"follow","max-snippet":"max-snippet:-1","max-image-preview":"max-image-preview:large","max-video-preview":"max-video-preview:-1"},"canonical":"https:\/\/15131.p.syniva.es\/en\/wilson-blade-ls-v3-padel-2-2\/","og_locale":"en_US","og_type":"article","og_title":"WILSON BLADE LS V3 PADEL 2 - Revolution Padel Store","og_description":"El dise\u00f1o de esta pala es moderno y atractivo, con un\u00a0vibrante color verde\u00a0que se destaca en la pista. El logo de la marca en verde en otro tono para hacer contraste a\u00f1ade un toque de modernidad. Si est\u00e1s buscando una pala que combine estilo, rendimiento y durabilidad, la Wilson Blade LS V3 Padel es la elecci\u00f3n perfecta para llevar tu juego al siguiente nivel.","og_url":"https:\/\/15131.p.syniva.es\/en\/wilson-blade-ls-v3-padel-2-2\/","og_site_name":"Revolution Padel Store","article_modified_time":"2026-04-08T08:40:12+00:00","og_image":[{"width":1500,"height":1500,"url":"https:\/\/15131.p.syniva.es\/wp-content\/uploads\/2024\/09\/113569_pala_wilson_blade_ls_v3_padel_2_wr167111u2_1500x1500_1_cadf.webp","type":"image\/webp"}],"twitter_card":"summary_large_image","twitter_misc":{"Est. reading time":"2 minutes"},"schema":{"@context":"https:\/\/schema.org","@graph":[{"@type":"WebPage","@id":"https:\/\/15131.p.syniva.es\/en\/wilson-blade-ls-v3-padel-2-2\/","url":"https:\/\/15131.p.syniva.es\/en\/wilson-blade-ls-v3-padel-2-2\/","name":"WILSON BLADE LS V3 PADEL 2 - Revolution Padel Store","isPartOf":{"@id":"https:\/\/15131.p.syniva.es\/en\/#website"},"primaryImageOfPage":{"@id":"https:\/\/15131.p.syniva.es\/en\/wilson-blade-ls-v3-padel-2-2\/#primaryimage"},"image":{"@id":"https:\/\/15131.p.syniva.es\/en\/wilson-blade-ls-v3-padel-2-2\/#primaryimage"},"thumbnailUrl":"https:\/\/15131.p.syniva.es\/wp-content\/uploads\/2024\/09\/113569_pala_wilson_blade_ls_v3_padel_2_wr167111u2_1500x1500_1_cadf.webp","datePublished":"2024-09-15T15:47:01+00:00","dateModified":"2026-04-08T08:40:12+00:00","description":"El dise\u00f1o de esta pala es moderno y atractivo, con un\u00a0vibrante color verde\u00a0que se destaca en la pista. El logo de la marca en verde en otro tono para hacer contraste a\u00f1ade un toque de modernidad. Si est\u00e1s buscando una pala que combine estilo, rendimiento y durabilidad, la Wilson Blade LS V3 Padel es la elecci\u00f3n perfecta para llevar tu juego al siguiente nivel.","breadcrumb":{"@id":"https:\/\/15131.p.syniva.es\/en\/wilson-blade-ls-v3-padel-2-2\/#breadcrumb"},"inLanguage":"en-US","potentialAction":[{"@type":"ReadAction","target":["https:\/\/15131.p.syniva.es\/en\/wilson-blade-ls-v3-padel-2-2\/"]}]},{"@type":"ImageObject","inLanguage":"en-US","@id":"https:\/\/15131.p.syniva.es\/en\/wilson-blade-ls-v3-padel-2-2\/#primaryimage","url":"https:\/\/15131.p.syniva.es\/wp-content\/uploads\/2024\/09\/113569_pala_wilson_blade_ls_v3_padel_2_wr167111u2_1500x1500_1_cadf.webp","contentUrl":"https:\/\/15131.p.syniva.es\/wp-content\/uploads\/2024\/09\/113569_pala_wilson_blade_ls_v3_padel_2_wr167111u2_1500x1500_1_cadf.webp","width":1500,"height":1500},{"@type":"BreadcrumbList","@id":"https:\/\/15131.p.syniva.es\/en\/wilson-blade-ls-v3-padel-2-2\/#breadcrumb","itemListElement":[{"@type":"ListItem","position":1,"name":"Portada","item":"https:\/\/15131.p.syniva.es\/en\/"},{"@type":"ListItem","position":2,"name":"Shop","item":"https:\/\/15131.p.syniva.es\/en\/shop\/"},{"@type":"ListItem","position":3,"name":"WILSON BLADE LS V3 PADEL 2"}]},{"@type":"WebSite","@id":"https:\/\/15131.p.syniva.es\/en\/#website","url":"https:\/\/15131.p.syniva.es\/en\/","name":"Revolution Padel Store","description":"","publisher":{"@id":"https:\/\/15131.p.syniva.es\/en\/#organization"},"potentialAction":[{"@type":"SearchAction","target":{"@type":"EntryPoint","urlTemplate":"https:\/\/15131.p.syniva.es\/en\/?s={search_term_string}"},"query-input":{"@type":"PropertyValueSpecification","valueRequired":true,"valueName":"search_term_string"}}],"inLanguage":"en-US"},{"@type":"Organization","@id":"https:\/\/15131.p.syniva.es\/en\/#organization","name":"Revolution Padel Store","url":"https:\/\/15131.p.syniva.es\/en\/","logo":{"@type":"ImageObject","inLanguage":"en-US","@id":"https:\/\/15131.p.syniva.es\/en\/#\/schema\/logo\/image\/","url":"https:\/\/15131.p.syniva.es\/wp-content\/uploads\/2026\/02\/revolution-padel-store.jpg","contentUrl":"https:\/\/15131.p.syniva.es\/wp-content\/uploads\/2026\/02\/revolution-padel-store.jpg","width":2000,"height":2000,"caption":"Revolution Padel Store"},"image":{"@id":"https:\/\/15131.p.syniva.es\/en\/#\/schema\/logo\/image\/"},"sameAs":["https:\/\/www.instagram.com\/revolutionpadelstore\/"]}]}},"_links":{"self":[{"href":"https:\/\/15131.p.syniva.es\/en\/wp-json\/wp\/v2\/product\/72817","targetHints":{"allow":["GET"]}}],"collection":[{"href":"https:\/\/15131.p.syniva.es\/en\/wp-json\/wp\/v2\/product"}],"about":[{"href":"https:\/\/15131.p.syniva.es\/en\/wp-json\/wp\/v2\/types\/product"}],"replies":[{"embeddable":true,"href":"https:\/\/15131.p.syniva.es\/en\/wp-json\/wp\/v2\/comments?post=72817"}],"wp:featuredmedia":[{"embeddable":true,"href":"https:\/\/15131.p.syniva.es\/en\/wp-json\/wp\/v2\/media\/71303"}],"wp:attachment":[{"href":"https:\/\/15131.p.syniva.es\/en\/wp-json\/wp\/v2\/media?parent=72817"}],"wp:term":[{"taxonomy":"acabado","embeddable":true,"href":"https:\/\/15131.p.syniva.es\/en\/wp-json\/wp\/v2\/acabado?post=72817"},{"taxonomy":"balance","embeddable":true,"href":"https:\/\/15131.p.syniva.es\/en\/wp-json\/wp\/v2\/balance?post=72817"},{"taxonomy":"dureza","embeddable":true,"href":"https:\/\/15131.p.syniva.es\/en\/wp-json\/wp\/v2\/dureza?post=72817"},{"taxonomy":"forma","embeddable":true,"href":"https:\/\/15131.p.syniva.es\/en\/wp-json\/wp\/v2\/forma?post=72817"},{"taxonomy":"jugador","embeddable":true,"href":"https:\/\/15131.p.syniva.es\/en\/wp-json\/wp\/v2\/jugador?post=72817"},{"taxonomy":"marca","embeddable":true,"href":"https:\/\/15131.p.syniva.es\/en\/wp-json\/wp\/v2\/marca?post=72817"},{"taxonomy":"nivel-de-juego","embeddable":true,"href":"https:\/\/15131.p.syniva.es\/en\/wp-json\/wp\/v2\/nivel-de-juego?post=72817"},{"taxonomy":"superficie","embeddable":true,"href":"https:\/\/15131.p.syniva.es\/en\/wp-json\/wp\/v2\/superficie?post=72817"},{"taxonomy":"tipo-de-juego","embeddable":true,"href":"https:\/\/15131.p.syniva.es\/en\/wp-json\/wp\/v2\/tipo-de-juego?post=72817"},{"taxonomy":"product_brand","embeddable":true,"href":"https:\/\/15131.p.syniva.es\/en\/wp-json\/wp\/v2\/product_brand?post=72817"},{"taxonomy":"product_cat","embeddable":true,"href":"https:\/\/15131.p.syniva.es\/en\/wp-json\/wp\/v2\/product_cat?post=72817"},{"taxonomy":"product_tag","embeddable":true,"href":"https:\/\/15131.p.syniva.es\/en\/wp-json\/wp\/v2\/product_tag?post=72817"}],"curies":[{"name":"wp","href":"https:\/\/api.w.org\/{rel}","templated":true}]}}