{"id":72822,"date":"2024-09-14T11:15:06","date_gmt":"2024-09-14T09:15:06","guid":{"rendered":"https:\/\/15131.p.syniva.es\/head-gravity-motion-2024\/"},"modified":"2026-04-08T10:40:40","modified_gmt":"2026-04-08T08:40:40","slug":"head-gravity-motion-2024-2","status":"publish","type":"product","link":"https:\/\/15131.p.syniva.es\/en\/head-gravity-motion-2024-2\/","title":{"rendered":"HEAD GRAVITY MOTION 2024"},"content":{"rendered":"<h2>Head Gravity Motion 2024, round padel racket<\/h2>\n<p>The Head Gravity Motion 2024 is presented as the ideal racket for those seeking to dominate the game with control and precision. With a round design and lightweight structure, this racket becomes an extension of your hand, giving you exceptional handling. In addition, it incorporates a series of advanced technologies that not only improve the connection with the ball, but also optimize power and comfort, standing out among the preferred options of competitive players.<\/p>\n<h2>Head Gravity Motion 2024 for advanced control players<\/h2>\n<p>This racket is specially designed for advanced and professional players who seek to maximize their control at every point. Its reduced balance and lightness make it perfect for those who prefer to maneuver easily both on and off the track. In addition, it is ideal for those who want to perfect technical shots such as the layup or the chiquita, without compromising comfort or power.<\/p>\n<h2>Features and technologies of the Gravity Motion 2024<\/h2>\n<p><strong>-Auxetic 2.0 <\/strong>improves the response and connection with the ball after impact, providing a superior feeling in each shot.<\/p>\n<p><strong>-Round format<\/strong> to play with control technique. <strong>Fiberglass faces<\/strong>. <strong>Control Foam<\/strong>, expands the sweet spot, providing greater precision and tolerance in technical hits.<\/p>\n<p><strong>-Spin Surface<\/strong>, a rough surface that allows you to generate more spin and grip when hitting the ball.<\/p>\n<p><strong>-Graphene Inside, <\/strong>reinforces the frame, increasing stability and optimizing ball output.<\/p>\n<p><strong>&#8211; Soft Butt Cap, <\/strong>soft cap on the handle that reduces vibrations and improves grip comfort.<\/p>\n<p>If what you are looking for is a racket that allows you to improve your performance in each match, the Head Gravity Motion 2024 is the perfect option. With its combination of lightness, control and advanced technologies, this racket will take your game to a new level.<\/p>\n<h2>Head Gravity Motion 2024, pala de p\u00e1del redonda<\/h2>\n","protected":false},"excerpt":{"rendered":"<p>The Head Gravity Motion 2024 offers superior control, lightness and advanced technologies such as Auxetic 2.0 and Spin Surface, designed for competitive players looking for precision and comfort in every shot.<\/p>\n","protected":false},"featured_media":71277,"comment_status":"open","ping_status":"closed","template":"","meta":{"_acf_changed":false,"_joinchat":[]},"acabado":[1108],"balance":[1148],"dureza":[1158],"forma":[1183],"jugador":[1193,1203,1198],"marca":[1223],"nivel-de-juego":[1338,1343],"superficie":[1363],"tipo-de-juego":[1373],"product_brand":[],"product_cat":[303],"product_tag":[],"class_list":{"0":"post-72822","1":"product","2":"type-product","3":"status-publish","4":"has-post-thumbnail","6":"acabado-rugoso-en","7":"balance-bajo-en","8":"dureza-media-en","9":"forma-redonda-en","10":"jugador-hombre-en","11":"jugador-multipurpose","12":"jugador-woman","13":"marca-head-en","14":"superficie-rugosa-en","15":"tipo-de-juego-control-en","16":"product_cat-palas","18":"first","19":"instock","20":"sale","21":"taxable","22":"shipping-taxable","23":"purchasable","24":"product-type-simple"},"acf":[],"yoast_head":"<!-- This site is optimized with the Yoast SEO plugin v27.3 - https:\/\/yoast.com\/product\/yoast-seo-wordpress\/ -->\n<title>HEAD GRAVITY MOTION 2024 - Revolution Padel Store<\/title>\n<meta name=\"description\" content=\"La Head Gravity Motion 2024 ofrece control superior, ligereza y tecnolog\u00edas avanzadas como Auxetic 2.0 y Spin Surface, dise\u00f1ada para jugadores competitivos que buscan precisi\u00f3n y comodidad en cada golpe.\" \/>\n<meta name=\"robots\" content=\"index, follow, max-snippet:-1, max-image-preview:large, max-video-preview:-1\" \/>\n<link rel=\"canonical\" href=\"https:\/\/15131.p.syniva.es\/en\/head-gravity-motion-2024-2\/\" \/>\n<meta property=\"og:locale\" content=\"en_US\" \/>\n<meta property=\"og:type\" content=\"article\" \/>\n<meta property=\"og:title\" content=\"HEAD GRAVITY MOTION 2024 - Revolution Padel Store\" \/>\n<meta property=\"og:description\" content=\"La Head Gravity Motion 2024 ofrece control superior, ligereza y tecnolog\u00edas avanzadas como Auxetic 2.0 y Spin Surface, dise\u00f1ada para jugadores competitivos que buscan precisi\u00f3n y comodidad en cada golpe.\" \/>\n<meta property=\"og:url\" content=\"https:\/\/15131.p.syniva.es\/en\/head-gravity-motion-2024-2\/\" \/>\n<meta property=\"og:site_name\" content=\"Revolution Padel Store\" \/>\n<meta property=\"article:modified_time\" content=\"2026-04-08T08:40:40+00:00\" \/>\n<meta property=\"og:image\" content=\"https:\/\/15131.p.syniva.es\/wp-content\/uploads\/2024\/09\/494770.jpg\" \/>\n\t<meta property=\"og:image:width\" content=\"800\" \/>\n\t<meta property=\"og:image:height\" content=\"800\" \/>\n\t<meta property=\"og:image:type\" content=\"image\/jpeg\" \/>\n<meta name=\"twitter:card\" content=\"summary_large_image\" \/>\n<meta name=\"twitter:label1\" content=\"Est. reading time\" \/>\n\t<meta name=\"twitter:data1\" content=\"2 minutes\" \/>\n<script type=\"application\/ld+json\" class=\"yoast-schema-graph\">{\"@context\":\"https:\\\/\\\/schema.org\",\"@graph\":[{\"@type\":\"WebPage\",\"@id\":\"https:\\\/\\\/15131.p.syniva.es\\\/en\\\/head-gravity-motion-2024-2\\\/\",\"url\":\"https:\\\/\\\/15131.p.syniva.es\\\/en\\\/head-gravity-motion-2024-2\\\/\",\"name\":\"HEAD GRAVITY MOTION 2024 - Revolution Padel Store\",\"isPartOf\":{\"@id\":\"https:\\\/\\\/15131.p.syniva.es\\\/en\\\/#website\"},\"primaryImageOfPage\":{\"@id\":\"https:\\\/\\\/15131.p.syniva.es\\\/en\\\/head-gravity-motion-2024-2\\\/#primaryimage\"},\"image\":{\"@id\":\"https:\\\/\\\/15131.p.syniva.es\\\/en\\\/head-gravity-motion-2024-2\\\/#primaryimage\"},\"thumbnailUrl\":\"https:\\\/\\\/15131.p.syniva.es\\\/wp-content\\\/uploads\\\/2024\\\/09\\\/494770.jpg\",\"datePublished\":\"2024-09-14T09:15:06+00:00\",\"dateModified\":\"2026-04-08T08:40:40+00:00\",\"description\":\"La Head Gravity Motion 2024 ofrece control superior, ligereza y tecnolog\u00edas avanzadas como Auxetic 2.0 y Spin Surface, dise\u00f1ada para jugadores competitivos que buscan precisi\u00f3n y comodidad en cada golpe.\",\"breadcrumb\":{\"@id\":\"https:\\\/\\\/15131.p.syniva.es\\\/en\\\/head-gravity-motion-2024-2\\\/#breadcrumb\"},\"inLanguage\":\"en-US\",\"potentialAction\":[{\"@type\":\"ReadAction\",\"target\":[\"https:\\\/\\\/15131.p.syniva.es\\\/en\\\/head-gravity-motion-2024-2\\\/\"]}]},{\"@type\":\"ImageObject\",\"inLanguage\":\"en-US\",\"@id\":\"https:\\\/\\\/15131.p.syniva.es\\\/en\\\/head-gravity-motion-2024-2\\\/#primaryimage\",\"url\":\"https:\\\/\\\/15131.p.syniva.es\\\/wp-content\\\/uploads\\\/2024\\\/09\\\/494770.jpg\",\"contentUrl\":\"https:\\\/\\\/15131.p.syniva.es\\\/wp-content\\\/uploads\\\/2024\\\/09\\\/494770.jpg\",\"width\":800,\"height\":800},{\"@type\":\"BreadcrumbList\",\"@id\":\"https:\\\/\\\/15131.p.syniva.es\\\/en\\\/head-gravity-motion-2024-2\\\/#breadcrumb\",\"itemListElement\":[{\"@type\":\"ListItem\",\"position\":1,\"name\":\"Portada\",\"item\":\"https:\\\/\\\/15131.p.syniva.es\\\/en\\\/\"},{\"@type\":\"ListItem\",\"position\":2,\"name\":\"Shop\",\"item\":\"https:\\\/\\\/15131.p.syniva.es\\\/en\\\/shop\\\/\"},{\"@type\":\"ListItem\",\"position\":3,\"name\":\"HEAD GRAVITY MOTION 2024\"}]},{\"@type\":\"WebSite\",\"@id\":\"https:\\\/\\\/15131.p.syniva.es\\\/en\\\/#website\",\"url\":\"https:\\\/\\\/15131.p.syniva.es\\\/en\\\/\",\"name\":\"Revolution Padel Store\",\"description\":\"\",\"publisher\":{\"@id\":\"https:\\\/\\\/15131.p.syniva.es\\\/en\\\/#organization\"},\"potentialAction\":[{\"@type\":\"SearchAction\",\"target\":{\"@type\":\"EntryPoint\",\"urlTemplate\":\"https:\\\/\\\/15131.p.syniva.es\\\/en\\\/?s={search_term_string}\"},\"query-input\":{\"@type\":\"PropertyValueSpecification\",\"valueRequired\":true,\"valueName\":\"search_term_string\"}}],\"inLanguage\":\"en-US\"},{\"@type\":\"Organization\",\"@id\":\"https:\\\/\\\/15131.p.syniva.es\\\/en\\\/#organization\",\"name\":\"Revolution Padel Store\",\"url\":\"https:\\\/\\\/15131.p.syniva.es\\\/en\\\/\",\"logo\":{\"@type\":\"ImageObject\",\"inLanguage\":\"en-US\",\"@id\":\"https:\\\/\\\/15131.p.syniva.es\\\/en\\\/#\\\/schema\\\/logo\\\/image\\\/\",\"url\":\"https:\\\/\\\/15131.p.syniva.es\\\/wp-content\\\/uploads\\\/2026\\\/02\\\/revolution-padel-store.jpg\",\"contentUrl\":\"https:\\\/\\\/15131.p.syniva.es\\\/wp-content\\\/uploads\\\/2026\\\/02\\\/revolution-padel-store.jpg\",\"width\":2000,\"height\":2000,\"caption\":\"Revolution Padel Store\"},\"image\":{\"@id\":\"https:\\\/\\\/15131.p.syniva.es\\\/en\\\/#\\\/schema\\\/logo\\\/image\\\/\"},\"sameAs\":[\"https:\\\/\\\/www.instagram.com\\\/revolutionpadelstore\\\/\"]}]}<\/script>\n<!-- \/ Yoast SEO plugin. -->","yoast_head_json":{"title":"HEAD GRAVITY MOTION 2024 - Revolution Padel Store","description":"La Head Gravity Motion 2024 ofrece control superior, ligereza y tecnolog\u00edas avanzadas como Auxetic 2.0 y Spin Surface, dise\u00f1ada para jugadores competitivos que buscan precisi\u00f3n y comodidad en cada golpe.","robots":{"index":"index","follow":"follow","max-snippet":"max-snippet:-1","max-image-preview":"max-image-preview:large","max-video-preview":"max-video-preview:-1"},"canonical":"https:\/\/15131.p.syniva.es\/en\/head-gravity-motion-2024-2\/","og_locale":"en_US","og_type":"article","og_title":"HEAD GRAVITY MOTION 2024 - Revolution Padel Store","og_description":"La Head Gravity Motion 2024 ofrece control superior, ligereza y tecnolog\u00edas avanzadas como Auxetic 2.0 y Spin Surface, dise\u00f1ada para jugadores competitivos que buscan precisi\u00f3n y comodidad en cada golpe.","og_url":"https:\/\/15131.p.syniva.es\/en\/head-gravity-motion-2024-2\/","og_site_name":"Revolution Padel Store","article_modified_time":"2026-04-08T08:40:40+00:00","og_image":[{"width":800,"height":800,"url":"https:\/\/15131.p.syniva.es\/wp-content\/uploads\/2024\/09\/494770.jpg","type":"image\/jpeg"}],"twitter_card":"summary_large_image","twitter_misc":{"Est. reading time":"2 minutes"},"schema":{"@context":"https:\/\/schema.org","@graph":[{"@type":"WebPage","@id":"https:\/\/15131.p.syniva.es\/en\/head-gravity-motion-2024-2\/","url":"https:\/\/15131.p.syniva.es\/en\/head-gravity-motion-2024-2\/","name":"HEAD GRAVITY MOTION 2024 - Revolution Padel Store","isPartOf":{"@id":"https:\/\/15131.p.syniva.es\/en\/#website"},"primaryImageOfPage":{"@id":"https:\/\/15131.p.syniva.es\/en\/head-gravity-motion-2024-2\/#primaryimage"},"image":{"@id":"https:\/\/15131.p.syniva.es\/en\/head-gravity-motion-2024-2\/#primaryimage"},"thumbnailUrl":"https:\/\/15131.p.syniva.es\/wp-content\/uploads\/2024\/09\/494770.jpg","datePublished":"2024-09-14T09:15:06+00:00","dateModified":"2026-04-08T08:40:40+00:00","description":"La Head Gravity Motion 2024 ofrece control superior, ligereza y tecnolog\u00edas avanzadas como Auxetic 2.0 y Spin Surface, dise\u00f1ada para jugadores competitivos que buscan precisi\u00f3n y comodidad en cada golpe.","breadcrumb":{"@id":"https:\/\/15131.p.syniva.es\/en\/head-gravity-motion-2024-2\/#breadcrumb"},"inLanguage":"en-US","potentialAction":[{"@type":"ReadAction","target":["https:\/\/15131.p.syniva.es\/en\/head-gravity-motion-2024-2\/"]}]},{"@type":"ImageObject","inLanguage":"en-US","@id":"https:\/\/15131.p.syniva.es\/en\/head-gravity-motion-2024-2\/#primaryimage","url":"https:\/\/15131.p.syniva.es\/wp-content\/uploads\/2024\/09\/494770.jpg","contentUrl":"https:\/\/15131.p.syniva.es\/wp-content\/uploads\/2024\/09\/494770.jpg","width":800,"height":800},{"@type":"BreadcrumbList","@id":"https:\/\/15131.p.syniva.es\/en\/head-gravity-motion-2024-2\/#breadcrumb","itemListElement":[{"@type":"ListItem","position":1,"name":"Portada","item":"https:\/\/15131.p.syniva.es\/en\/"},{"@type":"ListItem","position":2,"name":"Shop","item":"https:\/\/15131.p.syniva.es\/en\/shop\/"},{"@type":"ListItem","position":3,"name":"HEAD GRAVITY MOTION 2024"}]},{"@type":"WebSite","@id":"https:\/\/15131.p.syniva.es\/en\/#website","url":"https:\/\/15131.p.syniva.es\/en\/","name":"Revolution Padel Store","description":"","publisher":{"@id":"https:\/\/15131.p.syniva.es\/en\/#organization"},"potentialAction":[{"@type":"SearchAction","target":{"@type":"EntryPoint","urlTemplate":"https:\/\/15131.p.syniva.es\/en\/?s={search_term_string}"},"query-input":{"@type":"PropertyValueSpecification","valueRequired":true,"valueName":"search_term_string"}}],"inLanguage":"en-US"},{"@type":"Organization","@id":"https:\/\/15131.p.syniva.es\/en\/#organization","name":"Revolution Padel Store","url":"https:\/\/15131.p.syniva.es\/en\/","logo":{"@type":"ImageObject","inLanguage":"en-US","@id":"https:\/\/15131.p.syniva.es\/en\/#\/schema\/logo\/image\/","url":"https:\/\/15131.p.syniva.es\/wp-content\/uploads\/2026\/02\/revolution-padel-store.jpg","contentUrl":"https:\/\/15131.p.syniva.es\/wp-content\/uploads\/2026\/02\/revolution-padel-store.jpg","width":2000,"height":2000,"caption":"Revolution Padel Store"},"image":{"@id":"https:\/\/15131.p.syniva.es\/en\/#\/schema\/logo\/image\/"},"sameAs":["https:\/\/www.instagram.com\/revolutionpadelstore\/"]}]}},"_links":{"self":[{"href":"https:\/\/15131.p.syniva.es\/en\/wp-json\/wp\/v2\/product\/72822","targetHints":{"allow":["GET"]}}],"collection":[{"href":"https:\/\/15131.p.syniva.es\/en\/wp-json\/wp\/v2\/product"}],"about":[{"href":"https:\/\/15131.p.syniva.es\/en\/wp-json\/wp\/v2\/types\/product"}],"replies":[{"embeddable":true,"href":"https:\/\/15131.p.syniva.es\/en\/wp-json\/wp\/v2\/comments?post=72822"}],"wp:featuredmedia":[{"embeddable":true,"href":"https:\/\/15131.p.syniva.es\/en\/wp-json\/wp\/v2\/media\/71277"}],"wp:attachment":[{"href":"https:\/\/15131.p.syniva.es\/en\/wp-json\/wp\/v2\/media?parent=72822"}],"wp:term":[{"taxonomy":"acabado","embeddable":true,"href":"https:\/\/15131.p.syniva.es\/en\/wp-json\/wp\/v2\/acabado?post=72822"},{"taxonomy":"balance","embeddable":true,"href":"https:\/\/15131.p.syniva.es\/en\/wp-json\/wp\/v2\/balance?post=72822"},{"taxonomy":"dureza","embeddable":true,"href":"https:\/\/15131.p.syniva.es\/en\/wp-json\/wp\/v2\/dureza?post=72822"},{"taxonomy":"forma","embeddable":true,"href":"https:\/\/15131.p.syniva.es\/en\/wp-json\/wp\/v2\/forma?post=72822"},{"taxonomy":"jugador","embeddable":true,"href":"https:\/\/15131.p.syniva.es\/en\/wp-json\/wp\/v2\/jugador?post=72822"},{"taxonomy":"marca","embeddable":true,"href":"https:\/\/15131.p.syniva.es\/en\/wp-json\/wp\/v2\/marca?post=72822"},{"taxonomy":"nivel-de-juego","embeddable":true,"href":"https:\/\/15131.p.syniva.es\/en\/wp-json\/wp\/v2\/nivel-de-juego?post=72822"},{"taxonomy":"superficie","embeddable":true,"href":"https:\/\/15131.p.syniva.es\/en\/wp-json\/wp\/v2\/superficie?post=72822"},{"taxonomy":"tipo-de-juego","embeddable":true,"href":"https:\/\/15131.p.syniva.es\/en\/wp-json\/wp\/v2\/tipo-de-juego?post=72822"},{"taxonomy":"product_brand","embeddable":true,"href":"https:\/\/15131.p.syniva.es\/en\/wp-json\/wp\/v2\/product_brand?post=72822"},{"taxonomy":"product_cat","embeddable":true,"href":"https:\/\/15131.p.syniva.es\/en\/wp-json\/wp\/v2\/product_cat?post=72822"},{"taxonomy":"product_tag","embeddable":true,"href":"https:\/\/15131.p.syniva.es\/en\/wp-json\/wp\/v2\/product_tag?post=72822"}],"curies":[{"name":"wp","href":"https:\/\/api.w.org\/{rel}","templated":true}]}}