{"id":99162,"date":"2024-10-15T08:43:53","date_gmt":"2024-10-15T06:43:53","guid":{"rendered":"https:\/\/15131.p.syniva.es\/head-one-ultralight-white\/"},"modified":"2026-04-08T10:25:08","modified_gmt":"2026-04-08T08:25:08","slug":"head-one-ultralight-white-2","status":"publish","type":"product","link":"https:\/\/15131.p.syniva.es\/en\/head-one-ultralight-white-2\/","title":{"rendered":"HEAD ONE ULTRALIGHT WHITE"},"content":{"rendered":"<p>The ONE ULTRALIGHT racket is an innovation that will revolutionize padel, being the lightest racket on the market for adults, weighing only 300 grams. Designed to facilitate learning and improve your level of play while having fun, this premium racket features a new rounded mold. It maintains a frame thickness of 38mm and features a standard-sized surface, plus a longer grip that increases comfort and provides additional support on hits such as the backhand.<\/p>\n<p>The hitting surface is made of 12K carbon, which ensures better ball output. Its Auxetic 2.0 technology improves the feel and connection with the ball, and the soft plug in the handle reduces vibrations, increasing comfort. To facilitate the generation of spin, it includes Spin Surface technology, while the Comfort Foam rubber optimizes the sweet spot, allowing for more accessible play.<\/p>\n<p style=\"padding-left: 40px\">-The lightest padel racket on the market: 300 grams.<\/p>\n<p style=\"padding-left: 40px\">-Manageable and comfortable, ideal for a simple game.<\/p>\n<p style=\"padding-left: 40px\">-New rounded design and longer handle.<\/p>\n<p style=\"padding-left: 40px\">-HEAD ONE technology for exceptional durability.<\/p>\n<p style=\"padding-left: 40px\">-12K carbon hitting surface for better ball output.<\/p>\n<p style=\"padding-left: 40px\">-Comfort Foam for an improved sweet spot.<\/p>\n<p style=\"padding-left: 40px\">-Spin Surface to facilitate the generation of effects.<\/p>\n<p style=\"padding-left: 40px\">-Auxetic 2.0 technology for a better touch with the ball.<\/p>\n<p style=\"padding-left: 40px\">-Handle with soft cap that reduces vibrations.<\/p>\n<p style=\"padding-left: 40px\">-Integrated protector system.<\/p>\n<h3 class=\"feature-name ng-binding\">Auxetic 2.0<\/h3>\n<p><span class=\"value\"><span class=\"ng-binding\">Auxetic technology has been improved in its second version and is now located both in the bridge area and in the central carbon bar along the handle. In this way, after hitting the ball, the internal structure reacts by transmitting the blow from the face, through the bridge, and directly from the grip to the hand. This gives an incredible feeling of impact on every shot, increasing confidence in your game.<\/span> <\/span><\/p>\n<h3 class=\"feature-name ng-binding\">Comfort Foam<\/h3>\n<p><span class=\"value\"><span class=\"ng-binding\">COMFORT FOAM: it is the ideal rubber for the player who wants maximum comfort. Absorbs vibrations while increasing the power of your blows.<\/span> <\/span><\/p>\n<h3 class=\"feature-name ng-binding\">Spin Surface<\/h3>\n<p><span class=\"value\"><span class=\"ng-binding\">Rough lacquered technology on the face that helps generate more spin, with extra ball grip at impact.<\/span> <\/span><\/p>\n<h3 class=\"feature-name ng-binding\">12K CARBON<\/h3>\n<p><span class=\"value\"><span class=\"ng-binding\">Striking surface constructed of ultra-light 12K carbon fiber, offering additional rigidity and hardness, greater resistance and a magnificent touch. This carbon fiber is ideal for adding precision and explosiveness to your game.<\/span> <\/span><\/p>\n<h3 class=\"feature-name ng-binding\">Integrated Protector System (IPS)<\/h3>\n<p><span class=\"value\"><span class=\"ng-binding\">IPS is a carbon protector incorporated into the mold that protects your racket from bumps and scratches, thus extending the life of your racket.<\/span> <\/span><\/p>\n<h3 class=\"feature-name ng-binding\">Smart Bridge<\/h3>\n<p><span class=\"value\"><span class=\"ng-binding\">Each racket has its DNA. Smart Bridge technology is the specific and unique development of the bridge area to offer different benefits adapting to the needs of each blade. <\/span> <\/span><\/p>\n<h3 class=\"feature-name ng-binding\">Soft Butt Cap<\/h3>\n<p><span class=\"value\"><span class=\"ng-binding\">The new cap is made of soft material that provides a comfortable and soft grip.<br \/>\nWith an orange finish, it serves to reduce vibrations and pressure, preventing injuries and blisters on the hands.<\/span> <\/span><\/p>\n<p style=\"padding-left: 40px\">-La pala m\u00e1s ligera del mercado: 300 gramos.<\/p>\n","protected":false},"excerpt":{"rendered":"<p>The ONE ULTRALIGHT racket is an innovation that will revolutionize padel, being the lightest racket on the market for adults, weighing only 300 grams.<\/p>\n","protected":false},"featured_media":99098,"comment_status":"open","ping_status":"closed","template":"","meta":{"_acf_changed":false,"_joinchat":[]},"acabado":[1108],"balance":[1148],"dureza":[1153],"forma":[1183],"jugador":[1198],"marca":[1223],"nivel-de-juego":[1353,1343],"superficie":[1363],"tipo-de-juego":[1373],"product_brand":[],"product_cat":[303],"product_tag":[],"class_list":{"0":"post-99162","1":"product","2":"type-product","3":"status-publish","4":"has-post-thumbnail","6":"acabado-rugoso-en","7":"balance-bajo-en","8":"dureza-blanda-en","9":"forma-redonda-en","10":"jugador-woman","11":"marca-head-en","12":"superficie-rugosa-en","13":"tipo-de-juego-control-en","14":"product_cat-palas","16":"first","17":"instock","18":"sale","19":"taxable","20":"shipping-taxable","21":"purchasable","22":"product-type-simple"},"acf":[],"yoast_head":"<!-- This site is optimized with the Yoast SEO plugin v27.4 - https:\/\/yoast.com\/product\/yoast-seo-wordpress\/ -->\n<title>HEAD ONE ULTRALIGHT WHITE - Revolution Padel Store<\/title>\n<meta name=\"description\" content=\"La pala ONE ULTRALIGHT es una innovaci\u00f3n que revolucionar\u00e1 el p\u00e1del, siendo la pala m\u00e1s ligera del mercado para adultos, con un peso de solo 300 gramos. Dise\u00f1ada para facilitar el aprendizaje y mejorar tu nivel de juego mientras te diviertes, esta pala premium presenta un nuevo molde redondeado. Mantiene un grosor de 38 mm en el marco y cuenta con una superficie de tama\u00f1o est\u00e1ndar, adem\u00e1s de una empu\u00f1adura m\u00e1s larga que aumenta la comodidad y proporciona soporte adicional en golpes como el rev\u00e9s.\" \/>\n<meta name=\"robots\" content=\"index, follow, max-snippet:-1, max-image-preview:large, max-video-preview:-1\" \/>\n<link rel=\"canonical\" href=\"https:\/\/15131.p.syniva.es\/en\/head-one-ultralight-white-2\/\" \/>\n<meta property=\"og:locale\" content=\"en_US\" \/>\n<meta property=\"og:type\" content=\"article\" \/>\n<meta property=\"og:title\" content=\"HEAD ONE ULTRALIGHT WHITE - Revolution Padel Store\" \/>\n<meta property=\"og:description\" content=\"La pala ONE ULTRALIGHT es una innovaci\u00f3n que revolucionar\u00e1 el p\u00e1del, siendo la pala m\u00e1s ligera del mercado para adultos, con un peso de solo 300 gramos. Dise\u00f1ada para facilitar el aprendizaje y mejorar tu nivel de juego mientras te diviertes, esta pala premium presenta un nuevo molde redondeado. Mantiene un grosor de 38 mm en el marco y cuenta con una superficie de tama\u00f1o est\u00e1ndar, adem\u00e1s de una empu\u00f1adura m\u00e1s larga que aumenta la comodidad y proporciona soporte adicional en golpes como el rev\u00e9s.\" \/>\n<meta property=\"og:url\" content=\"https:\/\/15131.p.syniva.es\/en\/head-one-ultralight-white-2\/\" \/>\n<meta property=\"og:site_name\" content=\"Revolution Padel Store\" \/>\n<meta property=\"article:modified_time\" content=\"2026-04-08T08:25:08+00:00\" \/>\n<meta property=\"og:image\" content=\"https:\/\/15131.p.syniva.es\/wp-content\/uploads\/2024\/10\/502159.jpg\" \/>\n\t<meta property=\"og:image:width\" content=\"800\" \/>\n\t<meta property=\"og:image:height\" content=\"800\" \/>\n\t<meta property=\"og:image:type\" content=\"image\/jpeg\" \/>\n<meta name=\"twitter:card\" content=\"summary_large_image\" \/>\n<meta name=\"twitter:label1\" content=\"Est. reading time\" \/>\n\t<meta name=\"twitter:data1\" content=\"3 minutes\" \/>\n<script type=\"application\/ld+json\" class=\"yoast-schema-graph\">{\"@context\":\"https:\\\/\\\/schema.org\",\"@graph\":[{\"@type\":\"WebPage\",\"@id\":\"https:\\\/\\\/15131.p.syniva.es\\\/en\\\/head-one-ultralight-white-2\\\/\",\"url\":\"https:\\\/\\\/15131.p.syniva.es\\\/en\\\/head-one-ultralight-white-2\\\/\",\"name\":\"HEAD ONE ULTRALIGHT WHITE - Revolution Padel Store\",\"isPartOf\":{\"@id\":\"https:\\\/\\\/15131.p.syniva.es\\\/en\\\/#website\"},\"primaryImageOfPage\":{\"@id\":\"https:\\\/\\\/15131.p.syniva.es\\\/en\\\/head-one-ultralight-white-2\\\/#primaryimage\"},\"image\":{\"@id\":\"https:\\\/\\\/15131.p.syniva.es\\\/en\\\/head-one-ultralight-white-2\\\/#primaryimage\"},\"thumbnailUrl\":\"https:\\\/\\\/15131.p.syniva.es\\\/wp-content\\\/uploads\\\/2024\\\/10\\\/502159.jpg\",\"datePublished\":\"2024-10-15T06:43:53+00:00\",\"dateModified\":\"2026-04-08T08:25:08+00:00\",\"description\":\"La pala ONE ULTRALIGHT es una innovaci\u00f3n que revolucionar\u00e1 el p\u00e1del, siendo la pala m\u00e1s ligera del mercado para adultos, con un peso de solo 300 gramos. Dise\u00f1ada para facilitar el aprendizaje y mejorar tu nivel de juego mientras te diviertes, esta pala premium presenta un nuevo molde redondeado. Mantiene un grosor de 38 mm en el marco y cuenta con una superficie de tama\u00f1o est\u00e1ndar, adem\u00e1s de una empu\u00f1adura m\u00e1s larga que aumenta la comodidad y proporciona soporte adicional en golpes como el rev\u00e9s.\",\"breadcrumb\":{\"@id\":\"https:\\\/\\\/15131.p.syniva.es\\\/en\\\/head-one-ultralight-white-2\\\/#breadcrumb\"},\"inLanguage\":\"en-US\",\"potentialAction\":[{\"@type\":\"ReadAction\",\"target\":[\"https:\\\/\\\/15131.p.syniva.es\\\/en\\\/head-one-ultralight-white-2\\\/\"]}]},{\"@type\":\"ImageObject\",\"inLanguage\":\"en-US\",\"@id\":\"https:\\\/\\\/15131.p.syniva.es\\\/en\\\/head-one-ultralight-white-2\\\/#primaryimage\",\"url\":\"https:\\\/\\\/15131.p.syniva.es\\\/wp-content\\\/uploads\\\/2024\\\/10\\\/502159.jpg\",\"contentUrl\":\"https:\\\/\\\/15131.p.syniva.es\\\/wp-content\\\/uploads\\\/2024\\\/10\\\/502159.jpg\",\"width\":800,\"height\":800},{\"@type\":\"BreadcrumbList\",\"@id\":\"https:\\\/\\\/15131.p.syniva.es\\\/en\\\/head-one-ultralight-white-2\\\/#breadcrumb\",\"itemListElement\":[{\"@type\":\"ListItem\",\"position\":1,\"name\":\"Portada\",\"item\":\"https:\\\/\\\/15131.p.syniva.es\\\/en\\\/\"},{\"@type\":\"ListItem\",\"position\":2,\"name\":\"Shop\",\"item\":\"https:\\\/\\\/15131.p.syniva.es\\\/en\\\/shop\\\/\"},{\"@type\":\"ListItem\",\"position\":3,\"name\":\"HEAD ONE ULTRALIGHT WHITE\"}]},{\"@type\":\"WebSite\",\"@id\":\"https:\\\/\\\/15131.p.syniva.es\\\/en\\\/#website\",\"url\":\"https:\\\/\\\/15131.p.syniva.es\\\/en\\\/\",\"name\":\"Revolution Padel Store\",\"description\":\"\",\"publisher\":{\"@id\":\"https:\\\/\\\/15131.p.syniva.es\\\/en\\\/#organization\"},\"potentialAction\":[{\"@type\":\"SearchAction\",\"target\":{\"@type\":\"EntryPoint\",\"urlTemplate\":\"https:\\\/\\\/15131.p.syniva.es\\\/en\\\/?s={search_term_string}\"},\"query-input\":{\"@type\":\"PropertyValueSpecification\",\"valueRequired\":true,\"valueName\":\"search_term_string\"}}],\"inLanguage\":\"en-US\"},{\"@type\":\"Organization\",\"@id\":\"https:\\\/\\\/15131.p.syniva.es\\\/en\\\/#organization\",\"name\":\"Revolution Padel Store\",\"url\":\"https:\\\/\\\/15131.p.syniva.es\\\/en\\\/\",\"logo\":{\"@type\":\"ImageObject\",\"inLanguage\":\"en-US\",\"@id\":\"https:\\\/\\\/15131.p.syniva.es\\\/en\\\/#\\\/schema\\\/logo\\\/image\\\/\",\"url\":\"https:\\\/\\\/15131.p.syniva.es\\\/wp-content\\\/uploads\\\/2026\\\/02\\\/revolution-padel-store.jpg\",\"contentUrl\":\"https:\\\/\\\/15131.p.syniva.es\\\/wp-content\\\/uploads\\\/2026\\\/02\\\/revolution-padel-store.jpg\",\"width\":2000,\"height\":2000,\"caption\":\"Revolution Padel Store\"},\"image\":{\"@id\":\"https:\\\/\\\/15131.p.syniva.es\\\/en\\\/#\\\/schema\\\/logo\\\/image\\\/\"},\"sameAs\":[\"https:\\\/\\\/www.instagram.com\\\/revolutionpadelstore\\\/\"]}]}<\/script>\n<!-- \/ Yoast SEO plugin. -->","yoast_head_json":{"title":"HEAD ONE ULTRALIGHT WHITE - Revolution Padel Store","description":"La pala ONE ULTRALIGHT es una innovaci\u00f3n que revolucionar\u00e1 el p\u00e1del, siendo la pala m\u00e1s ligera del mercado para adultos, con un peso de solo 300 gramos. Dise\u00f1ada para facilitar el aprendizaje y mejorar tu nivel de juego mientras te diviertes, esta pala premium presenta un nuevo molde redondeado. Mantiene un grosor de 38 mm en el marco y cuenta con una superficie de tama\u00f1o est\u00e1ndar, adem\u00e1s de una empu\u00f1adura m\u00e1s larga que aumenta la comodidad y proporciona soporte adicional en golpes como el rev\u00e9s.","robots":{"index":"index","follow":"follow","max-snippet":"max-snippet:-1","max-image-preview":"max-image-preview:large","max-video-preview":"max-video-preview:-1"},"canonical":"https:\/\/15131.p.syniva.es\/en\/head-one-ultralight-white-2\/","og_locale":"en_US","og_type":"article","og_title":"HEAD ONE ULTRALIGHT WHITE - Revolution Padel Store","og_description":"La pala ONE ULTRALIGHT es una innovaci\u00f3n que revolucionar\u00e1 el p\u00e1del, siendo la pala m\u00e1s ligera del mercado para adultos, con un peso de solo 300 gramos. Dise\u00f1ada para facilitar el aprendizaje y mejorar tu nivel de juego mientras te diviertes, esta pala premium presenta un nuevo molde redondeado. Mantiene un grosor de 38 mm en el marco y cuenta con una superficie de tama\u00f1o est\u00e1ndar, adem\u00e1s de una empu\u00f1adura m\u00e1s larga que aumenta la comodidad y proporciona soporte adicional en golpes como el rev\u00e9s.","og_url":"https:\/\/15131.p.syniva.es\/en\/head-one-ultralight-white-2\/","og_site_name":"Revolution Padel Store","article_modified_time":"2026-04-08T08:25:08+00:00","og_image":[{"width":800,"height":800,"url":"https:\/\/15131.p.syniva.es\/wp-content\/uploads\/2024\/10\/502159.jpg","type":"image\/jpeg"}],"twitter_card":"summary_large_image","twitter_misc":{"Est. reading time":"3 minutes"},"schema":{"@context":"https:\/\/schema.org","@graph":[{"@type":"WebPage","@id":"https:\/\/15131.p.syniva.es\/en\/head-one-ultralight-white-2\/","url":"https:\/\/15131.p.syniva.es\/en\/head-one-ultralight-white-2\/","name":"HEAD ONE ULTRALIGHT WHITE - Revolution Padel Store","isPartOf":{"@id":"https:\/\/15131.p.syniva.es\/en\/#website"},"primaryImageOfPage":{"@id":"https:\/\/15131.p.syniva.es\/en\/head-one-ultralight-white-2\/#primaryimage"},"image":{"@id":"https:\/\/15131.p.syniva.es\/en\/head-one-ultralight-white-2\/#primaryimage"},"thumbnailUrl":"https:\/\/15131.p.syniva.es\/wp-content\/uploads\/2024\/10\/502159.jpg","datePublished":"2024-10-15T06:43:53+00:00","dateModified":"2026-04-08T08:25:08+00:00","description":"La pala ONE ULTRALIGHT es una innovaci\u00f3n que revolucionar\u00e1 el p\u00e1del, siendo la pala m\u00e1s ligera del mercado para adultos, con un peso de solo 300 gramos. Dise\u00f1ada para facilitar el aprendizaje y mejorar tu nivel de juego mientras te diviertes, esta pala premium presenta un nuevo molde redondeado. Mantiene un grosor de 38 mm en el marco y cuenta con una superficie de tama\u00f1o est\u00e1ndar, adem\u00e1s de una empu\u00f1adura m\u00e1s larga que aumenta la comodidad y proporciona soporte adicional en golpes como el rev\u00e9s.","breadcrumb":{"@id":"https:\/\/15131.p.syniva.es\/en\/head-one-ultralight-white-2\/#breadcrumb"},"inLanguage":"en-US","potentialAction":[{"@type":"ReadAction","target":["https:\/\/15131.p.syniva.es\/en\/head-one-ultralight-white-2\/"]}]},{"@type":"ImageObject","inLanguage":"en-US","@id":"https:\/\/15131.p.syniva.es\/en\/head-one-ultralight-white-2\/#primaryimage","url":"https:\/\/15131.p.syniva.es\/wp-content\/uploads\/2024\/10\/502159.jpg","contentUrl":"https:\/\/15131.p.syniva.es\/wp-content\/uploads\/2024\/10\/502159.jpg","width":800,"height":800},{"@type":"BreadcrumbList","@id":"https:\/\/15131.p.syniva.es\/en\/head-one-ultralight-white-2\/#breadcrumb","itemListElement":[{"@type":"ListItem","position":1,"name":"Portada","item":"https:\/\/15131.p.syniva.es\/en\/"},{"@type":"ListItem","position":2,"name":"Shop","item":"https:\/\/15131.p.syniva.es\/en\/shop\/"},{"@type":"ListItem","position":3,"name":"HEAD ONE ULTRALIGHT WHITE"}]},{"@type":"WebSite","@id":"https:\/\/15131.p.syniva.es\/en\/#website","url":"https:\/\/15131.p.syniva.es\/en\/","name":"Revolution Padel Store","description":"","publisher":{"@id":"https:\/\/15131.p.syniva.es\/en\/#organization"},"potentialAction":[{"@type":"SearchAction","target":{"@type":"EntryPoint","urlTemplate":"https:\/\/15131.p.syniva.es\/en\/?s={search_term_string}"},"query-input":{"@type":"PropertyValueSpecification","valueRequired":true,"valueName":"search_term_string"}}],"inLanguage":"en-US"},{"@type":"Organization","@id":"https:\/\/15131.p.syniva.es\/en\/#organization","name":"Revolution Padel Store","url":"https:\/\/15131.p.syniva.es\/en\/","logo":{"@type":"ImageObject","inLanguage":"en-US","@id":"https:\/\/15131.p.syniva.es\/en\/#\/schema\/logo\/image\/","url":"https:\/\/15131.p.syniva.es\/wp-content\/uploads\/2026\/02\/revolution-padel-store.jpg","contentUrl":"https:\/\/15131.p.syniva.es\/wp-content\/uploads\/2026\/02\/revolution-padel-store.jpg","width":2000,"height":2000,"caption":"Revolution Padel Store"},"image":{"@id":"https:\/\/15131.p.syniva.es\/en\/#\/schema\/logo\/image\/"},"sameAs":["https:\/\/www.instagram.com\/revolutionpadelstore\/"]}]}},"_links":{"self":[{"href":"https:\/\/15131.p.syniva.es\/en\/wp-json\/wp\/v2\/product\/99162","targetHints":{"allow":["GET"]}}],"collection":[{"href":"https:\/\/15131.p.syniva.es\/en\/wp-json\/wp\/v2\/product"}],"about":[{"href":"https:\/\/15131.p.syniva.es\/en\/wp-json\/wp\/v2\/types\/product"}],"replies":[{"embeddable":true,"href":"https:\/\/15131.p.syniva.es\/en\/wp-json\/wp\/v2\/comments?post=99162"}],"wp:featuredmedia":[{"embeddable":true,"href":"https:\/\/15131.p.syniva.es\/en\/wp-json\/wp\/v2\/media\/99098"}],"wp:attachment":[{"href":"https:\/\/15131.p.syniva.es\/en\/wp-json\/wp\/v2\/media?parent=99162"}],"wp:term":[{"taxonomy":"acabado","embeddable":true,"href":"https:\/\/15131.p.syniva.es\/en\/wp-json\/wp\/v2\/acabado?post=99162"},{"taxonomy":"balance","embeddable":true,"href":"https:\/\/15131.p.syniva.es\/en\/wp-json\/wp\/v2\/balance?post=99162"},{"taxonomy":"dureza","embeddable":true,"href":"https:\/\/15131.p.syniva.es\/en\/wp-json\/wp\/v2\/dureza?post=99162"},{"taxonomy":"forma","embeddable":true,"href":"https:\/\/15131.p.syniva.es\/en\/wp-json\/wp\/v2\/forma?post=99162"},{"taxonomy":"jugador","embeddable":true,"href":"https:\/\/15131.p.syniva.es\/en\/wp-json\/wp\/v2\/jugador?post=99162"},{"taxonomy":"marca","embeddable":true,"href":"https:\/\/15131.p.syniva.es\/en\/wp-json\/wp\/v2\/marca?post=99162"},{"taxonomy":"nivel-de-juego","embeddable":true,"href":"https:\/\/15131.p.syniva.es\/en\/wp-json\/wp\/v2\/nivel-de-juego?post=99162"},{"taxonomy":"superficie","embeddable":true,"href":"https:\/\/15131.p.syniva.es\/en\/wp-json\/wp\/v2\/superficie?post=99162"},{"taxonomy":"tipo-de-juego","embeddable":true,"href":"https:\/\/15131.p.syniva.es\/en\/wp-json\/wp\/v2\/tipo-de-juego?post=99162"},{"taxonomy":"product_brand","embeddable":true,"href":"https:\/\/15131.p.syniva.es\/en\/wp-json\/wp\/v2\/product_brand?post=99162"},{"taxonomy":"product_cat","embeddable":true,"href":"https:\/\/15131.p.syniva.es\/en\/wp-json\/wp\/v2\/product_cat?post=99162"},{"taxonomy":"product_tag","embeddable":true,"href":"https:\/\/15131.p.syniva.es\/en\/wp-json\/wp\/v2\/product_tag?post=99162"}],"curies":[{"name":"wp","href":"https:\/\/api.w.org\/{rel}","templated":true}]}}