{"id":82349,"date":"2023-12-15T16:08:52","date_gmt":"2023-12-15T15:08:52","guid":{"rendered":"https:\/\/15131.p.syniva.es\/garantia\/"},"modified":"2024-09-30T11:58:47","modified_gmt":"2024-09-30T09:58:47","slug":"garantia","status":"publish","type":"page","link":"https:\/\/15131.p.syniva.es\/fr\/garantia\/","title":{"rendered":"Garantie"},"content":{"rendered":"\n<p>GARANTIES APPLICABLES<\/p>\n\n\n\n<p>Tous les produits propos\u00e9s sur le site Web sont enti\u00e8rement originaux, sauf indication contraire dans leur description.<\/p>\n\n\n\n<p>Conform\u00e9ment \u00e0 la r\u00e9glementation en vigueur sur les garanties des biens de consommation, nos produits b\u00e9n\u00e9ficient d&#8217;une garantie de 2 ans \u00e0 compter de la date de la facture d&#8217;achat (pour les commandes avant le 1er janvier 2022) ou 3 ans (pour les commandes apr\u00e8s le 1er janvier 2022), bien que pendant la premiers mois le d\u00e9faut que peut pr\u00e9senter le produit est pr\u00e9sum\u00e9 provenir de l&#8217;usine, sauf preuve contraire, le client doit d\u00e9montrer qu&#8217;il s&#8217;agit \u00e9galement d&#8217;un d\u00e9faut originaire de l&#8217;usine s&#8217;il survient \u00e0 partir du sixi\u00e8me mois et avant deux ans. Toujours avec facture ou re\u00e7u d&#8217;achat.<\/p>\n\n\n\n<p>Ainsi, s&#8217;il y a une d\u00e9t\u00e9rioration de l&#8217;article et que le client soup\u00e7onne qu&#8217;elle peut \u00eatre due \u00e0 un d\u00e9faut de fabrication, il peut faire appel \u00e0 la garantie en contactant notre service client en ligne dans la rubrique exp\u00e9ditions et retours du site o\u00f9 l&#8217;article a \u00e9t\u00e9 achet\u00e9. effectu\u00e9 l&#8217;achat, conform\u00e9ment au contenu et aux limites \u00e9tablies dans la loi g\u00e9n\u00e9rale pour la d\u00e9fense des consommateurs et des utilisateurs et dans d&#8217;autres r\u00e9glementations applicables.<\/p>\n\n\n\n<p>Sport Business Solutions S.L traitera la garantie avec le service technique de la marque du produit.<\/p>\n\n\n\n<p>Une fois l\u2019article analys\u00e9 par le service technique, trois situations peuvent se pr\u00e9senter :<\/p>\n\n\n\n<p>\u00b7 Faire r\u00e9parer le produit par le service technique et le retourner au client.<\/p>\n\n\n\n<p>\u00b7 Faire remplacer l&#8217;article par un nouveau par le service technique. Dans ce cas, le m\u00eame article sera TOUJOURS retourn\u00e9, et un \u00e9change contre un autre ne sera pas possible (sauf rupture de stock).<\/p>\n\n\n\n<p>\u00b7 Que le service technique d\u00e9termine que le produit ne pr\u00e9sente pas de d\u00e9faut de fabrication et que le changement ou la r\u00e9paration n&#8217;est pas appropri\u00e9. Dans ce cas, le produit original du client sera restitu\u00e9 au client.<\/p>\n\n\n\n<p>(Loi 3\/2014 du 27 mars, qui modifie le texte consolid\u00e9 de la loi g\u00e9n\u00e9rale pour la d\u00e9fense des consommateurs et des utilisateurs et d&#8217;autres lois compl\u00e9mentaires, approuv\u00e9es par le d\u00e9cret l\u00e9gislatif royal 1\/2007 du 16 novembre BOE n\u00b0 76 du 28 mars. , 2014.)<\/p>\n\n\n\n<p>R\u00e8glement des litiges en ligne<\/p>\n\n\n\n<p>En tant que consommateur et utilisateur, nous vous informons que conform\u00e9ment \u00e0 l&#8217;article 14 du r\u00e8glement (UE) 524\/2013, la Commission europ\u00e9enne met \u00e0 disposition une plateforme d&#8217;acc\u00e8s gratuit pour la r\u00e9solution des conflits en ligne entre les parties, sans qu&#8217;il soit n\u00e9cessaire de recourir au tribunaux, gr\u00e2ce \u00e0 l\u2019intervention d\u2019un tiers, appel\u00e9 Organe de r\u00e8glement des diff\u00e9rends, qui agit comme interm\u00e9diaire entre les deux. Cet organe est neutre et dialoguera avec les deux Parties pour parvenir \u00e0 un accord, et pourra finalement sugg\u00e9rer et\/ou imposer une solution au conflit. Lien vers la plateforme ODR<\/p>\n\n\n\n<p>Loi applicable et juridiction<\/p>\n\n\n\n<p>Ces conditions seront r\u00e9gies ou interpr\u00e9t\u00e9es conform\u00e9ment \u00e0 la l\u00e9gislation espagnole dans ce qui n&#8217;est pas express\u00e9ment \u00e9tabli. Le prestataire et le CLIENT s&#8217;engagent \u00e0 soumettre toute controverse pouvant na\u00eetre de la fourniture des produits ou services soumis aux pr\u00e9sentes Conditions, aux Cours et Tribunaux du domicile du CLIENT.<\/p>\n\n\n\n<p>Dans le cas o\u00f9 le CLIENT est domicili\u00e9 en dehors de l&#8217;Espagne, le prestataire et le CLIENT renoncent express\u00e9ment \u00e0 tout autre for, se soumettant aux Cours et Tribunaux comp\u00e9tents et l\u00e9galement d\u00e9termin\u00e9s par les lois applicables au pr\u00e9sent contrat.<\/p>\n\n\n\n<p>En passant votre commande, vous acceptez les pr\u00e9sentes conditions g\u00e9n\u00e9rales et les conditions de service ci-dessous.<\/p>\n\n\n\n<p>Les cadeaux physiques seront disponibles jusqu&#8217;\u00e0 \u00e9puisement des stocks, mais en aucun cas la commande ne sera envoy\u00e9e sans son cadeau correspondant ou son remplacement, si cela est indiqu\u00e9 dans la commande.<br>Nous nous r\u00e9servons le droit d&#8217;\u00e9changer des articles cadeaux, s&#8217;ils ne sont pas disponibles, contre d&#8217;autres de valeur \u00e9gale ou sup\u00e9rieure.<br>Les cadeaux ne sont pas \u00e9changeables contre de l\u2019argent, et les \u00e9changes, retours ou garanties ne sont pas non plus autoris\u00e9s.<br>Les retours d&#8217;articles cadeaux doivent \u00eatre approuv\u00e9s au pr\u00e9alable par \u00e9crit au Centre de Service Client\u00e8le et seront accept\u00e9s ou non, en fonction de la disponibilit\u00e9 des articles.<br>Les frais d&#8217;exp\u00e9dition pour l&#8217;\u00e9change d&#8217;articles cadeaux, pr\u00e9alablement approuv\u00e9s, doivent \u00eatre assum\u00e9s par le client tant dans le tron\u00e7on de son domicile \u00e0 nos installations que dans le tron\u00e7on de remplacement de nos installations au domicile du client.<br>Dans le cas o\u00f9 vous passez une commande comprenant un cadeau et ne disposez pas du stock de la commande initiale \u00e0 ce moment-l\u00e0&nbsp;; Il vous sera propos\u00e9 une compensation pour la g\u00eane occasionn\u00e9e par un autre article de caract\u00e9ristiques \u00e9gales ou sup\u00e9rieures, correspondant ou non \u00e0 l&#8217;article cadeau.<br>L&#8217;entreprise n&#8217;est pas responsable du poids des pelles exp\u00e9di\u00e9es. Nous essayons de respecter les commentaires, en envoyant le poids le plus proche possible, mais nous ne pouvons assurer l&#8217;exp\u00e9dition et nous ne sommes pas responsables des \u00e9ventuels frais de retour.<br>La r\u00e9solution de tout conflit pouvant na\u00eetre de la relation sera r\u00e9solue conform\u00e9ment \u00e0 la l\u00e9gislation espagnole et sera soumise aux cours et tribunaux comp\u00e9tents et l\u00e9galement d\u00e9termin\u00e9s par les lois applicables au pr\u00e9sent contrat.<\/p>\n","protected":false},"excerpt":{"rendered":"<p>GARANTIES APPLICABLES Tous les produits propos\u00e9s sur le site Web sont enti\u00e8rement originaux, sauf indication contraire dans leur description. Conform\u00e9ment \u00e0 la r\u00e9glementation en vigueur sur les garanties des biens de consommation, nos produits b\u00e9n\u00e9ficient d&#8217;une garantie de 2 ans \u00e0 compter de la date de la facture d&#8217;achat (pour les commandes avant le 1er [&hellip;]<\/p>\n","protected":false},"author":1,"featured_media":0,"parent":0,"menu_order":0,"comment_status":"closed","ping_status":"closed","template":"legal.php","meta":{"_acf_changed":false,"_joinchat":[],"footnotes":""},"class_list":["post-82349","page","type-page","status-publish","hentry"],"acf":[],"yoast_head":"<!-- This site is optimized with the Yoast SEO plugin v27.3 - https:\/\/yoast.com\/product\/yoast-seo-wordpress\/ -->\n<title>Garantie - Revolution Padel Store<\/title>\n<meta name=\"robots\" content=\"index, follow, max-snippet:-1, max-image-preview:large, max-video-preview:-1\" \/>\n<link rel=\"canonical\" href=\"https:\/\/15131.p.syniva.es\/fr\/garantia\/\" \/>\n<meta property=\"og:locale\" content=\"fr_FR\" \/>\n<meta property=\"og:type\" content=\"article\" \/>\n<meta property=\"og:title\" content=\"Garantie - Revolution Padel Store\" \/>\n<meta property=\"og:description\" content=\"GARANTIES APPLICABLES Tous les produits propos\u00e9s sur le site Web sont enti\u00e8rement originaux, sauf indication contraire dans leur description. Conform\u00e9ment \u00e0 la r\u00e9glementation en vigueur sur les garanties des biens de consommation, nos produits b\u00e9n\u00e9ficient d&#8217;une garantie de 2 ans \u00e0 compter de la date de la facture d&#8217;achat (pour les commandes avant le 1er [&hellip;]\" \/>\n<meta property=\"og:url\" content=\"https:\/\/15131.p.syniva.es\/fr\/garantia\/\" \/>\n<meta property=\"og:site_name\" content=\"Revolution Padel Store\" \/>\n<meta property=\"article:modified_time\" content=\"2024-09-30T09:58:47+00:00\" \/>\n<meta property=\"og:image\" content=\"https:\/\/15131.p.syniva.es\/wp-content\/uploads\/2026\/02\/revolution-padel-store.jpg\" \/>\n\t<meta property=\"og:image:width\" content=\"2000\" \/>\n\t<meta property=\"og:image:height\" content=\"2000\" \/>\n\t<meta property=\"og:image:type\" content=\"image\/jpeg\" \/>\n<meta name=\"twitter:card\" content=\"summary_large_image\" \/>\n<meta name=\"twitter:label1\" content=\"Dur\u00e9e de lecture estim\u00e9e\" \/>\n\t<meta name=\"twitter:data1\" content=\"4 minutes\" \/>\n<script type=\"application\/ld+json\" class=\"yoast-schema-graph\">{\"@context\":\"https:\\\/\\\/schema.org\",\"@graph\":[{\"@type\":\"WebPage\",\"@id\":\"https:\\\/\\\/15131.p.syniva.es\\\/fr\\\/garantia\\\/\",\"url\":\"https:\\\/\\\/15131.p.syniva.es\\\/fr\\\/garantia\\\/\",\"name\":\"Garantie - Revolution Padel Store\",\"isPartOf\":{\"@id\":\"https:\\\/\\\/15131.p.syniva.es\\\/fr\\\/#website\"},\"datePublished\":\"2023-12-15T15:08:52+00:00\",\"dateModified\":\"2024-09-30T09:58:47+00:00\",\"breadcrumb\":{\"@id\":\"https:\\\/\\\/15131.p.syniva.es\\\/fr\\\/garantia\\\/#breadcrumb\"},\"inLanguage\":\"fr-FR\",\"potentialAction\":[{\"@type\":\"ReadAction\",\"target\":[\"https:\\\/\\\/15131.p.syniva.es\\\/fr\\\/garantia\\\/\"]}]},{\"@type\":\"BreadcrumbList\",\"@id\":\"https:\\\/\\\/15131.p.syniva.es\\\/fr\\\/garantia\\\/#breadcrumb\",\"itemListElement\":[{\"@type\":\"ListItem\",\"position\":1,\"name\":\"Portada\",\"item\":\"https:\\\/\\\/15131.p.syniva.es\\\/fr\\\/\"},{\"@type\":\"ListItem\",\"position\":2,\"name\":\"Garantie\"}]},{\"@type\":\"WebSite\",\"@id\":\"https:\\\/\\\/15131.p.syniva.es\\\/fr\\\/#website\",\"url\":\"https:\\\/\\\/15131.p.syniva.es\\\/fr\\\/\",\"name\":\"Revolution Padel Store\",\"description\":\"\",\"publisher\":{\"@id\":\"https:\\\/\\\/15131.p.syniva.es\\\/fr\\\/#organization\"},\"potentialAction\":[{\"@type\":\"SearchAction\",\"target\":{\"@type\":\"EntryPoint\",\"urlTemplate\":\"https:\\\/\\\/15131.p.syniva.es\\\/fr\\\/?s={search_term_string}\"},\"query-input\":{\"@type\":\"PropertyValueSpecification\",\"valueRequired\":true,\"valueName\":\"search_term_string\"}}],\"inLanguage\":\"fr-FR\"},{\"@type\":\"Organization\",\"@id\":\"https:\\\/\\\/15131.p.syniva.es\\\/fr\\\/#organization\",\"name\":\"Revolution Padel Store\",\"url\":\"https:\\\/\\\/15131.p.syniva.es\\\/fr\\\/\",\"logo\":{\"@type\":\"ImageObject\",\"inLanguage\":\"fr-FR\",\"@id\":\"https:\\\/\\\/15131.p.syniva.es\\\/fr\\\/#\\\/schema\\\/logo\\\/image\\\/\",\"url\":\"https:\\\/\\\/15131.p.syniva.es\\\/wp-content\\\/uploads\\\/2026\\\/02\\\/revolution-padel-store.jpg\",\"contentUrl\":\"https:\\\/\\\/15131.p.syniva.es\\\/wp-content\\\/uploads\\\/2026\\\/02\\\/revolution-padel-store.jpg\",\"width\":2000,\"height\":2000,\"caption\":\"Revolution Padel Store\"},\"image\":{\"@id\":\"https:\\\/\\\/15131.p.syniva.es\\\/fr\\\/#\\\/schema\\\/logo\\\/image\\\/\"},\"sameAs\":[\"https:\\\/\\\/www.instagram.com\\\/revolutionpadelstore\\\/\"]}]}<\/script>\n<!-- \/ Yoast SEO plugin. -->","yoast_head_json":{"title":"Garantie - Revolution Padel Store","robots":{"index":"index","follow":"follow","max-snippet":"max-snippet:-1","max-image-preview":"max-image-preview:large","max-video-preview":"max-video-preview:-1"},"canonical":"https:\/\/15131.p.syniva.es\/fr\/garantia\/","og_locale":"fr_FR","og_type":"article","og_title":"Garantie - Revolution Padel Store","og_description":"GARANTIES APPLICABLES Tous les produits propos\u00e9s sur le site Web sont enti\u00e8rement originaux, sauf indication contraire dans leur description. Conform\u00e9ment \u00e0 la r\u00e9glementation en vigueur sur les garanties des biens de consommation, nos produits b\u00e9n\u00e9ficient d&#8217;une garantie de 2 ans \u00e0 compter de la date de la facture d&#8217;achat (pour les commandes avant le 1er [&hellip;]","og_url":"https:\/\/15131.p.syniva.es\/fr\/garantia\/","og_site_name":"Revolution Padel Store","article_modified_time":"2024-09-30T09:58:47+00:00","og_image":[{"width":2000,"height":2000,"url":"https:\/\/15131.p.syniva.es\/wp-content\/uploads\/2026\/02\/revolution-padel-store.jpg","type":"image\/jpeg"}],"twitter_card":"summary_large_image","twitter_misc":{"Dur\u00e9e de lecture estim\u00e9e":"4 minutes"},"schema":{"@context":"https:\/\/schema.org","@graph":[{"@type":"WebPage","@id":"https:\/\/15131.p.syniva.es\/fr\/garantia\/","url":"https:\/\/15131.p.syniva.es\/fr\/garantia\/","name":"Garantie - Revolution Padel Store","isPartOf":{"@id":"https:\/\/15131.p.syniva.es\/fr\/#website"},"datePublished":"2023-12-15T15:08:52+00:00","dateModified":"2024-09-30T09:58:47+00:00","breadcrumb":{"@id":"https:\/\/15131.p.syniva.es\/fr\/garantia\/#breadcrumb"},"inLanguage":"fr-FR","potentialAction":[{"@type":"ReadAction","target":["https:\/\/15131.p.syniva.es\/fr\/garantia\/"]}]},{"@type":"BreadcrumbList","@id":"https:\/\/15131.p.syniva.es\/fr\/garantia\/#breadcrumb","itemListElement":[{"@type":"ListItem","position":1,"name":"Portada","item":"https:\/\/15131.p.syniva.es\/fr\/"},{"@type":"ListItem","position":2,"name":"Garantie"}]},{"@type":"WebSite","@id":"https:\/\/15131.p.syniva.es\/fr\/#website","url":"https:\/\/15131.p.syniva.es\/fr\/","name":"Revolution Padel Store","description":"","publisher":{"@id":"https:\/\/15131.p.syniva.es\/fr\/#organization"},"potentialAction":[{"@type":"SearchAction","target":{"@type":"EntryPoint","urlTemplate":"https:\/\/15131.p.syniva.es\/fr\/?s={search_term_string}"},"query-input":{"@type":"PropertyValueSpecification","valueRequired":true,"valueName":"search_term_string"}}],"inLanguage":"fr-FR"},{"@type":"Organization","@id":"https:\/\/15131.p.syniva.es\/fr\/#organization","name":"Revolution Padel Store","url":"https:\/\/15131.p.syniva.es\/fr\/","logo":{"@type":"ImageObject","inLanguage":"fr-FR","@id":"https:\/\/15131.p.syniva.es\/fr\/#\/schema\/logo\/image\/","url":"https:\/\/15131.p.syniva.es\/wp-content\/uploads\/2026\/02\/revolution-padel-store.jpg","contentUrl":"https:\/\/15131.p.syniva.es\/wp-content\/uploads\/2026\/02\/revolution-padel-store.jpg","width":2000,"height":2000,"caption":"Revolution Padel Store"},"image":{"@id":"https:\/\/15131.p.syniva.es\/fr\/#\/schema\/logo\/image\/"},"sameAs":["https:\/\/www.instagram.com\/revolutionpadelstore\/"]}]}},"_links":{"self":[{"href":"https:\/\/15131.p.syniva.es\/fr\/wp-json\/wp\/v2\/pages\/82349","targetHints":{"allow":["GET"]}}],"collection":[{"href":"https:\/\/15131.p.syniva.es\/fr\/wp-json\/wp\/v2\/pages"}],"about":[{"href":"https:\/\/15131.p.syniva.es\/fr\/wp-json\/wp\/v2\/types\/page"}],"author":[{"embeddable":true,"href":"https:\/\/15131.p.syniva.es\/fr\/wp-json\/wp\/v2\/users\/1"}],"replies":[{"embeddable":true,"href":"https:\/\/15131.p.syniva.es\/fr\/wp-json\/wp\/v2\/comments?post=82349"}],"version-history":[{"count":1,"href":"https:\/\/15131.p.syniva.es\/fr\/wp-json\/wp\/v2\/pages\/82349\/revisions"}],"predecessor-version":[{"id":82351,"href":"https:\/\/15131.p.syniva.es\/fr\/wp-json\/wp\/v2\/pages\/82349\/revisions\/82351"}],"wp:attachment":[{"href":"https:\/\/15131.p.syniva.es\/fr\/wp-json\/wp\/v2\/media?parent=82349"}],"curies":[{"name":"wp","href":"https:\/\/api.w.org\/{rel}","templated":true}]}}