{"id":82352,"date":"2024-03-11T20:23:10","date_gmt":"2024-03-11T19:23:10","guid":{"rendered":"https:\/\/15131.p.syniva.es\/aviso-legal\/"},"modified":"2024-09-30T12:11:39","modified_gmt":"2024-09-30T10:11:39","slug":"aviso-legal","status":"publish","type":"page","link":"https:\/\/15131.p.syniva.es\/fr\/aviso-legal\/","title":{"rendered":"Mentions l\u00e9gales"},"content":{"rendered":"\n<h2 class=\"wp-block-heading\">Mentions l\u00e9gales<\/h2>\n\n\n\n<p>Responsable du traitement<\/p>\n\n\n\n<p>Les donn\u00e9es personnelles qui peuvent \u00eatre collect\u00e9es directement aupr\u00e8s de l&#8217;int\u00e9ress\u00e9 seront trait\u00e9es de mani\u00e8re confidentielle et seront int\u00e9gr\u00e9es \u00e0 l&#8217;activit\u00e9 de traitement correspondante appartenant \u00e0 Sport Business Solutions, S.L.<\/p>\n\n\n\n<p>But<\/p>\n\n\n\n<p>Description d\u00e9taill\u00e9e de la ou des finalit\u00e9s du traitement&nbsp;:<\/p>\n\n\n\n<p>Nous traiterons vos donn\u00e9es \u00e0 des fins de gestion administrative, comptable et fiscale.<\/p>\n\n\n\n<p>L\u00e9gitimation<\/p>\n\n\n\n<p>L\u00e9gitimation pour l&#8217;ex\u00e9cution d&#8217;un contrat :<\/p>\n\n\n\n<p>Le traitement \u00e9tant n\u00e9cessaire \u00e0 l&#8217;ex\u00e9cution d&#8217;un contrat commercial auquel vous \u00eates partie, il est pr\u00e9cis\u00e9 que le type de contrat en question est le contrat commercial ou la relation pr\u00e9contractuelle susmentionn\u00e9e.<\/p>\n\n\n\n<p>\u00c9tant donn\u00e9 que la communication de donn\u00e9es personnelles constitue une exigence l\u00e9gale ou contractuelle et une condition n\u00e9cessaire \u00e0 la signature du contrat susmentionn\u00e9, l&#8217;int\u00e9ress\u00e9 est inform\u00e9 qu&#8217;il est tenu de fournir les donn\u00e9es personnelles et que les cons\u00e9quences de son refus peuvent entra\u00eener la non-communication des donn\u00e9es personnelles. -fourniture du service demand\u00e9.<\/p>\n\n\n\n<p>Conservation des donn\u00e9es<\/p>\n\n\n\n<p>Les donn\u00e9es personnelles fournies seront conserv\u00e9es pendant le temps n\u00e9cessaire pour atteindre la finalit\u00e9 pour laquelle elles sont collect\u00e9es et pour d\u00e9terminer les \u00e9ventuelles responsabilit\u00e9s pouvant d\u00e9couler de la finalit\u00e9, en plus des d\u00e9lais \u00e9tablis dans la r\u00e9glementation relative aux archives et \u00e0 la documentation.<\/p>\n\n\n\n<p>Communication de donn\u00e9es<\/p>\n\n\n\n<p>Pendant la dur\u00e9e du traitement, Sport Business Solutions, S.L. n&#8217;effectuera aucun transfert, sauf obligation l\u00e9gale, et n&#8217;effectuera aucun transfert.<\/p>\n\n\n\n<p>En option, des transferts temporaires seront effectu\u00e9s vers des soci\u00e9t\u00e9s de services informatiques&nbsp;: sous-traitants en dehors de l&#8217;UE.<\/p>\n\n\n\n<p>Droits des parties int\u00e9ress\u00e9es<\/p>\n\n\n\n<p>L&#8217;int\u00e9ress\u00e9 peut exercer les droits suivants :<\/p>\n\n\n\n<p>\u00b7 Droit de demander l&#8217;acc\u00e8s \u00e0 vos donn\u00e9es personnelles.<\/p>\n\n\n\n<p>\u00b7 Droit de demander sa rectification ou sa suppression.<\/p>\n\n\n\n<p>\u00b7 Droit de demander la limitation de votre traitement.<\/p>\n\n\n\n<p>\u00b7 Droit de s&#8217;opposer au traitement.<\/p>\n\n\n\n<p>\u00b7 Droit \u00e0 la portabilit\u00e9 des donn\u00e9es.<\/p>\n\n\n\n<p>\u00b7 Droit de suppression des donn\u00e9es fournies.<\/p>\n\n\n\n<p>Toute personne a le droit d&#8217;obtenir la confirmation si la Soci\u00e9t\u00e9 traite ou non des donn\u00e9es personnelles la concernant. Les personnes int\u00e9ress\u00e9es ont le droit d&#8217;acc\u00e9der \u00e0 leurs donn\u00e9es personnelles, ainsi que de demander la rectification de donn\u00e9es inexactes ou, le cas \u00e9ch\u00e9ant, de demander leur suppression lorsque, entre autres raisons, les donn\u00e9es ne sont plus n\u00e9cessaires aux fins pour lesquelles elles ont \u00e9t\u00e9 collect\u00e9es. Dans certaines circonstances, les parties int\u00e9ress\u00e9es peuvent demander la limitation du traitement de leurs donn\u00e9es, auquel cas nous les conserverons uniquement pour l&#8217;exercice ou la d\u00e9fense de r\u00e9clamations. Dans certaines circonstances et pour des raisons li\u00e9es \u00e0 leur situation particuli\u00e8re, les int\u00e9ress\u00e9s peuvent s&#8217;opposer au traitement de leurs donn\u00e9es. Dans ce cas, l&#8217;entit\u00e9 cessera de traiter les donn\u00e9es, sauf pour des raisons l\u00e9gitimes et imp\u00e9rieuses, ou pour l&#8217;exercice ou la d\u00e9fense d&#8217;\u00e9ventuelles r\u00e9clamations. Si vous avez donn\u00e9 votre consentement pour une finalit\u00e9 sp\u00e9cifique, vous avez le droit de retirer le consentement donn\u00e9 \u00e0 tout moment, sans affecter la lic\u00e9it\u00e9 du traitement fond\u00e9 sur le consentement pr\u00e9alable \u00e0 son retrait. Pour ce faire, vous pouvez utiliser les formulaires activ\u00e9s par l&#8217;entreprise, ou \u00e9crire \u00e0 Sport Business Solutions, S.L., adresse Calle Espa\u00f1a N21 28880 Meco (Madrid), vous pouvez \u00e9galement envoyer un e-mail \u00e0 info@15131.p.syniva.es.<\/p>\n\n\n\n<p>Si vous estimez que vos droits ont \u00e9t\u00e9 viol\u00e9s en mati\u00e8re de protection de vos donn\u00e9es personnelles, notamment lorsque vous n&#8217;avez pas obtenu satisfaction dans l&#8217;exercice de vos droits, vous pouvez introduire une r\u00e9clamation aupr\u00e8s de l&#8217;autorit\u00e9 de contr\u00f4le de la protection des donn\u00e9es comp\u00e9tente \u00e0 partir de son site internet : www.agpd .es<\/p>\n\n\n\n<p>Provenance des donn\u00e9es<\/p>\n\n\n\n<p>Les donn\u00e9es personnelles que nous traitons chez Sport Business Solutions, S.L. proviennent directement de l&#8217;int\u00e9ress\u00e9.<\/p>\n\n\n\n<p>Les cat\u00e9gories de donn\u00e9es trait\u00e9es sont :<\/p>\n\n\n\n<p>\u00b7 Donn\u00e9es d&#8217;identification<\/p>\n\n\n\n<p>\u00b7 Codes ou cl\u00e9s d&#8217;identification<\/p>\n\n\n\n<p>\u00b7 Adresses postales ou \u00e9lectroniques<\/p>\n\n\n\n<p>\u00b7 Informations commerciales<\/p>\n\n\n\n<p>\u00b7 Donn\u00e9es \u00e9conomiques<\/p>\n\n\n\n<p>Aucune donn\u00e9e sp\u00e9cialement prot\u00e9g\u00e9e n&#8217;est trait\u00e9e.<\/p>\n\n\n\n<p>MENTIONS L\u00c9GALES<\/p>\n\n\n\n<p>Ce portail, dont le propri\u00e9taire est Sport Business Solutions, S.L., avec CIF B02693588, adresse Calle Espa\u00f1a N21 28880 Meco (Madrid), email info@15131.p.syniva.es, et est constitu\u00e9 par le site Web associ\u00e9 au domaine www.15131.p.syniva.es<\/p>\n\n\n\n<p>Conditions g\u00e9n\u00e9rales d&#8217;utilisation<\/p>\n\n\n\n<p>L&#8217;acc\u00e8s et l&#8217;utilisation de ce site Internet attribuent au visiteur la qualit\u00e9 d&#8217;utilisateur. Cela signifie que l&#8217;utilisateur accepte \u00e0 tout moment les conditions d&#8217;utilisation en vigueur et s&#8217;engage \u00e0 faire un usage appropri\u00e9 du contenu du site Internet et \u00e0 observer et respecter strictement les dispositions de la pr\u00e9sente notice et la r\u00e9glementation applicable.<\/p>\n\n\n\n<p>De m\u00eame, l&#8217;utilisateur s&#8217;engage \u00e0 :<\/p>\n\n\n\n<p>1) Fournir des informations v\u00e9ridiques sur les donn\u00e9es d&#8217;enregistrement et les tenir \u00e0 jour&nbsp;;<\/p>\n\n\n\n<p>2) Ne pas diffuser de contenus contraires \u00e0 la loi ou \u00e0 la dignit\u00e9 de la personne ; qui sont discriminatoires en raison de la naissance, de la race, du sexe, de la religion, de l&#8217;opinion ou de toute autre condition ou circonstance personnelle ou sociale&nbsp;; ou qui, de quelque mani\u00e8re que ce soit, sont contraires \u00e0 la loi et \u00e0 l&#8217;ordre public&nbsp;;<\/p>\n\n\n\n<p>Sport Business Solutions, S.L., ne sera en aucun cas responsable des opinions exprim\u00e9es par l&#8217;utilisateur \u00e0 travers les outils de participation propos\u00e9s par le site Web.<\/p>\n\n\n\n<p>Propri\u00e9t\u00e9 intellectuelle et industrielle<\/p>\n\n\n\n<p>L&#8217;Utilisateur reconna\u00eet et accepte que tout contenu affich\u00e9 sur le Site et, notamment, les designs, textes, images, logos, ic\u00f4nes, boutons, logiciels, noms commerciaux, marques, ou tout autre signe susceptible d&#8217;un usage industriel et\/ou commercial sont<\/p>\n\n\n\n<p>soumis aux droits de propri\u00e9t\u00e9 intellectuelle et \u00e0 toutes les marques, noms commerciaux ou signes distinctifs, tous les droits de propri\u00e9t\u00e9 industrielle et intellectuelle, sur les contenus et\/ou tout autre \u00e9l\u00e9ment ins\u00e9r\u00e9 sur la page, qui sont la propri\u00e9t\u00e9 exclusive de Sport Business Solutions, S.L. ou des tiers, qui ont le droit exclusif de les utiliser dans le trafic \u00e9conomique. Pour toutes ces raisons, l&#8217;Utilisateur s&#8217;engage \u00e0 ne pas reproduire, copier, distribuer, mettre \u00e0 disposition ou de toute autre mani\u00e8re communiquer publiquement, transformer ou modifier ces contenus, en d\u00e9gageant Sport Business Solutions, S.L. de toute r\u00e9clamation d\u00e9coulant du non-respect de ces contenus. . En aucun cas, l\u2019acc\u00e8s au Site n\u2019implique aucun type de renonciation, transmission, licence ou cession totale ou partielle desdits droits, sauf disposition expresse contraire. Les pr\u00e9sentes Conditions G\u00e9n\u00e9rales d&#8217;Utilisation du Site ne conf\u00e8rent aux Utilisateurs aucun autre droit d&#8217;utiliser, de modifier, d&#8217;exploiter, de reproduire, de distribuer ou de communiquer publiquement le Site et\/ou son Contenu autre que ceux express\u00e9ment pr\u00e9vus ici. Toute autre utilisation ou exploitation de tout droit sera soumise \u00e0 l&#8217;autorisation pr\u00e9alable et expresse sp\u00e9cifiquement accord\u00e9e \u00e0 cet effet par Sport Business Solutions, S.L., ou le tiers propri\u00e9taire des droits concern\u00e9s.<\/p>\n\n\n\n<p>Les contenus, textes, photographies, dessins, logos, images, programmes informatiques, codes sources et, d&#8217;une mani\u00e8re g\u00e9n\u00e9rale, toute cr\u00e9ation intellectuelle existant sur ce site, ainsi que le site lui-m\u00eame dans son ensemble, en tant qu&#8217;\u0153uvre artistique multim\u00e9dia, sont prot\u00e9g\u00e9s au titre de droits d&#8217;auteur par la l\u00e9gislation sur la propri\u00e9t\u00e9 intellectuelle. Sport Business Solutions, S.L., est propri\u00e9taire des \u00e9l\u00e9ments qui composent la conception graphique du site Web, des menus, des boutons de navigation, du code HTML, des textes, des images, des textures, des graphiques et de tout autre contenu du site Web ou, en dans tous les cas, il dispose de l&#8217;autorisation correspondante pour l&#8217;utilisation desdits \u00e9l\u00e9ments. Le contenu fourni sur le Site Web ne peut \u00eatre reproduit en tout ou en partie, ni transmis, ni enregistr\u00e9 par aucun syst\u00e8me de recherche d&#8217;informations, sous quelque forme ou par quelque moyen que ce soit, sauf autorisation pr\u00e9alable, par \u00e9crit, de l&#8217;Entit\u00e9 susmentionn\u00e9e.<\/p>\n\n\n\n<p>De m\u00eame, il est interdit de supprimer, d&#8217;\u00e9luder et\/ou de manipuler le \u00ab droit d&#8217;auteur \u00bb ainsi que les dispositifs techniques de protection ou tout m\u00e9canisme d&#8217;information que les contenus peuvent contenir. L&#8217;Utilisateur de ce Site Web s&#8217;engage \u00e0 respecter les droits \u00e9nonc\u00e9s et \u00e0 \u00e9viter toute action qui pourrait leur nuire, se r\u00e9servant dans tous les cas \u00e0 Sport Business Solutions, S.L., l&#8217;exercice de tout moyen l\u00e9gal ou action qui lui correspond pour la d\u00e9fense de sa l\u00e9gitime propri\u00e9t\u00e9 intellectuelle. droits et industriels.<\/p>\n\n\n\n<p>Responsabilit\u00e9 du contenu \u2013 Politique de liens<\/p>\n\n\n\n<p>Sport Business Solutions, S.L. n&#8217;est pas responsable de la l\u00e9galit\u00e9 des autres sites Web de tiers \u00e0 partir desquels il est possible d&#8217;acc\u00e9der au portail. Sport Business Solutions, S.L. n&#8217;est pas non plus responsable de la l\u00e9galit\u00e9 des autres sites Web tiers qui peuvent \u00eatre li\u00e9s ou li\u00e9s \u00e0 ce portail.<\/p>\n\n\n\n<p>Sport Business Solutions, S.L. se r\u00e9serve le droit d&#8217;apporter des modifications au site Web sans pr\u00e9avis, afin de maintenir ses informations \u00e0 jour, en ajoutant, modifiant, corrigeant ou \u00e9liminant le contenu publi\u00e9 ou la conception du portail.<\/p>\n\n\n\n<p>Sport Business Solutions, S.L., ne sera pas responsable de l&#8217;utilisation que des tiers font des informations publi\u00e9es sur le portail, ni des dommages subis ou des pertes \u00e9conomiques qui, directement ou indirectement, produisent ou peuvent produire des dommages \u00e9conomiques, mat\u00e9riels ou de donn\u00e9es. , caus\u00e9s par l&#8217;utilisation de ces informations.<\/p>\n\n\n\n<p>Lecture de contenu<\/p>\n\n\n\n<p>La reproduction totale ou partielle du contenu publi\u00e9 sur le portail est interdite, sauf autorisation expresse de Sport Business Solutions, S.L.<\/p>\n\n\n\n<p>Droit applicable<\/p>\n\n\n\n<p>La loi applicable en cas de litige ou de conflit d&#8217;interpr\u00e9tation des termes qui composent cet avis juridique, ainsi que pour toute question li\u00e9e aux services de ce portail, sera la loi espagnole.<\/p>\n","protected":false},"excerpt":{"rendered":"<p>Mentions l\u00e9gales Responsable du traitement Les donn\u00e9es personnelles qui peuvent \u00eatre collect\u00e9es directement aupr\u00e8s de l&#8217;int\u00e9ress\u00e9 seront trait\u00e9es de mani\u00e8re confidentielle et seront int\u00e9gr\u00e9es \u00e0 l&#8217;activit\u00e9 de traitement correspondante appartenant \u00e0 Sport Business Solutions, S.L. But Description d\u00e9taill\u00e9e de la ou des finalit\u00e9s du traitement&nbsp;: Nous traiterons vos donn\u00e9es \u00e0 des fins de gestion administrative, [&hellip;]<\/p>\n","protected":false},"author":1,"featured_media":0,"parent":0,"menu_order":0,"comment_status":"closed","ping_status":"closed","template":"legal.php","meta":{"_acf_changed":false,"_joinchat":[],"footnotes":""},"class_list":["post-82352","page","type-page","status-publish","hentry"],"acf":[],"yoast_head":"<!-- This site is optimized with the Yoast SEO plugin v27.3 - https:\/\/yoast.com\/product\/yoast-seo-wordpress\/ -->\n<title>Mentions l\u00e9gales - Revolution Padel Store<\/title>\n<meta name=\"robots\" content=\"index, follow, max-snippet:-1, max-image-preview:large, max-video-preview:-1\" \/>\n<link rel=\"canonical\" href=\"https:\/\/15131.p.syniva.es\/fr\/aviso-legal\/\" \/>\n<meta property=\"og:locale\" content=\"fr_FR\" \/>\n<meta property=\"og:type\" content=\"article\" \/>\n<meta property=\"og:title\" content=\"Mentions l\u00e9gales - Revolution Padel Store\" \/>\n<meta property=\"og:description\" content=\"Mentions l\u00e9gales Responsable du traitement Les donn\u00e9es personnelles qui peuvent \u00eatre collect\u00e9es directement aupr\u00e8s de l&#8217;int\u00e9ress\u00e9 seront trait\u00e9es de mani\u00e8re confidentielle et seront int\u00e9gr\u00e9es \u00e0 l&#8217;activit\u00e9 de traitement correspondante appartenant \u00e0 Sport Business Solutions, S.L. But Description d\u00e9taill\u00e9e de la ou des finalit\u00e9s du traitement&nbsp;: Nous traiterons vos donn\u00e9es \u00e0 des fins de gestion administrative, [&hellip;]\" \/>\n<meta property=\"og:url\" content=\"https:\/\/15131.p.syniva.es\/fr\/aviso-legal\/\" \/>\n<meta property=\"og:site_name\" content=\"Revolution Padel Store\" \/>\n<meta property=\"article:modified_time\" content=\"2024-09-30T10:11:39+00:00\" \/>\n<meta property=\"og:image\" content=\"https:\/\/15131.p.syniva.es\/wp-content\/uploads\/2026\/02\/revolution-padel-store.jpg\" \/>\n\t<meta property=\"og:image:width\" content=\"2000\" \/>\n\t<meta property=\"og:image:height\" content=\"2000\" \/>\n\t<meta property=\"og:image:type\" content=\"image\/jpeg\" \/>\n<meta name=\"twitter:card\" content=\"summary_large_image\" \/>\n<meta name=\"twitter:label1\" content=\"Dur\u00e9e de lecture estim\u00e9e\" \/>\n\t<meta name=\"twitter:data1\" content=\"7 minutes\" \/>\n<script type=\"application\/ld+json\" class=\"yoast-schema-graph\">{\"@context\":\"https:\\\/\\\/schema.org\",\"@graph\":[{\"@type\":\"WebPage\",\"@id\":\"https:\\\/\\\/15131.p.syniva.es\\\/fr\\\/aviso-legal\\\/\",\"url\":\"https:\\\/\\\/15131.p.syniva.es\\\/fr\\\/aviso-legal\\\/\",\"name\":\"Mentions l\u00e9gales - Revolution Padel Store\",\"isPartOf\":{\"@id\":\"https:\\\/\\\/15131.p.syniva.es\\\/fr\\\/#website\"},\"datePublished\":\"2024-03-11T19:23:10+00:00\",\"dateModified\":\"2024-09-30T10:11:39+00:00\",\"breadcrumb\":{\"@id\":\"https:\\\/\\\/15131.p.syniva.es\\\/fr\\\/aviso-legal\\\/#breadcrumb\"},\"inLanguage\":\"fr-FR\",\"potentialAction\":[{\"@type\":\"ReadAction\",\"target\":[\"https:\\\/\\\/15131.p.syniva.es\\\/fr\\\/aviso-legal\\\/\"]}]},{\"@type\":\"BreadcrumbList\",\"@id\":\"https:\\\/\\\/15131.p.syniva.es\\\/fr\\\/aviso-legal\\\/#breadcrumb\",\"itemListElement\":[{\"@type\":\"ListItem\",\"position\":1,\"name\":\"Portada\",\"item\":\"https:\\\/\\\/15131.p.syniva.es\\\/fr\\\/\"},{\"@type\":\"ListItem\",\"position\":2,\"name\":\"Mentions l\u00e9gales\"}]},{\"@type\":\"WebSite\",\"@id\":\"https:\\\/\\\/15131.p.syniva.es\\\/fr\\\/#website\",\"url\":\"https:\\\/\\\/15131.p.syniva.es\\\/fr\\\/\",\"name\":\"Revolution Padel Store\",\"description\":\"\",\"publisher\":{\"@id\":\"https:\\\/\\\/15131.p.syniva.es\\\/fr\\\/#organization\"},\"potentialAction\":[{\"@type\":\"SearchAction\",\"target\":{\"@type\":\"EntryPoint\",\"urlTemplate\":\"https:\\\/\\\/15131.p.syniva.es\\\/fr\\\/?s={search_term_string}\"},\"query-input\":{\"@type\":\"PropertyValueSpecification\",\"valueRequired\":true,\"valueName\":\"search_term_string\"}}],\"inLanguage\":\"fr-FR\"},{\"@type\":\"Organization\",\"@id\":\"https:\\\/\\\/15131.p.syniva.es\\\/fr\\\/#organization\",\"name\":\"Revolution Padel Store\",\"url\":\"https:\\\/\\\/15131.p.syniva.es\\\/fr\\\/\",\"logo\":{\"@type\":\"ImageObject\",\"inLanguage\":\"fr-FR\",\"@id\":\"https:\\\/\\\/15131.p.syniva.es\\\/fr\\\/#\\\/schema\\\/logo\\\/image\\\/\",\"url\":\"https:\\\/\\\/15131.p.syniva.es\\\/wp-content\\\/uploads\\\/2026\\\/02\\\/revolution-padel-store.jpg\",\"contentUrl\":\"https:\\\/\\\/15131.p.syniva.es\\\/wp-content\\\/uploads\\\/2026\\\/02\\\/revolution-padel-store.jpg\",\"width\":2000,\"height\":2000,\"caption\":\"Revolution Padel Store\"},\"image\":{\"@id\":\"https:\\\/\\\/15131.p.syniva.es\\\/fr\\\/#\\\/schema\\\/logo\\\/image\\\/\"},\"sameAs\":[\"https:\\\/\\\/www.instagram.com\\\/revolutionpadelstore\\\/\"]}]}<\/script>\n<!-- \/ Yoast SEO plugin. -->","yoast_head_json":{"title":"Mentions l\u00e9gales - Revolution Padel Store","robots":{"index":"index","follow":"follow","max-snippet":"max-snippet:-1","max-image-preview":"max-image-preview:large","max-video-preview":"max-video-preview:-1"},"canonical":"https:\/\/15131.p.syniva.es\/fr\/aviso-legal\/","og_locale":"fr_FR","og_type":"article","og_title":"Mentions l\u00e9gales - Revolution Padel Store","og_description":"Mentions l\u00e9gales Responsable du traitement Les donn\u00e9es personnelles qui peuvent \u00eatre collect\u00e9es directement aupr\u00e8s de l&#8217;int\u00e9ress\u00e9 seront trait\u00e9es de mani\u00e8re confidentielle et seront int\u00e9gr\u00e9es \u00e0 l&#8217;activit\u00e9 de traitement correspondante appartenant \u00e0 Sport Business Solutions, S.L. But Description d\u00e9taill\u00e9e de la ou des finalit\u00e9s du traitement&nbsp;: Nous traiterons vos donn\u00e9es \u00e0 des fins de gestion administrative, [&hellip;]","og_url":"https:\/\/15131.p.syniva.es\/fr\/aviso-legal\/","og_site_name":"Revolution Padel Store","article_modified_time":"2024-09-30T10:11:39+00:00","og_image":[{"width":2000,"height":2000,"url":"https:\/\/15131.p.syniva.es\/wp-content\/uploads\/2026\/02\/revolution-padel-store.jpg","type":"image\/jpeg"}],"twitter_card":"summary_large_image","twitter_misc":{"Dur\u00e9e de lecture estim\u00e9e":"7 minutes"},"schema":{"@context":"https:\/\/schema.org","@graph":[{"@type":"WebPage","@id":"https:\/\/15131.p.syniva.es\/fr\/aviso-legal\/","url":"https:\/\/15131.p.syniva.es\/fr\/aviso-legal\/","name":"Mentions l\u00e9gales - Revolution Padel Store","isPartOf":{"@id":"https:\/\/15131.p.syniva.es\/fr\/#website"},"datePublished":"2024-03-11T19:23:10+00:00","dateModified":"2024-09-30T10:11:39+00:00","breadcrumb":{"@id":"https:\/\/15131.p.syniva.es\/fr\/aviso-legal\/#breadcrumb"},"inLanguage":"fr-FR","potentialAction":[{"@type":"ReadAction","target":["https:\/\/15131.p.syniva.es\/fr\/aviso-legal\/"]}]},{"@type":"BreadcrumbList","@id":"https:\/\/15131.p.syniva.es\/fr\/aviso-legal\/#breadcrumb","itemListElement":[{"@type":"ListItem","position":1,"name":"Portada","item":"https:\/\/15131.p.syniva.es\/fr\/"},{"@type":"ListItem","position":2,"name":"Mentions l\u00e9gales"}]},{"@type":"WebSite","@id":"https:\/\/15131.p.syniva.es\/fr\/#website","url":"https:\/\/15131.p.syniva.es\/fr\/","name":"Revolution Padel Store","description":"","publisher":{"@id":"https:\/\/15131.p.syniva.es\/fr\/#organization"},"potentialAction":[{"@type":"SearchAction","target":{"@type":"EntryPoint","urlTemplate":"https:\/\/15131.p.syniva.es\/fr\/?s={search_term_string}"},"query-input":{"@type":"PropertyValueSpecification","valueRequired":true,"valueName":"search_term_string"}}],"inLanguage":"fr-FR"},{"@type":"Organization","@id":"https:\/\/15131.p.syniva.es\/fr\/#organization","name":"Revolution Padel Store","url":"https:\/\/15131.p.syniva.es\/fr\/","logo":{"@type":"ImageObject","inLanguage":"fr-FR","@id":"https:\/\/15131.p.syniva.es\/fr\/#\/schema\/logo\/image\/","url":"https:\/\/15131.p.syniva.es\/wp-content\/uploads\/2026\/02\/revolution-padel-store.jpg","contentUrl":"https:\/\/15131.p.syniva.es\/wp-content\/uploads\/2026\/02\/revolution-padel-store.jpg","width":2000,"height":2000,"caption":"Revolution Padel Store"},"image":{"@id":"https:\/\/15131.p.syniva.es\/fr\/#\/schema\/logo\/image\/"},"sameAs":["https:\/\/www.instagram.com\/revolutionpadelstore\/"]}]}},"_links":{"self":[{"href":"https:\/\/15131.p.syniva.es\/fr\/wp-json\/wp\/v2\/pages\/82352","targetHints":{"allow":["GET"]}}],"collection":[{"href":"https:\/\/15131.p.syniva.es\/fr\/wp-json\/wp\/v2\/pages"}],"about":[{"href":"https:\/\/15131.p.syniva.es\/fr\/wp-json\/wp\/v2\/types\/page"}],"author":[{"embeddable":true,"href":"https:\/\/15131.p.syniva.es\/fr\/wp-json\/wp\/v2\/users\/1"}],"replies":[{"embeddable":true,"href":"https:\/\/15131.p.syniva.es\/fr\/wp-json\/wp\/v2\/comments?post=82352"}],"version-history":[{"count":1,"href":"https:\/\/15131.p.syniva.es\/fr\/wp-json\/wp\/v2\/pages\/82352\/revisions"}],"predecessor-version":[{"id":82354,"href":"https:\/\/15131.p.syniva.es\/fr\/wp-json\/wp\/v2\/pages\/82352\/revisions\/82354"}],"wp:attachment":[{"href":"https:\/\/15131.p.syniva.es\/fr\/wp-json\/wp\/v2\/media?parent=82352"}],"curies":[{"name":"wp","href":"https:\/\/api.w.org\/{rel}","templated":true}]}}