{"id":12064,"date":"2024-02-29T15:14:09","date_gmt":"2024-02-29T14:14:09","guid":{"rendered":"https:\/\/15131.p.syniva.es\/adidas-adipower-multiweight-3-3\/"},"modified":"2026-04-08T16:15:18","modified_gmt":"2026-04-08T14:15:18","slug":"adidas-adipower-multiweight-3-3","status":"publish","type":"product","link":"https:\/\/15131.p.syniva.es\/fr\/produit\/adidas-adipower-multiweight-3-3\/","title":{"rendered":"ADIDAS ADIPOWER MULTIWEIGHT 3.3"},"content":{"rendered":"<h2>Adidas Adipower Multiweight 3.3, plus de vitesse et de contr\u00f4le<\/h2>\n<p>Con\u00e7ue pour les joueurs de padel de haut niveau qui pratiquent ce sport fr\u00e9quemment et intens\u00e9ment, la <strong>Adidas Adipower Multiweight 3.3<\/strong> offre un magnifique contr\u00f4le dans les mouvements rapides.<\/p>\n<p>Il a une forme ronde, son \u00e9quilibre est bas et le sweet spot est centr\u00e9, ce qui le rend id\u00e9al si vous cherchez \u00e0 am\u00e9liorer la sensation de contr\u00f4le et la maniabilit\u00e9.<\/p>\n<p>Gr\u00e2ce au syst\u00e8me de poids situ\u00e9 sur le rail de chant <strong>Weight &amp; Balance System Multiweight<\/strong>, cette raquette a la particularit\u00e9 de pouvoir modifier son poids, en ajoutant jusqu&#8217;\u00e0 9 grammes r\u00e9partis sur 7 vis, pour adapter l&#8217;\u00e9quilibre aux besoins du moment.<\/p>\n<h3>R\u00e9sistance optimis\u00e9e<\/h3>\n<p>Quant aux mat\u00e9riaux, le cadre est en fibre de carbone, tandis que des filaments entrelac\u00e9s de fibre de carbone 18K ont \u00e9t\u00e9 utilis\u00e9s pour les faces. Ce mat\u00e9riau garantit une grande durabilit\u00e9, rigidit\u00e9 et r\u00e9sistance.<\/p>\n<p>D&#8217;autre part, dans le noyau, nous trouvons du caoutchouc haute densit\u00e9 <strong>EVA High Memory<\/strong>, une mousse qui se distingue par sa puissance supr\u00eame dans les frappes les plus rapides.<\/p>\n<h3>Coups remplis d&#8217;effets<\/h3>\n<p>De m\u00eame, il poss\u00e8de une nervure interne en carbone dans le cadre appel\u00e9e <strong>Power Embossed Ridge<\/strong>, qui est charg\u00e9e d&#8217;augmenter la rigidit\u00e9 de la structure. Gr\u00e2ce au <strong>Dual Exoskeleton<\/strong>, le cadre et le c\u0153ur de la raquette sont renforc\u00e9s afin que le joueur exerce plus de force \u00e0 chaque coup.<\/p>\n<p>De m\u00eame, pour am\u00e9liorer la durabilit\u00e9, il comprend un <strong>renfort structurel<\/strong>, qui consiste en des renforts p\u00e9rim\u00e9triques qui r\u00e9sistent \u00e0 une torsion \u00e9lev\u00e9e.<\/p>\n<p>Et dans le but que le joueur puisse frapper la balle avec beaucoup plus d&#8217;effets et pouvoir surprendre ses adversaires plus facilement, il int\u00e8gre le relief <strong>Spin Blade Decal<\/strong> et la <strong>Smart Holes Curve<\/strong>, une disposition des trous con\u00e7ue pour faciliter l&#8217;utilisation des effets.<\/p>\n<h2>Adidas Adipower Multiweight 3.3, m\u00e1s velocidad y control<\/h2>\n","protected":false},"excerpt":{"rendered":"<p>Adidas Adipower Multiweight 3.3 : puissance et contr\u00f4le \u00e0 chaque coup. Dot\u00e9e d&#8217;un syst\u00e8me Weight &amp; Balance r\u00e9glable, cette raquette haute performance offre une r\u00e9sistance optimale et des frappes pleines d&#8217;effets. Con\u00e7u pour les joueurs avanc\u00e9s en comp\u00e9tition.<\/p>\n","protected":false},"featured_media":62112,"comment_status":"open","ping_status":"closed","template":"","meta":{"_acf_changed":false,"_joinchat":[]},"acabado":[1087],"balance":[1137],"dureza":[1157],"forma":[1172],"jugador":[1192,1202],"marca":[1232],"nivel-de-juego":[1337],"superficie":[1362],"tipo-de-juego":[1372],"product_brand":[],"product_cat":[302],"product_tag":[],"class_list":{"0":"post-12064","1":"product","2":"type-product","3":"status-publish","4":"has-post-thumbnail","6":"acabado-mon-pote","7":"balance-eleve","8":"dureza-media-fr","9":"forma-diamant","10":"jugador-homme","11":"jugador-polivalente-fr","12":"marca-adidas-fr","13":"superficie-rugosa-fr","14":"tipo-de-juego-control-fr","15":"product_cat-palas-de-padel-fr","17":"first","18":"instock","19":"sale","20":"taxable","21":"shipping-taxable","22":"purchasable","23":"product-type-simple"},"acf":[],"yoast_head":"<!-- This site is optimized with the Yoast SEO plugin v27.4 - https:\/\/yoast.com\/product\/yoast-seo-wordpress\/ -->\n<title>ADIDAS ADIPOWER MULTIWEIGHT 3.3 - Revolution Padel Store<\/title>\n<meta name=\"description\" content=\"Adidas Adipower Multiweight 3.3: Potencia y control en cada golpe. Con sistema Weight &amp; Balance ajustable, esta pala de alto rendimiento ofrece resistencia \u00f3ptima y golpes llenos de efecto. Dise\u00f1ada para jugadores avanzados en competici\u00f3n.\" \/>\n<meta name=\"robots\" content=\"index, follow, max-snippet:-1, max-image-preview:large, max-video-preview:-1\" \/>\n<link rel=\"canonical\" href=\"https:\/\/15131.p.syniva.es\/fr\/produit\/adidas-adipower-multiweight-3-3\/\" \/>\n<meta property=\"og:locale\" content=\"fr_FR\" \/>\n<meta property=\"og:type\" content=\"article\" \/>\n<meta property=\"og:title\" content=\"Adidas Adipower Multiweight 3.3\" \/>\n<meta property=\"og:description\" content=\"Adidas Adipower Multiweight 3.3: Potencia y control en cada golpe. Con sistema Weight &amp; Balance ajustable, esta pala de alto rendimiento ofrece resistencia \u00f3ptima y golpes llenos de efecto. Dise\u00f1ada para jugadores avanzados en competici\u00f3n.\" \/>\n<meta property=\"og:url\" content=\"https:\/\/15131.p.syniva.es\/fr\/produit\/adidas-adipower-multiweight-3-3\/\" \/>\n<meta property=\"og:site_name\" content=\"Revolution Padel Store\" \/>\n<meta property=\"article:modified_time\" content=\"2026-04-08T14:15:18+00:00\" \/>\n<meta property=\"og:image\" content=\"https:\/\/15131.p.syniva.es\/wp-content\/uploads\/2024\/02\/110129_padel_webs_padel_y_grupo_pala_adidas_adipower_multiweight_3_3_adrk1aa2u0_835a-4.webp\" \/>\n\t<meta property=\"og:image:width\" content=\"1500\" \/>\n\t<meta property=\"og:image:height\" content=\"1500\" \/>\n\t<meta property=\"og:image:type\" content=\"image\/webp\" \/>\n<meta name=\"twitter:card\" content=\"summary_large_image\" \/>\n<meta name=\"twitter:label1\" content=\"Dur\u00e9e de lecture estim\u00e9e\" \/>\n\t<meta name=\"twitter:data1\" content=\"2 minutes\" \/>\n<script type=\"application\/ld+json\" class=\"yoast-schema-graph\">{\"@context\":\"https:\\\/\\\/schema.org\",\"@graph\":[{\"@type\":\"WebPage\",\"@id\":\"https:\\\/\\\/15131.p.syniva.es\\\/fr\\\/produit\\\/adidas-adipower-multiweight-3-3\\\/\",\"url\":\"https:\\\/\\\/15131.p.syniva.es\\\/fr\\\/produit\\\/adidas-adipower-multiweight-3-3\\\/\",\"name\":\"ADIDAS ADIPOWER MULTIWEIGHT 3.3 - Revolution Padel Store\",\"isPartOf\":{\"@id\":\"https:\\\/\\\/15131.p.syniva.es\\\/fr\\\/#website\"},\"primaryImageOfPage\":{\"@id\":\"https:\\\/\\\/15131.p.syniva.es\\\/fr\\\/produit\\\/adidas-adipower-multiweight-3-3\\\/#primaryimage\"},\"image\":{\"@id\":\"https:\\\/\\\/15131.p.syniva.es\\\/fr\\\/produit\\\/adidas-adipower-multiweight-3-3\\\/#primaryimage\"},\"thumbnailUrl\":\"https:\\\/\\\/15131.p.syniva.es\\\/wp-content\\\/uploads\\\/2024\\\/02\\\/110129_padel_webs_padel_y_grupo_pala_adidas_adipower_multiweight_3_3_adrk1aa2u0_835a-1.webp\",\"datePublished\":\"2024-02-29T14:14:09+00:00\",\"dateModified\":\"2026-04-08T14:15:18+00:00\",\"description\":\"Adidas Adipower Multiweight 3.3: Potencia y control en cada golpe. Con sistema Weight & Balance ajustable, esta pala de alto rendimiento ofrece resistencia \u00f3ptima y golpes llenos de efecto. Dise\u00f1ada para jugadores avanzados en competici\u00f3n.\",\"breadcrumb\":{\"@id\":\"https:\\\/\\\/15131.p.syniva.es\\\/fr\\\/produit\\\/adidas-adipower-multiweight-3-3\\\/#breadcrumb\"},\"inLanguage\":\"fr-FR\",\"potentialAction\":[{\"@type\":\"ReadAction\",\"target\":[\"https:\\\/\\\/15131.p.syniva.es\\\/fr\\\/produit\\\/adidas-adipower-multiweight-3-3\\\/\"]}]},{\"@type\":\"ImageObject\",\"inLanguage\":\"fr-FR\",\"@id\":\"https:\\\/\\\/15131.p.syniva.es\\\/fr\\\/produit\\\/adidas-adipower-multiweight-3-3\\\/#primaryimage\",\"url\":\"https:\\\/\\\/15131.p.syniva.es\\\/wp-content\\\/uploads\\\/2024\\\/02\\\/110129_padel_webs_padel_y_grupo_pala_adidas_adipower_multiweight_3_3_adrk1aa2u0_835a-1.webp\",\"contentUrl\":\"https:\\\/\\\/15131.p.syniva.es\\\/wp-content\\\/uploads\\\/2024\\\/02\\\/110129_padel_webs_padel_y_grupo_pala_adidas_adipower_multiweight_3_3_adrk1aa2u0_835a-1.webp\",\"width\":1500,\"height\":1500},{\"@type\":\"BreadcrumbList\",\"@id\":\"https:\\\/\\\/15131.p.syniva.es\\\/fr\\\/produit\\\/adidas-adipower-multiweight-3-3\\\/#breadcrumb\",\"itemListElement\":[{\"@type\":\"ListItem\",\"position\":1,\"name\":\"Portada\",\"item\":\"https:\\\/\\\/15131.p.syniva.es\\\/fr\\\/\"},{\"@type\":\"ListItem\",\"position\":2,\"name\":\"Boutique\",\"item\":\"https:\\\/\\\/15131.p.syniva.es\\\/fr\\\/tienda\\\/\"},{\"@type\":\"ListItem\",\"position\":3,\"name\":\"ADIDAS ADIPOWER MULTIWEIGHT 3.3\"}]},{\"@type\":\"WebSite\",\"@id\":\"https:\\\/\\\/15131.p.syniva.es\\\/fr\\\/#website\",\"url\":\"https:\\\/\\\/15131.p.syniva.es\\\/fr\\\/\",\"name\":\"Revolution Padel Store\",\"description\":\"\",\"publisher\":{\"@id\":\"https:\\\/\\\/15131.p.syniva.es\\\/fr\\\/#organization\"},\"potentialAction\":[{\"@type\":\"SearchAction\",\"target\":{\"@type\":\"EntryPoint\",\"urlTemplate\":\"https:\\\/\\\/15131.p.syniva.es\\\/fr\\\/?s={search_term_string}\"},\"query-input\":{\"@type\":\"PropertyValueSpecification\",\"valueRequired\":true,\"valueName\":\"search_term_string\"}}],\"inLanguage\":\"fr-FR\"},{\"@type\":\"Organization\",\"@id\":\"https:\\\/\\\/15131.p.syniva.es\\\/fr\\\/#organization\",\"name\":\"Revolution Padel Store\",\"url\":\"https:\\\/\\\/15131.p.syniva.es\\\/fr\\\/\",\"logo\":{\"@type\":\"ImageObject\",\"inLanguage\":\"fr-FR\",\"@id\":\"https:\\\/\\\/15131.p.syniva.es\\\/fr\\\/#\\\/schema\\\/logo\\\/image\\\/\",\"url\":\"https:\\\/\\\/15131.p.syniva.es\\\/wp-content\\\/uploads\\\/2026\\\/02\\\/revolution-padel-store.jpg\",\"contentUrl\":\"https:\\\/\\\/15131.p.syniva.es\\\/wp-content\\\/uploads\\\/2026\\\/02\\\/revolution-padel-store.jpg\",\"width\":2000,\"height\":2000,\"caption\":\"Revolution Padel Store\"},\"image\":{\"@id\":\"https:\\\/\\\/15131.p.syniva.es\\\/fr\\\/#\\\/schema\\\/logo\\\/image\\\/\"},\"sameAs\":[\"https:\\\/\\\/www.instagram.com\\\/revolutionpadelstore\\\/\"]}]}<\/script>\n<!-- \/ Yoast SEO plugin. -->","yoast_head_json":{"title":"ADIDAS ADIPOWER MULTIWEIGHT 3.3 - Revolution Padel Store","description":"Adidas Adipower Multiweight 3.3: Potencia y control en cada golpe. Con sistema Weight & Balance ajustable, esta pala de alto rendimiento ofrece resistencia \u00f3ptima y golpes llenos de efecto. Dise\u00f1ada para jugadores avanzados en competici\u00f3n.","robots":{"index":"index","follow":"follow","max-snippet":"max-snippet:-1","max-image-preview":"max-image-preview:large","max-video-preview":"max-video-preview:-1"},"canonical":"https:\/\/15131.p.syniva.es\/fr\/produit\/adidas-adipower-multiweight-3-3\/","og_locale":"fr_FR","og_type":"article","og_title":"Adidas Adipower Multiweight 3.3","og_description":"Adidas Adipower Multiweight 3.3: Potencia y control en cada golpe. Con sistema Weight & Balance ajustable, esta pala de alto rendimiento ofrece resistencia \u00f3ptima y golpes llenos de efecto. Dise\u00f1ada para jugadores avanzados en competici\u00f3n.","og_url":"https:\/\/15131.p.syniva.es\/fr\/produit\/adidas-adipower-multiweight-3-3\/","og_site_name":"Revolution Padel Store","article_modified_time":"2026-04-08T14:15:18+00:00","og_image":[{"width":1500,"height":1500,"url":"https:\/\/15131.p.syniva.es\/wp-content\/uploads\/2024\/02\/110129_padel_webs_padel_y_grupo_pala_adidas_adipower_multiweight_3_3_adrk1aa2u0_835a-4.webp","type":"image\/webp"}],"twitter_card":"summary_large_image","twitter_misc":{"Dur\u00e9e de lecture estim\u00e9e":"2 minutes"},"schema":{"@context":"https:\/\/schema.org","@graph":[{"@type":"WebPage","@id":"https:\/\/15131.p.syniva.es\/fr\/produit\/adidas-adipower-multiweight-3-3\/","url":"https:\/\/15131.p.syniva.es\/fr\/produit\/adidas-adipower-multiweight-3-3\/","name":"ADIDAS ADIPOWER MULTIWEIGHT 3.3 - Revolution Padel Store","isPartOf":{"@id":"https:\/\/15131.p.syniva.es\/fr\/#website"},"primaryImageOfPage":{"@id":"https:\/\/15131.p.syniva.es\/fr\/produit\/adidas-adipower-multiweight-3-3\/#primaryimage"},"image":{"@id":"https:\/\/15131.p.syniva.es\/fr\/produit\/adidas-adipower-multiweight-3-3\/#primaryimage"},"thumbnailUrl":"https:\/\/15131.p.syniva.es\/wp-content\/uploads\/2024\/02\/110129_padel_webs_padel_y_grupo_pala_adidas_adipower_multiweight_3_3_adrk1aa2u0_835a-1.webp","datePublished":"2024-02-29T14:14:09+00:00","dateModified":"2026-04-08T14:15:18+00:00","description":"Adidas Adipower Multiweight 3.3: Potencia y control en cada golpe. Con sistema Weight & Balance ajustable, esta pala de alto rendimiento ofrece resistencia \u00f3ptima y golpes llenos de efecto. Dise\u00f1ada para jugadores avanzados en competici\u00f3n.","breadcrumb":{"@id":"https:\/\/15131.p.syniva.es\/fr\/produit\/adidas-adipower-multiweight-3-3\/#breadcrumb"},"inLanguage":"fr-FR","potentialAction":[{"@type":"ReadAction","target":["https:\/\/15131.p.syniva.es\/fr\/produit\/adidas-adipower-multiweight-3-3\/"]}]},{"@type":"ImageObject","inLanguage":"fr-FR","@id":"https:\/\/15131.p.syniva.es\/fr\/produit\/adidas-adipower-multiweight-3-3\/#primaryimage","url":"https:\/\/15131.p.syniva.es\/wp-content\/uploads\/2024\/02\/110129_padel_webs_padel_y_grupo_pala_adidas_adipower_multiweight_3_3_adrk1aa2u0_835a-1.webp","contentUrl":"https:\/\/15131.p.syniva.es\/wp-content\/uploads\/2024\/02\/110129_padel_webs_padel_y_grupo_pala_adidas_adipower_multiweight_3_3_adrk1aa2u0_835a-1.webp","width":1500,"height":1500},{"@type":"BreadcrumbList","@id":"https:\/\/15131.p.syniva.es\/fr\/produit\/adidas-adipower-multiweight-3-3\/#breadcrumb","itemListElement":[{"@type":"ListItem","position":1,"name":"Portada","item":"https:\/\/15131.p.syniva.es\/fr\/"},{"@type":"ListItem","position":2,"name":"Boutique","item":"https:\/\/15131.p.syniva.es\/fr\/tienda\/"},{"@type":"ListItem","position":3,"name":"ADIDAS ADIPOWER MULTIWEIGHT 3.3"}]},{"@type":"WebSite","@id":"https:\/\/15131.p.syniva.es\/fr\/#website","url":"https:\/\/15131.p.syniva.es\/fr\/","name":"Revolution Padel Store","description":"","publisher":{"@id":"https:\/\/15131.p.syniva.es\/fr\/#organization"},"potentialAction":[{"@type":"SearchAction","target":{"@type":"EntryPoint","urlTemplate":"https:\/\/15131.p.syniva.es\/fr\/?s={search_term_string}"},"query-input":{"@type":"PropertyValueSpecification","valueRequired":true,"valueName":"search_term_string"}}],"inLanguage":"fr-FR"},{"@type":"Organization","@id":"https:\/\/15131.p.syniva.es\/fr\/#organization","name":"Revolution Padel Store","url":"https:\/\/15131.p.syniva.es\/fr\/","logo":{"@type":"ImageObject","inLanguage":"fr-FR","@id":"https:\/\/15131.p.syniva.es\/fr\/#\/schema\/logo\/image\/","url":"https:\/\/15131.p.syniva.es\/wp-content\/uploads\/2026\/02\/revolution-padel-store.jpg","contentUrl":"https:\/\/15131.p.syniva.es\/wp-content\/uploads\/2026\/02\/revolution-padel-store.jpg","width":2000,"height":2000,"caption":"Revolution Padel Store"},"image":{"@id":"https:\/\/15131.p.syniva.es\/fr\/#\/schema\/logo\/image\/"},"sameAs":["https:\/\/www.instagram.com\/revolutionpadelstore\/"]}]}},"_links":{"self":[{"href":"https:\/\/15131.p.syniva.es\/fr\/wp-json\/wp\/v2\/product\/12064","targetHints":{"allow":["GET"]}}],"collection":[{"href":"https:\/\/15131.p.syniva.es\/fr\/wp-json\/wp\/v2\/product"}],"about":[{"href":"https:\/\/15131.p.syniva.es\/fr\/wp-json\/wp\/v2\/types\/product"}],"replies":[{"embeddable":true,"href":"https:\/\/15131.p.syniva.es\/fr\/wp-json\/wp\/v2\/comments?post=12064"}],"wp:featuredmedia":[{"embeddable":true,"href":"https:\/\/15131.p.syniva.es\/fr\/wp-json\/wp\/v2\/media\/62112"}],"wp:attachment":[{"href":"https:\/\/15131.p.syniva.es\/fr\/wp-json\/wp\/v2\/media?parent=12064"}],"wp:term":[{"taxonomy":"acabado","embeddable":true,"href":"https:\/\/15131.p.syniva.es\/fr\/wp-json\/wp\/v2\/acabado?post=12064"},{"taxonomy":"balance","embeddable":true,"href":"https:\/\/15131.p.syniva.es\/fr\/wp-json\/wp\/v2\/balance?post=12064"},{"taxonomy":"dureza","embeddable":true,"href":"https:\/\/15131.p.syniva.es\/fr\/wp-json\/wp\/v2\/dureza?post=12064"},{"taxonomy":"forma","embeddable":true,"href":"https:\/\/15131.p.syniva.es\/fr\/wp-json\/wp\/v2\/forma?post=12064"},{"taxonomy":"jugador","embeddable":true,"href":"https:\/\/15131.p.syniva.es\/fr\/wp-json\/wp\/v2\/jugador?post=12064"},{"taxonomy":"marca","embeddable":true,"href":"https:\/\/15131.p.syniva.es\/fr\/wp-json\/wp\/v2\/marca?post=12064"},{"taxonomy":"nivel-de-juego","embeddable":true,"href":"https:\/\/15131.p.syniva.es\/fr\/wp-json\/wp\/v2\/nivel-de-juego?post=12064"},{"taxonomy":"superficie","embeddable":true,"href":"https:\/\/15131.p.syniva.es\/fr\/wp-json\/wp\/v2\/superficie?post=12064"},{"taxonomy":"tipo-de-juego","embeddable":true,"href":"https:\/\/15131.p.syniva.es\/fr\/wp-json\/wp\/v2\/tipo-de-juego?post=12064"},{"taxonomy":"product_brand","embeddable":true,"href":"https:\/\/15131.p.syniva.es\/fr\/wp-json\/wp\/v2\/product_brand?post=12064"},{"taxonomy":"product_cat","embeddable":true,"href":"https:\/\/15131.p.syniva.es\/fr\/wp-json\/wp\/v2\/product_cat?post=12064"},{"taxonomy":"product_tag","embeddable":true,"href":"https:\/\/15131.p.syniva.es\/fr\/wp-json\/wp\/v2\/product_tag?post=12064"}],"curies":[{"name":"wp","href":"https:\/\/api.w.org\/{rel}","templated":true}]}}