{"id":12069,"date":"2024-02-29T14:58:33","date_gmt":"2024-02-29T13:58:33","guid":{"rendered":"https:\/\/15131.p.syniva.es\/adidas-adipower-multiweight-ctrl-3-3\/"},"modified":"2026-04-08T16:15:54","modified_gmt":"2026-04-08T14:15:54","slug":"adidas-adipower-multiweight-ctrl-3-3-3","status":"publish","type":"product","link":"https:\/\/15131.p.syniva.es\/fr\/produit\/adidas-adipower-multiweight-ctrl-3-3-3\/","title":{"rendered":"ADIDAS ADIPOWER MULTIWEIGHT CTRL 3.3"},"content":{"rendered":"<h2>Adidas Adipower Multiweight CTRL 3.3 : puissance d\u00e9fensive en paddle<\/h2>\n<p>Adidas pr\u00e9sente l&#8217;Adipower Multiweight CTRL 3.3 comme \u00e9l\u00e9ment important de sa collection 2024, une option parfaite pour les joueurs de padel de niveau avanc\u00e9, d\u00e9di\u00e9s au sport avec intensit\u00e9 et fr\u00e9quence, cherchant \u00e0 am\u00e9liorer leurs performances \u00e0 chaque match.<\/p>\n<p>Sa forme ronde, son sweet spot central g\u00e9n\u00e9reux et son \u00e9quilibre bas offrent un contr\u00f4le imbattable et une maniabilit\u00e9 exceptionnelle pour des mouvements agiles et rapides sur le court.<\/p>\n<p>Le poids de cette raquette varie entre 355 et 365 grammes, avec la possibilit\u00e9 d&#8217;ajouter 9 grammes suppl\u00e9mentaires pour ajuster \u00e0 la fois le poids et l&#8217;\u00e9quilibre, en l&#8217;adaptant aux besoins sp\u00e9cifiques de chaque joueur et match.<\/p>\n<h3>Durabilit\u00e9 et puissance \u00e0 chaque coup<\/h3>\n<p>Dans le noyau, la mousse haute densit\u00e9, connue sous le nom de caoutchouc EVA High Memory, am\u00e9liore les frappes \u00e0 plus grande vitesse. Le cadre en fibre de carbone assure une solidit\u00e9 et une durabilit\u00e9 optimales. Les faces, compos\u00e9es de filaments tress\u00e9s en fibre de carbone 18K, augmentent la rigidit\u00e9 et la r\u00e9sistance de la pale.<\/p>\n<h3>Des technologies pour des jeux exceptionnels<\/h3>\n<p>Le renforcement structurel, avec renforts p\u00e9rim\u00e9triques, g\u00e9n\u00e8re une plus grande r\u00e9sistance aux torsions \u00e9lev\u00e9es. Les technologies Spin Bladel Decal et Smart Holes Curve facilitent la rotation de la balle avec plus d&#8217;effet, am\u00e9liorant ainsi le contr\u00f4le et le degr\u00e9 d&#8217;effet du joueur. De plus, elle int\u00e8gre les technologies Power Embossed Ridge et Dual Exoskeleton, qui apportent de la rigidit\u00e9 et renforcent le cadre et le c\u0153ur de la raquette.<\/p>\n<h2>Adidas Adipower Multiweight CTRL 3.3: Potencia Defensiva en P\u00e1del<\/h2>\n","protected":false},"excerpt":{"rendered":"<p>Adidas Adipower Multiweight CTRL 3.3 : Contr\u00f4le et puissance exceptionnels pour les joueurs avanc\u00e9s. Moule rond, sweet spot large et \u00e9quilibre faible. Poids r\u00e9glable entre 355 et 365 grammes. Noyau EVA \u00e0 haute m\u00e9moire, face en carbone 18 carats, technologies avanc\u00e9es pour une plus grande r\u00e9sistance et un meilleur effet. Id\u00e9al pour la comp\u00e9tition.<\/p>\n","protected":false},"featured_media":62116,"comment_status":"open","ping_status":"closed","template":"","meta":{"_acf_changed":false,"_joinchat":[]},"acabado":[1087],"balance":[1147],"dureza":[1162],"forma":[1182],"jugador":[1192,1202],"marca":[1232],"nivel-de-juego":[1337],"superficie":[1362],"tipo-de-juego":[1372],"product_brand":[],"product_cat":[302],"product_tag":[],"class_list":{"0":"post-12069","1":"product","2":"type-product","3":"status-publish","4":"has-post-thumbnail","6":"acabado-mon-pote","7":"balance-faible","8":"dureza-dure","9":"forma-rond","10":"jugador-homme","11":"jugador-polivalente-fr","12":"marca-adidas-fr","13":"superficie-rugosa-fr","14":"tipo-de-juego-control-fr","15":"product_cat-palas-de-padel-fr","17":"first","18":"instock","19":"sale","20":"taxable","21":"shipping-taxable","22":"purchasable","23":"product-type-simple"},"acf":[],"yoast_head":"<!-- This site is optimized with the Yoast SEO plugin v27.3 - https:\/\/yoast.com\/product\/yoast-seo-wordpress\/ -->\n<title>ADIDAS ADIPOWER MULTIWEIGHT CTRL 3.3 - Revolution Padel Store<\/title>\n<meta name=\"description\" content=\"Adidas Adipower Multiweight CTRL 3.3: Control excepcional y potencia para jugadores avanzados. Molde redondo, punto dulce amplio y balance bajo. Peso ajustable entre 355 y 365 gramos. N\u00facleo de EVA High Memory, cara de Carbono 18k, tecnolog\u00edas avanzadas para mayor resistencia y efecto. Ideal para competici\u00f3n.\" \/>\n<meta name=\"robots\" content=\"index, follow, max-snippet:-1, max-image-preview:large, max-video-preview:-1\" \/>\n<link rel=\"canonical\" href=\"https:\/\/15131.p.syniva.es\/fr\/produit\/adidas-adipower-multiweight-ctrl-3-3-3\/\" \/>\n<meta property=\"og:locale\" content=\"fr_FR\" \/>\n<meta property=\"og:type\" content=\"article\" \/>\n<meta property=\"og:title\" content=\"Adidas Adipower Multiweight CTRL 3.3\" \/>\n<meta property=\"og:description\" content=\"Adidas Adipower Multiweight CTRL 3.3: Control excepcional y potencia para jugadores avanzados. Molde redondo, punto dulce amplio y balance bajo. Peso ajustable entre 355 y 365 gramos. N\u00facleo de EVA High Memory, cara de Carbono 18k, tecnolog\u00edas avanzadas para mayor resistencia y efecto. Ideal para competici\u00f3n.\" \/>\n<meta property=\"og:url\" content=\"https:\/\/15131.p.syniva.es\/fr\/produit\/adidas-adipower-multiweight-ctrl-3-3-3\/\" \/>\n<meta property=\"og:site_name\" content=\"Revolution Padel Store\" \/>\n<meta property=\"article:modified_time\" content=\"2026-04-08T14:15:54+00:00\" \/>\n<meta property=\"og:image\" content=\"https:\/\/15131.p.syniva.es\/wp-content\/uploads\/2024\/02\/110130_padel_webs_padel_y_grupo_pala_adidas_adipower_multiweight_ctrl_3_3_adrk1_09e6-2.webp\" \/>\n\t<meta property=\"og:image:width\" content=\"1500\" \/>\n\t<meta property=\"og:image:height\" content=\"1500\" \/>\n\t<meta property=\"og:image:type\" content=\"image\/webp\" \/>\n<meta name=\"twitter:card\" content=\"summary_large_image\" \/>\n<meta name=\"twitter:label1\" content=\"Dur\u00e9e de lecture estim\u00e9e\" \/>\n\t<meta name=\"twitter:data1\" content=\"2 minutes\" \/>\n<script type=\"application\/ld+json\" class=\"yoast-schema-graph\">{\"@context\":\"https:\\\/\\\/schema.org\",\"@graph\":[{\"@type\":\"WebPage\",\"@id\":\"https:\\\/\\\/15131.p.syniva.es\\\/fr\\\/produit\\\/adidas-adipower-multiweight-ctrl-3-3-3\\\/\",\"url\":\"https:\\\/\\\/15131.p.syniva.es\\\/fr\\\/produit\\\/adidas-adipower-multiweight-ctrl-3-3-3\\\/\",\"name\":\"ADIDAS ADIPOWER MULTIWEIGHT CTRL 3.3 - Revolution Padel Store\",\"isPartOf\":{\"@id\":\"https:\\\/\\\/15131.p.syniva.es\\\/fr\\\/#website\"},\"primaryImageOfPage\":{\"@id\":\"https:\\\/\\\/15131.p.syniva.es\\\/fr\\\/produit\\\/adidas-adipower-multiweight-ctrl-3-3-3\\\/#primaryimage\"},\"image\":{\"@id\":\"https:\\\/\\\/15131.p.syniva.es\\\/fr\\\/produit\\\/adidas-adipower-multiweight-ctrl-3-3-3\\\/#primaryimage\"},\"thumbnailUrl\":\"https:\\\/\\\/15131.p.syniva.es\\\/wp-content\\\/uploads\\\/2024\\\/02\\\/110130_padel_webs_padel_y_grupo_pala_adidas_adipower_multiweight_ctrl_3_3_adrk1_09e6-1.webp\",\"datePublished\":\"2024-02-29T13:58:33+00:00\",\"dateModified\":\"2026-04-08T14:15:54+00:00\",\"description\":\"Adidas Adipower Multiweight CTRL 3.3: Control excepcional y potencia para jugadores avanzados. Molde redondo, punto dulce amplio y balance bajo. Peso ajustable entre 355 y 365 gramos. N\u00facleo de EVA High Memory, cara de Carbono 18k, tecnolog\u00edas avanzadas para mayor resistencia y efecto. Ideal para competici\u00f3n.\",\"breadcrumb\":{\"@id\":\"https:\\\/\\\/15131.p.syniva.es\\\/fr\\\/produit\\\/adidas-adipower-multiweight-ctrl-3-3-3\\\/#breadcrumb\"},\"inLanguage\":\"fr-FR\",\"potentialAction\":[{\"@type\":\"ReadAction\",\"target\":[\"https:\\\/\\\/15131.p.syniva.es\\\/fr\\\/produit\\\/adidas-adipower-multiweight-ctrl-3-3-3\\\/\"]}]},{\"@type\":\"ImageObject\",\"inLanguage\":\"fr-FR\",\"@id\":\"https:\\\/\\\/15131.p.syniva.es\\\/fr\\\/produit\\\/adidas-adipower-multiweight-ctrl-3-3-3\\\/#primaryimage\",\"url\":\"https:\\\/\\\/15131.p.syniva.es\\\/wp-content\\\/uploads\\\/2024\\\/02\\\/110130_padel_webs_padel_y_grupo_pala_adidas_adipower_multiweight_ctrl_3_3_adrk1_09e6-1.webp\",\"contentUrl\":\"https:\\\/\\\/15131.p.syniva.es\\\/wp-content\\\/uploads\\\/2024\\\/02\\\/110130_padel_webs_padel_y_grupo_pala_adidas_adipower_multiweight_ctrl_3_3_adrk1_09e6-1.webp\",\"width\":1500,\"height\":1500},{\"@type\":\"BreadcrumbList\",\"@id\":\"https:\\\/\\\/15131.p.syniva.es\\\/fr\\\/produit\\\/adidas-adipower-multiweight-ctrl-3-3-3\\\/#breadcrumb\",\"itemListElement\":[{\"@type\":\"ListItem\",\"position\":1,\"name\":\"Portada\",\"item\":\"https:\\\/\\\/15131.p.syniva.es\\\/fr\\\/\"},{\"@type\":\"ListItem\",\"position\":2,\"name\":\"Boutique\",\"item\":\"https:\\\/\\\/15131.p.syniva.es\\\/fr\\\/tienda\\\/\"},{\"@type\":\"ListItem\",\"position\":3,\"name\":\"ADIDAS ADIPOWER MULTIWEIGHT CTRL 3.3\"}]},{\"@type\":\"WebSite\",\"@id\":\"https:\\\/\\\/15131.p.syniva.es\\\/fr\\\/#website\",\"url\":\"https:\\\/\\\/15131.p.syniva.es\\\/fr\\\/\",\"name\":\"Revolution Padel Store\",\"description\":\"\",\"publisher\":{\"@id\":\"https:\\\/\\\/15131.p.syniva.es\\\/fr\\\/#organization\"},\"potentialAction\":[{\"@type\":\"SearchAction\",\"target\":{\"@type\":\"EntryPoint\",\"urlTemplate\":\"https:\\\/\\\/15131.p.syniva.es\\\/fr\\\/?s={search_term_string}\"},\"query-input\":{\"@type\":\"PropertyValueSpecification\",\"valueRequired\":true,\"valueName\":\"search_term_string\"}}],\"inLanguage\":\"fr-FR\"},{\"@type\":\"Organization\",\"@id\":\"https:\\\/\\\/15131.p.syniva.es\\\/fr\\\/#organization\",\"name\":\"Revolution Padel Store\",\"url\":\"https:\\\/\\\/15131.p.syniva.es\\\/fr\\\/\",\"logo\":{\"@type\":\"ImageObject\",\"inLanguage\":\"fr-FR\",\"@id\":\"https:\\\/\\\/15131.p.syniva.es\\\/fr\\\/#\\\/schema\\\/logo\\\/image\\\/\",\"url\":\"https:\\\/\\\/15131.p.syniva.es\\\/wp-content\\\/uploads\\\/2026\\\/02\\\/revolution-padel-store.jpg\",\"contentUrl\":\"https:\\\/\\\/15131.p.syniva.es\\\/wp-content\\\/uploads\\\/2026\\\/02\\\/revolution-padel-store.jpg\",\"width\":2000,\"height\":2000,\"caption\":\"Revolution Padel Store\"},\"image\":{\"@id\":\"https:\\\/\\\/15131.p.syniva.es\\\/fr\\\/#\\\/schema\\\/logo\\\/image\\\/\"},\"sameAs\":[\"https:\\\/\\\/www.instagram.com\\\/revolutionpadelstore\\\/\"]}]}<\/script>\n<!-- \/ Yoast SEO plugin. -->","yoast_head_json":{"title":"ADIDAS ADIPOWER MULTIWEIGHT CTRL 3.3 - Revolution Padel Store","description":"Adidas Adipower Multiweight CTRL 3.3: Control excepcional y potencia para jugadores avanzados. Molde redondo, punto dulce amplio y balance bajo. Peso ajustable entre 355 y 365 gramos. N\u00facleo de EVA High Memory, cara de Carbono 18k, tecnolog\u00edas avanzadas para mayor resistencia y efecto. Ideal para competici\u00f3n.","robots":{"index":"index","follow":"follow","max-snippet":"max-snippet:-1","max-image-preview":"max-image-preview:large","max-video-preview":"max-video-preview:-1"},"canonical":"https:\/\/15131.p.syniva.es\/fr\/produit\/adidas-adipower-multiweight-ctrl-3-3-3\/","og_locale":"fr_FR","og_type":"article","og_title":"Adidas Adipower Multiweight CTRL 3.3","og_description":"Adidas Adipower Multiweight CTRL 3.3: Control excepcional y potencia para jugadores avanzados. Molde redondo, punto dulce amplio y balance bajo. Peso ajustable entre 355 y 365 gramos. N\u00facleo de EVA High Memory, cara de Carbono 18k, tecnolog\u00edas avanzadas para mayor resistencia y efecto. Ideal para competici\u00f3n.","og_url":"https:\/\/15131.p.syniva.es\/fr\/produit\/adidas-adipower-multiweight-ctrl-3-3-3\/","og_site_name":"Revolution Padel Store","article_modified_time":"2026-04-08T14:15:54+00:00","og_image":[{"width":1500,"height":1500,"url":"https:\/\/15131.p.syniva.es\/wp-content\/uploads\/2024\/02\/110130_padel_webs_padel_y_grupo_pala_adidas_adipower_multiweight_ctrl_3_3_adrk1_09e6-2.webp","type":"image\/webp"}],"twitter_card":"summary_large_image","twitter_misc":{"Dur\u00e9e de lecture estim\u00e9e":"2 minutes"},"schema":{"@context":"https:\/\/schema.org","@graph":[{"@type":"WebPage","@id":"https:\/\/15131.p.syniva.es\/fr\/produit\/adidas-adipower-multiweight-ctrl-3-3-3\/","url":"https:\/\/15131.p.syniva.es\/fr\/produit\/adidas-adipower-multiweight-ctrl-3-3-3\/","name":"ADIDAS ADIPOWER MULTIWEIGHT CTRL 3.3 - Revolution Padel Store","isPartOf":{"@id":"https:\/\/15131.p.syniva.es\/fr\/#website"},"primaryImageOfPage":{"@id":"https:\/\/15131.p.syniva.es\/fr\/produit\/adidas-adipower-multiweight-ctrl-3-3-3\/#primaryimage"},"image":{"@id":"https:\/\/15131.p.syniva.es\/fr\/produit\/adidas-adipower-multiweight-ctrl-3-3-3\/#primaryimage"},"thumbnailUrl":"https:\/\/15131.p.syniva.es\/wp-content\/uploads\/2024\/02\/110130_padel_webs_padel_y_grupo_pala_adidas_adipower_multiweight_ctrl_3_3_adrk1_09e6-1.webp","datePublished":"2024-02-29T13:58:33+00:00","dateModified":"2026-04-08T14:15:54+00:00","description":"Adidas Adipower Multiweight CTRL 3.3: Control excepcional y potencia para jugadores avanzados. Molde redondo, punto dulce amplio y balance bajo. Peso ajustable entre 355 y 365 gramos. N\u00facleo de EVA High Memory, cara de Carbono 18k, tecnolog\u00edas avanzadas para mayor resistencia y efecto. Ideal para competici\u00f3n.","breadcrumb":{"@id":"https:\/\/15131.p.syniva.es\/fr\/produit\/adidas-adipower-multiweight-ctrl-3-3-3\/#breadcrumb"},"inLanguage":"fr-FR","potentialAction":[{"@type":"ReadAction","target":["https:\/\/15131.p.syniva.es\/fr\/produit\/adidas-adipower-multiweight-ctrl-3-3-3\/"]}]},{"@type":"ImageObject","inLanguage":"fr-FR","@id":"https:\/\/15131.p.syniva.es\/fr\/produit\/adidas-adipower-multiweight-ctrl-3-3-3\/#primaryimage","url":"https:\/\/15131.p.syniva.es\/wp-content\/uploads\/2024\/02\/110130_padel_webs_padel_y_grupo_pala_adidas_adipower_multiweight_ctrl_3_3_adrk1_09e6-1.webp","contentUrl":"https:\/\/15131.p.syniva.es\/wp-content\/uploads\/2024\/02\/110130_padel_webs_padel_y_grupo_pala_adidas_adipower_multiweight_ctrl_3_3_adrk1_09e6-1.webp","width":1500,"height":1500},{"@type":"BreadcrumbList","@id":"https:\/\/15131.p.syniva.es\/fr\/produit\/adidas-adipower-multiweight-ctrl-3-3-3\/#breadcrumb","itemListElement":[{"@type":"ListItem","position":1,"name":"Portada","item":"https:\/\/15131.p.syniva.es\/fr\/"},{"@type":"ListItem","position":2,"name":"Boutique","item":"https:\/\/15131.p.syniva.es\/fr\/tienda\/"},{"@type":"ListItem","position":3,"name":"ADIDAS ADIPOWER MULTIWEIGHT CTRL 3.3"}]},{"@type":"WebSite","@id":"https:\/\/15131.p.syniva.es\/fr\/#website","url":"https:\/\/15131.p.syniva.es\/fr\/","name":"Revolution Padel Store","description":"","publisher":{"@id":"https:\/\/15131.p.syniva.es\/fr\/#organization"},"potentialAction":[{"@type":"SearchAction","target":{"@type":"EntryPoint","urlTemplate":"https:\/\/15131.p.syniva.es\/fr\/?s={search_term_string}"},"query-input":{"@type":"PropertyValueSpecification","valueRequired":true,"valueName":"search_term_string"}}],"inLanguage":"fr-FR"},{"@type":"Organization","@id":"https:\/\/15131.p.syniva.es\/fr\/#organization","name":"Revolution Padel Store","url":"https:\/\/15131.p.syniva.es\/fr\/","logo":{"@type":"ImageObject","inLanguage":"fr-FR","@id":"https:\/\/15131.p.syniva.es\/fr\/#\/schema\/logo\/image\/","url":"https:\/\/15131.p.syniva.es\/wp-content\/uploads\/2026\/02\/revolution-padel-store.jpg","contentUrl":"https:\/\/15131.p.syniva.es\/wp-content\/uploads\/2026\/02\/revolution-padel-store.jpg","width":2000,"height":2000,"caption":"Revolution Padel Store"},"image":{"@id":"https:\/\/15131.p.syniva.es\/fr\/#\/schema\/logo\/image\/"},"sameAs":["https:\/\/www.instagram.com\/revolutionpadelstore\/"]}]}},"_links":{"self":[{"href":"https:\/\/15131.p.syniva.es\/fr\/wp-json\/wp\/v2\/product\/12069","targetHints":{"allow":["GET"]}}],"collection":[{"href":"https:\/\/15131.p.syniva.es\/fr\/wp-json\/wp\/v2\/product"}],"about":[{"href":"https:\/\/15131.p.syniva.es\/fr\/wp-json\/wp\/v2\/types\/product"}],"replies":[{"embeddable":true,"href":"https:\/\/15131.p.syniva.es\/fr\/wp-json\/wp\/v2\/comments?post=12069"}],"wp:featuredmedia":[{"embeddable":true,"href":"https:\/\/15131.p.syniva.es\/fr\/wp-json\/wp\/v2\/media\/62116"}],"wp:attachment":[{"href":"https:\/\/15131.p.syniva.es\/fr\/wp-json\/wp\/v2\/media?parent=12069"}],"wp:term":[{"taxonomy":"acabado","embeddable":true,"href":"https:\/\/15131.p.syniva.es\/fr\/wp-json\/wp\/v2\/acabado?post=12069"},{"taxonomy":"balance","embeddable":true,"href":"https:\/\/15131.p.syniva.es\/fr\/wp-json\/wp\/v2\/balance?post=12069"},{"taxonomy":"dureza","embeddable":true,"href":"https:\/\/15131.p.syniva.es\/fr\/wp-json\/wp\/v2\/dureza?post=12069"},{"taxonomy":"forma","embeddable":true,"href":"https:\/\/15131.p.syniva.es\/fr\/wp-json\/wp\/v2\/forma?post=12069"},{"taxonomy":"jugador","embeddable":true,"href":"https:\/\/15131.p.syniva.es\/fr\/wp-json\/wp\/v2\/jugador?post=12069"},{"taxonomy":"marca","embeddable":true,"href":"https:\/\/15131.p.syniva.es\/fr\/wp-json\/wp\/v2\/marca?post=12069"},{"taxonomy":"nivel-de-juego","embeddable":true,"href":"https:\/\/15131.p.syniva.es\/fr\/wp-json\/wp\/v2\/nivel-de-juego?post=12069"},{"taxonomy":"superficie","embeddable":true,"href":"https:\/\/15131.p.syniva.es\/fr\/wp-json\/wp\/v2\/superficie?post=12069"},{"taxonomy":"tipo-de-juego","embeddable":true,"href":"https:\/\/15131.p.syniva.es\/fr\/wp-json\/wp\/v2\/tipo-de-juego?post=12069"},{"taxonomy":"product_brand","embeddable":true,"href":"https:\/\/15131.p.syniva.es\/fr\/wp-json\/wp\/v2\/product_brand?post=12069"},{"taxonomy":"product_cat","embeddable":true,"href":"https:\/\/15131.p.syniva.es\/fr\/wp-json\/wp\/v2\/product_cat?post=12069"},{"taxonomy":"product_tag","embeddable":true,"href":"https:\/\/15131.p.syniva.es\/fr\/wp-json\/wp\/v2\/product_tag?post=12069"}],"curies":[{"name":"wp","href":"https:\/\/api.w.org\/{rel}","templated":true}]}}