{"id":129865,"date":"2024-11-28T20:30:12","date_gmt":"2024-11-28T19:30:12","guid":{"rendered":"https:\/\/15131.p.syniva.es\/asics-solution-speed-ff-3-clay\/"},"modified":"2026-04-08T09:58:15","modified_gmt":"2026-04-08T07:58:15","slug":"asics-solution-speed-ff-3-clay-3","status":"publish","type":"product","link":"https:\/\/15131.p.syniva.es\/fr\/produit\/asics-solution-speed-ff-3-clay-3\/","title":{"rendered":"ASICS SOLUTION SPEED FF 3 CLAY"},"content":{"rendered":"<h2> Solution ASICS Vitesse ff 3 Clay Orange femme <\/h2>\n<p>Padel Chaussures For Women Asics Solution Speed \u200b\u200bFF 3 Clay Blank and Orange est sp\u00e9cialement con\u00e7u pour offrir des performances plus \u00e9lev\u00e9es sur un terrain obstin\u00e9 et paddle, offrant \u00e0 tout moment un excellent amorti et une r\u00e9activit\u00e9 maximale. Ils ont un soutien suppl\u00e9mentaire gr\u00e2ce aux inserts TPU lat\u00e9raux, qui gardent leur pied ferme et bien positionn\u00e9.<\/p>\n<p>Sa semelle avec un motif de pointes emp\u00eache l&#8217;accumulation de sable et garantit une adh\u00e9rence optimale, am\u00e9liorant la traction et permettant des mouvements agiles et doux sur la piste. De plus, la semelle est fabriqu\u00e9e avec du caoutchouc Ahar, un mat\u00e9riau r\u00e9sistant \u00e0 l&#8217;usure, ce qui augmente la durabilit\u00e9 de la chaussure.<\/p>\n<p>La partie sup\u00e9rieure est construite avec un maillage respirant et r\u00e9sistant, qui garantit un bon ajustement sans sacrifier le confort ni la ventilation. Medialela combine la technologie Flytefoam et la construction d&#8217;espace 3D, s&#8217;adaptant parfaitement au pied f\u00e9minin pour fournir un amortissement l\u00e9ger et efficace dans chaque mouvement.<\/p>\n<p>Son design moderne et \u00e9l\u00e9gant, avec des d\u00e9tails dans des tons oranges sur une cible douce, vous fera vous d\u00e9marquer \u00e0 la fois sur et hors de la piste.<\/p>\n<h2>Asics Solution Speed FF 3 Clay Naranja Mujer<\/h2>\n","protected":false},"excerpt":{"rendered":"<p>Padel Chaussures For Women Asics Solution Solution FF 3 Argile avec semelle Spike en caoutchouc Ahaplus pour une r\u00e9sistance \u00e0 l&#8217;usure optimale. Bon amorti dans les atterrissages.<\/p>\n","protected":false},"featured_media":129829,"comment_status":"open","ping_status":"closed","template":"","meta":{"_acf_changed":false,"_joinchat":[]},"acabado":[],"balance":[],"dureza":[],"forma":[],"jugador":[1197],"marca":[1327],"nivel-de-juego":[],"superficie":[],"tipo-de-juego":[],"product_brand":[],"product_cat":[830],"product_tag":[],"class_list":{"0":"post-129865","1":"product","2":"type-product","3":"status-publish","4":"has-post-thumbnail","6":"jugador-mujer-fr","7":"marca-asics-fr","8":"product_cat-baskets","10":"first","11":"outofstock","12":"sale","13":"taxable","14":"shipping-taxable","15":"purchasable","16":"product-type-variable"},"acf":[],"yoast_head":"<!-- This site is optimized with the Yoast SEO plugin v27.3 - https:\/\/yoast.com\/product\/yoast-seo-wordpress\/ -->\n<title>ASICS SOLUTION SPEED FF 3 CLAY - Revolution Padel Store<\/title>\n<meta name=\"description\" content=\"Las zapatillas de p\u00e1del para mujer Asics Solution Speed FF 3 Clay en blanco y naranja est\u00e1n especialmente dise\u00f1adas para ofrecer un rendimiento superior en pistas de tierra batida y p\u00e1del, proporcionando una excelente amortiguaci\u00f3n y m\u00e1xima reactividad en todo momento. Cuentan con soporte adicional gracias a las inserciones laterales de TPU termoselladas, que mantienen el pie firme y bien posicionado.\" \/>\n<meta name=\"robots\" content=\"index, follow, max-snippet:-1, max-image-preview:large, max-video-preview:-1\" \/>\n<link rel=\"canonical\" href=\"https:\/\/15131.p.syniva.es\/fr\/produit\/asics-solution-speed-ff-3-clay-3\/\" \/>\n<meta property=\"og:locale\" content=\"fr_FR\" \/>\n<meta property=\"og:type\" content=\"article\" \/>\n<meta property=\"og:title\" content=\"ASICS SOLUTION SPEED FF 3 CLAY - Revolution Padel Store\" \/>\n<meta property=\"og:description\" content=\"Las zapatillas de p\u00e1del para mujer Asics Solution Speed FF 3 Clay en blanco y naranja est\u00e1n especialmente dise\u00f1adas para ofrecer un rendimiento superior en pistas de tierra batida y p\u00e1del, proporcionando una excelente amortiguaci\u00f3n y m\u00e1xima reactividad en todo momento. Cuentan con soporte adicional gracias a las inserciones laterales de TPU termoselladas, que mantienen el pie firme y bien posicionado.\" \/>\n<meta property=\"og:url\" content=\"https:\/\/15131.p.syniva.es\/fr\/produit\/asics-solution-speed-ff-3-clay-3\/\" \/>\n<meta property=\"og:site_name\" content=\"Revolution Padel Store\" \/>\n<meta property=\"article:modified_time\" content=\"2026-04-08T07:58:15+00:00\" \/>\n<meta property=\"og:image\" content=\"https:\/\/15131.p.syniva.es\/wp-content\/uploads\/2024\/11\/112839_zapatillas_asics_solution_speed_ff_3_clay_1042a248_102_mujer_1500x1500_1_c722.webp\" \/>\n\t<meta property=\"og:image:width\" content=\"1500\" \/>\n\t<meta property=\"og:image:height\" content=\"1500\" \/>\n\t<meta property=\"og:image:type\" content=\"image\/webp\" \/>\n<meta name=\"twitter:card\" content=\"summary_large_image\" \/>\n<meta name=\"twitter:label1\" content=\"Dur\u00e9e de lecture estim\u00e9e\" \/>\n\t<meta name=\"twitter:data1\" content=\"1 minute\" \/>\n<script type=\"application\/ld+json\" class=\"yoast-schema-graph\">{\"@context\":\"https:\\\/\\\/schema.org\",\"@graph\":[{\"@type\":\"WebPage\",\"@id\":\"https:\\\/\\\/15131.p.syniva.es\\\/fr\\\/produit\\\/asics-solution-speed-ff-3-clay-3\\\/\",\"url\":\"https:\\\/\\\/15131.p.syniva.es\\\/fr\\\/produit\\\/asics-solution-speed-ff-3-clay-3\\\/\",\"name\":\"ASICS SOLUTION SPEED FF 3 CLAY - Revolution Padel Store\",\"isPartOf\":{\"@id\":\"https:\\\/\\\/15131.p.syniva.es\\\/fr\\\/#website\"},\"primaryImageOfPage\":{\"@id\":\"https:\\\/\\\/15131.p.syniva.es\\\/fr\\\/produit\\\/asics-solution-speed-ff-3-clay-3\\\/#primaryimage\"},\"image\":{\"@id\":\"https:\\\/\\\/15131.p.syniva.es\\\/fr\\\/produit\\\/asics-solution-speed-ff-3-clay-3\\\/#primaryimage\"},\"thumbnailUrl\":\"https:\\\/\\\/15131.p.syniva.es\\\/wp-content\\\/uploads\\\/2024\\\/11\\\/112839_zapatillas_asics_solution_speed_ff_3_clay_1042a248_102_mujer_1500x1500_1_c722.webp\",\"datePublished\":\"2024-11-28T19:30:12+00:00\",\"dateModified\":\"2026-04-08T07:58:15+00:00\",\"description\":\"Las zapatillas de p\u00e1del para mujer Asics Solution Speed FF 3 Clay en blanco y naranja est\u00e1n especialmente dise\u00f1adas para ofrecer un rendimiento superior en pistas de tierra batida y p\u00e1del, proporcionando una excelente amortiguaci\u00f3n y m\u00e1xima reactividad en todo momento. Cuentan con soporte adicional gracias a las inserciones laterales de TPU termoselladas, que mantienen el pie firme y bien posicionado.\",\"breadcrumb\":{\"@id\":\"https:\\\/\\\/15131.p.syniva.es\\\/fr\\\/produit\\\/asics-solution-speed-ff-3-clay-3\\\/#breadcrumb\"},\"inLanguage\":\"fr-FR\",\"potentialAction\":[{\"@type\":\"ReadAction\",\"target\":[\"https:\\\/\\\/15131.p.syniva.es\\\/fr\\\/produit\\\/asics-solution-speed-ff-3-clay-3\\\/\"]}]},{\"@type\":\"ImageObject\",\"inLanguage\":\"fr-FR\",\"@id\":\"https:\\\/\\\/15131.p.syniva.es\\\/fr\\\/produit\\\/asics-solution-speed-ff-3-clay-3\\\/#primaryimage\",\"url\":\"https:\\\/\\\/15131.p.syniva.es\\\/wp-content\\\/uploads\\\/2024\\\/11\\\/112839_zapatillas_asics_solution_speed_ff_3_clay_1042a248_102_mujer_1500x1500_1_c722.webp\",\"contentUrl\":\"https:\\\/\\\/15131.p.syniva.es\\\/wp-content\\\/uploads\\\/2024\\\/11\\\/112839_zapatillas_asics_solution_speed_ff_3_clay_1042a248_102_mujer_1500x1500_1_c722.webp\",\"width\":1500,\"height\":1500},{\"@type\":\"BreadcrumbList\",\"@id\":\"https:\\\/\\\/15131.p.syniva.es\\\/fr\\\/produit\\\/asics-solution-speed-ff-3-clay-3\\\/#breadcrumb\",\"itemListElement\":[{\"@type\":\"ListItem\",\"position\":1,\"name\":\"Portada\",\"item\":\"https:\\\/\\\/15131.p.syniva.es\\\/fr\\\/\"},{\"@type\":\"ListItem\",\"position\":2,\"name\":\"Boutique\",\"item\":\"https:\\\/\\\/15131.p.syniva.es\\\/fr\\\/tienda\\\/\"},{\"@type\":\"ListItem\",\"position\":3,\"name\":\"ASICS SOLUTION SPEED FF 3 CLAY\"}]},{\"@type\":\"WebSite\",\"@id\":\"https:\\\/\\\/15131.p.syniva.es\\\/fr\\\/#website\",\"url\":\"https:\\\/\\\/15131.p.syniva.es\\\/fr\\\/\",\"name\":\"Revolution Padel Store\",\"description\":\"\",\"publisher\":{\"@id\":\"https:\\\/\\\/15131.p.syniva.es\\\/fr\\\/#organization\"},\"potentialAction\":[{\"@type\":\"SearchAction\",\"target\":{\"@type\":\"EntryPoint\",\"urlTemplate\":\"https:\\\/\\\/15131.p.syniva.es\\\/fr\\\/?s={search_term_string}\"},\"query-input\":{\"@type\":\"PropertyValueSpecification\",\"valueRequired\":true,\"valueName\":\"search_term_string\"}}],\"inLanguage\":\"fr-FR\"},{\"@type\":\"Organization\",\"@id\":\"https:\\\/\\\/15131.p.syniva.es\\\/fr\\\/#organization\",\"name\":\"Revolution Padel Store\",\"url\":\"https:\\\/\\\/15131.p.syniva.es\\\/fr\\\/\",\"logo\":{\"@type\":\"ImageObject\",\"inLanguage\":\"fr-FR\",\"@id\":\"https:\\\/\\\/15131.p.syniva.es\\\/fr\\\/#\\\/schema\\\/logo\\\/image\\\/\",\"url\":\"https:\\\/\\\/15131.p.syniva.es\\\/wp-content\\\/uploads\\\/2026\\\/02\\\/revolution-padel-store.jpg\",\"contentUrl\":\"https:\\\/\\\/15131.p.syniva.es\\\/wp-content\\\/uploads\\\/2026\\\/02\\\/revolution-padel-store.jpg\",\"width\":2000,\"height\":2000,\"caption\":\"Revolution Padel Store\"},\"image\":{\"@id\":\"https:\\\/\\\/15131.p.syniva.es\\\/fr\\\/#\\\/schema\\\/logo\\\/image\\\/\"},\"sameAs\":[\"https:\\\/\\\/www.instagram.com\\\/revolutionpadelstore\\\/\"]}]}<\/script>\n<!-- \/ Yoast SEO plugin. -->","yoast_head_json":{"title":"ASICS SOLUTION SPEED FF 3 CLAY - Revolution Padel Store","description":"Las zapatillas de p\u00e1del para mujer Asics Solution Speed FF 3 Clay en blanco y naranja est\u00e1n especialmente dise\u00f1adas para ofrecer un rendimiento superior en pistas de tierra batida y p\u00e1del, proporcionando una excelente amortiguaci\u00f3n y m\u00e1xima reactividad en todo momento. Cuentan con soporte adicional gracias a las inserciones laterales de TPU termoselladas, que mantienen el pie firme y bien posicionado.","robots":{"index":"index","follow":"follow","max-snippet":"max-snippet:-1","max-image-preview":"max-image-preview:large","max-video-preview":"max-video-preview:-1"},"canonical":"https:\/\/15131.p.syniva.es\/fr\/produit\/asics-solution-speed-ff-3-clay-3\/","og_locale":"fr_FR","og_type":"article","og_title":"ASICS SOLUTION SPEED FF 3 CLAY - Revolution Padel Store","og_description":"Las zapatillas de p\u00e1del para mujer Asics Solution Speed FF 3 Clay en blanco y naranja est\u00e1n especialmente dise\u00f1adas para ofrecer un rendimiento superior en pistas de tierra batida y p\u00e1del, proporcionando una excelente amortiguaci\u00f3n y m\u00e1xima reactividad en todo momento. Cuentan con soporte adicional gracias a las inserciones laterales de TPU termoselladas, que mantienen el pie firme y bien posicionado.","og_url":"https:\/\/15131.p.syniva.es\/fr\/produit\/asics-solution-speed-ff-3-clay-3\/","og_site_name":"Revolution Padel Store","article_modified_time":"2026-04-08T07:58:15+00:00","og_image":[{"width":1500,"height":1500,"url":"https:\/\/15131.p.syniva.es\/wp-content\/uploads\/2024\/11\/112839_zapatillas_asics_solution_speed_ff_3_clay_1042a248_102_mujer_1500x1500_1_c722.webp","type":"image\/webp"}],"twitter_card":"summary_large_image","twitter_misc":{"Dur\u00e9e de lecture estim\u00e9e":"1 minute"},"schema":{"@context":"https:\/\/schema.org","@graph":[{"@type":"WebPage","@id":"https:\/\/15131.p.syniva.es\/fr\/produit\/asics-solution-speed-ff-3-clay-3\/","url":"https:\/\/15131.p.syniva.es\/fr\/produit\/asics-solution-speed-ff-3-clay-3\/","name":"ASICS SOLUTION SPEED FF 3 CLAY - Revolution Padel Store","isPartOf":{"@id":"https:\/\/15131.p.syniva.es\/fr\/#website"},"primaryImageOfPage":{"@id":"https:\/\/15131.p.syniva.es\/fr\/produit\/asics-solution-speed-ff-3-clay-3\/#primaryimage"},"image":{"@id":"https:\/\/15131.p.syniva.es\/fr\/produit\/asics-solution-speed-ff-3-clay-3\/#primaryimage"},"thumbnailUrl":"https:\/\/15131.p.syniva.es\/wp-content\/uploads\/2024\/11\/112839_zapatillas_asics_solution_speed_ff_3_clay_1042a248_102_mujer_1500x1500_1_c722.webp","datePublished":"2024-11-28T19:30:12+00:00","dateModified":"2026-04-08T07:58:15+00:00","description":"Las zapatillas de p\u00e1del para mujer Asics Solution Speed FF 3 Clay en blanco y naranja est\u00e1n especialmente dise\u00f1adas para ofrecer un rendimiento superior en pistas de tierra batida y p\u00e1del, proporcionando una excelente amortiguaci\u00f3n y m\u00e1xima reactividad en todo momento. Cuentan con soporte adicional gracias a las inserciones laterales de TPU termoselladas, que mantienen el pie firme y bien posicionado.","breadcrumb":{"@id":"https:\/\/15131.p.syniva.es\/fr\/produit\/asics-solution-speed-ff-3-clay-3\/#breadcrumb"},"inLanguage":"fr-FR","potentialAction":[{"@type":"ReadAction","target":["https:\/\/15131.p.syniva.es\/fr\/produit\/asics-solution-speed-ff-3-clay-3\/"]}]},{"@type":"ImageObject","inLanguage":"fr-FR","@id":"https:\/\/15131.p.syniva.es\/fr\/produit\/asics-solution-speed-ff-3-clay-3\/#primaryimage","url":"https:\/\/15131.p.syniva.es\/wp-content\/uploads\/2024\/11\/112839_zapatillas_asics_solution_speed_ff_3_clay_1042a248_102_mujer_1500x1500_1_c722.webp","contentUrl":"https:\/\/15131.p.syniva.es\/wp-content\/uploads\/2024\/11\/112839_zapatillas_asics_solution_speed_ff_3_clay_1042a248_102_mujer_1500x1500_1_c722.webp","width":1500,"height":1500},{"@type":"BreadcrumbList","@id":"https:\/\/15131.p.syniva.es\/fr\/produit\/asics-solution-speed-ff-3-clay-3\/#breadcrumb","itemListElement":[{"@type":"ListItem","position":1,"name":"Portada","item":"https:\/\/15131.p.syniva.es\/fr\/"},{"@type":"ListItem","position":2,"name":"Boutique","item":"https:\/\/15131.p.syniva.es\/fr\/tienda\/"},{"@type":"ListItem","position":3,"name":"ASICS SOLUTION SPEED FF 3 CLAY"}]},{"@type":"WebSite","@id":"https:\/\/15131.p.syniva.es\/fr\/#website","url":"https:\/\/15131.p.syniva.es\/fr\/","name":"Revolution Padel Store","description":"","publisher":{"@id":"https:\/\/15131.p.syniva.es\/fr\/#organization"},"potentialAction":[{"@type":"SearchAction","target":{"@type":"EntryPoint","urlTemplate":"https:\/\/15131.p.syniva.es\/fr\/?s={search_term_string}"},"query-input":{"@type":"PropertyValueSpecification","valueRequired":true,"valueName":"search_term_string"}}],"inLanguage":"fr-FR"},{"@type":"Organization","@id":"https:\/\/15131.p.syniva.es\/fr\/#organization","name":"Revolution Padel Store","url":"https:\/\/15131.p.syniva.es\/fr\/","logo":{"@type":"ImageObject","inLanguage":"fr-FR","@id":"https:\/\/15131.p.syniva.es\/fr\/#\/schema\/logo\/image\/","url":"https:\/\/15131.p.syniva.es\/wp-content\/uploads\/2026\/02\/revolution-padel-store.jpg","contentUrl":"https:\/\/15131.p.syniva.es\/wp-content\/uploads\/2026\/02\/revolution-padel-store.jpg","width":2000,"height":2000,"caption":"Revolution Padel Store"},"image":{"@id":"https:\/\/15131.p.syniva.es\/fr\/#\/schema\/logo\/image\/"},"sameAs":["https:\/\/www.instagram.com\/revolutionpadelstore\/"]}]}},"_links":{"self":[{"href":"https:\/\/15131.p.syniva.es\/fr\/wp-json\/wp\/v2\/product\/129865","targetHints":{"allow":["GET"]}}],"collection":[{"href":"https:\/\/15131.p.syniva.es\/fr\/wp-json\/wp\/v2\/product"}],"about":[{"href":"https:\/\/15131.p.syniva.es\/fr\/wp-json\/wp\/v2\/types\/product"}],"replies":[{"embeddable":true,"href":"https:\/\/15131.p.syniva.es\/fr\/wp-json\/wp\/v2\/comments?post=129865"}],"wp:featuredmedia":[{"embeddable":true,"href":"https:\/\/15131.p.syniva.es\/fr\/wp-json\/wp\/v2\/media\/129829"}],"wp:attachment":[{"href":"https:\/\/15131.p.syniva.es\/fr\/wp-json\/wp\/v2\/media?parent=129865"}],"wp:term":[{"taxonomy":"acabado","embeddable":true,"href":"https:\/\/15131.p.syniva.es\/fr\/wp-json\/wp\/v2\/acabado?post=129865"},{"taxonomy":"balance","embeddable":true,"href":"https:\/\/15131.p.syniva.es\/fr\/wp-json\/wp\/v2\/balance?post=129865"},{"taxonomy":"dureza","embeddable":true,"href":"https:\/\/15131.p.syniva.es\/fr\/wp-json\/wp\/v2\/dureza?post=129865"},{"taxonomy":"forma","embeddable":true,"href":"https:\/\/15131.p.syniva.es\/fr\/wp-json\/wp\/v2\/forma?post=129865"},{"taxonomy":"jugador","embeddable":true,"href":"https:\/\/15131.p.syniva.es\/fr\/wp-json\/wp\/v2\/jugador?post=129865"},{"taxonomy":"marca","embeddable":true,"href":"https:\/\/15131.p.syniva.es\/fr\/wp-json\/wp\/v2\/marca?post=129865"},{"taxonomy":"nivel-de-juego","embeddable":true,"href":"https:\/\/15131.p.syniva.es\/fr\/wp-json\/wp\/v2\/nivel-de-juego?post=129865"},{"taxonomy":"superficie","embeddable":true,"href":"https:\/\/15131.p.syniva.es\/fr\/wp-json\/wp\/v2\/superficie?post=129865"},{"taxonomy":"tipo-de-juego","embeddable":true,"href":"https:\/\/15131.p.syniva.es\/fr\/wp-json\/wp\/v2\/tipo-de-juego?post=129865"},{"taxonomy":"product_brand","embeddable":true,"href":"https:\/\/15131.p.syniva.es\/fr\/wp-json\/wp\/v2\/product_brand?post=129865"},{"taxonomy":"product_cat","embeddable":true,"href":"https:\/\/15131.p.syniva.es\/fr\/wp-json\/wp\/v2\/product_cat?post=129865"},{"taxonomy":"product_tag","embeddable":true,"href":"https:\/\/15131.p.syniva.es\/fr\/wp-json\/wp\/v2\/product_tag?post=129865"}],"curies":[{"name":"wp","href":"https:\/\/api.w.org\/{rel}","templated":true}]}}