{"id":171002,"date":"2025-02-16T21:07:48","date_gmt":"2025-02-16T20:07:48","guid":{"rendered":"https:\/\/15131.p.syniva.es\/bullpadel-hack-vibram-25v-blanco\/"},"modified":"2026-04-08T07:44:57","modified_gmt":"2026-04-08T05:44:57","slug":"bullpadel-hack-vibram-25v-blanco-3","status":"publish","type":"product","link":"https:\/\/15131.p.syniva.es\/fr\/produit\/bullpadel-hack-vibram-25v-blanco-3\/","title":{"rendered":"BULLPADEL HACK VIBRAM 25V BLANCO"},"content":{"rendered":"<h2> Bullpadel Hack Vibram 25V blanc &#8211; Traction et stabilit\u00e9 maximale sur la piste <\/h2>\n<p>Le <strong> bullpadel hack vibram 25v blanc <\/strong> sont les chaussures paddle con\u00e7ues pour les joueurs les plus exigeants, combinant une technologie de pointe avec un design exclusif. Ce mod\u00e8le, qui fait partie de la collection officielle <strong> PAQUITO NAVARRO pour 2025 <\/strong>, se distingue par sa <strong> Hybrid Vibram Sole <\/strong>, qui offre une adh\u00e9rence exceptionnelle sans compromettre la fluidit\u00e9 des mouvements.<\/p>\n<p>Gr\u00e2ce \u00e0 sa construction avec des mat\u00e9riaux de haute qualit\u00e9 et une technologie innovante, ces chaussures garantissent une r\u00e9sistance sup\u00e9rieure \u00e0 l&#8217;usure et un confort unique.<\/p>\n<h2> <strong> Caract\u00e9ristiques importantes: <\/strong> <\/h2>\n<p>-Suela Vibram Hybrid: fournit une traction optimale dans tous les types de surfaces.<br \/>\n-Protection apprise: Renforcement suppl\u00e9mentaire dans l&#8217;orteil pour \u00e9viter l&#8217;usure de l&#8217;abrasion.<br \/>\n-Catapult Syst\u00e8me: am\u00e9liore les d\u00e9placements dynamiques avec une impulsion suppl\u00e9mentaire.<br \/>\n-Mediasuela 2dens: amorti exceptionnel pour un plus grand confort et stabilit\u00e9.<br \/>\n-Pro Arri\u00e8re: Support et s\u00e9curit\u00e9 plus \u00e9lev\u00e9s dans chaque mouvement.<br \/>\n-Teathmeh Tissu technique: respirabilit\u00e9 am\u00e9lior\u00e9e pour garder vos pieds frais.<br \/>\n-Plantil ortholite: ajustement ergonomique et confort sup\u00e9rieur dans chaque empreinte.<\/p>\n<h2> <strong> am\u00e9liore votre jeu avec la meilleure stabilit\u00e9 et confort <\/strong> <\/h2>\n<p>Si vous recherchez des baskets <strong> pour hommes <\/strong> qui vous permettent de jouer en toute s\u00e9curit\u00e9 et en toute confiance, le <strong> bullpadel hack vibram 25v <\/strong> est le choix parfait. Con\u00e7us pour fournir le meilleur \u00e9quilibre entre l&#8217;adh\u00e9rence, la r\u00e9sistance et le confort, ces chaussures feront passer vos performances au niveau sup\u00e9rieur.<\/p>\n<p><strong> maintenant en consignation dans notre boutique en ligne &lt;a href = &quot;https:\/\/chatgpt.com\/g\/g-675432e02688191b6ee6d6f2fdbb15e-optimisation-textos\/c\/www.15131.p.syniva.es&quot; March\u00e9.<\/p>\n<h2>Bullpadel Hack Vibram 25V Blanco\u2013 M\u00e1xima tracci\u00f3n y estabilidad en la pista<\/h2>\n","protected":false},"excerpt":{"rendered":"<p>Le bullpadel Hack Vibram 25V est des chaussures de haute performance con\u00e7ues pour les joueurs exigeants. Ils ont une semelle hybride, le renforcement de la protection et un ajustement respirant qui offre un confort et une r\u00e9sistance dans chaque partie.<\/p>\n","protected":false},"featured_media":170970,"comment_status":"open","ping_status":"closed","template":"","meta":{"_acf_changed":false,"_joinchat":[]},"acabado":[],"balance":[],"dureza":[],"forma":[],"jugador":[1192],"marca":[1257],"nivel-de-juego":[],"superficie":[],"tipo-de-juego":[],"product_brand":[],"product_cat":[830],"product_tag":[],"class_list":{"0":"post-171002","1":"product","2":"type-product","3":"status-publish","4":"has-post-thumbnail","6":"jugador-homme","7":"marca-bullpadel-fr","8":"product_cat-baskets","10":"first","11":"outofstock","12":"sale","13":"taxable","14":"shipping-taxable","15":"purchasable","16":"product-type-variable"},"acf":[],"yoast_head":"<!-- This site is optimized with the Yoast SEO plugin v27.3 - https:\/\/yoast.com\/product\/yoast-seo-wordpress\/ -->\n<title>BULLPADEL HACK VIBRAM 25V BLANCO - Revolution Padel Store<\/title>\n<meta name=\"description\" content=\"Cons\u00edguelas ahora en nuestra tienda online\u00a0www.15131.p.syniva.es, probablemente al mejor precio del mercado.\" \/>\n<meta name=\"robots\" content=\"index, follow, max-snippet:-1, max-image-preview:large, max-video-preview:-1\" \/>\n<link rel=\"canonical\" href=\"https:\/\/15131.p.syniva.es\/fr\/produit\/bullpadel-hack-vibram-25v-blanco-3\/\" \/>\n<meta property=\"og:locale\" content=\"fr_FR\" \/>\n<meta property=\"og:type\" content=\"article\" \/>\n<meta property=\"og:title\" content=\"BULLPADEL HACK VIBRAM 25V BLANCO - Revolution Padel Store\" \/>\n<meta property=\"og:description\" content=\"Cons\u00edguelas ahora en nuestra tienda online\u00a0www.15131.p.syniva.es, probablemente al mejor precio del mercado.\" \/>\n<meta property=\"og:url\" content=\"https:\/\/15131.p.syniva.es\/fr\/produit\/bullpadel-hack-vibram-25v-blanco-3\/\" \/>\n<meta property=\"og:site_name\" content=\"Revolution Padel Store\" \/>\n<meta property=\"article:modified_time\" content=\"2026-04-08T05:44:57+00:00\" \/>\n<meta property=\"og:image\" content=\"https:\/\/15131.p.syniva.es\/wp-content\/uploads\/2025\/02\/114320-zapatillas-bullpadel-hack-vibram-25v-cm49012000-blanco-1200x1200-1.webp\" \/>\n\t<meta property=\"og:image:width\" content=\"1200\" \/>\n\t<meta property=\"og:image:height\" content=\"1200\" \/>\n\t<meta property=\"og:image:type\" content=\"image\/webp\" \/>\n<meta name=\"twitter:card\" content=\"summary_large_image\" \/>\n<meta name=\"twitter:label1\" content=\"Dur\u00e9e de lecture estim\u00e9e\" \/>\n\t<meta name=\"twitter:data1\" content=\"1 minute\" \/>\n<script type=\"application\/ld+json\" class=\"yoast-schema-graph\">{\"@context\":\"https:\\\/\\\/schema.org\",\"@graph\":[{\"@type\":\"WebPage\",\"@id\":\"https:\\\/\\\/15131.p.syniva.es\\\/fr\\\/produit\\\/bullpadel-hack-vibram-25v-blanco-3\\\/\",\"url\":\"https:\\\/\\\/15131.p.syniva.es\\\/fr\\\/produit\\\/bullpadel-hack-vibram-25v-blanco-3\\\/\",\"name\":\"BULLPADEL HACK VIBRAM 25V BLANCO - Revolution Padel Store\",\"isPartOf\":{\"@id\":\"https:\\\/\\\/15131.p.syniva.es\\\/fr\\\/#website\"},\"primaryImageOfPage\":{\"@id\":\"https:\\\/\\\/15131.p.syniva.es\\\/fr\\\/produit\\\/bullpadel-hack-vibram-25v-blanco-3\\\/#primaryimage\"},\"image\":{\"@id\":\"https:\\\/\\\/15131.p.syniva.es\\\/fr\\\/produit\\\/bullpadel-hack-vibram-25v-blanco-3\\\/#primaryimage\"},\"thumbnailUrl\":\"https:\\\/\\\/15131.p.syniva.es\\\/wp-content\\\/uploads\\\/2025\\\/02\\\/114320-zapatillas-bullpadel-hack-vibram-25v-cm49012000-blanco-1200x1200-1.webp\",\"datePublished\":\"2025-02-16T20:07:48+00:00\",\"dateModified\":\"2026-04-08T05:44:57+00:00\",\"description\":\"Cons\u00edguelas ahora en nuestra tienda online\u00a0www.15131.p.syniva.es, probablemente al mejor precio del mercado.\",\"breadcrumb\":{\"@id\":\"https:\\\/\\\/15131.p.syniva.es\\\/fr\\\/produit\\\/bullpadel-hack-vibram-25v-blanco-3\\\/#breadcrumb\"},\"inLanguage\":\"fr-FR\",\"potentialAction\":[{\"@type\":\"ReadAction\",\"target\":[\"https:\\\/\\\/15131.p.syniva.es\\\/fr\\\/produit\\\/bullpadel-hack-vibram-25v-blanco-3\\\/\"]}]},{\"@type\":\"ImageObject\",\"inLanguage\":\"fr-FR\",\"@id\":\"https:\\\/\\\/15131.p.syniva.es\\\/fr\\\/produit\\\/bullpadel-hack-vibram-25v-blanco-3\\\/#primaryimage\",\"url\":\"https:\\\/\\\/15131.p.syniva.es\\\/wp-content\\\/uploads\\\/2025\\\/02\\\/114320-zapatillas-bullpadel-hack-vibram-25v-cm49012000-blanco-1200x1200-1.webp\",\"contentUrl\":\"https:\\\/\\\/15131.p.syniva.es\\\/wp-content\\\/uploads\\\/2025\\\/02\\\/114320-zapatillas-bullpadel-hack-vibram-25v-cm49012000-blanco-1200x1200-1.webp\",\"width\":1200,\"height\":1200},{\"@type\":\"BreadcrumbList\",\"@id\":\"https:\\\/\\\/15131.p.syniva.es\\\/fr\\\/produit\\\/bullpadel-hack-vibram-25v-blanco-3\\\/#breadcrumb\",\"itemListElement\":[{\"@type\":\"ListItem\",\"position\":1,\"name\":\"Portada\",\"item\":\"https:\\\/\\\/15131.p.syniva.es\\\/fr\\\/\"},{\"@type\":\"ListItem\",\"position\":2,\"name\":\"Boutique\",\"item\":\"https:\\\/\\\/15131.p.syniva.es\\\/fr\\\/tienda\\\/\"},{\"@type\":\"ListItem\",\"position\":3,\"name\":\"BULLPADEL HACK VIBRAM 25V BLANCO\"}]},{\"@type\":\"WebSite\",\"@id\":\"https:\\\/\\\/15131.p.syniva.es\\\/fr\\\/#website\",\"url\":\"https:\\\/\\\/15131.p.syniva.es\\\/fr\\\/\",\"name\":\"Revolution Padel Store\",\"description\":\"\",\"publisher\":{\"@id\":\"https:\\\/\\\/15131.p.syniva.es\\\/fr\\\/#organization\"},\"potentialAction\":[{\"@type\":\"SearchAction\",\"target\":{\"@type\":\"EntryPoint\",\"urlTemplate\":\"https:\\\/\\\/15131.p.syniva.es\\\/fr\\\/?s={search_term_string}\"},\"query-input\":{\"@type\":\"PropertyValueSpecification\",\"valueRequired\":true,\"valueName\":\"search_term_string\"}}],\"inLanguage\":\"fr-FR\"},{\"@type\":\"Organization\",\"@id\":\"https:\\\/\\\/15131.p.syniva.es\\\/fr\\\/#organization\",\"name\":\"Revolution Padel Store\",\"url\":\"https:\\\/\\\/15131.p.syniva.es\\\/fr\\\/\",\"logo\":{\"@type\":\"ImageObject\",\"inLanguage\":\"fr-FR\",\"@id\":\"https:\\\/\\\/15131.p.syniva.es\\\/fr\\\/#\\\/schema\\\/logo\\\/image\\\/\",\"url\":\"https:\\\/\\\/15131.p.syniva.es\\\/wp-content\\\/uploads\\\/2026\\\/02\\\/revolution-padel-store.jpg\",\"contentUrl\":\"https:\\\/\\\/15131.p.syniva.es\\\/wp-content\\\/uploads\\\/2026\\\/02\\\/revolution-padel-store.jpg\",\"width\":2000,\"height\":2000,\"caption\":\"Revolution Padel Store\"},\"image\":{\"@id\":\"https:\\\/\\\/15131.p.syniva.es\\\/fr\\\/#\\\/schema\\\/logo\\\/image\\\/\"},\"sameAs\":[\"https:\\\/\\\/www.instagram.com\\\/revolutionpadelstore\\\/\"]}]}<\/script>\n<!-- \/ Yoast SEO plugin. -->","yoast_head_json":{"title":"BULLPADEL HACK VIBRAM 25V BLANCO - Revolution Padel Store","description":"Cons\u00edguelas ahora en nuestra tienda online\u00a0www.15131.p.syniva.es, probablemente al mejor precio del mercado.","robots":{"index":"index","follow":"follow","max-snippet":"max-snippet:-1","max-image-preview":"max-image-preview:large","max-video-preview":"max-video-preview:-1"},"canonical":"https:\/\/15131.p.syniva.es\/fr\/produit\/bullpadel-hack-vibram-25v-blanco-3\/","og_locale":"fr_FR","og_type":"article","og_title":"BULLPADEL HACK VIBRAM 25V BLANCO - Revolution Padel Store","og_description":"Cons\u00edguelas ahora en nuestra tienda online\u00a0www.15131.p.syniva.es, probablemente al mejor precio del mercado.","og_url":"https:\/\/15131.p.syniva.es\/fr\/produit\/bullpadel-hack-vibram-25v-blanco-3\/","og_site_name":"Revolution Padel Store","article_modified_time":"2026-04-08T05:44:57+00:00","og_image":[{"width":1200,"height":1200,"url":"https:\/\/15131.p.syniva.es\/wp-content\/uploads\/2025\/02\/114320-zapatillas-bullpadel-hack-vibram-25v-cm49012000-blanco-1200x1200-1.webp","type":"image\/webp"}],"twitter_card":"summary_large_image","twitter_misc":{"Dur\u00e9e de lecture estim\u00e9e":"1 minute"},"schema":{"@context":"https:\/\/schema.org","@graph":[{"@type":"WebPage","@id":"https:\/\/15131.p.syniva.es\/fr\/produit\/bullpadel-hack-vibram-25v-blanco-3\/","url":"https:\/\/15131.p.syniva.es\/fr\/produit\/bullpadel-hack-vibram-25v-blanco-3\/","name":"BULLPADEL HACK VIBRAM 25V BLANCO - Revolution Padel Store","isPartOf":{"@id":"https:\/\/15131.p.syniva.es\/fr\/#website"},"primaryImageOfPage":{"@id":"https:\/\/15131.p.syniva.es\/fr\/produit\/bullpadel-hack-vibram-25v-blanco-3\/#primaryimage"},"image":{"@id":"https:\/\/15131.p.syniva.es\/fr\/produit\/bullpadel-hack-vibram-25v-blanco-3\/#primaryimage"},"thumbnailUrl":"https:\/\/15131.p.syniva.es\/wp-content\/uploads\/2025\/02\/114320-zapatillas-bullpadel-hack-vibram-25v-cm49012000-blanco-1200x1200-1.webp","datePublished":"2025-02-16T20:07:48+00:00","dateModified":"2026-04-08T05:44:57+00:00","description":"Cons\u00edguelas ahora en nuestra tienda online\u00a0www.15131.p.syniva.es, probablemente al mejor precio del mercado.","breadcrumb":{"@id":"https:\/\/15131.p.syniva.es\/fr\/produit\/bullpadel-hack-vibram-25v-blanco-3\/#breadcrumb"},"inLanguage":"fr-FR","potentialAction":[{"@type":"ReadAction","target":["https:\/\/15131.p.syniva.es\/fr\/produit\/bullpadel-hack-vibram-25v-blanco-3\/"]}]},{"@type":"ImageObject","inLanguage":"fr-FR","@id":"https:\/\/15131.p.syniva.es\/fr\/produit\/bullpadel-hack-vibram-25v-blanco-3\/#primaryimage","url":"https:\/\/15131.p.syniva.es\/wp-content\/uploads\/2025\/02\/114320-zapatillas-bullpadel-hack-vibram-25v-cm49012000-blanco-1200x1200-1.webp","contentUrl":"https:\/\/15131.p.syniva.es\/wp-content\/uploads\/2025\/02\/114320-zapatillas-bullpadel-hack-vibram-25v-cm49012000-blanco-1200x1200-1.webp","width":1200,"height":1200},{"@type":"BreadcrumbList","@id":"https:\/\/15131.p.syniva.es\/fr\/produit\/bullpadel-hack-vibram-25v-blanco-3\/#breadcrumb","itemListElement":[{"@type":"ListItem","position":1,"name":"Portada","item":"https:\/\/15131.p.syniva.es\/fr\/"},{"@type":"ListItem","position":2,"name":"Boutique","item":"https:\/\/15131.p.syniva.es\/fr\/tienda\/"},{"@type":"ListItem","position":3,"name":"BULLPADEL HACK VIBRAM 25V BLANCO"}]},{"@type":"WebSite","@id":"https:\/\/15131.p.syniva.es\/fr\/#website","url":"https:\/\/15131.p.syniva.es\/fr\/","name":"Revolution Padel Store","description":"","publisher":{"@id":"https:\/\/15131.p.syniva.es\/fr\/#organization"},"potentialAction":[{"@type":"SearchAction","target":{"@type":"EntryPoint","urlTemplate":"https:\/\/15131.p.syniva.es\/fr\/?s={search_term_string}"},"query-input":{"@type":"PropertyValueSpecification","valueRequired":true,"valueName":"search_term_string"}}],"inLanguage":"fr-FR"},{"@type":"Organization","@id":"https:\/\/15131.p.syniva.es\/fr\/#organization","name":"Revolution Padel Store","url":"https:\/\/15131.p.syniva.es\/fr\/","logo":{"@type":"ImageObject","inLanguage":"fr-FR","@id":"https:\/\/15131.p.syniva.es\/fr\/#\/schema\/logo\/image\/","url":"https:\/\/15131.p.syniva.es\/wp-content\/uploads\/2026\/02\/revolution-padel-store.jpg","contentUrl":"https:\/\/15131.p.syniva.es\/wp-content\/uploads\/2026\/02\/revolution-padel-store.jpg","width":2000,"height":2000,"caption":"Revolution Padel Store"},"image":{"@id":"https:\/\/15131.p.syniva.es\/fr\/#\/schema\/logo\/image\/"},"sameAs":["https:\/\/www.instagram.com\/revolutionpadelstore\/"]}]}},"_links":{"self":[{"href":"https:\/\/15131.p.syniva.es\/fr\/wp-json\/wp\/v2\/product\/171002","targetHints":{"allow":["GET"]}}],"collection":[{"href":"https:\/\/15131.p.syniva.es\/fr\/wp-json\/wp\/v2\/product"}],"about":[{"href":"https:\/\/15131.p.syniva.es\/fr\/wp-json\/wp\/v2\/types\/product"}],"replies":[{"embeddable":true,"href":"https:\/\/15131.p.syniva.es\/fr\/wp-json\/wp\/v2\/comments?post=171002"}],"wp:featuredmedia":[{"embeddable":true,"href":"https:\/\/15131.p.syniva.es\/fr\/wp-json\/wp\/v2\/media\/170970"}],"wp:attachment":[{"href":"https:\/\/15131.p.syniva.es\/fr\/wp-json\/wp\/v2\/media?parent=171002"}],"wp:term":[{"taxonomy":"acabado","embeddable":true,"href":"https:\/\/15131.p.syniva.es\/fr\/wp-json\/wp\/v2\/acabado?post=171002"},{"taxonomy":"balance","embeddable":true,"href":"https:\/\/15131.p.syniva.es\/fr\/wp-json\/wp\/v2\/balance?post=171002"},{"taxonomy":"dureza","embeddable":true,"href":"https:\/\/15131.p.syniva.es\/fr\/wp-json\/wp\/v2\/dureza?post=171002"},{"taxonomy":"forma","embeddable":true,"href":"https:\/\/15131.p.syniva.es\/fr\/wp-json\/wp\/v2\/forma?post=171002"},{"taxonomy":"jugador","embeddable":true,"href":"https:\/\/15131.p.syniva.es\/fr\/wp-json\/wp\/v2\/jugador?post=171002"},{"taxonomy":"marca","embeddable":true,"href":"https:\/\/15131.p.syniva.es\/fr\/wp-json\/wp\/v2\/marca?post=171002"},{"taxonomy":"nivel-de-juego","embeddable":true,"href":"https:\/\/15131.p.syniva.es\/fr\/wp-json\/wp\/v2\/nivel-de-juego?post=171002"},{"taxonomy":"superficie","embeddable":true,"href":"https:\/\/15131.p.syniva.es\/fr\/wp-json\/wp\/v2\/superficie?post=171002"},{"taxonomy":"tipo-de-juego","embeddable":true,"href":"https:\/\/15131.p.syniva.es\/fr\/wp-json\/wp\/v2\/tipo-de-juego?post=171002"},{"taxonomy":"product_brand","embeddable":true,"href":"https:\/\/15131.p.syniva.es\/fr\/wp-json\/wp\/v2\/product_brand?post=171002"},{"taxonomy":"product_cat","embeddable":true,"href":"https:\/\/15131.p.syniva.es\/fr\/wp-json\/wp\/v2\/product_cat?post=171002"},{"taxonomy":"product_tag","embeddable":true,"href":"https:\/\/15131.p.syniva.es\/fr\/wp-json\/wp\/v2\/product_tag?post=171002"}],"curies":[{"name":"wp","href":"https:\/\/api.w.org\/{rel}","templated":true}]}}