{"id":82504,"date":"2023-12-15T16:08:52","date_gmt":"2023-12-15T15:08:52","guid":{"rendered":"https:\/\/15131.p.syniva.es\/garantia\/"},"modified":"2024-09-30T15:54:02","modified_gmt":"2024-09-30T13:54:02","slug":"garantia","status":"publish","type":"page","link":"https:\/\/15131.p.syniva.es\/it\/garantia\/","title":{"rendered":"Garanzia"},"content":{"rendered":"\n<p><strong>GARANZIE APPLICABILI<\/strong><\/p>\n\n\n\n<p>Tutti i prodotti offerti attraverso il sito sono completamente originali, se non diversamente indicato nella loro descrizione.<\/p>\n\n\n\n<p>In conformit\u00e0 con la normativa vigente in materia di garanzia dei beni di consumo, i nostri prodotti hanno una garanzia di 2 anni dalla data della fattura di acquisto (per ordini prima del 1 gennaio 2022) o di 3 anni (per ordini dopo il 1 gennaio 2022), anche se durante il primi mesi il difetto che eventualmente presenta il prodotto si presume originario di fabbrica, salvo prova contraria, il cliente dovr\u00e0 dimostrare che si tratta anche di un difetto originario di fabbrica se si manifesta a partire dal sesto mese e prima di due anni. Sempre con fattura o ricevuta di acquisto.<\/p>\n\n\n\n<p>Pertanto, se si riscontra un deterioramento dell&#8217;articolo e il cliente sospetta che possa essere dovuto a un difetto di fabbricazione, pu\u00f2 avvalersi della garanzia contattando il nostro servizio clienti online nella sezione spedizioni e resi del sito dove \u00e8 stato ricevuto l&#8217;articolo. effettuato l&#8217;acquisto, in conformit\u00e0 con il contenuto e le limitazioni stabilite dalla Legge Generale per la Difesa dei Consumatori e degli Utenti e dalle altre normative applicabili.<\/p>\n\n\n\n<p>Sport Business Solutions S.L elaborer\u00e0 la garanzia con il servizio tecnico del marchio del prodotto.<\/p>\n\n\n\n<p>Una volta che l&#8217;articolo \u00e8 stato analizzato dal servizio tecnico si possono verificare tre situazioni:<\/p>\n\n\n\n<p>\u00b7 Far riparare il prodotto dal servizio tecnico e restituirlo al cliente.<\/p>\n\n\n\n<p>\u00b7 Chiedere al servizio tecnico di sostituire l&#8217;articolo con uno nuovo. In questo caso verr\u00e0 SEMPRE restituito lo stesso articolo e non sar\u00e0 possibile il cambio con uno diverso (a meno che non sia esaurito).<\/p>\n\n\n\n<p>\u00b7 Che il servizio tecnico determini che il prodotto non presenta difetti di fabbricazione e che la modifica o la riparazione non \u00e8 appropriata. In questo caso, il prodotto originale del cliente verr\u00e0 restituito al cliente.<\/p>\n\n\n\n<p>(Legge 3\/2014, del 27 marzo, che modifica il testo unico della legge generale per la difesa dei consumatori e degli utenti e altre leggi complementari, approvate dal regio decreto legislativo 1\/2007, del 16 novembre BOE n. 76, 28 marzo , 2014.)<\/p>\n\n\n\n<p>Risoluzione delle controversie online<\/p>\n\n\n\n<p>In qualit\u00e0 di Consumatore e Utente, ti informiamo che ai sensi dell&#8217;art. 14 del Regolamento (UE) 524\/2013, la Commissione Europea fornisce una piattaforma ad accesso gratuito per la risoluzione dei conflitti online tra le Parti, senza la necessit\u00e0 di ricorrere all&#8217;autorizzazione. tribunali, attraverso l&#8217;intervento di un soggetto terzo, denominato Organo di risoluzione delle controversie, che funge da intermediario tra i due. Questo organismo \u00e8 neutrale e dialogher\u00e0 con entrambe le parti per raggiungere un accordo e potr\u00e0 infine suggerire e\/o imporre una soluzione al conflitto. Collegamento alla piattaforma ODR<\/p>\n\n\n\n<p>Legge applicabile e giurisdizione<\/p>\n\n\n\n<p>Le presenti condizioni saranno regolate o interpretate in conformit\u00e0 con la legislazione spagnola per quanto non espressamente stabilito. Il fornitore e il CLIENTE si impegnano a sottoporre qualsiasi controversia che possa sorgere dalla fornitura dei prodotti o dei servizi soggetti alle presenti Condizioni alle corti e ai tribunali del domicilio del CLIENTE.<\/p>\n\n\n\n<p>Nel caso in cui il CLIENTE sia domiciliato fuori dalla Spagna, il prestatore e il CLIENTE rinunciano espressamente a qualsiasi altro foro, sottoponendosi alle corti e ai tribunali competenti e legalmente determinati dalle leggi applicabili al presente contratto.<\/p>\n\n\n\n<p>Effettuando l&#8217;ordine, accetti i presenti Termini e condizioni e i Termini di servizio riportati di seguito.<\/p>\n\n\n\n<p>I regali fisici saranno disponibili fino a esaurimento scorte, ma in nessun caso l&#8217;ordine verr\u00e0 inviato senza il corrispondente regalo o sostituzione, se indicato nell&#8217;ordine.<\/p>\n\n\n\n<p>Ci riserviamo il diritto di scambiare articoli regalo, se non disponibili, con altri di valore uguale o superiore.<\/p>\n\n\n\n<p>I regali non sono scambiabili con denaro, n\u00e9 sono ammessi scambi, resi o garanzie.<\/p>\n\n\n\n<p>I resi di articoli regalo dovranno essere preventivamente approvati per iscritto presso il Centro Assistenza Clienti e saranno accettati o meno a seconda della disponibilit\u00e0 degli articoli.<\/p>\n\n\n\n<p>Le spese di spedizione per il cambio degli articoli regalo, preventivamente approvate, dovranno essere a carico del cliente sia nella tratta dal proprio domicilio alle nostre strutture, sia nella tratta di sostituzione dalle nostre strutture al domicilio del cliente.<\/p>\n\n\n\n<p>Nel caso in cui si effettui un ordine che include un regalo e non si disponga di scorte dell&#8217;ordine iniziale in quel momento; Ti verr\u00e0 offerto un risarcimento per il disagio causato da un altro articolo di caratteristiche uguali o migliori, che pu\u00f2 corrispondere o meno all&#8217;articolo regalo.<\/p>\n\n\n\n<p>L&#8217;azienda non \u00e8 responsabile del peso delle pale spedite. Cerchiamo di rispettare i commenti, inviando il peso pi\u00f9 vicino possibile, ma non possiamo garantire la spedizione e non siamo responsabili per eventuali costi di restituzione.<\/p>\n\n\n\n<p>La risoluzione di qualsiasi conflitto che possa sorgere dal rapporto sar\u00e0 risolta in conformit\u00e0 con la legislazione spagnola e sar\u00e0 sottoposta alle corti e ai tribunali competenti e legalmente determinati dalle leggi applicabili al presente contratto.<\/p>\n","protected":false},"excerpt":{"rendered":"<p>GARANZIE APPLICABILI Tutti i prodotti offerti attraverso il sito sono completamente originali, se non diversamente indicato nella loro descrizione. In conformit\u00e0 con la normativa vigente in materia di garanzia dei beni di consumo, i nostri prodotti hanno una garanzia di 2 anni dalla data della fattura di acquisto (per ordini prima del 1 gennaio 2022) [&hellip;]<\/p>\n","protected":false},"author":1,"featured_media":0,"parent":0,"menu_order":0,"comment_status":"closed","ping_status":"closed","template":"legal.php","meta":{"_acf_changed":false,"_joinchat":[],"footnotes":""},"class_list":["post-82504","page","type-page","status-publish","hentry"],"acf":[],"yoast_head":"<!-- This site is optimized with the Yoast SEO plugin v27.3 - https:\/\/yoast.com\/product\/yoast-seo-wordpress\/ -->\n<title>Garanzia - Revolution Padel Store<\/title>\n<meta name=\"robots\" content=\"index, follow, max-snippet:-1, max-image-preview:large, max-video-preview:-1\" \/>\n<link rel=\"canonical\" href=\"https:\/\/15131.p.syniva.es\/it\/garantia\/\" \/>\n<meta property=\"og:locale\" content=\"it_IT\" \/>\n<meta property=\"og:type\" content=\"article\" \/>\n<meta property=\"og:title\" content=\"Garanzia - Revolution Padel Store\" \/>\n<meta property=\"og:description\" content=\"GARANZIE APPLICABILI Tutti i prodotti offerti attraverso il sito sono completamente originali, se non diversamente indicato nella loro descrizione. In conformit\u00e0 con la normativa vigente in materia di garanzia dei beni di consumo, i nostri prodotti hanno una garanzia di 2 anni dalla data della fattura di acquisto (per ordini prima del 1 gennaio 2022) [&hellip;]\" \/>\n<meta property=\"og:url\" content=\"https:\/\/15131.p.syniva.es\/it\/garantia\/\" \/>\n<meta property=\"og:site_name\" content=\"Revolution Padel Store\" \/>\n<meta property=\"article:modified_time\" content=\"2024-09-30T13:54:02+00:00\" \/>\n<meta property=\"og:image\" content=\"https:\/\/15131.p.syniva.es\/wp-content\/uploads\/2026\/02\/revolution-padel-store.jpg\" \/>\n\t<meta property=\"og:image:width\" content=\"2000\" \/>\n\t<meta property=\"og:image:height\" content=\"2000\" \/>\n\t<meta property=\"og:image:type\" content=\"image\/jpeg\" \/>\n<meta name=\"twitter:card\" content=\"summary_large_image\" \/>\n<meta name=\"twitter:label1\" content=\"Tempo di lettura stimato\" \/>\n\t<meta name=\"twitter:data1\" content=\"4 minuti\" \/>\n<script type=\"application\/ld+json\" class=\"yoast-schema-graph\">{\"@context\":\"https:\\\/\\\/schema.org\",\"@graph\":[{\"@type\":\"WebPage\",\"@id\":\"https:\\\/\\\/15131.p.syniva.es\\\/it\\\/garantia\\\/\",\"url\":\"https:\\\/\\\/15131.p.syniva.es\\\/it\\\/garantia\\\/\",\"name\":\"Garanzia - Revolution Padel Store\",\"isPartOf\":{\"@id\":\"https:\\\/\\\/15131.p.syniva.es\\\/it\\\/#website\"},\"datePublished\":\"2023-12-15T15:08:52+00:00\",\"dateModified\":\"2024-09-30T13:54:02+00:00\",\"breadcrumb\":{\"@id\":\"https:\\\/\\\/15131.p.syniva.es\\\/it\\\/garantia\\\/#breadcrumb\"},\"inLanguage\":\"it-IT\",\"potentialAction\":[{\"@type\":\"ReadAction\",\"target\":[\"https:\\\/\\\/15131.p.syniva.es\\\/it\\\/garantia\\\/\"]}]},{\"@type\":\"BreadcrumbList\",\"@id\":\"https:\\\/\\\/15131.p.syniva.es\\\/it\\\/garantia\\\/#breadcrumb\",\"itemListElement\":[{\"@type\":\"ListItem\",\"position\":1,\"name\":\"Portada\",\"item\":\"https:\\\/\\\/15131.p.syniva.es\\\/it\\\/\"},{\"@type\":\"ListItem\",\"position\":2,\"name\":\"Garanzia\"}]},{\"@type\":\"WebSite\",\"@id\":\"https:\\\/\\\/15131.p.syniva.es\\\/it\\\/#website\",\"url\":\"https:\\\/\\\/15131.p.syniva.es\\\/it\\\/\",\"name\":\"Revolution Padel Store\",\"description\":\"\",\"publisher\":{\"@id\":\"https:\\\/\\\/15131.p.syniva.es\\\/it\\\/#organization\"},\"potentialAction\":[{\"@type\":\"SearchAction\",\"target\":{\"@type\":\"EntryPoint\",\"urlTemplate\":\"https:\\\/\\\/15131.p.syniva.es\\\/it\\\/?s={search_term_string}\"},\"query-input\":{\"@type\":\"PropertyValueSpecification\",\"valueRequired\":true,\"valueName\":\"search_term_string\"}}],\"inLanguage\":\"it-IT\"},{\"@type\":\"Organization\",\"@id\":\"https:\\\/\\\/15131.p.syniva.es\\\/it\\\/#organization\",\"name\":\"Revolution Padel Store\",\"url\":\"https:\\\/\\\/15131.p.syniva.es\\\/it\\\/\",\"logo\":{\"@type\":\"ImageObject\",\"inLanguage\":\"it-IT\",\"@id\":\"https:\\\/\\\/15131.p.syniva.es\\\/it\\\/#\\\/schema\\\/logo\\\/image\\\/\",\"url\":\"https:\\\/\\\/15131.p.syniva.es\\\/wp-content\\\/uploads\\\/2026\\\/02\\\/revolution-padel-store.jpg\",\"contentUrl\":\"https:\\\/\\\/15131.p.syniva.es\\\/wp-content\\\/uploads\\\/2026\\\/02\\\/revolution-padel-store.jpg\",\"width\":2000,\"height\":2000,\"caption\":\"Revolution Padel Store\"},\"image\":{\"@id\":\"https:\\\/\\\/15131.p.syniva.es\\\/it\\\/#\\\/schema\\\/logo\\\/image\\\/\"},\"sameAs\":[\"https:\\\/\\\/www.instagram.com\\\/revolutionpadelstore\\\/\"]}]}<\/script>\n<!-- \/ Yoast SEO plugin. -->","yoast_head_json":{"title":"Garanzia - Revolution Padel Store","robots":{"index":"index","follow":"follow","max-snippet":"max-snippet:-1","max-image-preview":"max-image-preview:large","max-video-preview":"max-video-preview:-1"},"canonical":"https:\/\/15131.p.syniva.es\/it\/garantia\/","og_locale":"it_IT","og_type":"article","og_title":"Garanzia - Revolution Padel Store","og_description":"GARANZIE APPLICABILI Tutti i prodotti offerti attraverso il sito sono completamente originali, se non diversamente indicato nella loro descrizione. In conformit\u00e0 con la normativa vigente in materia di garanzia dei beni di consumo, i nostri prodotti hanno una garanzia di 2 anni dalla data della fattura di acquisto (per ordini prima del 1 gennaio 2022) [&hellip;]","og_url":"https:\/\/15131.p.syniva.es\/it\/garantia\/","og_site_name":"Revolution Padel Store","article_modified_time":"2024-09-30T13:54:02+00:00","og_image":[{"width":2000,"height":2000,"url":"https:\/\/15131.p.syniva.es\/wp-content\/uploads\/2026\/02\/revolution-padel-store.jpg","type":"image\/jpeg"}],"twitter_card":"summary_large_image","twitter_misc":{"Tempo di lettura stimato":"4 minuti"},"schema":{"@context":"https:\/\/schema.org","@graph":[{"@type":"WebPage","@id":"https:\/\/15131.p.syniva.es\/it\/garantia\/","url":"https:\/\/15131.p.syniva.es\/it\/garantia\/","name":"Garanzia - Revolution Padel Store","isPartOf":{"@id":"https:\/\/15131.p.syniva.es\/it\/#website"},"datePublished":"2023-12-15T15:08:52+00:00","dateModified":"2024-09-30T13:54:02+00:00","breadcrumb":{"@id":"https:\/\/15131.p.syniva.es\/it\/garantia\/#breadcrumb"},"inLanguage":"it-IT","potentialAction":[{"@type":"ReadAction","target":["https:\/\/15131.p.syniva.es\/it\/garantia\/"]}]},{"@type":"BreadcrumbList","@id":"https:\/\/15131.p.syniva.es\/it\/garantia\/#breadcrumb","itemListElement":[{"@type":"ListItem","position":1,"name":"Portada","item":"https:\/\/15131.p.syniva.es\/it\/"},{"@type":"ListItem","position":2,"name":"Garanzia"}]},{"@type":"WebSite","@id":"https:\/\/15131.p.syniva.es\/it\/#website","url":"https:\/\/15131.p.syniva.es\/it\/","name":"Revolution Padel Store","description":"","publisher":{"@id":"https:\/\/15131.p.syniva.es\/it\/#organization"},"potentialAction":[{"@type":"SearchAction","target":{"@type":"EntryPoint","urlTemplate":"https:\/\/15131.p.syniva.es\/it\/?s={search_term_string}"},"query-input":{"@type":"PropertyValueSpecification","valueRequired":true,"valueName":"search_term_string"}}],"inLanguage":"it-IT"},{"@type":"Organization","@id":"https:\/\/15131.p.syniva.es\/it\/#organization","name":"Revolution Padel Store","url":"https:\/\/15131.p.syniva.es\/it\/","logo":{"@type":"ImageObject","inLanguage":"it-IT","@id":"https:\/\/15131.p.syniva.es\/it\/#\/schema\/logo\/image\/","url":"https:\/\/15131.p.syniva.es\/wp-content\/uploads\/2026\/02\/revolution-padel-store.jpg","contentUrl":"https:\/\/15131.p.syniva.es\/wp-content\/uploads\/2026\/02\/revolution-padel-store.jpg","width":2000,"height":2000,"caption":"Revolution Padel Store"},"image":{"@id":"https:\/\/15131.p.syniva.es\/it\/#\/schema\/logo\/image\/"},"sameAs":["https:\/\/www.instagram.com\/revolutionpadelstore\/"]}]}},"_links":{"self":[{"href":"https:\/\/15131.p.syniva.es\/it\/wp-json\/wp\/v2\/pages\/82504","targetHints":{"allow":["GET"]}}],"collection":[{"href":"https:\/\/15131.p.syniva.es\/it\/wp-json\/wp\/v2\/pages"}],"about":[{"href":"https:\/\/15131.p.syniva.es\/it\/wp-json\/wp\/v2\/types\/page"}],"author":[{"embeddable":true,"href":"https:\/\/15131.p.syniva.es\/it\/wp-json\/wp\/v2\/users\/1"}],"replies":[{"embeddable":true,"href":"https:\/\/15131.p.syniva.es\/it\/wp-json\/wp\/v2\/comments?post=82504"}],"version-history":[{"count":1,"href":"https:\/\/15131.p.syniva.es\/it\/wp-json\/wp\/v2\/pages\/82504\/revisions"}],"predecessor-version":[{"id":82507,"href":"https:\/\/15131.p.syniva.es\/it\/wp-json\/wp\/v2\/pages\/82504\/revisions\/82507"}],"wp:attachment":[{"href":"https:\/\/15131.p.syniva.es\/it\/wp-json\/wp\/v2\/media?parent=82504"}],"curies":[{"name":"wp","href":"https:\/\/api.w.org\/{rel}","templated":true}]}}