{"id":110758,"date":"2024-11-16T11:50:41","date_gmt":"2024-11-16T10:50:41","guid":{"rendered":"https:\/\/15131.p.syniva.es\/paletero-bullpadel-bpp25012-hack-blanco\/"},"modified":"2026-04-08T10:18:43","modified_gmt":"2026-04-08T08:18:43","slug":"paletero-bullpadel-bpp25012-hack-blanco-4","status":"publish","type":"product","link":"https:\/\/15131.p.syniva.es\/it\/prodotto\/paletero-bullpadel-bpp25012-hack-blanco-4\/","title":{"rendered":"PALETERO BULLPADEL BPP25012 HACK BLANCO"},"content":{"rendered":"<p>Il Paletero <strong> Paquito Navarro <\/strong> \u00e8 il complemento perfetto per il nuovo hack 04. Ha un compartimento principale per conservare tutto ci\u00f2 che serve, ha due scomparti Thermo con capacit\u00e0 di quattro lame e un compartimento separato e ventilato per vestiti e calzature. Il design del Paquito Navarro Paletero incorpora sui lati un alloggiamento semi -rigido che fornisce una maggiore rigidit\u00e0 e una maggiore protezione per le lame, inoltre, il design del retro ha pezzi di schiuma che garantiscono la massima ventilazione e comfort nella parte posteriore.<strong>Paquito Navarro<\/strong><\/p>\n","protected":false},"excerpt":{"rendered":"<p>Il Paletero di Paquito Navarro \u00e8 il complemento perfetto per il nuovo hack 04<\/p>\n","protected":false},"featured_media":110738,"comment_status":"open","ping_status":"closed","template":"","meta":{"_acf_changed":false,"_joinchat":[]},"acabado":[],"balance":[],"dureza":[],"forma":[],"jugador":[],"marca":[1256],"nivel-de-juego":[],"superficie":[],"tipo-de-juego":[],"product_brand":[],"product_cat":[318],"product_tag":[],"class_list":{"0":"post-110758","1":"product","2":"type-product","3":"status-publish","4":"has-post-thumbnail","6":"marca-bullpadel-it","7":"product_cat-borse","9":"first","10":"instock","11":"sale","12":"taxable","13":"shipping-taxable","14":"purchasable","15":"product-type-simple"},"acf":[],"yoast_head":"<!-- This site is optimized with the Yoast SEO plugin v27.4 - https:\/\/yoast.com\/product\/yoast-seo-wordpress\/ -->\n<title>PALETERO BULLPADEL BPP25012 HACK BLANCO - Revolution Padel Store<\/title>\n<meta name=\"description\" content=\"El paletero HACK de Paquito Navarro es el accesorio ideal para complementar la nueva pala Hack 04. Cuenta con un compartimento principal para almacenar lo que necesites, adem\u00e1s de dos bolsillos termo con capacidad para hasta cuatro palas. Tambi\u00e9n incluye un compartimento ventilado y separado para ropa y calzado. Su dise\u00f1o incorpora una estructura semirr\u00edgida en los laterales, lo que otorga mayor rigidez y protecci\u00f3n a las palas. Adem\u00e1s, la espalda del paletero est\u00e1 equipada con piezas de foam que aseguran una ventilaci\u00f3n \u00f3ptima y comodidad durante su uso.\" \/>\n<meta name=\"robots\" content=\"index, follow, max-snippet:-1, max-image-preview:large, max-video-preview:-1\" \/>\n<link rel=\"canonical\" href=\"https:\/\/15131.p.syniva.es\/it\/prodotto\/paletero-bullpadel-bpp25012-hack-blanco-4\/\" \/>\n<meta property=\"og:locale\" content=\"it_IT\" \/>\n<meta property=\"og:type\" content=\"article\" \/>\n<meta property=\"og:title\" content=\"PALETERO BULLPADEL BPP25012 HACK BLANCO - Revolution Padel Store\" \/>\n<meta property=\"og:description\" content=\"El paletero HACK de Paquito Navarro es el accesorio ideal para complementar la nueva pala Hack 04. Cuenta con un compartimento principal para almacenar lo que necesites, adem\u00e1s de dos bolsillos termo con capacidad para hasta cuatro palas. Tambi\u00e9n incluye un compartimento ventilado y separado para ropa y calzado. Su dise\u00f1o incorpora una estructura semirr\u00edgida en los laterales, lo que otorga mayor rigidez y protecci\u00f3n a las palas. Adem\u00e1s, la espalda del paletero est\u00e1 equipada con piezas de foam que aseguran una ventilaci\u00f3n \u00f3ptima y comodidad durante su uso.\" \/>\n<meta property=\"og:url\" content=\"https:\/\/15131.p.syniva.es\/it\/prodotto\/paletero-bullpadel-bpp25012-hack-blanco-4\/\" \/>\n<meta property=\"og:site_name\" content=\"Revolution Padel Store\" \/>\n<meta property=\"article:modified_time\" content=\"2026-04-08T08:18:43+00:00\" \/>\n<meta property=\"og:image\" content=\"https:\/\/15131.p.syniva.es\/wp-content\/uploads\/2024\/11\/bolsa-bullpadel-bpp25012-hack-blanco.jpg\" \/>\n\t<meta property=\"og:image:width\" content=\"1000\" \/>\n\t<meta property=\"og:image:height\" content=\"1188\" \/>\n\t<meta property=\"og:image:type\" content=\"image\/jpeg\" \/>\n<meta name=\"twitter:card\" content=\"summary_large_image\" \/>\n<script type=\"application\/ld+json\" class=\"yoast-schema-graph\">{\"@context\":\"https:\\\/\\\/schema.org\",\"@graph\":[{\"@type\":\"WebPage\",\"@id\":\"https:\\\/\\\/15131.p.syniva.es\\\/it\\\/prodotto\\\/paletero-bullpadel-bpp25012-hack-blanco-4\\\/\",\"url\":\"https:\\\/\\\/15131.p.syniva.es\\\/it\\\/prodotto\\\/paletero-bullpadel-bpp25012-hack-blanco-4\\\/\",\"name\":\"PALETERO BULLPADEL BPP25012 HACK BLANCO - Revolution Padel Store\",\"isPartOf\":{\"@id\":\"https:\\\/\\\/15131.p.syniva.es\\\/it\\\/#website\"},\"primaryImageOfPage\":{\"@id\":\"https:\\\/\\\/15131.p.syniva.es\\\/it\\\/prodotto\\\/paletero-bullpadel-bpp25012-hack-blanco-4\\\/#primaryimage\"},\"image\":{\"@id\":\"https:\\\/\\\/15131.p.syniva.es\\\/it\\\/prodotto\\\/paletero-bullpadel-bpp25012-hack-blanco-4\\\/#primaryimage\"},\"thumbnailUrl\":\"https:\\\/\\\/15131.p.syniva.es\\\/wp-content\\\/uploads\\\/2024\\\/11\\\/bolsa-bullpadel-bpp25012-hack-blanco.jpg\",\"datePublished\":\"2024-11-16T10:50:41+00:00\",\"dateModified\":\"2026-04-08T08:18:43+00:00\",\"description\":\"El paletero HACK de Paquito Navarro es el accesorio ideal para complementar la nueva pala Hack 04. Cuenta con un compartimento principal para almacenar lo que necesites, adem\u00e1s de dos bolsillos termo con capacidad para hasta cuatro palas. Tambi\u00e9n incluye un compartimento ventilado y separado para ropa y calzado. Su dise\u00f1o incorpora una estructura semirr\u00edgida en los laterales, lo que otorga mayor rigidez y protecci\u00f3n a las palas. Adem\u00e1s, la espalda del paletero est\u00e1 equipada con piezas de foam que aseguran una ventilaci\u00f3n \u00f3ptima y comodidad durante su uso.\",\"breadcrumb\":{\"@id\":\"https:\\\/\\\/15131.p.syniva.es\\\/it\\\/prodotto\\\/paletero-bullpadel-bpp25012-hack-blanco-4\\\/#breadcrumb\"},\"inLanguage\":\"it-IT\",\"potentialAction\":[{\"@type\":\"ReadAction\",\"target\":[\"https:\\\/\\\/15131.p.syniva.es\\\/it\\\/prodotto\\\/paletero-bullpadel-bpp25012-hack-blanco-4\\\/\"]}]},{\"@type\":\"ImageObject\",\"inLanguage\":\"it-IT\",\"@id\":\"https:\\\/\\\/15131.p.syniva.es\\\/it\\\/prodotto\\\/paletero-bullpadel-bpp25012-hack-blanco-4\\\/#primaryimage\",\"url\":\"https:\\\/\\\/15131.p.syniva.es\\\/wp-content\\\/uploads\\\/2024\\\/11\\\/bolsa-bullpadel-bpp25012-hack-blanco.jpg\",\"contentUrl\":\"https:\\\/\\\/15131.p.syniva.es\\\/wp-content\\\/uploads\\\/2024\\\/11\\\/bolsa-bullpadel-bpp25012-hack-blanco.jpg\",\"width\":1000,\"height\":1188},{\"@type\":\"BreadcrumbList\",\"@id\":\"https:\\\/\\\/15131.p.syniva.es\\\/it\\\/prodotto\\\/paletero-bullpadel-bpp25012-hack-blanco-4\\\/#breadcrumb\",\"itemListElement\":[{\"@type\":\"ListItem\",\"position\":1,\"name\":\"Portada\",\"item\":\"https:\\\/\\\/15131.p.syniva.es\\\/it\\\/\"},{\"@type\":\"ListItem\",\"position\":2,\"name\":\"Tienda\",\"item\":\"https:\\\/\\\/15131.p.syniva.es\\\/it\\\/tienda\\\/\"},{\"@type\":\"ListItem\",\"position\":3,\"name\":\"PALETERO BULLPADEL BPP25012 HACK BLANCO\"}]},{\"@type\":\"WebSite\",\"@id\":\"https:\\\/\\\/15131.p.syniva.es\\\/it\\\/#website\",\"url\":\"https:\\\/\\\/15131.p.syniva.es\\\/it\\\/\",\"name\":\"Revolution Padel Store\",\"description\":\"\",\"publisher\":{\"@id\":\"https:\\\/\\\/15131.p.syniva.es\\\/it\\\/#organization\"},\"potentialAction\":[{\"@type\":\"SearchAction\",\"target\":{\"@type\":\"EntryPoint\",\"urlTemplate\":\"https:\\\/\\\/15131.p.syniva.es\\\/it\\\/?s={search_term_string}\"},\"query-input\":{\"@type\":\"PropertyValueSpecification\",\"valueRequired\":true,\"valueName\":\"search_term_string\"}}],\"inLanguage\":\"it-IT\"},{\"@type\":\"Organization\",\"@id\":\"https:\\\/\\\/15131.p.syniva.es\\\/it\\\/#organization\",\"name\":\"Revolution Padel Store\",\"url\":\"https:\\\/\\\/15131.p.syniva.es\\\/it\\\/\",\"logo\":{\"@type\":\"ImageObject\",\"inLanguage\":\"it-IT\",\"@id\":\"https:\\\/\\\/15131.p.syniva.es\\\/it\\\/#\\\/schema\\\/logo\\\/image\\\/\",\"url\":\"https:\\\/\\\/15131.p.syniva.es\\\/wp-content\\\/uploads\\\/2026\\\/02\\\/revolution-padel-store.jpg\",\"contentUrl\":\"https:\\\/\\\/15131.p.syniva.es\\\/wp-content\\\/uploads\\\/2026\\\/02\\\/revolution-padel-store.jpg\",\"width\":2000,\"height\":2000,\"caption\":\"Revolution Padel Store\"},\"image\":{\"@id\":\"https:\\\/\\\/15131.p.syniva.es\\\/it\\\/#\\\/schema\\\/logo\\\/image\\\/\"},\"sameAs\":[\"https:\\\/\\\/www.instagram.com\\\/revolutionpadelstore\\\/\"]}]}<\/script>\n<!-- \/ Yoast SEO plugin. -->","yoast_head_json":{"title":"PALETERO BULLPADEL BPP25012 HACK BLANCO - Revolution Padel Store","description":"El paletero HACK de Paquito Navarro es el accesorio ideal para complementar la nueva pala Hack 04. Cuenta con un compartimento principal para almacenar lo que necesites, adem\u00e1s de dos bolsillos termo con capacidad para hasta cuatro palas. Tambi\u00e9n incluye un compartimento ventilado y separado para ropa y calzado. Su dise\u00f1o incorpora una estructura semirr\u00edgida en los laterales, lo que otorga mayor rigidez y protecci\u00f3n a las palas. Adem\u00e1s, la espalda del paletero est\u00e1 equipada con piezas de foam que aseguran una ventilaci\u00f3n \u00f3ptima y comodidad durante su uso.","robots":{"index":"index","follow":"follow","max-snippet":"max-snippet:-1","max-image-preview":"max-image-preview:large","max-video-preview":"max-video-preview:-1"},"canonical":"https:\/\/15131.p.syniva.es\/it\/prodotto\/paletero-bullpadel-bpp25012-hack-blanco-4\/","og_locale":"it_IT","og_type":"article","og_title":"PALETERO BULLPADEL BPP25012 HACK BLANCO - Revolution Padel Store","og_description":"El paletero HACK de Paquito Navarro es el accesorio ideal para complementar la nueva pala Hack 04. Cuenta con un compartimento principal para almacenar lo que necesites, adem\u00e1s de dos bolsillos termo con capacidad para hasta cuatro palas. Tambi\u00e9n incluye un compartimento ventilado y separado para ropa y calzado. Su dise\u00f1o incorpora una estructura semirr\u00edgida en los laterales, lo que otorga mayor rigidez y protecci\u00f3n a las palas. Adem\u00e1s, la espalda del paletero est\u00e1 equipada con piezas de foam que aseguran una ventilaci\u00f3n \u00f3ptima y comodidad durante su uso.","og_url":"https:\/\/15131.p.syniva.es\/it\/prodotto\/paletero-bullpadel-bpp25012-hack-blanco-4\/","og_site_name":"Revolution Padel Store","article_modified_time":"2026-04-08T08:18:43+00:00","og_image":[{"width":1000,"height":1188,"url":"https:\/\/15131.p.syniva.es\/wp-content\/uploads\/2024\/11\/bolsa-bullpadel-bpp25012-hack-blanco.jpg","type":"image\/jpeg"}],"twitter_card":"summary_large_image","schema":{"@context":"https:\/\/schema.org","@graph":[{"@type":"WebPage","@id":"https:\/\/15131.p.syniva.es\/it\/prodotto\/paletero-bullpadel-bpp25012-hack-blanco-4\/","url":"https:\/\/15131.p.syniva.es\/it\/prodotto\/paletero-bullpadel-bpp25012-hack-blanco-4\/","name":"PALETERO BULLPADEL BPP25012 HACK BLANCO - Revolution Padel Store","isPartOf":{"@id":"https:\/\/15131.p.syniva.es\/it\/#website"},"primaryImageOfPage":{"@id":"https:\/\/15131.p.syniva.es\/it\/prodotto\/paletero-bullpadel-bpp25012-hack-blanco-4\/#primaryimage"},"image":{"@id":"https:\/\/15131.p.syniva.es\/it\/prodotto\/paletero-bullpadel-bpp25012-hack-blanco-4\/#primaryimage"},"thumbnailUrl":"https:\/\/15131.p.syniva.es\/wp-content\/uploads\/2024\/11\/bolsa-bullpadel-bpp25012-hack-blanco.jpg","datePublished":"2024-11-16T10:50:41+00:00","dateModified":"2026-04-08T08:18:43+00:00","description":"El paletero HACK de Paquito Navarro es el accesorio ideal para complementar la nueva pala Hack 04. Cuenta con un compartimento principal para almacenar lo que necesites, adem\u00e1s de dos bolsillos termo con capacidad para hasta cuatro palas. Tambi\u00e9n incluye un compartimento ventilado y separado para ropa y calzado. Su dise\u00f1o incorpora una estructura semirr\u00edgida en los laterales, lo que otorga mayor rigidez y protecci\u00f3n a las palas. Adem\u00e1s, la espalda del paletero est\u00e1 equipada con piezas de foam que aseguran una ventilaci\u00f3n \u00f3ptima y comodidad durante su uso.","breadcrumb":{"@id":"https:\/\/15131.p.syniva.es\/it\/prodotto\/paletero-bullpadel-bpp25012-hack-blanco-4\/#breadcrumb"},"inLanguage":"it-IT","potentialAction":[{"@type":"ReadAction","target":["https:\/\/15131.p.syniva.es\/it\/prodotto\/paletero-bullpadel-bpp25012-hack-blanco-4\/"]}]},{"@type":"ImageObject","inLanguage":"it-IT","@id":"https:\/\/15131.p.syniva.es\/it\/prodotto\/paletero-bullpadel-bpp25012-hack-blanco-4\/#primaryimage","url":"https:\/\/15131.p.syniva.es\/wp-content\/uploads\/2024\/11\/bolsa-bullpadel-bpp25012-hack-blanco.jpg","contentUrl":"https:\/\/15131.p.syniva.es\/wp-content\/uploads\/2024\/11\/bolsa-bullpadel-bpp25012-hack-blanco.jpg","width":1000,"height":1188},{"@type":"BreadcrumbList","@id":"https:\/\/15131.p.syniva.es\/it\/prodotto\/paletero-bullpadel-bpp25012-hack-blanco-4\/#breadcrumb","itemListElement":[{"@type":"ListItem","position":1,"name":"Portada","item":"https:\/\/15131.p.syniva.es\/it\/"},{"@type":"ListItem","position":2,"name":"Tienda","item":"https:\/\/15131.p.syniva.es\/it\/tienda\/"},{"@type":"ListItem","position":3,"name":"PALETERO BULLPADEL BPP25012 HACK BLANCO"}]},{"@type":"WebSite","@id":"https:\/\/15131.p.syniva.es\/it\/#website","url":"https:\/\/15131.p.syniva.es\/it\/","name":"Revolution Padel Store","description":"","publisher":{"@id":"https:\/\/15131.p.syniva.es\/it\/#organization"},"potentialAction":[{"@type":"SearchAction","target":{"@type":"EntryPoint","urlTemplate":"https:\/\/15131.p.syniva.es\/it\/?s={search_term_string}"},"query-input":{"@type":"PropertyValueSpecification","valueRequired":true,"valueName":"search_term_string"}}],"inLanguage":"it-IT"},{"@type":"Organization","@id":"https:\/\/15131.p.syniva.es\/it\/#organization","name":"Revolution Padel Store","url":"https:\/\/15131.p.syniva.es\/it\/","logo":{"@type":"ImageObject","inLanguage":"it-IT","@id":"https:\/\/15131.p.syniva.es\/it\/#\/schema\/logo\/image\/","url":"https:\/\/15131.p.syniva.es\/wp-content\/uploads\/2026\/02\/revolution-padel-store.jpg","contentUrl":"https:\/\/15131.p.syniva.es\/wp-content\/uploads\/2026\/02\/revolution-padel-store.jpg","width":2000,"height":2000,"caption":"Revolution Padel Store"},"image":{"@id":"https:\/\/15131.p.syniva.es\/it\/#\/schema\/logo\/image\/"},"sameAs":["https:\/\/www.instagram.com\/revolutionpadelstore\/"]}]}},"_links":{"self":[{"href":"https:\/\/15131.p.syniva.es\/it\/wp-json\/wp\/v2\/product\/110758","targetHints":{"allow":["GET"]}}],"collection":[{"href":"https:\/\/15131.p.syniva.es\/it\/wp-json\/wp\/v2\/product"}],"about":[{"href":"https:\/\/15131.p.syniva.es\/it\/wp-json\/wp\/v2\/types\/product"}],"replies":[{"embeddable":true,"href":"https:\/\/15131.p.syniva.es\/it\/wp-json\/wp\/v2\/comments?post=110758"}],"wp:featuredmedia":[{"embeddable":true,"href":"https:\/\/15131.p.syniva.es\/it\/wp-json\/wp\/v2\/media\/110738"}],"wp:attachment":[{"href":"https:\/\/15131.p.syniva.es\/it\/wp-json\/wp\/v2\/media?parent=110758"}],"wp:term":[{"taxonomy":"acabado","embeddable":true,"href":"https:\/\/15131.p.syniva.es\/it\/wp-json\/wp\/v2\/acabado?post=110758"},{"taxonomy":"balance","embeddable":true,"href":"https:\/\/15131.p.syniva.es\/it\/wp-json\/wp\/v2\/balance?post=110758"},{"taxonomy":"dureza","embeddable":true,"href":"https:\/\/15131.p.syniva.es\/it\/wp-json\/wp\/v2\/dureza?post=110758"},{"taxonomy":"forma","embeddable":true,"href":"https:\/\/15131.p.syniva.es\/it\/wp-json\/wp\/v2\/forma?post=110758"},{"taxonomy":"jugador","embeddable":true,"href":"https:\/\/15131.p.syniva.es\/it\/wp-json\/wp\/v2\/jugador?post=110758"},{"taxonomy":"marca","embeddable":true,"href":"https:\/\/15131.p.syniva.es\/it\/wp-json\/wp\/v2\/marca?post=110758"},{"taxonomy":"nivel-de-juego","embeddable":true,"href":"https:\/\/15131.p.syniva.es\/it\/wp-json\/wp\/v2\/nivel-de-juego?post=110758"},{"taxonomy":"superficie","embeddable":true,"href":"https:\/\/15131.p.syniva.es\/it\/wp-json\/wp\/v2\/superficie?post=110758"},{"taxonomy":"tipo-de-juego","embeddable":true,"href":"https:\/\/15131.p.syniva.es\/it\/wp-json\/wp\/v2\/tipo-de-juego?post=110758"},{"taxonomy":"product_brand","embeddable":true,"href":"https:\/\/15131.p.syniva.es\/it\/wp-json\/wp\/v2\/product_brand?post=110758"},{"taxonomy":"product_cat","embeddable":true,"href":"https:\/\/15131.p.syniva.es\/it\/wp-json\/wp\/v2\/product_cat?post=110758"},{"taxonomy":"product_tag","embeddable":true,"href":"https:\/\/15131.p.syniva.es\/it\/wp-json\/wp\/v2\/product_tag?post=110758"}],"curies":[{"name":"wp","href":"https:\/\/api.w.org\/{rel}","templated":true}]}}