{"id":12068,"date":"2024-02-29T14:58:33","date_gmt":"2024-02-29T13:58:33","guid":{"rendered":"https:\/\/15131.p.syniva.es\/adidas-adipower-multiweight-ctrl-3-3\/"},"modified":"2026-04-08T16:15:53","modified_gmt":"2026-04-08T14:15:53","slug":"adidas-adipower-multiweight-ctrl-3-3-4","status":"publish","type":"product","link":"https:\/\/15131.p.syniva.es\/it\/prodotto\/adidas-adipower-multiweight-ctrl-3-3-4\/","title":{"rendered":"ADIDAS ADIPOWER MULTIWEIGHT CTRL 3.3"},"content":{"rendered":"<h2>Adidas Adipower Multiweight CTRL 3.3: potenza difensiva nel paddle<\/h2>\n<p>Adidas presenta l&#8217;Adipower Multiweight CTRL 3.3 come parte importante della sua collezione 2024, un&#8217;opzione perfetta per i giocatori di padel di livello avanzato, che si dedicano a questo sport con intensit\u00e0 e frequenza, cercando di migliorare le proprie prestazioni in ogni partita.<\/p>\n<p>La sua forma rotonda, il generoso punto centrale e il bilanciamento basso offrono un controllo imbattibile e una maneggevolezza eccezionale per movimenti agili e veloci in campo.<\/p>\n<p>Il peso di questa racchetta varia tra 355 e 365 grammi, con la possibilit\u00e0 di aggiungere ulteriori 9 grammi per regolare sia il peso che il bilanciamento, adattandolo alle esigenze specifiche di ogni giocatore e partita.<\/p>\n<h3>Durabilit\u00e0 e potenza in ogni colpo<\/h3>\n<p>Nel nucleo, la schiuma ad alta densit\u00e0, nota come gomma EVA High Memory, migliora i colpi ad alta velocit\u00e0. Il telaio in fibra di carbonio garantisce resistenza e durata ottimali. Le facce, composte da filamenti intrecciati in fibra di carbonio 18K, aumentano la rigidit\u00e0 e la resistenza della pala.<\/p>\n<h3>Tecnologie per giochi eccezionali<\/h3>\n<p>Rinforzo Strutturale, con rinforzi perimetrali, genera maggiore resistenza alle torsioni elevate. Le tecnologie Spin Bladel Decal e Smart Holes Curve facilitano la rotazione della pallina con maggiore effetto, migliorando il controllo e il grado di effetto del giocatore. Inoltre, incorpora le tecnologie Power Embossed Ridge e Dual Exoskeleton, che forniscono rigidit\u00e0 e rinforzano il telaio e il cuore della racchetta.<\/p>\n<h2>Adidas Adipower Multiweight CTRL 3.3: Potencia Defensiva en P\u00e1del<\/h2>\n","protected":false},"excerpt":{"rendered":"<p>Adidas Adipower Multiweight CTRL 3.3: controllo e potenza eccezionali per giocatori avanzati. Muffa rotonda, ampio punto dolce e basso equilibrio. Peso regolabile tra 355 e 365 grammi. Nucleo in EVA High Memory, faccia in carbonio 18k, tecnologie avanzate per maggiore resistenza ed effetto. Ideale per la competizione.<\/p>\n","protected":false},"featured_media":62115,"comment_status":"open","ping_status":"closed","template":"","meta":{"_acf_changed":false,"_joinchat":[]},"acabado":[1086],"balance":[1146],"dureza":[1161],"forma":[1181],"jugador":[1201,1191],"marca":[1231],"nivel-de-juego":[1336],"superficie":[1361],"tipo-de-juego":[1371],"product_brand":[],"product_cat":[301],"product_tag":[],"class_list":{"0":"post-12068","1":"product","2":"type-product","3":"status-publish","4":"has-post-thumbnail","6":"acabado-amico","7":"balance-basso","8":"dureza-dura-it","9":"forma-rotondo","10":"jugador-multiuso","11":"jugador-uomo","12":"marca-adidas-it","13":"superficie-rugosa-it","14":"tipo-de-juego-controllo","15":"product_cat-palas-de-padel-it","17":"first","18":"instock","19":"sale","20":"taxable","21":"shipping-taxable","22":"purchasable","23":"product-type-simple"},"acf":[],"yoast_head":"<!-- This site is optimized with the Yoast SEO plugin v27.3 - https:\/\/yoast.com\/product\/yoast-seo-wordpress\/ -->\n<title>ADIDAS ADIPOWER MULTIWEIGHT CTRL 3.3 - Revolution Padel Store<\/title>\n<meta name=\"description\" content=\"Adidas Adipower Multiweight CTRL 3.3: Control excepcional y potencia para jugadores avanzados. Molde redondo, punto dulce amplio y balance bajo. Peso ajustable entre 355 y 365 gramos. N\u00facleo de EVA High Memory, cara de Carbono 18k, tecnolog\u00edas avanzadas para mayor resistencia y efecto. Ideal para competici\u00f3n.\" \/>\n<meta name=\"robots\" content=\"index, follow, max-snippet:-1, max-image-preview:large, max-video-preview:-1\" \/>\n<link rel=\"canonical\" href=\"https:\/\/15131.p.syniva.es\/it\/prodotto\/adidas-adipower-multiweight-ctrl-3-3-4\/\" \/>\n<meta property=\"og:locale\" content=\"it_IT\" \/>\n<meta property=\"og:type\" content=\"article\" \/>\n<meta property=\"og:title\" content=\"Adidas Adipower Multiweight CTRL 3.3\" \/>\n<meta property=\"og:description\" content=\"Adidas Adipower Multiweight CTRL 3.3: Control excepcional y potencia para jugadores avanzados. Molde redondo, punto dulce amplio y balance bajo. Peso ajustable entre 355 y 365 gramos. N\u00facleo de EVA High Memory, cara de Carbono 18k, tecnolog\u00edas avanzadas para mayor resistencia y efecto. Ideal para competici\u00f3n.\" \/>\n<meta property=\"og:url\" content=\"https:\/\/15131.p.syniva.es\/it\/prodotto\/adidas-adipower-multiweight-ctrl-3-3-4\/\" \/>\n<meta property=\"og:site_name\" content=\"Revolution Padel Store\" \/>\n<meta property=\"article:modified_time\" content=\"2026-04-08T14:15:53+00:00\" \/>\n<meta property=\"og:image\" content=\"https:\/\/15131.p.syniva.es\/wp-content\/uploads\/2024\/02\/110130_padel_webs_padel_y_grupo_pala_adidas_adipower_multiweight_ctrl_3_3_adrk1_09e6-2.webp\" \/>\n\t<meta property=\"og:image:width\" content=\"1500\" \/>\n\t<meta property=\"og:image:height\" content=\"1500\" \/>\n\t<meta property=\"og:image:type\" content=\"image\/webp\" \/>\n<meta name=\"twitter:card\" content=\"summary_large_image\" \/>\n<meta name=\"twitter:label1\" content=\"Tempo di lettura stimato\" \/>\n\t<meta name=\"twitter:data1\" content=\"2 minuti\" \/>\n<script type=\"application\/ld+json\" class=\"yoast-schema-graph\">{\"@context\":\"https:\\\/\\\/schema.org\",\"@graph\":[{\"@type\":\"WebPage\",\"@id\":\"https:\\\/\\\/15131.p.syniva.es\\\/it\\\/prodotto\\\/adidas-adipower-multiweight-ctrl-3-3-4\\\/\",\"url\":\"https:\\\/\\\/15131.p.syniva.es\\\/it\\\/prodotto\\\/adidas-adipower-multiweight-ctrl-3-3-4\\\/\",\"name\":\"ADIDAS ADIPOWER MULTIWEIGHT CTRL 3.3 - Revolution Padel Store\",\"isPartOf\":{\"@id\":\"https:\\\/\\\/15131.p.syniva.es\\\/it\\\/#website\"},\"primaryImageOfPage\":{\"@id\":\"https:\\\/\\\/15131.p.syniva.es\\\/it\\\/prodotto\\\/adidas-adipower-multiweight-ctrl-3-3-4\\\/#primaryimage\"},\"image\":{\"@id\":\"https:\\\/\\\/15131.p.syniva.es\\\/it\\\/prodotto\\\/adidas-adipower-multiweight-ctrl-3-3-4\\\/#primaryimage\"},\"thumbnailUrl\":\"https:\\\/\\\/15131.p.syniva.es\\\/wp-content\\\/uploads\\\/2024\\\/02\\\/110130_padel_webs_padel_y_grupo_pala_adidas_adipower_multiweight_ctrl_3_3_adrk1_09e6-1.webp\",\"datePublished\":\"2024-02-29T13:58:33+00:00\",\"dateModified\":\"2026-04-08T14:15:53+00:00\",\"description\":\"Adidas Adipower Multiweight CTRL 3.3: Control excepcional y potencia para jugadores avanzados. Molde redondo, punto dulce amplio y balance bajo. Peso ajustable entre 355 y 365 gramos. N\u00facleo de EVA High Memory, cara de Carbono 18k, tecnolog\u00edas avanzadas para mayor resistencia y efecto. Ideal para competici\u00f3n.\",\"breadcrumb\":{\"@id\":\"https:\\\/\\\/15131.p.syniva.es\\\/it\\\/prodotto\\\/adidas-adipower-multiweight-ctrl-3-3-4\\\/#breadcrumb\"},\"inLanguage\":\"it-IT\",\"potentialAction\":[{\"@type\":\"ReadAction\",\"target\":[\"https:\\\/\\\/15131.p.syniva.es\\\/it\\\/prodotto\\\/adidas-adipower-multiweight-ctrl-3-3-4\\\/\"]}]},{\"@type\":\"ImageObject\",\"inLanguage\":\"it-IT\",\"@id\":\"https:\\\/\\\/15131.p.syniva.es\\\/it\\\/prodotto\\\/adidas-adipower-multiweight-ctrl-3-3-4\\\/#primaryimage\",\"url\":\"https:\\\/\\\/15131.p.syniva.es\\\/wp-content\\\/uploads\\\/2024\\\/02\\\/110130_padel_webs_padel_y_grupo_pala_adidas_adipower_multiweight_ctrl_3_3_adrk1_09e6-1.webp\",\"contentUrl\":\"https:\\\/\\\/15131.p.syniva.es\\\/wp-content\\\/uploads\\\/2024\\\/02\\\/110130_padel_webs_padel_y_grupo_pala_adidas_adipower_multiweight_ctrl_3_3_adrk1_09e6-1.webp\",\"width\":1500,\"height\":1500},{\"@type\":\"BreadcrumbList\",\"@id\":\"https:\\\/\\\/15131.p.syniva.es\\\/it\\\/prodotto\\\/adidas-adipower-multiweight-ctrl-3-3-4\\\/#breadcrumb\",\"itemListElement\":[{\"@type\":\"ListItem\",\"position\":1,\"name\":\"Portada\",\"item\":\"https:\\\/\\\/15131.p.syniva.es\\\/it\\\/\"},{\"@type\":\"ListItem\",\"position\":2,\"name\":\"Tienda\",\"item\":\"https:\\\/\\\/15131.p.syniva.es\\\/it\\\/tienda\\\/\"},{\"@type\":\"ListItem\",\"position\":3,\"name\":\"ADIDAS ADIPOWER MULTIWEIGHT CTRL 3.3\"}]},{\"@type\":\"WebSite\",\"@id\":\"https:\\\/\\\/15131.p.syniva.es\\\/it\\\/#website\",\"url\":\"https:\\\/\\\/15131.p.syniva.es\\\/it\\\/\",\"name\":\"Revolution Padel Store\",\"description\":\"\",\"publisher\":{\"@id\":\"https:\\\/\\\/15131.p.syniva.es\\\/it\\\/#organization\"},\"potentialAction\":[{\"@type\":\"SearchAction\",\"target\":{\"@type\":\"EntryPoint\",\"urlTemplate\":\"https:\\\/\\\/15131.p.syniva.es\\\/it\\\/?s={search_term_string}\"},\"query-input\":{\"@type\":\"PropertyValueSpecification\",\"valueRequired\":true,\"valueName\":\"search_term_string\"}}],\"inLanguage\":\"it-IT\"},{\"@type\":\"Organization\",\"@id\":\"https:\\\/\\\/15131.p.syniva.es\\\/it\\\/#organization\",\"name\":\"Revolution Padel Store\",\"url\":\"https:\\\/\\\/15131.p.syniva.es\\\/it\\\/\",\"logo\":{\"@type\":\"ImageObject\",\"inLanguage\":\"it-IT\",\"@id\":\"https:\\\/\\\/15131.p.syniva.es\\\/it\\\/#\\\/schema\\\/logo\\\/image\\\/\",\"url\":\"https:\\\/\\\/15131.p.syniva.es\\\/wp-content\\\/uploads\\\/2026\\\/02\\\/revolution-padel-store.jpg\",\"contentUrl\":\"https:\\\/\\\/15131.p.syniva.es\\\/wp-content\\\/uploads\\\/2026\\\/02\\\/revolution-padel-store.jpg\",\"width\":2000,\"height\":2000,\"caption\":\"Revolution Padel Store\"},\"image\":{\"@id\":\"https:\\\/\\\/15131.p.syniva.es\\\/it\\\/#\\\/schema\\\/logo\\\/image\\\/\"},\"sameAs\":[\"https:\\\/\\\/www.instagram.com\\\/revolutionpadelstore\\\/\"]}]}<\/script>\n<!-- \/ Yoast SEO plugin. -->","yoast_head_json":{"title":"ADIDAS ADIPOWER MULTIWEIGHT CTRL 3.3 - Revolution Padel Store","description":"Adidas Adipower Multiweight CTRL 3.3: Control excepcional y potencia para jugadores avanzados. Molde redondo, punto dulce amplio y balance bajo. Peso ajustable entre 355 y 365 gramos. N\u00facleo de EVA High Memory, cara de Carbono 18k, tecnolog\u00edas avanzadas para mayor resistencia y efecto. Ideal para competici\u00f3n.","robots":{"index":"index","follow":"follow","max-snippet":"max-snippet:-1","max-image-preview":"max-image-preview:large","max-video-preview":"max-video-preview:-1"},"canonical":"https:\/\/15131.p.syniva.es\/it\/prodotto\/adidas-adipower-multiweight-ctrl-3-3-4\/","og_locale":"it_IT","og_type":"article","og_title":"Adidas Adipower Multiweight CTRL 3.3","og_description":"Adidas Adipower Multiweight CTRL 3.3: Control excepcional y potencia para jugadores avanzados. Molde redondo, punto dulce amplio y balance bajo. Peso ajustable entre 355 y 365 gramos. N\u00facleo de EVA High Memory, cara de Carbono 18k, tecnolog\u00edas avanzadas para mayor resistencia y efecto. Ideal para competici\u00f3n.","og_url":"https:\/\/15131.p.syniva.es\/it\/prodotto\/adidas-adipower-multiweight-ctrl-3-3-4\/","og_site_name":"Revolution Padel Store","article_modified_time":"2026-04-08T14:15:53+00:00","og_image":[{"width":1500,"height":1500,"url":"https:\/\/15131.p.syniva.es\/wp-content\/uploads\/2024\/02\/110130_padel_webs_padel_y_grupo_pala_adidas_adipower_multiweight_ctrl_3_3_adrk1_09e6-2.webp","type":"image\/webp"}],"twitter_card":"summary_large_image","twitter_misc":{"Tempo di lettura stimato":"2 minuti"},"schema":{"@context":"https:\/\/schema.org","@graph":[{"@type":"WebPage","@id":"https:\/\/15131.p.syniva.es\/it\/prodotto\/adidas-adipower-multiweight-ctrl-3-3-4\/","url":"https:\/\/15131.p.syniva.es\/it\/prodotto\/adidas-adipower-multiweight-ctrl-3-3-4\/","name":"ADIDAS ADIPOWER MULTIWEIGHT CTRL 3.3 - Revolution Padel Store","isPartOf":{"@id":"https:\/\/15131.p.syniva.es\/it\/#website"},"primaryImageOfPage":{"@id":"https:\/\/15131.p.syniva.es\/it\/prodotto\/adidas-adipower-multiweight-ctrl-3-3-4\/#primaryimage"},"image":{"@id":"https:\/\/15131.p.syniva.es\/it\/prodotto\/adidas-adipower-multiweight-ctrl-3-3-4\/#primaryimage"},"thumbnailUrl":"https:\/\/15131.p.syniva.es\/wp-content\/uploads\/2024\/02\/110130_padel_webs_padel_y_grupo_pala_adidas_adipower_multiweight_ctrl_3_3_adrk1_09e6-1.webp","datePublished":"2024-02-29T13:58:33+00:00","dateModified":"2026-04-08T14:15:53+00:00","description":"Adidas Adipower Multiweight CTRL 3.3: Control excepcional y potencia para jugadores avanzados. Molde redondo, punto dulce amplio y balance bajo. Peso ajustable entre 355 y 365 gramos. N\u00facleo de EVA High Memory, cara de Carbono 18k, tecnolog\u00edas avanzadas para mayor resistencia y efecto. Ideal para competici\u00f3n.","breadcrumb":{"@id":"https:\/\/15131.p.syniva.es\/it\/prodotto\/adidas-adipower-multiweight-ctrl-3-3-4\/#breadcrumb"},"inLanguage":"it-IT","potentialAction":[{"@type":"ReadAction","target":["https:\/\/15131.p.syniva.es\/it\/prodotto\/adidas-adipower-multiweight-ctrl-3-3-4\/"]}]},{"@type":"ImageObject","inLanguage":"it-IT","@id":"https:\/\/15131.p.syniva.es\/it\/prodotto\/adidas-adipower-multiweight-ctrl-3-3-4\/#primaryimage","url":"https:\/\/15131.p.syniva.es\/wp-content\/uploads\/2024\/02\/110130_padel_webs_padel_y_grupo_pala_adidas_adipower_multiweight_ctrl_3_3_adrk1_09e6-1.webp","contentUrl":"https:\/\/15131.p.syniva.es\/wp-content\/uploads\/2024\/02\/110130_padel_webs_padel_y_grupo_pala_adidas_adipower_multiweight_ctrl_3_3_adrk1_09e6-1.webp","width":1500,"height":1500},{"@type":"BreadcrumbList","@id":"https:\/\/15131.p.syniva.es\/it\/prodotto\/adidas-adipower-multiweight-ctrl-3-3-4\/#breadcrumb","itemListElement":[{"@type":"ListItem","position":1,"name":"Portada","item":"https:\/\/15131.p.syniva.es\/it\/"},{"@type":"ListItem","position":2,"name":"Tienda","item":"https:\/\/15131.p.syniva.es\/it\/tienda\/"},{"@type":"ListItem","position":3,"name":"ADIDAS ADIPOWER MULTIWEIGHT CTRL 3.3"}]},{"@type":"WebSite","@id":"https:\/\/15131.p.syniva.es\/it\/#website","url":"https:\/\/15131.p.syniva.es\/it\/","name":"Revolution Padel Store","description":"","publisher":{"@id":"https:\/\/15131.p.syniva.es\/it\/#organization"},"potentialAction":[{"@type":"SearchAction","target":{"@type":"EntryPoint","urlTemplate":"https:\/\/15131.p.syniva.es\/it\/?s={search_term_string}"},"query-input":{"@type":"PropertyValueSpecification","valueRequired":true,"valueName":"search_term_string"}}],"inLanguage":"it-IT"},{"@type":"Organization","@id":"https:\/\/15131.p.syniva.es\/it\/#organization","name":"Revolution Padel Store","url":"https:\/\/15131.p.syniva.es\/it\/","logo":{"@type":"ImageObject","inLanguage":"it-IT","@id":"https:\/\/15131.p.syniva.es\/it\/#\/schema\/logo\/image\/","url":"https:\/\/15131.p.syniva.es\/wp-content\/uploads\/2026\/02\/revolution-padel-store.jpg","contentUrl":"https:\/\/15131.p.syniva.es\/wp-content\/uploads\/2026\/02\/revolution-padel-store.jpg","width":2000,"height":2000,"caption":"Revolution Padel Store"},"image":{"@id":"https:\/\/15131.p.syniva.es\/it\/#\/schema\/logo\/image\/"},"sameAs":["https:\/\/www.instagram.com\/revolutionpadelstore\/"]}]}},"_links":{"self":[{"href":"https:\/\/15131.p.syniva.es\/it\/wp-json\/wp\/v2\/product\/12068","targetHints":{"allow":["GET"]}}],"collection":[{"href":"https:\/\/15131.p.syniva.es\/it\/wp-json\/wp\/v2\/product"}],"about":[{"href":"https:\/\/15131.p.syniva.es\/it\/wp-json\/wp\/v2\/types\/product"}],"replies":[{"embeddable":true,"href":"https:\/\/15131.p.syniva.es\/it\/wp-json\/wp\/v2\/comments?post=12068"}],"wp:featuredmedia":[{"embeddable":true,"href":"https:\/\/15131.p.syniva.es\/it\/wp-json\/wp\/v2\/media\/62115"}],"wp:attachment":[{"href":"https:\/\/15131.p.syniva.es\/it\/wp-json\/wp\/v2\/media?parent=12068"}],"wp:term":[{"taxonomy":"acabado","embeddable":true,"href":"https:\/\/15131.p.syniva.es\/it\/wp-json\/wp\/v2\/acabado?post=12068"},{"taxonomy":"balance","embeddable":true,"href":"https:\/\/15131.p.syniva.es\/it\/wp-json\/wp\/v2\/balance?post=12068"},{"taxonomy":"dureza","embeddable":true,"href":"https:\/\/15131.p.syniva.es\/it\/wp-json\/wp\/v2\/dureza?post=12068"},{"taxonomy":"forma","embeddable":true,"href":"https:\/\/15131.p.syniva.es\/it\/wp-json\/wp\/v2\/forma?post=12068"},{"taxonomy":"jugador","embeddable":true,"href":"https:\/\/15131.p.syniva.es\/it\/wp-json\/wp\/v2\/jugador?post=12068"},{"taxonomy":"marca","embeddable":true,"href":"https:\/\/15131.p.syniva.es\/it\/wp-json\/wp\/v2\/marca?post=12068"},{"taxonomy":"nivel-de-juego","embeddable":true,"href":"https:\/\/15131.p.syniva.es\/it\/wp-json\/wp\/v2\/nivel-de-juego?post=12068"},{"taxonomy":"superficie","embeddable":true,"href":"https:\/\/15131.p.syniva.es\/it\/wp-json\/wp\/v2\/superficie?post=12068"},{"taxonomy":"tipo-de-juego","embeddable":true,"href":"https:\/\/15131.p.syniva.es\/it\/wp-json\/wp\/v2\/tipo-de-juego?post=12068"},{"taxonomy":"product_brand","embeddable":true,"href":"https:\/\/15131.p.syniva.es\/it\/wp-json\/wp\/v2\/product_brand?post=12068"},{"taxonomy":"product_cat","embeddable":true,"href":"https:\/\/15131.p.syniva.es\/it\/wp-json\/wp\/v2\/product_cat?post=12068"},{"taxonomy":"product_tag","embeddable":true,"href":"https:\/\/15131.p.syniva.es\/it\/wp-json\/wp\/v2\/product_tag?post=12068"}],"curies":[{"name":"wp","href":"https:\/\/api.w.org\/{rel}","templated":true}]}}