{"id":129879,"date":"2024-11-28T20:30:12","date_gmt":"2024-11-28T19:30:12","guid":{"rendered":"https:\/\/15131.p.syniva.es\/asics-solution-speed-ff-3-clay\/"},"modified":"2026-04-08T09:58:14","modified_gmt":"2026-04-08T07:58:14","slug":"asics-solution-speed-ff-3-clay-4","status":"publish","type":"product","link":"https:\/\/15131.p.syniva.es\/it\/prodotto\/asics-solution-speed-ff-3-clay-4\/","title":{"rendered":"ASICS SOLUTION SPEED FF 3 CLAY"},"content":{"rendered":"<h2> ASICS Soluzione Velocit\u00e0 FF 3 Clay Orange Woman <\/h2>\n<p>Le scarpe Padel per le donne ASICS SOLUZIONE SPEED FF 3 Clay Blank e Orange sono appositamente progettate per offrire prestazioni pi\u00f9 elevate su terreno testardo e paddle, fornendo un&#8217;immortizzazione eccellente e la massima reattivit\u00e0 in ogni momento. Hanno un ulteriore supporto grazie agli inserti laterali della TPU, che mantengono i piedi fermi e ben posizionati.<\/p>\n<p>Il suo unico con il modello di picco impedisce l&#8217;accumulo di sabbia e garantisce una presa ottimale, migliorando la trazione e consentendo movimenti agili e morbidi sulla pista. Inoltre, la suola \u00e8 realizzata con gomma Ahar, un materiale resistente all&#8217;usura, che aumenta la durata della scarpa.<\/p>\n<p>La parte superiore \u00e8 costruita con una maglia traspirante e resistente, che garantisce un buon aggiustamento senza sacrificare comfort o ventilazione. Mediauela combina la tecnologia flytefoam e la costruzione di spazio 3D, adattandosi perfettamente al piede femminile per fornire smorzamento leggero ed efficace in ogni movimento.<\/p>\n<p>Il suo design moderno ed elegante, con dettagli in toni arancioni su un bersaglio morbido, ti far\u00e0 risaltare sia dentro che fuori dalla pista.<\/p>\n<h2>Asics Solution Speed FF 3 Clay Naranja Mujer<\/h2>\n","protected":false},"excerpt":{"rendered":"<p>SCARPE PADEL PER WOMES ASICS SOLUZIONE SPEECE FF 3 Clay con suola a spike in gomma Ahaplus per una resistenza all&#8217;usura ottimale. Buona ammortizzazione negli atterraggi.<\/p>\n","protected":false},"featured_media":129831,"comment_status":"open","ping_status":"closed","template":"","meta":{"_acf_changed":false,"_joinchat":[]},"acabado":[],"balance":[],"dureza":[],"forma":[],"jugador":[1196],"marca":[1326],"nivel-de-juego":[],"superficie":[],"tipo-de-juego":[],"product_brand":[],"product_cat":[832],"product_tag":[],"class_list":{"0":"post-129879","1":"product","2":"type-product","3":"status-publish","4":"has-post-thumbnail","6":"jugador-mujer-it","7":"marca-asics-it","8":"product_cat-scarpe-da-ginnastica","10":"first","11":"outofstock","12":"sale","13":"taxable","14":"shipping-taxable","15":"purchasable","16":"product-type-variable"},"acf":[],"yoast_head":"<!-- This site is optimized with the Yoast SEO plugin v27.4 - https:\/\/yoast.com\/product\/yoast-seo-wordpress\/ -->\n<title>ASICS SOLUTION SPEED FF 3 CLAY - Revolution Padel Store<\/title>\n<meta name=\"description\" content=\"Las zapatillas de p\u00e1del para mujer Asics Solution Speed FF 3 Clay en blanco y naranja est\u00e1n especialmente dise\u00f1adas para ofrecer un rendimiento superior en pistas de tierra batida y p\u00e1del, proporcionando una excelente amortiguaci\u00f3n y m\u00e1xima reactividad en todo momento. Cuentan con soporte adicional gracias a las inserciones laterales de TPU termoselladas, que mantienen el pie firme y bien posicionado.\" \/>\n<meta name=\"robots\" content=\"index, follow, max-snippet:-1, max-image-preview:large, max-video-preview:-1\" \/>\n<link rel=\"canonical\" href=\"https:\/\/15131.p.syniva.es\/it\/prodotto\/asics-solution-speed-ff-3-clay-4\/\" \/>\n<meta property=\"og:locale\" content=\"it_IT\" \/>\n<meta property=\"og:type\" content=\"article\" \/>\n<meta property=\"og:title\" content=\"ASICS SOLUTION SPEED FF 3 CLAY - Revolution Padel Store\" \/>\n<meta property=\"og:description\" content=\"Las zapatillas de p\u00e1del para mujer Asics Solution Speed FF 3 Clay en blanco y naranja est\u00e1n especialmente dise\u00f1adas para ofrecer un rendimiento superior en pistas de tierra batida y p\u00e1del, proporcionando una excelente amortiguaci\u00f3n y m\u00e1xima reactividad en todo momento. Cuentan con soporte adicional gracias a las inserciones laterales de TPU termoselladas, que mantienen el pie firme y bien posicionado.\" \/>\n<meta property=\"og:url\" content=\"https:\/\/15131.p.syniva.es\/it\/prodotto\/asics-solution-speed-ff-3-clay-4\/\" \/>\n<meta property=\"og:site_name\" content=\"Revolution Padel Store\" \/>\n<meta property=\"article:modified_time\" content=\"2026-04-08T07:58:14+00:00\" \/>\n<meta property=\"og:image\" content=\"https:\/\/15131.p.syniva.es\/wp-content\/uploads\/2024\/11\/112839_zapatillas_asics_solution_speed_ff_3_clay_1042a248_102_mujer_1500x1500_1_c722.webp\" \/>\n\t<meta property=\"og:image:width\" content=\"1500\" \/>\n\t<meta property=\"og:image:height\" content=\"1500\" \/>\n\t<meta property=\"og:image:type\" content=\"image\/webp\" \/>\n<meta name=\"twitter:card\" content=\"summary_large_image\" \/>\n<meta name=\"twitter:label1\" content=\"Tempo di lettura stimato\" \/>\n\t<meta name=\"twitter:data1\" content=\"1 minuto\" \/>\n<script type=\"application\/ld+json\" class=\"yoast-schema-graph\">{\"@context\":\"https:\\\/\\\/schema.org\",\"@graph\":[{\"@type\":\"WebPage\",\"@id\":\"https:\\\/\\\/15131.p.syniva.es\\\/it\\\/prodotto\\\/asics-solution-speed-ff-3-clay-4\\\/\",\"url\":\"https:\\\/\\\/15131.p.syniva.es\\\/it\\\/prodotto\\\/asics-solution-speed-ff-3-clay-4\\\/\",\"name\":\"ASICS SOLUTION SPEED FF 3 CLAY - Revolution Padel Store\",\"isPartOf\":{\"@id\":\"https:\\\/\\\/15131.p.syniva.es\\\/it\\\/#website\"},\"primaryImageOfPage\":{\"@id\":\"https:\\\/\\\/15131.p.syniva.es\\\/it\\\/prodotto\\\/asics-solution-speed-ff-3-clay-4\\\/#primaryimage\"},\"image\":{\"@id\":\"https:\\\/\\\/15131.p.syniva.es\\\/it\\\/prodotto\\\/asics-solution-speed-ff-3-clay-4\\\/#primaryimage\"},\"thumbnailUrl\":\"https:\\\/\\\/15131.p.syniva.es\\\/wp-content\\\/uploads\\\/2024\\\/11\\\/112839_zapatillas_asics_solution_speed_ff_3_clay_1042a248_102_mujer_1500x1500_1_c722.webp\",\"datePublished\":\"2024-11-28T19:30:12+00:00\",\"dateModified\":\"2026-04-08T07:58:14+00:00\",\"description\":\"Las zapatillas de p\u00e1del para mujer Asics Solution Speed FF 3 Clay en blanco y naranja est\u00e1n especialmente dise\u00f1adas para ofrecer un rendimiento superior en pistas de tierra batida y p\u00e1del, proporcionando una excelente amortiguaci\u00f3n y m\u00e1xima reactividad en todo momento. Cuentan con soporte adicional gracias a las inserciones laterales de TPU termoselladas, que mantienen el pie firme y bien posicionado.\",\"breadcrumb\":{\"@id\":\"https:\\\/\\\/15131.p.syniva.es\\\/it\\\/prodotto\\\/asics-solution-speed-ff-3-clay-4\\\/#breadcrumb\"},\"inLanguage\":\"it-IT\",\"potentialAction\":[{\"@type\":\"ReadAction\",\"target\":[\"https:\\\/\\\/15131.p.syniva.es\\\/it\\\/prodotto\\\/asics-solution-speed-ff-3-clay-4\\\/\"]}]},{\"@type\":\"ImageObject\",\"inLanguage\":\"it-IT\",\"@id\":\"https:\\\/\\\/15131.p.syniva.es\\\/it\\\/prodotto\\\/asics-solution-speed-ff-3-clay-4\\\/#primaryimage\",\"url\":\"https:\\\/\\\/15131.p.syniva.es\\\/wp-content\\\/uploads\\\/2024\\\/11\\\/112839_zapatillas_asics_solution_speed_ff_3_clay_1042a248_102_mujer_1500x1500_1_c722.webp\",\"contentUrl\":\"https:\\\/\\\/15131.p.syniva.es\\\/wp-content\\\/uploads\\\/2024\\\/11\\\/112839_zapatillas_asics_solution_speed_ff_3_clay_1042a248_102_mujer_1500x1500_1_c722.webp\",\"width\":1500,\"height\":1500},{\"@type\":\"BreadcrumbList\",\"@id\":\"https:\\\/\\\/15131.p.syniva.es\\\/it\\\/prodotto\\\/asics-solution-speed-ff-3-clay-4\\\/#breadcrumb\",\"itemListElement\":[{\"@type\":\"ListItem\",\"position\":1,\"name\":\"Portada\",\"item\":\"https:\\\/\\\/15131.p.syniva.es\\\/it\\\/\"},{\"@type\":\"ListItem\",\"position\":2,\"name\":\"Tienda\",\"item\":\"https:\\\/\\\/15131.p.syniva.es\\\/it\\\/tienda\\\/\"},{\"@type\":\"ListItem\",\"position\":3,\"name\":\"ASICS SOLUTION SPEED FF 3 CLAY\"}]},{\"@type\":\"WebSite\",\"@id\":\"https:\\\/\\\/15131.p.syniva.es\\\/it\\\/#website\",\"url\":\"https:\\\/\\\/15131.p.syniva.es\\\/it\\\/\",\"name\":\"Revolution Padel Store\",\"description\":\"\",\"publisher\":{\"@id\":\"https:\\\/\\\/15131.p.syniva.es\\\/it\\\/#organization\"},\"potentialAction\":[{\"@type\":\"SearchAction\",\"target\":{\"@type\":\"EntryPoint\",\"urlTemplate\":\"https:\\\/\\\/15131.p.syniva.es\\\/it\\\/?s={search_term_string}\"},\"query-input\":{\"@type\":\"PropertyValueSpecification\",\"valueRequired\":true,\"valueName\":\"search_term_string\"}}],\"inLanguage\":\"it-IT\"},{\"@type\":\"Organization\",\"@id\":\"https:\\\/\\\/15131.p.syniva.es\\\/it\\\/#organization\",\"name\":\"Revolution Padel Store\",\"url\":\"https:\\\/\\\/15131.p.syniva.es\\\/it\\\/\",\"logo\":{\"@type\":\"ImageObject\",\"inLanguage\":\"it-IT\",\"@id\":\"https:\\\/\\\/15131.p.syniva.es\\\/it\\\/#\\\/schema\\\/logo\\\/image\\\/\",\"url\":\"https:\\\/\\\/15131.p.syniva.es\\\/wp-content\\\/uploads\\\/2026\\\/02\\\/revolution-padel-store.jpg\",\"contentUrl\":\"https:\\\/\\\/15131.p.syniva.es\\\/wp-content\\\/uploads\\\/2026\\\/02\\\/revolution-padel-store.jpg\",\"width\":2000,\"height\":2000,\"caption\":\"Revolution Padel Store\"},\"image\":{\"@id\":\"https:\\\/\\\/15131.p.syniva.es\\\/it\\\/#\\\/schema\\\/logo\\\/image\\\/\"},\"sameAs\":[\"https:\\\/\\\/www.instagram.com\\\/revolutionpadelstore\\\/\"]}]}<\/script>\n<!-- \/ Yoast SEO plugin. -->","yoast_head_json":{"title":"ASICS SOLUTION SPEED FF 3 CLAY - Revolution Padel Store","description":"Las zapatillas de p\u00e1del para mujer Asics Solution Speed FF 3 Clay en blanco y naranja est\u00e1n especialmente dise\u00f1adas para ofrecer un rendimiento superior en pistas de tierra batida y p\u00e1del, proporcionando una excelente amortiguaci\u00f3n y m\u00e1xima reactividad en todo momento. Cuentan con soporte adicional gracias a las inserciones laterales de TPU termoselladas, que mantienen el pie firme y bien posicionado.","robots":{"index":"index","follow":"follow","max-snippet":"max-snippet:-1","max-image-preview":"max-image-preview:large","max-video-preview":"max-video-preview:-1"},"canonical":"https:\/\/15131.p.syniva.es\/it\/prodotto\/asics-solution-speed-ff-3-clay-4\/","og_locale":"it_IT","og_type":"article","og_title":"ASICS SOLUTION SPEED FF 3 CLAY - Revolution Padel Store","og_description":"Las zapatillas de p\u00e1del para mujer Asics Solution Speed FF 3 Clay en blanco y naranja est\u00e1n especialmente dise\u00f1adas para ofrecer un rendimiento superior en pistas de tierra batida y p\u00e1del, proporcionando una excelente amortiguaci\u00f3n y m\u00e1xima reactividad en todo momento. Cuentan con soporte adicional gracias a las inserciones laterales de TPU termoselladas, que mantienen el pie firme y bien posicionado.","og_url":"https:\/\/15131.p.syniva.es\/it\/prodotto\/asics-solution-speed-ff-3-clay-4\/","og_site_name":"Revolution Padel Store","article_modified_time":"2026-04-08T07:58:14+00:00","og_image":[{"width":1500,"height":1500,"url":"https:\/\/15131.p.syniva.es\/wp-content\/uploads\/2024\/11\/112839_zapatillas_asics_solution_speed_ff_3_clay_1042a248_102_mujer_1500x1500_1_c722.webp","type":"image\/webp"}],"twitter_card":"summary_large_image","twitter_misc":{"Tempo di lettura stimato":"1 minuto"},"schema":{"@context":"https:\/\/schema.org","@graph":[{"@type":"WebPage","@id":"https:\/\/15131.p.syniva.es\/it\/prodotto\/asics-solution-speed-ff-3-clay-4\/","url":"https:\/\/15131.p.syniva.es\/it\/prodotto\/asics-solution-speed-ff-3-clay-4\/","name":"ASICS SOLUTION SPEED FF 3 CLAY - Revolution Padel Store","isPartOf":{"@id":"https:\/\/15131.p.syniva.es\/it\/#website"},"primaryImageOfPage":{"@id":"https:\/\/15131.p.syniva.es\/it\/prodotto\/asics-solution-speed-ff-3-clay-4\/#primaryimage"},"image":{"@id":"https:\/\/15131.p.syniva.es\/it\/prodotto\/asics-solution-speed-ff-3-clay-4\/#primaryimage"},"thumbnailUrl":"https:\/\/15131.p.syniva.es\/wp-content\/uploads\/2024\/11\/112839_zapatillas_asics_solution_speed_ff_3_clay_1042a248_102_mujer_1500x1500_1_c722.webp","datePublished":"2024-11-28T19:30:12+00:00","dateModified":"2026-04-08T07:58:14+00:00","description":"Las zapatillas de p\u00e1del para mujer Asics Solution Speed FF 3 Clay en blanco y naranja est\u00e1n especialmente dise\u00f1adas para ofrecer un rendimiento superior en pistas de tierra batida y p\u00e1del, proporcionando una excelente amortiguaci\u00f3n y m\u00e1xima reactividad en todo momento. Cuentan con soporte adicional gracias a las inserciones laterales de TPU termoselladas, que mantienen el pie firme y bien posicionado.","breadcrumb":{"@id":"https:\/\/15131.p.syniva.es\/it\/prodotto\/asics-solution-speed-ff-3-clay-4\/#breadcrumb"},"inLanguage":"it-IT","potentialAction":[{"@type":"ReadAction","target":["https:\/\/15131.p.syniva.es\/it\/prodotto\/asics-solution-speed-ff-3-clay-4\/"]}]},{"@type":"ImageObject","inLanguage":"it-IT","@id":"https:\/\/15131.p.syniva.es\/it\/prodotto\/asics-solution-speed-ff-3-clay-4\/#primaryimage","url":"https:\/\/15131.p.syniva.es\/wp-content\/uploads\/2024\/11\/112839_zapatillas_asics_solution_speed_ff_3_clay_1042a248_102_mujer_1500x1500_1_c722.webp","contentUrl":"https:\/\/15131.p.syniva.es\/wp-content\/uploads\/2024\/11\/112839_zapatillas_asics_solution_speed_ff_3_clay_1042a248_102_mujer_1500x1500_1_c722.webp","width":1500,"height":1500},{"@type":"BreadcrumbList","@id":"https:\/\/15131.p.syniva.es\/it\/prodotto\/asics-solution-speed-ff-3-clay-4\/#breadcrumb","itemListElement":[{"@type":"ListItem","position":1,"name":"Portada","item":"https:\/\/15131.p.syniva.es\/it\/"},{"@type":"ListItem","position":2,"name":"Tienda","item":"https:\/\/15131.p.syniva.es\/it\/tienda\/"},{"@type":"ListItem","position":3,"name":"ASICS SOLUTION SPEED FF 3 CLAY"}]},{"@type":"WebSite","@id":"https:\/\/15131.p.syniva.es\/it\/#website","url":"https:\/\/15131.p.syniva.es\/it\/","name":"Revolution Padel Store","description":"","publisher":{"@id":"https:\/\/15131.p.syniva.es\/it\/#organization"},"potentialAction":[{"@type":"SearchAction","target":{"@type":"EntryPoint","urlTemplate":"https:\/\/15131.p.syniva.es\/it\/?s={search_term_string}"},"query-input":{"@type":"PropertyValueSpecification","valueRequired":true,"valueName":"search_term_string"}}],"inLanguage":"it-IT"},{"@type":"Organization","@id":"https:\/\/15131.p.syniva.es\/it\/#organization","name":"Revolution Padel Store","url":"https:\/\/15131.p.syniva.es\/it\/","logo":{"@type":"ImageObject","inLanguage":"it-IT","@id":"https:\/\/15131.p.syniva.es\/it\/#\/schema\/logo\/image\/","url":"https:\/\/15131.p.syniva.es\/wp-content\/uploads\/2026\/02\/revolution-padel-store.jpg","contentUrl":"https:\/\/15131.p.syniva.es\/wp-content\/uploads\/2026\/02\/revolution-padel-store.jpg","width":2000,"height":2000,"caption":"Revolution Padel Store"},"image":{"@id":"https:\/\/15131.p.syniva.es\/it\/#\/schema\/logo\/image\/"},"sameAs":["https:\/\/www.instagram.com\/revolutionpadelstore\/"]}]}},"_links":{"self":[{"href":"https:\/\/15131.p.syniva.es\/it\/wp-json\/wp\/v2\/product\/129879","targetHints":{"allow":["GET"]}}],"collection":[{"href":"https:\/\/15131.p.syniva.es\/it\/wp-json\/wp\/v2\/product"}],"about":[{"href":"https:\/\/15131.p.syniva.es\/it\/wp-json\/wp\/v2\/types\/product"}],"replies":[{"embeddable":true,"href":"https:\/\/15131.p.syniva.es\/it\/wp-json\/wp\/v2\/comments?post=129879"}],"wp:featuredmedia":[{"embeddable":true,"href":"https:\/\/15131.p.syniva.es\/it\/wp-json\/wp\/v2\/media\/129831"}],"wp:attachment":[{"href":"https:\/\/15131.p.syniva.es\/it\/wp-json\/wp\/v2\/media?parent=129879"}],"wp:term":[{"taxonomy":"acabado","embeddable":true,"href":"https:\/\/15131.p.syniva.es\/it\/wp-json\/wp\/v2\/acabado?post=129879"},{"taxonomy":"balance","embeddable":true,"href":"https:\/\/15131.p.syniva.es\/it\/wp-json\/wp\/v2\/balance?post=129879"},{"taxonomy":"dureza","embeddable":true,"href":"https:\/\/15131.p.syniva.es\/it\/wp-json\/wp\/v2\/dureza?post=129879"},{"taxonomy":"forma","embeddable":true,"href":"https:\/\/15131.p.syniva.es\/it\/wp-json\/wp\/v2\/forma?post=129879"},{"taxonomy":"jugador","embeddable":true,"href":"https:\/\/15131.p.syniva.es\/it\/wp-json\/wp\/v2\/jugador?post=129879"},{"taxonomy":"marca","embeddable":true,"href":"https:\/\/15131.p.syniva.es\/it\/wp-json\/wp\/v2\/marca?post=129879"},{"taxonomy":"nivel-de-juego","embeddable":true,"href":"https:\/\/15131.p.syniva.es\/it\/wp-json\/wp\/v2\/nivel-de-juego?post=129879"},{"taxonomy":"superficie","embeddable":true,"href":"https:\/\/15131.p.syniva.es\/it\/wp-json\/wp\/v2\/superficie?post=129879"},{"taxonomy":"tipo-de-juego","embeddable":true,"href":"https:\/\/15131.p.syniva.es\/it\/wp-json\/wp\/v2\/tipo-de-juego?post=129879"},{"taxonomy":"product_brand","embeddable":true,"href":"https:\/\/15131.p.syniva.es\/it\/wp-json\/wp\/v2\/product_brand?post=129879"},{"taxonomy":"product_cat","embeddable":true,"href":"https:\/\/15131.p.syniva.es\/it\/wp-json\/wp\/v2\/product_cat?post=129879"},{"taxonomy":"product_tag","embeddable":true,"href":"https:\/\/15131.p.syniva.es\/it\/wp-json\/wp\/v2\/product_tag?post=129879"}],"curies":[{"name":"wp","href":"https:\/\/api.w.org\/{rel}","templated":true}]}}