{"id":142518,"date":"2024-12-04T07:58:46","date_gmt":"2024-12-04T06:58:46","guid":{"rendered":"https:\/\/15131.p.syniva.es\/adidas-metalbone-ctrl-3-4-2025\/"},"modified":"2026-04-14T02:00:28","modified_gmt":"2026-04-14T00:00:28","slug":"adidas-metalbone-ctrl-3-4-2025","status":"publish","type":"product","link":"https:\/\/15131.p.syniva.es\/it\/prodotto\/adidas-metalbone-ctrl-3-4-2025\/","title":{"rendered":"ADIDAS METALBONE CTRL 3.4 2025"},"content":{"rendered":"<p>Il <strong> adidas Metalbone Ctrl 3.4 <\/strong> della collezione 2025 \u00e8 stato progettato con una combinazione di tecnologie di alta qualit\u00e0 e materiali di alta qualit\u00e0, offrendo precisione e controllo eccezionali in ogni colpo.<\/p>\n<p>Ha una forma rotonda <strong> e un basso equilibrio <\/strong>, quindi \u00e8 un modello focalizzato su giochi difensivi dalla linea di fondo. Ha un peso modulabile che varia tra 345 e 360 \u200b\u200bgrammi, a cui \u00e8 possibile aggiungere fino a 11,2 grammi extra.<\/p>\n<h2> Caratteristiche della osso metallico CTRL 3.4 <\/h2>\n<p><P> <strong> -redonda Forma e basso equilibrio <\/strong>: ideale per i giochi difensivi dalla linea di fondo<\/p>\n<p style=\"padding-left: 40px\"> <strong> -dulable<br \/>\n<P> <strong> -idoric basso poli <\/strong>: aumentare la rigidit\u00e0 e la potenza<br \/>\n<P> <strong> -cotogonal Struttura <\/strong>: aumenta la precisione riducendo la torsione<br \/>\n<P> <strong> -Coor Carbon Gages 16K <\/strong>: assicurarsi la solidit\u00e0 e la durata<br \/>\n<P> <strong> -ca Performance di gomma Eva <\/strong>: fornisce un maggiore comfort e output della palla<\/p>\n<p style=\"padding-left: 40px\"> <strong> -extended Power esteso Grip extra <\/strong>: aumentare l&#8217;inerzia nel colpo.<br \/>\n<P> <strong> -Rived Decal Blade <\/strong>: consente di stampare l&#8217;effetto con precisione ed efficacia<br \/>\n<P> <strong> -power groove <\/strong>: migliorare la rigidit\u00e0 strutturale per colpi pi\u00f9 potenti.<\/p>\n<p> <strong> -peso e bilanciamento di metallo <\/strong>: consente di regolare il peso e l&#8217;equilibrio.<br \/>\n<P> <strong> -empu\u00f1ura per una quarta lunghezza di potenza dell&#8217;impugnatura <\/strong>: offre una presa pi\u00f9 solida<\/p>\n<h2> Ideale per i professionisti <\/h2>\n<p>Metalbone CTRL 3.4 \u00e8 perfetto per i giocatori professionisti incentrati sulla difesa, che cercano precisione e controllo senza rinunciare al potere quando necessario. \u00c8 ideale per padroneggiare ogni gioco con controllo, adattabilit\u00e0 e potenza.<\/p>\n<h2> Disponibile in Revolution Padel Store <\/h2>\n<p>Non pensarci e migliorare i tuoi giochi difensivi con <strong> Adidas Metalbone Ctrl 3.4 <\/strong>, una pala rotonda per i professionisti che aumenta il controllo nel colpo di stato e facilita rapidi aggiustamenti nei momenti critici della festa.<strong>Adidas Metalbone CTRL 3.4<\/strong><\/p>\n","protected":false},"excerpt":{"rendered":"<p>Adidas Metalbone CTRL 3.4, lama rotonda e basso equilibrio per una maggiore precisione e controllo sulla pista. Eva Soft Performance e Rugo Carbalo Rubonized 16k.<\/p>\n","protected":false},"featured_media":135713,"comment_status":"open","ping_status":"closed","template":"","meta":{"_acf_changed":false,"_joinchat":[]},"acabado":[1091],"balance":[1146],"dureza":[1156],"forma":[1181],"jugador":[1201,1191],"marca":[1231],"nivel-de-juego":[1336,1346],"superficie":[1361],"tipo-de-juego":[1371],"product_brand":[],"product_cat":[301],"product_tag":[],"class_list":{"0":"post-142518","1":"product","2":"type-product","3":"status-publish","4":"has-post-thumbnail","6":"acabado-relieve-3d-it","7":"balance-basso","8":"dureza-media-it","9":"forma-rotondo","10":"jugador-multiuso","11":"jugador-uomo","12":"marca-adidas-it","13":"superficie-rugosa-it","14":"tipo-de-juego-controllo","15":"product_cat-palas-de-padel-it","17":"first","18":"instock","19":"sale","20":"taxable","21":"shipping-taxable","22":"purchasable","23":"product-type-simple"},"acf":[],"yoast_head":"<!-- This site is optimized with the Yoast SEO plugin v27.4 - https:\/\/yoast.com\/product\/yoast-seo-wordpress\/ -->\n<title>ADIDAS METALBONE CTRL 3.4 2025 - Revolution Padel Store<\/title>\n<meta name=\"description\" content=\"La Metalbone CTRL 3.4 es la pala Adidas para hombre perfecta para aquellos jugadores profesionales enfocados en la defensa que buscan a\u00f1adir un extra de precisi\u00f3n y control sin tener que renunciar a una buena potencia cuando sea necesaria. Perfecta para los que quieren dominar cada juego con control, adaptabilidad y potencia.\" \/>\n<meta name=\"robots\" content=\"index, follow, max-snippet:-1, max-image-preview:large, max-video-preview:-1\" \/>\n<link rel=\"canonical\" href=\"https:\/\/15131.p.syniva.es\/it\/prodotto\/adidas-metalbone-ctrl-3-4-2025\/\" \/>\n<meta property=\"og:locale\" content=\"it_IT\" \/>\n<meta property=\"og:type\" content=\"article\" \/>\n<meta property=\"og:title\" content=\"ADIDAS METALBONE CTRL 3.4 2025 - Revolution Padel Store\" \/>\n<meta property=\"og:description\" content=\"La Metalbone CTRL 3.4 es la pala Adidas para hombre perfecta para aquellos jugadores profesionales enfocados en la defensa que buscan a\u00f1adir un extra de precisi\u00f3n y control sin tener que renunciar a una buena potencia cuando sea necesaria. Perfecta para los que quieren dominar cada juego con control, adaptabilidad y potencia.\" \/>\n<meta property=\"og:url\" content=\"https:\/\/15131.p.syniva.es\/it\/prodotto\/adidas-metalbone-ctrl-3-4-2025\/\" \/>\n<meta property=\"og:site_name\" content=\"Revolution Padel Store\" \/>\n<meta property=\"article:modified_time\" content=\"2026-04-14T00:00:28+00:00\" \/>\n<meta property=\"og:image\" content=\"https:\/\/15131.p.syniva.es\/wp-content\/uploads\/2024\/12\/113686-pala-adidas-metalbone-ctrl-3-4-ar1ca0u361500x1500-1.webp\" \/>\n\t<meta property=\"og:image:width\" content=\"1500\" \/>\n\t<meta property=\"og:image:height\" content=\"1500\" \/>\n\t<meta property=\"og:image:type\" content=\"image\/webp\" \/>\n<meta name=\"twitter:card\" content=\"summary_large_image\" \/>\n<meta name=\"twitter:label1\" content=\"Tempo di lettura stimato\" \/>\n\t<meta name=\"twitter:data1\" content=\"1 minuto\" \/>\n<script type=\"application\/ld+json\" class=\"yoast-schema-graph\">{\"@context\":\"https:\\\/\\\/schema.org\",\"@graph\":[{\"@type\":\"WebPage\",\"@id\":\"https:\\\/\\\/15131.p.syniva.es\\\/it\\\/prodotto\\\/adidas-metalbone-ctrl-3-4-2025\\\/\",\"url\":\"https:\\\/\\\/15131.p.syniva.es\\\/it\\\/prodotto\\\/adidas-metalbone-ctrl-3-4-2025\\\/\",\"name\":\"ADIDAS METALBONE CTRL 3.4 2025 - Revolution Padel Store\",\"isPartOf\":{\"@id\":\"https:\\\/\\\/15131.p.syniva.es\\\/it\\\/#website\"},\"primaryImageOfPage\":{\"@id\":\"https:\\\/\\\/15131.p.syniva.es\\\/it\\\/prodotto\\\/adidas-metalbone-ctrl-3-4-2025\\\/#primaryimage\"},\"image\":{\"@id\":\"https:\\\/\\\/15131.p.syniva.es\\\/it\\\/prodotto\\\/adidas-metalbone-ctrl-3-4-2025\\\/#primaryimage\"},\"thumbnailUrl\":\"https:\\\/\\\/15131.p.syniva.es\\\/wp-content\\\/uploads\\\/2024\\\/12\\\/113686-pala-adidas-metalbone-ctrl-3-4-ar1ca0u361500x1500-1.webp\",\"datePublished\":\"2024-12-04T06:58:46+00:00\",\"dateModified\":\"2026-04-14T00:00:28+00:00\",\"description\":\"La Metalbone CTRL 3.4 es la pala Adidas para hombre perfecta para aquellos jugadores profesionales enfocados en la defensa que buscan a\u00f1adir un extra de precisi\u00f3n y control sin tener que renunciar a una buena potencia cuando sea necesaria. Perfecta para los que quieren dominar cada juego con control, adaptabilidad y potencia.\",\"breadcrumb\":{\"@id\":\"https:\\\/\\\/15131.p.syniva.es\\\/it\\\/prodotto\\\/adidas-metalbone-ctrl-3-4-2025\\\/#breadcrumb\"},\"inLanguage\":\"it-IT\",\"potentialAction\":[{\"@type\":\"ReadAction\",\"target\":[\"https:\\\/\\\/15131.p.syniva.es\\\/it\\\/prodotto\\\/adidas-metalbone-ctrl-3-4-2025\\\/\"]}]},{\"@type\":\"ImageObject\",\"inLanguage\":\"it-IT\",\"@id\":\"https:\\\/\\\/15131.p.syniva.es\\\/it\\\/prodotto\\\/adidas-metalbone-ctrl-3-4-2025\\\/#primaryimage\",\"url\":\"https:\\\/\\\/15131.p.syniva.es\\\/wp-content\\\/uploads\\\/2024\\\/12\\\/113686-pala-adidas-metalbone-ctrl-3-4-ar1ca0u361500x1500-1.webp\",\"contentUrl\":\"https:\\\/\\\/15131.p.syniva.es\\\/wp-content\\\/uploads\\\/2024\\\/12\\\/113686-pala-adidas-metalbone-ctrl-3-4-ar1ca0u361500x1500-1.webp\",\"width\":1500,\"height\":1500},{\"@type\":\"BreadcrumbList\",\"@id\":\"https:\\\/\\\/15131.p.syniva.es\\\/it\\\/prodotto\\\/adidas-metalbone-ctrl-3-4-2025\\\/#breadcrumb\",\"itemListElement\":[{\"@type\":\"ListItem\",\"position\":1,\"name\":\"Portada\",\"item\":\"https:\\\/\\\/15131.p.syniva.es\\\/it\\\/\"},{\"@type\":\"ListItem\",\"position\":2,\"name\":\"Tienda\",\"item\":\"https:\\\/\\\/15131.p.syniva.es\\\/it\\\/tienda\\\/\"},{\"@type\":\"ListItem\",\"position\":3,\"name\":\"ADIDAS METALBONE CTRL 3.4 2025\"}]},{\"@type\":\"WebSite\",\"@id\":\"https:\\\/\\\/15131.p.syniva.es\\\/it\\\/#website\",\"url\":\"https:\\\/\\\/15131.p.syniva.es\\\/it\\\/\",\"name\":\"Revolution Padel Store\",\"description\":\"\",\"publisher\":{\"@id\":\"https:\\\/\\\/15131.p.syniva.es\\\/it\\\/#organization\"},\"potentialAction\":[{\"@type\":\"SearchAction\",\"target\":{\"@type\":\"EntryPoint\",\"urlTemplate\":\"https:\\\/\\\/15131.p.syniva.es\\\/it\\\/?s={search_term_string}\"},\"query-input\":{\"@type\":\"PropertyValueSpecification\",\"valueRequired\":true,\"valueName\":\"search_term_string\"}}],\"inLanguage\":\"it-IT\"},{\"@type\":\"Organization\",\"@id\":\"https:\\\/\\\/15131.p.syniva.es\\\/it\\\/#organization\",\"name\":\"Revolution Padel Store\",\"url\":\"https:\\\/\\\/15131.p.syniva.es\\\/it\\\/\",\"logo\":{\"@type\":\"ImageObject\",\"inLanguage\":\"it-IT\",\"@id\":\"https:\\\/\\\/15131.p.syniva.es\\\/it\\\/#\\\/schema\\\/logo\\\/image\\\/\",\"url\":\"https:\\\/\\\/15131.p.syniva.es\\\/wp-content\\\/uploads\\\/2026\\\/02\\\/revolution-padel-store.jpg\",\"contentUrl\":\"https:\\\/\\\/15131.p.syniva.es\\\/wp-content\\\/uploads\\\/2026\\\/02\\\/revolution-padel-store.jpg\",\"width\":2000,\"height\":2000,\"caption\":\"Revolution Padel Store\"},\"image\":{\"@id\":\"https:\\\/\\\/15131.p.syniva.es\\\/it\\\/#\\\/schema\\\/logo\\\/image\\\/\"},\"sameAs\":[\"https:\\\/\\\/www.instagram.com\\\/revolutionpadelstore\\\/\"]}]}<\/script>\n<!-- \/ Yoast SEO plugin. -->","yoast_head_json":{"title":"ADIDAS METALBONE CTRL 3.4 2025 - Revolution Padel Store","description":"La Metalbone CTRL 3.4 es la pala Adidas para hombre perfecta para aquellos jugadores profesionales enfocados en la defensa que buscan a\u00f1adir un extra de precisi\u00f3n y control sin tener que renunciar a una buena potencia cuando sea necesaria. Perfecta para los que quieren dominar cada juego con control, adaptabilidad y potencia.","robots":{"index":"index","follow":"follow","max-snippet":"max-snippet:-1","max-image-preview":"max-image-preview:large","max-video-preview":"max-video-preview:-1"},"canonical":"https:\/\/15131.p.syniva.es\/it\/prodotto\/adidas-metalbone-ctrl-3-4-2025\/","og_locale":"it_IT","og_type":"article","og_title":"ADIDAS METALBONE CTRL 3.4 2025 - Revolution Padel Store","og_description":"La Metalbone CTRL 3.4 es la pala Adidas para hombre perfecta para aquellos jugadores profesionales enfocados en la defensa que buscan a\u00f1adir un extra de precisi\u00f3n y control sin tener que renunciar a una buena potencia cuando sea necesaria. Perfecta para los que quieren dominar cada juego con control, adaptabilidad y potencia.","og_url":"https:\/\/15131.p.syniva.es\/it\/prodotto\/adidas-metalbone-ctrl-3-4-2025\/","og_site_name":"Revolution Padel Store","article_modified_time":"2026-04-14T00:00:28+00:00","og_image":[{"width":1500,"height":1500,"url":"https:\/\/15131.p.syniva.es\/wp-content\/uploads\/2024\/12\/113686-pala-adidas-metalbone-ctrl-3-4-ar1ca0u361500x1500-1.webp","type":"image\/webp"}],"twitter_card":"summary_large_image","twitter_misc":{"Tempo di lettura stimato":"1 minuto"},"schema":{"@context":"https:\/\/schema.org","@graph":[{"@type":"WebPage","@id":"https:\/\/15131.p.syniva.es\/it\/prodotto\/adidas-metalbone-ctrl-3-4-2025\/","url":"https:\/\/15131.p.syniva.es\/it\/prodotto\/adidas-metalbone-ctrl-3-4-2025\/","name":"ADIDAS METALBONE CTRL 3.4 2025 - Revolution Padel Store","isPartOf":{"@id":"https:\/\/15131.p.syniva.es\/it\/#website"},"primaryImageOfPage":{"@id":"https:\/\/15131.p.syniva.es\/it\/prodotto\/adidas-metalbone-ctrl-3-4-2025\/#primaryimage"},"image":{"@id":"https:\/\/15131.p.syniva.es\/it\/prodotto\/adidas-metalbone-ctrl-3-4-2025\/#primaryimage"},"thumbnailUrl":"https:\/\/15131.p.syniva.es\/wp-content\/uploads\/2024\/12\/113686-pala-adidas-metalbone-ctrl-3-4-ar1ca0u361500x1500-1.webp","datePublished":"2024-12-04T06:58:46+00:00","dateModified":"2026-04-14T00:00:28+00:00","description":"La Metalbone CTRL 3.4 es la pala Adidas para hombre perfecta para aquellos jugadores profesionales enfocados en la defensa que buscan a\u00f1adir un extra de precisi\u00f3n y control sin tener que renunciar a una buena potencia cuando sea necesaria. Perfecta para los que quieren dominar cada juego con control, adaptabilidad y potencia.","breadcrumb":{"@id":"https:\/\/15131.p.syniva.es\/it\/prodotto\/adidas-metalbone-ctrl-3-4-2025\/#breadcrumb"},"inLanguage":"it-IT","potentialAction":[{"@type":"ReadAction","target":["https:\/\/15131.p.syniva.es\/it\/prodotto\/adidas-metalbone-ctrl-3-4-2025\/"]}]},{"@type":"ImageObject","inLanguage":"it-IT","@id":"https:\/\/15131.p.syniva.es\/it\/prodotto\/adidas-metalbone-ctrl-3-4-2025\/#primaryimage","url":"https:\/\/15131.p.syniva.es\/wp-content\/uploads\/2024\/12\/113686-pala-adidas-metalbone-ctrl-3-4-ar1ca0u361500x1500-1.webp","contentUrl":"https:\/\/15131.p.syniva.es\/wp-content\/uploads\/2024\/12\/113686-pala-adidas-metalbone-ctrl-3-4-ar1ca0u361500x1500-1.webp","width":1500,"height":1500},{"@type":"BreadcrumbList","@id":"https:\/\/15131.p.syniva.es\/it\/prodotto\/adidas-metalbone-ctrl-3-4-2025\/#breadcrumb","itemListElement":[{"@type":"ListItem","position":1,"name":"Portada","item":"https:\/\/15131.p.syniva.es\/it\/"},{"@type":"ListItem","position":2,"name":"Tienda","item":"https:\/\/15131.p.syniva.es\/it\/tienda\/"},{"@type":"ListItem","position":3,"name":"ADIDAS METALBONE CTRL 3.4 2025"}]},{"@type":"WebSite","@id":"https:\/\/15131.p.syniva.es\/it\/#website","url":"https:\/\/15131.p.syniva.es\/it\/","name":"Revolution Padel Store","description":"","publisher":{"@id":"https:\/\/15131.p.syniva.es\/it\/#organization"},"potentialAction":[{"@type":"SearchAction","target":{"@type":"EntryPoint","urlTemplate":"https:\/\/15131.p.syniva.es\/it\/?s={search_term_string}"},"query-input":{"@type":"PropertyValueSpecification","valueRequired":true,"valueName":"search_term_string"}}],"inLanguage":"it-IT"},{"@type":"Organization","@id":"https:\/\/15131.p.syniva.es\/it\/#organization","name":"Revolution Padel Store","url":"https:\/\/15131.p.syniva.es\/it\/","logo":{"@type":"ImageObject","inLanguage":"it-IT","@id":"https:\/\/15131.p.syniva.es\/it\/#\/schema\/logo\/image\/","url":"https:\/\/15131.p.syniva.es\/wp-content\/uploads\/2026\/02\/revolution-padel-store.jpg","contentUrl":"https:\/\/15131.p.syniva.es\/wp-content\/uploads\/2026\/02\/revolution-padel-store.jpg","width":2000,"height":2000,"caption":"Revolution Padel Store"},"image":{"@id":"https:\/\/15131.p.syniva.es\/it\/#\/schema\/logo\/image\/"},"sameAs":["https:\/\/www.instagram.com\/revolutionpadelstore\/"]}]}},"_links":{"self":[{"href":"https:\/\/15131.p.syniva.es\/it\/wp-json\/wp\/v2\/product\/142518","targetHints":{"allow":["GET"]}}],"collection":[{"href":"https:\/\/15131.p.syniva.es\/it\/wp-json\/wp\/v2\/product"}],"about":[{"href":"https:\/\/15131.p.syniva.es\/it\/wp-json\/wp\/v2\/types\/product"}],"replies":[{"embeddable":true,"href":"https:\/\/15131.p.syniva.es\/it\/wp-json\/wp\/v2\/comments?post=142518"}],"wp:featuredmedia":[{"embeddable":true,"href":"https:\/\/15131.p.syniva.es\/it\/wp-json\/wp\/v2\/media\/135713"}],"wp:attachment":[{"href":"https:\/\/15131.p.syniva.es\/it\/wp-json\/wp\/v2\/media?parent=142518"}],"wp:term":[{"taxonomy":"acabado","embeddable":true,"href":"https:\/\/15131.p.syniva.es\/it\/wp-json\/wp\/v2\/acabado?post=142518"},{"taxonomy":"balance","embeddable":true,"href":"https:\/\/15131.p.syniva.es\/it\/wp-json\/wp\/v2\/balance?post=142518"},{"taxonomy":"dureza","embeddable":true,"href":"https:\/\/15131.p.syniva.es\/it\/wp-json\/wp\/v2\/dureza?post=142518"},{"taxonomy":"forma","embeddable":true,"href":"https:\/\/15131.p.syniva.es\/it\/wp-json\/wp\/v2\/forma?post=142518"},{"taxonomy":"jugador","embeddable":true,"href":"https:\/\/15131.p.syniva.es\/it\/wp-json\/wp\/v2\/jugador?post=142518"},{"taxonomy":"marca","embeddable":true,"href":"https:\/\/15131.p.syniva.es\/it\/wp-json\/wp\/v2\/marca?post=142518"},{"taxonomy":"nivel-de-juego","embeddable":true,"href":"https:\/\/15131.p.syniva.es\/it\/wp-json\/wp\/v2\/nivel-de-juego?post=142518"},{"taxonomy":"superficie","embeddable":true,"href":"https:\/\/15131.p.syniva.es\/it\/wp-json\/wp\/v2\/superficie?post=142518"},{"taxonomy":"tipo-de-juego","embeddable":true,"href":"https:\/\/15131.p.syniva.es\/it\/wp-json\/wp\/v2\/tipo-de-juego?post=142518"},{"taxonomy":"product_brand","embeddable":true,"href":"https:\/\/15131.p.syniva.es\/it\/wp-json\/wp\/v2\/product_brand?post=142518"},{"taxonomy":"product_cat","embeddable":true,"href":"https:\/\/15131.p.syniva.es\/it\/wp-json\/wp\/v2\/product_cat?post=142518"},{"taxonomy":"product_tag","embeddable":true,"href":"https:\/\/15131.p.syniva.es\/it\/wp-json\/wp\/v2\/product_tag?post=142518"}],"curies":[{"name":"wp","href":"https:\/\/api.w.org\/{rel}","templated":true}]}}