{"id":154865,"date":"2024-12-10T22:12:16","date_gmt":"2024-12-10T21:12:16","guid":{"rendered":"https:\/\/15131.p.syniva.es\/head-speed-motion-2025\/"},"modified":"2026-04-01T06:08:24","modified_gmt":"2026-04-01T04:08:24","slug":"head-speed-motion-2025-4","status":"publish","type":"product","link":"https:\/\/15131.p.syniva.es\/it\/prodotto\/head-speed-motion-2025-4\/","title":{"rendered":"HEAD SPEED MOTION 2025"},"content":{"rendered":"<h2> <strong> Mozione di velocit\u00e0 della testa 2025: leggerezza e versatilit\u00e0 in ogni colpo <\/strong> <\/h2>\n<p>La paletta <strong> Head Speed \u200b\u200bMotion 2025 <\/strong> si distingue come una scelta ideale per i professionisti avanzati e i professionisti che cercano di dominare il gioco con un modello gestibile e versatile. Progettato per adattarsi a qualsiasi stile, combina una forma di lacrima e un peso ultraleggero di soli <strong> 355 grammi <\/strong>, offrendo un&#8217;esperienza di comfort eccezionale senza sacrificare il potere in colpi rapidi e precisi.<\/p>\n<h2> <strong> Design esclusivo per i giocatori avanzati <\/strong> <\/h2>\n<p>Il <strong> Head Speed \u200b\u200bMotion 2025 <\/strong>, la pala ufficiale del giocatore professionista Ari S\u00e1nchez, \u00e8 specificamente progettata per i giocatori che hanno bisogno di bilanciare il controllo e il potere nel loro gioco. Con le tecnologie di stato -ef -art e i materiali di alta qualit\u00e0, questa pala garantisce prestazioni eccezionali in qualsiasi situazione del partito.<\/p>\n<h2> <strong> Caratteristiche principali <\/strong> <\/h2>\n<p><P> <strong> -duro tatto: <\/strong> fibra di vetro ibrido e superficie di carbonio per una maggiore versatilit\u00e0.<br \/>\n<P> <strong> -Nucolo Foum: <\/strong> Potenza massima e risposta rapida nei colpi offensivi<br \/>\n<P> <strong> -uxetic 2.0 Technology: <\/strong> aumenta la sensazione di impatto e migliora il controllo in ogni colpo<br \/>\n<P style=\"padding-left: 40px\"> <strong> -sweet-ottimizzato dowery: <\/strong> grazie al <strong> spot di dolce ottimizzato&gt;<br \/>\n<P> <strong>-Resistente e stabile Struttura: <\/strong> Frame rinforzato con <strong> grafene all&#8217;interno <\/strong> e tecnologia <strong> Smart Bridge <\/strong>. p&gt;<\/p>\n<p style=\"padding-left: 40px\"> <strong> -extreme Dourability: <\/strong> Piatto protettivo polimerico <strong> Padel per la pelle anti-shock <\/strong> che aumenta la resistenza all&#8217;usura.<\/p>\n<p style=\"padding-left: 40px\"> <strong>-migliorato conforme: <\/strong> <strong> soft buttcap 2.0 <\/strong>, che riduce le vibrazioni e fornisce una presa pi\u00f9 comoda.<\/p>\n<h2> <strong> tecnologie avanzate per prestazioni pi\u00f9 elevate <\/strong> <\/h2>\n<p>La combinazione di materiali innovativi e tecnologie esclusive rende questa pala uno strumento ad alta prestazione, ideale per i giocatori che cercano di portare il loro gioco al livello successivo. Inoltre, il suo design della luce lo rende perfetto per transizioni rapide e manovre agili.<\/p>\n<h2> <strong> Prendi la pala del movimento della velocit\u00e0 della testa 2025 al miglior prezzo <\/strong> <\/h2>\n<p>Non perdere l&#8217;opportunit\u00e0 di giocare come il meglio nel circuito. Acquisisci ora il <strong> Head Speed \u200b\u200bMotion 2025 <\/strong> e sperimenta il perfetto equilibrio tra controllo, potenza e comfort. Disponibile nel nostro negozio online <strong> <a> al meglio Prezzo di mercato.<\/p>\n<h2><strong>Head Speed Motion 2025: Ligereza y Versatilidad en Cada Golpe<\/strong><\/p>\n","protected":false},"excerpt":{"rendered":"<p>La pala <strong> Head Speed \u200b\u200bMotion 2025 <\/strong>, progettata da Ari S\u00e1nchez, ha una forma a forma di lacrima ed \u00e8 particolarmente destinata alle donne. \u00c8 una pala leggera che si distingue per la sua facilit\u00e0 di manipolazione, grande comfort e versatilit\u00e0 nel gioco.<strong>Head Speed Motion 2025<\/strong><\/p>\n","protected":false},"featured_media":154860,"comment_status":"open","ping_status":"closed","template":"","meta":{"_acf_changed":false,"_joinchat":[]},"acabado":[1081],"balance":[1141],"dureza":[1161,1156],"forma":[1176],"jugador":[1201,1191],"marca":[1221],"nivel-de-juego":[1336],"superficie":[1356],"tipo-de-juego":[],"product_brand":[],"product_cat":[301],"product_tag":[],"class_list":{"0":"post-154865","1":"product","2":"type-product","3":"status-publish","4":"has-post-thumbnail","6":"acabado-luminosita","7":"balance-medio-it","8":"dureza-dura-it","9":"dureza-media-it","10":"forma-ibrido","11":"jugador-multiuso","12":"jugador-uomo","13":"marca-testa","14":"superficie-lisa-it","15":"product_cat-palas-de-padel-it","17":"first","18":"instock","19":"sale","20":"taxable","21":"shipping-taxable","22":"purchasable","23":"product-type-simple"},"acf":[],"yoast_head":"<!-- This site is optimized with the Yoast SEO plugin v27.3 - https:\/\/yoast.com\/product\/yoast-seo-wordpress\/ -->\n<title>HEAD SPEED MOTION 2025 - Revolution Padel Store<\/title>\n<meta name=\"description\" content=\"&quot;Descubre la pala Head Speed Motion 2025, oficial de Ari S\u00e1nchez, dise\u00f1ada para jugadoras avanzadas que buscan ligereza y versatilidad. Compra online en Revolution Padel Store al mejor precio.&quot;\" \/>\n<meta name=\"robots\" content=\"index, follow, max-snippet:-1, max-image-preview:large, max-video-preview:-1\" \/>\n<link rel=\"canonical\" href=\"https:\/\/15131.p.syniva.es\/it\/prodotto\/head-speed-motion-2025-4\/\" \/>\n<meta property=\"og:locale\" content=\"it_IT\" \/>\n<meta property=\"og:type\" content=\"article\" \/>\n<meta property=\"og:title\" content=\"HEAD SPEED MOTION 2025 - Revolution Padel Store\" \/>\n<meta property=\"og:description\" content=\"&quot;Descubre la pala Head Speed Motion 2025, oficial de Ari S\u00e1nchez, dise\u00f1ada para jugadoras avanzadas que buscan ligereza y versatilidad. Compra online en Revolution Padel Store al mejor precio.&quot;\" \/>\n<meta property=\"og:url\" content=\"https:\/\/15131.p.syniva.es\/it\/prodotto\/head-speed-motion-2025-4\/\" \/>\n<meta property=\"og:site_name\" content=\"Revolution Padel Store\" \/>\n<meta property=\"article:modified_time\" content=\"2026-04-01T04:08:24+00:00\" \/>\n<meta property=\"og:image\" content=\"https:\/\/15131.p.syniva.es\/wp-content\/uploads\/2024\/12\/speed-motion-2025.webp\" \/>\n\t<meta property=\"og:image:width\" content=\"1200\" \/>\n\t<meta property=\"og:image:height\" content=\"1200\" \/>\n\t<meta property=\"og:image:type\" content=\"image\/webp\" \/>\n<meta name=\"twitter:card\" content=\"summary_large_image\" \/>\n<meta name=\"twitter:label1\" content=\"Tempo di lettura stimato\" \/>\n\t<meta name=\"twitter:data1\" content=\"2 minuti\" \/>\n<script type=\"application\/ld+json\" class=\"yoast-schema-graph\">{\"@context\":\"https:\\\/\\\/schema.org\",\"@graph\":[{\"@type\":\"WebPage\",\"@id\":\"https:\\\/\\\/15131.p.syniva.es\\\/it\\\/prodotto\\\/head-speed-motion-2025-4\\\/\",\"url\":\"https:\\\/\\\/15131.p.syniva.es\\\/it\\\/prodotto\\\/head-speed-motion-2025-4\\\/\",\"name\":\"HEAD SPEED MOTION 2025 - Revolution Padel Store\",\"isPartOf\":{\"@id\":\"https:\\\/\\\/15131.p.syniva.es\\\/it\\\/#website\"},\"primaryImageOfPage\":{\"@id\":\"https:\\\/\\\/15131.p.syniva.es\\\/it\\\/prodotto\\\/head-speed-motion-2025-4\\\/#primaryimage\"},\"image\":{\"@id\":\"https:\\\/\\\/15131.p.syniva.es\\\/it\\\/prodotto\\\/head-speed-motion-2025-4\\\/#primaryimage\"},\"thumbnailUrl\":\"https:\\\/\\\/15131.p.syniva.es\\\/wp-content\\\/uploads\\\/2024\\\/12\\\/speed-motion-2025.webp\",\"datePublished\":\"2024-12-10T21:12:16+00:00\",\"dateModified\":\"2026-04-01T04:08:24+00:00\",\"description\":\"\\\"Descubre la pala Head Speed Motion 2025, oficial de Ari S\u00e1nchez, dise\u00f1ada para jugadoras avanzadas que buscan ligereza y versatilidad. Compra online en Revolution Padel Store al mejor precio.\\\"\",\"breadcrumb\":{\"@id\":\"https:\\\/\\\/15131.p.syniva.es\\\/it\\\/prodotto\\\/head-speed-motion-2025-4\\\/#breadcrumb\"},\"inLanguage\":\"it-IT\",\"potentialAction\":[{\"@type\":\"ReadAction\",\"target\":[\"https:\\\/\\\/15131.p.syniva.es\\\/it\\\/prodotto\\\/head-speed-motion-2025-4\\\/\"]}]},{\"@type\":\"ImageObject\",\"inLanguage\":\"it-IT\",\"@id\":\"https:\\\/\\\/15131.p.syniva.es\\\/it\\\/prodotto\\\/head-speed-motion-2025-4\\\/#primaryimage\",\"url\":\"https:\\\/\\\/15131.p.syniva.es\\\/wp-content\\\/uploads\\\/2024\\\/12\\\/speed-motion-2025.webp\",\"contentUrl\":\"https:\\\/\\\/15131.p.syniva.es\\\/wp-content\\\/uploads\\\/2024\\\/12\\\/speed-motion-2025.webp\",\"width\":1200,\"height\":1200},{\"@type\":\"BreadcrumbList\",\"@id\":\"https:\\\/\\\/15131.p.syniva.es\\\/it\\\/prodotto\\\/head-speed-motion-2025-4\\\/#breadcrumb\",\"itemListElement\":[{\"@type\":\"ListItem\",\"position\":1,\"name\":\"Portada\",\"item\":\"https:\\\/\\\/15131.p.syniva.es\\\/it\\\/\"},{\"@type\":\"ListItem\",\"position\":2,\"name\":\"Tienda\",\"item\":\"https:\\\/\\\/15131.p.syniva.es\\\/it\\\/tienda\\\/\"},{\"@type\":\"ListItem\",\"position\":3,\"name\":\"HEAD SPEED MOTION 2025\"}]},{\"@type\":\"WebSite\",\"@id\":\"https:\\\/\\\/15131.p.syniva.es\\\/it\\\/#website\",\"url\":\"https:\\\/\\\/15131.p.syniva.es\\\/it\\\/\",\"name\":\"Revolution Padel Store\",\"description\":\"\",\"publisher\":{\"@id\":\"https:\\\/\\\/15131.p.syniva.es\\\/it\\\/#organization\"},\"potentialAction\":[{\"@type\":\"SearchAction\",\"target\":{\"@type\":\"EntryPoint\",\"urlTemplate\":\"https:\\\/\\\/15131.p.syniva.es\\\/it\\\/?s={search_term_string}\"},\"query-input\":{\"@type\":\"PropertyValueSpecification\",\"valueRequired\":true,\"valueName\":\"search_term_string\"}}],\"inLanguage\":\"it-IT\"},{\"@type\":\"Organization\",\"@id\":\"https:\\\/\\\/15131.p.syniva.es\\\/it\\\/#organization\",\"name\":\"Revolution Padel Store\",\"url\":\"https:\\\/\\\/15131.p.syniva.es\\\/it\\\/\",\"logo\":{\"@type\":\"ImageObject\",\"inLanguage\":\"it-IT\",\"@id\":\"https:\\\/\\\/15131.p.syniva.es\\\/it\\\/#\\\/schema\\\/logo\\\/image\\\/\",\"url\":\"https:\\\/\\\/15131.p.syniva.es\\\/wp-content\\\/uploads\\\/2026\\\/02\\\/revolution-padel-store.jpg\",\"contentUrl\":\"https:\\\/\\\/15131.p.syniva.es\\\/wp-content\\\/uploads\\\/2026\\\/02\\\/revolution-padel-store.jpg\",\"width\":2000,\"height\":2000,\"caption\":\"Revolution Padel Store\"},\"image\":{\"@id\":\"https:\\\/\\\/15131.p.syniva.es\\\/it\\\/#\\\/schema\\\/logo\\\/image\\\/\"},\"sameAs\":[\"https:\\\/\\\/www.instagram.com\\\/revolutionpadelstore\\\/\"]}]}<\/script>\n<!-- \/ Yoast SEO plugin. -->","yoast_head_json":{"title":"HEAD SPEED MOTION 2025 - Revolution Padel Store","description":"\"Descubre la pala Head Speed Motion 2025, oficial de Ari S\u00e1nchez, dise\u00f1ada para jugadoras avanzadas que buscan ligereza y versatilidad. Compra online en Revolution Padel Store al mejor precio.\"","robots":{"index":"index","follow":"follow","max-snippet":"max-snippet:-1","max-image-preview":"max-image-preview:large","max-video-preview":"max-video-preview:-1"},"canonical":"https:\/\/15131.p.syniva.es\/it\/prodotto\/head-speed-motion-2025-4\/","og_locale":"it_IT","og_type":"article","og_title":"HEAD SPEED MOTION 2025 - Revolution Padel Store","og_description":"\"Descubre la pala Head Speed Motion 2025, oficial de Ari S\u00e1nchez, dise\u00f1ada para jugadoras avanzadas que buscan ligereza y versatilidad. Compra online en Revolution Padel Store al mejor precio.\"","og_url":"https:\/\/15131.p.syniva.es\/it\/prodotto\/head-speed-motion-2025-4\/","og_site_name":"Revolution Padel Store","article_modified_time":"2026-04-01T04:08:24+00:00","og_image":[{"width":1200,"height":1200,"url":"https:\/\/15131.p.syniva.es\/wp-content\/uploads\/2024\/12\/speed-motion-2025.webp","type":"image\/webp"}],"twitter_card":"summary_large_image","twitter_misc":{"Tempo di lettura stimato":"2 minuti"},"schema":{"@context":"https:\/\/schema.org","@graph":[{"@type":"WebPage","@id":"https:\/\/15131.p.syniva.es\/it\/prodotto\/head-speed-motion-2025-4\/","url":"https:\/\/15131.p.syniva.es\/it\/prodotto\/head-speed-motion-2025-4\/","name":"HEAD SPEED MOTION 2025 - Revolution Padel Store","isPartOf":{"@id":"https:\/\/15131.p.syniva.es\/it\/#website"},"primaryImageOfPage":{"@id":"https:\/\/15131.p.syniva.es\/it\/prodotto\/head-speed-motion-2025-4\/#primaryimage"},"image":{"@id":"https:\/\/15131.p.syniva.es\/it\/prodotto\/head-speed-motion-2025-4\/#primaryimage"},"thumbnailUrl":"https:\/\/15131.p.syniva.es\/wp-content\/uploads\/2024\/12\/speed-motion-2025.webp","datePublished":"2024-12-10T21:12:16+00:00","dateModified":"2026-04-01T04:08:24+00:00","description":"\"Descubre la pala Head Speed Motion 2025, oficial de Ari S\u00e1nchez, dise\u00f1ada para jugadoras avanzadas que buscan ligereza y versatilidad. Compra online en Revolution Padel Store al mejor precio.\"","breadcrumb":{"@id":"https:\/\/15131.p.syniva.es\/it\/prodotto\/head-speed-motion-2025-4\/#breadcrumb"},"inLanguage":"it-IT","potentialAction":[{"@type":"ReadAction","target":["https:\/\/15131.p.syniva.es\/it\/prodotto\/head-speed-motion-2025-4\/"]}]},{"@type":"ImageObject","inLanguage":"it-IT","@id":"https:\/\/15131.p.syniva.es\/it\/prodotto\/head-speed-motion-2025-4\/#primaryimage","url":"https:\/\/15131.p.syniva.es\/wp-content\/uploads\/2024\/12\/speed-motion-2025.webp","contentUrl":"https:\/\/15131.p.syniva.es\/wp-content\/uploads\/2024\/12\/speed-motion-2025.webp","width":1200,"height":1200},{"@type":"BreadcrumbList","@id":"https:\/\/15131.p.syniva.es\/it\/prodotto\/head-speed-motion-2025-4\/#breadcrumb","itemListElement":[{"@type":"ListItem","position":1,"name":"Portada","item":"https:\/\/15131.p.syniva.es\/it\/"},{"@type":"ListItem","position":2,"name":"Tienda","item":"https:\/\/15131.p.syniva.es\/it\/tienda\/"},{"@type":"ListItem","position":3,"name":"HEAD SPEED MOTION 2025"}]},{"@type":"WebSite","@id":"https:\/\/15131.p.syniva.es\/it\/#website","url":"https:\/\/15131.p.syniva.es\/it\/","name":"Revolution Padel Store","description":"","publisher":{"@id":"https:\/\/15131.p.syniva.es\/it\/#organization"},"potentialAction":[{"@type":"SearchAction","target":{"@type":"EntryPoint","urlTemplate":"https:\/\/15131.p.syniva.es\/it\/?s={search_term_string}"},"query-input":{"@type":"PropertyValueSpecification","valueRequired":true,"valueName":"search_term_string"}}],"inLanguage":"it-IT"},{"@type":"Organization","@id":"https:\/\/15131.p.syniva.es\/it\/#organization","name":"Revolution Padel Store","url":"https:\/\/15131.p.syniva.es\/it\/","logo":{"@type":"ImageObject","inLanguage":"it-IT","@id":"https:\/\/15131.p.syniva.es\/it\/#\/schema\/logo\/image\/","url":"https:\/\/15131.p.syniva.es\/wp-content\/uploads\/2026\/02\/revolution-padel-store.jpg","contentUrl":"https:\/\/15131.p.syniva.es\/wp-content\/uploads\/2026\/02\/revolution-padel-store.jpg","width":2000,"height":2000,"caption":"Revolution Padel Store"},"image":{"@id":"https:\/\/15131.p.syniva.es\/it\/#\/schema\/logo\/image\/"},"sameAs":["https:\/\/www.instagram.com\/revolutionpadelstore\/"]}]}},"_links":{"self":[{"href":"https:\/\/15131.p.syniva.es\/it\/wp-json\/wp\/v2\/product\/154865","targetHints":{"allow":["GET"]}}],"collection":[{"href":"https:\/\/15131.p.syniva.es\/it\/wp-json\/wp\/v2\/product"}],"about":[{"href":"https:\/\/15131.p.syniva.es\/it\/wp-json\/wp\/v2\/types\/product"}],"replies":[{"embeddable":true,"href":"https:\/\/15131.p.syniva.es\/it\/wp-json\/wp\/v2\/comments?post=154865"}],"wp:featuredmedia":[{"embeddable":true,"href":"https:\/\/15131.p.syniva.es\/it\/wp-json\/wp\/v2\/media\/154860"}],"wp:attachment":[{"href":"https:\/\/15131.p.syniva.es\/it\/wp-json\/wp\/v2\/media?parent=154865"}],"wp:term":[{"taxonomy":"acabado","embeddable":true,"href":"https:\/\/15131.p.syniva.es\/it\/wp-json\/wp\/v2\/acabado?post=154865"},{"taxonomy":"balance","embeddable":true,"href":"https:\/\/15131.p.syniva.es\/it\/wp-json\/wp\/v2\/balance?post=154865"},{"taxonomy":"dureza","embeddable":true,"href":"https:\/\/15131.p.syniva.es\/it\/wp-json\/wp\/v2\/dureza?post=154865"},{"taxonomy":"forma","embeddable":true,"href":"https:\/\/15131.p.syniva.es\/it\/wp-json\/wp\/v2\/forma?post=154865"},{"taxonomy":"jugador","embeddable":true,"href":"https:\/\/15131.p.syniva.es\/it\/wp-json\/wp\/v2\/jugador?post=154865"},{"taxonomy":"marca","embeddable":true,"href":"https:\/\/15131.p.syniva.es\/it\/wp-json\/wp\/v2\/marca?post=154865"},{"taxonomy":"nivel-de-juego","embeddable":true,"href":"https:\/\/15131.p.syniva.es\/it\/wp-json\/wp\/v2\/nivel-de-juego?post=154865"},{"taxonomy":"superficie","embeddable":true,"href":"https:\/\/15131.p.syniva.es\/it\/wp-json\/wp\/v2\/superficie?post=154865"},{"taxonomy":"tipo-de-juego","embeddable":true,"href":"https:\/\/15131.p.syniva.es\/it\/wp-json\/wp\/v2\/tipo-de-juego?post=154865"},{"taxonomy":"product_brand","embeddable":true,"href":"https:\/\/15131.p.syniva.es\/it\/wp-json\/wp\/v2\/product_brand?post=154865"},{"taxonomy":"product_cat","embeddable":true,"href":"https:\/\/15131.p.syniva.es\/it\/wp-json\/wp\/v2\/product_cat?post=154865"},{"taxonomy":"product_tag","embeddable":true,"href":"https:\/\/15131.p.syniva.es\/it\/wp-json\/wp\/v2\/product_tag?post=154865"}],"curies":[{"name":"wp","href":"https:\/\/api.w.org\/{rel}","templated":true}]}}