{"id":181546,"date":"2025-02-21T12:56:33","date_gmt":"2025-02-21T11:56:33","guid":{"rendered":"https:\/\/15131.p.syniva.es\/head-coello-junior-2025\/"},"modified":"2026-04-08T06:13:49","modified_gmt":"2026-04-08T04:13:49","slug":"head-coello-junior-2025-4","status":"publish","type":"product","link":"https:\/\/15131.p.syniva.es\/it\/prodotto\/head-coello-junior-2025-4\/","title":{"rendered":"HEAD COELLO JUNIOR 2025"},"content":{"rendered":"<br \/>\n<h2> Head Coello Junior 2025 &#8211; The Arturo Coello Shovel for Young Talents <\/h2>\n<p>The Head Coello Junior 2025 \u00e8 la scelta perfetta per i giovani giocatori che cercano di evolvere il loro gioco con una pala ispirata al mondo numero uno, Arturo Coello. Progettata in collaborazione con Head, questa pala combina la tecnologia avanzata, un design esclusivo con la firma del &#8220;King Arturo&#8221; e una struttura ottimizzata per fornire energia, controllo e comfort.<\/p>\n<p>La sua forma di lacrima, il suo leggero e il suo equilibrio sotto il turno un&#8217;opzione ideale per i giocatori junior che vogliono sviluppare la loro tecnica senza rinunciare a manovrabilit\u00e0 e comfort in pista.<br \/>\n&lt;Il<br \/>\nSe stai cercando una pala che aiuti a migliorare le prestazioni del pi\u00f9 giovane in pista, la Head Coello Junior 2025 \u00e8 l&#039;opzione migliore. Il suo ampio punto dolce offre una grande tolleranza nel colpo, consentendo una maggiore precisione e stabilit\u00e0 in ogni scambio. Grazie al suo peso di 310 g, i movimenti sono pi\u00f9 veloci, favorendo l&#039;apprendimento progressivo ed efficace.<\/p>\n<h2> <strong> caratteristiche e tecnologie di spicco: <\/strong> <\/h2>\n<p>-Formare la lacrima \u279c Equilibrio perfetto tra potenza e controllo. <\/p>\n<p style=\"padding-left: 40px\">-peso leggero (310 g) e bilanciamento in \u279c maggiore gestibilit\u00e0 e comfort. <\/p>\n<p style=\"padding-left: 40px\">-Hold in fibra di vetro<\/p>\n<p>-foam di potenza \u279c nucleo di risposta rapida per migliorare i colpi offensivi. <\/p>\n<p><P style=\"padding-left: 40px\">-Innegra \u2122 \u279c Tecnologia che riduce le vibrazioni e migliora la stabilit\u00e0. <\/p>\n<p><P>-Sistema di protezione integrato (IPS) \u279c Protezione extra contro l&#8217;impatto e l&#8217;usura. <\/p>\n<p><P>-Tubo su misura \u279c Struttura ottimizzata per prestazioni pi\u00f9 elevate. <\/p>\n<p>&lt;In<br \/>\nCon il Head Coello Junior 2025, i giovani giocatori possono migliorare la loro tecnica con una pala che massimizza il loro talento. Il suo design premium e le sue tecnologie avanzate garantiscono un gioco potente, stabile e preciso, facilitando l&#039;apprendimento e l&#039;evoluzione nel tennis di paddle.<\/p>\n<p>Ottieni il capo Coello Junior 2025 ora nel nostro negozio online <a href=\"https:\/\/www.15131.p.syniva.es\/\"> Revolution Padel Store <\/a>, probabilmente al miglior prezzo di mercato!<\/p>\n<h2>Head Coello Junior 2025 \u2013 La pala de Arturo Coello para j\u00f3venes talentos<\/h2>\n","protected":false},"excerpt":{"rendered":"<p>Il Head Coello Junior 2025 \u00e8 l&#8217;opzione ideale per i giovani atleti che cercano di combinare energia, precisione e comfort. Il suo design leggero e la tecnologia Avant -Garde garantiscono un ampio punto dolce e una maneggevolezza semplice.<\/p>\n","protected":false},"featured_media":181552,"comment_status":"open","ping_status":"closed","template":"","meta":{"_acf_changed":false,"_joinchat":[]},"acabado":[1081],"balance":[1146],"dureza":[1151],"forma":[1186],"jugador":[1206],"marca":[1221],"nivel-de-juego":[1341,1351],"superficie":[1356],"tipo-de-juego":[1386],"product_brand":[],"product_cat":[301],"product_tag":[],"class_list":{"0":"post-181546","1":"product","2":"type-product","3":"status-publish","4":"has-post-thumbnail","6":"acabado-luminosita","7":"balance-basso","8":"dureza-blanda-it","9":"forma-lagrima-it","10":"jugador-junior-it","11":"marca-testa","12":"superficie-lisa-it","13":"tipo-de-juego-multiuso","14":"product_cat-palas-de-padel-it","16":"first","17":"instock","18":"sale","19":"taxable","20":"shipping-taxable","21":"purchasable","22":"product-type-simple"},"acf":[],"yoast_head":"<!-- This site is optimized with the Yoast SEO plugin v27.4 - https:\/\/yoast.com\/product\/yoast-seo-wordpress\/ -->\n<title>HEAD COELLO JUNIOR 2025 - Revolution Padel Store<\/title>\n<meta name=\"description\" content=\"Compra la Head Coello Junior 2025, la pala de Arturo Coello para jugadores j\u00f3venes. Equilibrio entre potencia y control, dise\u00f1o exclusivo y tecnolog\u00eda avanzada. \u00a1Disponible en nuestra tienda online al mejor precio!\" \/>\n<meta name=\"robots\" content=\"index, follow, max-snippet:-1, max-image-preview:large, max-video-preview:-1\" \/>\n<link rel=\"canonical\" href=\"https:\/\/15131.p.syniva.es\/it\/prodotto\/head-coello-junior-2025-4\/\" \/>\n<meta property=\"og:locale\" content=\"it_IT\" \/>\n<meta property=\"og:type\" content=\"article\" \/>\n<meta property=\"og:title\" content=\"HEAD COELLO JUNIOR 2025 - Revolution Padel Store\" \/>\n<meta property=\"og:description\" content=\"Compra la Head Coello Junior 2025, la pala de Arturo Coello para jugadores j\u00f3venes. Equilibrio entre potencia y control, dise\u00f1o exclusivo y tecnolog\u00eda avanzada. \u00a1Disponible en nuestra tienda online al mejor precio!\" \/>\n<meta property=\"og:url\" content=\"https:\/\/15131.p.syniva.es\/it\/prodotto\/head-coello-junior-2025-4\/\" \/>\n<meta property=\"og:site_name\" content=\"Revolution Padel Store\" \/>\n<meta property=\"article:modified_time\" content=\"2026-04-08T04:13:49+00:00\" \/>\n<meta property=\"og:image\" content=\"https:\/\/15131.p.syniva.es\/wp-content\/uploads\/2025\/02\/115655-pala-head-coello-junior-2025-226725-1500x1500-1.webp\" \/>\n\t<meta property=\"og:image:width\" content=\"1500\" \/>\n\t<meta property=\"og:image:height\" content=\"1500\" \/>\n\t<meta property=\"og:image:type\" content=\"image\/webp\" \/>\n<meta name=\"twitter:card\" content=\"summary_large_image\" \/>\n<meta name=\"twitter:label1\" content=\"Tempo di lettura stimato\" \/>\n\t<meta name=\"twitter:data1\" content=\"2 minuti\" \/>\n<script type=\"application\/ld+json\" class=\"yoast-schema-graph\">{\"@context\":\"https:\\\/\\\/schema.org\",\"@graph\":[{\"@type\":\"WebPage\",\"@id\":\"https:\\\/\\\/15131.p.syniva.es\\\/it\\\/prodotto\\\/head-coello-junior-2025-4\\\/\",\"url\":\"https:\\\/\\\/15131.p.syniva.es\\\/it\\\/prodotto\\\/head-coello-junior-2025-4\\\/\",\"name\":\"HEAD COELLO JUNIOR 2025 - Revolution Padel Store\",\"isPartOf\":{\"@id\":\"https:\\\/\\\/15131.p.syniva.es\\\/it\\\/#website\"},\"primaryImageOfPage\":{\"@id\":\"https:\\\/\\\/15131.p.syniva.es\\\/it\\\/prodotto\\\/head-coello-junior-2025-4\\\/#primaryimage\"},\"image\":{\"@id\":\"https:\\\/\\\/15131.p.syniva.es\\\/it\\\/prodotto\\\/head-coello-junior-2025-4\\\/#primaryimage\"},\"thumbnailUrl\":\"https:\\\/\\\/15131.p.syniva.es\\\/wp-content\\\/uploads\\\/2025\\\/02\\\/115655-pala-head-coello-junior-2025-226725-1500x1500-1.webp\",\"datePublished\":\"2025-02-21T11:56:33+00:00\",\"dateModified\":\"2026-04-08T04:13:49+00:00\",\"description\":\"Compra la Head Coello Junior 2025, la pala de Arturo Coello para jugadores j\u00f3venes. Equilibrio entre potencia y control, dise\u00f1o exclusivo y tecnolog\u00eda avanzada. \u00a1Disponible en nuestra tienda online al mejor precio!\",\"breadcrumb\":{\"@id\":\"https:\\\/\\\/15131.p.syniva.es\\\/it\\\/prodotto\\\/head-coello-junior-2025-4\\\/#breadcrumb\"},\"inLanguage\":\"it-IT\",\"potentialAction\":[{\"@type\":\"ReadAction\",\"target\":[\"https:\\\/\\\/15131.p.syniva.es\\\/it\\\/prodotto\\\/head-coello-junior-2025-4\\\/\"]}]},{\"@type\":\"ImageObject\",\"inLanguage\":\"it-IT\",\"@id\":\"https:\\\/\\\/15131.p.syniva.es\\\/it\\\/prodotto\\\/head-coello-junior-2025-4\\\/#primaryimage\",\"url\":\"https:\\\/\\\/15131.p.syniva.es\\\/wp-content\\\/uploads\\\/2025\\\/02\\\/115655-pala-head-coello-junior-2025-226725-1500x1500-1.webp\",\"contentUrl\":\"https:\\\/\\\/15131.p.syniva.es\\\/wp-content\\\/uploads\\\/2025\\\/02\\\/115655-pala-head-coello-junior-2025-226725-1500x1500-1.webp\",\"width\":1500,\"height\":1500},{\"@type\":\"BreadcrumbList\",\"@id\":\"https:\\\/\\\/15131.p.syniva.es\\\/it\\\/prodotto\\\/head-coello-junior-2025-4\\\/#breadcrumb\",\"itemListElement\":[{\"@type\":\"ListItem\",\"position\":1,\"name\":\"Portada\",\"item\":\"https:\\\/\\\/15131.p.syniva.es\\\/it\\\/\"},{\"@type\":\"ListItem\",\"position\":2,\"name\":\"Tienda\",\"item\":\"https:\\\/\\\/15131.p.syniva.es\\\/it\\\/tienda\\\/\"},{\"@type\":\"ListItem\",\"position\":3,\"name\":\"HEAD COELLO JUNIOR 2025\"}]},{\"@type\":\"WebSite\",\"@id\":\"https:\\\/\\\/15131.p.syniva.es\\\/it\\\/#website\",\"url\":\"https:\\\/\\\/15131.p.syniva.es\\\/it\\\/\",\"name\":\"Revolution Padel Store\",\"description\":\"\",\"publisher\":{\"@id\":\"https:\\\/\\\/15131.p.syniva.es\\\/it\\\/#organization\"},\"potentialAction\":[{\"@type\":\"SearchAction\",\"target\":{\"@type\":\"EntryPoint\",\"urlTemplate\":\"https:\\\/\\\/15131.p.syniva.es\\\/it\\\/?s={search_term_string}\"},\"query-input\":{\"@type\":\"PropertyValueSpecification\",\"valueRequired\":true,\"valueName\":\"search_term_string\"}}],\"inLanguage\":\"it-IT\"},{\"@type\":\"Organization\",\"@id\":\"https:\\\/\\\/15131.p.syniva.es\\\/it\\\/#organization\",\"name\":\"Revolution Padel Store\",\"url\":\"https:\\\/\\\/15131.p.syniva.es\\\/it\\\/\",\"logo\":{\"@type\":\"ImageObject\",\"inLanguage\":\"it-IT\",\"@id\":\"https:\\\/\\\/15131.p.syniva.es\\\/it\\\/#\\\/schema\\\/logo\\\/image\\\/\",\"url\":\"https:\\\/\\\/15131.p.syniva.es\\\/wp-content\\\/uploads\\\/2026\\\/02\\\/revolution-padel-store.jpg\",\"contentUrl\":\"https:\\\/\\\/15131.p.syniva.es\\\/wp-content\\\/uploads\\\/2026\\\/02\\\/revolution-padel-store.jpg\",\"width\":2000,\"height\":2000,\"caption\":\"Revolution Padel Store\"},\"image\":{\"@id\":\"https:\\\/\\\/15131.p.syniva.es\\\/it\\\/#\\\/schema\\\/logo\\\/image\\\/\"},\"sameAs\":[\"https:\\\/\\\/www.instagram.com\\\/revolutionpadelstore\\\/\"]}]}<\/script>\n<!-- \/ Yoast SEO plugin. -->","yoast_head_json":{"title":"HEAD COELLO JUNIOR 2025 - Revolution Padel Store","description":"Compra la Head Coello Junior 2025, la pala de Arturo Coello para jugadores j\u00f3venes. Equilibrio entre potencia y control, dise\u00f1o exclusivo y tecnolog\u00eda avanzada. \u00a1Disponible en nuestra tienda online al mejor precio!","robots":{"index":"index","follow":"follow","max-snippet":"max-snippet:-1","max-image-preview":"max-image-preview:large","max-video-preview":"max-video-preview:-1"},"canonical":"https:\/\/15131.p.syniva.es\/it\/prodotto\/head-coello-junior-2025-4\/","og_locale":"it_IT","og_type":"article","og_title":"HEAD COELLO JUNIOR 2025 - Revolution Padel Store","og_description":"Compra la Head Coello Junior 2025, la pala de Arturo Coello para jugadores j\u00f3venes. Equilibrio entre potencia y control, dise\u00f1o exclusivo y tecnolog\u00eda avanzada. \u00a1Disponible en nuestra tienda online al mejor precio!","og_url":"https:\/\/15131.p.syniva.es\/it\/prodotto\/head-coello-junior-2025-4\/","og_site_name":"Revolution Padel Store","article_modified_time":"2026-04-08T04:13:49+00:00","og_image":[{"width":1500,"height":1500,"url":"https:\/\/15131.p.syniva.es\/wp-content\/uploads\/2025\/02\/115655-pala-head-coello-junior-2025-226725-1500x1500-1.webp","type":"image\/webp"}],"twitter_card":"summary_large_image","twitter_misc":{"Tempo di lettura stimato":"2 minuti"},"schema":{"@context":"https:\/\/schema.org","@graph":[{"@type":"WebPage","@id":"https:\/\/15131.p.syniva.es\/it\/prodotto\/head-coello-junior-2025-4\/","url":"https:\/\/15131.p.syniva.es\/it\/prodotto\/head-coello-junior-2025-4\/","name":"HEAD COELLO JUNIOR 2025 - Revolution Padel Store","isPartOf":{"@id":"https:\/\/15131.p.syniva.es\/it\/#website"},"primaryImageOfPage":{"@id":"https:\/\/15131.p.syniva.es\/it\/prodotto\/head-coello-junior-2025-4\/#primaryimage"},"image":{"@id":"https:\/\/15131.p.syniva.es\/it\/prodotto\/head-coello-junior-2025-4\/#primaryimage"},"thumbnailUrl":"https:\/\/15131.p.syniva.es\/wp-content\/uploads\/2025\/02\/115655-pala-head-coello-junior-2025-226725-1500x1500-1.webp","datePublished":"2025-02-21T11:56:33+00:00","dateModified":"2026-04-08T04:13:49+00:00","description":"Compra la Head Coello Junior 2025, la pala de Arturo Coello para jugadores j\u00f3venes. Equilibrio entre potencia y control, dise\u00f1o exclusivo y tecnolog\u00eda avanzada. \u00a1Disponible en nuestra tienda online al mejor precio!","breadcrumb":{"@id":"https:\/\/15131.p.syniva.es\/it\/prodotto\/head-coello-junior-2025-4\/#breadcrumb"},"inLanguage":"it-IT","potentialAction":[{"@type":"ReadAction","target":["https:\/\/15131.p.syniva.es\/it\/prodotto\/head-coello-junior-2025-4\/"]}]},{"@type":"ImageObject","inLanguage":"it-IT","@id":"https:\/\/15131.p.syniva.es\/it\/prodotto\/head-coello-junior-2025-4\/#primaryimage","url":"https:\/\/15131.p.syniva.es\/wp-content\/uploads\/2025\/02\/115655-pala-head-coello-junior-2025-226725-1500x1500-1.webp","contentUrl":"https:\/\/15131.p.syniva.es\/wp-content\/uploads\/2025\/02\/115655-pala-head-coello-junior-2025-226725-1500x1500-1.webp","width":1500,"height":1500},{"@type":"BreadcrumbList","@id":"https:\/\/15131.p.syniva.es\/it\/prodotto\/head-coello-junior-2025-4\/#breadcrumb","itemListElement":[{"@type":"ListItem","position":1,"name":"Portada","item":"https:\/\/15131.p.syniva.es\/it\/"},{"@type":"ListItem","position":2,"name":"Tienda","item":"https:\/\/15131.p.syniva.es\/it\/tienda\/"},{"@type":"ListItem","position":3,"name":"HEAD COELLO JUNIOR 2025"}]},{"@type":"WebSite","@id":"https:\/\/15131.p.syniva.es\/it\/#website","url":"https:\/\/15131.p.syniva.es\/it\/","name":"Revolution Padel Store","description":"","publisher":{"@id":"https:\/\/15131.p.syniva.es\/it\/#organization"},"potentialAction":[{"@type":"SearchAction","target":{"@type":"EntryPoint","urlTemplate":"https:\/\/15131.p.syniva.es\/it\/?s={search_term_string}"},"query-input":{"@type":"PropertyValueSpecification","valueRequired":true,"valueName":"search_term_string"}}],"inLanguage":"it-IT"},{"@type":"Organization","@id":"https:\/\/15131.p.syniva.es\/it\/#organization","name":"Revolution Padel Store","url":"https:\/\/15131.p.syniva.es\/it\/","logo":{"@type":"ImageObject","inLanguage":"it-IT","@id":"https:\/\/15131.p.syniva.es\/it\/#\/schema\/logo\/image\/","url":"https:\/\/15131.p.syniva.es\/wp-content\/uploads\/2026\/02\/revolution-padel-store.jpg","contentUrl":"https:\/\/15131.p.syniva.es\/wp-content\/uploads\/2026\/02\/revolution-padel-store.jpg","width":2000,"height":2000,"caption":"Revolution Padel Store"},"image":{"@id":"https:\/\/15131.p.syniva.es\/it\/#\/schema\/logo\/image\/"},"sameAs":["https:\/\/www.instagram.com\/revolutionpadelstore\/"]}]}},"_links":{"self":[{"href":"https:\/\/15131.p.syniva.es\/it\/wp-json\/wp\/v2\/product\/181546","targetHints":{"allow":["GET"]}}],"collection":[{"href":"https:\/\/15131.p.syniva.es\/it\/wp-json\/wp\/v2\/product"}],"about":[{"href":"https:\/\/15131.p.syniva.es\/it\/wp-json\/wp\/v2\/types\/product"}],"replies":[{"embeddable":true,"href":"https:\/\/15131.p.syniva.es\/it\/wp-json\/wp\/v2\/comments?post=181546"}],"wp:featuredmedia":[{"embeddable":true,"href":"https:\/\/15131.p.syniva.es\/it\/wp-json\/wp\/v2\/media\/181552"}],"wp:attachment":[{"href":"https:\/\/15131.p.syniva.es\/it\/wp-json\/wp\/v2\/media?parent=181546"}],"wp:term":[{"taxonomy":"acabado","embeddable":true,"href":"https:\/\/15131.p.syniva.es\/it\/wp-json\/wp\/v2\/acabado?post=181546"},{"taxonomy":"balance","embeddable":true,"href":"https:\/\/15131.p.syniva.es\/it\/wp-json\/wp\/v2\/balance?post=181546"},{"taxonomy":"dureza","embeddable":true,"href":"https:\/\/15131.p.syniva.es\/it\/wp-json\/wp\/v2\/dureza?post=181546"},{"taxonomy":"forma","embeddable":true,"href":"https:\/\/15131.p.syniva.es\/it\/wp-json\/wp\/v2\/forma?post=181546"},{"taxonomy":"jugador","embeddable":true,"href":"https:\/\/15131.p.syniva.es\/it\/wp-json\/wp\/v2\/jugador?post=181546"},{"taxonomy":"marca","embeddable":true,"href":"https:\/\/15131.p.syniva.es\/it\/wp-json\/wp\/v2\/marca?post=181546"},{"taxonomy":"nivel-de-juego","embeddable":true,"href":"https:\/\/15131.p.syniva.es\/it\/wp-json\/wp\/v2\/nivel-de-juego?post=181546"},{"taxonomy":"superficie","embeddable":true,"href":"https:\/\/15131.p.syniva.es\/it\/wp-json\/wp\/v2\/superficie?post=181546"},{"taxonomy":"tipo-de-juego","embeddable":true,"href":"https:\/\/15131.p.syniva.es\/it\/wp-json\/wp\/v2\/tipo-de-juego?post=181546"},{"taxonomy":"product_brand","embeddable":true,"href":"https:\/\/15131.p.syniva.es\/it\/wp-json\/wp\/v2\/product_brand?post=181546"},{"taxonomy":"product_cat","embeddable":true,"href":"https:\/\/15131.p.syniva.es\/it\/wp-json\/wp\/v2\/product_cat?post=181546"},{"taxonomy":"product_tag","embeddable":true,"href":"https:\/\/15131.p.syniva.es\/it\/wp-json\/wp\/v2\/product_tag?post=181546"}],"curies":[{"name":"wp","href":"https:\/\/api.w.org\/{rel}","templated":true}]}}