{"id":19719,"date":"2024-04-10T08:44:59","date_gmt":"2024-04-10T06:44:59","guid":{"rendered":"https:\/\/15131.p.syniva.es\/wilson-bela-pro-v2-5\/"},"modified":"2026-04-08T14:26:21","modified_gmt":"2026-04-08T12:26:21","slug":"wilson-bela-pro-v2-5","status":"publish","type":"product","link":"https:\/\/15131.p.syniva.es\/it\/prodotto\/wilson-bela-pro-v2-5\/","title":{"rendered":"WILSON BELA PRO V2.5"},"content":{"rendered":"<p>Progettata in collaborazione con l&#8217;ex numero 1 del mondo Fernando Belasteguin, la Bela Pro V2.5 mette la sua racchetta nelle mani di tutti i giocatori che vogliono raggiungere la vetta.<br \/>\nIspirata dalla sua instancabile dedizione allo sport e dal suo insaziabile desiderio di vincere, la Bela Pro utilizza una tecnologia all&#8217;avanguardia per offrire le massime prestazioni, ideali per i giocatori avanzati che desiderano dettare il punto.<br \/>\nCon uno sweet spot migliorato e una sensazione coerente, il telaio \u00e8 integrato con una solida schiuma EVA e Primero Carbon, offrendo una potente combinazione di potenza e reattivit\u00e0.<br \/>\nLa texture Spin Effect genera effetti costanti, mentre il disegno dei fori accuratamente progettato mantiene una risposta uniforme su tutta la faccia.<br \/>\nAltri miglioramenti a questa racchetta da padel includono tacche aggiunte sul manico per fornire una sensazione di presa confortevole e una protezione trasparente per prolungare la durata del telaio e della vernice.<br \/>\nRealizzato con precisione utilizzando una struttura tubolare in carbonio, che garantisce uno spessore tubolare uniforme e si traduce in una maggiore durata, un incredibile controllo del tiro e una sensazione superiore su tutta la racchetta.<br \/>\nIntegra carbonio premium nel telaio per offrire una combinazione di elevata potenza e risposta rapida, aumentando la propulsione della faccia della pala.<br \/>\nProduce colpi netti e decisi per un rilascio della palla pi\u00f9 rapido e un controllo eccellente.<br \/>\nSuperficie testurizzata che trattiene la palla al contatto per una migliore rotazione e un&#8217;eccellente sensibilit\u00e0 ad ogni colpo.<br \/>\nEsclusivo poliuretano e lega Izo-Zorb che fornisce un&#8217;eccellente combinazione di grip e ammortizzazione.<\/p>\n","protected":false},"excerpt":{"rendered":"<p>Racchetta Wilson Bela Pro V2.5 in formato a goccia per giocatori di livello avanzato. Al suo interno presenta una schiuma EVA in grado di fornire potenza e ottima reattivit\u00e0. La texture Spin Effect genera effetti costanti, mentre il disegno dei fori accuratamente progettato mantiene una risposta uniforme su tutta la faccia. Integra carbonio di alta qualit\u00e0 nel telaio per offrire una combinazione di elevata potenza e risposta rapida, aumentando la propulsione della lama.<\/p>\n","protected":false},"featured_media":50227,"comment_status":"open","ping_status":"closed","template":"","meta":{"_acf_changed":false,"_joinchat":[]},"acabado":[1081,1091],"balance":[1136],"dureza":[1161],"forma":[1186],"jugador":[1201,1191],"marca":[1266],"nivel-de-juego":[1336],"superficie":[1361],"tipo-de-juego":[1381],"product_brand":[],"product_cat":[301],"product_tag":[],"class_list":{"0":"post-19719","1":"product","2":"type-product","3":"status-publish","4":"has-post-thumbnail","6":"acabado-luminosita","7":"acabado-relieve-3d-it","8":"balance-alto-it","9":"dureza-dura-it","10":"forma-lagrima-it","11":"jugador-multiuso","12":"jugador-uomo","13":"marca-wilson-it","14":"superficie-rugosa-it","15":"tipo-de-juego-attacca","16":"product_cat-palas-de-padel-it","18":"first","19":"instock","20":"sale","21":"taxable","22":"shipping-taxable","23":"purchasable","24":"product-type-simple"},"acf":[],"yoast_head":"<!-- This site is optimized with the Yoast SEO plugin v27.3 - https:\/\/yoast.com\/product\/yoast-seo-wordpress\/ -->\n<title>WILSON BELA PRO V2.5 - Revolution Padel Store<\/title>\n<meta name=\"description\" content=\"Pala Wilson Bela Pro V2.5 en formato l\u00e1grima para jugadores de nivel avanzado. En su interior cuenta con una espuma EVA capaz de proporcionar potencia y excelente capacidad de respuesta. La textura Spin Effect genera un spin consistente, mientras que el patr\u00f3n de agujeros cuidadosamente dise\u00f1ado mantiene una respuesta uniforme en toda la cara. Integra carbono premium en el marco para ofrecer una combinaci\u00f3n de gran potencia y una r\u00e1pida capacidad de respuesta, lo que aumenta la propulsi\u00f3n de la cara de la pala.\" \/>\n<meta name=\"robots\" content=\"index, follow, max-snippet:-1, max-image-preview:large, max-video-preview:-1\" \/>\n<link rel=\"canonical\" href=\"https:\/\/15131.p.syniva.es\/it\/prodotto\/wilson-bela-pro-v2-5\/\" \/>\n<meta property=\"og:locale\" content=\"it_IT\" \/>\n<meta property=\"og:type\" content=\"article\" \/>\n<meta property=\"og:title\" content=\"COMPRAR WILSON BELA PRO V2.5\" \/>\n<meta property=\"og:description\" content=\"Pala Wilson Bela Pro V2.5 en formato l\u00e1grima para jugadores de nivel avanzado. En su interior cuenta con una espuma EVA capaz de proporcionar potencia y excelente capacidad de respuesta. La textura Spin Effect genera un spin consistente, mientras que el patr\u00f3n de agujeros cuidadosamente dise\u00f1ado mantiene una respuesta uniforme en toda la cara. Integra carbono premium en el marco para ofrecer una combinaci\u00f3n de gran potencia y una r\u00e1pida capacidad de respuesta, lo que aumenta la propulsi\u00f3n de la cara de la pala.\" \/>\n<meta property=\"og:url\" content=\"https:\/\/15131.p.syniva.es\/it\/prodotto\/wilson-bela-pro-v2-5\/\" \/>\n<meta property=\"og:site_name\" content=\"Revolution Padel Store\" \/>\n<meta property=\"article:modified_time\" content=\"2026-04-08T12:26:21+00:00\" \/>\n<meta property=\"og:image\" content=\"https:\/\/15131.p.syniva.es\/wp-content\/uploads\/2024\/04\/pala-wilson-bela-pro-v2-5-1-800x800-1.jpg\" \/>\n\t<meta property=\"og:image:width\" content=\"800\" \/>\n\t<meta property=\"og:image:height\" content=\"800\" \/>\n\t<meta property=\"og:image:type\" content=\"image\/jpeg\" \/>\n<meta name=\"twitter:card\" content=\"summary_large_image\" \/>\n<meta name=\"twitter:label1\" content=\"Tempo di lettura stimato\" \/>\n\t<meta name=\"twitter:data1\" content=\"2 minuti\" \/>\n<script type=\"application\/ld+json\" class=\"yoast-schema-graph\">{\"@context\":\"https:\\\/\\\/schema.org\",\"@graph\":[{\"@type\":\"WebPage\",\"@id\":\"https:\\\/\\\/15131.p.syniva.es\\\/it\\\/prodotto\\\/wilson-bela-pro-v2-5\\\/\",\"url\":\"https:\\\/\\\/15131.p.syniva.es\\\/it\\\/prodotto\\\/wilson-bela-pro-v2-5\\\/\",\"name\":\"WILSON BELA PRO V2.5 - Revolution Padel Store\",\"isPartOf\":{\"@id\":\"https:\\\/\\\/15131.p.syniva.es\\\/it\\\/#website\"},\"primaryImageOfPage\":{\"@id\":\"https:\\\/\\\/15131.p.syniva.es\\\/it\\\/prodotto\\\/wilson-bela-pro-v2-5\\\/#primaryimage\"},\"image\":{\"@id\":\"https:\\\/\\\/15131.p.syniva.es\\\/it\\\/prodotto\\\/wilson-bela-pro-v2-5\\\/#primaryimage\"},\"thumbnailUrl\":\"https:\\\/\\\/15131.p.syniva.es\\\/wp-content\\\/uploads\\\/2024\\\/04\\\/pala-wilson-bela-pro-v2-5-1-800x800-1.jpg\",\"datePublished\":\"2024-04-10T06:44:59+00:00\",\"dateModified\":\"2026-04-08T12:26:21+00:00\",\"description\":\"Pala Wilson Bela Pro V2.5 en formato l\u00e1grima para jugadores de nivel avanzado. En su interior cuenta con una espuma EVA capaz de proporcionar potencia y excelente capacidad de respuesta. La textura Spin Effect genera un spin consistente, mientras que el patr\u00f3n de agujeros cuidadosamente dise\u00f1ado mantiene una respuesta uniforme en toda la cara. Integra carbono premium en el marco para ofrecer una combinaci\u00f3n de gran potencia y una r\u00e1pida capacidad de respuesta, lo que aumenta la propulsi\u00f3n de la cara de la pala.\",\"breadcrumb\":{\"@id\":\"https:\\\/\\\/15131.p.syniva.es\\\/it\\\/prodotto\\\/wilson-bela-pro-v2-5\\\/#breadcrumb\"},\"inLanguage\":\"it-IT\",\"potentialAction\":[{\"@type\":\"ReadAction\",\"target\":[\"https:\\\/\\\/15131.p.syniva.es\\\/it\\\/prodotto\\\/wilson-bela-pro-v2-5\\\/\"]}]},{\"@type\":\"ImageObject\",\"inLanguage\":\"it-IT\",\"@id\":\"https:\\\/\\\/15131.p.syniva.es\\\/it\\\/prodotto\\\/wilson-bela-pro-v2-5\\\/#primaryimage\",\"url\":\"https:\\\/\\\/15131.p.syniva.es\\\/wp-content\\\/uploads\\\/2024\\\/04\\\/pala-wilson-bela-pro-v2-5-1-800x800-1.jpg\",\"contentUrl\":\"https:\\\/\\\/15131.p.syniva.es\\\/wp-content\\\/uploads\\\/2024\\\/04\\\/pala-wilson-bela-pro-v2-5-1-800x800-1.jpg\",\"width\":800,\"height\":800},{\"@type\":\"BreadcrumbList\",\"@id\":\"https:\\\/\\\/15131.p.syniva.es\\\/it\\\/prodotto\\\/wilson-bela-pro-v2-5\\\/#breadcrumb\",\"itemListElement\":[{\"@type\":\"ListItem\",\"position\":1,\"name\":\"Portada\",\"item\":\"https:\\\/\\\/15131.p.syniva.es\\\/it\\\/\"},{\"@type\":\"ListItem\",\"position\":2,\"name\":\"Tienda\",\"item\":\"https:\\\/\\\/15131.p.syniva.es\\\/it\\\/tienda\\\/\"},{\"@type\":\"ListItem\",\"position\":3,\"name\":\"WILSON BELA PRO V2.5\"}]},{\"@type\":\"WebSite\",\"@id\":\"https:\\\/\\\/15131.p.syniva.es\\\/it\\\/#website\",\"url\":\"https:\\\/\\\/15131.p.syniva.es\\\/it\\\/\",\"name\":\"Revolution Padel Store\",\"description\":\"\",\"publisher\":{\"@id\":\"https:\\\/\\\/15131.p.syniva.es\\\/it\\\/#organization\"},\"potentialAction\":[{\"@type\":\"SearchAction\",\"target\":{\"@type\":\"EntryPoint\",\"urlTemplate\":\"https:\\\/\\\/15131.p.syniva.es\\\/it\\\/?s={search_term_string}\"},\"query-input\":{\"@type\":\"PropertyValueSpecification\",\"valueRequired\":true,\"valueName\":\"search_term_string\"}}],\"inLanguage\":\"it-IT\"},{\"@type\":\"Organization\",\"@id\":\"https:\\\/\\\/15131.p.syniva.es\\\/it\\\/#organization\",\"name\":\"Revolution Padel Store\",\"url\":\"https:\\\/\\\/15131.p.syniva.es\\\/it\\\/\",\"logo\":{\"@type\":\"ImageObject\",\"inLanguage\":\"it-IT\",\"@id\":\"https:\\\/\\\/15131.p.syniva.es\\\/it\\\/#\\\/schema\\\/logo\\\/image\\\/\",\"url\":\"https:\\\/\\\/15131.p.syniva.es\\\/wp-content\\\/uploads\\\/2026\\\/02\\\/revolution-padel-store.jpg\",\"contentUrl\":\"https:\\\/\\\/15131.p.syniva.es\\\/wp-content\\\/uploads\\\/2026\\\/02\\\/revolution-padel-store.jpg\",\"width\":2000,\"height\":2000,\"caption\":\"Revolution Padel Store\"},\"image\":{\"@id\":\"https:\\\/\\\/15131.p.syniva.es\\\/it\\\/#\\\/schema\\\/logo\\\/image\\\/\"},\"sameAs\":[\"https:\\\/\\\/www.instagram.com\\\/revolutionpadelstore\\\/\"]}]}<\/script>\n<!-- \/ Yoast SEO plugin. -->","yoast_head_json":{"title":"WILSON BELA PRO V2.5 - Revolution Padel Store","description":"Pala Wilson Bela Pro V2.5 en formato l\u00e1grima para jugadores de nivel avanzado. En su interior cuenta con una espuma EVA capaz de proporcionar potencia y excelente capacidad de respuesta. La textura Spin Effect genera un spin consistente, mientras que el patr\u00f3n de agujeros cuidadosamente dise\u00f1ado mantiene una respuesta uniforme en toda la cara. Integra carbono premium en el marco para ofrecer una combinaci\u00f3n de gran potencia y una r\u00e1pida capacidad de respuesta, lo que aumenta la propulsi\u00f3n de la cara de la pala.","robots":{"index":"index","follow":"follow","max-snippet":"max-snippet:-1","max-image-preview":"max-image-preview:large","max-video-preview":"max-video-preview:-1"},"canonical":"https:\/\/15131.p.syniva.es\/it\/prodotto\/wilson-bela-pro-v2-5\/","og_locale":"it_IT","og_type":"article","og_title":"COMPRAR WILSON BELA PRO V2.5","og_description":"Pala Wilson Bela Pro V2.5 en formato l\u00e1grima para jugadores de nivel avanzado. En su interior cuenta con una espuma EVA capaz de proporcionar potencia y excelente capacidad de respuesta. La textura Spin Effect genera un spin consistente, mientras que el patr\u00f3n de agujeros cuidadosamente dise\u00f1ado mantiene una respuesta uniforme en toda la cara. Integra carbono premium en el marco para ofrecer una combinaci\u00f3n de gran potencia y una r\u00e1pida capacidad de respuesta, lo que aumenta la propulsi\u00f3n de la cara de la pala.","og_url":"https:\/\/15131.p.syniva.es\/it\/prodotto\/wilson-bela-pro-v2-5\/","og_site_name":"Revolution Padel Store","article_modified_time":"2026-04-08T12:26:21+00:00","og_image":[{"width":800,"height":800,"url":"https:\/\/15131.p.syniva.es\/wp-content\/uploads\/2024\/04\/pala-wilson-bela-pro-v2-5-1-800x800-1.jpg","type":"image\/jpeg"}],"twitter_card":"summary_large_image","twitter_misc":{"Tempo di lettura stimato":"2 minuti"},"schema":{"@context":"https:\/\/schema.org","@graph":[{"@type":"WebPage","@id":"https:\/\/15131.p.syniva.es\/it\/prodotto\/wilson-bela-pro-v2-5\/","url":"https:\/\/15131.p.syniva.es\/it\/prodotto\/wilson-bela-pro-v2-5\/","name":"WILSON BELA PRO V2.5 - Revolution Padel Store","isPartOf":{"@id":"https:\/\/15131.p.syniva.es\/it\/#website"},"primaryImageOfPage":{"@id":"https:\/\/15131.p.syniva.es\/it\/prodotto\/wilson-bela-pro-v2-5\/#primaryimage"},"image":{"@id":"https:\/\/15131.p.syniva.es\/it\/prodotto\/wilson-bela-pro-v2-5\/#primaryimage"},"thumbnailUrl":"https:\/\/15131.p.syniva.es\/wp-content\/uploads\/2024\/04\/pala-wilson-bela-pro-v2-5-1-800x800-1.jpg","datePublished":"2024-04-10T06:44:59+00:00","dateModified":"2026-04-08T12:26:21+00:00","description":"Pala Wilson Bela Pro V2.5 en formato l\u00e1grima para jugadores de nivel avanzado. En su interior cuenta con una espuma EVA capaz de proporcionar potencia y excelente capacidad de respuesta. La textura Spin Effect genera un spin consistente, mientras que el patr\u00f3n de agujeros cuidadosamente dise\u00f1ado mantiene una respuesta uniforme en toda la cara. Integra carbono premium en el marco para ofrecer una combinaci\u00f3n de gran potencia y una r\u00e1pida capacidad de respuesta, lo que aumenta la propulsi\u00f3n de la cara de la pala.","breadcrumb":{"@id":"https:\/\/15131.p.syniva.es\/it\/prodotto\/wilson-bela-pro-v2-5\/#breadcrumb"},"inLanguage":"it-IT","potentialAction":[{"@type":"ReadAction","target":["https:\/\/15131.p.syniva.es\/it\/prodotto\/wilson-bela-pro-v2-5\/"]}]},{"@type":"ImageObject","inLanguage":"it-IT","@id":"https:\/\/15131.p.syniva.es\/it\/prodotto\/wilson-bela-pro-v2-5\/#primaryimage","url":"https:\/\/15131.p.syniva.es\/wp-content\/uploads\/2024\/04\/pala-wilson-bela-pro-v2-5-1-800x800-1.jpg","contentUrl":"https:\/\/15131.p.syniva.es\/wp-content\/uploads\/2024\/04\/pala-wilson-bela-pro-v2-5-1-800x800-1.jpg","width":800,"height":800},{"@type":"BreadcrumbList","@id":"https:\/\/15131.p.syniva.es\/it\/prodotto\/wilson-bela-pro-v2-5\/#breadcrumb","itemListElement":[{"@type":"ListItem","position":1,"name":"Portada","item":"https:\/\/15131.p.syniva.es\/it\/"},{"@type":"ListItem","position":2,"name":"Tienda","item":"https:\/\/15131.p.syniva.es\/it\/tienda\/"},{"@type":"ListItem","position":3,"name":"WILSON BELA PRO V2.5"}]},{"@type":"WebSite","@id":"https:\/\/15131.p.syniva.es\/it\/#website","url":"https:\/\/15131.p.syniva.es\/it\/","name":"Revolution Padel Store","description":"","publisher":{"@id":"https:\/\/15131.p.syniva.es\/it\/#organization"},"potentialAction":[{"@type":"SearchAction","target":{"@type":"EntryPoint","urlTemplate":"https:\/\/15131.p.syniva.es\/it\/?s={search_term_string}"},"query-input":{"@type":"PropertyValueSpecification","valueRequired":true,"valueName":"search_term_string"}}],"inLanguage":"it-IT"},{"@type":"Organization","@id":"https:\/\/15131.p.syniva.es\/it\/#organization","name":"Revolution Padel Store","url":"https:\/\/15131.p.syniva.es\/it\/","logo":{"@type":"ImageObject","inLanguage":"it-IT","@id":"https:\/\/15131.p.syniva.es\/it\/#\/schema\/logo\/image\/","url":"https:\/\/15131.p.syniva.es\/wp-content\/uploads\/2026\/02\/revolution-padel-store.jpg","contentUrl":"https:\/\/15131.p.syniva.es\/wp-content\/uploads\/2026\/02\/revolution-padel-store.jpg","width":2000,"height":2000,"caption":"Revolution Padel Store"},"image":{"@id":"https:\/\/15131.p.syniva.es\/it\/#\/schema\/logo\/image\/"},"sameAs":["https:\/\/www.instagram.com\/revolutionpadelstore\/"]}]}},"_links":{"self":[{"href":"https:\/\/15131.p.syniva.es\/it\/wp-json\/wp\/v2\/product\/19719","targetHints":{"allow":["GET"]}}],"collection":[{"href":"https:\/\/15131.p.syniva.es\/it\/wp-json\/wp\/v2\/product"}],"about":[{"href":"https:\/\/15131.p.syniva.es\/it\/wp-json\/wp\/v2\/types\/product"}],"replies":[{"embeddable":true,"href":"https:\/\/15131.p.syniva.es\/it\/wp-json\/wp\/v2\/comments?post=19719"}],"wp:featuredmedia":[{"embeddable":true,"href":"https:\/\/15131.p.syniva.es\/it\/wp-json\/wp\/v2\/media\/50227"}],"wp:attachment":[{"href":"https:\/\/15131.p.syniva.es\/it\/wp-json\/wp\/v2\/media?parent=19719"}],"wp:term":[{"taxonomy":"acabado","embeddable":true,"href":"https:\/\/15131.p.syniva.es\/it\/wp-json\/wp\/v2\/acabado?post=19719"},{"taxonomy":"balance","embeddable":true,"href":"https:\/\/15131.p.syniva.es\/it\/wp-json\/wp\/v2\/balance?post=19719"},{"taxonomy":"dureza","embeddable":true,"href":"https:\/\/15131.p.syniva.es\/it\/wp-json\/wp\/v2\/dureza?post=19719"},{"taxonomy":"forma","embeddable":true,"href":"https:\/\/15131.p.syniva.es\/it\/wp-json\/wp\/v2\/forma?post=19719"},{"taxonomy":"jugador","embeddable":true,"href":"https:\/\/15131.p.syniva.es\/it\/wp-json\/wp\/v2\/jugador?post=19719"},{"taxonomy":"marca","embeddable":true,"href":"https:\/\/15131.p.syniva.es\/it\/wp-json\/wp\/v2\/marca?post=19719"},{"taxonomy":"nivel-de-juego","embeddable":true,"href":"https:\/\/15131.p.syniva.es\/it\/wp-json\/wp\/v2\/nivel-de-juego?post=19719"},{"taxonomy":"superficie","embeddable":true,"href":"https:\/\/15131.p.syniva.es\/it\/wp-json\/wp\/v2\/superficie?post=19719"},{"taxonomy":"tipo-de-juego","embeddable":true,"href":"https:\/\/15131.p.syniva.es\/it\/wp-json\/wp\/v2\/tipo-de-juego?post=19719"},{"taxonomy":"product_brand","embeddable":true,"href":"https:\/\/15131.p.syniva.es\/it\/wp-json\/wp\/v2\/product_brand?post=19719"},{"taxonomy":"product_cat","embeddable":true,"href":"https:\/\/15131.p.syniva.es\/it\/wp-json\/wp\/v2\/product_cat?post=19719"},{"taxonomy":"product_tag","embeddable":true,"href":"https:\/\/15131.p.syniva.es\/it\/wp-json\/wp\/v2\/product_tag?post=19719"}],"curies":[{"name":"wp","href":"https:\/\/api.w.org\/{rel}","templated":true}]}}