{"id":19744,"date":"2024-04-09T10:13:02","date_gmt":"2024-04-09T08:13:02","guid":{"rendered":"https:\/\/15131.p.syniva.es\/harlem-padel-helix-pro-2024\/"},"modified":"2026-04-08T14:29:19","modified_gmt":"2026-04-08T12:29:19","slug":"harlem-padel-helix-pro-4","status":"publish","type":"product","link":"https:\/\/15131.p.syniva.es\/it\/prodotto\/harlem-padel-helix-pro-4\/","title":{"rendered":"HARLEM PADEL HELIX PRO"},"content":{"rendered":"<p>Il modello <strong>HELIX PRO 2024<\/strong> \u00e8 uno dei modelli della nuova gamma Harlem Padel.<\/p>\n<p>\u00c8 una racchetta dalla forma ibrida che vanta un equilibrio medio e uno sweet spot molto esteso. Ci\u00f2 gli conferisce manovrabilit\u00e0 e facilita una combinazione di potenza e controllo quando colpisce.<\/p>\n<p>\u00c8 una racchetta ideale sia per le donne che per gli uomini che giocano a padel a livello medio-avanzato e richiedono una racchetta leggera che offra versatilit\u00e0 in campo.<\/p>\n<p>All&#8217;interno della racchetta abbiamo un nucleo in gomma EVA NERA laminata a densit\u00e0 differenziate che include la tecnologia <strong>High Recovery<\/strong>, favorendo un recupero rapido e facilitando colpi molto elevati. Questo modello ci fornisce un tocco medio-morbido nelle nostre sensazioni di gioco. Il modello HELIX PRO 2024 combina <strong>controllo e potenza<\/strong> in parti uguali.<\/p>\n<p>Il telaio tubolare \u00e8 realizzato al 100% in carbonio per garantire grande durata e ottima resistenza all&#8217;usura tipica del gioco.<\/p>\n<p>Le pialle sono realizzate in <strong>fibra di vetro ULTIMATE PRO<\/strong>, ultima generazione con <strong>finitura ruvida<\/strong>. Ci\u00f2 favorisce l&#8217;esecuzione di effetti solidi e di grande precisione.<\/p>\n<p>Come nel resto di questa nuova collezione, la cosa pi\u00f9 innovativa \u00e8 il triplo ponte di uno stampo fabbricato con le ultime tecnologie, che fa s\u00ec che la racchetta aumenti la resa della palla e un grande controllo in ogni colpo.<\/p>\n<p>La finitura della lama riprende su entrambi i piani la &#8220;H&#8221; stilizzata tipica di Harlem di dimensioni molto grandi in <strong>colori effetto lucido, vernici metallizzate e texture ruvida<\/strong>.<\/p>\n","protected":false},"excerpt":{"rendered":"<p>\u00c8 una racchetta dalla forma ibrida che vanta un equilibrio medio e uno sweet spot molto esteso. Ci\u00f2 gli conferisce manovrabilit\u00e0 e facilita una combinazione di potenza e controllo quando colpisce.<\/p>\n<p>\u00c8 una racchetta ideale sia per le donne che per gli uomini che giocano a padel a livello medio-avanzato e richiedono una racchetta leggera che offra versatilit\u00e0 in campo.<\/p>\n","protected":false},"featured_media":161859,"comment_status":"open","ping_status":"closed","template":"","meta":{"_acf_changed":false,"_joinchat":[]},"acabado":[1081,1091],"balance":[1136,1141],"dureza":[1156],"forma":[1176],"jugador":[1201,1191],"marca":[1236],"nivel-de-juego":[1351],"superficie":[1361],"tipo-de-juego":[1371,1386],"product_brand":[],"product_cat":[301],"product_tag":[],"class_list":{"0":"post-19744","1":"product","2":"type-product","3":"status-publish","4":"has-post-thumbnail","6":"acabado-luminosita","7":"acabado-relieve-3d-it","8":"balance-alto-it","9":"balance-medio-it","10":"dureza-media-it","11":"forma-ibrido","12":"jugador-multiuso","13":"jugador-uomo","14":"marca-harlem-padel-it","15":"superficie-rugosa-it","16":"tipo-de-juego-controllo","17":"tipo-de-juego-multiuso","18":"product_cat-palas-de-padel-it","20":"first","21":"onbackorder","22":"sale","23":"taxable","24":"shipping-taxable","25":"purchasable","26":"product-type-simple"},"acf":[],"yoast_head":"<!-- This site is optimized with the Yoast SEO plugin v27.3 - https:\/\/yoast.com\/product\/yoast-seo-wordpress\/ -->\n<title>HARLEM PADEL HELIX PRO - Revolution Padel Store<\/title>\n<meta name=\"description\" content=\"Es una pala de p\u00e1del de\u00a0forma h\u00edbrida\u00a0que ostenta un\u00a0balance medio\u00a0y un\u00a0punto dulce muy extendido. Esto le da maniobrabilidad y facilita una combinaci\u00f3n de potencia y control en los golpes. Es una pala ideal tanto para mujeres como para hombres que juegan al p\u00e1del en un nivel medio-avanzado y requieren una pala liviana que aporte versatilidad sobre la pista.\" \/>\n<meta name=\"robots\" content=\"index, follow, max-snippet:-1, max-image-preview:large, max-video-preview:-1\" \/>\n<link rel=\"canonical\" href=\"https:\/\/15131.p.syniva.es\/it\/prodotto\/harlem-padel-helix-pro-4\/\" \/>\n<meta property=\"og:locale\" content=\"it_IT\" \/>\n<meta property=\"og:type\" content=\"article\" \/>\n<meta property=\"og:title\" content=\"COMPRAR HARLEM PADEL HELIX PRO 2024\" \/>\n<meta property=\"og:description\" content=\"Es una pala de p\u00e1del de\u00a0forma h\u00edbrida\u00a0que ostenta un\u00a0balance medio\u00a0y un\u00a0punto dulce muy extendido. Esto le da maniobrabilidad y facilita una combinaci\u00f3n de potencia y control en los golpes. Es una pala ideal tanto para mujeres como para hombres que juegan al p\u00e1del en un nivel medio-avanzado y requieren una pala liviana que aporte versatilidad sobre la pista.\" \/>\n<meta property=\"og:url\" content=\"https:\/\/15131.p.syniva.es\/it\/prodotto\/harlem-padel-helix-pro-4\/\" \/>\n<meta property=\"og:site_name\" content=\"Revolution Padel Store\" \/>\n<meta property=\"article:modified_time\" content=\"2026-04-08T12:29:19+00:00\" \/>\n<meta property=\"og:image\" content=\"https:\/\/15131.p.syniva.es\/wp-content\/uploads\/2024\/04\/HELIX_VERDE_1.jpg\" \/>\n\t<meta property=\"og:image:width\" content=\"800\" \/>\n\t<meta property=\"og:image:height\" content=\"800\" \/>\n\t<meta property=\"og:image:type\" content=\"image\/jpeg\" \/>\n<meta name=\"twitter:card\" content=\"summary_large_image\" \/>\n<meta name=\"twitter:label1\" content=\"Tempo di lettura stimato\" \/>\n\t<meta name=\"twitter:data1\" content=\"2 minuti\" \/>\n<script type=\"application\/ld+json\" class=\"yoast-schema-graph\">{\"@context\":\"https:\\\/\\\/schema.org\",\"@graph\":[{\"@type\":\"WebPage\",\"@id\":\"https:\\\/\\\/15131.p.syniva.es\\\/it\\\/prodotto\\\/harlem-padel-helix-pro-4\\\/\",\"url\":\"https:\\\/\\\/15131.p.syniva.es\\\/it\\\/prodotto\\\/harlem-padel-helix-pro-4\\\/\",\"name\":\"HARLEM PADEL HELIX PRO - Revolution Padel Store\",\"isPartOf\":{\"@id\":\"https:\\\/\\\/15131.p.syniva.es\\\/it\\\/#website\"},\"primaryImageOfPage\":{\"@id\":\"https:\\\/\\\/15131.p.syniva.es\\\/it\\\/prodotto\\\/harlem-padel-helix-pro-4\\\/#primaryimage\"},\"image\":{\"@id\":\"https:\\\/\\\/15131.p.syniva.es\\\/it\\\/prodotto\\\/harlem-padel-helix-pro-4\\\/#primaryimage\"},\"thumbnailUrl\":\"https:\\\/\\\/15131.p.syniva.es\\\/wp-content\\\/uploads\\\/2024\\\/04\\\/84.png\",\"datePublished\":\"2024-04-09T08:13:02+00:00\",\"dateModified\":\"2026-04-08T12:29:19+00:00\",\"description\":\"Es una pala de p\u00e1del de\u00a0forma h\u00edbrida\u00a0que ostenta un\u00a0balance medio\u00a0y un\u00a0punto dulce muy extendido. Esto le da maniobrabilidad y facilita una combinaci\u00f3n de potencia y control en los golpes. Es una pala ideal tanto para mujeres como para hombres que juegan al p\u00e1del en un nivel medio-avanzado y requieren una pala liviana que aporte versatilidad sobre la pista.\",\"breadcrumb\":{\"@id\":\"https:\\\/\\\/15131.p.syniva.es\\\/it\\\/prodotto\\\/harlem-padel-helix-pro-4\\\/#breadcrumb\"},\"inLanguage\":\"it-IT\",\"potentialAction\":[{\"@type\":\"ReadAction\",\"target\":[\"https:\\\/\\\/15131.p.syniva.es\\\/it\\\/prodotto\\\/harlem-padel-helix-pro-4\\\/\"]}]},{\"@type\":\"ImageObject\",\"inLanguage\":\"it-IT\",\"@id\":\"https:\\\/\\\/15131.p.syniva.es\\\/it\\\/prodotto\\\/harlem-padel-helix-pro-4\\\/#primaryimage\",\"url\":\"https:\\\/\\\/15131.p.syniva.es\\\/wp-content\\\/uploads\\\/2024\\\/04\\\/84.png\",\"contentUrl\":\"https:\\\/\\\/15131.p.syniva.es\\\/wp-content\\\/uploads\\\/2024\\\/04\\\/84.png\",\"width\":1500,\"height\":1500},{\"@type\":\"BreadcrumbList\",\"@id\":\"https:\\\/\\\/15131.p.syniva.es\\\/it\\\/prodotto\\\/harlem-padel-helix-pro-4\\\/#breadcrumb\",\"itemListElement\":[{\"@type\":\"ListItem\",\"position\":1,\"name\":\"Portada\",\"item\":\"https:\\\/\\\/15131.p.syniva.es\\\/it\\\/\"},{\"@type\":\"ListItem\",\"position\":2,\"name\":\"Tienda\",\"item\":\"https:\\\/\\\/15131.p.syniva.es\\\/it\\\/tienda\\\/\"},{\"@type\":\"ListItem\",\"position\":3,\"name\":\"HARLEM PADEL HELIX PRO\"}]},{\"@type\":\"WebSite\",\"@id\":\"https:\\\/\\\/15131.p.syniva.es\\\/it\\\/#website\",\"url\":\"https:\\\/\\\/15131.p.syniva.es\\\/it\\\/\",\"name\":\"Revolution Padel Store\",\"description\":\"\",\"publisher\":{\"@id\":\"https:\\\/\\\/15131.p.syniva.es\\\/it\\\/#organization\"},\"potentialAction\":[{\"@type\":\"SearchAction\",\"target\":{\"@type\":\"EntryPoint\",\"urlTemplate\":\"https:\\\/\\\/15131.p.syniva.es\\\/it\\\/?s={search_term_string}\"},\"query-input\":{\"@type\":\"PropertyValueSpecification\",\"valueRequired\":true,\"valueName\":\"search_term_string\"}}],\"inLanguage\":\"it-IT\"},{\"@type\":\"Organization\",\"@id\":\"https:\\\/\\\/15131.p.syniva.es\\\/it\\\/#organization\",\"name\":\"Revolution Padel Store\",\"url\":\"https:\\\/\\\/15131.p.syniva.es\\\/it\\\/\",\"logo\":{\"@type\":\"ImageObject\",\"inLanguage\":\"it-IT\",\"@id\":\"https:\\\/\\\/15131.p.syniva.es\\\/it\\\/#\\\/schema\\\/logo\\\/image\\\/\",\"url\":\"https:\\\/\\\/15131.p.syniva.es\\\/wp-content\\\/uploads\\\/2026\\\/02\\\/revolution-padel-store.jpg\",\"contentUrl\":\"https:\\\/\\\/15131.p.syniva.es\\\/wp-content\\\/uploads\\\/2026\\\/02\\\/revolution-padel-store.jpg\",\"width\":2000,\"height\":2000,\"caption\":\"Revolution Padel Store\"},\"image\":{\"@id\":\"https:\\\/\\\/15131.p.syniva.es\\\/it\\\/#\\\/schema\\\/logo\\\/image\\\/\"},\"sameAs\":[\"https:\\\/\\\/www.instagram.com\\\/revolutionpadelstore\\\/\"]}]}<\/script>\n<!-- \/ Yoast SEO plugin. -->","yoast_head_json":{"title":"HARLEM PADEL HELIX PRO - Revolution Padel Store","description":"Es una pala de p\u00e1del de\u00a0forma h\u00edbrida\u00a0que ostenta un\u00a0balance medio\u00a0y un\u00a0punto dulce muy extendido. Esto le da maniobrabilidad y facilita una combinaci\u00f3n de potencia y control en los golpes. Es una pala ideal tanto para mujeres como para hombres que juegan al p\u00e1del en un nivel medio-avanzado y requieren una pala liviana que aporte versatilidad sobre la pista.","robots":{"index":"index","follow":"follow","max-snippet":"max-snippet:-1","max-image-preview":"max-image-preview:large","max-video-preview":"max-video-preview:-1"},"canonical":"https:\/\/15131.p.syniva.es\/it\/prodotto\/harlem-padel-helix-pro-4\/","og_locale":"it_IT","og_type":"article","og_title":"COMPRAR HARLEM PADEL HELIX PRO 2024","og_description":"Es una pala de p\u00e1del de\u00a0forma h\u00edbrida\u00a0que ostenta un\u00a0balance medio\u00a0y un\u00a0punto dulce muy extendido. Esto le da maniobrabilidad y facilita una combinaci\u00f3n de potencia y control en los golpes. Es una pala ideal tanto para mujeres como para hombres que juegan al p\u00e1del en un nivel medio-avanzado y requieren una pala liviana que aporte versatilidad sobre la pista.","og_url":"https:\/\/15131.p.syniva.es\/it\/prodotto\/harlem-padel-helix-pro-4\/","og_site_name":"Revolution Padel Store","article_modified_time":"2026-04-08T12:29:19+00:00","og_image":[{"width":800,"height":800,"url":"https:\/\/15131.p.syniva.es\/wp-content\/uploads\/2024\/04\/HELIX_VERDE_1.jpg","type":"image\/jpeg"}],"twitter_card":"summary_large_image","twitter_misc":{"Tempo di lettura stimato":"2 minuti"},"schema":{"@context":"https:\/\/schema.org","@graph":[{"@type":"WebPage","@id":"https:\/\/15131.p.syniva.es\/it\/prodotto\/harlem-padel-helix-pro-4\/","url":"https:\/\/15131.p.syniva.es\/it\/prodotto\/harlem-padel-helix-pro-4\/","name":"HARLEM PADEL HELIX PRO - Revolution Padel Store","isPartOf":{"@id":"https:\/\/15131.p.syniva.es\/it\/#website"},"primaryImageOfPage":{"@id":"https:\/\/15131.p.syniva.es\/it\/prodotto\/harlem-padel-helix-pro-4\/#primaryimage"},"image":{"@id":"https:\/\/15131.p.syniva.es\/it\/prodotto\/harlem-padel-helix-pro-4\/#primaryimage"},"thumbnailUrl":"https:\/\/15131.p.syniva.es\/wp-content\/uploads\/2024\/04\/84.png","datePublished":"2024-04-09T08:13:02+00:00","dateModified":"2026-04-08T12:29:19+00:00","description":"Es una pala de p\u00e1del de\u00a0forma h\u00edbrida\u00a0que ostenta un\u00a0balance medio\u00a0y un\u00a0punto dulce muy extendido. Esto le da maniobrabilidad y facilita una combinaci\u00f3n de potencia y control en los golpes. Es una pala ideal tanto para mujeres como para hombres que juegan al p\u00e1del en un nivel medio-avanzado y requieren una pala liviana que aporte versatilidad sobre la pista.","breadcrumb":{"@id":"https:\/\/15131.p.syniva.es\/it\/prodotto\/harlem-padel-helix-pro-4\/#breadcrumb"},"inLanguage":"it-IT","potentialAction":[{"@type":"ReadAction","target":["https:\/\/15131.p.syniva.es\/it\/prodotto\/harlem-padel-helix-pro-4\/"]}]},{"@type":"ImageObject","inLanguage":"it-IT","@id":"https:\/\/15131.p.syniva.es\/it\/prodotto\/harlem-padel-helix-pro-4\/#primaryimage","url":"https:\/\/15131.p.syniva.es\/wp-content\/uploads\/2024\/04\/84.png","contentUrl":"https:\/\/15131.p.syniva.es\/wp-content\/uploads\/2024\/04\/84.png","width":1500,"height":1500},{"@type":"BreadcrumbList","@id":"https:\/\/15131.p.syniva.es\/it\/prodotto\/harlem-padel-helix-pro-4\/#breadcrumb","itemListElement":[{"@type":"ListItem","position":1,"name":"Portada","item":"https:\/\/15131.p.syniva.es\/it\/"},{"@type":"ListItem","position":2,"name":"Tienda","item":"https:\/\/15131.p.syniva.es\/it\/tienda\/"},{"@type":"ListItem","position":3,"name":"HARLEM PADEL HELIX PRO"}]},{"@type":"WebSite","@id":"https:\/\/15131.p.syniva.es\/it\/#website","url":"https:\/\/15131.p.syniva.es\/it\/","name":"Revolution Padel Store","description":"","publisher":{"@id":"https:\/\/15131.p.syniva.es\/it\/#organization"},"potentialAction":[{"@type":"SearchAction","target":{"@type":"EntryPoint","urlTemplate":"https:\/\/15131.p.syniva.es\/it\/?s={search_term_string}"},"query-input":{"@type":"PropertyValueSpecification","valueRequired":true,"valueName":"search_term_string"}}],"inLanguage":"it-IT"},{"@type":"Organization","@id":"https:\/\/15131.p.syniva.es\/it\/#organization","name":"Revolution Padel Store","url":"https:\/\/15131.p.syniva.es\/it\/","logo":{"@type":"ImageObject","inLanguage":"it-IT","@id":"https:\/\/15131.p.syniva.es\/it\/#\/schema\/logo\/image\/","url":"https:\/\/15131.p.syniva.es\/wp-content\/uploads\/2026\/02\/revolution-padel-store.jpg","contentUrl":"https:\/\/15131.p.syniva.es\/wp-content\/uploads\/2026\/02\/revolution-padel-store.jpg","width":2000,"height":2000,"caption":"Revolution Padel Store"},"image":{"@id":"https:\/\/15131.p.syniva.es\/it\/#\/schema\/logo\/image\/"},"sameAs":["https:\/\/www.instagram.com\/revolutionpadelstore\/"]}]}},"_links":{"self":[{"href":"https:\/\/15131.p.syniva.es\/it\/wp-json\/wp\/v2\/product\/19744","targetHints":{"allow":["GET"]}}],"collection":[{"href":"https:\/\/15131.p.syniva.es\/it\/wp-json\/wp\/v2\/product"}],"about":[{"href":"https:\/\/15131.p.syniva.es\/it\/wp-json\/wp\/v2\/types\/product"}],"replies":[{"embeddable":true,"href":"https:\/\/15131.p.syniva.es\/it\/wp-json\/wp\/v2\/comments?post=19744"}],"wp:featuredmedia":[{"embeddable":true,"href":"https:\/\/15131.p.syniva.es\/it\/wp-json\/wp\/v2\/media\/161859"}],"wp:attachment":[{"href":"https:\/\/15131.p.syniva.es\/it\/wp-json\/wp\/v2\/media?parent=19744"}],"wp:term":[{"taxonomy":"acabado","embeddable":true,"href":"https:\/\/15131.p.syniva.es\/it\/wp-json\/wp\/v2\/acabado?post=19744"},{"taxonomy":"balance","embeddable":true,"href":"https:\/\/15131.p.syniva.es\/it\/wp-json\/wp\/v2\/balance?post=19744"},{"taxonomy":"dureza","embeddable":true,"href":"https:\/\/15131.p.syniva.es\/it\/wp-json\/wp\/v2\/dureza?post=19744"},{"taxonomy":"forma","embeddable":true,"href":"https:\/\/15131.p.syniva.es\/it\/wp-json\/wp\/v2\/forma?post=19744"},{"taxonomy":"jugador","embeddable":true,"href":"https:\/\/15131.p.syniva.es\/it\/wp-json\/wp\/v2\/jugador?post=19744"},{"taxonomy":"marca","embeddable":true,"href":"https:\/\/15131.p.syniva.es\/it\/wp-json\/wp\/v2\/marca?post=19744"},{"taxonomy":"nivel-de-juego","embeddable":true,"href":"https:\/\/15131.p.syniva.es\/it\/wp-json\/wp\/v2\/nivel-de-juego?post=19744"},{"taxonomy":"superficie","embeddable":true,"href":"https:\/\/15131.p.syniva.es\/it\/wp-json\/wp\/v2\/superficie?post=19744"},{"taxonomy":"tipo-de-juego","embeddable":true,"href":"https:\/\/15131.p.syniva.es\/it\/wp-json\/wp\/v2\/tipo-de-juego?post=19744"},{"taxonomy":"product_brand","embeddable":true,"href":"https:\/\/15131.p.syniva.es\/it\/wp-json\/wp\/v2\/product_brand?post=19744"},{"taxonomy":"product_cat","embeddable":true,"href":"https:\/\/15131.p.syniva.es\/it\/wp-json\/wp\/v2\/product_cat?post=19744"},{"taxonomy":"product_tag","embeddable":true,"href":"https:\/\/15131.p.syniva.es\/it\/wp-json\/wp\/v2\/product_tag?post=19744"}],"curies":[{"name":"wp","href":"https:\/\/api.w.org\/{rel}","templated":true}]}}