{"id":197555,"date":"2025-02-26T23:28:30","date_gmt":"2025-02-26T22:28:30","guid":{"rendered":"https:\/\/15131.p.syniva.es\/joma-set-men-2501-negro\/"},"modified":"2026-04-08T06:06:59","modified_gmt":"2026-04-08T04:06:59","slug":"joma-set-men-2501-negro-4","status":"publish","type":"product","link":"https:\/\/15131.p.syniva.es\/it\/prodotto\/joma-set-men-2501-negro-4\/","title":{"rendered":"JOMA SET MEN 2501 NEGRO"},"content":{"rendered":"<h2> Joma Set Men 2501 Black 2025 &#8211; Comfort and Performance in pista<br \/>\nSe stai cercando scarpe da paddle con un eccellente rapporto qualit\u00e0 -prezzo, il Joma Set Men 2501 Black 2025 \u00e8 l&#8217;opzione ideale. Progettato per i giocatori intermedi che vogliono migliorare le loro prestazioni, combinare stabilit\u00e0, comfort e trazione ottimale in ogni gioco.<\/p>\n<p>Grazie al loro design ergonomico e alle tecnologie avanzate, queste scarpe garantiscono un battistrada comodo e sicuro, aiutandoti a muoverti con agilit\u00e0 in pista. Inoltre, la sua suola in argilla offre una presa superiore su superfici scivolose, consentendo frane controllate e un maggiore equilibrio in ciascun punto.<\/p>\n<h2> <strong> Caratteristiche e tecnologie del Joma Set Men 2501 <\/strong> <\/h2>\n<p>-VTS (Sistema totale ventilazione): sistema di ventilazione che ottimizza il flusso d&#8217;aria per mantenere i piedi freschi e asciutti.<br \/>\n-Protazione: rinforzo termosellato nella parte superiore che fornisce una maggiore resistenza e durata.<br \/>\n-Stabilis: tecnologia nell&#8217;intersuola che minimizza le torsioni indesiderate e migliora la stabilit\u00e0 laterale.<br \/>\n-Full Dual Pulse: media a doppia densit\u00e0 che assorbe gli impatti e fornisce un&#8217;impronta pi\u00f9 reattiva.<br \/>\n-Durabilit\u00e0: suola in gomma resistente all&#8217;usura, ideale per le superfici della paletta.<br \/>\n-Sae Materiali sicuri e traspiranti: combinazione perfetta per offrire comfort durante le lunghe sessioni di gioco. <\/p>\n<h2> <strong> Chi sono i set Joma 2501?<br \/>\nQueste scarpe sono progettate per i giocatori di livello intermedio che cercano di migliorare la loro tecnica e mobilit\u00e0 in pista. Sono perfetti per coloro che giocano con intensit\u00e0 moderata e richiedono calzature che offrano stabilit\u00e0, comfort e presa eccellente.<\/p>\n<h2> <strong> Vantaggi del set Joma 2501 Black 2025 <\/strong> <\/h2>\n<p style=\"padding-left: 40px\">&#8211; design ergonomico e tecnologie avanzate che garantiscono comfort e durata.<br \/>\n&#8211; Sole di argilla per una presa ferma e frane controllate.<br \/>\n&#8211; Rinforzi in aree strategiche che migliorano la resistenza e prolungano la vita utile delle calzature.<br \/>\n&#8211; Sistema mortitale che riduce l&#8217;impatto su ciascun movimento, proteggendo le articolazioni.<br \/>\n&#8211; Aggiustamento ottimizzato che evita movimenti indesiderati e riduce il rischio di lesioni. <\/p>\n<p><strong> Ora disponibile nel nostro negozio online &lt;a href = &quot;https:\/\/chatgpt.com\/g\/g-675432e02688191b6ee6d6f2fdbbbb15e-optimization-textos\/c\/www.15131.p.syniva.es&quot; mercado. <\/strong> Non restare senza il tuo!<\/p>\n<h2>Zapatillas Joma Set Men 2501 Negro 2025 \u2013 Comodidad y rendimiento en la pista<\/h2>\n","protected":false},"excerpt":{"rendered":"<p>Se stai cercando scarpe da paddle con un&#8217;ottima relazione tra qualit\u00e0 e prezzo, il <strong> Joma Set Men 2501 Black 2025 <\/strong> \u00e8 una scelta eccellente. Progettato soprattutto per i giocatori di livello intermedio che cercano di ottimizzare le loro prestazioni, offrono una perfetta combinazione di stabilit\u00e0, comfort e presa in ogni movimento.<strong>Joma Set Men 2501 Negro 2025<\/strong><\/p>\n","protected":false},"featured_media":197508,"comment_status":"open","ping_status":"closed","template":"","meta":{"_acf_changed":false,"_joinchat":[]},"acabado":[],"balance":[],"dureza":[],"forma":[],"jugador":[1191],"marca":[1226],"nivel-de-juego":[],"superficie":[],"tipo-de-juego":[],"product_brand":[],"product_cat":[832],"product_tag":[],"class_list":{"0":"post-197555","1":"product","2":"type-product","3":"status-publish","4":"has-post-thumbnail","6":"jugador-uomo","7":"marca-joma-it","8":"product_cat-scarpe-da-ginnastica","10":"first","11":"outofstock","12":"sale","13":"taxable","14":"shipping-taxable","15":"purchasable","16":"product-type-variable"},"acf":[],"yoast_head":"<!-- This site is optimized with the Yoast SEO plugin v27.3 - https:\/\/yoast.com\/product\/yoast-seo-wordpress\/ -->\n<title>JOMA SET MEN 2501 NEGRO - Revolution Padel Store<\/title>\n<meta name=\"description\" content=\"Descubre las zapatillas Joma Set Men 2501 Black 2025, dise\u00f1adas para jugadores intermedios. Comodidad, estabilidad y agarre superior con suela clay. \u00a1C\u00f3mpralas en Revolution Padel Store al mejor precio!\" \/>\n<meta name=\"robots\" content=\"index, follow, max-snippet:-1, max-image-preview:large, max-video-preview:-1\" \/>\n<link rel=\"canonical\" href=\"https:\/\/15131.p.syniva.es\/it\/prodotto\/joma-set-men-2501-negro-4\/\" \/>\n<meta property=\"og:locale\" content=\"it_IT\" \/>\n<meta property=\"og:type\" content=\"article\" \/>\n<meta property=\"og:title\" content=\"JOMA SET MEN 2501 NEGRO - Revolution Padel Store\" \/>\n<meta property=\"og:description\" content=\"Descubre las zapatillas Joma Set Men 2501 Black 2025, dise\u00f1adas para jugadores intermedios. Comodidad, estabilidad y agarre superior con suela clay. \u00a1C\u00f3mpralas en Revolution Padel Store al mejor precio!\" \/>\n<meta property=\"og:url\" content=\"https:\/\/15131.p.syniva.es\/it\/prodotto\/joma-set-men-2501-negro-4\/\" \/>\n<meta property=\"og:site_name\" content=\"Revolution Padel Store\" \/>\n<meta property=\"article:modified_time\" content=\"2026-04-08T04:06:59+00:00\" \/>\n<meta property=\"og:image\" content=\"https:\/\/15131.p.syniva.es\/wp-content\/uploads\/2025\/02\/141.png\" \/>\n\t<meta property=\"og:image:width\" content=\"1500\" \/>\n\t<meta property=\"og:image:height\" content=\"1500\" \/>\n\t<meta property=\"og:image:type\" content=\"image\/png\" \/>\n<meta name=\"twitter:card\" content=\"summary_large_image\" \/>\n<meta name=\"twitter:label1\" content=\"Tempo di lettura stimato\" \/>\n\t<meta name=\"twitter:data1\" content=\"2 minuti\" \/>\n<script type=\"application\/ld+json\" class=\"yoast-schema-graph\">{\"@context\":\"https:\\\/\\\/schema.org\",\"@graph\":[{\"@type\":\"WebPage\",\"@id\":\"https:\\\/\\\/15131.p.syniva.es\\\/it\\\/prodotto\\\/joma-set-men-2501-negro-4\\\/\",\"url\":\"https:\\\/\\\/15131.p.syniva.es\\\/it\\\/prodotto\\\/joma-set-men-2501-negro-4\\\/\",\"name\":\"JOMA SET MEN 2501 NEGRO - Revolution Padel Store\",\"isPartOf\":{\"@id\":\"https:\\\/\\\/15131.p.syniva.es\\\/it\\\/#website\"},\"primaryImageOfPage\":{\"@id\":\"https:\\\/\\\/15131.p.syniva.es\\\/it\\\/prodotto\\\/joma-set-men-2501-negro-4\\\/#primaryimage\"},\"image\":{\"@id\":\"https:\\\/\\\/15131.p.syniva.es\\\/it\\\/prodotto\\\/joma-set-men-2501-negro-4\\\/#primaryimage\"},\"thumbnailUrl\":\"https:\\\/\\\/15131.p.syniva.es\\\/wp-content\\\/uploads\\\/2025\\\/02\\\/141.png\",\"datePublished\":\"2025-02-26T22:28:30+00:00\",\"dateModified\":\"2026-04-08T04:06:59+00:00\",\"description\":\"Descubre las zapatillas Joma Set Men 2501 Black 2025, dise\u00f1adas para jugadores intermedios. Comodidad, estabilidad y agarre superior con suela clay. \u00a1C\u00f3mpralas en Revolution Padel Store al mejor precio!\",\"breadcrumb\":{\"@id\":\"https:\\\/\\\/15131.p.syniva.es\\\/it\\\/prodotto\\\/joma-set-men-2501-negro-4\\\/#breadcrumb\"},\"inLanguage\":\"it-IT\",\"potentialAction\":[{\"@type\":\"ReadAction\",\"target\":[\"https:\\\/\\\/15131.p.syniva.es\\\/it\\\/prodotto\\\/joma-set-men-2501-negro-4\\\/\"]}]},{\"@type\":\"ImageObject\",\"inLanguage\":\"it-IT\",\"@id\":\"https:\\\/\\\/15131.p.syniva.es\\\/it\\\/prodotto\\\/joma-set-men-2501-negro-4\\\/#primaryimage\",\"url\":\"https:\\\/\\\/15131.p.syniva.es\\\/wp-content\\\/uploads\\\/2025\\\/02\\\/141.png\",\"contentUrl\":\"https:\\\/\\\/15131.p.syniva.es\\\/wp-content\\\/uploads\\\/2025\\\/02\\\/141.png\",\"width\":1500,\"height\":1500},{\"@type\":\"BreadcrumbList\",\"@id\":\"https:\\\/\\\/15131.p.syniva.es\\\/it\\\/prodotto\\\/joma-set-men-2501-negro-4\\\/#breadcrumb\",\"itemListElement\":[{\"@type\":\"ListItem\",\"position\":1,\"name\":\"Portada\",\"item\":\"https:\\\/\\\/15131.p.syniva.es\\\/it\\\/\"},{\"@type\":\"ListItem\",\"position\":2,\"name\":\"Tienda\",\"item\":\"https:\\\/\\\/15131.p.syniva.es\\\/it\\\/tienda\\\/\"},{\"@type\":\"ListItem\",\"position\":3,\"name\":\"JOMA SET MEN 2501 NEGRO\"}]},{\"@type\":\"WebSite\",\"@id\":\"https:\\\/\\\/15131.p.syniva.es\\\/it\\\/#website\",\"url\":\"https:\\\/\\\/15131.p.syniva.es\\\/it\\\/\",\"name\":\"Revolution Padel Store\",\"description\":\"\",\"publisher\":{\"@id\":\"https:\\\/\\\/15131.p.syniva.es\\\/it\\\/#organization\"},\"potentialAction\":[{\"@type\":\"SearchAction\",\"target\":{\"@type\":\"EntryPoint\",\"urlTemplate\":\"https:\\\/\\\/15131.p.syniva.es\\\/it\\\/?s={search_term_string}\"},\"query-input\":{\"@type\":\"PropertyValueSpecification\",\"valueRequired\":true,\"valueName\":\"search_term_string\"}}],\"inLanguage\":\"it-IT\"},{\"@type\":\"Organization\",\"@id\":\"https:\\\/\\\/15131.p.syniva.es\\\/it\\\/#organization\",\"name\":\"Revolution Padel Store\",\"url\":\"https:\\\/\\\/15131.p.syniva.es\\\/it\\\/\",\"logo\":{\"@type\":\"ImageObject\",\"inLanguage\":\"it-IT\",\"@id\":\"https:\\\/\\\/15131.p.syniva.es\\\/it\\\/#\\\/schema\\\/logo\\\/image\\\/\",\"url\":\"https:\\\/\\\/15131.p.syniva.es\\\/wp-content\\\/uploads\\\/2026\\\/02\\\/revolution-padel-store.jpg\",\"contentUrl\":\"https:\\\/\\\/15131.p.syniva.es\\\/wp-content\\\/uploads\\\/2026\\\/02\\\/revolution-padel-store.jpg\",\"width\":2000,\"height\":2000,\"caption\":\"Revolution Padel Store\"},\"image\":{\"@id\":\"https:\\\/\\\/15131.p.syniva.es\\\/it\\\/#\\\/schema\\\/logo\\\/image\\\/\"},\"sameAs\":[\"https:\\\/\\\/www.instagram.com\\\/revolutionpadelstore\\\/\"]}]}<\/script>\n<!-- \/ Yoast SEO plugin. -->","yoast_head_json":{"title":"JOMA SET MEN 2501 NEGRO - Revolution Padel Store","description":"Descubre las zapatillas Joma Set Men 2501 Black 2025, dise\u00f1adas para jugadores intermedios. Comodidad, estabilidad y agarre superior con suela clay. \u00a1C\u00f3mpralas en Revolution Padel Store al mejor precio!","robots":{"index":"index","follow":"follow","max-snippet":"max-snippet:-1","max-image-preview":"max-image-preview:large","max-video-preview":"max-video-preview:-1"},"canonical":"https:\/\/15131.p.syniva.es\/it\/prodotto\/joma-set-men-2501-negro-4\/","og_locale":"it_IT","og_type":"article","og_title":"JOMA SET MEN 2501 NEGRO - Revolution Padel Store","og_description":"Descubre las zapatillas Joma Set Men 2501 Black 2025, dise\u00f1adas para jugadores intermedios. Comodidad, estabilidad y agarre superior con suela clay. \u00a1C\u00f3mpralas en Revolution Padel Store al mejor precio!","og_url":"https:\/\/15131.p.syniva.es\/it\/prodotto\/joma-set-men-2501-negro-4\/","og_site_name":"Revolution Padel Store","article_modified_time":"2026-04-08T04:06:59+00:00","og_image":[{"width":1500,"height":1500,"url":"https:\/\/15131.p.syniva.es\/wp-content\/uploads\/2025\/02\/141.png","type":"image\/png"}],"twitter_card":"summary_large_image","twitter_misc":{"Tempo di lettura stimato":"2 minuti"},"schema":{"@context":"https:\/\/schema.org","@graph":[{"@type":"WebPage","@id":"https:\/\/15131.p.syniva.es\/it\/prodotto\/joma-set-men-2501-negro-4\/","url":"https:\/\/15131.p.syniva.es\/it\/prodotto\/joma-set-men-2501-negro-4\/","name":"JOMA SET MEN 2501 NEGRO - Revolution Padel Store","isPartOf":{"@id":"https:\/\/15131.p.syniva.es\/it\/#website"},"primaryImageOfPage":{"@id":"https:\/\/15131.p.syniva.es\/it\/prodotto\/joma-set-men-2501-negro-4\/#primaryimage"},"image":{"@id":"https:\/\/15131.p.syniva.es\/it\/prodotto\/joma-set-men-2501-negro-4\/#primaryimage"},"thumbnailUrl":"https:\/\/15131.p.syniva.es\/wp-content\/uploads\/2025\/02\/141.png","datePublished":"2025-02-26T22:28:30+00:00","dateModified":"2026-04-08T04:06:59+00:00","description":"Descubre las zapatillas Joma Set Men 2501 Black 2025, dise\u00f1adas para jugadores intermedios. Comodidad, estabilidad y agarre superior con suela clay. \u00a1C\u00f3mpralas en Revolution Padel Store al mejor precio!","breadcrumb":{"@id":"https:\/\/15131.p.syniva.es\/it\/prodotto\/joma-set-men-2501-negro-4\/#breadcrumb"},"inLanguage":"it-IT","potentialAction":[{"@type":"ReadAction","target":["https:\/\/15131.p.syniva.es\/it\/prodotto\/joma-set-men-2501-negro-4\/"]}]},{"@type":"ImageObject","inLanguage":"it-IT","@id":"https:\/\/15131.p.syniva.es\/it\/prodotto\/joma-set-men-2501-negro-4\/#primaryimage","url":"https:\/\/15131.p.syniva.es\/wp-content\/uploads\/2025\/02\/141.png","contentUrl":"https:\/\/15131.p.syniva.es\/wp-content\/uploads\/2025\/02\/141.png","width":1500,"height":1500},{"@type":"BreadcrumbList","@id":"https:\/\/15131.p.syniva.es\/it\/prodotto\/joma-set-men-2501-negro-4\/#breadcrumb","itemListElement":[{"@type":"ListItem","position":1,"name":"Portada","item":"https:\/\/15131.p.syniva.es\/it\/"},{"@type":"ListItem","position":2,"name":"Tienda","item":"https:\/\/15131.p.syniva.es\/it\/tienda\/"},{"@type":"ListItem","position":3,"name":"JOMA SET MEN 2501 NEGRO"}]},{"@type":"WebSite","@id":"https:\/\/15131.p.syniva.es\/it\/#website","url":"https:\/\/15131.p.syniva.es\/it\/","name":"Revolution Padel Store","description":"","publisher":{"@id":"https:\/\/15131.p.syniva.es\/it\/#organization"},"potentialAction":[{"@type":"SearchAction","target":{"@type":"EntryPoint","urlTemplate":"https:\/\/15131.p.syniva.es\/it\/?s={search_term_string}"},"query-input":{"@type":"PropertyValueSpecification","valueRequired":true,"valueName":"search_term_string"}}],"inLanguage":"it-IT"},{"@type":"Organization","@id":"https:\/\/15131.p.syniva.es\/it\/#organization","name":"Revolution Padel Store","url":"https:\/\/15131.p.syniva.es\/it\/","logo":{"@type":"ImageObject","inLanguage":"it-IT","@id":"https:\/\/15131.p.syniva.es\/it\/#\/schema\/logo\/image\/","url":"https:\/\/15131.p.syniva.es\/wp-content\/uploads\/2026\/02\/revolution-padel-store.jpg","contentUrl":"https:\/\/15131.p.syniva.es\/wp-content\/uploads\/2026\/02\/revolution-padel-store.jpg","width":2000,"height":2000,"caption":"Revolution Padel Store"},"image":{"@id":"https:\/\/15131.p.syniva.es\/it\/#\/schema\/logo\/image\/"},"sameAs":["https:\/\/www.instagram.com\/revolutionpadelstore\/"]}]}},"_links":{"self":[{"href":"https:\/\/15131.p.syniva.es\/it\/wp-json\/wp\/v2\/product\/197555","targetHints":{"allow":["GET"]}}],"collection":[{"href":"https:\/\/15131.p.syniva.es\/it\/wp-json\/wp\/v2\/product"}],"about":[{"href":"https:\/\/15131.p.syniva.es\/it\/wp-json\/wp\/v2\/types\/product"}],"replies":[{"embeddable":true,"href":"https:\/\/15131.p.syniva.es\/it\/wp-json\/wp\/v2\/comments?post=197555"}],"wp:featuredmedia":[{"embeddable":true,"href":"https:\/\/15131.p.syniva.es\/it\/wp-json\/wp\/v2\/media\/197508"}],"wp:attachment":[{"href":"https:\/\/15131.p.syniva.es\/it\/wp-json\/wp\/v2\/media?parent=197555"}],"wp:term":[{"taxonomy":"acabado","embeddable":true,"href":"https:\/\/15131.p.syniva.es\/it\/wp-json\/wp\/v2\/acabado?post=197555"},{"taxonomy":"balance","embeddable":true,"href":"https:\/\/15131.p.syniva.es\/it\/wp-json\/wp\/v2\/balance?post=197555"},{"taxonomy":"dureza","embeddable":true,"href":"https:\/\/15131.p.syniva.es\/it\/wp-json\/wp\/v2\/dureza?post=197555"},{"taxonomy":"forma","embeddable":true,"href":"https:\/\/15131.p.syniva.es\/it\/wp-json\/wp\/v2\/forma?post=197555"},{"taxonomy":"jugador","embeddable":true,"href":"https:\/\/15131.p.syniva.es\/it\/wp-json\/wp\/v2\/jugador?post=197555"},{"taxonomy":"marca","embeddable":true,"href":"https:\/\/15131.p.syniva.es\/it\/wp-json\/wp\/v2\/marca?post=197555"},{"taxonomy":"nivel-de-juego","embeddable":true,"href":"https:\/\/15131.p.syniva.es\/it\/wp-json\/wp\/v2\/nivel-de-juego?post=197555"},{"taxonomy":"superficie","embeddable":true,"href":"https:\/\/15131.p.syniva.es\/it\/wp-json\/wp\/v2\/superficie?post=197555"},{"taxonomy":"tipo-de-juego","embeddable":true,"href":"https:\/\/15131.p.syniva.es\/it\/wp-json\/wp\/v2\/tipo-de-juego?post=197555"},{"taxonomy":"product_brand","embeddable":true,"href":"https:\/\/15131.p.syniva.es\/it\/wp-json\/wp\/v2\/product_brand?post=197555"},{"taxonomy":"product_cat","embeddable":true,"href":"https:\/\/15131.p.syniva.es\/it\/wp-json\/wp\/v2\/product_cat?post=197555"},{"taxonomy":"product_tag","embeddable":true,"href":"https:\/\/15131.p.syniva.es\/it\/wp-json\/wp\/v2\/product_tag?post=197555"}],"curies":[{"name":"wp","href":"https:\/\/api.w.org\/{rel}","templated":true}]}}