{"id":19764,"date":"2024-04-09T08:08:37","date_gmt":"2024-04-09T06:08:37","guid":{"rendered":"https:\/\/15131.p.syniva.es\/harlem-padel-nirvana-2024\/"},"modified":"2026-04-08T14:32:48","modified_gmt":"2026-04-08T12:32:48","slug":"harlem-padel-nirvana-4","status":"publish","type":"product","link":"https:\/\/15131.p.syniva.es\/it\/prodotto\/harlem-padel-nirvana-4\/","title":{"rendered":"HARLEM PADEL NIRVANA"},"content":{"rendered":"<p>Il modello <strong>NIRVANA 2024<\/strong> di Harlem Padel \u00e8 una racchetta ad alte prestazioni progettata per giocatori di livello avanzato o professionale, con una tecnica molto raffinata. Ha un peso compreso tra 355 e 375 grammi.<br \/>\nPresenta una <strong>forma a diamante<\/strong> con un <strong>bilanciamento elevato<\/strong> e un punto dolce alto verso la parte superiore della lama. Queste caratteristiche si traducono in campo in una potenza estrema nei colpi offensivi come nelle rifiniture, poich\u00e9 si genera un effetto leva che riesce ad esercitare un&#8217;ottima potenza. \u00c8 una racchetta perfetta per i giocatori pi\u00f9 offensivi.<br \/>\nAll&#8217;interno del corpo della racchetta \u00e8 presente il materiale in gomma <strong>laminato BLACK EVA High Memory<\/strong>. \u00c8 una gomma multistrato ad alta densit\u00e0 che aumenta la potenza dei colpi effettuati con una velocit\u00e0 superiore rispetto alla maggior parte delle racchette sul mercato.  Ottimizza la resa della palla nei tiri difensivi a bassa velocit\u00e0 e la potenza nei tiri<br \/>\nIl telaio tubolare \u00e8 realizzato in <strong>carbonio rinforzato al 100%<\/strong>, oltre ad avere la tecnologia <strong>Tubular Frame<\/strong> per garantire grande durata e molta resistenza all&#8217;usura tipica delle bici . livelli avanzati e stress e coppia durante le partite pi\u00f9 aggressive.<br \/>\nAll&#8217;esterno troviamo la fibra di carbonio 12K di ultima generazione che ottiene un peso inferiore, pi\u00f9 rigidit\u00e0 e pi\u00f9 resistenza. Abbiamo la sensazione di trovarci di fronte a una racchetta padel dalla sensazione solida e rigida, che ci aiuter\u00e0 molto in tutti i nostri colpi offensivi. Inoltre, la finitura <strong>3D ruvida opaca<\/strong> assicura che la palla aderisca meglio alle facce della racchetta e la faccia girare con pi\u00f9 effetto in tutti i nostri colpi.<br \/>\nLa finitura della lama riprende in entrambi i piani la &#8220;H&#8221; stilizzata tipica di Harlem di dimensione molto ampia in colori cromati e lucidi con il resto della lama in opaco, conferendo alla lama estrema eleganza.<br \/>\nNella collezione 2024, una delle tante novit\u00e0 che Harlem Padel incorpora \u00e8 l&#8217;incorporazione della <strong>corda nel polsino a forma di braccialetto<\/strong> 100% in poliestere di alta qualit\u00e0 con il logo del marchio ricamato.<br \/>\nSenza dubbio, questa \u00e8 una delle racchette con la maggiore uscita di palla sul mercato. Ideale per giocatori offensivi aggressivi.<\/p>\n","protected":false},"excerpt":{"rendered":"<p>Il modello NIRVANA 2024 di Harlem Padel \u00e8 una racchetta ad alte prestazioni progettata per giocatori di livello avanzato o professionale, con una tecnica molto raffinata. Presenta una <strong>forma a diamante<\/strong> con un <strong>bilanciamento elevato<\/strong> e un punto dolce alto verso la parte superiore della lama.<\/p>\n","protected":false},"featured_media":161841,"comment_status":"open","ping_status":"closed","template":"","meta":{"_acf_changed":false,"_joinchat":[]},"acabado":[1081,1091],"balance":[1136],"dureza":[1161,1156],"forma":[1171],"jugador":[1201,1191],"marca":[1236],"nivel-de-juego":[1336,1346],"superficie":[1361],"tipo-de-juego":[1381,1376],"product_brand":[],"product_cat":[301],"product_tag":[],"class_list":{"0":"post-19764","1":"product","2":"type-product","3":"status-publish","4":"has-post-thumbnail","6":"acabado-luminosita","7":"acabado-relieve-3d-it","8":"balance-alto-it","9":"dureza-dura-it","10":"dureza-media-it","11":"forma-diamante-it","12":"jugador-multiuso","13":"jugador-uomo","14":"marca-harlem-padel-it","15":"superficie-rugosa-it","16":"tipo-de-juego-attacca","17":"tipo-de-juego-potenza","18":"product_cat-palas-de-padel-it","20":"first","21":"onbackorder","22":"sale","23":"taxable","24":"shipping-taxable","25":"purchasable","26":"product-type-simple"},"acf":[],"yoast_head":"<!-- This site is optimized with the Yoast SEO plugin v27.4 - https:\/\/yoast.com\/product\/yoast-seo-wordpress\/ -->\n<title>HARLEM PADEL NIRVANA - Revolution Padel Store<\/title>\n<meta name=\"description\" content=\"El modelo NIRVANA 2024 de Harlem Padel es una pala de alto rendimiento que ha sido dise\u00f1ada para jugadores\/as que tengan un nivel avanzado o profesional, con una t\u00e9cnica muy depurada. Presenta una\u00a0forma de diamante\u00a0con un\u00a0balance alto\u00a0y un punto dulce elevado hacia la parte superior de la pala.\" \/>\n<meta name=\"robots\" content=\"index, follow, max-snippet:-1, max-image-preview:large, max-video-preview:-1\" \/>\n<link rel=\"canonical\" href=\"https:\/\/15131.p.syniva.es\/it\/prodotto\/harlem-padel-nirvana-4\/\" \/>\n<meta property=\"og:locale\" content=\"it_IT\" \/>\n<meta property=\"og:type\" content=\"article\" \/>\n<meta property=\"og:title\" content=\"COMPRAR HARLEM PADEL NIRVANA 2024\" \/>\n<meta property=\"og:description\" content=\"El modelo NIRVANA 2024 de Harlem Padel es una pala de alto rendimiento que ha sido dise\u00f1ada para jugadores\/as que tengan un nivel avanzado o profesional, con una t\u00e9cnica muy depurada. Presenta una\u00a0forma de diamante\u00a0con un\u00a0balance alto\u00a0y un punto dulce elevado hacia la parte superior de la pala.\" \/>\n<meta property=\"og:url\" content=\"https:\/\/15131.p.syniva.es\/it\/prodotto\/harlem-padel-nirvana-4\/\" \/>\n<meta property=\"og:site_name\" content=\"Revolution Padel Store\" \/>\n<meta property=\"article:modified_time\" content=\"2026-04-08T12:32:48+00:00\" \/>\n<meta property=\"og:image\" content=\"https:\/\/15131.p.syniva.es\/wp-content\/uploads\/2024\/04\/NIRVANA_1.jpg\" \/>\n\t<meta property=\"og:image:width\" content=\"800\" \/>\n\t<meta property=\"og:image:height\" content=\"800\" \/>\n\t<meta property=\"og:image:type\" content=\"image\/jpeg\" \/>\n<meta name=\"twitter:card\" content=\"summary_large_image\" \/>\n<meta name=\"twitter:label1\" content=\"Tempo di lettura stimato\" \/>\n\t<meta name=\"twitter:data1\" content=\"2 minuti\" \/>\n<script type=\"application\/ld+json\" class=\"yoast-schema-graph\">{\"@context\":\"https:\\\/\\\/schema.org\",\"@graph\":[{\"@type\":\"WebPage\",\"@id\":\"https:\\\/\\\/15131.p.syniva.es\\\/it\\\/prodotto\\\/harlem-padel-nirvana-4\\\/\",\"url\":\"https:\\\/\\\/15131.p.syniva.es\\\/it\\\/prodotto\\\/harlem-padel-nirvana-4\\\/\",\"name\":\"HARLEM PADEL NIRVANA - Revolution Padel Store\",\"isPartOf\":{\"@id\":\"https:\\\/\\\/15131.p.syniva.es\\\/it\\\/#website\"},\"primaryImageOfPage\":{\"@id\":\"https:\\\/\\\/15131.p.syniva.es\\\/it\\\/prodotto\\\/harlem-padel-nirvana-4\\\/#primaryimage\"},\"image\":{\"@id\":\"https:\\\/\\\/15131.p.syniva.es\\\/it\\\/prodotto\\\/harlem-padel-nirvana-4\\\/#primaryimage\"},\"thumbnailUrl\":\"https:\\\/\\\/15131.p.syniva.es\\\/wp-content\\\/uploads\\\/2024\\\/04\\\/81.png\",\"datePublished\":\"2024-04-09T06:08:37+00:00\",\"dateModified\":\"2026-04-08T12:32:48+00:00\",\"description\":\"El modelo NIRVANA 2024 de Harlem Padel es una pala de alto rendimiento que ha sido dise\u00f1ada para jugadores\\\/as que tengan un nivel avanzado o profesional, con una t\u00e9cnica muy depurada. Presenta una\u00a0forma de diamante\u00a0con un\u00a0balance alto\u00a0y un punto dulce elevado hacia la parte superior de la pala.\",\"breadcrumb\":{\"@id\":\"https:\\\/\\\/15131.p.syniva.es\\\/it\\\/prodotto\\\/harlem-padel-nirvana-4\\\/#breadcrumb\"},\"inLanguage\":\"it-IT\",\"potentialAction\":[{\"@type\":\"ReadAction\",\"target\":[\"https:\\\/\\\/15131.p.syniva.es\\\/it\\\/prodotto\\\/harlem-padel-nirvana-4\\\/\"]}]},{\"@type\":\"ImageObject\",\"inLanguage\":\"it-IT\",\"@id\":\"https:\\\/\\\/15131.p.syniva.es\\\/it\\\/prodotto\\\/harlem-padel-nirvana-4\\\/#primaryimage\",\"url\":\"https:\\\/\\\/15131.p.syniva.es\\\/wp-content\\\/uploads\\\/2024\\\/04\\\/81.png\",\"contentUrl\":\"https:\\\/\\\/15131.p.syniva.es\\\/wp-content\\\/uploads\\\/2024\\\/04\\\/81.png\",\"width\":1500,\"height\":1500},{\"@type\":\"BreadcrumbList\",\"@id\":\"https:\\\/\\\/15131.p.syniva.es\\\/it\\\/prodotto\\\/harlem-padel-nirvana-4\\\/#breadcrumb\",\"itemListElement\":[{\"@type\":\"ListItem\",\"position\":1,\"name\":\"Portada\",\"item\":\"https:\\\/\\\/15131.p.syniva.es\\\/it\\\/\"},{\"@type\":\"ListItem\",\"position\":2,\"name\":\"Tienda\",\"item\":\"https:\\\/\\\/15131.p.syniva.es\\\/it\\\/tienda\\\/\"},{\"@type\":\"ListItem\",\"position\":3,\"name\":\"HARLEM PADEL NIRVANA\"}]},{\"@type\":\"WebSite\",\"@id\":\"https:\\\/\\\/15131.p.syniva.es\\\/it\\\/#website\",\"url\":\"https:\\\/\\\/15131.p.syniva.es\\\/it\\\/\",\"name\":\"Revolution Padel Store\",\"description\":\"\",\"publisher\":{\"@id\":\"https:\\\/\\\/15131.p.syniva.es\\\/it\\\/#organization\"},\"potentialAction\":[{\"@type\":\"SearchAction\",\"target\":{\"@type\":\"EntryPoint\",\"urlTemplate\":\"https:\\\/\\\/15131.p.syniva.es\\\/it\\\/?s={search_term_string}\"},\"query-input\":{\"@type\":\"PropertyValueSpecification\",\"valueRequired\":true,\"valueName\":\"search_term_string\"}}],\"inLanguage\":\"it-IT\"},{\"@type\":\"Organization\",\"@id\":\"https:\\\/\\\/15131.p.syniva.es\\\/it\\\/#organization\",\"name\":\"Revolution Padel Store\",\"url\":\"https:\\\/\\\/15131.p.syniva.es\\\/it\\\/\",\"logo\":{\"@type\":\"ImageObject\",\"inLanguage\":\"it-IT\",\"@id\":\"https:\\\/\\\/15131.p.syniva.es\\\/it\\\/#\\\/schema\\\/logo\\\/image\\\/\",\"url\":\"https:\\\/\\\/15131.p.syniva.es\\\/wp-content\\\/uploads\\\/2026\\\/02\\\/revolution-padel-store.jpg\",\"contentUrl\":\"https:\\\/\\\/15131.p.syniva.es\\\/wp-content\\\/uploads\\\/2026\\\/02\\\/revolution-padel-store.jpg\",\"width\":2000,\"height\":2000,\"caption\":\"Revolution Padel Store\"},\"image\":{\"@id\":\"https:\\\/\\\/15131.p.syniva.es\\\/it\\\/#\\\/schema\\\/logo\\\/image\\\/\"},\"sameAs\":[\"https:\\\/\\\/www.instagram.com\\\/revolutionpadelstore\\\/\"]}]}<\/script>\n<!-- \/ Yoast SEO plugin. -->","yoast_head_json":{"title":"HARLEM PADEL NIRVANA - Revolution Padel Store","description":"El modelo NIRVANA 2024 de Harlem Padel es una pala de alto rendimiento que ha sido dise\u00f1ada para jugadores\/as que tengan un nivel avanzado o profesional, con una t\u00e9cnica muy depurada. Presenta una\u00a0forma de diamante\u00a0con un\u00a0balance alto\u00a0y un punto dulce elevado hacia la parte superior de la pala.","robots":{"index":"index","follow":"follow","max-snippet":"max-snippet:-1","max-image-preview":"max-image-preview:large","max-video-preview":"max-video-preview:-1"},"canonical":"https:\/\/15131.p.syniva.es\/it\/prodotto\/harlem-padel-nirvana-4\/","og_locale":"it_IT","og_type":"article","og_title":"COMPRAR HARLEM PADEL NIRVANA 2024","og_description":"El modelo NIRVANA 2024 de Harlem Padel es una pala de alto rendimiento que ha sido dise\u00f1ada para jugadores\/as que tengan un nivel avanzado o profesional, con una t\u00e9cnica muy depurada. Presenta una\u00a0forma de diamante\u00a0con un\u00a0balance alto\u00a0y un punto dulce elevado hacia la parte superior de la pala.","og_url":"https:\/\/15131.p.syniva.es\/it\/prodotto\/harlem-padel-nirvana-4\/","og_site_name":"Revolution Padel Store","article_modified_time":"2026-04-08T12:32:48+00:00","og_image":[{"width":800,"height":800,"url":"https:\/\/15131.p.syniva.es\/wp-content\/uploads\/2024\/04\/NIRVANA_1.jpg","type":"image\/jpeg"}],"twitter_card":"summary_large_image","twitter_misc":{"Tempo di lettura stimato":"2 minuti"},"schema":{"@context":"https:\/\/schema.org","@graph":[{"@type":"WebPage","@id":"https:\/\/15131.p.syniva.es\/it\/prodotto\/harlem-padel-nirvana-4\/","url":"https:\/\/15131.p.syniva.es\/it\/prodotto\/harlem-padel-nirvana-4\/","name":"HARLEM PADEL NIRVANA - Revolution Padel Store","isPartOf":{"@id":"https:\/\/15131.p.syniva.es\/it\/#website"},"primaryImageOfPage":{"@id":"https:\/\/15131.p.syniva.es\/it\/prodotto\/harlem-padel-nirvana-4\/#primaryimage"},"image":{"@id":"https:\/\/15131.p.syniva.es\/it\/prodotto\/harlem-padel-nirvana-4\/#primaryimage"},"thumbnailUrl":"https:\/\/15131.p.syniva.es\/wp-content\/uploads\/2024\/04\/81.png","datePublished":"2024-04-09T06:08:37+00:00","dateModified":"2026-04-08T12:32:48+00:00","description":"El modelo NIRVANA 2024 de Harlem Padel es una pala de alto rendimiento que ha sido dise\u00f1ada para jugadores\/as que tengan un nivel avanzado o profesional, con una t\u00e9cnica muy depurada. Presenta una\u00a0forma de diamante\u00a0con un\u00a0balance alto\u00a0y un punto dulce elevado hacia la parte superior de la pala.","breadcrumb":{"@id":"https:\/\/15131.p.syniva.es\/it\/prodotto\/harlem-padel-nirvana-4\/#breadcrumb"},"inLanguage":"it-IT","potentialAction":[{"@type":"ReadAction","target":["https:\/\/15131.p.syniva.es\/it\/prodotto\/harlem-padel-nirvana-4\/"]}]},{"@type":"ImageObject","inLanguage":"it-IT","@id":"https:\/\/15131.p.syniva.es\/it\/prodotto\/harlem-padel-nirvana-4\/#primaryimage","url":"https:\/\/15131.p.syniva.es\/wp-content\/uploads\/2024\/04\/81.png","contentUrl":"https:\/\/15131.p.syniva.es\/wp-content\/uploads\/2024\/04\/81.png","width":1500,"height":1500},{"@type":"BreadcrumbList","@id":"https:\/\/15131.p.syniva.es\/it\/prodotto\/harlem-padel-nirvana-4\/#breadcrumb","itemListElement":[{"@type":"ListItem","position":1,"name":"Portada","item":"https:\/\/15131.p.syniva.es\/it\/"},{"@type":"ListItem","position":2,"name":"Tienda","item":"https:\/\/15131.p.syniva.es\/it\/tienda\/"},{"@type":"ListItem","position":3,"name":"HARLEM PADEL NIRVANA"}]},{"@type":"WebSite","@id":"https:\/\/15131.p.syniva.es\/it\/#website","url":"https:\/\/15131.p.syniva.es\/it\/","name":"Revolution Padel Store","description":"","publisher":{"@id":"https:\/\/15131.p.syniva.es\/it\/#organization"},"potentialAction":[{"@type":"SearchAction","target":{"@type":"EntryPoint","urlTemplate":"https:\/\/15131.p.syniva.es\/it\/?s={search_term_string}"},"query-input":{"@type":"PropertyValueSpecification","valueRequired":true,"valueName":"search_term_string"}}],"inLanguage":"it-IT"},{"@type":"Organization","@id":"https:\/\/15131.p.syniva.es\/it\/#organization","name":"Revolution Padel Store","url":"https:\/\/15131.p.syniva.es\/it\/","logo":{"@type":"ImageObject","inLanguage":"it-IT","@id":"https:\/\/15131.p.syniva.es\/it\/#\/schema\/logo\/image\/","url":"https:\/\/15131.p.syniva.es\/wp-content\/uploads\/2026\/02\/revolution-padel-store.jpg","contentUrl":"https:\/\/15131.p.syniva.es\/wp-content\/uploads\/2026\/02\/revolution-padel-store.jpg","width":2000,"height":2000,"caption":"Revolution Padel Store"},"image":{"@id":"https:\/\/15131.p.syniva.es\/it\/#\/schema\/logo\/image\/"},"sameAs":["https:\/\/www.instagram.com\/revolutionpadelstore\/"]}]}},"_links":{"self":[{"href":"https:\/\/15131.p.syniva.es\/it\/wp-json\/wp\/v2\/product\/19764","targetHints":{"allow":["GET"]}}],"collection":[{"href":"https:\/\/15131.p.syniva.es\/it\/wp-json\/wp\/v2\/product"}],"about":[{"href":"https:\/\/15131.p.syniva.es\/it\/wp-json\/wp\/v2\/types\/product"}],"replies":[{"embeddable":true,"href":"https:\/\/15131.p.syniva.es\/it\/wp-json\/wp\/v2\/comments?post=19764"}],"wp:featuredmedia":[{"embeddable":true,"href":"https:\/\/15131.p.syniva.es\/it\/wp-json\/wp\/v2\/media\/161841"}],"wp:attachment":[{"href":"https:\/\/15131.p.syniva.es\/it\/wp-json\/wp\/v2\/media?parent=19764"}],"wp:term":[{"taxonomy":"acabado","embeddable":true,"href":"https:\/\/15131.p.syniva.es\/it\/wp-json\/wp\/v2\/acabado?post=19764"},{"taxonomy":"balance","embeddable":true,"href":"https:\/\/15131.p.syniva.es\/it\/wp-json\/wp\/v2\/balance?post=19764"},{"taxonomy":"dureza","embeddable":true,"href":"https:\/\/15131.p.syniva.es\/it\/wp-json\/wp\/v2\/dureza?post=19764"},{"taxonomy":"forma","embeddable":true,"href":"https:\/\/15131.p.syniva.es\/it\/wp-json\/wp\/v2\/forma?post=19764"},{"taxonomy":"jugador","embeddable":true,"href":"https:\/\/15131.p.syniva.es\/it\/wp-json\/wp\/v2\/jugador?post=19764"},{"taxonomy":"marca","embeddable":true,"href":"https:\/\/15131.p.syniva.es\/it\/wp-json\/wp\/v2\/marca?post=19764"},{"taxonomy":"nivel-de-juego","embeddable":true,"href":"https:\/\/15131.p.syniva.es\/it\/wp-json\/wp\/v2\/nivel-de-juego?post=19764"},{"taxonomy":"superficie","embeddable":true,"href":"https:\/\/15131.p.syniva.es\/it\/wp-json\/wp\/v2\/superficie?post=19764"},{"taxonomy":"tipo-de-juego","embeddable":true,"href":"https:\/\/15131.p.syniva.es\/it\/wp-json\/wp\/v2\/tipo-de-juego?post=19764"},{"taxonomy":"product_brand","embeddable":true,"href":"https:\/\/15131.p.syniva.es\/it\/wp-json\/wp\/v2\/product_brand?post=19764"},{"taxonomy":"product_cat","embeddable":true,"href":"https:\/\/15131.p.syniva.es\/it\/wp-json\/wp\/v2\/product_cat?post=19764"},{"taxonomy":"product_tag","embeddable":true,"href":"https:\/\/15131.p.syniva.es\/it\/wp-json\/wp\/v2\/product_tag?post=19764"}],"curies":[{"name":"wp","href":"https:\/\/api.w.org\/{rel}","templated":true}]}}