{"id":19769,"date":"2024-04-08T22:57:44","date_gmt":"2024-04-08T20:57:44","guid":{"rendered":"https:\/\/15131.p.syniva.es\/harlem-padel-bionic-2024\/"},"modified":"2025-12-30T15:42:47","modified_gmt":"2025-12-30T14:42:47","slug":"harlem-padel-bionic-5","status":"publish","type":"product","link":"https:\/\/15131.p.syniva.es\/it\/prodotto\/harlem-padel-bionic-5\/","title":{"rendered":"HARLEM PADEL BIONIC"},"content":{"rendered":"<p>Il modello BIONIC 2024 \u00e8 uno dei modelli della nuova gamma Harlem Padel.<br \/>\n\u00c8 una racchetta ibrida che vanta un equilibrio medio e uno sweet spot molto esteso. Questo ti d\u00e0 manovrabilit\u00e0 e facilita una combinazione di potenza e controllo quando colpisci.<br \/>\n\u00c8 una racchetta ideale sia per le donne che per gli uomini che giocano a padel a livello avanzato e richiedono una racchetta leggera che offra versatilit\u00e0 in campo.<br \/>\nAll&#8217;interno della racchetta abbiamo un nucleo in gomma EVA NERA laminata a densit\u00e0 differenziate che include la tecnologia High Recovery, favorendo un recupero rapido e facilitando colpi ad altissima velocit\u00e0. Questo modello ci fornisce un tocco medio-morbido nelle nostre sensazioni di gioco. Il modello BIONIC 2024 combina controllo e potenza in parti uguali. Il telaio tubolare \u00e8 realizzato al 100% in carbonio per garantire grande durata e ottima resistenza all&#8217;usura tipica del gioco.<br \/>\nGli aerei sono composti da fibra di carbonio 12K di ultima generazione che garantisce un peso inferiore, maggiore rigidit\u00e0 e maggiore resistenza. Abbiamo la sensazione di trovarci di fronte a una racchetta padel dalla sensazione solida e rigida, che ci aiuter\u00e0 molto in tutti i nostri colpi offensivi. Inoltre, la finitura 3D ruvida e opaca assicura che la palla aderisca meglio alle facce della racchetta e la faccia girare con pi\u00f9 effetto in tutti i nostri colpi. Come nel resto di questa nuova collezione, la cosa pi\u00f9 innovativa \u00e8 il triplo ponte di uno stampo fabbricato con le ultime tecnologie, che fa s\u00ec che la racchetta aumenti la resa della palla e un grande controllo in ogni colpo. La finitura della lama riprende in entrambi i piani la &#8220;H&#8221; stilizzata tipica di Harlem di dimensione molto ampia in colori cromati e lucidi con il resto della lama in opaco, conferendo alla lama estrema eleganza.  Nella collezione 2024, una delle tante novit\u00e0 che Harlem Padel incorpora \u00e8 l&#8217;incorporazione della corda nel polsino sotto forma di braccialetto realizzato al 100% in poliestere di alta qualit\u00e0 con il logo del marchio ricamato.<br \/>\nSenza dubbio siamo di fronte ad una delle racchette pi\u00f9 equilibrate sul mercato. Ideale per la maggior parte dei giocatori.<\/p>\n","protected":false},"excerpt":{"rendered":"<p>\u00c8 una racchetta ibrida che presenta un equilibrio medio e uno sweet spot molto esteso. Ci\u00f2 gli conferisce manovrabilit\u00e0 e facilita una combinazione di potenza e controllo quando colpisce.<br \/>\n\u00c8 una racchetta ideale sia per le donne che per gli uomini che giocano a padel a livello avanzato e richiedono una racchetta leggera che offra versatilit\u00e0 in campo.<\/p>\n","protected":false},"featured_media":161829,"comment_status":"open","ping_status":"closed","template":"","meta":{"_acf_changed":false,"_joinchat":[]},"acabado":[1086,1081,1091],"balance":[1136,1141],"dureza":[1156],"forma":[1176],"jugador":[1201,1191],"marca":[1236],"nivel-de-juego":[1336],"superficie":[1361],"tipo-de-juego":[1386],"product_brand":[],"product_cat":[301],"product_tag":[],"class_list":{"0":"post-19769","1":"product","2":"type-product","3":"status-publish","4":"has-post-thumbnail","6":"acabado-amico","7":"acabado-luminosita","8":"acabado-relieve-3d-it","9":"balance-alto-it","10":"balance-medio-it","11":"dureza-media-it","12":"forma-ibrido","13":"jugador-multiuso","14":"jugador-uomo","15":"marca-harlem-padel-it","16":"superficie-rugosa-it","17":"tipo-de-juego-multiuso","18":"product_cat-palas-de-padel-it","20":"first","21":"onbackorder","22":"sale","23":"taxable","24":"shipping-taxable","25":"purchasable","26":"product-type-simple"},"acf":[],"yoast_head":"<!-- This site is optimized with the Yoast SEO plugin v27.4 - https:\/\/yoast.com\/product\/yoast-seo-wordpress\/ -->\n<title>HARLEM PADEL BIONIC - Revolution Padel Store<\/title>\n<meta name=\"description\" content=\"Es\u00a0una\u00a0pala\u00a0de\u00a0p\u00e1del\u00a0de\u00a0forma\u00a0h\u00edbrida\u00a0que\u00a0ostenta\u00a0un\u00a0balance\u00a0medio\u00a0y\u00a0un\u00a0punto\u00a0dulce\u00a0muy\u00a0extendido.\u00a0Esto\u00a0le\u00a0da\u00a0maniobrabilidad\u00a0y\u00a0facilita\u00a0una\u00a0combinaci\u00f3n\u00a0de\u00a0potencia\u00a0y\u00a0control\u00a0en\u00a0los\u00a0golpes.\" \/>\n<meta name=\"robots\" content=\"index, follow, max-snippet:-1, max-image-preview:large, max-video-preview:-1\" \/>\n<link rel=\"canonical\" href=\"https:\/\/15131.p.syniva.es\/it\/prodotto\/harlem-padel-bionic-5\/\" \/>\n<meta property=\"og:locale\" content=\"it_IT\" \/>\n<meta property=\"og:type\" content=\"article\" \/>\n<meta property=\"og:title\" content=\"HARLEM PADEL BIONIC\" \/>\n<meta property=\"og:description\" content=\"Es\u00a0una\u00a0pala\u00a0de\u00a0p\u00e1del\u00a0de\u00a0forma\u00a0h\u00edbrida\u00a0que\u00a0ostenta\u00a0un\u00a0balance\u00a0medio\u00a0y\u00a0un\u00a0punto\u00a0dulce\u00a0muy\u00a0extendido.\u00a0Esto\u00a0le\u00a0da\u00a0maniobrabilidad\u00a0y\u00a0facilita\u00a0una\u00a0combinaci\u00f3n\u00a0de\u00a0potencia\u00a0y\u00a0control\u00a0en\u00a0los\u00a0golpes.Es\u00a0una\u00a0pala\u00a0ideal\u00a0tanto\u00a0para\u00a0mujeres\u00a0como\u00a0para\u00a0hombres\u00a0que\u00a0juegan\u00a0al\u00a0p\u00e1del\u00a0en\u00a0un\u00a0nivel\u00a0avanzado\u00a0y\u00a0requieren\u00a0una\u00a0pala\u00a0liviana\u00a0que\u00a0aporte\u00a0versatilidad\u00a0sobre\u00a0la\u00a0pista.\" \/>\n<meta property=\"og:url\" content=\"https:\/\/15131.p.syniva.es\/it\/prodotto\/harlem-padel-bionic-5\/\" \/>\n<meta property=\"og:site_name\" content=\"Revolution Padel Store\" \/>\n<meta property=\"article:modified_time\" content=\"2025-12-30T14:42:47+00:00\" \/>\n<meta property=\"og:image\" content=\"https:\/\/15131.p.syniva.es\/wp-content\/uploads\/2024\/04\/IMG-20240408-WA0026.jpg\" \/>\n\t<meta property=\"og:image:width\" content=\"800\" \/>\n\t<meta property=\"og:image:height\" content=\"800\" \/>\n\t<meta property=\"og:image:type\" content=\"image\/jpeg\" \/>\n<meta name=\"twitter:card\" content=\"summary_large_image\" \/>\n<meta name=\"twitter:label1\" content=\"Tempo di lettura stimato\" \/>\n\t<meta name=\"twitter:data1\" content=\"2 minuti\" \/>\n<script type=\"application\/ld+json\" class=\"yoast-schema-graph\">{\"@context\":\"https:\\\/\\\/schema.org\",\"@graph\":[{\"@type\":\"WebPage\",\"@id\":\"https:\\\/\\\/15131.p.syniva.es\\\/it\\\/prodotto\\\/harlem-padel-bionic-5\\\/\",\"url\":\"https:\\\/\\\/15131.p.syniva.es\\\/it\\\/prodotto\\\/harlem-padel-bionic-5\\\/\",\"name\":\"HARLEM PADEL BIONIC - Revolution Padel Store\",\"isPartOf\":{\"@id\":\"https:\\\/\\\/15131.p.syniva.es\\\/it\\\/#website\"},\"primaryImageOfPage\":{\"@id\":\"https:\\\/\\\/15131.p.syniva.es\\\/it\\\/prodotto\\\/harlem-padel-bionic-5\\\/#primaryimage\"},\"image\":{\"@id\":\"https:\\\/\\\/15131.p.syniva.es\\\/it\\\/prodotto\\\/harlem-padel-bionic-5\\\/#primaryimage\"},\"thumbnailUrl\":\"https:\\\/\\\/15131.p.syniva.es\\\/wp-content\\\/uploads\\\/2024\\\/04\\\/79.png\",\"datePublished\":\"2024-04-08T20:57:44+00:00\",\"dateModified\":\"2025-12-30T14:42:47+00:00\",\"description\":\"Es\u00a0una\u00a0pala\u00a0de\u00a0p\u00e1del\u00a0de\u00a0forma\u00a0h\u00edbrida\u00a0que\u00a0ostenta\u00a0un\u00a0balance\u00a0medio\u00a0y\u00a0un\u00a0punto\u00a0dulce\u00a0muy\u00a0extendido.\u00a0Esto\u00a0le\u00a0da\u00a0maniobrabilidad\u00a0y\u00a0facilita\u00a0una\u00a0combinaci\u00f3n\u00a0de\u00a0potencia\u00a0y\u00a0control\u00a0en\u00a0los\u00a0golpes.\",\"breadcrumb\":{\"@id\":\"https:\\\/\\\/15131.p.syniva.es\\\/it\\\/prodotto\\\/harlem-padel-bionic-5\\\/#breadcrumb\"},\"inLanguage\":\"it-IT\",\"potentialAction\":[{\"@type\":\"ReadAction\",\"target\":[\"https:\\\/\\\/15131.p.syniva.es\\\/it\\\/prodotto\\\/harlem-padel-bionic-5\\\/\"]}]},{\"@type\":\"ImageObject\",\"inLanguage\":\"it-IT\",\"@id\":\"https:\\\/\\\/15131.p.syniva.es\\\/it\\\/prodotto\\\/harlem-padel-bionic-5\\\/#primaryimage\",\"url\":\"https:\\\/\\\/15131.p.syniva.es\\\/wp-content\\\/uploads\\\/2024\\\/04\\\/79.png\",\"contentUrl\":\"https:\\\/\\\/15131.p.syniva.es\\\/wp-content\\\/uploads\\\/2024\\\/04\\\/79.png\",\"width\":1500,\"height\":1500},{\"@type\":\"BreadcrumbList\",\"@id\":\"https:\\\/\\\/15131.p.syniva.es\\\/it\\\/prodotto\\\/harlem-padel-bionic-5\\\/#breadcrumb\",\"itemListElement\":[{\"@type\":\"ListItem\",\"position\":1,\"name\":\"Portada\",\"item\":\"https:\\\/\\\/15131.p.syniva.es\\\/it\\\/\"},{\"@type\":\"ListItem\",\"position\":2,\"name\":\"Tienda\",\"item\":\"https:\\\/\\\/15131.p.syniva.es\\\/it\\\/tienda\\\/\"},{\"@type\":\"ListItem\",\"position\":3,\"name\":\"HARLEM PADEL BIONIC\"}]},{\"@type\":\"WebSite\",\"@id\":\"https:\\\/\\\/15131.p.syniva.es\\\/it\\\/#website\",\"url\":\"https:\\\/\\\/15131.p.syniva.es\\\/it\\\/\",\"name\":\"Revolution Padel Store\",\"description\":\"\",\"publisher\":{\"@id\":\"https:\\\/\\\/15131.p.syniva.es\\\/it\\\/#organization\"},\"potentialAction\":[{\"@type\":\"SearchAction\",\"target\":{\"@type\":\"EntryPoint\",\"urlTemplate\":\"https:\\\/\\\/15131.p.syniva.es\\\/it\\\/?s={search_term_string}\"},\"query-input\":{\"@type\":\"PropertyValueSpecification\",\"valueRequired\":true,\"valueName\":\"search_term_string\"}}],\"inLanguage\":\"it-IT\"},{\"@type\":\"Organization\",\"@id\":\"https:\\\/\\\/15131.p.syniva.es\\\/it\\\/#organization\",\"name\":\"Revolution Padel Store\",\"url\":\"https:\\\/\\\/15131.p.syniva.es\\\/it\\\/\",\"logo\":{\"@type\":\"ImageObject\",\"inLanguage\":\"it-IT\",\"@id\":\"https:\\\/\\\/15131.p.syniva.es\\\/it\\\/#\\\/schema\\\/logo\\\/image\\\/\",\"url\":\"https:\\\/\\\/15131.p.syniva.es\\\/wp-content\\\/uploads\\\/2026\\\/02\\\/revolution-padel-store.jpg\",\"contentUrl\":\"https:\\\/\\\/15131.p.syniva.es\\\/wp-content\\\/uploads\\\/2026\\\/02\\\/revolution-padel-store.jpg\",\"width\":2000,\"height\":2000,\"caption\":\"Revolution Padel Store\"},\"image\":{\"@id\":\"https:\\\/\\\/15131.p.syniva.es\\\/it\\\/#\\\/schema\\\/logo\\\/image\\\/\"},\"sameAs\":[\"https:\\\/\\\/www.instagram.com\\\/revolutionpadelstore\\\/\"]}]}<\/script>\n<!-- \/ Yoast SEO plugin. -->","yoast_head_json":{"title":"HARLEM PADEL BIONIC - Revolution Padel Store","description":"Es\u00a0una\u00a0pala\u00a0de\u00a0p\u00e1del\u00a0de\u00a0forma\u00a0h\u00edbrida\u00a0que\u00a0ostenta\u00a0un\u00a0balance\u00a0medio\u00a0y\u00a0un\u00a0punto\u00a0dulce\u00a0muy\u00a0extendido.\u00a0Esto\u00a0le\u00a0da\u00a0maniobrabilidad\u00a0y\u00a0facilita\u00a0una\u00a0combinaci\u00f3n\u00a0de\u00a0potencia\u00a0y\u00a0control\u00a0en\u00a0los\u00a0golpes.","robots":{"index":"index","follow":"follow","max-snippet":"max-snippet:-1","max-image-preview":"max-image-preview:large","max-video-preview":"max-video-preview:-1"},"canonical":"https:\/\/15131.p.syniva.es\/it\/prodotto\/harlem-padel-bionic-5\/","og_locale":"it_IT","og_type":"article","og_title":"HARLEM PADEL BIONIC","og_description":"Es\u00a0una\u00a0pala\u00a0de\u00a0p\u00e1del\u00a0de\u00a0forma\u00a0h\u00edbrida\u00a0que\u00a0ostenta\u00a0un\u00a0balance\u00a0medio\u00a0y\u00a0un\u00a0punto\u00a0dulce\u00a0muy\u00a0extendido.\u00a0Esto\u00a0le\u00a0da\u00a0maniobrabilidad\u00a0y\u00a0facilita\u00a0una\u00a0combinaci\u00f3n\u00a0de\u00a0potencia\u00a0y\u00a0control\u00a0en\u00a0los\u00a0golpes.Es\u00a0una\u00a0pala\u00a0ideal\u00a0tanto\u00a0para\u00a0mujeres\u00a0como\u00a0para\u00a0hombres\u00a0que\u00a0juegan\u00a0al\u00a0p\u00e1del\u00a0en\u00a0un\u00a0nivel\u00a0avanzado\u00a0y\u00a0requieren\u00a0una\u00a0pala\u00a0liviana\u00a0que\u00a0aporte\u00a0versatilidad\u00a0sobre\u00a0la\u00a0pista.","og_url":"https:\/\/15131.p.syniva.es\/it\/prodotto\/harlem-padel-bionic-5\/","og_site_name":"Revolution Padel Store","article_modified_time":"2025-12-30T14:42:47+00:00","og_image":[{"width":800,"height":800,"url":"https:\/\/15131.p.syniva.es\/wp-content\/uploads\/2024\/04\/IMG-20240408-WA0026.jpg","type":"image\/jpeg"}],"twitter_card":"summary_large_image","twitter_misc":{"Tempo di lettura stimato":"2 minuti"},"schema":{"@context":"https:\/\/schema.org","@graph":[{"@type":"WebPage","@id":"https:\/\/15131.p.syniva.es\/it\/prodotto\/harlem-padel-bionic-5\/","url":"https:\/\/15131.p.syniva.es\/it\/prodotto\/harlem-padel-bionic-5\/","name":"HARLEM PADEL BIONIC - Revolution Padel Store","isPartOf":{"@id":"https:\/\/15131.p.syniva.es\/it\/#website"},"primaryImageOfPage":{"@id":"https:\/\/15131.p.syniva.es\/it\/prodotto\/harlem-padel-bionic-5\/#primaryimage"},"image":{"@id":"https:\/\/15131.p.syniva.es\/it\/prodotto\/harlem-padel-bionic-5\/#primaryimage"},"thumbnailUrl":"https:\/\/15131.p.syniva.es\/wp-content\/uploads\/2024\/04\/79.png","datePublished":"2024-04-08T20:57:44+00:00","dateModified":"2025-12-30T14:42:47+00:00","description":"Es\u00a0una\u00a0pala\u00a0de\u00a0p\u00e1del\u00a0de\u00a0forma\u00a0h\u00edbrida\u00a0que\u00a0ostenta\u00a0un\u00a0balance\u00a0medio\u00a0y\u00a0un\u00a0punto\u00a0dulce\u00a0muy\u00a0extendido.\u00a0Esto\u00a0le\u00a0da\u00a0maniobrabilidad\u00a0y\u00a0facilita\u00a0una\u00a0combinaci\u00f3n\u00a0de\u00a0potencia\u00a0y\u00a0control\u00a0en\u00a0los\u00a0golpes.","breadcrumb":{"@id":"https:\/\/15131.p.syniva.es\/it\/prodotto\/harlem-padel-bionic-5\/#breadcrumb"},"inLanguage":"it-IT","potentialAction":[{"@type":"ReadAction","target":["https:\/\/15131.p.syniva.es\/it\/prodotto\/harlem-padel-bionic-5\/"]}]},{"@type":"ImageObject","inLanguage":"it-IT","@id":"https:\/\/15131.p.syniva.es\/it\/prodotto\/harlem-padel-bionic-5\/#primaryimage","url":"https:\/\/15131.p.syniva.es\/wp-content\/uploads\/2024\/04\/79.png","contentUrl":"https:\/\/15131.p.syniva.es\/wp-content\/uploads\/2024\/04\/79.png","width":1500,"height":1500},{"@type":"BreadcrumbList","@id":"https:\/\/15131.p.syniva.es\/it\/prodotto\/harlem-padel-bionic-5\/#breadcrumb","itemListElement":[{"@type":"ListItem","position":1,"name":"Portada","item":"https:\/\/15131.p.syniva.es\/it\/"},{"@type":"ListItem","position":2,"name":"Tienda","item":"https:\/\/15131.p.syniva.es\/it\/tienda\/"},{"@type":"ListItem","position":3,"name":"HARLEM PADEL BIONIC"}]},{"@type":"WebSite","@id":"https:\/\/15131.p.syniva.es\/it\/#website","url":"https:\/\/15131.p.syniva.es\/it\/","name":"Revolution Padel Store","description":"","publisher":{"@id":"https:\/\/15131.p.syniva.es\/it\/#organization"},"potentialAction":[{"@type":"SearchAction","target":{"@type":"EntryPoint","urlTemplate":"https:\/\/15131.p.syniva.es\/it\/?s={search_term_string}"},"query-input":{"@type":"PropertyValueSpecification","valueRequired":true,"valueName":"search_term_string"}}],"inLanguage":"it-IT"},{"@type":"Organization","@id":"https:\/\/15131.p.syniva.es\/it\/#organization","name":"Revolution Padel Store","url":"https:\/\/15131.p.syniva.es\/it\/","logo":{"@type":"ImageObject","inLanguage":"it-IT","@id":"https:\/\/15131.p.syniva.es\/it\/#\/schema\/logo\/image\/","url":"https:\/\/15131.p.syniva.es\/wp-content\/uploads\/2026\/02\/revolution-padel-store.jpg","contentUrl":"https:\/\/15131.p.syniva.es\/wp-content\/uploads\/2026\/02\/revolution-padel-store.jpg","width":2000,"height":2000,"caption":"Revolution Padel Store"},"image":{"@id":"https:\/\/15131.p.syniva.es\/it\/#\/schema\/logo\/image\/"},"sameAs":["https:\/\/www.instagram.com\/revolutionpadelstore\/"]}]}},"_links":{"self":[{"href":"https:\/\/15131.p.syniva.es\/it\/wp-json\/wp\/v2\/product\/19769","targetHints":{"allow":["GET"]}}],"collection":[{"href":"https:\/\/15131.p.syniva.es\/it\/wp-json\/wp\/v2\/product"}],"about":[{"href":"https:\/\/15131.p.syniva.es\/it\/wp-json\/wp\/v2\/types\/product"}],"replies":[{"embeddable":true,"href":"https:\/\/15131.p.syniva.es\/it\/wp-json\/wp\/v2\/comments?post=19769"}],"wp:featuredmedia":[{"embeddable":true,"href":"https:\/\/15131.p.syniva.es\/it\/wp-json\/wp\/v2\/media\/161829"}],"wp:attachment":[{"href":"https:\/\/15131.p.syniva.es\/it\/wp-json\/wp\/v2\/media?parent=19769"}],"wp:term":[{"taxonomy":"acabado","embeddable":true,"href":"https:\/\/15131.p.syniva.es\/it\/wp-json\/wp\/v2\/acabado?post=19769"},{"taxonomy":"balance","embeddable":true,"href":"https:\/\/15131.p.syniva.es\/it\/wp-json\/wp\/v2\/balance?post=19769"},{"taxonomy":"dureza","embeddable":true,"href":"https:\/\/15131.p.syniva.es\/it\/wp-json\/wp\/v2\/dureza?post=19769"},{"taxonomy":"forma","embeddable":true,"href":"https:\/\/15131.p.syniva.es\/it\/wp-json\/wp\/v2\/forma?post=19769"},{"taxonomy":"jugador","embeddable":true,"href":"https:\/\/15131.p.syniva.es\/it\/wp-json\/wp\/v2\/jugador?post=19769"},{"taxonomy":"marca","embeddable":true,"href":"https:\/\/15131.p.syniva.es\/it\/wp-json\/wp\/v2\/marca?post=19769"},{"taxonomy":"nivel-de-juego","embeddable":true,"href":"https:\/\/15131.p.syniva.es\/it\/wp-json\/wp\/v2\/nivel-de-juego?post=19769"},{"taxonomy":"superficie","embeddable":true,"href":"https:\/\/15131.p.syniva.es\/it\/wp-json\/wp\/v2\/superficie?post=19769"},{"taxonomy":"tipo-de-juego","embeddable":true,"href":"https:\/\/15131.p.syniva.es\/it\/wp-json\/wp\/v2\/tipo-de-juego?post=19769"},{"taxonomy":"product_brand","embeddable":true,"href":"https:\/\/15131.p.syniva.es\/it\/wp-json\/wp\/v2\/product_brand?post=19769"},{"taxonomy":"product_cat","embeddable":true,"href":"https:\/\/15131.p.syniva.es\/it\/wp-json\/wp\/v2\/product_cat?post=19769"},{"taxonomy":"product_tag","embeddable":true,"href":"https:\/\/15131.p.syniva.es\/it\/wp-json\/wp\/v2\/product_tag?post=19769"}],"curies":[{"name":"wp","href":"https:\/\/api.w.org\/{rel}","templated":true}]}}