{"id":19774,"date":"2024-04-08T22:55:02","date_gmt":"2024-04-08T20:55:02","guid":{"rendered":"https:\/\/15131.p.syniva.es\/harlem-padel-corex-2024\/"},"modified":"2026-04-08T14:35:50","modified_gmt":"2026-04-08T12:35:50","slug":"harlem-padel-corex-4","status":"publish","type":"product","link":"https:\/\/15131.p.syniva.es\/it\/prodotto\/harlem-padel-corex-4\/","title":{"rendered":"HARLEM PADEL COREX"},"content":{"rendered":"<p>Il modello COREX 2024 di Harlem P\u00e1del \u00e8 una racchetta ad alte prestazioni progettata per giocatori di livello avanzato o professionale, con tecnica corretta. Ha un peso compreso tra 355 e 375 grammi.<\/p>\n<p>Ha una <strong>forma a diamante<\/strong> con un <strong>bilanciamento medio\/alto<\/strong> e uno sweet spot alto verso la parte superiore della lama. Queste caratteristiche si traducono in campo in una potenza estrema nei colpi offensivi come nelle rifiniture, poich\u00e9 si genera un effetto leva che riesce ad esercitare un&#8217;ottima potenza.<\/p>\n<p>All&#8217;interno del corpo della racchetta \u00e8 presente il materiale in gomma <strong>laminato BLACK EVA High Memory<\/strong>. \u00c8 una gomma multistrato a densit\u00e0 medio-alta che aumenta la potenza dei colpi effettuati con una velocit\u00e0 superiore rispetto alla maggior parte delle racchette sul mercato senza sacrificare un controllo eccellente in ciascuno dei colpi.<\/p>\n<p>Il telaio tubolare \u00e8 realizzato in <strong>carbonio rinforzato al 100% <\/strong>, oltre ad avere la tecnologia <strong> Tubular Frame<\/strong> per garantire grande durata e molta resistenza all&#8217;usura tipica delle biciclette . livelli avanzati e stress e coppia durante le partite pi\u00f9 aggressive.<\/p>\n<p>All&#8217;esterno troviamo la fibra di carbonio 18K all&#8217;avanguardia che garantisce un peso inferiore, maggiore rigidit\u00e0 e maggiore resistenza. Inoltre, la finitura <strong>3D ruvida<\/strong> assicura che la pallina aderisca meglio alle facce della racchetta e la faccia girare con pi\u00f9 effetto.<\/p>\n<p>La finitura della lama riprende in entrambi i piani la &#8220;H&#8221; stilizzata tipica di Harlem di dimensione molto ampia in colori cromati e lucidi, conferendo alla lama estrema eleganza.<\/p>\n<p>Nella collezione 2024, una delle tante novit\u00e0 che Harlem Padel incorpora \u00e8 l&#8217;incorporazione della <strong>corda nel polsino a forma di braccialetto<\/strong> 100% in poliestere di alta qualit\u00e0 con il logo del marchio ricamato.<\/p>\n<p>Senza dubbio, siamo di fronte al <strong>fiore all&#8217;occhiello<\/strong> del marchio, essendo una delle migliori racchette sul mercato in termini di qualit\u00e0, prezzo e prestazioni<\/p>\n","protected":false},"excerpt":{"rendered":"<p>La racchetta padel Harlem Corex 2024 \u00e8 composta da materiali e tecnologie che ti permettono di combinare potenza e controllo. Il suo nucleo semimorbido ammortizza al massimo le vibrazioni.<\/p>\n","protected":false},"featured_media":161835,"comment_status":"open","ping_status":"closed","template":"","meta":{"_acf_changed":false,"_joinchat":[]},"acabado":[1116,1081,1091],"balance":[1136,1141],"dureza":[1156],"forma":[1171],"jugador":[1201,1191],"marca":[1236],"nivel-de-juego":[1346],"superficie":[1361],"tipo-de-juego":[1386],"product_brand":[],"product_cat":[301],"product_tag":[],"class_list":{"0":"post-19774","1":"product","2":"type-product","3":"status-publish","4":"has-post-thumbnail","6":"acabado-carbonio","7":"acabado-luminosita","8":"acabado-relieve-3d-it","9":"balance-alto-it","10":"balance-medio-it","11":"dureza-media-it","12":"forma-diamante-it","13":"jugador-multiuso","14":"jugador-uomo","15":"marca-harlem-padel-it","16":"superficie-rugosa-it","17":"tipo-de-juego-multiuso","18":"product_cat-palas-de-padel-it","20":"first","21":"onbackorder","22":"sale","23":"taxable","24":"shipping-taxable","25":"purchasable","26":"product-type-simple"},"acf":[],"yoast_head":"<!-- This site is optimized with the Yoast SEO plugin v27.4 - https:\/\/yoast.com\/product\/yoast-seo-wordpress\/ -->\n<title>HARLEM PADEL COREX - Revolution Padel Store<\/title>\n<meta name=\"description\" content=\"COREX 2024\u00a0de Harlem P\u00e1del es una pala de alto rendimiento que ha sido dise\u00f1ada para jugadores\/as\u00a0 que tengan un nivel avanzado o profesional, con una\u00a0 t\u00e9cnica correcta. Tiene un peso comprendido entre los 355 y los 375 gramos.BIONIC 2024, combina en partes iguales el control y la potencia. El marco tubular se compone de carbono al 100 % para garantizar una gran durabilidad y excelente resistencia frente al uso desgastante t\u00edpico del juego.Los planos est\u00e1n compuestos por fibra de Carbono 12K de \u00falti\" \/>\n<meta name=\"robots\" content=\"index, follow, max-snippet:-1, max-image-preview:large, max-video-preview:-1\" \/>\n<link rel=\"canonical\" href=\"https:\/\/15131.p.syniva.es\/it\/prodotto\/harlem-padel-corex-4\/\" \/>\n<meta property=\"og:locale\" content=\"it_IT\" \/>\n<meta property=\"og:type\" content=\"article\" \/>\n<meta property=\"og:title\" content=\"HARLEM PADEL COREX\" \/>\n<meta property=\"og:description\" content=\"La\u00a0pala de p\u00e1del Harlem Corex 2024 se compone de materiales y tecnolog\u00edas que permiten combinar la potencia con el control. Su n\u00facleo semiblando amortigua al m\u00e1ximo las vibraciones.\" \/>\n<meta property=\"og:url\" content=\"https:\/\/15131.p.syniva.es\/it\/prodotto\/harlem-padel-corex-4\/\" \/>\n<meta property=\"og:site_name\" content=\"Revolution Padel Store\" \/>\n<meta property=\"article:modified_time\" content=\"2026-04-08T12:35:50+00:00\" \/>\n<meta property=\"og:image\" content=\"https:\/\/15131.p.syniva.es\/wp-content\/uploads\/2024\/04\/COREX_1.jpg\" \/>\n\t<meta property=\"og:image:width\" content=\"800\" \/>\n\t<meta property=\"og:image:height\" content=\"800\" \/>\n\t<meta property=\"og:image:type\" content=\"image\/jpeg\" \/>\n<meta name=\"twitter:card\" content=\"summary_large_image\" \/>\n<meta name=\"twitter:label1\" content=\"Tempo di lettura stimato\" \/>\n\t<meta name=\"twitter:data1\" content=\"2 minuti\" \/>\n<script type=\"application\/ld+json\" class=\"yoast-schema-graph\">{\"@context\":\"https:\\\/\\\/schema.org\",\"@graph\":[{\"@type\":\"WebPage\",\"@id\":\"https:\\\/\\\/15131.p.syniva.es\\\/it\\\/prodotto\\\/harlem-padel-corex-4\\\/\",\"url\":\"https:\\\/\\\/15131.p.syniva.es\\\/it\\\/prodotto\\\/harlem-padel-corex-4\\\/\",\"name\":\"HARLEM PADEL COREX - Revolution Padel Store\",\"isPartOf\":{\"@id\":\"https:\\\/\\\/15131.p.syniva.es\\\/it\\\/#website\"},\"primaryImageOfPage\":{\"@id\":\"https:\\\/\\\/15131.p.syniva.es\\\/it\\\/prodotto\\\/harlem-padel-corex-4\\\/#primaryimage\"},\"image\":{\"@id\":\"https:\\\/\\\/15131.p.syniva.es\\\/it\\\/prodotto\\\/harlem-padel-corex-4\\\/#primaryimage\"},\"thumbnailUrl\":\"https:\\\/\\\/15131.p.syniva.es\\\/wp-content\\\/uploads\\\/2024\\\/04\\\/80.png\",\"datePublished\":\"2024-04-08T20:55:02+00:00\",\"dateModified\":\"2026-04-08T12:35:50+00:00\",\"description\":\"COREX 2024\u00a0de Harlem P\u00e1del es una pala de alto rendimiento que ha sido dise\u00f1ada para jugadores\\\/as\u00a0 que tengan un nivel avanzado o profesional, con una\u00a0 t\u00e9cnica correcta. Tiene un peso comprendido entre los 355 y los 375 gramos.BIONIC 2024, combina en partes iguales el control y la potencia. El marco tubular se compone de carbono al 100 % para garantizar una gran durabilidad y excelente resistencia frente al uso desgastante t\u00edpico del juego.Los planos est\u00e1n compuestos por fibra de Carbono 12K de \u00falti\",\"breadcrumb\":{\"@id\":\"https:\\\/\\\/15131.p.syniva.es\\\/it\\\/prodotto\\\/harlem-padel-corex-4\\\/#breadcrumb\"},\"inLanguage\":\"it-IT\",\"potentialAction\":[{\"@type\":\"ReadAction\",\"target\":[\"https:\\\/\\\/15131.p.syniva.es\\\/it\\\/prodotto\\\/harlem-padel-corex-4\\\/\"]}]},{\"@type\":\"ImageObject\",\"inLanguage\":\"it-IT\",\"@id\":\"https:\\\/\\\/15131.p.syniva.es\\\/it\\\/prodotto\\\/harlem-padel-corex-4\\\/#primaryimage\",\"url\":\"https:\\\/\\\/15131.p.syniva.es\\\/wp-content\\\/uploads\\\/2024\\\/04\\\/80.png\",\"contentUrl\":\"https:\\\/\\\/15131.p.syniva.es\\\/wp-content\\\/uploads\\\/2024\\\/04\\\/80.png\",\"width\":1500,\"height\":1500},{\"@type\":\"BreadcrumbList\",\"@id\":\"https:\\\/\\\/15131.p.syniva.es\\\/it\\\/prodotto\\\/harlem-padel-corex-4\\\/#breadcrumb\",\"itemListElement\":[{\"@type\":\"ListItem\",\"position\":1,\"name\":\"Portada\",\"item\":\"https:\\\/\\\/15131.p.syniva.es\\\/it\\\/\"},{\"@type\":\"ListItem\",\"position\":2,\"name\":\"Tienda\",\"item\":\"https:\\\/\\\/15131.p.syniva.es\\\/it\\\/tienda\\\/\"},{\"@type\":\"ListItem\",\"position\":3,\"name\":\"HARLEM PADEL COREX\"}]},{\"@type\":\"WebSite\",\"@id\":\"https:\\\/\\\/15131.p.syniva.es\\\/it\\\/#website\",\"url\":\"https:\\\/\\\/15131.p.syniva.es\\\/it\\\/\",\"name\":\"Revolution Padel Store\",\"description\":\"\",\"publisher\":{\"@id\":\"https:\\\/\\\/15131.p.syniva.es\\\/it\\\/#organization\"},\"potentialAction\":[{\"@type\":\"SearchAction\",\"target\":{\"@type\":\"EntryPoint\",\"urlTemplate\":\"https:\\\/\\\/15131.p.syniva.es\\\/it\\\/?s={search_term_string}\"},\"query-input\":{\"@type\":\"PropertyValueSpecification\",\"valueRequired\":true,\"valueName\":\"search_term_string\"}}],\"inLanguage\":\"it-IT\"},{\"@type\":\"Organization\",\"@id\":\"https:\\\/\\\/15131.p.syniva.es\\\/it\\\/#organization\",\"name\":\"Revolution Padel Store\",\"url\":\"https:\\\/\\\/15131.p.syniva.es\\\/it\\\/\",\"logo\":{\"@type\":\"ImageObject\",\"inLanguage\":\"it-IT\",\"@id\":\"https:\\\/\\\/15131.p.syniva.es\\\/it\\\/#\\\/schema\\\/logo\\\/image\\\/\",\"url\":\"https:\\\/\\\/15131.p.syniva.es\\\/wp-content\\\/uploads\\\/2026\\\/02\\\/revolution-padel-store.jpg\",\"contentUrl\":\"https:\\\/\\\/15131.p.syniva.es\\\/wp-content\\\/uploads\\\/2026\\\/02\\\/revolution-padel-store.jpg\",\"width\":2000,\"height\":2000,\"caption\":\"Revolution Padel Store\"},\"image\":{\"@id\":\"https:\\\/\\\/15131.p.syniva.es\\\/it\\\/#\\\/schema\\\/logo\\\/image\\\/\"},\"sameAs\":[\"https:\\\/\\\/www.instagram.com\\\/revolutionpadelstore\\\/\"]}]}<\/script>\n<!-- \/ Yoast SEO plugin. -->","yoast_head_json":{"title":"HARLEM PADEL COREX - Revolution Padel Store","description":"COREX 2024\u00a0de Harlem P\u00e1del es una pala de alto rendimiento que ha sido dise\u00f1ada para jugadores\/as\u00a0 que tengan un nivel avanzado o profesional, con una\u00a0 t\u00e9cnica correcta. Tiene un peso comprendido entre los 355 y los 375 gramos.BIONIC 2024, combina en partes iguales el control y la potencia. El marco tubular se compone de carbono al 100 % para garantizar una gran durabilidad y excelente resistencia frente al uso desgastante t\u00edpico del juego.Los planos est\u00e1n compuestos por fibra de Carbono 12K de \u00falti","robots":{"index":"index","follow":"follow","max-snippet":"max-snippet:-1","max-image-preview":"max-image-preview:large","max-video-preview":"max-video-preview:-1"},"canonical":"https:\/\/15131.p.syniva.es\/it\/prodotto\/harlem-padel-corex-4\/","og_locale":"it_IT","og_type":"article","og_title":"HARLEM PADEL COREX","og_description":"La\u00a0pala de p\u00e1del Harlem Corex 2024 se compone de materiales y tecnolog\u00edas que permiten combinar la potencia con el control. Su n\u00facleo semiblando amortigua al m\u00e1ximo las vibraciones.","og_url":"https:\/\/15131.p.syniva.es\/it\/prodotto\/harlem-padel-corex-4\/","og_site_name":"Revolution Padel Store","article_modified_time":"2026-04-08T12:35:50+00:00","og_image":[{"width":800,"height":800,"url":"https:\/\/15131.p.syniva.es\/wp-content\/uploads\/2024\/04\/COREX_1.jpg","type":"image\/jpeg"}],"twitter_card":"summary_large_image","twitter_misc":{"Tempo di lettura stimato":"2 minuti"},"schema":{"@context":"https:\/\/schema.org","@graph":[{"@type":"WebPage","@id":"https:\/\/15131.p.syniva.es\/it\/prodotto\/harlem-padel-corex-4\/","url":"https:\/\/15131.p.syniva.es\/it\/prodotto\/harlem-padel-corex-4\/","name":"HARLEM PADEL COREX - Revolution Padel Store","isPartOf":{"@id":"https:\/\/15131.p.syniva.es\/it\/#website"},"primaryImageOfPage":{"@id":"https:\/\/15131.p.syniva.es\/it\/prodotto\/harlem-padel-corex-4\/#primaryimage"},"image":{"@id":"https:\/\/15131.p.syniva.es\/it\/prodotto\/harlem-padel-corex-4\/#primaryimage"},"thumbnailUrl":"https:\/\/15131.p.syniva.es\/wp-content\/uploads\/2024\/04\/80.png","datePublished":"2024-04-08T20:55:02+00:00","dateModified":"2026-04-08T12:35:50+00:00","description":"COREX 2024\u00a0de Harlem P\u00e1del es una pala de alto rendimiento que ha sido dise\u00f1ada para jugadores\/as\u00a0 que tengan un nivel avanzado o profesional, con una\u00a0 t\u00e9cnica correcta. Tiene un peso comprendido entre los 355 y los 375 gramos.BIONIC 2024, combina en partes iguales el control y la potencia. El marco tubular se compone de carbono al 100 % para garantizar una gran durabilidad y excelente resistencia frente al uso desgastante t\u00edpico del juego.Los planos est\u00e1n compuestos por fibra de Carbono 12K de \u00falti","breadcrumb":{"@id":"https:\/\/15131.p.syniva.es\/it\/prodotto\/harlem-padel-corex-4\/#breadcrumb"},"inLanguage":"it-IT","potentialAction":[{"@type":"ReadAction","target":["https:\/\/15131.p.syniva.es\/it\/prodotto\/harlem-padel-corex-4\/"]}]},{"@type":"ImageObject","inLanguage":"it-IT","@id":"https:\/\/15131.p.syniva.es\/it\/prodotto\/harlem-padel-corex-4\/#primaryimage","url":"https:\/\/15131.p.syniva.es\/wp-content\/uploads\/2024\/04\/80.png","contentUrl":"https:\/\/15131.p.syniva.es\/wp-content\/uploads\/2024\/04\/80.png","width":1500,"height":1500},{"@type":"BreadcrumbList","@id":"https:\/\/15131.p.syniva.es\/it\/prodotto\/harlem-padel-corex-4\/#breadcrumb","itemListElement":[{"@type":"ListItem","position":1,"name":"Portada","item":"https:\/\/15131.p.syniva.es\/it\/"},{"@type":"ListItem","position":2,"name":"Tienda","item":"https:\/\/15131.p.syniva.es\/it\/tienda\/"},{"@type":"ListItem","position":3,"name":"HARLEM PADEL COREX"}]},{"@type":"WebSite","@id":"https:\/\/15131.p.syniva.es\/it\/#website","url":"https:\/\/15131.p.syniva.es\/it\/","name":"Revolution Padel Store","description":"","publisher":{"@id":"https:\/\/15131.p.syniva.es\/it\/#organization"},"potentialAction":[{"@type":"SearchAction","target":{"@type":"EntryPoint","urlTemplate":"https:\/\/15131.p.syniva.es\/it\/?s={search_term_string}"},"query-input":{"@type":"PropertyValueSpecification","valueRequired":true,"valueName":"search_term_string"}}],"inLanguage":"it-IT"},{"@type":"Organization","@id":"https:\/\/15131.p.syniva.es\/it\/#organization","name":"Revolution Padel Store","url":"https:\/\/15131.p.syniva.es\/it\/","logo":{"@type":"ImageObject","inLanguage":"it-IT","@id":"https:\/\/15131.p.syniva.es\/it\/#\/schema\/logo\/image\/","url":"https:\/\/15131.p.syniva.es\/wp-content\/uploads\/2026\/02\/revolution-padel-store.jpg","contentUrl":"https:\/\/15131.p.syniva.es\/wp-content\/uploads\/2026\/02\/revolution-padel-store.jpg","width":2000,"height":2000,"caption":"Revolution Padel Store"},"image":{"@id":"https:\/\/15131.p.syniva.es\/it\/#\/schema\/logo\/image\/"},"sameAs":["https:\/\/www.instagram.com\/revolutionpadelstore\/"]}]}},"_links":{"self":[{"href":"https:\/\/15131.p.syniva.es\/it\/wp-json\/wp\/v2\/product\/19774","targetHints":{"allow":["GET"]}}],"collection":[{"href":"https:\/\/15131.p.syniva.es\/it\/wp-json\/wp\/v2\/product"}],"about":[{"href":"https:\/\/15131.p.syniva.es\/it\/wp-json\/wp\/v2\/types\/product"}],"replies":[{"embeddable":true,"href":"https:\/\/15131.p.syniva.es\/it\/wp-json\/wp\/v2\/comments?post=19774"}],"wp:featuredmedia":[{"embeddable":true,"href":"https:\/\/15131.p.syniva.es\/it\/wp-json\/wp\/v2\/media\/161835"}],"wp:attachment":[{"href":"https:\/\/15131.p.syniva.es\/it\/wp-json\/wp\/v2\/media?parent=19774"}],"wp:term":[{"taxonomy":"acabado","embeddable":true,"href":"https:\/\/15131.p.syniva.es\/it\/wp-json\/wp\/v2\/acabado?post=19774"},{"taxonomy":"balance","embeddable":true,"href":"https:\/\/15131.p.syniva.es\/it\/wp-json\/wp\/v2\/balance?post=19774"},{"taxonomy":"dureza","embeddable":true,"href":"https:\/\/15131.p.syniva.es\/it\/wp-json\/wp\/v2\/dureza?post=19774"},{"taxonomy":"forma","embeddable":true,"href":"https:\/\/15131.p.syniva.es\/it\/wp-json\/wp\/v2\/forma?post=19774"},{"taxonomy":"jugador","embeddable":true,"href":"https:\/\/15131.p.syniva.es\/it\/wp-json\/wp\/v2\/jugador?post=19774"},{"taxonomy":"marca","embeddable":true,"href":"https:\/\/15131.p.syniva.es\/it\/wp-json\/wp\/v2\/marca?post=19774"},{"taxonomy":"nivel-de-juego","embeddable":true,"href":"https:\/\/15131.p.syniva.es\/it\/wp-json\/wp\/v2\/nivel-de-juego?post=19774"},{"taxonomy":"superficie","embeddable":true,"href":"https:\/\/15131.p.syniva.es\/it\/wp-json\/wp\/v2\/superficie?post=19774"},{"taxonomy":"tipo-de-juego","embeddable":true,"href":"https:\/\/15131.p.syniva.es\/it\/wp-json\/wp\/v2\/tipo-de-juego?post=19774"},{"taxonomy":"product_brand","embeddable":true,"href":"https:\/\/15131.p.syniva.es\/it\/wp-json\/wp\/v2\/product_brand?post=19774"},{"taxonomy":"product_cat","embeddable":true,"href":"https:\/\/15131.p.syniva.es\/it\/wp-json\/wp\/v2\/product_cat?post=19774"},{"taxonomy":"product_tag","embeddable":true,"href":"https:\/\/15131.p.syniva.es\/it\/wp-json\/wp\/v2\/product_tag?post=19774"}],"curies":[{"name":"wp","href":"https:\/\/api.w.org\/{rel}","templated":true}]}}