{"id":20244,"date":"2024-03-21T15:30:57","date_gmt":"2024-03-21T14:30:57","guid":{"rendered":"https:\/\/15131.p.syniva.es\/wilson-bela-pro-v2\/"},"modified":"2026-04-08T14:50:06","modified_gmt":"2026-04-08T12:50:06","slug":"wilson-bela-pro-v2","status":"publish","type":"product","link":"https:\/\/15131.p.syniva.es\/it\/prodotto\/wilson-bela-pro-v2\/","title":{"rendered":"WILSON BELA PRO V2"},"content":{"rendered":"<h2>Wilson Bela Pro V2, racchetta ufficiale del giocatore professionista Fernando Belastegu\u00edn<\/h2>\n<p><strong>Wilson Bela Pro V2 <\/strong>\u00e8 la racchetta ufficiale di <strong>Fernando Belastegu\u00edn<\/strong>, un giocatore professionista di padel classificato al 5\u00b0 posto nel circuito World Padel Tour&#8230;<\/p>\n<p>Questa racchetta da padel \u00e8 ideale per un gioco versatile di attacco e difesa. Questa racchetta ha un corpo a forma di diamante con un equilibrio elevato per eseguire colpi offensivi. Con uno sweet spot pi\u00f9 ampio, progettato su richiesta di Fernando Belasteguin, per fornire colpi potenti. \u00c8 realizzato con un nucleo in gomma EVA rigida per aumentare la potenza dei colpi. Il profilo della lama \u00e8 di 38 mm ed il suo peso si aggira intorno ai 370 grammi.<\/p>\n<h2>Pagaia ferma per colpire con potenza<\/h2>\n<p>Il telaio \u00e8 realizzato con carbonio premium combinato con facce in fibra di carbonio 3K. Le facce con questo carbonio hanno un tocco leggermente morbido per compensare il nucleo pi\u00f9 duro con la schiuma EVA Firm.<\/p>\n<p>\u00c8 una racchetta resistente e solida con cui giocare colpi potenti. Il telaio \u00e8 solido e durevole. Le facce pi\u00f9 morbide consentono di ammortizzare leggermente gli urti per controllare meglio la potenza. La fermezza del nucleo ti consente di colpire con energia per attaccare con potenza. Colpi netti e decisi grazie alla gomma EVA rigida<\/p>\n<h3>Racchetta Wilson con superficie testurizzata per una presa e effetti migliori<\/h3>\n<p>Con tecnologia <em>SpinEffect<\/em>, <strong>superficie ruvida<\/strong> per migliorare gli effetti di rotazione grazie ad una migliore presa sulla palla. E la tecnologia <em>Sharp Hole<\/em>, migliore presa ad ogni colpo grazie alla perforazione delle matrici<\/p>\n<p>La pagaia ha un cinturino rimovibile e personalizzabile. Questa racchetta ha un design sorprendente e ineguagliabile con il corpo completamente rosso e l&#8217;impugnatura nera. Cosa stai aspettando per avere la tua nuova pala Wilson?<\/p>\n<h2>Wilson Bela Pro V2, pala oficial del jugador profesional Fernando Belastegu\u00edn<\/h2>\n","protected":false},"excerpt":{"rendered":"<p>Wilson Bela Pro V2, goditi una racchetta a forma di diamante con un nucleo rigido in gomma EVA. Realizzato con carbonio premium e carbonio 3K per una maggiore resistenza.<\/p>\n","protected":false},"featured_media":51891,"comment_status":"open","ping_status":"closed","template":"","meta":{"_acf_changed":false,"_joinchat":[]},"acabado":[1086],"balance":[1141],"dureza":[1156],"forma":[1181],"jugador":[1201,1191],"marca":[1266],"nivel-de-juego":[1336],"superficie":[1361],"tipo-de-juego":[1386],"product_brand":[],"product_cat":[301],"product_tag":[],"class_list":{"0":"post-20244","1":"product","2":"type-product","3":"status-publish","4":"has-post-thumbnail","6":"acabado-amico","7":"balance-medio-it","8":"dureza-media-it","9":"forma-rotondo","10":"jugador-multiuso","11":"jugador-uomo","12":"marca-wilson-it","13":"superficie-rugosa-it","14":"tipo-de-juego-multiuso","15":"product_cat-palas-de-padel-it","17":"first","18":"instock","19":"sale","20":"taxable","21":"shipping-taxable","22":"purchasable","23":"product-type-simple"},"acf":[],"yoast_head":"<!-- This site is optimized with the Yoast SEO plugin v27.4 - https:\/\/yoast.com\/product\/yoast-seo-wordpress\/ -->\n<title>WILSON BELA PRO V2 - Revolution Padel Store<\/title>\n<meta name=\"description\" content=\"Wilson Bela Pro V2, disfruta de una pala de forma diamante con n\u00facleo de goma EVA r\u00edgida. Fabricada con carbono premium y carbono 3K para mayor resistencia.\" \/>\n<meta name=\"robots\" content=\"index, follow, max-snippet:-1, max-image-preview:large, max-video-preview:-1\" \/>\n<link rel=\"canonical\" href=\"https:\/\/15131.p.syniva.es\/it\/prodotto\/wilson-bela-pro-v2\/\" \/>\n<meta property=\"og:locale\" content=\"it_IT\" \/>\n<meta property=\"og:type\" content=\"article\" \/>\n<meta property=\"og:title\" content=\"WILSON BELA PRO V2 - Revolution Padel Store\" \/>\n<meta property=\"og:description\" content=\"Wilson Bela Pro V2, disfruta de una pala de forma diamante con n\u00facleo de goma EVA r\u00edgida. Fabricada con carbono premium y carbono 3K para mayor resistencia.\" \/>\n<meta property=\"og:url\" content=\"https:\/\/15131.p.syniva.es\/it\/prodotto\/wilson-bela-pro-v2\/\" \/>\n<meta property=\"og:site_name\" content=\"Revolution Padel Store\" \/>\n<meta property=\"article:modified_time\" content=\"2026-04-08T12:50:06+00:00\" \/>\n<meta property=\"og:image\" content=\"https:\/\/15131.p.syniva.es\/wp-content\/uploads\/2024\/03\/WILSON_BELA_PRO_V2_WR133711F21000_1000_adcc.webp\" \/>\n\t<meta property=\"og:image:width\" content=\"1000\" \/>\n\t<meta property=\"og:image:height\" content=\"1000\" \/>\n\t<meta property=\"og:image:type\" content=\"image\/webp\" \/>\n<meta name=\"twitter:card\" content=\"summary_large_image\" \/>\n<meta name=\"twitter:label1\" content=\"Tempo di lettura stimato\" \/>\n\t<meta name=\"twitter:data1\" content=\"2 minuti\" \/>\n<script type=\"application\/ld+json\" class=\"yoast-schema-graph\">{\"@context\":\"https:\\\/\\\/schema.org\",\"@graph\":[{\"@type\":\"WebPage\",\"@id\":\"https:\\\/\\\/15131.p.syniva.es\\\/it\\\/prodotto\\\/wilson-bela-pro-v2\\\/\",\"url\":\"https:\\\/\\\/15131.p.syniva.es\\\/it\\\/prodotto\\\/wilson-bela-pro-v2\\\/\",\"name\":\"WILSON BELA PRO V2 - Revolution Padel Store\",\"isPartOf\":{\"@id\":\"https:\\\/\\\/15131.p.syniva.es\\\/it\\\/#website\"},\"primaryImageOfPage\":{\"@id\":\"https:\\\/\\\/15131.p.syniva.es\\\/it\\\/prodotto\\\/wilson-bela-pro-v2\\\/#primaryimage\"},\"image\":{\"@id\":\"https:\\\/\\\/15131.p.syniva.es\\\/it\\\/prodotto\\\/wilson-bela-pro-v2\\\/#primaryimage\"},\"thumbnailUrl\":\"https:\\\/\\\/15131.p.syniva.es\\\/wp-content\\\/uploads\\\/2024\\\/03\\\/WILSON_BELA_PRO_V2_WR133711F21000_1000_adcc.webp\",\"datePublished\":\"2024-03-21T14:30:57+00:00\",\"dateModified\":\"2026-04-08T12:50:06+00:00\",\"description\":\"Wilson Bela Pro V2, disfruta de una pala de forma diamante con n\u00facleo de goma EVA r\u00edgida. Fabricada con carbono premium y carbono 3K para mayor resistencia.\",\"breadcrumb\":{\"@id\":\"https:\\\/\\\/15131.p.syniva.es\\\/it\\\/prodotto\\\/wilson-bela-pro-v2\\\/#breadcrumb\"},\"inLanguage\":\"it-IT\",\"potentialAction\":[{\"@type\":\"ReadAction\",\"target\":[\"https:\\\/\\\/15131.p.syniva.es\\\/it\\\/prodotto\\\/wilson-bela-pro-v2\\\/\"]}]},{\"@type\":\"ImageObject\",\"inLanguage\":\"it-IT\",\"@id\":\"https:\\\/\\\/15131.p.syniva.es\\\/it\\\/prodotto\\\/wilson-bela-pro-v2\\\/#primaryimage\",\"url\":\"https:\\\/\\\/15131.p.syniva.es\\\/wp-content\\\/uploads\\\/2024\\\/03\\\/WILSON_BELA_PRO_V2_WR133711F21000_1000_adcc.webp\",\"contentUrl\":\"https:\\\/\\\/15131.p.syniva.es\\\/wp-content\\\/uploads\\\/2024\\\/03\\\/WILSON_BELA_PRO_V2_WR133711F21000_1000_adcc.webp\",\"width\":1000,\"height\":1000},{\"@type\":\"BreadcrumbList\",\"@id\":\"https:\\\/\\\/15131.p.syniva.es\\\/it\\\/prodotto\\\/wilson-bela-pro-v2\\\/#breadcrumb\",\"itemListElement\":[{\"@type\":\"ListItem\",\"position\":1,\"name\":\"Portada\",\"item\":\"https:\\\/\\\/15131.p.syniva.es\\\/it\\\/\"},{\"@type\":\"ListItem\",\"position\":2,\"name\":\"Tienda\",\"item\":\"https:\\\/\\\/15131.p.syniva.es\\\/it\\\/tienda\\\/\"},{\"@type\":\"ListItem\",\"position\":3,\"name\":\"WILSON BELA PRO V2\"}]},{\"@type\":\"WebSite\",\"@id\":\"https:\\\/\\\/15131.p.syniva.es\\\/it\\\/#website\",\"url\":\"https:\\\/\\\/15131.p.syniva.es\\\/it\\\/\",\"name\":\"Revolution Padel Store\",\"description\":\"\",\"publisher\":{\"@id\":\"https:\\\/\\\/15131.p.syniva.es\\\/it\\\/#organization\"},\"potentialAction\":[{\"@type\":\"SearchAction\",\"target\":{\"@type\":\"EntryPoint\",\"urlTemplate\":\"https:\\\/\\\/15131.p.syniva.es\\\/it\\\/?s={search_term_string}\"},\"query-input\":{\"@type\":\"PropertyValueSpecification\",\"valueRequired\":true,\"valueName\":\"search_term_string\"}}],\"inLanguage\":\"it-IT\"},{\"@type\":\"Organization\",\"@id\":\"https:\\\/\\\/15131.p.syniva.es\\\/it\\\/#organization\",\"name\":\"Revolution Padel Store\",\"url\":\"https:\\\/\\\/15131.p.syniva.es\\\/it\\\/\",\"logo\":{\"@type\":\"ImageObject\",\"inLanguage\":\"it-IT\",\"@id\":\"https:\\\/\\\/15131.p.syniva.es\\\/it\\\/#\\\/schema\\\/logo\\\/image\\\/\",\"url\":\"https:\\\/\\\/15131.p.syniva.es\\\/wp-content\\\/uploads\\\/2026\\\/02\\\/revolution-padel-store.jpg\",\"contentUrl\":\"https:\\\/\\\/15131.p.syniva.es\\\/wp-content\\\/uploads\\\/2026\\\/02\\\/revolution-padel-store.jpg\",\"width\":2000,\"height\":2000,\"caption\":\"Revolution Padel Store\"},\"image\":{\"@id\":\"https:\\\/\\\/15131.p.syniva.es\\\/it\\\/#\\\/schema\\\/logo\\\/image\\\/\"},\"sameAs\":[\"https:\\\/\\\/www.instagram.com\\\/revolutionpadelstore\\\/\"]}]}<\/script>\n<!-- \/ Yoast SEO plugin. -->","yoast_head_json":{"title":"WILSON BELA PRO V2 - Revolution Padel Store","description":"Wilson Bela Pro V2, disfruta de una pala de forma diamante con n\u00facleo de goma EVA r\u00edgida. Fabricada con carbono premium y carbono 3K para mayor resistencia.","robots":{"index":"index","follow":"follow","max-snippet":"max-snippet:-1","max-image-preview":"max-image-preview:large","max-video-preview":"max-video-preview:-1"},"canonical":"https:\/\/15131.p.syniva.es\/it\/prodotto\/wilson-bela-pro-v2\/","og_locale":"it_IT","og_type":"article","og_title":"WILSON BELA PRO V2 - Revolution Padel Store","og_description":"Wilson Bela Pro V2, disfruta de una pala de forma diamante con n\u00facleo de goma EVA r\u00edgida. Fabricada con carbono premium y carbono 3K para mayor resistencia.","og_url":"https:\/\/15131.p.syniva.es\/it\/prodotto\/wilson-bela-pro-v2\/","og_site_name":"Revolution Padel Store","article_modified_time":"2026-04-08T12:50:06+00:00","og_image":[{"width":1000,"height":1000,"url":"https:\/\/15131.p.syniva.es\/wp-content\/uploads\/2024\/03\/WILSON_BELA_PRO_V2_WR133711F21000_1000_adcc.webp","type":"image\/webp"}],"twitter_card":"summary_large_image","twitter_misc":{"Tempo di lettura stimato":"2 minuti"},"schema":{"@context":"https:\/\/schema.org","@graph":[{"@type":"WebPage","@id":"https:\/\/15131.p.syniva.es\/it\/prodotto\/wilson-bela-pro-v2\/","url":"https:\/\/15131.p.syniva.es\/it\/prodotto\/wilson-bela-pro-v2\/","name":"WILSON BELA PRO V2 - Revolution Padel Store","isPartOf":{"@id":"https:\/\/15131.p.syniva.es\/it\/#website"},"primaryImageOfPage":{"@id":"https:\/\/15131.p.syniva.es\/it\/prodotto\/wilson-bela-pro-v2\/#primaryimage"},"image":{"@id":"https:\/\/15131.p.syniva.es\/it\/prodotto\/wilson-bela-pro-v2\/#primaryimage"},"thumbnailUrl":"https:\/\/15131.p.syniva.es\/wp-content\/uploads\/2024\/03\/WILSON_BELA_PRO_V2_WR133711F21000_1000_adcc.webp","datePublished":"2024-03-21T14:30:57+00:00","dateModified":"2026-04-08T12:50:06+00:00","description":"Wilson Bela Pro V2, disfruta de una pala de forma diamante con n\u00facleo de goma EVA r\u00edgida. Fabricada con carbono premium y carbono 3K para mayor resistencia.","breadcrumb":{"@id":"https:\/\/15131.p.syniva.es\/it\/prodotto\/wilson-bela-pro-v2\/#breadcrumb"},"inLanguage":"it-IT","potentialAction":[{"@type":"ReadAction","target":["https:\/\/15131.p.syniva.es\/it\/prodotto\/wilson-bela-pro-v2\/"]}]},{"@type":"ImageObject","inLanguage":"it-IT","@id":"https:\/\/15131.p.syniva.es\/it\/prodotto\/wilson-bela-pro-v2\/#primaryimage","url":"https:\/\/15131.p.syniva.es\/wp-content\/uploads\/2024\/03\/WILSON_BELA_PRO_V2_WR133711F21000_1000_adcc.webp","contentUrl":"https:\/\/15131.p.syniva.es\/wp-content\/uploads\/2024\/03\/WILSON_BELA_PRO_V2_WR133711F21000_1000_adcc.webp","width":1000,"height":1000},{"@type":"BreadcrumbList","@id":"https:\/\/15131.p.syniva.es\/it\/prodotto\/wilson-bela-pro-v2\/#breadcrumb","itemListElement":[{"@type":"ListItem","position":1,"name":"Portada","item":"https:\/\/15131.p.syniva.es\/it\/"},{"@type":"ListItem","position":2,"name":"Tienda","item":"https:\/\/15131.p.syniva.es\/it\/tienda\/"},{"@type":"ListItem","position":3,"name":"WILSON BELA PRO V2"}]},{"@type":"WebSite","@id":"https:\/\/15131.p.syniva.es\/it\/#website","url":"https:\/\/15131.p.syniva.es\/it\/","name":"Revolution Padel Store","description":"","publisher":{"@id":"https:\/\/15131.p.syniva.es\/it\/#organization"},"potentialAction":[{"@type":"SearchAction","target":{"@type":"EntryPoint","urlTemplate":"https:\/\/15131.p.syniva.es\/it\/?s={search_term_string}"},"query-input":{"@type":"PropertyValueSpecification","valueRequired":true,"valueName":"search_term_string"}}],"inLanguage":"it-IT"},{"@type":"Organization","@id":"https:\/\/15131.p.syniva.es\/it\/#organization","name":"Revolution Padel Store","url":"https:\/\/15131.p.syniva.es\/it\/","logo":{"@type":"ImageObject","inLanguage":"it-IT","@id":"https:\/\/15131.p.syniva.es\/it\/#\/schema\/logo\/image\/","url":"https:\/\/15131.p.syniva.es\/wp-content\/uploads\/2026\/02\/revolution-padel-store.jpg","contentUrl":"https:\/\/15131.p.syniva.es\/wp-content\/uploads\/2026\/02\/revolution-padel-store.jpg","width":2000,"height":2000,"caption":"Revolution Padel Store"},"image":{"@id":"https:\/\/15131.p.syniva.es\/it\/#\/schema\/logo\/image\/"},"sameAs":["https:\/\/www.instagram.com\/revolutionpadelstore\/"]}]}},"_links":{"self":[{"href":"https:\/\/15131.p.syniva.es\/it\/wp-json\/wp\/v2\/product\/20244","targetHints":{"allow":["GET"]}}],"collection":[{"href":"https:\/\/15131.p.syniva.es\/it\/wp-json\/wp\/v2\/product"}],"about":[{"href":"https:\/\/15131.p.syniva.es\/it\/wp-json\/wp\/v2\/types\/product"}],"replies":[{"embeddable":true,"href":"https:\/\/15131.p.syniva.es\/it\/wp-json\/wp\/v2\/comments?post=20244"}],"wp:featuredmedia":[{"embeddable":true,"href":"https:\/\/15131.p.syniva.es\/it\/wp-json\/wp\/v2\/media\/51891"}],"wp:attachment":[{"href":"https:\/\/15131.p.syniva.es\/it\/wp-json\/wp\/v2\/media?parent=20244"}],"wp:term":[{"taxonomy":"acabado","embeddable":true,"href":"https:\/\/15131.p.syniva.es\/it\/wp-json\/wp\/v2\/acabado?post=20244"},{"taxonomy":"balance","embeddable":true,"href":"https:\/\/15131.p.syniva.es\/it\/wp-json\/wp\/v2\/balance?post=20244"},{"taxonomy":"dureza","embeddable":true,"href":"https:\/\/15131.p.syniva.es\/it\/wp-json\/wp\/v2\/dureza?post=20244"},{"taxonomy":"forma","embeddable":true,"href":"https:\/\/15131.p.syniva.es\/it\/wp-json\/wp\/v2\/forma?post=20244"},{"taxonomy":"jugador","embeddable":true,"href":"https:\/\/15131.p.syniva.es\/it\/wp-json\/wp\/v2\/jugador?post=20244"},{"taxonomy":"marca","embeddable":true,"href":"https:\/\/15131.p.syniva.es\/it\/wp-json\/wp\/v2\/marca?post=20244"},{"taxonomy":"nivel-de-juego","embeddable":true,"href":"https:\/\/15131.p.syniva.es\/it\/wp-json\/wp\/v2\/nivel-de-juego?post=20244"},{"taxonomy":"superficie","embeddable":true,"href":"https:\/\/15131.p.syniva.es\/it\/wp-json\/wp\/v2\/superficie?post=20244"},{"taxonomy":"tipo-de-juego","embeddable":true,"href":"https:\/\/15131.p.syniva.es\/it\/wp-json\/wp\/v2\/tipo-de-juego?post=20244"},{"taxonomy":"product_brand","embeddable":true,"href":"https:\/\/15131.p.syniva.es\/it\/wp-json\/wp\/v2\/product_brand?post=20244"},{"taxonomy":"product_cat","embeddable":true,"href":"https:\/\/15131.p.syniva.es\/it\/wp-json\/wp\/v2\/product_cat?post=20244"},{"taxonomy":"product_tag","embeddable":true,"href":"https:\/\/15131.p.syniva.es\/it\/wp-json\/wp\/v2\/product_tag?post=20244"}],"curies":[{"name":"wp","href":"https:\/\/api.w.org\/{rel}","templated":true}]}}