{"id":20349,"date":"2024-03-19T19:52:33","date_gmt":"2024-03-19T18:52:33","guid":{"rendered":"https:\/\/15131.p.syniva.es\/head-speed-pro-2023\/"},"modified":"2026-04-08T14:59:24","modified_gmt":"2026-04-08T12:59:24","slug":"head-speed-pro-2023-4","status":"publish","type":"product","link":"https:\/\/15131.p.syniva.es\/it\/prodotto\/head-speed-pro-2023-4\/","title":{"rendered":"HEAD SPEED PRO 2023"},"content":{"rendered":"<h2>Head Speed \u200b\u200bPro, le migliori prestazioni con un design inconfondibile<\/h2>\n<p>La nuova racchetta <strong>HEAD SPEED PRO 2023<\/strong> ha un design moderno con finitura lucida, con dettagli rame e neri su una colorazione di base grigio scuro. Questa colorimetria conferisce alla racchetta una sobriet\u00e0 ed eleganza senza pari che trasformeranno il tuo gioco in qualcosa che vale la pena vedere.<\/p>\n<p>Il modello 2023 \u00e8 una versione aggiornata e migliorata del suo predecessore dello scorso anno. \u00c8 stato progettato per giocatori di livello avanzato che, su qualsiasi tipo di superficie, potranno attaccare a una velocit\u00e0 maggiore rispetto ai loro avversari e trarne vantaggio per tutta la partita fino a ottenere finalmente la vittoria. Combina perfettamente <strong>controllo e potenza<\/strong>.<\/p>\n<p>Ha una forma a diamante, con bilanciamento elevato e uno sweet spot ridotto e spostato verso la zona della testa, quindi il punto forte di questa racchetta \u00e8 la potenza. Sar\u00e0 il tuo alleato perfetto nelle tue strategie offensive. <\/strong><\/p>\n<h2>Una racchetta padel tutta tecnologia all&#8217;avanguardia<\/h2>\n<p>\u00c8 una racchetta pi\u00f9 leggera di 5 grammi rispetto alla versione 2022, che dispone di una zona di battuta ibrida realizzata con <strong>fibra di vetro e carbonio<\/strong>. Anche la sensazione \u00e8 stata migliorata grazie all&#8217;incorporazione di un nuovo tallone morbido sul manico della racchetta.<\/p>\n<p>Dispone inoltre di una gomma in polietilene incorporata, la gomma Power Foam, che faciliter\u00e0 un colpo potente e veloce, e la stessa uscita della palla sar\u00e0 ottenuta esercitando meno forza.<\/p>\n<p>D&#8217;altra parte, SPEED PRO 2023 include le tecnologie <em><strong>Graphene Inside<\/strong><\/em>, che forniscono <strong>maggiore stabilit\u00e0<\/strong> rafforzando il telaio e il Tailored Frame, dove ciascuno la sezione del tubo della lama \u00e8 stata costruita individualmente per le massime prestazioni.<\/p>\n<p>Questa racchetta <strong>HEAD<\/strong> \u00e8 riuscita a guadagnare versatilit\u00e0 grazie alla tecnologia <strong>Auxetic<\/strong>, che ha migliorato notevolmente la sensazione dell&#8217;impatto e pu\u00f2 offrire pi\u00f9 potenza ad ogni colpo.<\/p>\n<p>Da parte sua, lo Smart Bridge si adatta nella zona del bridge alle esigenze di ogni tipo di gioco. \u00c8 necessario menzionare anche le tecnologie <em><strong>Soft Butt Cap<\/strong><\/em> e <strong><em>Optimized Sweet Spot.<\/em><\/strong><\/p>\n","protected":false},"excerpt":{"rendered":"<p>Progettata per i giocatori di livello avanzato, la nuova HEAD SPEED PRO 2023 arriva a P\u0101del Nuestro. \u00c8 una racchetta versatile con la quale guadagnerai velocit\u00e0 in campo.<\/p>\n","protected":false},"featured_media":52275,"comment_status":"open","ping_status":"closed","template":"","meta":{"_acf_changed":false,"_joinchat":[]},"acabado":[1081],"balance":[1136],"dureza":[1156],"forma":[1186],"jugador":[1201,1191],"marca":[1221],"nivel-de-juego":[1336],"superficie":[1356],"tipo-de-juego":[1376],"product_brand":[],"product_cat":[301],"product_tag":[],"class_list":{"0":"post-20349","1":"product","2":"type-product","3":"status-publish","4":"has-post-thumbnail","6":"acabado-luminosita","7":"balance-alto-it","8":"dureza-media-it","9":"forma-lagrima-it","10":"jugador-multiuso","11":"jugador-uomo","12":"marca-testa","13":"superficie-lisa-it","14":"tipo-de-juego-potenza","15":"product_cat-palas-de-padel-it","17":"first","18":"instock","19":"sale","20":"taxable","21":"shipping-taxable","22":"purchasable","23":"product-type-simple"},"acf":[],"yoast_head":"<!-- This site is optimized with the Yoast SEO plugin v27.4 - https:\/\/yoast.com\/product\/yoast-seo-wordpress\/ -->\n<title>HEAD SPEED PRO 2023 - Revolution Padel Store<\/title>\n<meta name=\"description\" content=\"Dise\u00f1ada para jugadores de nivel avanzado, aterriza en P\u0101del Nuestro la nueva HEAD SPEED PRO 2023. Es una pala polivalente con la que ganar\u00e1s velocidad en la pista.\" \/>\n<meta name=\"robots\" content=\"index, follow, max-snippet:-1, max-image-preview:large, max-video-preview:-1\" \/>\n<link rel=\"canonical\" href=\"https:\/\/15131.p.syniva.es\/it\/prodotto\/head-speed-pro-2023-4\/\" \/>\n<meta property=\"og:locale\" content=\"it_IT\" \/>\n<meta property=\"og:type\" content=\"article\" \/>\n<meta property=\"og:title\" content=\"HEAD SPEED PRO 2023 - Revolution Padel Store\" \/>\n<meta property=\"og:description\" content=\"Dise\u00f1ada para jugadores de nivel avanzado, aterriza en P\u0101del Nuestro la nueva HEAD SPEED PRO 2023. Es una pala polivalente con la que ganar\u00e1s velocidad en la pista.\" \/>\n<meta property=\"og:url\" content=\"https:\/\/15131.p.syniva.es\/it\/prodotto\/head-speed-pro-2023-4\/\" \/>\n<meta property=\"og:site_name\" content=\"Revolution Padel Store\" \/>\n<meta property=\"article:modified_time\" content=\"2026-04-08T12:59:24+00:00\" \/>\n<meta property=\"og:image\" content=\"https:\/\/15131.p.syniva.es\/wp-content\/uploads\/2024\/03\/32509_head_speed_pro_2023_221013_1500x1500_vista1_3db9.webp\" \/>\n\t<meta property=\"og:image:width\" content=\"1500\" \/>\n\t<meta property=\"og:image:height\" content=\"1500\" \/>\n\t<meta property=\"og:image:type\" content=\"image\/webp\" \/>\n<meta name=\"twitter:card\" content=\"summary_large_image\" \/>\n<meta name=\"twitter:label1\" content=\"Tempo di lettura stimato\" \/>\n\t<meta name=\"twitter:data1\" content=\"2 minuti\" \/>\n<script type=\"application\/ld+json\" class=\"yoast-schema-graph\">{\"@context\":\"https:\\\/\\\/schema.org\",\"@graph\":[{\"@type\":\"WebPage\",\"@id\":\"https:\\\/\\\/15131.p.syniva.es\\\/it\\\/prodotto\\\/head-speed-pro-2023-4\\\/\",\"url\":\"https:\\\/\\\/15131.p.syniva.es\\\/it\\\/prodotto\\\/head-speed-pro-2023-4\\\/\",\"name\":\"HEAD SPEED PRO 2023 - Revolution Padel Store\",\"isPartOf\":{\"@id\":\"https:\\\/\\\/15131.p.syniva.es\\\/it\\\/#website\"},\"primaryImageOfPage\":{\"@id\":\"https:\\\/\\\/15131.p.syniva.es\\\/it\\\/prodotto\\\/head-speed-pro-2023-4\\\/#primaryimage\"},\"image\":{\"@id\":\"https:\\\/\\\/15131.p.syniva.es\\\/it\\\/prodotto\\\/head-speed-pro-2023-4\\\/#primaryimage\"},\"thumbnailUrl\":\"https:\\\/\\\/15131.p.syniva.es\\\/wp-content\\\/uploads\\\/2024\\\/03\\\/32509_head_speed_pro_2023_221013_1500x1500_vista1_3db9.webp\",\"datePublished\":\"2024-03-19T18:52:33+00:00\",\"dateModified\":\"2026-04-08T12:59:24+00:00\",\"description\":\"Dise\u00f1ada para jugadores de nivel avanzado, aterriza en P\u0101del Nuestro la nueva HEAD SPEED PRO 2023. Es una pala polivalente con la que ganar\u00e1s velocidad en la pista.\",\"breadcrumb\":{\"@id\":\"https:\\\/\\\/15131.p.syniva.es\\\/it\\\/prodotto\\\/head-speed-pro-2023-4\\\/#breadcrumb\"},\"inLanguage\":\"it-IT\",\"potentialAction\":[{\"@type\":\"ReadAction\",\"target\":[\"https:\\\/\\\/15131.p.syniva.es\\\/it\\\/prodotto\\\/head-speed-pro-2023-4\\\/\"]}]},{\"@type\":\"ImageObject\",\"inLanguage\":\"it-IT\",\"@id\":\"https:\\\/\\\/15131.p.syniva.es\\\/it\\\/prodotto\\\/head-speed-pro-2023-4\\\/#primaryimage\",\"url\":\"https:\\\/\\\/15131.p.syniva.es\\\/wp-content\\\/uploads\\\/2024\\\/03\\\/32509_head_speed_pro_2023_221013_1500x1500_vista1_3db9.webp\",\"contentUrl\":\"https:\\\/\\\/15131.p.syniva.es\\\/wp-content\\\/uploads\\\/2024\\\/03\\\/32509_head_speed_pro_2023_221013_1500x1500_vista1_3db9.webp\",\"width\":1500,\"height\":1500},{\"@type\":\"BreadcrumbList\",\"@id\":\"https:\\\/\\\/15131.p.syniva.es\\\/it\\\/prodotto\\\/head-speed-pro-2023-4\\\/#breadcrumb\",\"itemListElement\":[{\"@type\":\"ListItem\",\"position\":1,\"name\":\"Portada\",\"item\":\"https:\\\/\\\/15131.p.syniva.es\\\/it\\\/\"},{\"@type\":\"ListItem\",\"position\":2,\"name\":\"Tienda\",\"item\":\"https:\\\/\\\/15131.p.syniva.es\\\/it\\\/tienda\\\/\"},{\"@type\":\"ListItem\",\"position\":3,\"name\":\"HEAD SPEED PRO 2023\"}]},{\"@type\":\"WebSite\",\"@id\":\"https:\\\/\\\/15131.p.syniva.es\\\/it\\\/#website\",\"url\":\"https:\\\/\\\/15131.p.syniva.es\\\/it\\\/\",\"name\":\"Revolution Padel Store\",\"description\":\"\",\"publisher\":{\"@id\":\"https:\\\/\\\/15131.p.syniva.es\\\/it\\\/#organization\"},\"potentialAction\":[{\"@type\":\"SearchAction\",\"target\":{\"@type\":\"EntryPoint\",\"urlTemplate\":\"https:\\\/\\\/15131.p.syniva.es\\\/it\\\/?s={search_term_string}\"},\"query-input\":{\"@type\":\"PropertyValueSpecification\",\"valueRequired\":true,\"valueName\":\"search_term_string\"}}],\"inLanguage\":\"it-IT\"},{\"@type\":\"Organization\",\"@id\":\"https:\\\/\\\/15131.p.syniva.es\\\/it\\\/#organization\",\"name\":\"Revolution Padel Store\",\"url\":\"https:\\\/\\\/15131.p.syniva.es\\\/it\\\/\",\"logo\":{\"@type\":\"ImageObject\",\"inLanguage\":\"it-IT\",\"@id\":\"https:\\\/\\\/15131.p.syniva.es\\\/it\\\/#\\\/schema\\\/logo\\\/image\\\/\",\"url\":\"https:\\\/\\\/15131.p.syniva.es\\\/wp-content\\\/uploads\\\/2026\\\/02\\\/revolution-padel-store.jpg\",\"contentUrl\":\"https:\\\/\\\/15131.p.syniva.es\\\/wp-content\\\/uploads\\\/2026\\\/02\\\/revolution-padel-store.jpg\",\"width\":2000,\"height\":2000,\"caption\":\"Revolution Padel Store\"},\"image\":{\"@id\":\"https:\\\/\\\/15131.p.syniva.es\\\/it\\\/#\\\/schema\\\/logo\\\/image\\\/\"},\"sameAs\":[\"https:\\\/\\\/www.instagram.com\\\/revolutionpadelstore\\\/\"]}]}<\/script>\n<!-- \/ Yoast SEO plugin. -->","yoast_head_json":{"title":"HEAD SPEED PRO 2023 - Revolution Padel Store","description":"Dise\u00f1ada para jugadores de nivel avanzado, aterriza en P\u0101del Nuestro la nueva HEAD SPEED PRO 2023. Es una pala polivalente con la que ganar\u00e1s velocidad en la pista.","robots":{"index":"index","follow":"follow","max-snippet":"max-snippet:-1","max-image-preview":"max-image-preview:large","max-video-preview":"max-video-preview:-1"},"canonical":"https:\/\/15131.p.syniva.es\/it\/prodotto\/head-speed-pro-2023-4\/","og_locale":"it_IT","og_type":"article","og_title":"HEAD SPEED PRO 2023 - Revolution Padel Store","og_description":"Dise\u00f1ada para jugadores de nivel avanzado, aterriza en P\u0101del Nuestro la nueva HEAD SPEED PRO 2023. Es una pala polivalente con la que ganar\u00e1s velocidad en la pista.","og_url":"https:\/\/15131.p.syniva.es\/it\/prodotto\/head-speed-pro-2023-4\/","og_site_name":"Revolution Padel Store","article_modified_time":"2026-04-08T12:59:24+00:00","og_image":[{"width":1500,"height":1500,"url":"https:\/\/15131.p.syniva.es\/wp-content\/uploads\/2024\/03\/32509_head_speed_pro_2023_221013_1500x1500_vista1_3db9.webp","type":"image\/webp"}],"twitter_card":"summary_large_image","twitter_misc":{"Tempo di lettura stimato":"2 minuti"},"schema":{"@context":"https:\/\/schema.org","@graph":[{"@type":"WebPage","@id":"https:\/\/15131.p.syniva.es\/it\/prodotto\/head-speed-pro-2023-4\/","url":"https:\/\/15131.p.syniva.es\/it\/prodotto\/head-speed-pro-2023-4\/","name":"HEAD SPEED PRO 2023 - Revolution Padel Store","isPartOf":{"@id":"https:\/\/15131.p.syniva.es\/it\/#website"},"primaryImageOfPage":{"@id":"https:\/\/15131.p.syniva.es\/it\/prodotto\/head-speed-pro-2023-4\/#primaryimage"},"image":{"@id":"https:\/\/15131.p.syniva.es\/it\/prodotto\/head-speed-pro-2023-4\/#primaryimage"},"thumbnailUrl":"https:\/\/15131.p.syniva.es\/wp-content\/uploads\/2024\/03\/32509_head_speed_pro_2023_221013_1500x1500_vista1_3db9.webp","datePublished":"2024-03-19T18:52:33+00:00","dateModified":"2026-04-08T12:59:24+00:00","description":"Dise\u00f1ada para jugadores de nivel avanzado, aterriza en P\u0101del Nuestro la nueva HEAD SPEED PRO 2023. Es una pala polivalente con la que ganar\u00e1s velocidad en la pista.","breadcrumb":{"@id":"https:\/\/15131.p.syniva.es\/it\/prodotto\/head-speed-pro-2023-4\/#breadcrumb"},"inLanguage":"it-IT","potentialAction":[{"@type":"ReadAction","target":["https:\/\/15131.p.syniva.es\/it\/prodotto\/head-speed-pro-2023-4\/"]}]},{"@type":"ImageObject","inLanguage":"it-IT","@id":"https:\/\/15131.p.syniva.es\/it\/prodotto\/head-speed-pro-2023-4\/#primaryimage","url":"https:\/\/15131.p.syniva.es\/wp-content\/uploads\/2024\/03\/32509_head_speed_pro_2023_221013_1500x1500_vista1_3db9.webp","contentUrl":"https:\/\/15131.p.syniva.es\/wp-content\/uploads\/2024\/03\/32509_head_speed_pro_2023_221013_1500x1500_vista1_3db9.webp","width":1500,"height":1500},{"@type":"BreadcrumbList","@id":"https:\/\/15131.p.syniva.es\/it\/prodotto\/head-speed-pro-2023-4\/#breadcrumb","itemListElement":[{"@type":"ListItem","position":1,"name":"Portada","item":"https:\/\/15131.p.syniva.es\/it\/"},{"@type":"ListItem","position":2,"name":"Tienda","item":"https:\/\/15131.p.syniva.es\/it\/tienda\/"},{"@type":"ListItem","position":3,"name":"HEAD SPEED PRO 2023"}]},{"@type":"WebSite","@id":"https:\/\/15131.p.syniva.es\/it\/#website","url":"https:\/\/15131.p.syniva.es\/it\/","name":"Revolution Padel Store","description":"","publisher":{"@id":"https:\/\/15131.p.syniva.es\/it\/#organization"},"potentialAction":[{"@type":"SearchAction","target":{"@type":"EntryPoint","urlTemplate":"https:\/\/15131.p.syniva.es\/it\/?s={search_term_string}"},"query-input":{"@type":"PropertyValueSpecification","valueRequired":true,"valueName":"search_term_string"}}],"inLanguage":"it-IT"},{"@type":"Organization","@id":"https:\/\/15131.p.syniva.es\/it\/#organization","name":"Revolution Padel Store","url":"https:\/\/15131.p.syniva.es\/it\/","logo":{"@type":"ImageObject","inLanguage":"it-IT","@id":"https:\/\/15131.p.syniva.es\/it\/#\/schema\/logo\/image\/","url":"https:\/\/15131.p.syniva.es\/wp-content\/uploads\/2026\/02\/revolution-padel-store.jpg","contentUrl":"https:\/\/15131.p.syniva.es\/wp-content\/uploads\/2026\/02\/revolution-padel-store.jpg","width":2000,"height":2000,"caption":"Revolution Padel Store"},"image":{"@id":"https:\/\/15131.p.syniva.es\/it\/#\/schema\/logo\/image\/"},"sameAs":["https:\/\/www.instagram.com\/revolutionpadelstore\/"]}]}},"_links":{"self":[{"href":"https:\/\/15131.p.syniva.es\/it\/wp-json\/wp\/v2\/product\/20349","targetHints":{"allow":["GET"]}}],"collection":[{"href":"https:\/\/15131.p.syniva.es\/it\/wp-json\/wp\/v2\/product"}],"about":[{"href":"https:\/\/15131.p.syniva.es\/it\/wp-json\/wp\/v2\/types\/product"}],"replies":[{"embeddable":true,"href":"https:\/\/15131.p.syniva.es\/it\/wp-json\/wp\/v2\/comments?post=20349"}],"wp:featuredmedia":[{"embeddable":true,"href":"https:\/\/15131.p.syniva.es\/it\/wp-json\/wp\/v2\/media\/52275"}],"wp:attachment":[{"href":"https:\/\/15131.p.syniva.es\/it\/wp-json\/wp\/v2\/media?parent=20349"}],"wp:term":[{"taxonomy":"acabado","embeddable":true,"href":"https:\/\/15131.p.syniva.es\/it\/wp-json\/wp\/v2\/acabado?post=20349"},{"taxonomy":"balance","embeddable":true,"href":"https:\/\/15131.p.syniva.es\/it\/wp-json\/wp\/v2\/balance?post=20349"},{"taxonomy":"dureza","embeddable":true,"href":"https:\/\/15131.p.syniva.es\/it\/wp-json\/wp\/v2\/dureza?post=20349"},{"taxonomy":"forma","embeddable":true,"href":"https:\/\/15131.p.syniva.es\/it\/wp-json\/wp\/v2\/forma?post=20349"},{"taxonomy":"jugador","embeddable":true,"href":"https:\/\/15131.p.syniva.es\/it\/wp-json\/wp\/v2\/jugador?post=20349"},{"taxonomy":"marca","embeddable":true,"href":"https:\/\/15131.p.syniva.es\/it\/wp-json\/wp\/v2\/marca?post=20349"},{"taxonomy":"nivel-de-juego","embeddable":true,"href":"https:\/\/15131.p.syniva.es\/it\/wp-json\/wp\/v2\/nivel-de-juego?post=20349"},{"taxonomy":"superficie","embeddable":true,"href":"https:\/\/15131.p.syniva.es\/it\/wp-json\/wp\/v2\/superficie?post=20349"},{"taxonomy":"tipo-de-juego","embeddable":true,"href":"https:\/\/15131.p.syniva.es\/it\/wp-json\/wp\/v2\/tipo-de-juego?post=20349"},{"taxonomy":"product_brand","embeddable":true,"href":"https:\/\/15131.p.syniva.es\/it\/wp-json\/wp\/v2\/product_brand?post=20349"},{"taxonomy":"product_cat","embeddable":true,"href":"https:\/\/15131.p.syniva.es\/it\/wp-json\/wp\/v2\/product_cat?post=20349"},{"taxonomy":"product_tag","embeddable":true,"href":"https:\/\/15131.p.syniva.es\/it\/wp-json\/wp\/v2\/product_tag?post=20349"}],"curies":[{"name":"wp","href":"https:\/\/api.w.org\/{rel}","templated":true}]}}