{"id":216284,"date":"2025-03-10T08:13:33","date_gmt":"2025-03-10T07:13:33","guid":{"rendered":"https:\/\/15131.p.syniva.es\/siux-beat-control-2\/"},"modified":"2026-04-08T05:54:00","modified_gmt":"2026-04-08T03:54:00","slug":"siux-beat-control-2-4","status":"publish","type":"product","link":"https:\/\/15131.p.syniva.es\/it\/prodotto\/siux-beat-control-2-4\/","title":{"rendered":"SIUX BEAT CONTROL 2"},"content":{"rendered":"<h2> Siux Beat Control 2 2025 &#8211; Controllo totale per i giocatori iniziali <\/h2>\n<p><strong> Siux Beat Control 2 2025 <\/strong> \u00e8 la pala ideale per coloro che iniziano in questo sport eccitante e cercano di dominare la pista dal primo colpo. Grazie alla sua <strong> forma rotonda e a basso equilibrio <\/strong>, offre un controllo <strong> straordinario e stabilit\u00e0 <\/strong>, facilitando una giocabilit\u00e0 morbida e precisa dal primo momento.<\/p>\n<p>Progettata con materiali di alta qualit\u00e0 come <strong> vetro in fibra <\/strong> sui piani e sul telaio, questa pala fornisce una sensazione <strong> morbida al tatto <\/strong> e un <strong> efficiente produzione di sfere <\/strong>, perfetta per migliorare la tecnica senza rinunciare al comfort. Il suo nucleo di gomma EVA consente un eccellente assorbimento di impatto, riducendo le vibrazioni e prevenendo il disagio nel braccio.<\/p>\n<h2> Perch\u00e9 scegliere Siux Beat Control 2 2025?<br \/>\nIdeale per i principianti <strong> o l&#8217;apprendimento dei giocatori <\/strong>, questa pala offre un <strong> grande punto dolce <\/strong> e un design leggero che facilita l&#8217;esecuzione di ogni colpo con maggiore fiducia. Inoltre, il suo <strong> luminosa finitura <\/strong> gli d\u00e0 un tocco moderno e sorprendente che si distingue su qualsiasi traccia.<\/p>\n<h2> Caratteristiche tecniche in sospeso <\/h2>\n<p>&lt;P style = &quot;padding-left: 40px;&quot;<br \/>\n&lt;p style = &quot;padding-left: 40px;&quot;<br \/>\n&lt;p style = &quot;padding-left: 40px;&quot;<br \/>\n&lt;P style = &quot;padding-left: 40px;&quot;<br \/>\n&lt;p style = &quot;padding-left: 40px;&quot;<\/p>\n<h2> una pala progettata per evolversi con te <\/h2>\n<p>Il <strong> Siux Beat Control 2 2025 <\/strong> \u00e8 molto pi\u00f9 di una pala per iniziare: \u00e8 il tuo partner ideale sviluppare una tecnica solida, migliorare le tue sensazioni e <strong> goditi la pagaia per il massimo <\/strong>. Se stai cercando precisione, leggerezza e stile, questa pala fa per te.<\/p>\n<p><strong> Ottieni il tuo ora e inizia il tuo percorso nella pagaia con la fiducia di un vero campione.<\/p>\n<p>Disponibile nel nostro negozio online <a href=\"https:\/\/www.15131.p.syniva.es\/\"> www.15131.p.syniva.es <\/a>, probabilmente <strong> al miglior prezzo di mercato <\/strong>.<\/p>\n<h2>Siux Beat Control 2 2025 \u2013 Control total para jugadores principiantes<\/h2>\n","protected":false},"excerpt":{"rendered":"<p>Il Siux Beat Control 2 2025 \u00e8 perfetto per coloro che iniziano nella pagaia e desiderano una pala leggera, confortevole e focalizzata sul controllo per perfezionare la loro tecnica.<\/p>\n","protected":false},"featured_media":216290,"comment_status":"open","ping_status":"closed","template":"","meta":{"_acf_changed":false,"_joinchat":[]},"acabado":[1081],"balance":[1146],"dureza":[1151],"forma":[1181],"jugador":[1201,1191],"marca":[1306],"nivel-de-juego":[1341,1351],"superficie":[1356],"tipo-de-juego":[1371],"product_brand":[],"product_cat":[301],"product_tag":[],"class_list":{"0":"post-216284","1":"product","2":"type-product","3":"status-publish","4":"has-post-thumbnail","6":"acabado-luminosita","7":"balance-basso","8":"dureza-blanda-it","9":"forma-rotondo","10":"jugador-multiuso","11":"jugador-uomo","12":"marca-siux-it","13":"superficie-lisa-it","14":"tipo-de-juego-controllo","15":"product_cat-palas-de-padel-it","17":"first","18":"instock","19":"sale","20":"taxable","21":"shipping-taxable","22":"purchasable","23":"product-type-simple"},"acf":[],"yoast_head":"<!-- This site is optimized with the Yoast SEO plugin v27.4 - https:\/\/yoast.com\/product\/yoast-seo-wordpress\/ -->\n<title>SIUX BEAT CONTROL 2 - Revolution Padel Store<\/title>\n<meta name=\"description\" content=\"Descubre la Siux Beat Control 2 2025, una pala de p\u00e1del ideal para principiantes. Control, ligereza y dise\u00f1o moderno con n\u00facleo EVA y marco de fibra de vidrio. \u00a1C\u00f3mprala online al mejor precio!\" \/>\n<meta name=\"robots\" content=\"index, follow, max-snippet:-1, max-image-preview:large, max-video-preview:-1\" \/>\n<link rel=\"canonical\" href=\"https:\/\/15131.p.syniva.es\/it\/prodotto\/siux-beat-control-2-4\/\" \/>\n<meta property=\"og:locale\" content=\"it_IT\" \/>\n<meta property=\"og:type\" content=\"article\" \/>\n<meta property=\"og:title\" content=\"SIUX BEAT CONTROL 2 - Revolution Padel Store\" \/>\n<meta property=\"og:description\" content=\"Descubre la Siux Beat Control 2 2025, una pala de p\u00e1del ideal para principiantes. Control, ligereza y dise\u00f1o moderno con n\u00facleo EVA y marco de fibra de vidrio. \u00a1C\u00f3mprala online al mejor precio!\" \/>\n<meta property=\"og:url\" content=\"https:\/\/15131.p.syniva.es\/it\/prodotto\/siux-beat-control-2-4\/\" \/>\n<meta property=\"og:site_name\" content=\"Revolution Padel Store\" \/>\n<meta property=\"article:modified_time\" content=\"2026-04-08T03:54:00+00:00\" \/>\n<meta property=\"og:image\" content=\"https:\/\/15131.p.syniva.es\/wp-content\/uploads\/2025\/03\/112623-siux-beat-control-2-1500x1500-1.webp\" \/>\n\t<meta property=\"og:image:width\" content=\"1500\" \/>\n\t<meta property=\"og:image:height\" content=\"1500\" \/>\n\t<meta property=\"og:image:type\" content=\"image\/webp\" \/>\n<meta name=\"twitter:card\" content=\"summary_large_image\" \/>\n<meta name=\"twitter:label1\" content=\"Tempo di lettura stimato\" \/>\n\t<meta name=\"twitter:data1\" content=\"2 minuti\" \/>\n<script type=\"application\/ld+json\" class=\"yoast-schema-graph\">{\"@context\":\"https:\\\/\\\/schema.org\",\"@graph\":[{\"@type\":\"WebPage\",\"@id\":\"https:\\\/\\\/15131.p.syniva.es\\\/it\\\/prodotto\\\/siux-beat-control-2-4\\\/\",\"url\":\"https:\\\/\\\/15131.p.syniva.es\\\/it\\\/prodotto\\\/siux-beat-control-2-4\\\/\",\"name\":\"SIUX BEAT CONTROL 2 - Revolution Padel Store\",\"isPartOf\":{\"@id\":\"https:\\\/\\\/15131.p.syniva.es\\\/it\\\/#website\"},\"primaryImageOfPage\":{\"@id\":\"https:\\\/\\\/15131.p.syniva.es\\\/it\\\/prodotto\\\/siux-beat-control-2-4\\\/#primaryimage\"},\"image\":{\"@id\":\"https:\\\/\\\/15131.p.syniva.es\\\/it\\\/prodotto\\\/siux-beat-control-2-4\\\/#primaryimage\"},\"thumbnailUrl\":\"https:\\\/\\\/15131.p.syniva.es\\\/wp-content\\\/uploads\\\/2025\\\/03\\\/112623-siux-beat-control-2-1500x1500-1.webp\",\"datePublished\":\"2025-03-10T07:13:33+00:00\",\"dateModified\":\"2026-04-08T03:54:00+00:00\",\"description\":\"Descubre la Siux Beat Control 2 2025, una pala de p\u00e1del ideal para principiantes. Control, ligereza y dise\u00f1o moderno con n\u00facleo EVA y marco de fibra de vidrio. \u00a1C\u00f3mprala online al mejor precio!\",\"breadcrumb\":{\"@id\":\"https:\\\/\\\/15131.p.syniva.es\\\/it\\\/prodotto\\\/siux-beat-control-2-4\\\/#breadcrumb\"},\"inLanguage\":\"it-IT\",\"potentialAction\":[{\"@type\":\"ReadAction\",\"target\":[\"https:\\\/\\\/15131.p.syniva.es\\\/it\\\/prodotto\\\/siux-beat-control-2-4\\\/\"]}]},{\"@type\":\"ImageObject\",\"inLanguage\":\"it-IT\",\"@id\":\"https:\\\/\\\/15131.p.syniva.es\\\/it\\\/prodotto\\\/siux-beat-control-2-4\\\/#primaryimage\",\"url\":\"https:\\\/\\\/15131.p.syniva.es\\\/wp-content\\\/uploads\\\/2025\\\/03\\\/112623-siux-beat-control-2-1500x1500-1.webp\",\"contentUrl\":\"https:\\\/\\\/15131.p.syniva.es\\\/wp-content\\\/uploads\\\/2025\\\/03\\\/112623-siux-beat-control-2-1500x1500-1.webp\",\"width\":1500,\"height\":1500},{\"@type\":\"BreadcrumbList\",\"@id\":\"https:\\\/\\\/15131.p.syniva.es\\\/it\\\/prodotto\\\/siux-beat-control-2-4\\\/#breadcrumb\",\"itemListElement\":[{\"@type\":\"ListItem\",\"position\":1,\"name\":\"Portada\",\"item\":\"https:\\\/\\\/15131.p.syniva.es\\\/it\\\/\"},{\"@type\":\"ListItem\",\"position\":2,\"name\":\"Tienda\",\"item\":\"https:\\\/\\\/15131.p.syniva.es\\\/it\\\/tienda\\\/\"},{\"@type\":\"ListItem\",\"position\":3,\"name\":\"SIUX BEAT CONTROL 2\"}]},{\"@type\":\"WebSite\",\"@id\":\"https:\\\/\\\/15131.p.syniva.es\\\/it\\\/#website\",\"url\":\"https:\\\/\\\/15131.p.syniva.es\\\/it\\\/\",\"name\":\"Revolution Padel Store\",\"description\":\"\",\"publisher\":{\"@id\":\"https:\\\/\\\/15131.p.syniva.es\\\/it\\\/#organization\"},\"potentialAction\":[{\"@type\":\"SearchAction\",\"target\":{\"@type\":\"EntryPoint\",\"urlTemplate\":\"https:\\\/\\\/15131.p.syniva.es\\\/it\\\/?s={search_term_string}\"},\"query-input\":{\"@type\":\"PropertyValueSpecification\",\"valueRequired\":true,\"valueName\":\"search_term_string\"}}],\"inLanguage\":\"it-IT\"},{\"@type\":\"Organization\",\"@id\":\"https:\\\/\\\/15131.p.syniva.es\\\/it\\\/#organization\",\"name\":\"Revolution Padel Store\",\"url\":\"https:\\\/\\\/15131.p.syniva.es\\\/it\\\/\",\"logo\":{\"@type\":\"ImageObject\",\"inLanguage\":\"it-IT\",\"@id\":\"https:\\\/\\\/15131.p.syniva.es\\\/it\\\/#\\\/schema\\\/logo\\\/image\\\/\",\"url\":\"https:\\\/\\\/15131.p.syniva.es\\\/wp-content\\\/uploads\\\/2026\\\/02\\\/revolution-padel-store.jpg\",\"contentUrl\":\"https:\\\/\\\/15131.p.syniva.es\\\/wp-content\\\/uploads\\\/2026\\\/02\\\/revolution-padel-store.jpg\",\"width\":2000,\"height\":2000,\"caption\":\"Revolution Padel Store\"},\"image\":{\"@id\":\"https:\\\/\\\/15131.p.syniva.es\\\/it\\\/#\\\/schema\\\/logo\\\/image\\\/\"},\"sameAs\":[\"https:\\\/\\\/www.instagram.com\\\/revolutionpadelstore\\\/\"]}]}<\/script>\n<!-- \/ Yoast SEO plugin. -->","yoast_head_json":{"title":"SIUX BEAT CONTROL 2 - Revolution Padel Store","description":"Descubre la Siux Beat Control 2 2025, una pala de p\u00e1del ideal para principiantes. Control, ligereza y dise\u00f1o moderno con n\u00facleo EVA y marco de fibra de vidrio. \u00a1C\u00f3mprala online al mejor precio!","robots":{"index":"index","follow":"follow","max-snippet":"max-snippet:-1","max-image-preview":"max-image-preview:large","max-video-preview":"max-video-preview:-1"},"canonical":"https:\/\/15131.p.syniva.es\/it\/prodotto\/siux-beat-control-2-4\/","og_locale":"it_IT","og_type":"article","og_title":"SIUX BEAT CONTROL 2 - Revolution Padel Store","og_description":"Descubre la Siux Beat Control 2 2025, una pala de p\u00e1del ideal para principiantes. Control, ligereza y dise\u00f1o moderno con n\u00facleo EVA y marco de fibra de vidrio. \u00a1C\u00f3mprala online al mejor precio!","og_url":"https:\/\/15131.p.syniva.es\/it\/prodotto\/siux-beat-control-2-4\/","og_site_name":"Revolution Padel Store","article_modified_time":"2026-04-08T03:54:00+00:00","og_image":[{"width":1500,"height":1500,"url":"https:\/\/15131.p.syniva.es\/wp-content\/uploads\/2025\/03\/112623-siux-beat-control-2-1500x1500-1.webp","type":"image\/webp"}],"twitter_card":"summary_large_image","twitter_misc":{"Tempo di lettura stimato":"2 minuti"},"schema":{"@context":"https:\/\/schema.org","@graph":[{"@type":"WebPage","@id":"https:\/\/15131.p.syniva.es\/it\/prodotto\/siux-beat-control-2-4\/","url":"https:\/\/15131.p.syniva.es\/it\/prodotto\/siux-beat-control-2-4\/","name":"SIUX BEAT CONTROL 2 - Revolution Padel Store","isPartOf":{"@id":"https:\/\/15131.p.syniva.es\/it\/#website"},"primaryImageOfPage":{"@id":"https:\/\/15131.p.syniva.es\/it\/prodotto\/siux-beat-control-2-4\/#primaryimage"},"image":{"@id":"https:\/\/15131.p.syniva.es\/it\/prodotto\/siux-beat-control-2-4\/#primaryimage"},"thumbnailUrl":"https:\/\/15131.p.syniva.es\/wp-content\/uploads\/2025\/03\/112623-siux-beat-control-2-1500x1500-1.webp","datePublished":"2025-03-10T07:13:33+00:00","dateModified":"2026-04-08T03:54:00+00:00","description":"Descubre la Siux Beat Control 2 2025, una pala de p\u00e1del ideal para principiantes. Control, ligereza y dise\u00f1o moderno con n\u00facleo EVA y marco de fibra de vidrio. \u00a1C\u00f3mprala online al mejor precio!","breadcrumb":{"@id":"https:\/\/15131.p.syniva.es\/it\/prodotto\/siux-beat-control-2-4\/#breadcrumb"},"inLanguage":"it-IT","potentialAction":[{"@type":"ReadAction","target":["https:\/\/15131.p.syniva.es\/it\/prodotto\/siux-beat-control-2-4\/"]}]},{"@type":"ImageObject","inLanguage":"it-IT","@id":"https:\/\/15131.p.syniva.es\/it\/prodotto\/siux-beat-control-2-4\/#primaryimage","url":"https:\/\/15131.p.syniva.es\/wp-content\/uploads\/2025\/03\/112623-siux-beat-control-2-1500x1500-1.webp","contentUrl":"https:\/\/15131.p.syniva.es\/wp-content\/uploads\/2025\/03\/112623-siux-beat-control-2-1500x1500-1.webp","width":1500,"height":1500},{"@type":"BreadcrumbList","@id":"https:\/\/15131.p.syniva.es\/it\/prodotto\/siux-beat-control-2-4\/#breadcrumb","itemListElement":[{"@type":"ListItem","position":1,"name":"Portada","item":"https:\/\/15131.p.syniva.es\/it\/"},{"@type":"ListItem","position":2,"name":"Tienda","item":"https:\/\/15131.p.syniva.es\/it\/tienda\/"},{"@type":"ListItem","position":3,"name":"SIUX BEAT CONTROL 2"}]},{"@type":"WebSite","@id":"https:\/\/15131.p.syniva.es\/it\/#website","url":"https:\/\/15131.p.syniva.es\/it\/","name":"Revolution Padel Store","description":"","publisher":{"@id":"https:\/\/15131.p.syniva.es\/it\/#organization"},"potentialAction":[{"@type":"SearchAction","target":{"@type":"EntryPoint","urlTemplate":"https:\/\/15131.p.syniva.es\/it\/?s={search_term_string}"},"query-input":{"@type":"PropertyValueSpecification","valueRequired":true,"valueName":"search_term_string"}}],"inLanguage":"it-IT"},{"@type":"Organization","@id":"https:\/\/15131.p.syniva.es\/it\/#organization","name":"Revolution Padel Store","url":"https:\/\/15131.p.syniva.es\/it\/","logo":{"@type":"ImageObject","inLanguage":"it-IT","@id":"https:\/\/15131.p.syniva.es\/it\/#\/schema\/logo\/image\/","url":"https:\/\/15131.p.syniva.es\/wp-content\/uploads\/2026\/02\/revolution-padel-store.jpg","contentUrl":"https:\/\/15131.p.syniva.es\/wp-content\/uploads\/2026\/02\/revolution-padel-store.jpg","width":2000,"height":2000,"caption":"Revolution Padel Store"},"image":{"@id":"https:\/\/15131.p.syniva.es\/it\/#\/schema\/logo\/image\/"},"sameAs":["https:\/\/www.instagram.com\/revolutionpadelstore\/"]}]}},"_links":{"self":[{"href":"https:\/\/15131.p.syniva.es\/it\/wp-json\/wp\/v2\/product\/216284","targetHints":{"allow":["GET"]}}],"collection":[{"href":"https:\/\/15131.p.syniva.es\/it\/wp-json\/wp\/v2\/product"}],"about":[{"href":"https:\/\/15131.p.syniva.es\/it\/wp-json\/wp\/v2\/types\/product"}],"replies":[{"embeddable":true,"href":"https:\/\/15131.p.syniva.es\/it\/wp-json\/wp\/v2\/comments?post=216284"}],"wp:featuredmedia":[{"embeddable":true,"href":"https:\/\/15131.p.syniva.es\/it\/wp-json\/wp\/v2\/media\/216290"}],"wp:attachment":[{"href":"https:\/\/15131.p.syniva.es\/it\/wp-json\/wp\/v2\/media?parent=216284"}],"wp:term":[{"taxonomy":"acabado","embeddable":true,"href":"https:\/\/15131.p.syniva.es\/it\/wp-json\/wp\/v2\/acabado?post=216284"},{"taxonomy":"balance","embeddable":true,"href":"https:\/\/15131.p.syniva.es\/it\/wp-json\/wp\/v2\/balance?post=216284"},{"taxonomy":"dureza","embeddable":true,"href":"https:\/\/15131.p.syniva.es\/it\/wp-json\/wp\/v2\/dureza?post=216284"},{"taxonomy":"forma","embeddable":true,"href":"https:\/\/15131.p.syniva.es\/it\/wp-json\/wp\/v2\/forma?post=216284"},{"taxonomy":"jugador","embeddable":true,"href":"https:\/\/15131.p.syniva.es\/it\/wp-json\/wp\/v2\/jugador?post=216284"},{"taxonomy":"marca","embeddable":true,"href":"https:\/\/15131.p.syniva.es\/it\/wp-json\/wp\/v2\/marca?post=216284"},{"taxonomy":"nivel-de-juego","embeddable":true,"href":"https:\/\/15131.p.syniva.es\/it\/wp-json\/wp\/v2\/nivel-de-juego?post=216284"},{"taxonomy":"superficie","embeddable":true,"href":"https:\/\/15131.p.syniva.es\/it\/wp-json\/wp\/v2\/superficie?post=216284"},{"taxonomy":"tipo-de-juego","embeddable":true,"href":"https:\/\/15131.p.syniva.es\/it\/wp-json\/wp\/v2\/tipo-de-juego?post=216284"},{"taxonomy":"product_brand","embeddable":true,"href":"https:\/\/15131.p.syniva.es\/it\/wp-json\/wp\/v2\/product_brand?post=216284"},{"taxonomy":"product_cat","embeddable":true,"href":"https:\/\/15131.p.syniva.es\/it\/wp-json\/wp\/v2\/product_cat?post=216284"},{"taxonomy":"product_tag","embeddable":true,"href":"https:\/\/15131.p.syniva.es\/it\/wp-json\/wp\/v2\/product_tag?post=216284"}],"curies":[{"name":"wp","href":"https:\/\/api.w.org\/{rel}","templated":true}]}}