{"id":216896,"date":"2025-04-01T23:16:54","date_gmt":"2025-04-01T21:16:54","guid":{"rendered":"https:\/\/15131.p.syniva.es\/?post_type=product&#038;p=216896"},"modified":"2026-04-08T05:27:14","modified_gmt":"2026-04-08T03:27:14","slug":"bolsa-siux-the-king-4","status":"publish","type":"product","link":"https:\/\/15131.p.syniva.es\/it\/prodotto\/bolsa-siux-the-king-4\/","title":{"rendered":"BOLSA SIUX THE KING"},"content":{"rendered":"<h2> Siux the King &#8211; Luxury, Space and Style per i giocatori di paddle impegnativi <\/h2>\n<p>La borsa <strong> Siux the King <\/strong> \u00e8 molto pi\u00f9 di un paletero: \u00e8 l&#8217;accessorio premium finale per i giocatori che cercano eleganza, funzionalit\u00e0 e qualit\u00e0 in ogni dettaglio <\/strong>. Progettato per coloro che non sono conformi allo standard, questa borsa combina una capacit\u00e0 eccezionale con un design esclusivo, ideale per distinguersi dentro e fuori dalla pista.<\/p>\n<h2> caratteristiche eccezionali <\/h2>\n<p style=\"padding-left: 40px\"> <strong>&#8211; capacit\u00e0 premium <\/strong><br \/>\nSpazio generoso per indossare diverse pale, vestiti, scarpe e tutti i tuoi accessori con comfort e organizzazione totale.<br \/>\n<P> <strong>-materiali di fascia alta <\/strong><br \/>\nRealizzato con materiali resistenti e durevoli, offre una protezione superiore contro l&#8217;usura, garantendo una lunga durata anche con un uso intensivo. <\/p>\n<p style=\"padding-left: 40px\"> <strong> -esclusive e sofisticato design <\/strong><br \/>\nIspirato all&#8217;alta gamma <strong> della paletta <\/strong>, il suo stile moderno e raffinato fornisce un tocco di distinzione alle tue attrezzature sportive. <\/p>\n<h2> compartimenti funzionali <\/h2>\n<p style=\"padding-left: 40px\"> <strong>&#8211; diversi compartimenti aggiuntivi <\/strong><br \/>\nPerfetto per oggetti personali, accessori o ci\u00f2 di cui hai sempre a portata di mano.<br \/>\n<P> <strong>&#8211; spazio per calzature e abbigliamento usato <\/strong><br \/>\nSeparazione funzionale per mantenere l&#8217;ordine e l&#8217;igiene all&#8217;interno della borsa. <\/p>\n<h2> trasporto comodo e versatile <\/h2>\n<p style=\"padding-left: 40px\"> <strong>&#8211; manico superiore rinforzato <\/strong> per il trasporto manuale. <\/p>\n<p>&lt;p style = &quot;padding-left: 40px;&quot;<br \/>\n&lt;p style = &quot;padding-left: 40px;&quot;<\/p>\n<h2> Perch\u00e9 scegliere la borsa Siux the King?<br \/>\nPerch\u00e9 <strong> riflette il tuo livello e la tua passione per il tennis paddle <\/strong>. Il suo design premium, i materiali di alta qualit\u00e0 e la distribuzione pratica lo rendono il partner perfetto per l&#8217;allenamento, le partite o i tornei. \u00c8 una borsa creata per i giocatori <strong> impegnativi alla ricerca di stile, comfort e durata <\/strong>.<\/p>\n<p>Compensalo gi\u00e0 nel nostro negozio online <a href=\"https:\/\/www.15131.p.syniva.es\/\"> www.15131.p.syniva.es <\/a> e prendila &lt;\u00e9vatala <strong> probabilmente al miglior prezzo di mercato <\/strong>.<\/p>\n<h2>\u00a0Bolsa Siux The King \u2013 Lujo, Espacio y Estilo para Jugadores de P\u00e1del Exigentes<\/h2>\n","protected":false},"excerpt":{"rendered":"<p>Siux the King &#8211; Luxury, Space and Style per i giocatori di paddle impegnativi La borsa Siux the King \u00e8 molto pi\u00f9 di un paletero: \u00e8 l&#8217;accessorio premium finale per i giocatori che cercano eleganza, funzionalit\u00e0 e qualit\u00e0 in ogni dettaglio . Progettato per coloro che non sono conformi allo standard, questa borsa combina una [&hellip;]<\/p>\n","protected":false},"featured_media":216908,"comment_status":"open","ping_status":"closed","template":"","meta":{"_acf_changed":false,"_joinchat":[]},"acabado":[],"balance":[],"dureza":[],"forma":[],"jugador":[],"marca":[1306],"nivel-de-juego":[],"superficie":[],"tipo-de-juego":[],"product_brand":[],"product_cat":[318],"product_tag":[],"class_list":{"0":"post-216896","1":"product","2":"type-product","3":"status-publish","4":"has-post-thumbnail","6":"marca-siux-it","7":"product_cat-borse","9":"first","10":"instock","11":"sale","12":"taxable","13":"shipping-taxable","14":"purchasable","15":"product-type-simple"},"acf":[],"yoast_head":"<!-- This site is optimized with the Yoast SEO plugin v27.3 - https:\/\/yoast.com\/product\/yoast-seo-wordpress\/ -->\n<title>BOLSA SIUX THE KING - Revolution Padel Store<\/title>\n<meta name=\"description\" content=\"La Bolsa Siux The King es el paletero premium para jugadores de p\u00e1del exigentes. Con dise\u00f1o exclusivo, materiales de alta calidad y gran capacidad, es ideal para llevar tu equipo con estilo y comodidad. \u00a1Cons\u00edguela online al mejor precio en Revolution Padel Store!\" \/>\n<meta name=\"robots\" content=\"index, follow, max-snippet:-1, max-image-preview:large, max-video-preview:-1\" \/>\n<link rel=\"canonical\" href=\"https:\/\/15131.p.syniva.es\/it\/prodotto\/bolsa-siux-the-king-4\/\" \/>\n<meta property=\"og:locale\" content=\"it_IT\" \/>\n<meta property=\"og:type\" content=\"article\" \/>\n<meta property=\"og:title\" content=\"BOLSA SIUX THE KING - Revolution Padel Store\" \/>\n<meta property=\"og:description\" content=\"La Bolsa Siux The King es el paletero premium para jugadores de p\u00e1del exigentes. Con dise\u00f1o exclusivo, materiales de alta calidad y gran capacidad, es ideal para llevar tu equipo con estilo y comodidad. \u00a1Cons\u00edguela online al mejor precio en Revolution Padel Store!\" \/>\n<meta property=\"og:url\" content=\"https:\/\/15131.p.syniva.es\/it\/prodotto\/bolsa-siux-the-king-4\/\" \/>\n<meta property=\"og:site_name\" content=\"Revolution Padel Store\" \/>\n<meta property=\"article:modified_time\" content=\"2026-04-08T03:27:14+00:00\" \/>\n<meta property=\"og:image\" content=\"https:\/\/15131.p.syniva.es\/wp-content\/uploads\/2025\/04\/213.png\" \/>\n\t<meta property=\"og:image:width\" content=\"1500\" \/>\n\t<meta property=\"og:image:height\" content=\"1500\" \/>\n\t<meta property=\"og:image:type\" content=\"image\/png\" \/>\n<meta name=\"twitter:card\" content=\"summary_large_image\" \/>\n<meta name=\"twitter:label1\" content=\"Tempo di lettura stimato\" \/>\n\t<meta name=\"twitter:data1\" content=\"2 minuti\" \/>\n<script type=\"application\/ld+json\" class=\"yoast-schema-graph\">{\"@context\":\"https:\\\/\\\/schema.org\",\"@graph\":[{\"@type\":\"WebPage\",\"@id\":\"https:\\\/\\\/15131.p.syniva.es\\\/it\\\/prodotto\\\/bolsa-siux-the-king-4\\\/\",\"url\":\"https:\\\/\\\/15131.p.syniva.es\\\/it\\\/prodotto\\\/bolsa-siux-the-king-4\\\/\",\"name\":\"BOLSA SIUX THE KING - Revolution Padel Store\",\"isPartOf\":{\"@id\":\"https:\\\/\\\/15131.p.syniva.es\\\/it\\\/#website\"},\"primaryImageOfPage\":{\"@id\":\"https:\\\/\\\/15131.p.syniva.es\\\/it\\\/prodotto\\\/bolsa-siux-the-king-4\\\/#primaryimage\"},\"image\":{\"@id\":\"https:\\\/\\\/15131.p.syniva.es\\\/it\\\/prodotto\\\/bolsa-siux-the-king-4\\\/#primaryimage\"},\"thumbnailUrl\":\"https:\\\/\\\/15131.p.syniva.es\\\/wp-content\\\/uploads\\\/2025\\\/04\\\/213.png\",\"datePublished\":\"2025-04-01T21:16:54+00:00\",\"dateModified\":\"2026-04-08T03:27:14+00:00\",\"description\":\"La Bolsa Siux The King es el paletero premium para jugadores de p\u00e1del exigentes. Con dise\u00f1o exclusivo, materiales de alta calidad y gran capacidad, es ideal para llevar tu equipo con estilo y comodidad. \u00a1Cons\u00edguela online al mejor precio en Revolution Padel Store!\",\"breadcrumb\":{\"@id\":\"https:\\\/\\\/15131.p.syniva.es\\\/it\\\/prodotto\\\/bolsa-siux-the-king-4\\\/#breadcrumb\"},\"inLanguage\":\"it-IT\",\"potentialAction\":[{\"@type\":\"ReadAction\",\"target\":[\"https:\\\/\\\/15131.p.syniva.es\\\/it\\\/prodotto\\\/bolsa-siux-the-king-4\\\/\"]}]},{\"@type\":\"ImageObject\",\"inLanguage\":\"it-IT\",\"@id\":\"https:\\\/\\\/15131.p.syniva.es\\\/it\\\/prodotto\\\/bolsa-siux-the-king-4\\\/#primaryimage\",\"url\":\"https:\\\/\\\/15131.p.syniva.es\\\/wp-content\\\/uploads\\\/2025\\\/04\\\/213.png\",\"contentUrl\":\"https:\\\/\\\/15131.p.syniva.es\\\/wp-content\\\/uploads\\\/2025\\\/04\\\/213.png\",\"width\":1500,\"height\":1500},{\"@type\":\"BreadcrumbList\",\"@id\":\"https:\\\/\\\/15131.p.syniva.es\\\/it\\\/prodotto\\\/bolsa-siux-the-king-4\\\/#breadcrumb\",\"itemListElement\":[{\"@type\":\"ListItem\",\"position\":1,\"name\":\"Portada\",\"item\":\"https:\\\/\\\/15131.p.syniva.es\\\/it\\\/\"},{\"@type\":\"ListItem\",\"position\":2,\"name\":\"Tienda\",\"item\":\"https:\\\/\\\/15131.p.syniva.es\\\/it\\\/tienda\\\/\"},{\"@type\":\"ListItem\",\"position\":3,\"name\":\"BOLSA SIUX THE KING\"}]},{\"@type\":\"WebSite\",\"@id\":\"https:\\\/\\\/15131.p.syniva.es\\\/it\\\/#website\",\"url\":\"https:\\\/\\\/15131.p.syniva.es\\\/it\\\/\",\"name\":\"Revolution Padel Store\",\"description\":\"\",\"publisher\":{\"@id\":\"https:\\\/\\\/15131.p.syniva.es\\\/it\\\/#organization\"},\"potentialAction\":[{\"@type\":\"SearchAction\",\"target\":{\"@type\":\"EntryPoint\",\"urlTemplate\":\"https:\\\/\\\/15131.p.syniva.es\\\/it\\\/?s={search_term_string}\"},\"query-input\":{\"@type\":\"PropertyValueSpecification\",\"valueRequired\":true,\"valueName\":\"search_term_string\"}}],\"inLanguage\":\"it-IT\"},{\"@type\":\"Organization\",\"@id\":\"https:\\\/\\\/15131.p.syniva.es\\\/it\\\/#organization\",\"name\":\"Revolution Padel Store\",\"url\":\"https:\\\/\\\/15131.p.syniva.es\\\/it\\\/\",\"logo\":{\"@type\":\"ImageObject\",\"inLanguage\":\"it-IT\",\"@id\":\"https:\\\/\\\/15131.p.syniva.es\\\/it\\\/#\\\/schema\\\/logo\\\/image\\\/\",\"url\":\"https:\\\/\\\/15131.p.syniva.es\\\/wp-content\\\/uploads\\\/2026\\\/02\\\/revolution-padel-store.jpg\",\"contentUrl\":\"https:\\\/\\\/15131.p.syniva.es\\\/wp-content\\\/uploads\\\/2026\\\/02\\\/revolution-padel-store.jpg\",\"width\":2000,\"height\":2000,\"caption\":\"Revolution Padel Store\"},\"image\":{\"@id\":\"https:\\\/\\\/15131.p.syniva.es\\\/it\\\/#\\\/schema\\\/logo\\\/image\\\/\"},\"sameAs\":[\"https:\\\/\\\/www.instagram.com\\\/revolutionpadelstore\\\/\"]}]}<\/script>\n<!-- \/ Yoast SEO plugin. -->","yoast_head_json":{"title":"BOLSA SIUX THE KING - Revolution Padel Store","description":"La Bolsa Siux The King es el paletero premium para jugadores de p\u00e1del exigentes. Con dise\u00f1o exclusivo, materiales de alta calidad y gran capacidad, es ideal para llevar tu equipo con estilo y comodidad. \u00a1Cons\u00edguela online al mejor precio en Revolution Padel Store!","robots":{"index":"index","follow":"follow","max-snippet":"max-snippet:-1","max-image-preview":"max-image-preview:large","max-video-preview":"max-video-preview:-1"},"canonical":"https:\/\/15131.p.syniva.es\/it\/prodotto\/bolsa-siux-the-king-4\/","og_locale":"it_IT","og_type":"article","og_title":"BOLSA SIUX THE KING - Revolution Padel Store","og_description":"La Bolsa Siux The King es el paletero premium para jugadores de p\u00e1del exigentes. Con dise\u00f1o exclusivo, materiales de alta calidad y gran capacidad, es ideal para llevar tu equipo con estilo y comodidad. \u00a1Cons\u00edguela online al mejor precio en Revolution Padel Store!","og_url":"https:\/\/15131.p.syniva.es\/it\/prodotto\/bolsa-siux-the-king-4\/","og_site_name":"Revolution Padel Store","article_modified_time":"2026-04-08T03:27:14+00:00","og_image":[{"width":1500,"height":1500,"url":"https:\/\/15131.p.syniva.es\/wp-content\/uploads\/2025\/04\/213.png","type":"image\/png"}],"twitter_card":"summary_large_image","twitter_misc":{"Tempo di lettura stimato":"2 minuti"},"schema":{"@context":"https:\/\/schema.org","@graph":[{"@type":"WebPage","@id":"https:\/\/15131.p.syniva.es\/it\/prodotto\/bolsa-siux-the-king-4\/","url":"https:\/\/15131.p.syniva.es\/it\/prodotto\/bolsa-siux-the-king-4\/","name":"BOLSA SIUX THE KING - Revolution Padel Store","isPartOf":{"@id":"https:\/\/15131.p.syniva.es\/it\/#website"},"primaryImageOfPage":{"@id":"https:\/\/15131.p.syniva.es\/it\/prodotto\/bolsa-siux-the-king-4\/#primaryimage"},"image":{"@id":"https:\/\/15131.p.syniva.es\/it\/prodotto\/bolsa-siux-the-king-4\/#primaryimage"},"thumbnailUrl":"https:\/\/15131.p.syniva.es\/wp-content\/uploads\/2025\/04\/213.png","datePublished":"2025-04-01T21:16:54+00:00","dateModified":"2026-04-08T03:27:14+00:00","description":"La Bolsa Siux The King es el paletero premium para jugadores de p\u00e1del exigentes. Con dise\u00f1o exclusivo, materiales de alta calidad y gran capacidad, es ideal para llevar tu equipo con estilo y comodidad. \u00a1Cons\u00edguela online al mejor precio en Revolution Padel Store!","breadcrumb":{"@id":"https:\/\/15131.p.syniva.es\/it\/prodotto\/bolsa-siux-the-king-4\/#breadcrumb"},"inLanguage":"it-IT","potentialAction":[{"@type":"ReadAction","target":["https:\/\/15131.p.syniva.es\/it\/prodotto\/bolsa-siux-the-king-4\/"]}]},{"@type":"ImageObject","inLanguage":"it-IT","@id":"https:\/\/15131.p.syniva.es\/it\/prodotto\/bolsa-siux-the-king-4\/#primaryimage","url":"https:\/\/15131.p.syniva.es\/wp-content\/uploads\/2025\/04\/213.png","contentUrl":"https:\/\/15131.p.syniva.es\/wp-content\/uploads\/2025\/04\/213.png","width":1500,"height":1500},{"@type":"BreadcrumbList","@id":"https:\/\/15131.p.syniva.es\/it\/prodotto\/bolsa-siux-the-king-4\/#breadcrumb","itemListElement":[{"@type":"ListItem","position":1,"name":"Portada","item":"https:\/\/15131.p.syniva.es\/it\/"},{"@type":"ListItem","position":2,"name":"Tienda","item":"https:\/\/15131.p.syniva.es\/it\/tienda\/"},{"@type":"ListItem","position":3,"name":"BOLSA SIUX THE KING"}]},{"@type":"WebSite","@id":"https:\/\/15131.p.syniva.es\/it\/#website","url":"https:\/\/15131.p.syniva.es\/it\/","name":"Revolution Padel Store","description":"","publisher":{"@id":"https:\/\/15131.p.syniva.es\/it\/#organization"},"potentialAction":[{"@type":"SearchAction","target":{"@type":"EntryPoint","urlTemplate":"https:\/\/15131.p.syniva.es\/it\/?s={search_term_string}"},"query-input":{"@type":"PropertyValueSpecification","valueRequired":true,"valueName":"search_term_string"}}],"inLanguage":"it-IT"},{"@type":"Organization","@id":"https:\/\/15131.p.syniva.es\/it\/#organization","name":"Revolution Padel Store","url":"https:\/\/15131.p.syniva.es\/it\/","logo":{"@type":"ImageObject","inLanguage":"it-IT","@id":"https:\/\/15131.p.syniva.es\/it\/#\/schema\/logo\/image\/","url":"https:\/\/15131.p.syniva.es\/wp-content\/uploads\/2026\/02\/revolution-padel-store.jpg","contentUrl":"https:\/\/15131.p.syniva.es\/wp-content\/uploads\/2026\/02\/revolution-padel-store.jpg","width":2000,"height":2000,"caption":"Revolution Padel Store"},"image":{"@id":"https:\/\/15131.p.syniva.es\/it\/#\/schema\/logo\/image\/"},"sameAs":["https:\/\/www.instagram.com\/revolutionpadelstore\/"]}]}},"_links":{"self":[{"href":"https:\/\/15131.p.syniva.es\/it\/wp-json\/wp\/v2\/product\/216896","targetHints":{"allow":["GET"]}}],"collection":[{"href":"https:\/\/15131.p.syniva.es\/it\/wp-json\/wp\/v2\/product"}],"about":[{"href":"https:\/\/15131.p.syniva.es\/it\/wp-json\/wp\/v2\/types\/product"}],"replies":[{"embeddable":true,"href":"https:\/\/15131.p.syniva.es\/it\/wp-json\/wp\/v2\/comments?post=216896"}],"wp:featuredmedia":[{"embeddable":true,"href":"https:\/\/15131.p.syniva.es\/it\/wp-json\/wp\/v2\/media\/216908"}],"wp:attachment":[{"href":"https:\/\/15131.p.syniva.es\/it\/wp-json\/wp\/v2\/media?parent=216896"}],"wp:term":[{"taxonomy":"acabado","embeddable":true,"href":"https:\/\/15131.p.syniva.es\/it\/wp-json\/wp\/v2\/acabado?post=216896"},{"taxonomy":"balance","embeddable":true,"href":"https:\/\/15131.p.syniva.es\/it\/wp-json\/wp\/v2\/balance?post=216896"},{"taxonomy":"dureza","embeddable":true,"href":"https:\/\/15131.p.syniva.es\/it\/wp-json\/wp\/v2\/dureza?post=216896"},{"taxonomy":"forma","embeddable":true,"href":"https:\/\/15131.p.syniva.es\/it\/wp-json\/wp\/v2\/forma?post=216896"},{"taxonomy":"jugador","embeddable":true,"href":"https:\/\/15131.p.syniva.es\/it\/wp-json\/wp\/v2\/jugador?post=216896"},{"taxonomy":"marca","embeddable":true,"href":"https:\/\/15131.p.syniva.es\/it\/wp-json\/wp\/v2\/marca?post=216896"},{"taxonomy":"nivel-de-juego","embeddable":true,"href":"https:\/\/15131.p.syniva.es\/it\/wp-json\/wp\/v2\/nivel-de-juego?post=216896"},{"taxonomy":"superficie","embeddable":true,"href":"https:\/\/15131.p.syniva.es\/it\/wp-json\/wp\/v2\/superficie?post=216896"},{"taxonomy":"tipo-de-juego","embeddable":true,"href":"https:\/\/15131.p.syniva.es\/it\/wp-json\/wp\/v2\/tipo-de-juego?post=216896"},{"taxonomy":"product_brand","embeddable":true,"href":"https:\/\/15131.p.syniva.es\/it\/wp-json\/wp\/v2\/product_brand?post=216896"},{"taxonomy":"product_cat","embeddable":true,"href":"https:\/\/15131.p.syniva.es\/it\/wp-json\/wp\/v2\/product_cat?post=216896"},{"taxonomy":"product_tag","embeddable":true,"href":"https:\/\/15131.p.syniva.es\/it\/wp-json\/wp\/v2\/product_tag?post=216896"}],"curies":[{"name":"wp","href":"https:\/\/api.w.org\/{rel}","templated":true}]}}