{"id":72815,"date":"2024-09-15T17:47:01","date_gmt":"2024-09-15T15:47:01","guid":{"rendered":"https:\/\/15131.p.syniva.es\/wilson-blade-ls-v3-padel-2\/"},"modified":"2026-04-08T10:40:08","modified_gmt":"2026-04-08T08:40:08","slug":"wilson-blade-ls-v3-padel-2-4","status":"publish","type":"product","link":"https:\/\/15131.p.syniva.es\/it\/prodotto\/wilson-blade-ls-v3-padel-2-4\/","title":{"rendered":"WILSON BLADE LS V3 PADEL 2"},"content":{"rendered":"<h2>Wilson Blade LS V3 Padel 2<\/h2>\n<p>La <strong>Wilson Blade LS V3 Padel \u00e8 una racchetta a goccia leggera e ad alte prestazioni<\/strong>, ideale per i giocatori che cercano potenza senza compromettere la stabilit\u00e0. Progettato pensando al comfort e al controllo, questo modello si distingue all&#8217;interno della linea Wilson Blade V3 come il pi\u00f9 leggero, consentendo un gioco agile ed efficace. La combinazione di materiali di alta qualit\u00e0 garantisce un&#8217;eccellente risposta ad ogni colpo, rendendo questa racchetta l&#8217;opzione preferita per i giocatori di livello intermedio che desiderano migliorare le proprie prestazioni in campo.<\/p>\n<h2>Wilson Blade LS V3 Padel 2 per giocatori di livello intermedio<\/h2>\n<p>Questo modello \u00e8 appositamente progettato per i giocatori di livello intermedio che cercano un equilibrio tra controllo e potenza. La sua struttura leggera facilita movimenti rapidi e precisi, mentre la sua reattivit\u00e0 garantisce un impatto forte e controllato ad ogni colpo. Inoltre, la racchetta \u00e8 dotata di una tecnologia avanzata che massimizza le prestazioni, consentendo ai giocatori di sfruttare al massimo il proprio potenziale.<\/p>\n<h3><strong>Caratteristiche e tecnologie del Wilson Blade LS V3 Padel 2<\/strong>:<\/h3>\n<p><strong>-Spin Surface<\/em><\/strong>: migliora il <strong>controllo dell&#8217;effetto<\/strong>, consentendoti di generare effetti precisi su diversi tipi di colpi.<\/p>\n<p>&#8211;<strong>Duo Grid Pattern<\/em><\/strong>: ottimizza potenza e controllo attraverso un design di <strong>fori posizionati strategicamente<\/strong>.<\/p>\n<p><strong>-Gomma EVA morbida<\/strong> nel nucleo: fornisce un efficace assorbimento degli urti, combinando <strong>comfort e leggerezza<\/strong>.<\/p>\n<p>&#8211;<strong>Sharp Hole Technology<\/em><\/strong>: aumenta lo spin e il controllo in ogni colpo grazie a un processo di perforazione avanzato.<\/p>\n<p>Il design di questa racchetta \u00e8 moderno e accattivante, con un vivace colore verde che risalta in campo. Il logo del marchio in verde in un&#8217;altra tonalit\u00e0 a contrasto aggiunge un tocco di modernit\u00e0. Se stai cercando una racchetta che combini stile, prestazioni e durata, la Wilson Blade LS V3 Padel \u00e8 la scelta perfetta per portare il tuo gioco al livello successivo.<\/p>\n<h2>Wilson Blade LS V3 Padel 2<\/h2>\n","protected":false},"excerpt":{"rendered":"<p>Il design di questa racchetta \u00e8 moderno e accattivante, con un <strong>colore verde vibrante<\/strong> che risalta in campo. Il logo del marchio in verde in un&#8217;altra tonalit\u00e0 a contrasto aggiunge un tocco di modernit\u00e0. Se stai cercando una racchetta che combini stile, prestazioni e durata, la Wilson Blade LS V3 Padel \u00e8 la scelta perfetta per portare il tuo gioco al livello successivo.<\/p>\n","protected":false},"featured_media":71306,"comment_status":"open","ping_status":"closed","template":"","meta":{"_acf_changed":false,"_joinchat":[]},"acabado":[1091],"balance":[1141],"dureza":[1156],"forma":[1186],"jugador":[1201,1191],"marca":[1266],"nivel-de-juego":[1351],"superficie":[1361],"tipo-de-juego":[1386],"product_brand":[],"product_cat":[301],"product_tag":[],"class_list":{"0":"post-72815","1":"product","2":"type-product","3":"status-publish","4":"has-post-thumbnail","6":"acabado-relieve-3d-it","7":"balance-medio-it","8":"dureza-media-it","9":"forma-lagrima-it","10":"jugador-multiuso","11":"jugador-uomo","12":"marca-wilson-it","13":"superficie-rugosa-it","14":"tipo-de-juego-multiuso","15":"product_cat-palas-de-padel-it","17":"first","18":"instock","19":"sale","20":"taxable","21":"shipping-taxable","22":"purchasable","23":"product-type-simple"},"acf":[],"yoast_head":"<!-- This site is optimized with the Yoast SEO plugin v27.4 - https:\/\/yoast.com\/product\/yoast-seo-wordpress\/ -->\n<title>WILSON BLADE LS V3 PADEL 2 - Revolution Padel Store<\/title>\n<meta name=\"description\" content=\"El dise\u00f1o de esta pala es moderno y atractivo, con un\u00a0vibrante color verde\u00a0que se destaca en la pista. El logo de la marca en verde en otro tono para hacer contraste a\u00f1ade un toque de modernidad. Si est\u00e1s buscando una pala que combine estilo, rendimiento y durabilidad, la Wilson Blade LS V3 Padel es la elecci\u00f3n perfecta para llevar tu juego al siguiente nivel.\" \/>\n<meta name=\"robots\" content=\"index, follow, max-snippet:-1, max-image-preview:large, max-video-preview:-1\" \/>\n<link rel=\"canonical\" href=\"https:\/\/15131.p.syniva.es\/it\/prodotto\/wilson-blade-ls-v3-padel-2-4\/\" \/>\n<meta property=\"og:locale\" content=\"it_IT\" \/>\n<meta property=\"og:type\" content=\"article\" \/>\n<meta property=\"og:title\" content=\"WILSON BLADE LS V3 PADEL 2 - Revolution Padel Store\" \/>\n<meta property=\"og:description\" content=\"El dise\u00f1o de esta pala es moderno y atractivo, con un\u00a0vibrante color verde\u00a0que se destaca en la pista. El logo de la marca en verde en otro tono para hacer contraste a\u00f1ade un toque de modernidad. Si est\u00e1s buscando una pala que combine estilo, rendimiento y durabilidad, la Wilson Blade LS V3 Padel es la elecci\u00f3n perfecta para llevar tu juego al siguiente nivel.\" \/>\n<meta property=\"og:url\" content=\"https:\/\/15131.p.syniva.es\/it\/prodotto\/wilson-blade-ls-v3-padel-2-4\/\" \/>\n<meta property=\"og:site_name\" content=\"Revolution Padel Store\" \/>\n<meta property=\"article:modified_time\" content=\"2026-04-08T08:40:08+00:00\" \/>\n<meta property=\"og:image\" content=\"https:\/\/15131.p.syniva.es\/wp-content\/uploads\/2024\/09\/113569_pala_wilson_blade_ls_v3_padel_2_wr167111u2_1500x1500_1_cadf.webp\" \/>\n\t<meta property=\"og:image:width\" content=\"1500\" \/>\n\t<meta property=\"og:image:height\" content=\"1500\" \/>\n\t<meta property=\"og:image:type\" content=\"image\/webp\" \/>\n<meta name=\"twitter:card\" content=\"summary_large_image\" \/>\n<meta name=\"twitter:label1\" content=\"Tempo di lettura stimato\" \/>\n\t<meta name=\"twitter:data1\" content=\"2 minuti\" \/>\n<script type=\"application\/ld+json\" class=\"yoast-schema-graph\">{\"@context\":\"https:\\\/\\\/schema.org\",\"@graph\":[{\"@type\":\"WebPage\",\"@id\":\"https:\\\/\\\/15131.p.syniva.es\\\/it\\\/prodotto\\\/wilson-blade-ls-v3-padel-2-4\\\/\",\"url\":\"https:\\\/\\\/15131.p.syniva.es\\\/it\\\/prodotto\\\/wilson-blade-ls-v3-padel-2-4\\\/\",\"name\":\"WILSON BLADE LS V3 PADEL 2 - Revolution Padel Store\",\"isPartOf\":{\"@id\":\"https:\\\/\\\/15131.p.syniva.es\\\/it\\\/#website\"},\"primaryImageOfPage\":{\"@id\":\"https:\\\/\\\/15131.p.syniva.es\\\/it\\\/prodotto\\\/wilson-blade-ls-v3-padel-2-4\\\/#primaryimage\"},\"image\":{\"@id\":\"https:\\\/\\\/15131.p.syniva.es\\\/it\\\/prodotto\\\/wilson-blade-ls-v3-padel-2-4\\\/#primaryimage\"},\"thumbnailUrl\":\"https:\\\/\\\/15131.p.syniva.es\\\/wp-content\\\/uploads\\\/2024\\\/09\\\/113569_pala_wilson_blade_ls_v3_padel_2_wr167111u2_1500x1500_1_cadf.webp\",\"datePublished\":\"2024-09-15T15:47:01+00:00\",\"dateModified\":\"2026-04-08T08:40:08+00:00\",\"description\":\"El dise\u00f1o de esta pala es moderno y atractivo, con un\u00a0vibrante color verde\u00a0que se destaca en la pista. El logo de la marca en verde en otro tono para hacer contraste a\u00f1ade un toque de modernidad. Si est\u00e1s buscando una pala que combine estilo, rendimiento y durabilidad, la Wilson Blade LS V3 Padel es la elecci\u00f3n perfecta para llevar tu juego al siguiente nivel.\",\"breadcrumb\":{\"@id\":\"https:\\\/\\\/15131.p.syniva.es\\\/it\\\/prodotto\\\/wilson-blade-ls-v3-padel-2-4\\\/#breadcrumb\"},\"inLanguage\":\"it-IT\",\"potentialAction\":[{\"@type\":\"ReadAction\",\"target\":[\"https:\\\/\\\/15131.p.syniva.es\\\/it\\\/prodotto\\\/wilson-blade-ls-v3-padel-2-4\\\/\"]}]},{\"@type\":\"ImageObject\",\"inLanguage\":\"it-IT\",\"@id\":\"https:\\\/\\\/15131.p.syniva.es\\\/it\\\/prodotto\\\/wilson-blade-ls-v3-padel-2-4\\\/#primaryimage\",\"url\":\"https:\\\/\\\/15131.p.syniva.es\\\/wp-content\\\/uploads\\\/2024\\\/09\\\/113569_pala_wilson_blade_ls_v3_padel_2_wr167111u2_1500x1500_1_cadf.webp\",\"contentUrl\":\"https:\\\/\\\/15131.p.syniva.es\\\/wp-content\\\/uploads\\\/2024\\\/09\\\/113569_pala_wilson_blade_ls_v3_padel_2_wr167111u2_1500x1500_1_cadf.webp\",\"width\":1500,\"height\":1500},{\"@type\":\"BreadcrumbList\",\"@id\":\"https:\\\/\\\/15131.p.syniva.es\\\/it\\\/prodotto\\\/wilson-blade-ls-v3-padel-2-4\\\/#breadcrumb\",\"itemListElement\":[{\"@type\":\"ListItem\",\"position\":1,\"name\":\"Portada\",\"item\":\"https:\\\/\\\/15131.p.syniva.es\\\/it\\\/\"},{\"@type\":\"ListItem\",\"position\":2,\"name\":\"Tienda\",\"item\":\"https:\\\/\\\/15131.p.syniva.es\\\/it\\\/tienda\\\/\"},{\"@type\":\"ListItem\",\"position\":3,\"name\":\"WILSON BLADE LS V3 PADEL 2\"}]},{\"@type\":\"WebSite\",\"@id\":\"https:\\\/\\\/15131.p.syniva.es\\\/it\\\/#website\",\"url\":\"https:\\\/\\\/15131.p.syniva.es\\\/it\\\/\",\"name\":\"Revolution Padel Store\",\"description\":\"\",\"publisher\":{\"@id\":\"https:\\\/\\\/15131.p.syniva.es\\\/it\\\/#organization\"},\"potentialAction\":[{\"@type\":\"SearchAction\",\"target\":{\"@type\":\"EntryPoint\",\"urlTemplate\":\"https:\\\/\\\/15131.p.syniva.es\\\/it\\\/?s={search_term_string}\"},\"query-input\":{\"@type\":\"PropertyValueSpecification\",\"valueRequired\":true,\"valueName\":\"search_term_string\"}}],\"inLanguage\":\"it-IT\"},{\"@type\":\"Organization\",\"@id\":\"https:\\\/\\\/15131.p.syniva.es\\\/it\\\/#organization\",\"name\":\"Revolution Padel Store\",\"url\":\"https:\\\/\\\/15131.p.syniva.es\\\/it\\\/\",\"logo\":{\"@type\":\"ImageObject\",\"inLanguage\":\"it-IT\",\"@id\":\"https:\\\/\\\/15131.p.syniva.es\\\/it\\\/#\\\/schema\\\/logo\\\/image\\\/\",\"url\":\"https:\\\/\\\/15131.p.syniva.es\\\/wp-content\\\/uploads\\\/2026\\\/02\\\/revolution-padel-store.jpg\",\"contentUrl\":\"https:\\\/\\\/15131.p.syniva.es\\\/wp-content\\\/uploads\\\/2026\\\/02\\\/revolution-padel-store.jpg\",\"width\":2000,\"height\":2000,\"caption\":\"Revolution Padel Store\"},\"image\":{\"@id\":\"https:\\\/\\\/15131.p.syniva.es\\\/it\\\/#\\\/schema\\\/logo\\\/image\\\/\"},\"sameAs\":[\"https:\\\/\\\/www.instagram.com\\\/revolutionpadelstore\\\/\"]}]}<\/script>\n<!-- \/ Yoast SEO plugin. -->","yoast_head_json":{"title":"WILSON BLADE LS V3 PADEL 2 - Revolution Padel Store","description":"El dise\u00f1o de esta pala es moderno y atractivo, con un\u00a0vibrante color verde\u00a0que se destaca en la pista. El logo de la marca en verde en otro tono para hacer contraste a\u00f1ade un toque de modernidad. Si est\u00e1s buscando una pala que combine estilo, rendimiento y durabilidad, la Wilson Blade LS V3 Padel es la elecci\u00f3n perfecta para llevar tu juego al siguiente nivel.","robots":{"index":"index","follow":"follow","max-snippet":"max-snippet:-1","max-image-preview":"max-image-preview:large","max-video-preview":"max-video-preview:-1"},"canonical":"https:\/\/15131.p.syniva.es\/it\/prodotto\/wilson-blade-ls-v3-padel-2-4\/","og_locale":"it_IT","og_type":"article","og_title":"WILSON BLADE LS V3 PADEL 2 - Revolution Padel Store","og_description":"El dise\u00f1o de esta pala es moderno y atractivo, con un\u00a0vibrante color verde\u00a0que se destaca en la pista. El logo de la marca en verde en otro tono para hacer contraste a\u00f1ade un toque de modernidad. Si est\u00e1s buscando una pala que combine estilo, rendimiento y durabilidad, la Wilson Blade LS V3 Padel es la elecci\u00f3n perfecta para llevar tu juego al siguiente nivel.","og_url":"https:\/\/15131.p.syniva.es\/it\/prodotto\/wilson-blade-ls-v3-padel-2-4\/","og_site_name":"Revolution Padel Store","article_modified_time":"2026-04-08T08:40:08+00:00","og_image":[{"width":1500,"height":1500,"url":"https:\/\/15131.p.syniva.es\/wp-content\/uploads\/2024\/09\/113569_pala_wilson_blade_ls_v3_padel_2_wr167111u2_1500x1500_1_cadf.webp","type":"image\/webp"}],"twitter_card":"summary_large_image","twitter_misc":{"Tempo di lettura stimato":"2 minuti"},"schema":{"@context":"https:\/\/schema.org","@graph":[{"@type":"WebPage","@id":"https:\/\/15131.p.syniva.es\/it\/prodotto\/wilson-blade-ls-v3-padel-2-4\/","url":"https:\/\/15131.p.syniva.es\/it\/prodotto\/wilson-blade-ls-v3-padel-2-4\/","name":"WILSON BLADE LS V3 PADEL 2 - Revolution Padel Store","isPartOf":{"@id":"https:\/\/15131.p.syniva.es\/it\/#website"},"primaryImageOfPage":{"@id":"https:\/\/15131.p.syniva.es\/it\/prodotto\/wilson-blade-ls-v3-padel-2-4\/#primaryimage"},"image":{"@id":"https:\/\/15131.p.syniva.es\/it\/prodotto\/wilson-blade-ls-v3-padel-2-4\/#primaryimage"},"thumbnailUrl":"https:\/\/15131.p.syniva.es\/wp-content\/uploads\/2024\/09\/113569_pala_wilson_blade_ls_v3_padel_2_wr167111u2_1500x1500_1_cadf.webp","datePublished":"2024-09-15T15:47:01+00:00","dateModified":"2026-04-08T08:40:08+00:00","description":"El dise\u00f1o de esta pala es moderno y atractivo, con un\u00a0vibrante color verde\u00a0que se destaca en la pista. El logo de la marca en verde en otro tono para hacer contraste a\u00f1ade un toque de modernidad. Si est\u00e1s buscando una pala que combine estilo, rendimiento y durabilidad, la Wilson Blade LS V3 Padel es la elecci\u00f3n perfecta para llevar tu juego al siguiente nivel.","breadcrumb":{"@id":"https:\/\/15131.p.syniva.es\/it\/prodotto\/wilson-blade-ls-v3-padel-2-4\/#breadcrumb"},"inLanguage":"it-IT","potentialAction":[{"@type":"ReadAction","target":["https:\/\/15131.p.syniva.es\/it\/prodotto\/wilson-blade-ls-v3-padel-2-4\/"]}]},{"@type":"ImageObject","inLanguage":"it-IT","@id":"https:\/\/15131.p.syniva.es\/it\/prodotto\/wilson-blade-ls-v3-padel-2-4\/#primaryimage","url":"https:\/\/15131.p.syniva.es\/wp-content\/uploads\/2024\/09\/113569_pala_wilson_blade_ls_v3_padel_2_wr167111u2_1500x1500_1_cadf.webp","contentUrl":"https:\/\/15131.p.syniva.es\/wp-content\/uploads\/2024\/09\/113569_pala_wilson_blade_ls_v3_padel_2_wr167111u2_1500x1500_1_cadf.webp","width":1500,"height":1500},{"@type":"BreadcrumbList","@id":"https:\/\/15131.p.syniva.es\/it\/prodotto\/wilson-blade-ls-v3-padel-2-4\/#breadcrumb","itemListElement":[{"@type":"ListItem","position":1,"name":"Portada","item":"https:\/\/15131.p.syniva.es\/it\/"},{"@type":"ListItem","position":2,"name":"Tienda","item":"https:\/\/15131.p.syniva.es\/it\/tienda\/"},{"@type":"ListItem","position":3,"name":"WILSON BLADE LS V3 PADEL 2"}]},{"@type":"WebSite","@id":"https:\/\/15131.p.syniva.es\/it\/#website","url":"https:\/\/15131.p.syniva.es\/it\/","name":"Revolution Padel Store","description":"","publisher":{"@id":"https:\/\/15131.p.syniva.es\/it\/#organization"},"potentialAction":[{"@type":"SearchAction","target":{"@type":"EntryPoint","urlTemplate":"https:\/\/15131.p.syniva.es\/it\/?s={search_term_string}"},"query-input":{"@type":"PropertyValueSpecification","valueRequired":true,"valueName":"search_term_string"}}],"inLanguage":"it-IT"},{"@type":"Organization","@id":"https:\/\/15131.p.syniva.es\/it\/#organization","name":"Revolution Padel Store","url":"https:\/\/15131.p.syniva.es\/it\/","logo":{"@type":"ImageObject","inLanguage":"it-IT","@id":"https:\/\/15131.p.syniva.es\/it\/#\/schema\/logo\/image\/","url":"https:\/\/15131.p.syniva.es\/wp-content\/uploads\/2026\/02\/revolution-padel-store.jpg","contentUrl":"https:\/\/15131.p.syniva.es\/wp-content\/uploads\/2026\/02\/revolution-padel-store.jpg","width":2000,"height":2000,"caption":"Revolution Padel Store"},"image":{"@id":"https:\/\/15131.p.syniva.es\/it\/#\/schema\/logo\/image\/"},"sameAs":["https:\/\/www.instagram.com\/revolutionpadelstore\/"]}]}},"_links":{"self":[{"href":"https:\/\/15131.p.syniva.es\/it\/wp-json\/wp\/v2\/product\/72815","targetHints":{"allow":["GET"]}}],"collection":[{"href":"https:\/\/15131.p.syniva.es\/it\/wp-json\/wp\/v2\/product"}],"about":[{"href":"https:\/\/15131.p.syniva.es\/it\/wp-json\/wp\/v2\/types\/product"}],"replies":[{"embeddable":true,"href":"https:\/\/15131.p.syniva.es\/it\/wp-json\/wp\/v2\/comments?post=72815"}],"wp:featuredmedia":[{"embeddable":true,"href":"https:\/\/15131.p.syniva.es\/it\/wp-json\/wp\/v2\/media\/71306"}],"wp:attachment":[{"href":"https:\/\/15131.p.syniva.es\/it\/wp-json\/wp\/v2\/media?parent=72815"}],"wp:term":[{"taxonomy":"acabado","embeddable":true,"href":"https:\/\/15131.p.syniva.es\/it\/wp-json\/wp\/v2\/acabado?post=72815"},{"taxonomy":"balance","embeddable":true,"href":"https:\/\/15131.p.syniva.es\/it\/wp-json\/wp\/v2\/balance?post=72815"},{"taxonomy":"dureza","embeddable":true,"href":"https:\/\/15131.p.syniva.es\/it\/wp-json\/wp\/v2\/dureza?post=72815"},{"taxonomy":"forma","embeddable":true,"href":"https:\/\/15131.p.syniva.es\/it\/wp-json\/wp\/v2\/forma?post=72815"},{"taxonomy":"jugador","embeddable":true,"href":"https:\/\/15131.p.syniva.es\/it\/wp-json\/wp\/v2\/jugador?post=72815"},{"taxonomy":"marca","embeddable":true,"href":"https:\/\/15131.p.syniva.es\/it\/wp-json\/wp\/v2\/marca?post=72815"},{"taxonomy":"nivel-de-juego","embeddable":true,"href":"https:\/\/15131.p.syniva.es\/it\/wp-json\/wp\/v2\/nivel-de-juego?post=72815"},{"taxonomy":"superficie","embeddable":true,"href":"https:\/\/15131.p.syniva.es\/it\/wp-json\/wp\/v2\/superficie?post=72815"},{"taxonomy":"tipo-de-juego","embeddable":true,"href":"https:\/\/15131.p.syniva.es\/it\/wp-json\/wp\/v2\/tipo-de-juego?post=72815"},{"taxonomy":"product_brand","embeddable":true,"href":"https:\/\/15131.p.syniva.es\/it\/wp-json\/wp\/v2\/product_brand?post=72815"},{"taxonomy":"product_cat","embeddable":true,"href":"https:\/\/15131.p.syniva.es\/it\/wp-json\/wp\/v2\/product_cat?post=72815"},{"taxonomy":"product_tag","embeddable":true,"href":"https:\/\/15131.p.syniva.es\/it\/wp-json\/wp\/v2\/product_tag?post=72815"}],"curies":[{"name":"wp","href":"https:\/\/api.w.org\/{rel}","templated":true}]}}