{"id":72865,"date":"2024-09-04T12:17:04","date_gmt":"2024-09-04T10:17:04","guid":{"rendered":"https:\/\/15131.p.syniva.es\/bullpadel-xplo-2025\/"},"modified":"2026-04-09T02:02:09","modified_gmt":"2026-04-09T00:02:09","slug":"bullpadel-xplo-2025","status":"publish","type":"product","link":"https:\/\/15131.p.syniva.es\/it\/prodotto\/bullpadel-xplo-2025\/","title":{"rendered":"BULLPADEL XPLO 2025"},"content":{"rendered":"<p>Bullpadel Xplo 2025 di Mart\u00edn Di Nenno<br \/>\nScopri la Bullpadel XPLO 2025 di Mart\u00edn Di Nenno, la racchetta diamante pi\u00f9 potente mai creata da Bullpadel, progettata per offrire prestazioni esplosive ad ogni colpo. Caratterizzato da un design audace in nero con accenti rossi, XPLO \u00e8 pensato per portare i giochi a un livello superiore. Questa racchetta \u00e8 la scelta ideale per quei giocatori che desiderano massimizzare la propria forza e precisione in campo.<\/p>\n<p>Bullpadel Xplo 2025 per giocatori avanzati<br \/>\nLa XPLO 2025 di Bullpadel \u00e8 perfetta per i giocatori avanzati e professionisti che si caratterizzano per il loro stile offensivo e aggressivo. La sua struttura geometrica e le tecnologie avanzate ti garantiscono di poter padroneggiare ogni punto con potenza e controllo. Se il tuo gioco si basa su attacchi potenti e colpi esplosivi, l&#8217;XPLO sar\u00e0 il tuo alleato perfetto.<\/p>\n<p>Tecnologie Bullpadel Xplo 2025<\/p>\n<p><strong>Smart Holes<\/strong>, fustellatura progettata per la potenza.<\/p>\n<p><strong>Custom Weight<\/strong>, peso personalizzabile fino a 9 grammi.<\/p>\n<p><strong>Hesacore<\/strong> e <strong>Vibradrive<\/strong> per giocare senza fastidio al braccio dovuto alle vibrazioni.<\/p>\n<p>La Bullpadel XPLO 2025 ridefinisce gli standard di potenza nel padel. Con il suo design innovativo e le tecnologie avanzate, questa racchetta non solo ottimizza le tue prestazioni, ma ti permette anche di sentire una connessione totale con il gioco. Non perdere l&#8217;opportunit\u00e0 di trasformare il tuo stile ed elevare il tuo gioco a nuovi livelli con Bullpadel XPLO 2025. Senti l&#8217;energia e domina il campo come mai prima d&#8217;ora!<\/p>\n","protected":false},"excerpt":{"rendered":"<p>La Bullpadel XPLO 2025 \u00e8 la racchetta pi\u00f9 potente del marchio, progettata per i giocatori avanzati che cercano la massima potenza e controllo. Con tecnologie innovative, ridefinisce le prestazioni del padel.<\/p>\n","protected":false},"featured_media":99990,"comment_status":"open","ping_status":"closed","template":"","meta":{"_acf_changed":false,"_joinchat":[]},"acabado":[1091],"balance":[1136],"dureza":[1156],"forma":[1171],"jugador":[1201,1191],"marca":[1256],"nivel-de-juego":[1336,1346],"superficie":[1361],"tipo-de-juego":[1376],"product_brand":[],"product_cat":[301],"product_tag":[],"class_list":{"0":"post-72865","1":"product","2":"type-product","3":"status-publish","4":"has-post-thumbnail","6":"acabado-relieve-3d-it","7":"balance-alto-it","8":"dureza-media-it","9":"forma-diamante-it","10":"jugador-multiuso","11":"jugador-uomo","12":"marca-bullpadel-it","13":"superficie-rugosa-it","14":"tipo-de-juego-potenza","15":"product_cat-palas-de-padel-it","17":"first","18":"instock","19":"sale","20":"taxable","21":"shipping-taxable","22":"purchasable","23":"product-type-simple"},"acf":[],"yoast_head":"<!-- This site is optimized with the Yoast SEO plugin v27.3 - https:\/\/yoast.com\/product\/yoast-seo-wordpress\/ -->\n<title>BULLPADEL XPLO 2025 - Revolution Padel Store<\/title>\n<meta name=\"description\" content=\"La Bullpadel XPLO 2025 es la pala m\u00e1s potente de la marca, dise\u00f1ada para jugadores avanzados que buscan m\u00e1xima potencia y control. Con innovadoras tecnolog\u00edas, redefine el rendimiento en el p\u00e1del.\" \/>\n<meta name=\"robots\" content=\"index, follow, max-snippet:-1, max-image-preview:large, max-video-preview:-1\" \/>\n<link rel=\"canonical\" href=\"https:\/\/15131.p.syniva.es\/it\/prodotto\/bullpadel-xplo-2025\/\" \/>\n<meta property=\"og:locale\" content=\"it_IT\" \/>\n<meta property=\"og:type\" content=\"article\" \/>\n<meta property=\"og:title\" content=\"BULLPADEL XPLO 2025 - Revolution Padel Store\" \/>\n<meta property=\"og:description\" content=\"La Bullpadel XPLO 2025 es la pala m\u00e1s potente de la marca, dise\u00f1ada para jugadores avanzados que buscan m\u00e1xima potencia y control. Con innovadoras tecnolog\u00edas, redefine el rendimiento en el p\u00e1del.\" \/>\n<meta property=\"og:url\" content=\"https:\/\/15131.p.syniva.es\/it\/prodotto\/bullpadel-xplo-2025\/\" \/>\n<meta property=\"og:site_name\" content=\"Revolution Padel Store\" \/>\n<meta property=\"article:modified_time\" content=\"2026-04-09T00:02:09+00:00\" \/>\n<meta property=\"og:image\" content=\"https:\/\/15131.p.syniva.es\/wp-content\/uploads\/2024\/09\/113777_pala_bullpadel_xplo_25_448119_1500x1500_1_d6d0.webp\" \/>\n\t<meta property=\"og:image:width\" content=\"1500\" \/>\n\t<meta property=\"og:image:height\" content=\"1500\" \/>\n\t<meta property=\"og:image:type\" content=\"image\/webp\" \/>\n<meta name=\"twitter:card\" content=\"summary_large_image\" \/>\n<meta name=\"twitter:label1\" content=\"Tempo di lettura stimato\" \/>\n\t<meta name=\"twitter:data1\" content=\"2 minuti\" \/>\n<script type=\"application\/ld+json\" class=\"yoast-schema-graph\">{\"@context\":\"https:\\\/\\\/schema.org\",\"@graph\":[{\"@type\":\"WebPage\",\"@id\":\"https:\\\/\\\/15131.p.syniva.es\\\/it\\\/prodotto\\\/bullpadel-xplo-2025\\\/\",\"url\":\"https:\\\/\\\/15131.p.syniva.es\\\/it\\\/prodotto\\\/bullpadel-xplo-2025\\\/\",\"name\":\"BULLPADEL XPLO 2025 - Revolution Padel Store\",\"isPartOf\":{\"@id\":\"https:\\\/\\\/15131.p.syniva.es\\\/it\\\/#website\"},\"primaryImageOfPage\":{\"@id\":\"https:\\\/\\\/15131.p.syniva.es\\\/it\\\/prodotto\\\/bullpadel-xplo-2025\\\/#primaryimage\"},\"image\":{\"@id\":\"https:\\\/\\\/15131.p.syniva.es\\\/it\\\/prodotto\\\/bullpadel-xplo-2025\\\/#primaryimage\"},\"thumbnailUrl\":\"https:\\\/\\\/15131.p.syniva.es\\\/wp-content\\\/uploads\\\/2024\\\/09\\\/113777_pala_bullpadel_xplo_25_448119_1500x1500_1_d6d0.webp\",\"datePublished\":\"2024-09-04T10:17:04+00:00\",\"dateModified\":\"2026-04-09T00:02:09+00:00\",\"description\":\"La Bullpadel XPLO 2025 es la pala m\u00e1s potente de la marca, dise\u00f1ada para jugadores avanzados que buscan m\u00e1xima potencia y control. Con innovadoras tecnolog\u00edas, redefine el rendimiento en el p\u00e1del.\",\"breadcrumb\":{\"@id\":\"https:\\\/\\\/15131.p.syniva.es\\\/it\\\/prodotto\\\/bullpadel-xplo-2025\\\/#breadcrumb\"},\"inLanguage\":\"it-IT\",\"potentialAction\":[{\"@type\":\"ReadAction\",\"target\":[\"https:\\\/\\\/15131.p.syniva.es\\\/it\\\/prodotto\\\/bullpadel-xplo-2025\\\/\"]}]},{\"@type\":\"ImageObject\",\"inLanguage\":\"it-IT\",\"@id\":\"https:\\\/\\\/15131.p.syniva.es\\\/it\\\/prodotto\\\/bullpadel-xplo-2025\\\/#primaryimage\",\"url\":\"https:\\\/\\\/15131.p.syniva.es\\\/wp-content\\\/uploads\\\/2024\\\/09\\\/113777_pala_bullpadel_xplo_25_448119_1500x1500_1_d6d0.webp\",\"contentUrl\":\"https:\\\/\\\/15131.p.syniva.es\\\/wp-content\\\/uploads\\\/2024\\\/09\\\/113777_pala_bullpadel_xplo_25_448119_1500x1500_1_d6d0.webp\",\"width\":1500,\"height\":1500},{\"@type\":\"BreadcrumbList\",\"@id\":\"https:\\\/\\\/15131.p.syniva.es\\\/it\\\/prodotto\\\/bullpadel-xplo-2025\\\/#breadcrumb\",\"itemListElement\":[{\"@type\":\"ListItem\",\"position\":1,\"name\":\"Portada\",\"item\":\"https:\\\/\\\/15131.p.syniva.es\\\/it\\\/\"},{\"@type\":\"ListItem\",\"position\":2,\"name\":\"Tienda\",\"item\":\"https:\\\/\\\/15131.p.syniva.es\\\/it\\\/tienda\\\/\"},{\"@type\":\"ListItem\",\"position\":3,\"name\":\"BULLPADEL XPLO 2025\"}]},{\"@type\":\"WebSite\",\"@id\":\"https:\\\/\\\/15131.p.syniva.es\\\/it\\\/#website\",\"url\":\"https:\\\/\\\/15131.p.syniva.es\\\/it\\\/\",\"name\":\"Revolution Padel Store\",\"description\":\"\",\"publisher\":{\"@id\":\"https:\\\/\\\/15131.p.syniva.es\\\/it\\\/#organization\"},\"potentialAction\":[{\"@type\":\"SearchAction\",\"target\":{\"@type\":\"EntryPoint\",\"urlTemplate\":\"https:\\\/\\\/15131.p.syniva.es\\\/it\\\/?s={search_term_string}\"},\"query-input\":{\"@type\":\"PropertyValueSpecification\",\"valueRequired\":true,\"valueName\":\"search_term_string\"}}],\"inLanguage\":\"it-IT\"},{\"@type\":\"Organization\",\"@id\":\"https:\\\/\\\/15131.p.syniva.es\\\/it\\\/#organization\",\"name\":\"Revolution Padel Store\",\"url\":\"https:\\\/\\\/15131.p.syniva.es\\\/it\\\/\",\"logo\":{\"@type\":\"ImageObject\",\"inLanguage\":\"it-IT\",\"@id\":\"https:\\\/\\\/15131.p.syniva.es\\\/it\\\/#\\\/schema\\\/logo\\\/image\\\/\",\"url\":\"https:\\\/\\\/15131.p.syniva.es\\\/wp-content\\\/uploads\\\/2026\\\/02\\\/revolution-padel-store.jpg\",\"contentUrl\":\"https:\\\/\\\/15131.p.syniva.es\\\/wp-content\\\/uploads\\\/2026\\\/02\\\/revolution-padel-store.jpg\",\"width\":2000,\"height\":2000,\"caption\":\"Revolution Padel Store\"},\"image\":{\"@id\":\"https:\\\/\\\/15131.p.syniva.es\\\/it\\\/#\\\/schema\\\/logo\\\/image\\\/\"},\"sameAs\":[\"https:\\\/\\\/www.instagram.com\\\/revolutionpadelstore\\\/\"]}]}<\/script>\n<!-- \/ Yoast SEO plugin. -->","yoast_head_json":{"title":"BULLPADEL XPLO 2025 - Revolution Padel Store","description":"La Bullpadel XPLO 2025 es la pala m\u00e1s potente de la marca, dise\u00f1ada para jugadores avanzados que buscan m\u00e1xima potencia y control. Con innovadoras tecnolog\u00edas, redefine el rendimiento en el p\u00e1del.","robots":{"index":"index","follow":"follow","max-snippet":"max-snippet:-1","max-image-preview":"max-image-preview:large","max-video-preview":"max-video-preview:-1"},"canonical":"https:\/\/15131.p.syniva.es\/it\/prodotto\/bullpadel-xplo-2025\/","og_locale":"it_IT","og_type":"article","og_title":"BULLPADEL XPLO 2025 - Revolution Padel Store","og_description":"La Bullpadel XPLO 2025 es la pala m\u00e1s potente de la marca, dise\u00f1ada para jugadores avanzados que buscan m\u00e1xima potencia y control. Con innovadoras tecnolog\u00edas, redefine el rendimiento en el p\u00e1del.","og_url":"https:\/\/15131.p.syniva.es\/it\/prodotto\/bullpadel-xplo-2025\/","og_site_name":"Revolution Padel Store","article_modified_time":"2026-04-09T00:02:09+00:00","og_image":[{"width":1500,"height":1500,"url":"https:\/\/15131.p.syniva.es\/wp-content\/uploads\/2024\/09\/113777_pala_bullpadel_xplo_25_448119_1500x1500_1_d6d0.webp","type":"image\/webp"}],"twitter_card":"summary_large_image","twitter_misc":{"Tempo di lettura stimato":"2 minuti"},"schema":{"@context":"https:\/\/schema.org","@graph":[{"@type":"WebPage","@id":"https:\/\/15131.p.syniva.es\/it\/prodotto\/bullpadel-xplo-2025\/","url":"https:\/\/15131.p.syniva.es\/it\/prodotto\/bullpadel-xplo-2025\/","name":"BULLPADEL XPLO 2025 - Revolution Padel Store","isPartOf":{"@id":"https:\/\/15131.p.syniva.es\/it\/#website"},"primaryImageOfPage":{"@id":"https:\/\/15131.p.syniva.es\/it\/prodotto\/bullpadel-xplo-2025\/#primaryimage"},"image":{"@id":"https:\/\/15131.p.syniva.es\/it\/prodotto\/bullpadel-xplo-2025\/#primaryimage"},"thumbnailUrl":"https:\/\/15131.p.syniva.es\/wp-content\/uploads\/2024\/09\/113777_pala_bullpadel_xplo_25_448119_1500x1500_1_d6d0.webp","datePublished":"2024-09-04T10:17:04+00:00","dateModified":"2026-04-09T00:02:09+00:00","description":"La Bullpadel XPLO 2025 es la pala m\u00e1s potente de la marca, dise\u00f1ada para jugadores avanzados que buscan m\u00e1xima potencia y control. Con innovadoras tecnolog\u00edas, redefine el rendimiento en el p\u00e1del.","breadcrumb":{"@id":"https:\/\/15131.p.syniva.es\/it\/prodotto\/bullpadel-xplo-2025\/#breadcrumb"},"inLanguage":"it-IT","potentialAction":[{"@type":"ReadAction","target":["https:\/\/15131.p.syniva.es\/it\/prodotto\/bullpadel-xplo-2025\/"]}]},{"@type":"ImageObject","inLanguage":"it-IT","@id":"https:\/\/15131.p.syniva.es\/it\/prodotto\/bullpadel-xplo-2025\/#primaryimage","url":"https:\/\/15131.p.syniva.es\/wp-content\/uploads\/2024\/09\/113777_pala_bullpadel_xplo_25_448119_1500x1500_1_d6d0.webp","contentUrl":"https:\/\/15131.p.syniva.es\/wp-content\/uploads\/2024\/09\/113777_pala_bullpadel_xplo_25_448119_1500x1500_1_d6d0.webp","width":1500,"height":1500},{"@type":"BreadcrumbList","@id":"https:\/\/15131.p.syniva.es\/it\/prodotto\/bullpadel-xplo-2025\/#breadcrumb","itemListElement":[{"@type":"ListItem","position":1,"name":"Portada","item":"https:\/\/15131.p.syniva.es\/it\/"},{"@type":"ListItem","position":2,"name":"Tienda","item":"https:\/\/15131.p.syniva.es\/it\/tienda\/"},{"@type":"ListItem","position":3,"name":"BULLPADEL XPLO 2025"}]},{"@type":"WebSite","@id":"https:\/\/15131.p.syniva.es\/it\/#website","url":"https:\/\/15131.p.syniva.es\/it\/","name":"Revolution Padel Store","description":"","publisher":{"@id":"https:\/\/15131.p.syniva.es\/it\/#organization"},"potentialAction":[{"@type":"SearchAction","target":{"@type":"EntryPoint","urlTemplate":"https:\/\/15131.p.syniva.es\/it\/?s={search_term_string}"},"query-input":{"@type":"PropertyValueSpecification","valueRequired":true,"valueName":"search_term_string"}}],"inLanguage":"it-IT"},{"@type":"Organization","@id":"https:\/\/15131.p.syniva.es\/it\/#organization","name":"Revolution Padel Store","url":"https:\/\/15131.p.syniva.es\/it\/","logo":{"@type":"ImageObject","inLanguage":"it-IT","@id":"https:\/\/15131.p.syniva.es\/it\/#\/schema\/logo\/image\/","url":"https:\/\/15131.p.syniva.es\/wp-content\/uploads\/2026\/02\/revolution-padel-store.jpg","contentUrl":"https:\/\/15131.p.syniva.es\/wp-content\/uploads\/2026\/02\/revolution-padel-store.jpg","width":2000,"height":2000,"caption":"Revolution Padel Store"},"image":{"@id":"https:\/\/15131.p.syniva.es\/it\/#\/schema\/logo\/image\/"},"sameAs":["https:\/\/www.instagram.com\/revolutionpadelstore\/"]}]}},"_links":{"self":[{"href":"https:\/\/15131.p.syniva.es\/it\/wp-json\/wp\/v2\/product\/72865","targetHints":{"allow":["GET"]}}],"collection":[{"href":"https:\/\/15131.p.syniva.es\/it\/wp-json\/wp\/v2\/product"}],"about":[{"href":"https:\/\/15131.p.syniva.es\/it\/wp-json\/wp\/v2\/types\/product"}],"replies":[{"embeddable":true,"href":"https:\/\/15131.p.syniva.es\/it\/wp-json\/wp\/v2\/comments?post=72865"}],"wp:featuredmedia":[{"embeddable":true,"href":"https:\/\/15131.p.syniva.es\/it\/wp-json\/wp\/v2\/media\/99990"}],"wp:attachment":[{"href":"https:\/\/15131.p.syniva.es\/it\/wp-json\/wp\/v2\/media?parent=72865"}],"wp:term":[{"taxonomy":"acabado","embeddable":true,"href":"https:\/\/15131.p.syniva.es\/it\/wp-json\/wp\/v2\/acabado?post=72865"},{"taxonomy":"balance","embeddable":true,"href":"https:\/\/15131.p.syniva.es\/it\/wp-json\/wp\/v2\/balance?post=72865"},{"taxonomy":"dureza","embeddable":true,"href":"https:\/\/15131.p.syniva.es\/it\/wp-json\/wp\/v2\/dureza?post=72865"},{"taxonomy":"forma","embeddable":true,"href":"https:\/\/15131.p.syniva.es\/it\/wp-json\/wp\/v2\/forma?post=72865"},{"taxonomy":"jugador","embeddable":true,"href":"https:\/\/15131.p.syniva.es\/it\/wp-json\/wp\/v2\/jugador?post=72865"},{"taxonomy":"marca","embeddable":true,"href":"https:\/\/15131.p.syniva.es\/it\/wp-json\/wp\/v2\/marca?post=72865"},{"taxonomy":"nivel-de-juego","embeddable":true,"href":"https:\/\/15131.p.syniva.es\/it\/wp-json\/wp\/v2\/nivel-de-juego?post=72865"},{"taxonomy":"superficie","embeddable":true,"href":"https:\/\/15131.p.syniva.es\/it\/wp-json\/wp\/v2\/superficie?post=72865"},{"taxonomy":"tipo-de-juego","embeddable":true,"href":"https:\/\/15131.p.syniva.es\/it\/wp-json\/wp\/v2\/tipo-de-juego?post=72865"},{"taxonomy":"product_brand","embeddable":true,"href":"https:\/\/15131.p.syniva.es\/it\/wp-json\/wp\/v2\/product_brand?post=72865"},{"taxonomy":"product_cat","embeddable":true,"href":"https:\/\/15131.p.syniva.es\/it\/wp-json\/wp\/v2\/product_cat?post=72865"},{"taxonomy":"product_tag","embeddable":true,"href":"https:\/\/15131.p.syniva.es\/it\/wp-json\/wp\/v2\/product_tag?post=72865"}],"curies":[{"name":"wp","href":"https:\/\/api.w.org\/{rel}","templated":true}]}}