{"id":93748,"date":"2024-10-12T20:43:03","date_gmt":"2024-10-12T18:43:03","guid":{"rendered":"https:\/\/15131.p.syniva.es\/starvie-brava-2025\/"},"modified":"2026-04-08T10:28:07","modified_gmt":"2026-04-08T08:28:07","slug":"starvie-brava-2025","status":"publish","type":"product","link":"https:\/\/15131.p.syniva.es\/it\/prodotto\/starvie-brava-2025\/","title":{"rendered":"STARVIE BRAVA 2025"},"content":{"rendered":"<p><strong>StarVie Brava 2025: versatilit\u00e0 nel gioco<\/strong><\/p>\n<p>La racchetta padel StarVie Brava 2025, parte della gamma Universe, \u00e8 progettata per offrire prestazioni eccezionali in tutte le situazioni di gioco, rendendola un&#8217;opzione ideale per uno stile di gioco versatile. La sua forma a goccia, con uno sweet spot pi\u00f9 tecnico situato nella parte superiore, massimizza la superficie di impatto, permettendoti di generare notevole potenza nei colpi aerei.<\/p>\n<p><strong>Perfetto per i giocatori intermedi<\/strong><\/p>\n<p>Con il suo design innovativo e la costruzione robusta, realizzata con materiali di alta qualit\u00e0 e tecnologie avanzate, Brava 2025 si posiziona come la scelta preferita per i giocatori di livello intermedio che desiderano migliorare il loro gioco versatile.<\/p>\n<p>I giocatori potranno godere di un eccellente equilibrio tra controllo e potenza, oltre a una notevole uscita della palla. La superficie ruvida degli aerei facilita l&#8217;applicazione degli effetti, permettendo agli avversari di essere sorpresi in modo efficace.<\/p>\n<p><strong>Caratteristiche e tecnologie di StarVie Brava<\/strong><\/p>\n<p style=\"padding-left: 40px\"><strong>-Nucleo:<\/strong> gomma EVA Soft 30 che ottimizza l&#8217;esecuzione del colpo e migliora la velocit\u00e0.<\/p>\n<p style=\"padding-left: 40px\"><strong>-Materiali:<\/strong> pialle realizzate in carbonio 15K, che offrono maggiore comfort, maneggevolezza e flessibilit\u00e0 durante i colpi.<\/p>\n<p style=\"padding-left: 40px\"><strong>-Superficie ruvida:<\/strong> con l&#8217;effetto piano completo a forma di stella, fornisce precisione quando si applica rotazione alla palla.<\/p>\n<p style=\"padding-left: 40px\"><strong>-Assorbimento delle vibrazioni:<\/strong> la tecnologia Noene Inside riduce l&#8217;energia delle vibrazioni per un gioco pi\u00f9 confortevole.<\/p>\n<p style=\"padding-left: 40px\"><strong>-Core Brava:<\/strong> nel cuore della racchetta, questa tecnologia migliora l&#8217;equilibrio e la precisione, riducendo al minimo le vibrazioni.<\/p>\n<p style=\"padding-left: 40px\"><strong>-Bilanciamento ottimale:<\/strong> incorporando il pezzo Star Balance, il peso viene spostato verso il pugno, migliorando l&#8217;accelerazione, l&#8217;agilit\u00e0 e le sensazioni nel gioco.<\/ p ><\/p>\n<p style=\"padding-left: 40px\"><strong>-Rigidit\u00e0 e aerodinamica:<\/strong> La tecnologia Five Side applicata al profilo aumenta la rigidit\u00e0 e migliora l&#8217;aerodinamica della pala.<\/p>\n<p style=\"padding-left: 40px\"><strong>-Design e peso:<\/strong> forma a goccia, sweet spot alto e peso che varia tra 350 e 380 grammi.<\/p>\n<p style=\"padding-left: 40px\"><strong>-Produzione artigianale:<\/strong> Prodotto realizzato al 100% in Spagna, garantendo qualit\u00e0 e attenzione ai dettagli.<\/p>\n<p>Acquista la racchetta da padel StarVie Brava 2025 su Revolution Padel Store e sperimenta una versatilit\u00e0 senza pari. Affronta qualsiasi situazione in pista con sicurezza, grazie alla sua combinazione di controllo, potenza e la tecnologia avanzata delle sue pialle in carbonio 15K grezzo.<strong>StarVie Brava 2025: Versatilidad en el Juego<\/strong><\/p>\n","protected":false},"excerpt":{"rendered":"<p>Racchetta StarVie Brava 2025 a forma di goccia con bilanciamento elevato, ideale per giocatori versatili di livello intermedio. Aerei in carbonio 15K con effetto aereo completo.<\/p>\n","protected":false},"featured_media":93513,"comment_status":"open","ping_status":"closed","template":"","meta":{"_acf_changed":false,"_joinchat":[]},"acabado":[1106],"balance":[1136],"dureza":[1151],"forma":[1186],"jugador":[1201,1191],"marca":[1291],"nivel-de-juego":[1341],"superficie":[1361],"tipo-de-juego":[1386],"product_brand":[],"product_cat":[301],"product_tag":[],"class_list":{"0":"post-93748","1":"product","2":"type-product","3":"status-publish","4":"has-post-thumbnail","6":"acabado-rugoso-it","7":"balance-alto-it","8":"dureza-blanda-it","9":"forma-lagrima-it","10":"jugador-multiuso","11":"jugador-uomo","12":"marca-starvie-it","13":"superficie-rugosa-it","14":"tipo-de-juego-multiuso","15":"product_cat-palas-de-padel-it","17":"first","18":"instock","19":"sale","20":"taxable","21":"shipping-taxable","22":"purchasable","23":"product-type-simple"},"acf":[],"yoast_head":"<!-- This site is optimized with the Yoast SEO plugin v27.3 - https:\/\/yoast.com\/product\/yoast-seo-wordpress\/ -->\n<title>STARVIE BRAVA 2025 - Revolution Padel Store<\/title>\n<meta name=\"description\" content=\"La pala de p\u00e1del StarVie Brava 2025, de la gama Universe, se enfoca en brindar el mejor rendimiento en todo momento para lograr un juego polivalente en el terreno de juego. Su forma de l\u00e1grima, con punto dulce m\u00e1s t\u00e9cnico ubicado en la parte superior, aumenta la superficie de golpeo y permite generar mucha m\u00e1s potencia en el juego a\u00e9reo.\" \/>\n<meta name=\"robots\" content=\"index, follow, max-snippet:-1, max-image-preview:large, max-video-preview:-1\" \/>\n<link rel=\"canonical\" href=\"https:\/\/15131.p.syniva.es\/it\/prodotto\/starvie-brava-2025\/\" \/>\n<meta property=\"og:locale\" content=\"it_IT\" \/>\n<meta property=\"og:type\" content=\"article\" \/>\n<meta property=\"og:title\" content=\"STARVIE BRAVA 2025 - Revolution Padel Store\" \/>\n<meta property=\"og:description\" content=\"La pala de p\u00e1del StarVie Brava 2025, de la gama Universe, se enfoca en brindar el mejor rendimiento en todo momento para lograr un juego polivalente en el terreno de juego. Su forma de l\u00e1grima, con punto dulce m\u00e1s t\u00e9cnico ubicado en la parte superior, aumenta la superficie de golpeo y permite generar mucha m\u00e1s potencia en el juego a\u00e9reo.\" \/>\n<meta property=\"og:url\" content=\"https:\/\/15131.p.syniva.es\/it\/prodotto\/starvie-brava-2025\/\" \/>\n<meta property=\"og:site_name\" content=\"Revolution Padel Store\" \/>\n<meta property=\"article:modified_time\" content=\"2026-04-08T08:28:07+00:00\" \/>\n<meta property=\"og:image\" content=\"https:\/\/15131.p.syniva.es\/wp-content\/uploads\/2024\/10\/pala-starvie-brava-soft-2025-1-800x800-1.jpg\" \/>\n\t<meta property=\"og:image:width\" content=\"800\" \/>\n\t<meta property=\"og:image:height\" content=\"800\" \/>\n\t<meta property=\"og:image:type\" content=\"image\/jpeg\" \/>\n<meta name=\"twitter:card\" content=\"summary_large_image\" \/>\n<meta name=\"twitter:label1\" content=\"Tempo di lettura stimato\" \/>\n\t<meta name=\"twitter:data1\" content=\"2 minuti\" \/>\n<script type=\"application\/ld+json\" class=\"yoast-schema-graph\">{\"@context\":\"https:\\\/\\\/schema.org\",\"@graph\":[{\"@type\":\"WebPage\",\"@id\":\"https:\\\/\\\/15131.p.syniva.es\\\/it\\\/prodotto\\\/starvie-brava-2025\\\/\",\"url\":\"https:\\\/\\\/15131.p.syniva.es\\\/it\\\/prodotto\\\/starvie-brava-2025\\\/\",\"name\":\"STARVIE BRAVA 2025 - Revolution Padel Store\",\"isPartOf\":{\"@id\":\"https:\\\/\\\/15131.p.syniva.es\\\/it\\\/#website\"},\"primaryImageOfPage\":{\"@id\":\"https:\\\/\\\/15131.p.syniva.es\\\/it\\\/prodotto\\\/starvie-brava-2025\\\/#primaryimage\"},\"image\":{\"@id\":\"https:\\\/\\\/15131.p.syniva.es\\\/it\\\/prodotto\\\/starvie-brava-2025\\\/#primaryimage\"},\"thumbnailUrl\":\"https:\\\/\\\/15131.p.syniva.es\\\/wp-content\\\/uploads\\\/2024\\\/10\\\/pala-starvie-brava-soft-2025-1-800x800-1.jpg\",\"datePublished\":\"2024-10-12T18:43:03+00:00\",\"dateModified\":\"2026-04-08T08:28:07+00:00\",\"description\":\"La pala de p\u00e1del StarVie Brava 2025, de la gama Universe, se enfoca en brindar el mejor rendimiento en todo momento para lograr un juego polivalente en el terreno de juego. Su forma de l\u00e1grima, con punto dulce m\u00e1s t\u00e9cnico ubicado en la parte superior, aumenta la superficie de golpeo y permite generar mucha m\u00e1s potencia en el juego a\u00e9reo.\",\"breadcrumb\":{\"@id\":\"https:\\\/\\\/15131.p.syniva.es\\\/it\\\/prodotto\\\/starvie-brava-2025\\\/#breadcrumb\"},\"inLanguage\":\"it-IT\",\"potentialAction\":[{\"@type\":\"ReadAction\",\"target\":[\"https:\\\/\\\/15131.p.syniva.es\\\/it\\\/prodotto\\\/starvie-brava-2025\\\/\"]}]},{\"@type\":\"ImageObject\",\"inLanguage\":\"it-IT\",\"@id\":\"https:\\\/\\\/15131.p.syniva.es\\\/it\\\/prodotto\\\/starvie-brava-2025\\\/#primaryimage\",\"url\":\"https:\\\/\\\/15131.p.syniva.es\\\/wp-content\\\/uploads\\\/2024\\\/10\\\/pala-starvie-brava-soft-2025-1-800x800-1.jpg\",\"contentUrl\":\"https:\\\/\\\/15131.p.syniva.es\\\/wp-content\\\/uploads\\\/2024\\\/10\\\/pala-starvie-brava-soft-2025-1-800x800-1.jpg\",\"width\":800,\"height\":800},{\"@type\":\"BreadcrumbList\",\"@id\":\"https:\\\/\\\/15131.p.syniva.es\\\/it\\\/prodotto\\\/starvie-brava-2025\\\/#breadcrumb\",\"itemListElement\":[{\"@type\":\"ListItem\",\"position\":1,\"name\":\"Portada\",\"item\":\"https:\\\/\\\/15131.p.syniva.es\\\/it\\\/\"},{\"@type\":\"ListItem\",\"position\":2,\"name\":\"Tienda\",\"item\":\"https:\\\/\\\/15131.p.syniva.es\\\/it\\\/tienda\\\/\"},{\"@type\":\"ListItem\",\"position\":3,\"name\":\"STARVIE BRAVA 2025\"}]},{\"@type\":\"WebSite\",\"@id\":\"https:\\\/\\\/15131.p.syniva.es\\\/it\\\/#website\",\"url\":\"https:\\\/\\\/15131.p.syniva.es\\\/it\\\/\",\"name\":\"Revolution Padel Store\",\"description\":\"\",\"publisher\":{\"@id\":\"https:\\\/\\\/15131.p.syniva.es\\\/it\\\/#organization\"},\"potentialAction\":[{\"@type\":\"SearchAction\",\"target\":{\"@type\":\"EntryPoint\",\"urlTemplate\":\"https:\\\/\\\/15131.p.syniva.es\\\/it\\\/?s={search_term_string}\"},\"query-input\":{\"@type\":\"PropertyValueSpecification\",\"valueRequired\":true,\"valueName\":\"search_term_string\"}}],\"inLanguage\":\"it-IT\"},{\"@type\":\"Organization\",\"@id\":\"https:\\\/\\\/15131.p.syniva.es\\\/it\\\/#organization\",\"name\":\"Revolution Padel Store\",\"url\":\"https:\\\/\\\/15131.p.syniva.es\\\/it\\\/\",\"logo\":{\"@type\":\"ImageObject\",\"inLanguage\":\"it-IT\",\"@id\":\"https:\\\/\\\/15131.p.syniva.es\\\/it\\\/#\\\/schema\\\/logo\\\/image\\\/\",\"url\":\"https:\\\/\\\/15131.p.syniva.es\\\/wp-content\\\/uploads\\\/2026\\\/02\\\/revolution-padel-store.jpg\",\"contentUrl\":\"https:\\\/\\\/15131.p.syniva.es\\\/wp-content\\\/uploads\\\/2026\\\/02\\\/revolution-padel-store.jpg\",\"width\":2000,\"height\":2000,\"caption\":\"Revolution Padel Store\"},\"image\":{\"@id\":\"https:\\\/\\\/15131.p.syniva.es\\\/it\\\/#\\\/schema\\\/logo\\\/image\\\/\"},\"sameAs\":[\"https:\\\/\\\/www.instagram.com\\\/revolutionpadelstore\\\/\"]}]}<\/script>\n<!-- \/ Yoast SEO plugin. -->","yoast_head_json":{"title":"STARVIE BRAVA 2025 - Revolution Padel Store","description":"La pala de p\u00e1del StarVie Brava 2025, de la gama Universe, se enfoca en brindar el mejor rendimiento en todo momento para lograr un juego polivalente en el terreno de juego. Su forma de l\u00e1grima, con punto dulce m\u00e1s t\u00e9cnico ubicado en la parte superior, aumenta la superficie de golpeo y permite generar mucha m\u00e1s potencia en el juego a\u00e9reo.","robots":{"index":"index","follow":"follow","max-snippet":"max-snippet:-1","max-image-preview":"max-image-preview:large","max-video-preview":"max-video-preview:-1"},"canonical":"https:\/\/15131.p.syniva.es\/it\/prodotto\/starvie-brava-2025\/","og_locale":"it_IT","og_type":"article","og_title":"STARVIE BRAVA 2025 - Revolution Padel Store","og_description":"La pala de p\u00e1del StarVie Brava 2025, de la gama Universe, se enfoca en brindar el mejor rendimiento en todo momento para lograr un juego polivalente en el terreno de juego. Su forma de l\u00e1grima, con punto dulce m\u00e1s t\u00e9cnico ubicado en la parte superior, aumenta la superficie de golpeo y permite generar mucha m\u00e1s potencia en el juego a\u00e9reo.","og_url":"https:\/\/15131.p.syniva.es\/it\/prodotto\/starvie-brava-2025\/","og_site_name":"Revolution Padel Store","article_modified_time":"2026-04-08T08:28:07+00:00","og_image":[{"width":800,"height":800,"url":"https:\/\/15131.p.syniva.es\/wp-content\/uploads\/2024\/10\/pala-starvie-brava-soft-2025-1-800x800-1.jpg","type":"image\/jpeg"}],"twitter_card":"summary_large_image","twitter_misc":{"Tempo di lettura stimato":"2 minuti"},"schema":{"@context":"https:\/\/schema.org","@graph":[{"@type":"WebPage","@id":"https:\/\/15131.p.syniva.es\/it\/prodotto\/starvie-brava-2025\/","url":"https:\/\/15131.p.syniva.es\/it\/prodotto\/starvie-brava-2025\/","name":"STARVIE BRAVA 2025 - Revolution Padel Store","isPartOf":{"@id":"https:\/\/15131.p.syniva.es\/it\/#website"},"primaryImageOfPage":{"@id":"https:\/\/15131.p.syniva.es\/it\/prodotto\/starvie-brava-2025\/#primaryimage"},"image":{"@id":"https:\/\/15131.p.syniva.es\/it\/prodotto\/starvie-brava-2025\/#primaryimage"},"thumbnailUrl":"https:\/\/15131.p.syniva.es\/wp-content\/uploads\/2024\/10\/pala-starvie-brava-soft-2025-1-800x800-1.jpg","datePublished":"2024-10-12T18:43:03+00:00","dateModified":"2026-04-08T08:28:07+00:00","description":"La pala de p\u00e1del StarVie Brava 2025, de la gama Universe, se enfoca en brindar el mejor rendimiento en todo momento para lograr un juego polivalente en el terreno de juego. Su forma de l\u00e1grima, con punto dulce m\u00e1s t\u00e9cnico ubicado en la parte superior, aumenta la superficie de golpeo y permite generar mucha m\u00e1s potencia en el juego a\u00e9reo.","breadcrumb":{"@id":"https:\/\/15131.p.syniva.es\/it\/prodotto\/starvie-brava-2025\/#breadcrumb"},"inLanguage":"it-IT","potentialAction":[{"@type":"ReadAction","target":["https:\/\/15131.p.syniva.es\/it\/prodotto\/starvie-brava-2025\/"]}]},{"@type":"ImageObject","inLanguage":"it-IT","@id":"https:\/\/15131.p.syniva.es\/it\/prodotto\/starvie-brava-2025\/#primaryimage","url":"https:\/\/15131.p.syniva.es\/wp-content\/uploads\/2024\/10\/pala-starvie-brava-soft-2025-1-800x800-1.jpg","contentUrl":"https:\/\/15131.p.syniva.es\/wp-content\/uploads\/2024\/10\/pala-starvie-brava-soft-2025-1-800x800-1.jpg","width":800,"height":800},{"@type":"BreadcrumbList","@id":"https:\/\/15131.p.syniva.es\/it\/prodotto\/starvie-brava-2025\/#breadcrumb","itemListElement":[{"@type":"ListItem","position":1,"name":"Portada","item":"https:\/\/15131.p.syniva.es\/it\/"},{"@type":"ListItem","position":2,"name":"Tienda","item":"https:\/\/15131.p.syniva.es\/it\/tienda\/"},{"@type":"ListItem","position":3,"name":"STARVIE BRAVA 2025"}]},{"@type":"WebSite","@id":"https:\/\/15131.p.syniva.es\/it\/#website","url":"https:\/\/15131.p.syniva.es\/it\/","name":"Revolution Padel Store","description":"","publisher":{"@id":"https:\/\/15131.p.syniva.es\/it\/#organization"},"potentialAction":[{"@type":"SearchAction","target":{"@type":"EntryPoint","urlTemplate":"https:\/\/15131.p.syniva.es\/it\/?s={search_term_string}"},"query-input":{"@type":"PropertyValueSpecification","valueRequired":true,"valueName":"search_term_string"}}],"inLanguage":"it-IT"},{"@type":"Organization","@id":"https:\/\/15131.p.syniva.es\/it\/#organization","name":"Revolution Padel Store","url":"https:\/\/15131.p.syniva.es\/it\/","logo":{"@type":"ImageObject","inLanguage":"it-IT","@id":"https:\/\/15131.p.syniva.es\/it\/#\/schema\/logo\/image\/","url":"https:\/\/15131.p.syniva.es\/wp-content\/uploads\/2026\/02\/revolution-padel-store.jpg","contentUrl":"https:\/\/15131.p.syniva.es\/wp-content\/uploads\/2026\/02\/revolution-padel-store.jpg","width":2000,"height":2000,"caption":"Revolution Padel Store"},"image":{"@id":"https:\/\/15131.p.syniva.es\/it\/#\/schema\/logo\/image\/"},"sameAs":["https:\/\/www.instagram.com\/revolutionpadelstore\/"]}]}},"_links":{"self":[{"href":"https:\/\/15131.p.syniva.es\/it\/wp-json\/wp\/v2\/product\/93748","targetHints":{"allow":["GET"]}}],"collection":[{"href":"https:\/\/15131.p.syniva.es\/it\/wp-json\/wp\/v2\/product"}],"about":[{"href":"https:\/\/15131.p.syniva.es\/it\/wp-json\/wp\/v2\/types\/product"}],"replies":[{"embeddable":true,"href":"https:\/\/15131.p.syniva.es\/it\/wp-json\/wp\/v2\/comments?post=93748"}],"wp:featuredmedia":[{"embeddable":true,"href":"https:\/\/15131.p.syniva.es\/it\/wp-json\/wp\/v2\/media\/93513"}],"wp:attachment":[{"href":"https:\/\/15131.p.syniva.es\/it\/wp-json\/wp\/v2\/media?parent=93748"}],"wp:term":[{"taxonomy":"acabado","embeddable":true,"href":"https:\/\/15131.p.syniva.es\/it\/wp-json\/wp\/v2\/acabado?post=93748"},{"taxonomy":"balance","embeddable":true,"href":"https:\/\/15131.p.syniva.es\/it\/wp-json\/wp\/v2\/balance?post=93748"},{"taxonomy":"dureza","embeddable":true,"href":"https:\/\/15131.p.syniva.es\/it\/wp-json\/wp\/v2\/dureza?post=93748"},{"taxonomy":"forma","embeddable":true,"href":"https:\/\/15131.p.syniva.es\/it\/wp-json\/wp\/v2\/forma?post=93748"},{"taxonomy":"jugador","embeddable":true,"href":"https:\/\/15131.p.syniva.es\/it\/wp-json\/wp\/v2\/jugador?post=93748"},{"taxonomy":"marca","embeddable":true,"href":"https:\/\/15131.p.syniva.es\/it\/wp-json\/wp\/v2\/marca?post=93748"},{"taxonomy":"nivel-de-juego","embeddable":true,"href":"https:\/\/15131.p.syniva.es\/it\/wp-json\/wp\/v2\/nivel-de-juego?post=93748"},{"taxonomy":"superficie","embeddable":true,"href":"https:\/\/15131.p.syniva.es\/it\/wp-json\/wp\/v2\/superficie?post=93748"},{"taxonomy":"tipo-de-juego","embeddable":true,"href":"https:\/\/15131.p.syniva.es\/it\/wp-json\/wp\/v2\/tipo-de-juego?post=93748"},{"taxonomy":"product_brand","embeddable":true,"href":"https:\/\/15131.p.syniva.es\/it\/wp-json\/wp\/v2\/product_brand?post=93748"},{"taxonomy":"product_cat","embeddable":true,"href":"https:\/\/15131.p.syniva.es\/it\/wp-json\/wp\/v2\/product_cat?post=93748"},{"taxonomy":"product_tag","embeddable":true,"href":"https:\/\/15131.p.syniva.es\/it\/wp-json\/wp\/v2\/product_tag?post=93748"}],"curies":[{"name":"wp","href":"https:\/\/api.w.org\/{rel}","templated":true}]}}