{"id":99160,"date":"2024-10-15T08:43:53","date_gmt":"2024-10-15T06:43:53","guid":{"rendered":"https:\/\/15131.p.syniva.es\/head-one-ultralight-white\/"},"modified":"2026-04-08T10:25:05","modified_gmt":"2026-04-08T08:25:05","slug":"head-one-ultralight-white-4","status":"publish","type":"product","link":"https:\/\/15131.p.syniva.es\/it\/prodotto\/head-one-ultralight-white-4\/","title":{"rendered":"HEAD ONE ULTRALIGHT WHITE"},"content":{"rendered":"<p>La racchetta ONE ULTRALIGHT \u00e8 un&#8217;innovazione che rivoluzioner\u00e0 il padel, essendo la racchetta per adulti pi\u00f9 leggera sul mercato, con un peso di soli 300 grammi. Progettata per facilitare l&#8217;apprendimento e migliorare il tuo livello di gioco divertendoti, questa racchetta premium presenta un nuovo stampo arrotondato. Mantiene uno spessore del telaio di 38 mm e presenta una superficie di dimensioni standard, oltre a un&#8217;impugnatura pi\u00f9 lunga che aumenta il comfort e fornisce ulteriore supporto su colpi come il rovescio.<\/p>\n<p>La superficie di battuta \u00e8 realizzata in carbonio 12K, che garantisce una migliore uscita della palla. La sua tecnologia Auxetic 2.0 migliora la sensibilit\u00e0 e la connessione con la palla, mentre il soft plug nell&#8217;impugnatura riduce le vibrazioni, aumentando il comfort. Per facilitare la generazione di effetti, include la tecnologia Spin Surface, mentre la gomma Comfort Foam ottimizza lo sweet spot, consentendo un gioco pi\u00f9 accessibile.<\/p>\n<p style=\"padding-left: 40px\">-La racchetta da paddle pi\u00f9 leggera sul mercato: 300 grammi.<\/p>\n<p style=\"padding-left: 40px\">-Maneggevole e comodo, ideale per un gioco semplice.<\/p>\n<p style=\"padding-left: 40px\">-Nuovo design arrotondato e manico pi\u00f9 lungo.<\/p>\n<p style=\"padding-left: 40px\">-Tecnologia HEAD ONE per una durata eccezionale.<\/p>\n<p style=\"padding-left: 40px\">&#8211; Superficie di impatto in carbonio 12K per una migliore uscita della palla.<\/p>\n<p style=\"padding-left: 40px\">-Comfort Foam per uno sweet spot migliorato.<\/p>\n<p style=\"padding-left: 40px\">-Ruota la superficie per facilitare la generazione di effetti.<\/p>\n<p style=\"padding-left: 40px\">&#8211; Tecnologia Auxetic 2.0 per un migliore tocco con la palla.<\/p>\n<p style=\"padding-left: 40px\">-Impugnatura con cappuccio morbido che riduce le vibrazioni.<\/p>\n<p style=\"padding-left: 40px\">-Sistema di protezione integrato.<\/p>\n<h3 class=\"nome-funzione ng-binding\">Auxetic 2.0<\/h3>\n<p><span class=\"value\"><span class=\"ng-binding\">La tecnologia auxetica \u00e8 stata migliorata nella sua seconda versione e ora \u00e8 posizionata sia nella zona del ponte che nella barra centrale in carbonio lungo il manico. In questo modo, dopo aver colpito la palla, la struttura interna reagisce trasmettendo il colpo dalla faccia, attraverso il ponte, e direttamente dall&#8217;impugnatura alla mano. Questo d\u00e0 un&#8217;incredibile sensazione di impatto su ogni tiro, aumentando la fiducia nel tuo gioco.<\/span> <\/span><\/p>\n<h3 class=\"feature-name ng-binding\">Schiuma confortevole<\/h3>\n<p><span class=\"value\"><span class=\"ng-binding\">COMFORT FOAM: \u00e8 la gomma ideale per il giocatore che desidera il massimo comfort. Assorbe le vibrazioni aumentando la potenza dei tuoi colpi.<\/span> <\/span><\/p>\n<h3 class=\"nome-funzione ng-binding\">Ruota superficie<\/h3>\n<p><span class=\"value\"><span class=\"ng-binding\">Tecnologia laccata ruvida sulla faccia che aiuta a generare pi\u00f9 effetti, con presa della palla extra all&#8217;impatto.<\/span> <\/span><\/p>\n<h3 class=\"nome-funzione ng-binding\">12K CARBONIO<\/h3>\n<p><span class=\"value\"><span class=\"ng-binding\">Superficie sorprendente realizzata in fibra di carbonio 12K ultraleggera, che offre rigidit\u00e0 e durezza aggiuntive, maggiore resistenza e un tocco magnifico. Questa fibra di carbonio \u00e8 ideale per aggiungere precisione ed esplosivit\u00e0 al tuo gioco.<\/span> <\/span><\/p>\n<h3 class=\"feature-name ng-binding\">Sistema di protezione integrato (IPS)<\/h3>\n<p><span class=\"value\"><span class=\"ng-binding\">IPS \u00e8 una protezione in carbonio incorporata nello stampo che protegge la tua racchetta da urti e graffi, prolungando cos\u00ec la vita della tua racchetta.<\/span> <\/p>\n<h3 class=\"nome-funzione ng-binding\">Smart Bridge<\/h3>\n<p><span class=\"value\"><span class=\"ng-binding\">Ogni racchetta ha il suo DNA. La tecnologia Smart Bridge \u00e8 lo sviluppo specifico e unico dell&#8217;area del ponte per offrire diversi vantaggi adattandosi alle esigenze di ciascuna pala<\/p>\n<h3 class=\"feature-name ng-binding\">Cappuccio morbido<\/h3>\n<p><span class=\"value\"><span class=\"ng-binding\">Il nuovo cappuccio \u00e8 realizzato in materiale morbido che fornisce una presa comoda e morbida.<br \/>\nCon finitura arancione, serve a ridurre le vibrazioni e la pressione, prevenendo lesioni e vesciche alle mani.<\/span> <\/span><\/p>\n<p style=\"padding-left: 40px\">-La pala m\u00e1s ligera del mercado: 300 gramos.<\/p>\n","protected":false},"excerpt":{"rendered":"<p>La racchetta ONE ULTRALIGHT \u00e8 un&#8217;innovazione che rivoluzioner\u00e0 il padel, essendo la racchetta per adulti pi\u00f9 leggera sul mercato, con un peso di soli 300 grammi.<\/p>\n","protected":false},"featured_media":99101,"comment_status":"open","ping_status":"closed","template":"","meta":{"_acf_changed":false,"_joinchat":[]},"acabado":[1106],"balance":[1146],"dureza":[1151],"forma":[1181],"jugador":[1196],"marca":[1221],"nivel-de-juego":[1341,1351],"superficie":[1361],"tipo-de-juego":[1371],"product_brand":[],"product_cat":[301],"product_tag":[],"class_list":{"0":"post-99160","1":"product","2":"type-product","3":"status-publish","4":"has-post-thumbnail","6":"acabado-rugoso-it","7":"balance-basso","8":"dureza-blanda-it","9":"forma-rotondo","10":"jugador-mujer-it","11":"marca-testa","12":"superficie-rugosa-it","13":"tipo-de-juego-controllo","14":"product_cat-palas-de-padel-it","16":"first","17":"instock","18":"sale","19":"taxable","20":"shipping-taxable","21":"purchasable","22":"product-type-simple"},"acf":[],"yoast_head":"<!-- This site is optimized with the Yoast SEO plugin v27.4 - https:\/\/yoast.com\/product\/yoast-seo-wordpress\/ -->\n<title>HEAD ONE ULTRALIGHT WHITE - Revolution Padel Store<\/title>\n<meta name=\"description\" content=\"La pala ONE ULTRALIGHT es una innovaci\u00f3n que revolucionar\u00e1 el p\u00e1del, siendo la pala m\u00e1s ligera del mercado para adultos, con un peso de solo 300 gramos. Dise\u00f1ada para facilitar el aprendizaje y mejorar tu nivel de juego mientras te diviertes, esta pala premium presenta un nuevo molde redondeado. Mantiene un grosor de 38 mm en el marco y cuenta con una superficie de tama\u00f1o est\u00e1ndar, adem\u00e1s de una empu\u00f1adura m\u00e1s larga que aumenta la comodidad y proporciona soporte adicional en golpes como el rev\u00e9s.\" \/>\n<meta name=\"robots\" content=\"index, follow, max-snippet:-1, max-image-preview:large, max-video-preview:-1\" \/>\n<link rel=\"canonical\" href=\"https:\/\/15131.p.syniva.es\/it\/prodotto\/head-one-ultralight-white-4\/\" \/>\n<meta property=\"og:locale\" content=\"it_IT\" \/>\n<meta property=\"og:type\" content=\"article\" \/>\n<meta property=\"og:title\" content=\"HEAD ONE ULTRALIGHT WHITE - Revolution Padel Store\" \/>\n<meta property=\"og:description\" content=\"La pala ONE ULTRALIGHT es una innovaci\u00f3n que revolucionar\u00e1 el p\u00e1del, siendo la pala m\u00e1s ligera del mercado para adultos, con un peso de solo 300 gramos. Dise\u00f1ada para facilitar el aprendizaje y mejorar tu nivel de juego mientras te diviertes, esta pala premium presenta un nuevo molde redondeado. Mantiene un grosor de 38 mm en el marco y cuenta con una superficie de tama\u00f1o est\u00e1ndar, adem\u00e1s de una empu\u00f1adura m\u00e1s larga que aumenta la comodidad y proporciona soporte adicional en golpes como el rev\u00e9s.\" \/>\n<meta property=\"og:url\" content=\"https:\/\/15131.p.syniva.es\/it\/prodotto\/head-one-ultralight-white-4\/\" \/>\n<meta property=\"og:site_name\" content=\"Revolution Padel Store\" \/>\n<meta property=\"article:modified_time\" content=\"2026-04-08T08:25:05+00:00\" \/>\n<meta property=\"og:image\" content=\"https:\/\/15131.p.syniva.es\/wp-content\/uploads\/2024\/10\/502159.jpg\" \/>\n\t<meta property=\"og:image:width\" content=\"800\" \/>\n\t<meta property=\"og:image:height\" content=\"800\" \/>\n\t<meta property=\"og:image:type\" content=\"image\/jpeg\" \/>\n<meta name=\"twitter:card\" content=\"summary_large_image\" \/>\n<meta name=\"twitter:label1\" content=\"Tempo di lettura stimato\" \/>\n\t<meta name=\"twitter:data1\" content=\"3 minuti\" \/>\n<script type=\"application\/ld+json\" class=\"yoast-schema-graph\">{\"@context\":\"https:\\\/\\\/schema.org\",\"@graph\":[{\"@type\":\"WebPage\",\"@id\":\"https:\\\/\\\/15131.p.syniva.es\\\/it\\\/prodotto\\\/head-one-ultralight-white-4\\\/\",\"url\":\"https:\\\/\\\/15131.p.syniva.es\\\/it\\\/prodotto\\\/head-one-ultralight-white-4\\\/\",\"name\":\"HEAD ONE ULTRALIGHT WHITE - Revolution Padel Store\",\"isPartOf\":{\"@id\":\"https:\\\/\\\/15131.p.syniva.es\\\/it\\\/#website\"},\"primaryImageOfPage\":{\"@id\":\"https:\\\/\\\/15131.p.syniva.es\\\/it\\\/prodotto\\\/head-one-ultralight-white-4\\\/#primaryimage\"},\"image\":{\"@id\":\"https:\\\/\\\/15131.p.syniva.es\\\/it\\\/prodotto\\\/head-one-ultralight-white-4\\\/#primaryimage\"},\"thumbnailUrl\":\"https:\\\/\\\/15131.p.syniva.es\\\/wp-content\\\/uploads\\\/2024\\\/10\\\/502159.jpg\",\"datePublished\":\"2024-10-15T06:43:53+00:00\",\"dateModified\":\"2026-04-08T08:25:05+00:00\",\"description\":\"La pala ONE ULTRALIGHT es una innovaci\u00f3n que revolucionar\u00e1 el p\u00e1del, siendo la pala m\u00e1s ligera del mercado para adultos, con un peso de solo 300 gramos. Dise\u00f1ada para facilitar el aprendizaje y mejorar tu nivel de juego mientras te diviertes, esta pala premium presenta un nuevo molde redondeado. Mantiene un grosor de 38 mm en el marco y cuenta con una superficie de tama\u00f1o est\u00e1ndar, adem\u00e1s de una empu\u00f1adura m\u00e1s larga que aumenta la comodidad y proporciona soporte adicional en golpes como el rev\u00e9s.\",\"breadcrumb\":{\"@id\":\"https:\\\/\\\/15131.p.syniva.es\\\/it\\\/prodotto\\\/head-one-ultralight-white-4\\\/#breadcrumb\"},\"inLanguage\":\"it-IT\",\"potentialAction\":[{\"@type\":\"ReadAction\",\"target\":[\"https:\\\/\\\/15131.p.syniva.es\\\/it\\\/prodotto\\\/head-one-ultralight-white-4\\\/\"]}]},{\"@type\":\"ImageObject\",\"inLanguage\":\"it-IT\",\"@id\":\"https:\\\/\\\/15131.p.syniva.es\\\/it\\\/prodotto\\\/head-one-ultralight-white-4\\\/#primaryimage\",\"url\":\"https:\\\/\\\/15131.p.syniva.es\\\/wp-content\\\/uploads\\\/2024\\\/10\\\/502159.jpg\",\"contentUrl\":\"https:\\\/\\\/15131.p.syniva.es\\\/wp-content\\\/uploads\\\/2024\\\/10\\\/502159.jpg\",\"width\":800,\"height\":800},{\"@type\":\"BreadcrumbList\",\"@id\":\"https:\\\/\\\/15131.p.syniva.es\\\/it\\\/prodotto\\\/head-one-ultralight-white-4\\\/#breadcrumb\",\"itemListElement\":[{\"@type\":\"ListItem\",\"position\":1,\"name\":\"Portada\",\"item\":\"https:\\\/\\\/15131.p.syniva.es\\\/it\\\/\"},{\"@type\":\"ListItem\",\"position\":2,\"name\":\"Tienda\",\"item\":\"https:\\\/\\\/15131.p.syniva.es\\\/it\\\/tienda\\\/\"},{\"@type\":\"ListItem\",\"position\":3,\"name\":\"HEAD ONE ULTRALIGHT WHITE\"}]},{\"@type\":\"WebSite\",\"@id\":\"https:\\\/\\\/15131.p.syniva.es\\\/it\\\/#website\",\"url\":\"https:\\\/\\\/15131.p.syniva.es\\\/it\\\/\",\"name\":\"Revolution Padel Store\",\"description\":\"\",\"publisher\":{\"@id\":\"https:\\\/\\\/15131.p.syniva.es\\\/it\\\/#organization\"},\"potentialAction\":[{\"@type\":\"SearchAction\",\"target\":{\"@type\":\"EntryPoint\",\"urlTemplate\":\"https:\\\/\\\/15131.p.syniva.es\\\/it\\\/?s={search_term_string}\"},\"query-input\":{\"@type\":\"PropertyValueSpecification\",\"valueRequired\":true,\"valueName\":\"search_term_string\"}}],\"inLanguage\":\"it-IT\"},{\"@type\":\"Organization\",\"@id\":\"https:\\\/\\\/15131.p.syniva.es\\\/it\\\/#organization\",\"name\":\"Revolution Padel Store\",\"url\":\"https:\\\/\\\/15131.p.syniva.es\\\/it\\\/\",\"logo\":{\"@type\":\"ImageObject\",\"inLanguage\":\"it-IT\",\"@id\":\"https:\\\/\\\/15131.p.syniva.es\\\/it\\\/#\\\/schema\\\/logo\\\/image\\\/\",\"url\":\"https:\\\/\\\/15131.p.syniva.es\\\/wp-content\\\/uploads\\\/2026\\\/02\\\/revolution-padel-store.jpg\",\"contentUrl\":\"https:\\\/\\\/15131.p.syniva.es\\\/wp-content\\\/uploads\\\/2026\\\/02\\\/revolution-padel-store.jpg\",\"width\":2000,\"height\":2000,\"caption\":\"Revolution Padel Store\"},\"image\":{\"@id\":\"https:\\\/\\\/15131.p.syniva.es\\\/it\\\/#\\\/schema\\\/logo\\\/image\\\/\"},\"sameAs\":[\"https:\\\/\\\/www.instagram.com\\\/revolutionpadelstore\\\/\"]}]}<\/script>\n<!-- \/ Yoast SEO plugin. -->","yoast_head_json":{"title":"HEAD ONE ULTRALIGHT WHITE - Revolution Padel Store","description":"La pala ONE ULTRALIGHT es una innovaci\u00f3n que revolucionar\u00e1 el p\u00e1del, siendo la pala m\u00e1s ligera del mercado para adultos, con un peso de solo 300 gramos. Dise\u00f1ada para facilitar el aprendizaje y mejorar tu nivel de juego mientras te diviertes, esta pala premium presenta un nuevo molde redondeado. Mantiene un grosor de 38 mm en el marco y cuenta con una superficie de tama\u00f1o est\u00e1ndar, adem\u00e1s de una empu\u00f1adura m\u00e1s larga que aumenta la comodidad y proporciona soporte adicional en golpes como el rev\u00e9s.","robots":{"index":"index","follow":"follow","max-snippet":"max-snippet:-1","max-image-preview":"max-image-preview:large","max-video-preview":"max-video-preview:-1"},"canonical":"https:\/\/15131.p.syniva.es\/it\/prodotto\/head-one-ultralight-white-4\/","og_locale":"it_IT","og_type":"article","og_title":"HEAD ONE ULTRALIGHT WHITE - Revolution Padel Store","og_description":"La pala ONE ULTRALIGHT es una innovaci\u00f3n que revolucionar\u00e1 el p\u00e1del, siendo la pala m\u00e1s ligera del mercado para adultos, con un peso de solo 300 gramos. Dise\u00f1ada para facilitar el aprendizaje y mejorar tu nivel de juego mientras te diviertes, esta pala premium presenta un nuevo molde redondeado. Mantiene un grosor de 38 mm en el marco y cuenta con una superficie de tama\u00f1o est\u00e1ndar, adem\u00e1s de una empu\u00f1adura m\u00e1s larga que aumenta la comodidad y proporciona soporte adicional en golpes como el rev\u00e9s.","og_url":"https:\/\/15131.p.syniva.es\/it\/prodotto\/head-one-ultralight-white-4\/","og_site_name":"Revolution Padel Store","article_modified_time":"2026-04-08T08:25:05+00:00","og_image":[{"width":800,"height":800,"url":"https:\/\/15131.p.syniva.es\/wp-content\/uploads\/2024\/10\/502159.jpg","type":"image\/jpeg"}],"twitter_card":"summary_large_image","twitter_misc":{"Tempo di lettura stimato":"3 minuti"},"schema":{"@context":"https:\/\/schema.org","@graph":[{"@type":"WebPage","@id":"https:\/\/15131.p.syniva.es\/it\/prodotto\/head-one-ultralight-white-4\/","url":"https:\/\/15131.p.syniva.es\/it\/prodotto\/head-one-ultralight-white-4\/","name":"HEAD ONE ULTRALIGHT WHITE - Revolution Padel Store","isPartOf":{"@id":"https:\/\/15131.p.syniva.es\/it\/#website"},"primaryImageOfPage":{"@id":"https:\/\/15131.p.syniva.es\/it\/prodotto\/head-one-ultralight-white-4\/#primaryimage"},"image":{"@id":"https:\/\/15131.p.syniva.es\/it\/prodotto\/head-one-ultralight-white-4\/#primaryimage"},"thumbnailUrl":"https:\/\/15131.p.syniva.es\/wp-content\/uploads\/2024\/10\/502159.jpg","datePublished":"2024-10-15T06:43:53+00:00","dateModified":"2026-04-08T08:25:05+00:00","description":"La pala ONE ULTRALIGHT es una innovaci\u00f3n que revolucionar\u00e1 el p\u00e1del, siendo la pala m\u00e1s ligera del mercado para adultos, con un peso de solo 300 gramos. Dise\u00f1ada para facilitar el aprendizaje y mejorar tu nivel de juego mientras te diviertes, esta pala premium presenta un nuevo molde redondeado. Mantiene un grosor de 38 mm en el marco y cuenta con una superficie de tama\u00f1o est\u00e1ndar, adem\u00e1s de una empu\u00f1adura m\u00e1s larga que aumenta la comodidad y proporciona soporte adicional en golpes como el rev\u00e9s.","breadcrumb":{"@id":"https:\/\/15131.p.syniva.es\/it\/prodotto\/head-one-ultralight-white-4\/#breadcrumb"},"inLanguage":"it-IT","potentialAction":[{"@type":"ReadAction","target":["https:\/\/15131.p.syniva.es\/it\/prodotto\/head-one-ultralight-white-4\/"]}]},{"@type":"ImageObject","inLanguage":"it-IT","@id":"https:\/\/15131.p.syniva.es\/it\/prodotto\/head-one-ultralight-white-4\/#primaryimage","url":"https:\/\/15131.p.syniva.es\/wp-content\/uploads\/2024\/10\/502159.jpg","contentUrl":"https:\/\/15131.p.syniva.es\/wp-content\/uploads\/2024\/10\/502159.jpg","width":800,"height":800},{"@type":"BreadcrumbList","@id":"https:\/\/15131.p.syniva.es\/it\/prodotto\/head-one-ultralight-white-4\/#breadcrumb","itemListElement":[{"@type":"ListItem","position":1,"name":"Portada","item":"https:\/\/15131.p.syniva.es\/it\/"},{"@type":"ListItem","position":2,"name":"Tienda","item":"https:\/\/15131.p.syniva.es\/it\/tienda\/"},{"@type":"ListItem","position":3,"name":"HEAD ONE ULTRALIGHT WHITE"}]},{"@type":"WebSite","@id":"https:\/\/15131.p.syniva.es\/it\/#website","url":"https:\/\/15131.p.syniva.es\/it\/","name":"Revolution Padel Store","description":"","publisher":{"@id":"https:\/\/15131.p.syniva.es\/it\/#organization"},"potentialAction":[{"@type":"SearchAction","target":{"@type":"EntryPoint","urlTemplate":"https:\/\/15131.p.syniva.es\/it\/?s={search_term_string}"},"query-input":{"@type":"PropertyValueSpecification","valueRequired":true,"valueName":"search_term_string"}}],"inLanguage":"it-IT"},{"@type":"Organization","@id":"https:\/\/15131.p.syniva.es\/it\/#organization","name":"Revolution Padel Store","url":"https:\/\/15131.p.syniva.es\/it\/","logo":{"@type":"ImageObject","inLanguage":"it-IT","@id":"https:\/\/15131.p.syniva.es\/it\/#\/schema\/logo\/image\/","url":"https:\/\/15131.p.syniva.es\/wp-content\/uploads\/2026\/02\/revolution-padel-store.jpg","contentUrl":"https:\/\/15131.p.syniva.es\/wp-content\/uploads\/2026\/02\/revolution-padel-store.jpg","width":2000,"height":2000,"caption":"Revolution Padel Store"},"image":{"@id":"https:\/\/15131.p.syniva.es\/it\/#\/schema\/logo\/image\/"},"sameAs":["https:\/\/www.instagram.com\/revolutionpadelstore\/"]}]}},"_links":{"self":[{"href":"https:\/\/15131.p.syniva.es\/it\/wp-json\/wp\/v2\/product\/99160","targetHints":{"allow":["GET"]}}],"collection":[{"href":"https:\/\/15131.p.syniva.es\/it\/wp-json\/wp\/v2\/product"}],"about":[{"href":"https:\/\/15131.p.syniva.es\/it\/wp-json\/wp\/v2\/types\/product"}],"replies":[{"embeddable":true,"href":"https:\/\/15131.p.syniva.es\/it\/wp-json\/wp\/v2\/comments?post=99160"}],"wp:featuredmedia":[{"embeddable":true,"href":"https:\/\/15131.p.syniva.es\/it\/wp-json\/wp\/v2\/media\/99101"}],"wp:attachment":[{"href":"https:\/\/15131.p.syniva.es\/it\/wp-json\/wp\/v2\/media?parent=99160"}],"wp:term":[{"taxonomy":"acabado","embeddable":true,"href":"https:\/\/15131.p.syniva.es\/it\/wp-json\/wp\/v2\/acabado?post=99160"},{"taxonomy":"balance","embeddable":true,"href":"https:\/\/15131.p.syniva.es\/it\/wp-json\/wp\/v2\/balance?post=99160"},{"taxonomy":"dureza","embeddable":true,"href":"https:\/\/15131.p.syniva.es\/it\/wp-json\/wp\/v2\/dureza?post=99160"},{"taxonomy":"forma","embeddable":true,"href":"https:\/\/15131.p.syniva.es\/it\/wp-json\/wp\/v2\/forma?post=99160"},{"taxonomy":"jugador","embeddable":true,"href":"https:\/\/15131.p.syniva.es\/it\/wp-json\/wp\/v2\/jugador?post=99160"},{"taxonomy":"marca","embeddable":true,"href":"https:\/\/15131.p.syniva.es\/it\/wp-json\/wp\/v2\/marca?post=99160"},{"taxonomy":"nivel-de-juego","embeddable":true,"href":"https:\/\/15131.p.syniva.es\/it\/wp-json\/wp\/v2\/nivel-de-juego?post=99160"},{"taxonomy":"superficie","embeddable":true,"href":"https:\/\/15131.p.syniva.es\/it\/wp-json\/wp\/v2\/superficie?post=99160"},{"taxonomy":"tipo-de-juego","embeddable":true,"href":"https:\/\/15131.p.syniva.es\/it\/wp-json\/wp\/v2\/tipo-de-juego?post=99160"},{"taxonomy":"product_brand","embeddable":true,"href":"https:\/\/15131.p.syniva.es\/it\/wp-json\/wp\/v2\/product_brand?post=99160"},{"taxonomy":"product_cat","embeddable":true,"href":"https:\/\/15131.p.syniva.es\/it\/wp-json\/wp\/v2\/product_cat?post=99160"},{"taxonomy":"product_tag","embeddable":true,"href":"https:\/\/15131.p.syniva.es\/it\/wp-json\/wp\/v2\/product_tag?post=99160"}],"curies":[{"name":"wp","href":"https:\/\/api.w.org\/{rel}","templated":true}]}}