{"id":82368,"date":"2024-03-11T20:23:10","date_gmt":"2024-03-11T19:23:10","guid":{"rendered":"https:\/\/15131.p.syniva.es\/aviso-legal\/"},"modified":"2024-09-30T16:18:26","modified_gmt":"2024-09-30T14:18:26","slug":"aviso-legal","status":"publish","type":"page","link":"https:\/\/15131.p.syniva.es\/pt-pt\/aviso-legal\/","title":{"rendered":"Aviso legal"},"content":{"rendered":"\n<h2 class=\"wp-block-heading\">Aviso legal<\/h2>\n\n\n\n<p>Respons\u00e1vel pelo tratamento<\/p>\n\n\n\n<p>Os dados pessoais que possam ser recolhidos diretamente do interessado ser\u00e3o tratados de forma confidencial e ser\u00e3o incorporados na correspondente atividade de tratamento propriedade da Sport Business Solutions, S.L.<\/p>\n\n\n\n<p>Prop\u00f3sito<\/p>\n\n\n\n<p>Descri\u00e7\u00e3o ampliada da(s) finalidade(s) do processamento:<\/p>\n\n\n\n<p>Processaremos os seus dados para gest\u00e3o administrativa, contabil\u00edstica e fiscal.<\/p>\n\n\n\n<p>Legitima\u00e7\u00e3o<\/p>\n\n\n\n<p>Legitima\u00e7\u00e3o para a execu\u00e7\u00e3o de um contrato:<\/p>\n\n\n\n<p>Sendo o tratamento necess\u00e1rio \u00e0 execu\u00e7\u00e3o de um contrato comercial, de que \u00e9 parte, indica-se que o tipo de contrato em causa \u00e9 o referido contrato comercial ou rela\u00e7\u00e3o pr\u00e9-contratual.<\/p>\n\n\n\n<p>Sendo a comunica\u00e7\u00e3o de dados pessoais uma exig\u00eancia legal ou contratual e um requisito necess\u00e1rio para a celebra\u00e7\u00e3o do referido contrato, informa-se o interessado que est\u00e1 obrigado a facultar os dados pessoais, e da mesma forma que as consequ\u00eancias do incumprimento podem passar pela n\u00e3o -presta\u00e7\u00e3o do servi\u00e7o solicitado.<\/p>\n\n\n\n<p>Reten\u00e7\u00e3o de dados<\/p>\n\n\n\n<p>Os dados pessoais fornecidos ser\u00e3o conservados durante o tempo necess\u00e1rio para cumprir a finalidade para a qual s\u00e3o recolhidos e para determinar as poss\u00edveis responsabilidades que possam surgir da finalidade, para al\u00e9m dos prazos estabelecidos nos regulamentos de arquivo e documenta\u00e7\u00e3o.<\/p>\n\n\n\n<p>Comunica\u00e7\u00e3o de dados<\/p>\n\n\n\n<p>Durante a dura\u00e7\u00e3o do tratamento, a Sport Business Solutions, S.L., n\u00e3o efetuar\u00e1 qualquer transfer\u00eancia, salvo obriga\u00e7\u00e3o legal, nem efetuar\u00e1 qualquer transfer\u00eancia.<\/p>\n\n\n\n<p>Opcionalmente, ser\u00e3o efetuadas transfer\u00eancias tempor\u00e1rias para empresas de servi\u00e7os de TI: subcontratantes de tratamento de dados fora da UE.<\/p>\n\n\n\n<p>Direitos das partes interessadas<\/p>\n\n\n\n<p>O interessado pode exercer os seguintes direitos:<\/p>\n\n\n\n<p>\u00b7 Direito de solicitar o acesso aos seus dados pessoais.<\/p>\n\n\n\n<p>\u00b7 Direito de solicitar a sua retifica\u00e7\u00e3o ou elimina\u00e7\u00e3o.<\/p>\n\n\n\n<p>\u00b7 Direito de solicitar a limita\u00e7\u00e3o do seu tratamento.<\/p>\n\n\n\n<p>\u00b7 Direito de oposi\u00e7\u00e3o ao tratamento.<\/p>\n\n\n\n<p>\u00b7 Direito \u00e0 portabilidade dos dados.<\/p>\n\n\n\n<p>\u00b7 Direito \u00e0 elimina\u00e7\u00e3o dos dados fornecidos.<\/p>\n\n\n\n<p>Qualquer pessoa tem o direito de obter a confirma\u00e7\u00e3o se a Empresa est\u00e1 ou n\u00e3o a tratar dados pessoais que lhe digam respeito. Os interessados \u200b\u200bt\u00eam o direito de aceder aos seus dados pessoais, bem como de solicitar a retifica\u00e7\u00e3o dos dados inexatos ou, se for caso disso, solicitar a sua elimina\u00e7\u00e3o quando, entre outros motivos, os dados j\u00e1 n\u00e3o sejam necess\u00e1rios para os fins para os quais foram recolhidos. Em determinadas circunst\u00e2ncias, os interessados \u200b\u200bpoder\u00e3o solicitar a limita\u00e7\u00e3o do tratamento dos seus dados, caso em que apenas os conservaremos para o exerc\u00edcio ou defesa de reclama\u00e7\u00f5es. Em determinadas circunst\u00e2ncias e por motivos relacionados com a sua situa\u00e7\u00e3o particular, os interessados \u200b\u200bpoder\u00e3o opor-se ao tratamento dos seus dados. Neste caso, a entidade deixar\u00e1 de tratar os dados, salvo por motivos leg\u00edtimos imperiosos, ou pelo exerc\u00edcio ou defesa de eventuais reclama\u00e7\u00f5es. Se tiver dado o seu consentimento para uma finalidade espec\u00edfica, tem o direito de retirar o consentimento dado em qualquer momento, sem afetar a legalidade do tratamento baseado no consentimento anterior \u00e0 sua retirada. Para tal, pode utilizar os formul\u00e1rios disponibilizados pela empresa, ou escrever para Sport Business Solutions, S.L., morada na Calle Espa\u00f1a N21 28880 Meco (Madrid), tamb\u00e9m pode enviar um email para info@15131.p.syniva.es.<\/p>\n\n\n\n<p>Caso sinta que os seus direitos foram violados relativamente \u00e0 prote\u00e7\u00e3o dos seus dados pessoais, especialmente quando n\u00e3o obteve satisfa\u00e7\u00e3o no exerc\u00edcio dos seus direitos, poder\u00e1 apresentar reclama\u00e7\u00e3o junto da Autoridade de Controlo de Prote\u00e7\u00e3o de Dados competente atrav\u00e9s do seu site: www.agpd.es<\/p>\n\n\n\n<p>Proveni\u00eancia dos dados<\/p>\n\n\n\n<p>Os dados pessoais que tratamos na Sport Business Solutions, S.L. prov\u00eam diretamente do interessado.<\/p>\n\n\n\n<p>As categorias de dados que s\u00e3o processados \u200b\u200bs\u00e3o:<\/p>\n\n\n\n<p>\u00b7 Dados de identifica\u00e7\u00e3o<\/p>\n\n\n\n<p>\u00b7 C\u00f3digos ou chaves de identifica\u00e7\u00e3o<\/p>\n\n\n\n<p>\u00b7 Endere\u00e7os postais ou eletr\u00f3nicos<\/p>\n\n\n\n<p>\u00b7 Informa\u00e7\u00f5es comerciais<\/p>\n\n\n\n<p>\u00b7 Dados econ\u00f3micos<\/p>\n\n\n\n<p>Nenhum dado especialmente protegido \u00e9 processado.<\/p>\n\n\n\n<p>AVISO LEGAL<\/p>\n\n\n\n<p>Este portal, cujo propriet\u00e1rio \u00e9 Sport Business Solutions, S.L., com CIF B02693588, endere\u00e7o na Calle Espa\u00f1a N21 28880 Meco (Madrid), email info@15131.p.syniva.es, e \u00e9 constitu\u00eddo pelo site associado ao dom\u00ednio www.15131.p.syniva.es<\/p>\n\n\n\n<p>Termos e condi\u00e7\u00f5es de utiliza\u00e7\u00e3o<\/p>\n\n\n\n<p>O acesso e utiliza\u00e7\u00e3o deste website atribui ao visitante o estatuto de utilizador. Isto significa que o utilizador aceita as condi\u00e7\u00f5es de utiliza\u00e7\u00e3o em vigor em cada momento e compromete-se a fazer uma utiliza\u00e7\u00e3o adequada dos conte\u00fados do site e a observar e cumprir rigorosamente o disposto neste aviso e a regulamenta\u00e7\u00e3o aplic\u00e1vel.<\/p>\n\n\n\n<p>Da mesma forma, o utilizador compromete-se a:<\/p>\n\n\n\n<p>1) Fornecer informa\u00e7\u00f5es verdadeiras sobre os dados de registo e mant\u00ea-los atualizados;<\/p>\n\n\n\n<p>2) N\u00e3o divulgar conte\u00fados contr\u00e1rios \u00e0 lei ou \u00e0 dignidade da pessoa; que sejam discriminat\u00f3rios em raz\u00e3o do nascimento, ra\u00e7a, sexo, religi\u00e3o, opini\u00e3o ou qualquer outra condi\u00e7\u00e3o ou circunst\u00e2ncia pessoal ou social; ou que, por qualquer forma, sejam contr\u00e1rios \u00e0 lei e \u00e0 ordem p\u00fablica;<\/p>\n\n\n\n<p>A Sport Business Solutions, S.L., n\u00e3o ser\u00e1 em caso algum respons\u00e1vel pelas opini\u00f5es expressas pelo utilizador atrav\u00e9s das ferramentas de participa\u00e7\u00e3o oferecidas pelo site.<\/p>\n\n\n\n<p>Propriedade intelectual e industrial<\/p>\n\n\n\n<p>O Utilizador reconhece e aceita que todo o conte\u00fado exibido no Site e, em particular, designs, textos, imagens, log\u00f3tipos, \u00edcones, bot\u00f5es, software, nomes comerciais, marcas ou quaisquer outros sinais suscet\u00edveis de utiliza\u00e7\u00e3o industrial e\/ou comercial s\u00e3o<\/p>\n\n\n\n<p>sujeitos a direitos de Propriedade Intelectual e todas as marcas, nomes comerciais ou sinais distintivos, todos os direitos de propriedade industrial e intelectual, sobre os conte\u00fados e\/ou quaisquer outros elementos inseridos na p\u00e1gina, que s\u00e3o propriedade exclusiva da Sport Business Solutions, S.L. ou terceiros, que t\u00eam o direito exclusivo de os utilizar no tr\u00e1fego econ\u00f3mico. Por todas estas raz\u00f5es, o Utilizador compromete-se a n\u00e3o reproduzir, copiar, distribuir, disponibilizar ou de qualquer outra forma comunicar publicamente, transformar ou modificar tais conte\u00fados, isentando a Sport Business Solutions, S.L. de qualquer reclama\u00e7\u00e3o derivada do incumprimento de tais conte\u00fados. . Em caso algum o acesso ao Site implica qualquer tipo de ren\u00fancia, transmiss\u00e3o, licen\u00e7a ou cess\u00e3o total ou parcial dos referidos direitos, salvo disposi\u00e7\u00e3o expressa em contr\u00e1rio. As presentes Condi\u00e7\u00f5es Gerais de Utiliza\u00e7\u00e3o do Site n\u00e3o conferem aos Utilizadores qualquer outro direito de utiliza\u00e7\u00e3o, altera\u00e7\u00e3o, explora\u00e7\u00e3o, reprodu\u00e7\u00e3o, distribui\u00e7\u00e3o ou comunica\u00e7\u00e3o p\u00fablica do Site e\/ou dos seus Conte\u00fados, al\u00e9m dos aqui expressamente previstos. Qualquer outra utiliza\u00e7\u00e3o ou explora\u00e7\u00e3o de quaisquer direitos estar\u00e1 sujeita \u00e0 autoriza\u00e7\u00e3o pr\u00e9via e expressa concedida especificamente para o efeito pela Sport Business Solutions, S.L., ou pelo terceiro titular dos direitos afetados.<\/p>\n\n\n\n<p>Os conte\u00fados, textos, fotografias, desenhos, log\u00f3tipos, imagens, programas de computador, c\u00f3digos-fonte e, em geral, qualquer cria\u00e7\u00e3o intelectual existente neste site, bem como o pr\u00f3prio site no seu todo, enquanto obra art\u00edstica multim\u00e9dia, est\u00e3o protegidos como direitos direitos de autor pela legisla\u00e7\u00e3o de propriedade intelectual. A Sport Business Solutions, S.L., \u00e9 propriet\u00e1ria dos elementos que comp\u00f5em o design gr\u00e1fico do Site, dos menus, bot\u00f5es de navega\u00e7\u00e3o, do c\u00f3digo HTML, dos textos, imagens, texturas, gr\u00e1ficos e qualquer outro conte\u00fado do Site ou, em em qualquer caso, disp\u00f5e da correspondente autoriza\u00e7\u00e3o para a utiliza\u00e7\u00e3o dos referidos elementos. O conte\u00fado disponibilizado no Site n\u00e3o poder\u00e1 ser reproduzido total ou parcialmente, nem transmitido, nem registado por qualquer sistema de recupera\u00e7\u00e3o de informa\u00e7\u00e3o, sob qualquer forma ou por qualquer meio, salvo autoriza\u00e7\u00e3o pr\u00e9via, por escrito, da referida Entidade.<\/p>\n\n\n\n<p>Da mesma forma, \u00e9 proibido eliminar, evadir e\/ou manipular os \u201cdireitos de autor\u201d, bem como os dispositivos t\u00e9cnicos de prote\u00e7\u00e3o, ou quaisquer mecanismos de informa\u00e7\u00e3o que os conte\u00fados possam conter. O Utilizador deste Site compromete-se a respeitar os direitos declarados e a evitar qualquer a\u00e7\u00e3o que o possa prejudicar, reservando-se em todos os casos Sport Business Solutions, S.L., o exerc\u00edcio de quaisquer meios ou a\u00e7\u00f5es legais que lhe correspondam em defesa da sua leg\u00edtima propriedade intelectual.<\/p>\n\n\n\n<p>Responsabilidade do conte\u00fado \u2013 Pol\u00edtica de links<\/p>\n\n\n\n<p>A Sport Business Solutions, S.L., n\u00e3o se responsabiliza pela legalidade de outros sites de terceiros a partir dos quais o portal possa ser acedido. A Sport Business Solutions, S.L. tamb\u00e9m n\u00e3o se responsabiliza pela legalidade de outros sites de terceiros que possam estar ligados ou vinculados a partir deste portal.<\/p>\n\n\n\n<p>A Sport Business Solutions, S.L., reserva-se o direito de efetuar altera\u00e7\u00f5es ao website sem aviso pr\u00e9vio, de forma a manter a sua informa\u00e7\u00e3o atualizada, acrescentando, modificando, corrigindo ou eliminando o conte\u00fado publicado ou o design do portal.<\/p>\n\n\n\n<p>A Sport Business Solutions, S.L., n\u00e3o ser\u00e1 respons\u00e1vel pela utiliza\u00e7\u00e3o que terceiros fa\u00e7am da informa\u00e7\u00e3o publicada no portal, nem por quaisquer danos sofridos ou perdas econ\u00f3micas que, direta ou indiretamente, produzam ou possam produzir danos econ\u00f3micos, materiais ou de dados. dessas informa\u00e7\u00f5es.<\/p>\n\n\n\n<p>Reproduzindo conte\u00fado<\/p>\n\n\n\n<p>\u00c9 proibida a reprodu\u00e7\u00e3o total ou parcial dos conte\u00fados publicados no portal, salvo autoriza\u00e7\u00e3o expressa da Sport Business Solutions, S.L.<\/p>\n\n\n\n<p>Lei aplic\u00e1vel<\/p>\n\n\n\n<p>A lei aplic\u00e1vel em caso de lit\u00edgio ou conflito de interpreta\u00e7\u00e3o dos termos que integram o presente aviso legal, bem como de qualquer quest\u00e3o relacionada com os servi\u00e7os deste portal, ser\u00e1 a lei espanhola.<\/p>\n","protected":false},"excerpt":{"rendered":"<p>Aviso legal Respons\u00e1vel pelo tratamento Os dados pessoais que possam ser recolhidos diretamente do interessado ser\u00e3o tratados de forma confidencial e ser\u00e3o incorporados na correspondente atividade de tratamento propriedade da Sport Business Solutions, S.L. Prop\u00f3sito Descri\u00e7\u00e3o ampliada da(s) finalidade(s) do processamento: Processaremos os seus dados para gest\u00e3o administrativa, contabil\u00edstica e fiscal. Legitima\u00e7\u00e3o Legitima\u00e7\u00e3o para a [&hellip;]<\/p>\n","protected":false},"author":1,"featured_media":0,"parent":0,"menu_order":0,"comment_status":"closed","ping_status":"closed","template":"legal.php","meta":{"_acf_changed":false,"_joinchat":[],"footnotes":""},"class_list":["post-82368","page","type-page","status-publish","hentry"],"acf":[],"yoast_head":"<!-- This site is optimized with the Yoast SEO plugin v27.3 - https:\/\/yoast.com\/product\/yoast-seo-wordpress\/ -->\n<title>Aviso legal - Revolution Padel Store<\/title>\n<meta name=\"robots\" content=\"index, follow, max-snippet:-1, max-image-preview:large, max-video-preview:-1\" \/>\n<link rel=\"canonical\" href=\"https:\/\/15131.p.syniva.es\/pt-pt\/aviso-legal\/\" \/>\n<meta property=\"og:locale\" content=\"pt_PT\" \/>\n<meta property=\"og:type\" content=\"article\" \/>\n<meta property=\"og:title\" content=\"Aviso legal - Revolution Padel Store\" \/>\n<meta property=\"og:description\" content=\"Aviso legal Respons\u00e1vel pelo tratamento Os dados pessoais que possam ser recolhidos diretamente do interessado ser\u00e3o tratados de forma confidencial e ser\u00e3o incorporados na correspondente atividade de tratamento propriedade da Sport Business Solutions, S.L. Prop\u00f3sito Descri\u00e7\u00e3o ampliada da(s) finalidade(s) do processamento: Processaremos os seus dados para gest\u00e3o administrativa, contabil\u00edstica e fiscal. Legitima\u00e7\u00e3o Legitima\u00e7\u00e3o para a [&hellip;]\" \/>\n<meta property=\"og:url\" content=\"https:\/\/15131.p.syniva.es\/pt-pt\/aviso-legal\/\" \/>\n<meta property=\"og:site_name\" content=\"Revolution Padel Store\" \/>\n<meta property=\"article:modified_time\" content=\"2024-09-30T14:18:26+00:00\" \/>\n<meta property=\"og:image\" content=\"https:\/\/15131.p.syniva.es\/wp-content\/uploads\/2026\/02\/revolution-padel-store.jpg\" \/>\n\t<meta property=\"og:image:width\" content=\"2000\" \/>\n\t<meta property=\"og:image:height\" content=\"2000\" \/>\n\t<meta property=\"og:image:type\" content=\"image\/jpeg\" \/>\n<meta name=\"twitter:card\" content=\"summary_large_image\" \/>\n<meta name=\"twitter:label1\" content=\"Tempo estimado de leitura\" \/>\n\t<meta name=\"twitter:data1\" content=\"7 minutos\" \/>\n<script type=\"application\/ld+json\" class=\"yoast-schema-graph\">{\"@context\":\"https:\\\/\\\/schema.org\",\"@graph\":[{\"@type\":\"WebPage\",\"@id\":\"https:\\\/\\\/15131.p.syniva.es\\\/pt-pt\\\/aviso-legal\\\/\",\"url\":\"https:\\\/\\\/15131.p.syniva.es\\\/pt-pt\\\/aviso-legal\\\/\",\"name\":\"Aviso legal - Revolution Padel Store\",\"isPartOf\":{\"@id\":\"https:\\\/\\\/15131.p.syniva.es\\\/pt-pt\\\/#website\"},\"datePublished\":\"2024-03-11T19:23:10+00:00\",\"dateModified\":\"2024-09-30T14:18:26+00:00\",\"breadcrumb\":{\"@id\":\"https:\\\/\\\/15131.p.syniva.es\\\/pt-pt\\\/aviso-legal\\\/#breadcrumb\"},\"inLanguage\":\"pt-PT\",\"potentialAction\":[{\"@type\":\"ReadAction\",\"target\":[\"https:\\\/\\\/15131.p.syniva.es\\\/pt-pt\\\/aviso-legal\\\/\"]}]},{\"@type\":\"BreadcrumbList\",\"@id\":\"https:\\\/\\\/15131.p.syniva.es\\\/pt-pt\\\/aviso-legal\\\/#breadcrumb\",\"itemListElement\":[{\"@type\":\"ListItem\",\"position\":1,\"name\":\"Portada\",\"item\":\"https:\\\/\\\/15131.p.syniva.es\\\/pt-pt\\\/\"},{\"@type\":\"ListItem\",\"position\":2,\"name\":\"Aviso legal\"}]},{\"@type\":\"WebSite\",\"@id\":\"https:\\\/\\\/15131.p.syniva.es\\\/pt-pt\\\/#website\",\"url\":\"https:\\\/\\\/15131.p.syniva.es\\\/pt-pt\\\/\",\"name\":\"Revolution Padel Store\",\"description\":\"\",\"publisher\":{\"@id\":\"https:\\\/\\\/15131.p.syniva.es\\\/pt-pt\\\/#organization\"},\"potentialAction\":[{\"@type\":\"SearchAction\",\"target\":{\"@type\":\"EntryPoint\",\"urlTemplate\":\"https:\\\/\\\/15131.p.syniva.es\\\/pt-pt\\\/?s={search_term_string}\"},\"query-input\":{\"@type\":\"PropertyValueSpecification\",\"valueRequired\":true,\"valueName\":\"search_term_string\"}}],\"inLanguage\":\"pt-PT\"},{\"@type\":\"Organization\",\"@id\":\"https:\\\/\\\/15131.p.syniva.es\\\/pt-pt\\\/#organization\",\"name\":\"Revolution Padel Store\",\"url\":\"https:\\\/\\\/15131.p.syniva.es\\\/pt-pt\\\/\",\"logo\":{\"@type\":\"ImageObject\",\"inLanguage\":\"pt-PT\",\"@id\":\"https:\\\/\\\/15131.p.syniva.es\\\/pt-pt\\\/#\\\/schema\\\/logo\\\/image\\\/\",\"url\":\"https:\\\/\\\/15131.p.syniva.es\\\/wp-content\\\/uploads\\\/2026\\\/02\\\/revolution-padel-store.jpg\",\"contentUrl\":\"https:\\\/\\\/15131.p.syniva.es\\\/wp-content\\\/uploads\\\/2026\\\/02\\\/revolution-padel-store.jpg\",\"width\":2000,\"height\":2000,\"caption\":\"Revolution Padel Store\"},\"image\":{\"@id\":\"https:\\\/\\\/15131.p.syniva.es\\\/pt-pt\\\/#\\\/schema\\\/logo\\\/image\\\/\"},\"sameAs\":[\"https:\\\/\\\/www.instagram.com\\\/revolutionpadelstore\\\/\"]}]}<\/script>\n<!-- \/ Yoast SEO plugin. -->","yoast_head_json":{"title":"Aviso legal - Revolution Padel Store","robots":{"index":"index","follow":"follow","max-snippet":"max-snippet:-1","max-image-preview":"max-image-preview:large","max-video-preview":"max-video-preview:-1"},"canonical":"https:\/\/15131.p.syniva.es\/pt-pt\/aviso-legal\/","og_locale":"pt_PT","og_type":"article","og_title":"Aviso legal - Revolution Padel Store","og_description":"Aviso legal Respons\u00e1vel pelo tratamento Os dados pessoais que possam ser recolhidos diretamente do interessado ser\u00e3o tratados de forma confidencial e ser\u00e3o incorporados na correspondente atividade de tratamento propriedade da Sport Business Solutions, S.L. Prop\u00f3sito Descri\u00e7\u00e3o ampliada da(s) finalidade(s) do processamento: Processaremos os seus dados para gest\u00e3o administrativa, contabil\u00edstica e fiscal. Legitima\u00e7\u00e3o Legitima\u00e7\u00e3o para a [&hellip;]","og_url":"https:\/\/15131.p.syniva.es\/pt-pt\/aviso-legal\/","og_site_name":"Revolution Padel Store","article_modified_time":"2024-09-30T14:18:26+00:00","og_image":[{"width":2000,"height":2000,"url":"https:\/\/15131.p.syniva.es\/wp-content\/uploads\/2026\/02\/revolution-padel-store.jpg","type":"image\/jpeg"}],"twitter_card":"summary_large_image","twitter_misc":{"Tempo estimado de leitura":"7 minutos"},"schema":{"@context":"https:\/\/schema.org","@graph":[{"@type":"WebPage","@id":"https:\/\/15131.p.syniva.es\/pt-pt\/aviso-legal\/","url":"https:\/\/15131.p.syniva.es\/pt-pt\/aviso-legal\/","name":"Aviso legal - Revolution Padel Store","isPartOf":{"@id":"https:\/\/15131.p.syniva.es\/pt-pt\/#website"},"datePublished":"2024-03-11T19:23:10+00:00","dateModified":"2024-09-30T14:18:26+00:00","breadcrumb":{"@id":"https:\/\/15131.p.syniva.es\/pt-pt\/aviso-legal\/#breadcrumb"},"inLanguage":"pt-PT","potentialAction":[{"@type":"ReadAction","target":["https:\/\/15131.p.syniva.es\/pt-pt\/aviso-legal\/"]}]},{"@type":"BreadcrumbList","@id":"https:\/\/15131.p.syniva.es\/pt-pt\/aviso-legal\/#breadcrumb","itemListElement":[{"@type":"ListItem","position":1,"name":"Portada","item":"https:\/\/15131.p.syniva.es\/pt-pt\/"},{"@type":"ListItem","position":2,"name":"Aviso legal"}]},{"@type":"WebSite","@id":"https:\/\/15131.p.syniva.es\/pt-pt\/#website","url":"https:\/\/15131.p.syniva.es\/pt-pt\/","name":"Revolution Padel Store","description":"","publisher":{"@id":"https:\/\/15131.p.syniva.es\/pt-pt\/#organization"},"potentialAction":[{"@type":"SearchAction","target":{"@type":"EntryPoint","urlTemplate":"https:\/\/15131.p.syniva.es\/pt-pt\/?s={search_term_string}"},"query-input":{"@type":"PropertyValueSpecification","valueRequired":true,"valueName":"search_term_string"}}],"inLanguage":"pt-PT"},{"@type":"Organization","@id":"https:\/\/15131.p.syniva.es\/pt-pt\/#organization","name":"Revolution Padel Store","url":"https:\/\/15131.p.syniva.es\/pt-pt\/","logo":{"@type":"ImageObject","inLanguage":"pt-PT","@id":"https:\/\/15131.p.syniva.es\/pt-pt\/#\/schema\/logo\/image\/","url":"https:\/\/15131.p.syniva.es\/wp-content\/uploads\/2026\/02\/revolution-padel-store.jpg","contentUrl":"https:\/\/15131.p.syniva.es\/wp-content\/uploads\/2026\/02\/revolution-padel-store.jpg","width":2000,"height":2000,"caption":"Revolution Padel Store"},"image":{"@id":"https:\/\/15131.p.syniva.es\/pt-pt\/#\/schema\/logo\/image\/"},"sameAs":["https:\/\/www.instagram.com\/revolutionpadelstore\/"]}]}},"_links":{"self":[{"href":"https:\/\/15131.p.syniva.es\/pt-pt\/wp-json\/wp\/v2\/pages\/82368","targetHints":{"allow":["GET"]}}],"collection":[{"href":"https:\/\/15131.p.syniva.es\/pt-pt\/wp-json\/wp\/v2\/pages"}],"about":[{"href":"https:\/\/15131.p.syniva.es\/pt-pt\/wp-json\/wp\/v2\/types\/page"}],"author":[{"embeddable":true,"href":"https:\/\/15131.p.syniva.es\/pt-pt\/wp-json\/wp\/v2\/users\/1"}],"replies":[{"embeddable":true,"href":"https:\/\/15131.p.syniva.es\/pt-pt\/wp-json\/wp\/v2\/comments?post=82368"}],"version-history":[{"count":1,"href":"https:\/\/15131.p.syniva.es\/pt-pt\/wp-json\/wp\/v2\/pages\/82368\/revisions"}],"predecessor-version":[{"id":82534,"href":"https:\/\/15131.p.syniva.es\/pt-pt\/wp-json\/wp\/v2\/pages\/82368\/revisions\/82534"}],"wp:attachment":[{"href":"https:\/\/15131.p.syniva.es\/pt-pt\/wp-json\/wp\/v2\/media?parent=82368"}],"curies":[{"name":"wp","href":"https:\/\/api.w.org\/{rel}","templated":true}]}}