{"id":11123,"date":"2024-06-18T00:00:24","date_gmt":"2024-06-17T22:00:24","guid":{"rendered":"https:\/\/15131.p.syniva.es\/head-extreme-pro-ltd-arturo-coello\/"},"modified":"2026-04-08T11:18:14","modified_gmt":"2026-04-08T09:18:14","slug":"head-extreme-pro-ltd-arturo-coello","status":"publish","type":"product","link":"https:\/\/15131.p.syniva.es\/pt-pt\/produto\/head-extreme-pro-ltd-arturo-coello\/","title":{"rendered":"HEAD EXTREME PRO LTD \u2013 ARTURO COELLO"},"content":{"rendered":"<p>Baseada no modelo Extreme Pro, com as mesmas caracter\u00edsticas e tecnologias, a raquete EXTREME PRO LTD ARTURO COELLO em sua edi\u00e7\u00e3o limitada ostenta um design exclusivo escolhido por Arturo Coello, que real\u00e7a sua est\u00e9tica elegante e exclusiva. Para uma imagem e visual verdadeiramente premium, o design inclui a assinatura de Arturo. Esta raquete em forma de diamante combina um design \u00fanico com pot\u00eancia extrema, tornando-a perfeita para jogadores experientes e profissionais.<\/p>\n<p>\u00b7 Edi\u00e7\u00e3o limitada co-desenhada pelo n\u00famero 1 do mundo, Arturo Coello<br \/>\n\u00b7 Cores elegantes e exclusivas escolhidas por Arturo<br \/>\n\u00b7 Design com assinatura de Arturo<br \/>\n\u00b7 Feito para jogadores experientes e profissionais que procuram pot\u00eancia<br \/>\n\u00b7 Molde em forma de diamante<br \/>\n\u00b7 Baseado no modelo Extreme Pro, com as mesmas especifica\u00e7\u00f5es e tecnologias<br \/>\n\u00b7 Inclui pela primeira vez o acess\u00f3rio Pro Spin Strips, novas tiras adesivas com superf\u00edcie rugosa para gerar maior ader\u00eancia e giro da bola<\/p>\n<p>TECNOLOGIAS<\/p>\n<p>A constru\u00e7\u00e3o aux\u00e9tica apresenta uma deforma\u00e7\u00e3o \u00fanica em compara\u00e7\u00e3o com as constru\u00e7\u00f5es n\u00e3o aux\u00e9ticas. As constru\u00e7\u00f5es aux\u00e9ticas ampliam-se quando uma for\u00e7a de &#8220;tra\u00e7\u00e3o&#8221; \u00e9 aplicada e contraem-se quando comprimidas. Quanto maior a for\u00e7a aplicada, maior ser\u00e1 a rea\u00e7\u00e3o Aux\u00e9tica.<\/p>\n<p>A borracha POWER FOAM foi projetada para atingir o m\u00e1ximo de pot\u00eancia e for\u00e7a, potencializando golpes de ataque como smash, X3 ou X4.<\/p>\n<p>EXTREME SPIN \u00e9 uma tecnologia de decalque 3D que maximiza o giro e a ader\u00eancia da bola.<\/p>\n<p>A tecnologia OPTIMIZED SWEET SPOT adapta o padr\u00e3o de furo a cada l\u00e2mina para expandir a \u00e1rea do ponto ideal.<\/p>\n<p>A tecnologia SMART BRIDGE consiste na constru\u00e7\u00e3o individualizada da \u00e1rea da ponte inclu\u00edda no molde, adaptando-se \u00e0s caracter\u00edsticas de cada raquete em fun\u00e7\u00e3o da sua jogabilidade.<\/p>\n<p>Por n\u00e3o possuir tubular, a estrutura da raquete \u00e9 meticulosamente projetada e constru\u00edda sob medida para cada raquete para um desempenho ideal, permitindo maximizar o desempenho de cada raquete.<\/p>\n<p>A nova tampa \u00e9 feita de material macio que proporciona uma pegada confort\u00e1vel e macia. Com acabamento laranja, serve para diminuir vibra\u00e7\u00f5es e diminuir a press\u00e3o, evitando les\u00f5es e bolhas nas m\u00e3os.<\/p>\n<p>ANTI SHOCK SKIN PADEL Protetor transparente que aumenta a durabilidade da raquete, protegendo-a de choques e arranh\u00f5es. Tamb\u00e9m pode ser facilmente substitu\u00eddo, maximizando a vida \u00fatil.<\/p>\n<p>O grafeno fortalece o quadro, proporciona maior estabilidade e otimiza a sa\u00edda da bola.<\/p>\n<div id=\"maincontent\" class=\"page-main\">\n<div class=\"colunas\">\n<div class=\"produto-visualiza\u00e7\u00e3o\">\n<div class=\"product-info-cms\">\n<div class=\"product-info-tabs\">\n<div id=\"product-tabs\" class=\"itens de dados do produto\" role=\"tablist\">\n<h3 role=\"tab\" data-role=\"collapsible\" data-collapsible=\"true\" aria-controls=\"tab-delivery-and-returns\" aria-expanded=\"false\"><\/h3>\n<\/div>\n<\/div>\n<\/div>\n<\/div>\n<div id=\"custom-popup-redirect-propose\" data-bind=\"scope: 'geoipCountryRedirect'\"><\/div>\n<div class=\"emarsys-snippets\"><\/div>\n<\/div>\n<\/div>\n<footer class=\"page-footer\">\n<div class=\"conte\u00fado do rodap\u00e9\">\n<div id=\"footer-newsletter\" class=\"background-image-6670afd968dc3\" data-content-type=\"row\" data-appearance=\"full-width\" data-enable-parallax=\"0\" data-parallax-speed=\"0,5\" data-background-type=\"image\" data-video-loop=\"true\" data-video-play-only-visible=\"true\" data-video-lazy-load=\"true\" data-video-fallback-src=\"\" data-gtm-label=\"\" data-element=\" principal\">\n<div class=\"row-full-width-inner\" data-element=\"inner\"><\/div>\n<\/div>\n<\/div>\n<\/footer>\n<h3 role=\"tab\" data-role=\"collapsible\" data-collapsible=\"true\" aria-controls=\"tab-delivery-and-returns\" aria-expanded=\"false\"><\/h3>\n","protected":false},"excerpt":{"rendered":"<p>A raquete EXTREME PRO LTD ARTURO COELLO de edi\u00e7\u00e3o limitada aposta em um design exclusivo e elegante para o jogador n\u00famero 1 do mundo, Arturo Coello.<\/p>\n","protected":false},"featured_media":11124,"comment_status":"open","ping_status":"closed","template":"","meta":{"_acf_changed":false,"_joinchat":[]},"acabado":[1090],"balance":[1135],"dureza":[1160],"forma":[1170],"jugador":[1190,1200],"marca":[1220],"nivel-de-juego":[1335],"superficie":[1360],"tipo-de-juego":[1375],"product_brand":[],"product_cat":[300],"product_tag":[],"class_list":{"0":"post-11123","1":"product","2":"type-product","3":"status-publish","4":"has-post-thumbnail","6":"acabado-alivio-3d","7":"balance-alto-pt-pt","8":"dureza-dura-pt-pt","9":"forma-diamante-pt-pt","10":"jugador-homem","11":"jugador-polivalente-pt-pt","12":"marca-cabeca","13":"superficie-rugosa-pt-pt","14":"tipo-de-juego-poder","15":"product_cat-palas","17":"first","18":"instock","19":"sale","20":"taxable","21":"shipping-taxable","22":"purchasable","23":"product-type-simple"},"acf":[],"yoast_head":"<!-- This site is optimized with the Yoast SEO plugin v27.3 - https:\/\/yoast.com\/product\/yoast-seo-wordpress\/ -->\n<title>HEAD EXTREME PRO LTD \u2013 ARTURO COELLO - Revolution Padel Store<\/title>\n<meta name=\"description\" content=\"Basada en el modelo Extreme Pro, con las mismas prestaciones y tecnolog\u00edas, la pala EXTREME PRO LTD ARTURO COELLO en su edici\u00f3n limitada luce un dise\u00f1o exclusivo elegido por Arturo Coello, lo que realza su est\u00e9tica elegante y exclusiva. Para una imagen y un look realmente pr\u00e9mium, el dise\u00f1o incluye la firma de Arturo. Esta pala en forma de diamante combina un dise\u00f1o \u00fanico con una potencia extrema, por lo que es perfecta para jugadores expertos y profesionales.\" \/>\n<meta name=\"robots\" content=\"index, follow, max-snippet:-1, max-image-preview:large, max-video-preview:-1\" \/>\n<link rel=\"canonical\" href=\"https:\/\/15131.p.syniva.es\/pt-pt\/produto\/head-extreme-pro-ltd-arturo-coello\/\" \/>\n<meta property=\"og:locale\" content=\"pt_PT\" \/>\n<meta property=\"og:type\" content=\"article\" \/>\n<meta property=\"og:title\" content=\"COMPRAR HEAD EXTREME PRO LTD - ARTURO COELLO\" \/>\n<meta property=\"og:description\" content=\"Basada en el modelo Extreme Pro, con las mismas prestaciones y tecnolog\u00edas, la pala EXTREME PRO LTD ARTURO COELLO en su edici\u00f3n limitada luce un dise\u00f1o exclusivo elegido por Arturo Coello, lo que realza su est\u00e9tica elegante y exclusiva. Para una imagen y un look realmente pr\u00e9mium, el dise\u00f1o incluye la firma de Arturo. Esta pala en forma de diamante combina un dise\u00f1o \u00fanico con una potencia extrema, por lo que es perfecta para jugadores expertos y profesionales.\" \/>\n<meta property=\"og:url\" content=\"https:\/\/15131.p.syniva.es\/pt-pt\/produto\/head-extreme-pro-ltd-arturo-coello\/\" \/>\n<meta property=\"og:site_name\" content=\"Revolution Padel Store\" \/>\n<meta property=\"article:modified_time\" content=\"2026-04-08T09:18:14+00:00\" \/>\n<meta property=\"og:image\" content=\"https:\/\/15131.p.syniva.es\/wp-content\/uploads\/2024\/06\/extreme-pro-ltd.jpg\" \/>\n\t<meta property=\"og:image:width\" content=\"768\" \/>\n\t<meta property=\"og:image:height\" content=\"768\" \/>\n\t<meta property=\"og:image:type\" content=\"image\/jpeg\" \/>\n<meta name=\"twitter:card\" content=\"summary_large_image\" \/>\n<meta name=\"twitter:label1\" content=\"Tempo estimado de leitura\" \/>\n\t<meta name=\"twitter:data1\" content=\"3 minutos\" \/>\n<script type=\"application\/ld+json\" class=\"yoast-schema-graph\">{\"@context\":\"https:\\\/\\\/schema.org\",\"@graph\":[{\"@type\":\"WebPage\",\"@id\":\"https:\\\/\\\/15131.p.syniva.es\\\/pt-pt\\\/produto\\\/head-extreme-pro-ltd-arturo-coello\\\/\",\"url\":\"https:\\\/\\\/15131.p.syniva.es\\\/pt-pt\\\/produto\\\/head-extreme-pro-ltd-arturo-coello\\\/\",\"name\":\"HEAD EXTREME PRO LTD \u2013 ARTURO COELLO - Revolution Padel Store\",\"isPartOf\":{\"@id\":\"https:\\\/\\\/15131.p.syniva.es\\\/pt-pt\\\/#website\"},\"primaryImageOfPage\":{\"@id\":\"https:\\\/\\\/15131.p.syniva.es\\\/pt-pt\\\/produto\\\/head-extreme-pro-ltd-arturo-coello\\\/#primaryimage\"},\"image\":{\"@id\":\"https:\\\/\\\/15131.p.syniva.es\\\/pt-pt\\\/produto\\\/head-extreme-pro-ltd-arturo-coello\\\/#primaryimage\"},\"thumbnailUrl\":\"https:\\\/\\\/15131.p.syniva.es\\\/wp-content\\\/uploads\\\/2024\\\/06\\\/extreme-pro-ltd.jpg\",\"datePublished\":\"2024-06-17T22:00:24+00:00\",\"dateModified\":\"2026-04-08T09:18:14+00:00\",\"description\":\"Basada en el modelo Extreme Pro, con las mismas prestaciones y tecnolog\u00edas, la pala EXTREME PRO LTD ARTURO COELLO en su edici\u00f3n limitada luce un dise\u00f1o exclusivo elegido por Arturo Coello, lo que realza su est\u00e9tica elegante y exclusiva. Para una imagen y un look realmente pr\u00e9mium, el dise\u00f1o incluye la firma de Arturo. Esta pala en forma de diamante combina un dise\u00f1o \u00fanico con una potencia extrema, por lo que es perfecta para jugadores expertos y profesionales.\",\"breadcrumb\":{\"@id\":\"https:\\\/\\\/15131.p.syniva.es\\\/pt-pt\\\/produto\\\/head-extreme-pro-ltd-arturo-coello\\\/#breadcrumb\"},\"inLanguage\":\"pt-PT\",\"potentialAction\":[{\"@type\":\"ReadAction\",\"target\":[\"https:\\\/\\\/15131.p.syniva.es\\\/pt-pt\\\/produto\\\/head-extreme-pro-ltd-arturo-coello\\\/\"]}]},{\"@type\":\"ImageObject\",\"inLanguage\":\"pt-PT\",\"@id\":\"https:\\\/\\\/15131.p.syniva.es\\\/pt-pt\\\/produto\\\/head-extreme-pro-ltd-arturo-coello\\\/#primaryimage\",\"url\":\"https:\\\/\\\/15131.p.syniva.es\\\/wp-content\\\/uploads\\\/2024\\\/06\\\/extreme-pro-ltd.jpg\",\"contentUrl\":\"https:\\\/\\\/15131.p.syniva.es\\\/wp-content\\\/uploads\\\/2024\\\/06\\\/extreme-pro-ltd.jpg\",\"width\":768,\"height\":768},{\"@type\":\"BreadcrumbList\",\"@id\":\"https:\\\/\\\/15131.p.syniva.es\\\/pt-pt\\\/produto\\\/head-extreme-pro-ltd-arturo-coello\\\/#breadcrumb\",\"itemListElement\":[{\"@type\":\"ListItem\",\"position\":1,\"name\":\"Portada\",\"item\":\"https:\\\/\\\/15131.p.syniva.es\\\/pt-pt\\\/\"},{\"@type\":\"ListItem\",\"position\":2,\"name\":\"Tienda\",\"item\":\"https:\\\/\\\/15131.p.syniva.es\\\/pt-pt\\\/tienda\\\/\"},{\"@type\":\"ListItem\",\"position\":3,\"name\":\"HEAD EXTREME PRO LTD \u2013 ARTURO COELLO\"}]},{\"@type\":\"WebSite\",\"@id\":\"https:\\\/\\\/15131.p.syniva.es\\\/pt-pt\\\/#website\",\"url\":\"https:\\\/\\\/15131.p.syniva.es\\\/pt-pt\\\/\",\"name\":\"Revolution Padel Store\",\"description\":\"\",\"publisher\":{\"@id\":\"https:\\\/\\\/15131.p.syniva.es\\\/pt-pt\\\/#organization\"},\"potentialAction\":[{\"@type\":\"SearchAction\",\"target\":{\"@type\":\"EntryPoint\",\"urlTemplate\":\"https:\\\/\\\/15131.p.syniva.es\\\/pt-pt\\\/?s={search_term_string}\"},\"query-input\":{\"@type\":\"PropertyValueSpecification\",\"valueRequired\":true,\"valueName\":\"search_term_string\"}}],\"inLanguage\":\"pt-PT\"},{\"@type\":\"Organization\",\"@id\":\"https:\\\/\\\/15131.p.syniva.es\\\/pt-pt\\\/#organization\",\"name\":\"Revolution Padel Store\",\"url\":\"https:\\\/\\\/15131.p.syniva.es\\\/pt-pt\\\/\",\"logo\":{\"@type\":\"ImageObject\",\"inLanguage\":\"pt-PT\",\"@id\":\"https:\\\/\\\/15131.p.syniva.es\\\/pt-pt\\\/#\\\/schema\\\/logo\\\/image\\\/\",\"url\":\"https:\\\/\\\/15131.p.syniva.es\\\/wp-content\\\/uploads\\\/2026\\\/02\\\/revolution-padel-store.jpg\",\"contentUrl\":\"https:\\\/\\\/15131.p.syniva.es\\\/wp-content\\\/uploads\\\/2026\\\/02\\\/revolution-padel-store.jpg\",\"width\":2000,\"height\":2000,\"caption\":\"Revolution Padel Store\"},\"image\":{\"@id\":\"https:\\\/\\\/15131.p.syniva.es\\\/pt-pt\\\/#\\\/schema\\\/logo\\\/image\\\/\"},\"sameAs\":[\"https:\\\/\\\/www.instagram.com\\\/revolutionpadelstore\\\/\"]}]}<\/script>\n<!-- \/ Yoast SEO plugin. -->","yoast_head_json":{"title":"HEAD EXTREME PRO LTD \u2013 ARTURO COELLO - Revolution Padel Store","description":"Basada en el modelo Extreme Pro, con las mismas prestaciones y tecnolog\u00edas, la pala EXTREME PRO LTD ARTURO COELLO en su edici\u00f3n limitada luce un dise\u00f1o exclusivo elegido por Arturo Coello, lo que realza su est\u00e9tica elegante y exclusiva. Para una imagen y un look realmente pr\u00e9mium, el dise\u00f1o incluye la firma de Arturo. Esta pala en forma de diamante combina un dise\u00f1o \u00fanico con una potencia extrema, por lo que es perfecta para jugadores expertos y profesionales.","robots":{"index":"index","follow":"follow","max-snippet":"max-snippet:-1","max-image-preview":"max-image-preview:large","max-video-preview":"max-video-preview:-1"},"canonical":"https:\/\/15131.p.syniva.es\/pt-pt\/produto\/head-extreme-pro-ltd-arturo-coello\/","og_locale":"pt_PT","og_type":"article","og_title":"COMPRAR HEAD EXTREME PRO LTD - ARTURO COELLO","og_description":"Basada en el modelo Extreme Pro, con las mismas prestaciones y tecnolog\u00edas, la pala EXTREME PRO LTD ARTURO COELLO en su edici\u00f3n limitada luce un dise\u00f1o exclusivo elegido por Arturo Coello, lo que realza su est\u00e9tica elegante y exclusiva. Para una imagen y un look realmente pr\u00e9mium, el dise\u00f1o incluye la firma de Arturo. Esta pala en forma de diamante combina un dise\u00f1o \u00fanico con una potencia extrema, por lo que es perfecta para jugadores expertos y profesionales.","og_url":"https:\/\/15131.p.syniva.es\/pt-pt\/produto\/head-extreme-pro-ltd-arturo-coello\/","og_site_name":"Revolution Padel Store","article_modified_time":"2026-04-08T09:18:14+00:00","og_image":[{"width":768,"height":768,"url":"https:\/\/15131.p.syniva.es\/wp-content\/uploads\/2024\/06\/extreme-pro-ltd.jpg","type":"image\/jpeg"}],"twitter_card":"summary_large_image","twitter_misc":{"Tempo estimado de leitura":"3 minutos"},"schema":{"@context":"https:\/\/schema.org","@graph":[{"@type":"WebPage","@id":"https:\/\/15131.p.syniva.es\/pt-pt\/produto\/head-extreme-pro-ltd-arturo-coello\/","url":"https:\/\/15131.p.syniva.es\/pt-pt\/produto\/head-extreme-pro-ltd-arturo-coello\/","name":"HEAD EXTREME PRO LTD \u2013 ARTURO COELLO - Revolution Padel Store","isPartOf":{"@id":"https:\/\/15131.p.syniva.es\/pt-pt\/#website"},"primaryImageOfPage":{"@id":"https:\/\/15131.p.syniva.es\/pt-pt\/produto\/head-extreme-pro-ltd-arturo-coello\/#primaryimage"},"image":{"@id":"https:\/\/15131.p.syniva.es\/pt-pt\/produto\/head-extreme-pro-ltd-arturo-coello\/#primaryimage"},"thumbnailUrl":"https:\/\/15131.p.syniva.es\/wp-content\/uploads\/2024\/06\/extreme-pro-ltd.jpg","datePublished":"2024-06-17T22:00:24+00:00","dateModified":"2026-04-08T09:18:14+00:00","description":"Basada en el modelo Extreme Pro, con las mismas prestaciones y tecnolog\u00edas, la pala EXTREME PRO LTD ARTURO COELLO en su edici\u00f3n limitada luce un dise\u00f1o exclusivo elegido por Arturo Coello, lo que realza su est\u00e9tica elegante y exclusiva. Para una imagen y un look realmente pr\u00e9mium, el dise\u00f1o incluye la firma de Arturo. Esta pala en forma de diamante combina un dise\u00f1o \u00fanico con una potencia extrema, por lo que es perfecta para jugadores expertos y profesionales.","breadcrumb":{"@id":"https:\/\/15131.p.syniva.es\/pt-pt\/produto\/head-extreme-pro-ltd-arturo-coello\/#breadcrumb"},"inLanguage":"pt-PT","potentialAction":[{"@type":"ReadAction","target":["https:\/\/15131.p.syniva.es\/pt-pt\/produto\/head-extreme-pro-ltd-arturo-coello\/"]}]},{"@type":"ImageObject","inLanguage":"pt-PT","@id":"https:\/\/15131.p.syniva.es\/pt-pt\/produto\/head-extreme-pro-ltd-arturo-coello\/#primaryimage","url":"https:\/\/15131.p.syniva.es\/wp-content\/uploads\/2024\/06\/extreme-pro-ltd.jpg","contentUrl":"https:\/\/15131.p.syniva.es\/wp-content\/uploads\/2024\/06\/extreme-pro-ltd.jpg","width":768,"height":768},{"@type":"BreadcrumbList","@id":"https:\/\/15131.p.syniva.es\/pt-pt\/produto\/head-extreme-pro-ltd-arturo-coello\/#breadcrumb","itemListElement":[{"@type":"ListItem","position":1,"name":"Portada","item":"https:\/\/15131.p.syniva.es\/pt-pt\/"},{"@type":"ListItem","position":2,"name":"Tienda","item":"https:\/\/15131.p.syniva.es\/pt-pt\/tienda\/"},{"@type":"ListItem","position":3,"name":"HEAD EXTREME PRO LTD \u2013 ARTURO COELLO"}]},{"@type":"WebSite","@id":"https:\/\/15131.p.syniva.es\/pt-pt\/#website","url":"https:\/\/15131.p.syniva.es\/pt-pt\/","name":"Revolution Padel Store","description":"","publisher":{"@id":"https:\/\/15131.p.syniva.es\/pt-pt\/#organization"},"potentialAction":[{"@type":"SearchAction","target":{"@type":"EntryPoint","urlTemplate":"https:\/\/15131.p.syniva.es\/pt-pt\/?s={search_term_string}"},"query-input":{"@type":"PropertyValueSpecification","valueRequired":true,"valueName":"search_term_string"}}],"inLanguage":"pt-PT"},{"@type":"Organization","@id":"https:\/\/15131.p.syniva.es\/pt-pt\/#organization","name":"Revolution Padel Store","url":"https:\/\/15131.p.syniva.es\/pt-pt\/","logo":{"@type":"ImageObject","inLanguage":"pt-PT","@id":"https:\/\/15131.p.syniva.es\/pt-pt\/#\/schema\/logo\/image\/","url":"https:\/\/15131.p.syniva.es\/wp-content\/uploads\/2026\/02\/revolution-padel-store.jpg","contentUrl":"https:\/\/15131.p.syniva.es\/wp-content\/uploads\/2026\/02\/revolution-padel-store.jpg","width":2000,"height":2000,"caption":"Revolution Padel Store"},"image":{"@id":"https:\/\/15131.p.syniva.es\/pt-pt\/#\/schema\/logo\/image\/"},"sameAs":["https:\/\/www.instagram.com\/revolutionpadelstore\/"]}]}},"_links":{"self":[{"href":"https:\/\/15131.p.syniva.es\/pt-pt\/wp-json\/wp\/v2\/product\/11123","targetHints":{"allow":["GET"]}}],"collection":[{"href":"https:\/\/15131.p.syniva.es\/pt-pt\/wp-json\/wp\/v2\/product"}],"about":[{"href":"https:\/\/15131.p.syniva.es\/pt-pt\/wp-json\/wp\/v2\/types\/product"}],"replies":[{"embeddable":true,"href":"https:\/\/15131.p.syniva.es\/pt-pt\/wp-json\/wp\/v2\/comments?post=11123"}],"wp:featuredmedia":[{"embeddable":true,"href":"https:\/\/15131.p.syniva.es\/pt-pt\/wp-json\/wp\/v2\/media\/11124"}],"wp:attachment":[{"href":"https:\/\/15131.p.syniva.es\/pt-pt\/wp-json\/wp\/v2\/media?parent=11123"}],"wp:term":[{"taxonomy":"acabado","embeddable":true,"href":"https:\/\/15131.p.syniva.es\/pt-pt\/wp-json\/wp\/v2\/acabado?post=11123"},{"taxonomy":"balance","embeddable":true,"href":"https:\/\/15131.p.syniva.es\/pt-pt\/wp-json\/wp\/v2\/balance?post=11123"},{"taxonomy":"dureza","embeddable":true,"href":"https:\/\/15131.p.syniva.es\/pt-pt\/wp-json\/wp\/v2\/dureza?post=11123"},{"taxonomy":"forma","embeddable":true,"href":"https:\/\/15131.p.syniva.es\/pt-pt\/wp-json\/wp\/v2\/forma?post=11123"},{"taxonomy":"jugador","embeddable":true,"href":"https:\/\/15131.p.syniva.es\/pt-pt\/wp-json\/wp\/v2\/jugador?post=11123"},{"taxonomy":"marca","embeddable":true,"href":"https:\/\/15131.p.syniva.es\/pt-pt\/wp-json\/wp\/v2\/marca?post=11123"},{"taxonomy":"nivel-de-juego","embeddable":true,"href":"https:\/\/15131.p.syniva.es\/pt-pt\/wp-json\/wp\/v2\/nivel-de-juego?post=11123"},{"taxonomy":"superficie","embeddable":true,"href":"https:\/\/15131.p.syniva.es\/pt-pt\/wp-json\/wp\/v2\/superficie?post=11123"},{"taxonomy":"tipo-de-juego","embeddable":true,"href":"https:\/\/15131.p.syniva.es\/pt-pt\/wp-json\/wp\/v2\/tipo-de-juego?post=11123"},{"taxonomy":"product_brand","embeddable":true,"href":"https:\/\/15131.p.syniva.es\/pt-pt\/wp-json\/wp\/v2\/product_brand?post=11123"},{"taxonomy":"product_cat","embeddable":true,"href":"https:\/\/15131.p.syniva.es\/pt-pt\/wp-json\/wp\/v2\/product_cat?post=11123"},{"taxonomy":"product_tag","embeddable":true,"href":"https:\/\/15131.p.syniva.es\/pt-pt\/wp-json\/wp\/v2\/product_tag?post=11123"}],"curies":[{"name":"wp","href":"https:\/\/api.w.org\/{rel}","templated":true}]}}